{"id":4040,"date":"2019-05-01T09:33:41","date_gmt":"2019-05-01T09:33:41","guid":{"rendered":"https:\/\/openskycharity.international\/?post_type=product&#038;p=4040"},"modified":"2024-02-06T16:16:20","modified_gmt":"2024-02-06T16:16:20","slug":"dvd-maestros-europeos-esquemas-para-el-despertar","status":"publish","type":"product","link":"https:\/\/openskypress.com\/es\/product\/dvd-maestros-europeos-esquemas-para-el-despertar\/","title":{"rendered":"DVD Maestros Europeos"},"content":{"rendered":"<p><iframe src=\"https:\/\/player.vimeo.com\/video\/416005493\" width=\"820\" height=\"615\" frameborder=\"0\" allowfullscreen=\"allowfullscreen\"><\/iframe><\/p>\n\n    <div class=\"xs_social_share_widget xs_share_url after_content \t\tmain_content  wslu-style-1 wslu-share-box-shaped wslu-fill-colored wslu-none wslu-share-horizontal wslu-theme-font-no wslu-main_content\">\n\n\t\t\n        <ul>\n\t\t\t        <\/ul>\n    <\/div> \n","protected":false},"excerpt":{"rendered":"<p><a href=\"https:\/\/openskycharity.international\/es\/producto\/descargas-maestros-europeos-esquemas-para-el-despertar\/\"><strong>Tambi\u00e9n disponible como descarga. Haga click aqui<\/strong><\/a><\/p>\n<div align=\"justify\">\n<div align=\"justify\">14 Maestros Europeos compaginan su sabidur\u00eda sobre las ense\u00f1anzas tradicionales de la India, sobre todo las de Ramana Maharsi, con sus conocimientos de la psicolog\u00eda Occidental para ofrecer una recopilaci\u00f3n \u00fanica de temas de gran inter\u00e9s para el buscador Occidental.<\/div>\n<div align=\"left\">Subt\u00edtulos en Ingl\u00e9s, alem\u00e1n, franc\u00e9s, italiano, holand\u00e9s, dan\u00e9s, espa\u00f1ol, h\u00fangaro, ruso<\/div>\n<\/div>\n","protected":false},"featured_media":5039,"comment_status":"open","ping_status":"closed","template":"","meta":{"postBodyCss":"","postBodyMargin":[],"postBodyPadding":[],"postBodyBackground":{"backgroundType":"classic","gradient":""}},"product_brand":[],"product_cat":[592],"product_tag":[577,586,589,573,574],"class_list":{"0":"post-4040","1":"product","2":"type-product","3":"status-publish","4":"has-post-thumbnail","6":"product_cat-peliculas","7":"product_tag-espiritualidad-es","8":"product_tag-felicidad-es","9":"product_tag-filosofia-es","10":"product_tag-libertad-es","11":"product_tag-maestro-indio-es","13":"first","14":"instock","15":"downloadable","16":"virtual","17":"taxable","18":"purchasable","19":"product-type-simple"},"yoast_head":"<!-- This site is optimized with the Yoast SEO plugin v26.6 - https:\/\/yoast.com\/wordpress\/plugins\/seo\/ -->\n<title>DVD Maestros Europeos - Spiritual Books &amp; Films Online Shop #1 | Open Sky Press DE<\/title>\n<meta name=\"robots\" content=\"index, follow, max-snippet:-1, max-image-preview:large, max-video-preview:-1\" \/>\n<link rel=\"canonical\" href=\"https:\/\/openskypress.com\/es\/product\/dvd-maestros-europeos-esquemas-para-el-despertar\/\" \/>\n<meta property=\"og:locale\" content=\"es_ES\" \/>\n<meta property=\"og:type\" content=\"article\" \/>\n<meta property=\"og:title\" content=\"DVD Maestros Europeos - Spiritual Books &amp; Films Online Shop #1 | Open Sky Press DE\" \/>\n<meta property=\"og:description\" content=\"Tambi\u00e9n disponible como descarga. Haga click aqui  14 Maestros Europeos compaginan su sabidur\u00eda sobre las ense\u00f1anzas tradicionales de la India, sobre todo las de Ramana Maharsi, con sus conocimientos de la psicolog\u00eda Occidental para ofrecer una recopilaci\u00f3n \u00fanica de temas de gran inter\u00e9s para el buscador Occidental. Subt\u00edtulos en Ingl\u00e9s, alem\u00e1n, franc\u00e9s, italiano, holand\u00e9s, dan\u00e9s, espa\u00f1ol, h\u00fangaro, ruso\" \/>\n<meta property=\"og:url\" content=\"https:\/\/openskypress.com\/es\/product\/dvd-maestros-europeos-esquemas-para-el-despertar\/\" \/>\n<meta property=\"og:site_name\" content=\"Spiritual Books &amp; Films Online Shop #1 | Open Sky Press DE\" \/>\n<meta property=\"article:modified_time\" content=\"2024-02-06T16:16:20+00:00\" \/>\n<meta property=\"og:image\" content=\"https:\/\/openskypress.com\/wp-content\/uploads\/2019\/05\/film-maestros-espirituales-europeos.png\" \/>\n\t<meta property=\"og:image:width\" content=\"490\" \/>\n\t<meta property=\"og:image:height\" content=\"740\" \/>\n\t<meta property=\"og:image:type\" content=\"image\/png\" \/>\n<meta name=\"twitter:card\" content=\"summary_large_image\" \/>\n<script type=\"application\/ld+json\" class=\"yoast-schema-graph\">{\"@context\":\"https:\/\/schema.org\",\"@graph\":[{\"@type\":\"WebPage\",\"@id\":\"https:\/\/openskypress.com\/es\/product\/dvd-maestros-europeos-esquemas-para-el-despertar\/\",\"url\":\"https:\/\/openskypress.com\/es\/product\/dvd-maestros-europeos-esquemas-para-el-despertar\/\",\"name\":\"DVD Maestros Europeos - Spiritual Books &amp; Films Online Shop #1 | Open Sky Press DE\",\"isPartOf\":{\"@id\":\"https:\/\/openskypress.com\/#website\"},\"primaryImageOfPage\":{\"@id\":\"https:\/\/openskypress.com\/es\/product\/dvd-maestros-europeos-esquemas-para-el-despertar\/#primaryimage\"},\"image\":{\"@id\":\"https:\/\/openskypress.com\/es\/product\/dvd-maestros-europeos-esquemas-para-el-despertar\/#primaryimage\"},\"thumbnailUrl\":\"https:\/\/openskypress.com\/wp-content\/uploads\/2019\/05\/film-maestros-espirituales-europeos.png\",\"datePublished\":\"2019-05-01T09:33:41+00:00\",\"dateModified\":\"2024-02-06T16:16:20+00:00\",\"breadcrumb\":{\"@id\":\"https:\/\/openskypress.com\/es\/product\/dvd-maestros-europeos-esquemas-para-el-despertar\/#breadcrumb\"},\"inLanguage\":\"es\",\"potentialAction\":[{\"@type\":\"ReadAction\",\"target\":[\"https:\/\/openskypress.com\/es\/product\/dvd-maestros-europeos-esquemas-para-el-despertar\/\"]}]},{\"@type\":\"ImageObject\",\"inLanguage\":\"es\",\"@id\":\"https:\/\/openskypress.com\/es\/product\/dvd-maestros-europeos-esquemas-para-el-despertar\/#primaryimage\",\"url\":\"https:\/\/openskypress.com\/wp-content\/uploads\/2019\/05\/film-maestros-espirituales-europeos.png\",\"contentUrl\":\"https:\/\/openskypress.com\/wp-content\/uploads\/2019\/05\/film-maestros-espirituales-europeos.png\",\"width\":490,\"height\":740,\"caption\":\"maestros espirituales europeos, john david\"},{\"@type\":\"BreadcrumbList\",\"@id\":\"https:\/\/openskypress.com\/es\/product\/dvd-maestros-europeos-esquemas-para-el-despertar\/#breadcrumb\",\"itemListElement\":[{\"@type\":\"ListItem\",\"position\":1,\"name\":\"Home\",\"item\":\"https:\/\/openskypress.com\/es\/\"},{\"@type\":\"ListItem\",\"position\":2,\"name\":\"Tienda\",\"item\":\"https:\/\/openskypress.com\/es\/tienda\/\"},{\"@type\":\"ListItem\",\"position\":3,\"name\":\"DVD Maestros Europeos\"}]},{\"@type\":\"WebSite\",\"@id\":\"https:\/\/openskypress.com\/#website\",\"url\":\"https:\/\/openskypress.com\/\",\"name\":\"Spiritual Books & Films Online Shop #1 | Open Sky Press\",\"description\":\"Best store of Books &amp; DVDs about Satsang, Indian &amp; Western philosophy &amp; yoga. Spiritual teachers talks about awakening, enlightenment and mindfulness\",\"publisher\":{\"@id\":\"https:\/\/openskypress.com\/#organization\"},\"potentialAction\":[{\"@type\":\"SearchAction\",\"target\":{\"@type\":\"EntryPoint\",\"urlTemplate\":\"https:\/\/openskypress.com\/?s={search_term_string}\"},\"query-input\":{\"@type\":\"PropertyValueSpecification\",\"valueRequired\":true,\"valueName\":\"search_term_string\"}}],\"inLanguage\":\"es\"},{\"@type\":\"Organization\",\"@id\":\"https:\/\/openskypress.com\/#organization\",\"name\":\"Spiritual Books & Films Online Shop #1 | Open Sky Press\",\"url\":\"https:\/\/openskypress.com\/\",\"logo\":{\"@type\":\"ImageObject\",\"inLanguage\":\"es\",\"@id\":\"https:\/\/openskypress.com\/#\/schema\/logo\/image\/\",\"url\":\"https:\/\/openskypress.com\/wp-content\/uploads\/2020\/02\/logo-osp-1.png\",\"contentUrl\":\"https:\/\/openskypress.com\/wp-content\/uploads\/2020\/02\/logo-osp-1.png\",\"width\":222,\"height\":219,\"caption\":\"Spiritual Books & Films Online Shop #1 | Open Sky Press\"},\"image\":{\"@id\":\"https:\/\/openskypress.com\/#\/schema\/logo\/image\/\"}}]}<\/script>\n<!-- \/ Yoast SEO plugin. -->","yoast_head_json":{"title":"DVD Maestros Europeos - Spiritual Books &amp; Films Online Shop #1 | Open Sky Press DE","robots":{"index":"index","follow":"follow","max-snippet":"max-snippet:-1","max-image-preview":"max-image-preview:large","max-video-preview":"max-video-preview:-1"},"canonical":"https:\/\/openskypress.com\/es\/product\/dvd-maestros-europeos-esquemas-para-el-despertar\/","og_locale":"es_ES","og_type":"article","og_title":"DVD Maestros Europeos - Spiritual Books &amp; Films Online Shop #1 | Open Sky Press DE","og_description":"Tambi\u00e9n disponible como descarga. Haga click aqui  14 Maestros Europeos compaginan su sabidur\u00eda sobre las ense\u00f1anzas tradicionales de la India, sobre todo las de Ramana Maharsi, con sus conocimientos de la psicolog\u00eda Occidental para ofrecer una recopilaci\u00f3n \u00fanica de temas de gran inter\u00e9s para el buscador Occidental. Subt\u00edtulos en Ingl\u00e9s, alem\u00e1n, franc\u00e9s, italiano, holand\u00e9s, dan\u00e9s, espa\u00f1ol, h\u00fangaro, ruso","og_url":"https:\/\/openskypress.com\/es\/product\/dvd-maestros-europeos-esquemas-para-el-despertar\/","og_site_name":"Spiritual Books &amp; Films Online Shop #1 | Open Sky Press DE","article_modified_time":"2024-02-06T16:16:20+00:00","og_image":[{"width":490,"height":740,"url":"https:\/\/openskypress.com\/wp-content\/uploads\/2019\/05\/film-maestros-espirituales-europeos.png","type":"image\/png"}],"twitter_card":"summary_large_image","schema":{"@context":"https:\/\/schema.org","@graph":[{"@type":"WebPage","@id":"https:\/\/openskypress.com\/es\/product\/dvd-maestros-europeos-esquemas-para-el-despertar\/","url":"https:\/\/openskypress.com\/es\/product\/dvd-maestros-europeos-esquemas-para-el-despertar\/","name":"DVD Maestros Europeos - Spiritual Books &amp; Films Online Shop #1 | Open Sky Press DE","isPartOf":{"@id":"https:\/\/openskypress.com\/#website"},"primaryImageOfPage":{"@id":"https:\/\/openskypress.com\/es\/product\/dvd-maestros-europeos-esquemas-para-el-despertar\/#primaryimage"},"image":{"@id":"https:\/\/openskypress.com\/es\/product\/dvd-maestros-europeos-esquemas-para-el-despertar\/#primaryimage"},"thumbnailUrl":"https:\/\/openskypress.com\/wp-content\/uploads\/2019\/05\/film-maestros-espirituales-europeos.png","datePublished":"2019-05-01T09:33:41+00:00","dateModified":"2024-02-06T16:16:20+00:00","breadcrumb":{"@id":"https:\/\/openskypress.com\/es\/product\/dvd-maestros-europeos-esquemas-para-el-despertar\/#breadcrumb"},"inLanguage":"es","potentialAction":[{"@type":"ReadAction","target":["https:\/\/openskypress.com\/es\/product\/dvd-maestros-europeos-esquemas-para-el-despertar\/"]}]},{"@type":"ImageObject","inLanguage":"es","@id":"https:\/\/openskypress.com\/es\/product\/dvd-maestros-europeos-esquemas-para-el-despertar\/#primaryimage","url":"https:\/\/openskypress.com\/wp-content\/uploads\/2019\/05\/film-maestros-espirituales-europeos.png","contentUrl":"https:\/\/openskypress.com\/wp-content\/uploads\/2019\/05\/film-maestros-espirituales-europeos.png","width":490,"height":740,"caption":"maestros espirituales europeos, john david"},{"@type":"BreadcrumbList","@id":"https:\/\/openskypress.com\/es\/product\/dvd-maestros-europeos-esquemas-para-el-despertar\/#breadcrumb","itemListElement":[{"@type":"ListItem","position":1,"name":"Home","item":"https:\/\/openskypress.com\/es\/"},{"@type":"ListItem","position":2,"name":"Tienda","item":"https:\/\/openskypress.com\/es\/tienda\/"},{"@type":"ListItem","position":3,"name":"DVD Maestros Europeos"}]},{"@type":"WebSite","@id":"https:\/\/openskypress.com\/#website","url":"https:\/\/openskypress.com\/","name":"Spiritual Books & Films Online Shop #1 | Open Sky Press","description":"Best store of Books &amp; DVDs about Satsang, Indian &amp; Western philosophy &amp; yoga. Spiritual teachers talks about awakening, enlightenment and mindfulness","publisher":{"@id":"https:\/\/openskypress.com\/#organization"},"potentialAction":[{"@type":"SearchAction","target":{"@type":"EntryPoint","urlTemplate":"https:\/\/openskypress.com\/?s={search_term_string}"},"query-input":{"@type":"PropertyValueSpecification","valueRequired":true,"valueName":"search_term_string"}}],"inLanguage":"es"},{"@type":"Organization","@id":"https:\/\/openskypress.com\/#organization","name":"Spiritual Books & Films Online Shop #1 | Open Sky Press","url":"https:\/\/openskypress.com\/","logo":{"@type":"ImageObject","inLanguage":"es","@id":"https:\/\/openskypress.com\/#\/schema\/logo\/image\/","url":"https:\/\/openskypress.com\/wp-content\/uploads\/2020\/02\/logo-osp-1.png","contentUrl":"https:\/\/openskypress.com\/wp-content\/uploads\/2020\/02\/logo-osp-1.png","width":222,"height":219,"caption":"Spiritual Books & Films Online Shop #1 | Open Sky Press"},"image":{"@id":"https:\/\/openskypress.com\/#\/schema\/logo\/image\/"}}]}},"_links":{"self":[{"href":"https:\/\/openskypress.com\/es\/wp-json\/wp\/v2\/product\/4040","targetHints":{"allow":["GET"]}}],"collection":[{"href":"https:\/\/openskypress.com\/es\/wp-json\/wp\/v2\/product"}],"about":[{"href":"https:\/\/openskypress.com\/es\/wp-json\/wp\/v2\/types\/product"}],"replies":[{"embeddable":true,"href":"https:\/\/openskypress.com\/es\/wp-json\/wp\/v2\/comments?post=4040"}],"wp:featuredmedia":[{"embeddable":true,"href":"https:\/\/openskypress.com\/es\/wp-json\/wp\/v2\/media\/5039"}],"wp:attachment":[{"href":"https:\/\/openskypress.com\/es\/wp-json\/wp\/v2\/media?parent=4040"}],"wp:term":[{"taxonomy":"product_brand","embeddable":true,"href":"https:\/\/openskypress.com\/es\/wp-json\/wp\/v2\/product_brand?post=4040"},{"taxonomy":"product_cat","embeddable":true,"href":"https:\/\/openskypress.com\/es\/wp-json\/wp\/v2\/product_cat?post=4040"},{"taxonomy":"product_tag","embeddable":true,"href":"https:\/\/openskypress.com\/es\/wp-json\/wp\/v2\/product_tag?post=4040"}],"curies":[{"name":"wp","href":"https:\/\/api.w.org\/{rel}","templated":true}]}}