{"id":4033,"date":"2019-05-01T09:22:53","date_gmt":"2019-05-01T09:22:53","guid":{"rendered":"https:\/\/openskycharity.international\/?post_type=product&#038;p=4033"},"modified":"2024-02-06T16:16:38","modified_gmt":"2024-02-06T16:16:38","slug":"dvd-satori-metamorfosis-de-un-despertar","status":"publish","type":"product","link":"https:\/\/openskypress.com\/es\/product\/dvd-satori-metamorfosis-de-un-despertar\/","title":{"rendered":"DVD Satori Metamorfosis de un Despertar"},"content":{"rendered":"<p><iframe src=\"https:\/\/player.vimeo.com\/video\/416006825\" width=\"820\" height=\"615\" frameborder=\"0\" allowfullscreen=\"allowfullscreen\"><\/iframe><\/p>\n\n    <div class=\"xs_social_share_widget xs_share_url after_content \t\tmain_content  wslu-style-1 wslu-share-box-shaped wslu-fill-colored wslu-none wslu-share-horizontal wslu-theme-font-no wslu-main_content\">\n\n\t\t\n        <ul>\n\t\t\t        <\/ul>\n    <\/div> \n","protected":false},"excerpt":{"rendered":"<p><a href=\"https:\/\/openskycharity.international\/es\/producto\/descargas-satori-metamorfosis-de-un-despertar\/\"><strong>Tambi\u00e9n disponible como descarga. Haga click aqui<\/strong><\/a><\/p>\n<p>Con esta pel\u00edcula queremos llamar la atenci\u00f3n sobre este fen\u00f3meno aparentemente en aumento por el cual una persona, de repente y sin motivo, experimenta un despertar espiritual. Laksmi, viviendo en una comunidad en torno al maestro espiritual John David, experiment\u00f3 este poderoso fen\u00f3meno energ\u00e9tico mientras escrib\u00eda un correo en la oficina de la comunidad.<\/p>\n<p>Idioma: Ingl\u00e9s hablado. Subt\u00edtulos en Espa\u00f1ol<\/p>\n","protected":false},"featured_media":5055,"comment_status":"open","ping_status":"closed","template":"","meta":{"postBodyCss":"","postBodyMargin":[],"postBodyPadding":[],"postBodyBackground":{"backgroundType":"classic","gradient":""}},"product_brand":[],"product_cat":[592],"product_tag":[584,573],"class_list":{"0":"post-4033","1":"product","2":"type-product","3":"status-publish","4":"has-post-thumbnail","6":"product_cat-peliculas","7":"product_tag-comunidad-es","8":"product_tag-libertad-es","10":"first","11":"instock","12":"taxable","13":"shipping-taxable","14":"purchasable","15":"product-type-simple"},"yoast_head":"<!-- This site is optimized with the Yoast SEO plugin v26.6 - https:\/\/yoast.com\/wordpress\/plugins\/seo\/ -->\n<title>DVD Satori Metamorfosis de un Despertar - Spiritual Books &amp; Films Online Shop #1 | Open Sky Press DE<\/title>\n<meta name=\"robots\" content=\"index, follow, max-snippet:-1, max-image-preview:large, max-video-preview:-1\" \/>\n<link rel=\"canonical\" href=\"https:\/\/openskypress.com\/es\/product\/dvd-satori-metamorfosis-de-un-despertar\/\" \/>\n<meta property=\"og:locale\" content=\"es_ES\" \/>\n<meta property=\"og:type\" content=\"article\" \/>\n<meta property=\"og:title\" content=\"DVD Satori Metamorfosis de un Despertar - Spiritual Books &amp; Films Online Shop #1 | Open Sky Press DE\" \/>\n<meta property=\"og:description\" content=\"Tambi\u00e9n disponible como descarga. Haga click aqui  Con esta pel\u00edcula queremos llamar la atenci\u00f3n sobre este fen\u00f3meno aparentemente en aumento por el cual una persona, de repente y sin motivo, experimenta un despertar espiritual. Laksmi, viviendo en una comunidad en torno al maestro espiritual John David, experiment\u00f3 este poderoso fen\u00f3meno energ\u00e9tico mientras escrib\u00eda un correo en la oficina de la comunidad.  Idioma: Ingl\u00e9s hablado. Subt\u00edtulos en Espa\u00f1ol\" \/>\n<meta property=\"og:url\" content=\"https:\/\/openskypress.com\/es\/product\/dvd-satori-metamorfosis-de-un-despertar\/\" \/>\n<meta property=\"og:site_name\" content=\"Spiritual Books &amp; Films Online Shop #1 | Open Sky Press DE\" \/>\n<meta property=\"article:modified_time\" content=\"2024-02-06T16:16:38+00:00\" \/>\n<meta property=\"og:image\" content=\"https:\/\/openskypress.com\/wp-content\/uploads\/2019\/05\/film-satori-spanish.png\" \/>\n\t<meta property=\"og:image:width\" content=\"490\" \/>\n\t<meta property=\"og:image:height\" content=\"740\" \/>\n\t<meta property=\"og:image:type\" content=\"image\/png\" \/>\n<meta name=\"twitter:card\" content=\"summary_large_image\" \/>\n<script type=\"application\/ld+json\" class=\"yoast-schema-graph\">{\"@context\":\"https:\/\/schema.org\",\"@graph\":[{\"@type\":\"WebPage\",\"@id\":\"https:\/\/openskypress.com\/es\/product\/dvd-satori-metamorfosis-de-un-despertar\/\",\"url\":\"https:\/\/openskypress.com\/es\/product\/dvd-satori-metamorfosis-de-un-despertar\/\",\"name\":\"DVD Satori Metamorfosis de un Despertar - Spiritual Books &amp; Films Online Shop #1 | Open Sky Press DE\",\"isPartOf\":{\"@id\":\"https:\/\/openskypress.com\/#website\"},\"primaryImageOfPage\":{\"@id\":\"https:\/\/openskypress.com\/es\/product\/dvd-satori-metamorfosis-de-un-despertar\/#primaryimage\"},\"image\":{\"@id\":\"https:\/\/openskypress.com\/es\/product\/dvd-satori-metamorfosis-de-un-despertar\/#primaryimage\"},\"thumbnailUrl\":\"https:\/\/openskypress.com\/wp-content\/uploads\/2019\/05\/film-satori-spanish.png\",\"datePublished\":\"2019-05-01T09:22:53+00:00\",\"dateModified\":\"2024-02-06T16:16:38+00:00\",\"breadcrumb\":{\"@id\":\"https:\/\/openskypress.com\/es\/product\/dvd-satori-metamorfosis-de-un-despertar\/#breadcrumb\"},\"inLanguage\":\"es\",\"potentialAction\":[{\"@type\":\"ReadAction\",\"target\":[\"https:\/\/openskypress.com\/es\/product\/dvd-satori-metamorfosis-de-un-despertar\/\"]}]},{\"@type\":\"ImageObject\",\"inLanguage\":\"es\",\"@id\":\"https:\/\/openskypress.com\/es\/product\/dvd-satori-metamorfosis-de-un-despertar\/#primaryimage\",\"url\":\"https:\/\/openskypress.com\/wp-content\/uploads\/2019\/05\/film-satori-spanish.png\",\"contentUrl\":\"https:\/\/openskypress.com\/wp-content\/uploads\/2019\/05\/film-satori-spanish.png\",\"width\":490,\"height\":740,\"caption\":\"satori, john david\"},{\"@type\":\"BreadcrumbList\",\"@id\":\"https:\/\/openskypress.com\/es\/product\/dvd-satori-metamorfosis-de-un-despertar\/#breadcrumb\",\"itemListElement\":[{\"@type\":\"ListItem\",\"position\":1,\"name\":\"Home\",\"item\":\"https:\/\/openskypress.com\/es\/\"},{\"@type\":\"ListItem\",\"position\":2,\"name\":\"Tienda\",\"item\":\"https:\/\/openskypress.com\/es\/tienda\/\"},{\"@type\":\"ListItem\",\"position\":3,\"name\":\"DVD Satori Metamorfosis de un Despertar\"}]},{\"@type\":\"WebSite\",\"@id\":\"https:\/\/openskypress.com\/#website\",\"url\":\"https:\/\/openskypress.com\/\",\"name\":\"Spiritual Books & Films Online Shop #1 | Open Sky Press\",\"description\":\"Best store of Books &amp; DVDs about Satsang, Indian &amp; Western philosophy &amp; yoga. Spiritual teachers talks about awakening, enlightenment and mindfulness\",\"publisher\":{\"@id\":\"https:\/\/openskypress.com\/#organization\"},\"potentialAction\":[{\"@type\":\"SearchAction\",\"target\":{\"@type\":\"EntryPoint\",\"urlTemplate\":\"https:\/\/openskypress.com\/?s={search_term_string}\"},\"query-input\":{\"@type\":\"PropertyValueSpecification\",\"valueRequired\":true,\"valueName\":\"search_term_string\"}}],\"inLanguage\":\"es\"},{\"@type\":\"Organization\",\"@id\":\"https:\/\/openskypress.com\/#organization\",\"name\":\"Spiritual Books & Films Online Shop #1 | Open Sky Press\",\"url\":\"https:\/\/openskypress.com\/\",\"logo\":{\"@type\":\"ImageObject\",\"inLanguage\":\"es\",\"@id\":\"https:\/\/openskypress.com\/#\/schema\/logo\/image\/\",\"url\":\"https:\/\/openskypress.com\/wp-content\/uploads\/2020\/02\/logo-osp-1.png\",\"contentUrl\":\"https:\/\/openskypress.com\/wp-content\/uploads\/2020\/02\/logo-osp-1.png\",\"width\":222,\"height\":219,\"caption\":\"Spiritual Books & Films Online Shop #1 | Open Sky Press\"},\"image\":{\"@id\":\"https:\/\/openskypress.com\/#\/schema\/logo\/image\/\"}}]}<\/script>\n<!-- \/ Yoast SEO plugin. -->","yoast_head_json":{"title":"DVD Satori Metamorfosis de un Despertar - Spiritual Books &amp; Films Online Shop #1 | Open Sky Press DE","robots":{"index":"index","follow":"follow","max-snippet":"max-snippet:-1","max-image-preview":"max-image-preview:large","max-video-preview":"max-video-preview:-1"},"canonical":"https:\/\/openskypress.com\/es\/product\/dvd-satori-metamorfosis-de-un-despertar\/","og_locale":"es_ES","og_type":"article","og_title":"DVD Satori Metamorfosis de un Despertar - Spiritual Books &amp; Films Online Shop #1 | Open Sky Press DE","og_description":"Tambi\u00e9n disponible como descarga. Haga click aqui  Con esta pel\u00edcula queremos llamar la atenci\u00f3n sobre este fen\u00f3meno aparentemente en aumento por el cual una persona, de repente y sin motivo, experimenta un despertar espiritual. Laksmi, viviendo en una comunidad en torno al maestro espiritual John David, experiment\u00f3 este poderoso fen\u00f3meno energ\u00e9tico mientras escrib\u00eda un correo en la oficina de la comunidad.  Idioma: Ingl\u00e9s hablado. Subt\u00edtulos en Espa\u00f1ol","og_url":"https:\/\/openskypress.com\/es\/product\/dvd-satori-metamorfosis-de-un-despertar\/","og_site_name":"Spiritual Books &amp; Films Online Shop #1 | Open Sky Press DE","article_modified_time":"2024-02-06T16:16:38+00:00","og_image":[{"width":490,"height":740,"url":"https:\/\/openskypress.com\/wp-content\/uploads\/2019\/05\/film-satori-spanish.png","type":"image\/png"}],"twitter_card":"summary_large_image","schema":{"@context":"https:\/\/schema.org","@graph":[{"@type":"WebPage","@id":"https:\/\/openskypress.com\/es\/product\/dvd-satori-metamorfosis-de-un-despertar\/","url":"https:\/\/openskypress.com\/es\/product\/dvd-satori-metamorfosis-de-un-despertar\/","name":"DVD Satori Metamorfosis de un Despertar - Spiritual Books &amp; Films Online Shop #1 | Open Sky Press DE","isPartOf":{"@id":"https:\/\/openskypress.com\/#website"},"primaryImageOfPage":{"@id":"https:\/\/openskypress.com\/es\/product\/dvd-satori-metamorfosis-de-un-despertar\/#primaryimage"},"image":{"@id":"https:\/\/openskypress.com\/es\/product\/dvd-satori-metamorfosis-de-un-despertar\/#primaryimage"},"thumbnailUrl":"https:\/\/openskypress.com\/wp-content\/uploads\/2019\/05\/film-satori-spanish.png","datePublished":"2019-05-01T09:22:53+00:00","dateModified":"2024-02-06T16:16:38+00:00","breadcrumb":{"@id":"https:\/\/openskypress.com\/es\/product\/dvd-satori-metamorfosis-de-un-despertar\/#breadcrumb"},"inLanguage":"es","potentialAction":[{"@type":"ReadAction","target":["https:\/\/openskypress.com\/es\/product\/dvd-satori-metamorfosis-de-un-despertar\/"]}]},{"@type":"ImageObject","inLanguage":"es","@id":"https:\/\/openskypress.com\/es\/product\/dvd-satori-metamorfosis-de-un-despertar\/#primaryimage","url":"https:\/\/openskypress.com\/wp-content\/uploads\/2019\/05\/film-satori-spanish.png","contentUrl":"https:\/\/openskypress.com\/wp-content\/uploads\/2019\/05\/film-satori-spanish.png","width":490,"height":740,"caption":"satori, john david"},{"@type":"BreadcrumbList","@id":"https:\/\/openskypress.com\/es\/product\/dvd-satori-metamorfosis-de-un-despertar\/#breadcrumb","itemListElement":[{"@type":"ListItem","position":1,"name":"Home","item":"https:\/\/openskypress.com\/es\/"},{"@type":"ListItem","position":2,"name":"Tienda","item":"https:\/\/openskypress.com\/es\/tienda\/"},{"@type":"ListItem","position":3,"name":"DVD Satori Metamorfosis de un Despertar"}]},{"@type":"WebSite","@id":"https:\/\/openskypress.com\/#website","url":"https:\/\/openskypress.com\/","name":"Spiritual Books & Films Online Shop #1 | Open Sky Press","description":"Best store of Books &amp; DVDs about Satsang, Indian &amp; Western philosophy &amp; yoga. Spiritual teachers talks about awakening, enlightenment and mindfulness","publisher":{"@id":"https:\/\/openskypress.com\/#organization"},"potentialAction":[{"@type":"SearchAction","target":{"@type":"EntryPoint","urlTemplate":"https:\/\/openskypress.com\/?s={search_term_string}"},"query-input":{"@type":"PropertyValueSpecification","valueRequired":true,"valueName":"search_term_string"}}],"inLanguage":"es"},{"@type":"Organization","@id":"https:\/\/openskypress.com\/#organization","name":"Spiritual Books & Films Online Shop #1 | Open Sky Press","url":"https:\/\/openskypress.com\/","logo":{"@type":"ImageObject","inLanguage":"es","@id":"https:\/\/openskypress.com\/#\/schema\/logo\/image\/","url":"https:\/\/openskypress.com\/wp-content\/uploads\/2020\/02\/logo-osp-1.png","contentUrl":"https:\/\/openskypress.com\/wp-content\/uploads\/2020\/02\/logo-osp-1.png","width":222,"height":219,"caption":"Spiritual Books & Films Online Shop #1 | Open Sky Press"},"image":{"@id":"https:\/\/openskypress.com\/#\/schema\/logo\/image\/"}}]}},"_links":{"self":[{"href":"https:\/\/openskypress.com\/es\/wp-json\/wp\/v2\/product\/4033","targetHints":{"allow":["GET"]}}],"collection":[{"href":"https:\/\/openskypress.com\/es\/wp-json\/wp\/v2\/product"}],"about":[{"href":"https:\/\/openskypress.com\/es\/wp-json\/wp\/v2\/types\/product"}],"replies":[{"embeddable":true,"href":"https:\/\/openskypress.com\/es\/wp-json\/wp\/v2\/comments?post=4033"}],"wp:featuredmedia":[{"embeddable":true,"href":"https:\/\/openskypress.com\/es\/wp-json\/wp\/v2\/media\/5055"}],"wp:attachment":[{"href":"https:\/\/openskypress.com\/es\/wp-json\/wp\/v2\/media?parent=4033"}],"wp:term":[{"taxonomy":"product_brand","embeddable":true,"href":"https:\/\/openskypress.com\/es\/wp-json\/wp\/v2\/product_brand?post=4033"},{"taxonomy":"product_cat","embeddable":true,"href":"https:\/\/openskypress.com\/es\/wp-json\/wp\/v2\/product_cat?post=4033"},{"taxonomy":"product_tag","embeddable":true,"href":"https:\/\/openskypress.com\/es\/wp-json\/wp\/v2\/product_tag?post=4033"}],"curies":[{"name":"wp","href":"https:\/\/api.w.org\/{rel}","templated":true}]}}