{"id":4030,"date":"2019-05-01T09:05:48","date_gmt":"2019-05-01T09:05:48","guid":{"rendered":"https:\/\/openskycharity.international\/?post_type=product&#038;p=4030"},"modified":"2024-02-06T16:16:52","modified_gmt":"2024-02-06T16:16:52","slug":"asi-hablo-papaji-prosa-y-poesia-de-un-vacio-danzante","status":"publish","type":"product","link":"https:\/\/openskypress.com\/es\/product\/asi-hablo-papaji-prosa-y-poesia-de-un-vacio-danzante\/","title":{"rendered":"As\u00ed Habl\u00f3 Papaji"},"content":{"rendered":"<p><a href=\"https:\/\/openskycharity.international\/es\/producto\/ebook-asi-hablo-papaji-prosa-y-poesia-de-un-vacio-danzante\/\"><i><u><b>E-Book tambi\u00e9n disponible. Haga clic aqu\u00ed<\/b><\/u><\/i><\/a><\/p>\n<p>&nbsp;<\/p>\n<p>Prosa y Poes\u00eda de un Vac\u00edo Danzante es una colecci\u00f3n de prosa y poes\u00eda de Sri H.W. L. Poonja (Papaji) recogida durante reuniones con sus estudiantes en Lucknow. Los discursos fluyen de su impecable experiencia de la Verdad m\u00e1s elevada y, sin embargo, m\u00e1s simple: que somos Conciencia pura, la totalidad de la Existencia.<\/p>\n<p>Papaji naci\u00f3 en 1910 en Punjab. Su vida familiar y su infancia fueron intensamente devocionales. En 1944, su anhelo se cumpli\u00f3 cuando conoci\u00f3 a su maestro, Sri Bhagavan Ramana Maharshi. Realiz\u00f3 el Ser en su presencia, a la sombra de la monta\u00f1a sagrada de Arunachala.<\/p>\n<p>Papaji se estableci\u00f3 en Lucknow, en el norte de la India, solo despu\u00e9s de que sus problemas de salud le impidieran viajar. Fue en esta calurosa y polvorienta ciudad donde cientos de devotos occidentales tuvieron la fortuna de sentarse con \u00e9l desde 1990 hasta 1997, cuando dej\u00f3 su cuerpo.<\/p>\n\n    <div class=\"xs_social_share_widget xs_share_url after_content \t\tmain_content  wslu-style-1 wslu-share-box-shaped wslu-fill-colored wslu-none wslu-share-horizontal wslu-theme-font-no wslu-main_content\">\n\n\t\t\n        <ul>\n\t\t\t        <\/ul>\n    <\/div> \n","protected":false},"excerpt":{"rendered":"<p><a href=\"https:\/\/openskycharity.international\/es\/producto\/ebook-asi-hablo-papaji-prosa-y-poesia-de-un-vacio-danzante\/\"><i><u><b>E-Book tambi\u00e9n disponible. Haga clic aqu\u00ed<\/b><\/u><\/i><\/a><\/p>\n<p>&nbsp;<\/p>\n<p>Prosa y Poes\u00eda de un Vac\u00edo Danzante es una colecci\u00f3n de prosa y poes\u00eda de Sri H.W. L. Poonja (Papaji) recogida durante reuniones con sus estudiantes en Lucknow. Los discursos fluyen de su impecable experiencia de la Verdad m\u00e1s elevada y, sin embargo, m\u00e1s simple: que somos Conciencia pura, la totalidad de la Existencia.<\/p>\n","protected":false},"featured_media":3885,"comment_status":"open","ping_status":"closed","template":"","meta":{"postBodyCss":"","postBodyMargin":[],"postBodyPadding":[],"postBodyBackground":{"backgroundType":"classic","gradient":""}},"product_brand":[],"product_cat":[569],"product_tag":[],"class_list":{"0":"post-4030","1":"product","2":"type-product","3":"status-publish","4":"has-post-thumbnail","6":"product_cat-libros-es","8":"first","9":"instock","10":"taxable","11":"shipping-taxable","12":"purchasable","13":"product-type-simple"},"yoast_head":"<!-- This site is optimized with the Yoast SEO plugin v26.6 - https:\/\/yoast.com\/wordpress\/plugins\/seo\/ -->\n<title>As\u00ed Habl\u00f3 Papaji - Spiritual Books &amp; Films Online Shop #1 | Open Sky Press DE<\/title>\n<meta name=\"robots\" content=\"index, follow, max-snippet:-1, max-image-preview:large, max-video-preview:-1\" \/>\n<link rel=\"canonical\" href=\"https:\/\/openskypress.com\/es\/product\/asi-hablo-papaji-prosa-y-poesia-de-un-vacio-danzante\/\" \/>\n<meta property=\"og:locale\" content=\"es_ES\" \/>\n<meta property=\"og:type\" content=\"article\" \/>\n<meta property=\"og:title\" content=\"As\u00ed Habl\u00f3 Papaji - Spiritual Books &amp; Films Online Shop #1 | Open Sky Press DE\" \/>\n<meta property=\"og:description\" content=\"E-Book tambi\u00e9n disponible. Haga clic aqu\u00ed  &nbsp;  Prosa y Poes\u00eda de un Vac\u00edo Danzante es una colecci\u00f3n de prosa y poes\u00eda de Sri H.W. L. Poonja (Papaji) recogida durante reuniones con sus estudiantes en Lucknow. Los discursos fluyen de su impecable experiencia de la Verdad m\u00e1s elevada y, sin embargo, m\u00e1s simple: que somos Conciencia pura, la totalidad de la Existencia.\" \/>\n<meta property=\"og:url\" content=\"https:\/\/openskypress.com\/es\/product\/asi-hablo-papaji-prosa-y-poesia-de-un-vacio-danzante\/\" \/>\n<meta property=\"og:site_name\" content=\"Spiritual Books &amp; Films Online Shop #1 | Open Sky Press DE\" \/>\n<meta property=\"article:modified_time\" content=\"2024-02-06T16:16:52+00:00\" \/>\n<meta property=\"og:image\" content=\"https:\/\/openskypress.com\/wp-content\/uploads\/2019\/04\/asi-hablo-papaji.jpg\" \/>\n\t<meta property=\"og:image:width\" content=\"490\" \/>\n\t<meta property=\"og:image:height\" content=\"740\" \/>\n\t<meta property=\"og:image:type\" content=\"image\/jpeg\" \/>\n<meta name=\"twitter:card\" content=\"summary_large_image\" \/>\n<meta name=\"twitter:label1\" content=\"Tiempo de lectura\" \/>\n\t<meta name=\"twitter:data1\" content=\"1 minuto\" \/>\n<script type=\"application\/ld+json\" class=\"yoast-schema-graph\">{\"@context\":\"https:\/\/schema.org\",\"@graph\":[{\"@type\":\"WebPage\",\"@id\":\"https:\/\/openskypress.com\/es\/product\/asi-hablo-papaji-prosa-y-poesia-de-un-vacio-danzante\/\",\"url\":\"https:\/\/openskypress.com\/es\/product\/asi-hablo-papaji-prosa-y-poesia-de-un-vacio-danzante\/\",\"name\":\"As\u00ed Habl\u00f3 Papaji - Spiritual Books &amp; Films Online Shop #1 | Open Sky Press DE\",\"isPartOf\":{\"@id\":\"https:\/\/openskypress.com\/#website\"},\"primaryImageOfPage\":{\"@id\":\"https:\/\/openskypress.com\/es\/product\/asi-hablo-papaji-prosa-y-poesia-de-un-vacio-danzante\/#primaryimage\"},\"image\":{\"@id\":\"https:\/\/openskypress.com\/es\/product\/asi-hablo-papaji-prosa-y-poesia-de-un-vacio-danzante\/#primaryimage\"},\"thumbnailUrl\":\"https:\/\/openskypress.com\/wp-content\/uploads\/2019\/04\/asi-hablo-papaji.jpg\",\"datePublished\":\"2019-05-01T09:05:48+00:00\",\"dateModified\":\"2024-02-06T16:16:52+00:00\",\"breadcrumb\":{\"@id\":\"https:\/\/openskypress.com\/es\/product\/asi-hablo-papaji-prosa-y-poesia-de-un-vacio-danzante\/#breadcrumb\"},\"inLanguage\":\"es\",\"potentialAction\":[{\"@type\":\"ReadAction\",\"target\":[\"https:\/\/openskypress.com\/es\/product\/asi-hablo-papaji-prosa-y-poesia-de-un-vacio-danzante\/\"]}]},{\"@type\":\"ImageObject\",\"inLanguage\":\"es\",\"@id\":\"https:\/\/openskypress.com\/es\/product\/asi-hablo-papaji-prosa-y-poesia-de-un-vacio-danzante\/#primaryimage\",\"url\":\"https:\/\/openskypress.com\/wp-content\/uploads\/2019\/04\/asi-hablo-papaji.jpg\",\"contentUrl\":\"https:\/\/openskypress.com\/wp-content\/uploads\/2019\/04\/asi-hablo-papaji.jpg\",\"width\":490,\"height\":740,\"caption\":\"asi hablo papaji, papaji espanol, papaji\"},{\"@type\":\"BreadcrumbList\",\"@id\":\"https:\/\/openskypress.com\/es\/product\/asi-hablo-papaji-prosa-y-poesia-de-un-vacio-danzante\/#breadcrumb\",\"itemListElement\":[{\"@type\":\"ListItem\",\"position\":1,\"name\":\"Home\",\"item\":\"https:\/\/openskypress.com\/es\/\"},{\"@type\":\"ListItem\",\"position\":2,\"name\":\"Tienda\",\"item\":\"https:\/\/openskypress.com\/es\/tienda\/\"},{\"@type\":\"ListItem\",\"position\":3,\"name\":\"As\u00ed Habl\u00f3 Papaji\"}]},{\"@type\":\"WebSite\",\"@id\":\"https:\/\/openskypress.com\/#website\",\"url\":\"https:\/\/openskypress.com\/\",\"name\":\"Spiritual Books & Films Online Shop #1 | Open Sky Press\",\"description\":\"Best store of Books &amp; DVDs about Satsang, Indian &amp; Western philosophy &amp; yoga. Spiritual teachers talks about awakening, enlightenment and mindfulness\",\"publisher\":{\"@id\":\"https:\/\/openskypress.com\/#organization\"},\"potentialAction\":[{\"@type\":\"SearchAction\",\"target\":{\"@type\":\"EntryPoint\",\"urlTemplate\":\"https:\/\/openskypress.com\/?s={search_term_string}\"},\"query-input\":{\"@type\":\"PropertyValueSpecification\",\"valueRequired\":true,\"valueName\":\"search_term_string\"}}],\"inLanguage\":\"es\"},{\"@type\":\"Organization\",\"@id\":\"https:\/\/openskypress.com\/#organization\",\"name\":\"Spiritual Books & Films Online Shop #1 | Open Sky Press\",\"url\":\"https:\/\/openskypress.com\/\",\"logo\":{\"@type\":\"ImageObject\",\"inLanguage\":\"es\",\"@id\":\"https:\/\/openskypress.com\/#\/schema\/logo\/image\/\",\"url\":\"https:\/\/openskypress.com\/wp-content\/uploads\/2020\/02\/logo-osp-1.png\",\"contentUrl\":\"https:\/\/openskypress.com\/wp-content\/uploads\/2020\/02\/logo-osp-1.png\",\"width\":222,\"height\":219,\"caption\":\"Spiritual Books & Films Online Shop #1 | Open Sky Press\"},\"image\":{\"@id\":\"https:\/\/openskypress.com\/#\/schema\/logo\/image\/\"}}]}<\/script>\n<!-- \/ Yoast SEO plugin. -->","yoast_head_json":{"title":"As\u00ed Habl\u00f3 Papaji - Spiritual Books &amp; Films Online Shop #1 | Open Sky Press DE","robots":{"index":"index","follow":"follow","max-snippet":"max-snippet:-1","max-image-preview":"max-image-preview:large","max-video-preview":"max-video-preview:-1"},"canonical":"https:\/\/openskypress.com\/es\/product\/asi-hablo-papaji-prosa-y-poesia-de-un-vacio-danzante\/","og_locale":"es_ES","og_type":"article","og_title":"As\u00ed Habl\u00f3 Papaji - Spiritual Books &amp; Films Online Shop #1 | Open Sky Press DE","og_description":"E-Book tambi\u00e9n disponible. Haga clic aqu\u00ed  &nbsp;  Prosa y Poes\u00eda de un Vac\u00edo Danzante es una colecci\u00f3n de prosa y poes\u00eda de Sri H.W. L. Poonja (Papaji) recogida durante reuniones con sus estudiantes en Lucknow. Los discursos fluyen de su impecable experiencia de la Verdad m\u00e1s elevada y, sin embargo, m\u00e1s simple: que somos Conciencia pura, la totalidad de la Existencia.","og_url":"https:\/\/openskypress.com\/es\/product\/asi-hablo-papaji-prosa-y-poesia-de-un-vacio-danzante\/","og_site_name":"Spiritual Books &amp; Films Online Shop #1 | Open Sky Press DE","article_modified_time":"2024-02-06T16:16:52+00:00","og_image":[{"width":490,"height":740,"url":"https:\/\/openskypress.com\/wp-content\/uploads\/2019\/04\/asi-hablo-papaji.jpg","type":"image\/jpeg"}],"twitter_card":"summary_large_image","twitter_misc":{"Tiempo de lectura":"1 minuto"},"schema":{"@context":"https:\/\/schema.org","@graph":[{"@type":"WebPage","@id":"https:\/\/openskypress.com\/es\/product\/asi-hablo-papaji-prosa-y-poesia-de-un-vacio-danzante\/","url":"https:\/\/openskypress.com\/es\/product\/asi-hablo-papaji-prosa-y-poesia-de-un-vacio-danzante\/","name":"As\u00ed Habl\u00f3 Papaji - Spiritual Books &amp; Films Online Shop #1 | Open Sky Press DE","isPartOf":{"@id":"https:\/\/openskypress.com\/#website"},"primaryImageOfPage":{"@id":"https:\/\/openskypress.com\/es\/product\/asi-hablo-papaji-prosa-y-poesia-de-un-vacio-danzante\/#primaryimage"},"image":{"@id":"https:\/\/openskypress.com\/es\/product\/asi-hablo-papaji-prosa-y-poesia-de-un-vacio-danzante\/#primaryimage"},"thumbnailUrl":"https:\/\/openskypress.com\/wp-content\/uploads\/2019\/04\/asi-hablo-papaji.jpg","datePublished":"2019-05-01T09:05:48+00:00","dateModified":"2024-02-06T16:16:52+00:00","breadcrumb":{"@id":"https:\/\/openskypress.com\/es\/product\/asi-hablo-papaji-prosa-y-poesia-de-un-vacio-danzante\/#breadcrumb"},"inLanguage":"es","potentialAction":[{"@type":"ReadAction","target":["https:\/\/openskypress.com\/es\/product\/asi-hablo-papaji-prosa-y-poesia-de-un-vacio-danzante\/"]}]},{"@type":"ImageObject","inLanguage":"es","@id":"https:\/\/openskypress.com\/es\/product\/asi-hablo-papaji-prosa-y-poesia-de-un-vacio-danzante\/#primaryimage","url":"https:\/\/openskypress.com\/wp-content\/uploads\/2019\/04\/asi-hablo-papaji.jpg","contentUrl":"https:\/\/openskypress.com\/wp-content\/uploads\/2019\/04\/asi-hablo-papaji.jpg","width":490,"height":740,"caption":"asi hablo papaji, papaji espanol, papaji"},{"@type":"BreadcrumbList","@id":"https:\/\/openskypress.com\/es\/product\/asi-hablo-papaji-prosa-y-poesia-de-un-vacio-danzante\/#breadcrumb","itemListElement":[{"@type":"ListItem","position":1,"name":"Home","item":"https:\/\/openskypress.com\/es\/"},{"@type":"ListItem","position":2,"name":"Tienda","item":"https:\/\/openskypress.com\/es\/tienda\/"},{"@type":"ListItem","position":3,"name":"As\u00ed Habl\u00f3 Papaji"}]},{"@type":"WebSite","@id":"https:\/\/openskypress.com\/#website","url":"https:\/\/openskypress.com\/","name":"Spiritual Books & Films Online Shop #1 | Open Sky Press","description":"Best store of Books &amp; DVDs about Satsang, Indian &amp; Western philosophy &amp; yoga. Spiritual teachers talks about awakening, enlightenment and mindfulness","publisher":{"@id":"https:\/\/openskypress.com\/#organization"},"potentialAction":[{"@type":"SearchAction","target":{"@type":"EntryPoint","urlTemplate":"https:\/\/openskypress.com\/?s={search_term_string}"},"query-input":{"@type":"PropertyValueSpecification","valueRequired":true,"valueName":"search_term_string"}}],"inLanguage":"es"},{"@type":"Organization","@id":"https:\/\/openskypress.com\/#organization","name":"Spiritual Books & Films Online Shop #1 | Open Sky Press","url":"https:\/\/openskypress.com\/","logo":{"@type":"ImageObject","inLanguage":"es","@id":"https:\/\/openskypress.com\/#\/schema\/logo\/image\/","url":"https:\/\/openskypress.com\/wp-content\/uploads\/2020\/02\/logo-osp-1.png","contentUrl":"https:\/\/openskypress.com\/wp-content\/uploads\/2020\/02\/logo-osp-1.png","width":222,"height":219,"caption":"Spiritual Books & Films Online Shop #1 | Open Sky Press"},"image":{"@id":"https:\/\/openskypress.com\/#\/schema\/logo\/image\/"}}]}},"_links":{"self":[{"href":"https:\/\/openskypress.com\/es\/wp-json\/wp\/v2\/product\/4030","targetHints":{"allow":["GET"]}}],"collection":[{"href":"https:\/\/openskypress.com\/es\/wp-json\/wp\/v2\/product"}],"about":[{"href":"https:\/\/openskypress.com\/es\/wp-json\/wp\/v2\/types\/product"}],"replies":[{"embeddable":true,"href":"https:\/\/openskypress.com\/es\/wp-json\/wp\/v2\/comments?post=4030"}],"wp:featuredmedia":[{"embeddable":true,"href":"https:\/\/openskypress.com\/es\/wp-json\/wp\/v2\/media\/3885"}],"wp:attachment":[{"href":"https:\/\/openskypress.com\/es\/wp-json\/wp\/v2\/media?parent=4030"}],"wp:term":[{"taxonomy":"product_brand","embeddable":true,"href":"https:\/\/openskypress.com\/es\/wp-json\/wp\/v2\/product_brand?post=4030"},{"taxonomy":"product_cat","embeddable":true,"href":"https:\/\/openskypress.com\/es\/wp-json\/wp\/v2\/product_cat?post=4030"},{"taxonomy":"product_tag","embeddable":true,"href":"https:\/\/openskypress.com\/es\/wp-json\/wp\/v2\/product_tag?post=4030"}],"curies":[{"name":"wp","href":"https:\/\/api.w.org\/{rel}","templated":true}]}}