{"id":4029,"date":"2019-05-01T08:59:03","date_gmt":"2019-05-01T08:59:03","guid":{"rendered":"https:\/\/openskycharity.international\/?post_type=product&#038;p=4029"},"modified":"2024-02-06T16:16:59","modified_gmt":"2024-02-06T16:16:59","slug":"el-gran-malentendido","status":"publish","type":"product","link":"https:\/\/openskypress.com\/es\/product\/el-gran-malentendido\/","title":{"rendered":"El Gran Malentendido"},"content":{"rendered":"<div align=\"left\">\n<div align=\"left\"><a href=\"https:\/\/openskycharity.international\/es\/producto\/ebook-el-gran-malentendido\/\"><i><u><b>E-Book tambi\u00e9n disponible. Haga clic aqu\u00ed<\/b><\/u><\/i><\/a><\/div>\n<p align=\"justify\">por John David<br \/>\n<b><br \/>\nEl Gran Malentendido<\/b><\/p>\n<p><em>Despierta de la ilusi\u00f3n<br \/>\nDescubre tu verdadera felicidad<\/em><\/p>\n<p align=\"justify\"><em>El Gran Malentendido<\/em>\u00a0nos muestra c\u00f3mo estamos condicionados para creer en la dualidad, percibi\u00e9ndonos a nosotros mismos separados del mundo y de la vida en s\u00ed. Malinterpretamos profundamente quienes somos en realidad. Intentamos superar esta desconexi\u00f3n cambiando nuestras vidas para ser mejores, m\u00e1s felices o para encontrar m\u00e1s amor.<\/p>\n<p>Este libro desmonta nuestro falso malentendido de una manera directa y divertida. Mostrando escenas de las charlas p\u00fablicas de John David, di\u00e1logos con los estudiantes y situaciones de la vida diaria en la comunidad donde vive y ense\u00f1a, te transmite un profundo mensaje que te cambiar\u00e1 la vida.<\/p>\n<p>El mensaje dice que nada se ha perdido. Todo est\u00e1 ya aqu\u00ed y la verdad es solo ahora. No tenemos m\u00e1s que este momento. Esta revelaci\u00f3n transformadora nos hace darnos cuenta de que la felicidad verdadera, la paz y el amor se encuentran dentro de nosotros. Con este entendimiento la vida se convierte en un para\u00edso.<\/p>\n<\/div>\n\n    <div class=\"xs_social_share_widget xs_share_url after_content \t\tmain_content  wslu-style-1 wslu-share-box-shaped wslu-fill-colored wslu-none wslu-share-horizontal wslu-theme-font-no wslu-main_content\">\n\n\t\t\n        <ul>\n\t\t\t        <\/ul>\n    <\/div> \n","protected":false},"excerpt":{"rendered":"<p><a href=\"https:\/\/openskycharity.international\/es\/producto\/ebook-el-gran-malentendido\/\"><i><u><b>E-Book tambi\u00e9n disponible. Haga clic aqu\u00ed<\/b><\/u><\/i><\/a><\/p>\n<p>&nbsp;<\/p>\n<p>El Gran Malentendido nos muestra c\u00f3mo estamos condicionados para creer en la dualidad, percibi\u00e9ndonos a nosotros mismos separados del mundo y de la vida en s\u00ed. Malinterpretamos profundamente quienes somos en realidad. Intentamos superar esta desconexi\u00f3n cambiando nuestras vidas para ser mejores, m\u00e1s felices o para encontrar m\u00e1s amor.<\/p>\n","protected":false},"featured_media":3901,"comment_status":"open","ping_status":"closed","template":"","meta":{"postBodyCss":"","postBodyMargin":[],"postBodyPadding":[],"postBodyBackground":{"backgroundType":"classic","gradient":""}},"product_brand":[],"product_cat":[569],"product_tag":[584,577,589,578],"class_list":{"0":"post-4029","1":"product","2":"type-product","3":"status-publish","4":"has-post-thumbnail","6":"product_cat-libros-es","7":"product_tag-comunidad-es","8":"product_tag-espiritualidad-es","9":"product_tag-filosofia-es","10":"product_tag-quien-soy-yo","12":"first","13":"instock","14":"taxable","15":"shipping-taxable","16":"purchasable","17":"product-type-simple"},"yoast_head":"<!-- This site is optimized with the Yoast SEO plugin v26.6 - https:\/\/yoast.com\/wordpress\/plugins\/seo\/ -->\n<title>El Gran Malentendido - Spiritual Books &amp; Films Online Shop #1 | Open Sky Press DE<\/title>\n<meta name=\"robots\" content=\"index, follow, max-snippet:-1, max-image-preview:large, max-video-preview:-1\" \/>\n<link rel=\"canonical\" href=\"https:\/\/openskypress.com\/es\/product\/el-gran-malentendido\/\" \/>\n<meta property=\"og:locale\" content=\"es_ES\" \/>\n<meta property=\"og:type\" content=\"article\" \/>\n<meta property=\"og:title\" content=\"El Gran Malentendido - Spiritual Books &amp; Films Online Shop #1 | Open Sky Press DE\" \/>\n<meta property=\"og:description\" content=\"E-Book tambi\u00e9n disponible. Haga clic aqu\u00ed  &nbsp;  El Gran Malentendido nos muestra c\u00f3mo estamos condicionados para creer en la dualidad, percibi\u00e9ndonos a nosotros mismos separados del mundo y de la vida en s\u00ed. Malinterpretamos profundamente quienes somos en realidad. Intentamos superar esta desconexi\u00f3n cambiando nuestras vidas para ser mejores, m\u00e1s felices o para encontrar m\u00e1s amor.\" \/>\n<meta property=\"og:url\" content=\"https:\/\/openskypress.com\/es\/product\/el-gran-malentendido\/\" \/>\n<meta property=\"og:site_name\" content=\"Spiritual Books &amp; Films Online Shop #1 | Open Sky Press DE\" \/>\n<meta property=\"article:modified_time\" content=\"2024-02-06T16:16:59+00:00\" \/>\n<meta property=\"og:image\" content=\"https:\/\/openskypress.com\/wp-content\/uploads\/2019\/04\/el-gran-malentendido.jpg\" \/>\n\t<meta property=\"og:image:width\" content=\"490\" \/>\n\t<meta property=\"og:image:height\" content=\"740\" \/>\n\t<meta property=\"og:image:type\" content=\"image\/jpeg\" \/>\n<meta name=\"twitter:card\" content=\"summary_large_image\" \/>\n<meta name=\"twitter:label1\" content=\"Tiempo de lectura\" \/>\n\t<meta name=\"twitter:data1\" content=\"1 minuto\" \/>\n<script type=\"application\/ld+json\" class=\"yoast-schema-graph\">{\"@context\":\"https:\/\/schema.org\",\"@graph\":[{\"@type\":\"WebPage\",\"@id\":\"https:\/\/openskypress.com\/es\/product\/el-gran-malentendido\/\",\"url\":\"https:\/\/openskypress.com\/es\/product\/el-gran-malentendido\/\",\"name\":\"El Gran Malentendido - Spiritual Books &amp; Films Online Shop #1 | Open Sky Press DE\",\"isPartOf\":{\"@id\":\"https:\/\/openskypress.com\/#website\"},\"primaryImageOfPage\":{\"@id\":\"https:\/\/openskypress.com\/es\/product\/el-gran-malentendido\/#primaryimage\"},\"image\":{\"@id\":\"https:\/\/openskypress.com\/es\/product\/el-gran-malentendido\/#primaryimage\"},\"thumbnailUrl\":\"https:\/\/openskypress.com\/wp-content\/uploads\/2019\/04\/el-gran-malentendido.jpg\",\"datePublished\":\"2019-05-01T08:59:03+00:00\",\"dateModified\":\"2024-02-06T16:16:59+00:00\",\"breadcrumb\":{\"@id\":\"https:\/\/openskypress.com\/es\/product\/el-gran-malentendido\/#breadcrumb\"},\"inLanguage\":\"es\",\"potentialAction\":[{\"@type\":\"ReadAction\",\"target\":[\"https:\/\/openskypress.com\/es\/product\/el-gran-malentendido\/\"]}]},{\"@type\":\"ImageObject\",\"inLanguage\":\"es\",\"@id\":\"https:\/\/openskypress.com\/es\/product\/el-gran-malentendido\/#primaryimage\",\"url\":\"https:\/\/openskypress.com\/wp-content\/uploads\/2019\/04\/el-gran-malentendido.jpg\",\"contentUrl\":\"https:\/\/openskypress.com\/wp-content\/uploads\/2019\/04\/el-gran-malentendido.jpg\",\"width\":490,\"height\":740,\"caption\":\"el gran malentendido, john david\"},{\"@type\":\"BreadcrumbList\",\"@id\":\"https:\/\/openskypress.com\/es\/product\/el-gran-malentendido\/#breadcrumb\",\"itemListElement\":[{\"@type\":\"ListItem\",\"position\":1,\"name\":\"Home\",\"item\":\"https:\/\/openskypress.com\/es\/\"},{\"@type\":\"ListItem\",\"position\":2,\"name\":\"Tienda\",\"item\":\"https:\/\/openskypress.com\/es\/tienda\/\"},{\"@type\":\"ListItem\",\"position\":3,\"name\":\"El Gran Malentendido\"}]},{\"@type\":\"WebSite\",\"@id\":\"https:\/\/openskypress.com\/#website\",\"url\":\"https:\/\/openskypress.com\/\",\"name\":\"Spiritual Books & Films Online Shop #1 | Open Sky Press\",\"description\":\"Best store of Books &amp; DVDs about Satsang, Indian &amp; Western philosophy &amp; yoga. Spiritual teachers talks about awakening, enlightenment and mindfulness\",\"publisher\":{\"@id\":\"https:\/\/openskypress.com\/#organization\"},\"potentialAction\":[{\"@type\":\"SearchAction\",\"target\":{\"@type\":\"EntryPoint\",\"urlTemplate\":\"https:\/\/openskypress.com\/?s={search_term_string}\"},\"query-input\":{\"@type\":\"PropertyValueSpecification\",\"valueRequired\":true,\"valueName\":\"search_term_string\"}}],\"inLanguage\":\"es\"},{\"@type\":\"Organization\",\"@id\":\"https:\/\/openskypress.com\/#organization\",\"name\":\"Spiritual Books & Films Online Shop #1 | Open Sky Press\",\"url\":\"https:\/\/openskypress.com\/\",\"logo\":{\"@type\":\"ImageObject\",\"inLanguage\":\"es\",\"@id\":\"https:\/\/openskypress.com\/#\/schema\/logo\/image\/\",\"url\":\"https:\/\/openskypress.com\/wp-content\/uploads\/2020\/02\/logo-osp-1.png\",\"contentUrl\":\"https:\/\/openskypress.com\/wp-content\/uploads\/2020\/02\/logo-osp-1.png\",\"width\":222,\"height\":219,\"caption\":\"Spiritual Books & Films Online Shop #1 | Open Sky Press\"},\"image\":{\"@id\":\"https:\/\/openskypress.com\/#\/schema\/logo\/image\/\"}}]}<\/script>\n<!-- \/ Yoast SEO plugin. -->","yoast_head_json":{"title":"El Gran Malentendido - Spiritual Books &amp; Films Online Shop #1 | Open Sky Press DE","robots":{"index":"index","follow":"follow","max-snippet":"max-snippet:-1","max-image-preview":"max-image-preview:large","max-video-preview":"max-video-preview:-1"},"canonical":"https:\/\/openskypress.com\/es\/product\/el-gran-malentendido\/","og_locale":"es_ES","og_type":"article","og_title":"El Gran Malentendido - Spiritual Books &amp; Films Online Shop #1 | Open Sky Press DE","og_description":"E-Book tambi\u00e9n disponible. Haga clic aqu\u00ed  &nbsp;  El Gran Malentendido nos muestra c\u00f3mo estamos condicionados para creer en la dualidad, percibi\u00e9ndonos a nosotros mismos separados del mundo y de la vida en s\u00ed. Malinterpretamos profundamente quienes somos en realidad. Intentamos superar esta desconexi\u00f3n cambiando nuestras vidas para ser mejores, m\u00e1s felices o para encontrar m\u00e1s amor.","og_url":"https:\/\/openskypress.com\/es\/product\/el-gran-malentendido\/","og_site_name":"Spiritual Books &amp; Films Online Shop #1 | Open Sky Press DE","article_modified_time":"2024-02-06T16:16:59+00:00","og_image":[{"width":490,"height":740,"url":"https:\/\/openskypress.com\/wp-content\/uploads\/2019\/04\/el-gran-malentendido.jpg","type":"image\/jpeg"}],"twitter_card":"summary_large_image","twitter_misc":{"Tiempo de lectura":"1 minuto"},"schema":{"@context":"https:\/\/schema.org","@graph":[{"@type":"WebPage","@id":"https:\/\/openskypress.com\/es\/product\/el-gran-malentendido\/","url":"https:\/\/openskypress.com\/es\/product\/el-gran-malentendido\/","name":"El Gran Malentendido - Spiritual Books &amp; Films Online Shop #1 | Open Sky Press DE","isPartOf":{"@id":"https:\/\/openskypress.com\/#website"},"primaryImageOfPage":{"@id":"https:\/\/openskypress.com\/es\/product\/el-gran-malentendido\/#primaryimage"},"image":{"@id":"https:\/\/openskypress.com\/es\/product\/el-gran-malentendido\/#primaryimage"},"thumbnailUrl":"https:\/\/openskypress.com\/wp-content\/uploads\/2019\/04\/el-gran-malentendido.jpg","datePublished":"2019-05-01T08:59:03+00:00","dateModified":"2024-02-06T16:16:59+00:00","breadcrumb":{"@id":"https:\/\/openskypress.com\/es\/product\/el-gran-malentendido\/#breadcrumb"},"inLanguage":"es","potentialAction":[{"@type":"ReadAction","target":["https:\/\/openskypress.com\/es\/product\/el-gran-malentendido\/"]}]},{"@type":"ImageObject","inLanguage":"es","@id":"https:\/\/openskypress.com\/es\/product\/el-gran-malentendido\/#primaryimage","url":"https:\/\/openskypress.com\/wp-content\/uploads\/2019\/04\/el-gran-malentendido.jpg","contentUrl":"https:\/\/openskypress.com\/wp-content\/uploads\/2019\/04\/el-gran-malentendido.jpg","width":490,"height":740,"caption":"el gran malentendido, john david"},{"@type":"BreadcrumbList","@id":"https:\/\/openskypress.com\/es\/product\/el-gran-malentendido\/#breadcrumb","itemListElement":[{"@type":"ListItem","position":1,"name":"Home","item":"https:\/\/openskypress.com\/es\/"},{"@type":"ListItem","position":2,"name":"Tienda","item":"https:\/\/openskypress.com\/es\/tienda\/"},{"@type":"ListItem","position":3,"name":"El Gran Malentendido"}]},{"@type":"WebSite","@id":"https:\/\/openskypress.com\/#website","url":"https:\/\/openskypress.com\/","name":"Spiritual Books & Films Online Shop #1 | Open Sky Press","description":"Best store of Books &amp; DVDs about Satsang, Indian &amp; Western philosophy &amp; yoga. Spiritual teachers talks about awakening, enlightenment and mindfulness","publisher":{"@id":"https:\/\/openskypress.com\/#organization"},"potentialAction":[{"@type":"SearchAction","target":{"@type":"EntryPoint","urlTemplate":"https:\/\/openskypress.com\/?s={search_term_string}"},"query-input":{"@type":"PropertyValueSpecification","valueRequired":true,"valueName":"search_term_string"}}],"inLanguage":"es"},{"@type":"Organization","@id":"https:\/\/openskypress.com\/#organization","name":"Spiritual Books & Films Online Shop #1 | Open Sky Press","url":"https:\/\/openskypress.com\/","logo":{"@type":"ImageObject","inLanguage":"es","@id":"https:\/\/openskypress.com\/#\/schema\/logo\/image\/","url":"https:\/\/openskypress.com\/wp-content\/uploads\/2020\/02\/logo-osp-1.png","contentUrl":"https:\/\/openskypress.com\/wp-content\/uploads\/2020\/02\/logo-osp-1.png","width":222,"height":219,"caption":"Spiritual Books & Films Online Shop #1 | Open Sky Press"},"image":{"@id":"https:\/\/openskypress.com\/#\/schema\/logo\/image\/"}}]}},"_links":{"self":[{"href":"https:\/\/openskypress.com\/es\/wp-json\/wp\/v2\/product\/4029","targetHints":{"allow":["GET"]}}],"collection":[{"href":"https:\/\/openskypress.com\/es\/wp-json\/wp\/v2\/product"}],"about":[{"href":"https:\/\/openskypress.com\/es\/wp-json\/wp\/v2\/types\/product"}],"replies":[{"embeddable":true,"href":"https:\/\/openskypress.com\/es\/wp-json\/wp\/v2\/comments?post=4029"}],"wp:featuredmedia":[{"embeddable":true,"href":"https:\/\/openskypress.com\/es\/wp-json\/wp\/v2\/media\/3901"}],"wp:attachment":[{"href":"https:\/\/openskypress.com\/es\/wp-json\/wp\/v2\/media?parent=4029"}],"wp:term":[{"taxonomy":"product_brand","embeddable":true,"href":"https:\/\/openskypress.com\/es\/wp-json\/wp\/v2\/product_brand?post=4029"},{"taxonomy":"product_cat","embeddable":true,"href":"https:\/\/openskypress.com\/es\/wp-json\/wp\/v2\/product_cat?post=4029"},{"taxonomy":"product_tag","embeddable":true,"href":"https:\/\/openskypress.com\/es\/wp-json\/wp\/v2\/product_tag?post=4029"}],"curies":[{"name":"wp","href":"https:\/\/api.w.org\/{rel}","templated":true}]}}