{"id":3786,"date":"2019-04-04T08:59:13","date_gmt":"2019-04-04T08:59:13","guid":{"rendered":"https:\/\/openskycharity.international\/product\/nan-yar-quien-soy-yo\/"},"modified":"2025-12-16T12:13:21","modified_gmt":"2025-12-16T12:13:21","slug":"nan-yar-quien-soy-yo","status":"publish","type":"product","link":"https:\/\/openskypress.com\/es\/product\/nan-yar-quien-soy-yo\/","title":{"rendered":"Nan Yar &#8211; \u00bfQui\u00e9n Soy Yo?"},"content":{"rendered":"<div align=\"left\"><a href=\"https:\/\/openskycharity.international\/es\/producto\/ebook-nan-yar-qiuen-soy-yo\/\"><i><u><b>E-Book tambi\u00e9n disponible. Haga clic aqu\u00ed<\/b><\/u><\/i><\/a><\/div>\n<div align=\"left\"><\/div>\n<p align=\"justify\">Nan Yar es un texto espiritual cl\u00e1sico de uno de los maestros indios m\u00e1s grandes de todos los tiempos, Sri Ramana Maharshi, y uno de los libros m\u00e1s importantes del siglo XX. Contiene la esencia de sus ense\u00f1anzas e ilumina el camino para lograr una comprensi\u00f3n clara y pr\u00e1ctica del despertar espiritual. Esta edici\u00f3n bellamente dise\u00f1ada contiene, junto al texto original, hermosas citas y fotograf\u00edas remasterizadas de Sri Ramana Maharshi.<\/p>\n<p>Nan Yar is a classic spiritual text from one of the greatest Indian teachers, Sri Ramana Maharshi, and one of the most important books of the 20th Century. Containing the essence of his teachings, it lights the way for a clear, practical understanding and realization of spiritual awakening. A beautifully designed edition, the original text has been set to touching quotes and wonderful digital remastered photographs of Sri Ramana Maharshi.<\/p>\n\n    <div class=\"xs_social_share_widget xs_share_url after_content \t\tmain_content  wslu-style-1 wslu-share-box-shaped wslu-fill-colored wslu-none wslu-share-horizontal wslu-theme-font-no wslu-main_content\">\n\n\t\t\n        <ul>\n\t\t\t        <\/ul>\n    <\/div> \n","protected":false},"excerpt":{"rendered":"<p><a href=\"https:\/\/openskycharity.international\/es\/producto\/ebook-nan-yar-qiuen-soy-yo\/\"><i><u><b>E-Book tambi\u00e9n disponible. Haga clic aqu\u00ed<\/b><\/u><\/i><\/a><\/p>\n<p>&nbsp;<\/p>\n<p>Nan Yar es un texto espiritual cl\u00e1sico de uno de los maestros indios m\u00e1s grandes de todos los tiempos, Sri Ramana Maharshi, y uno de los libros m\u00e1s importantes del siglo XX.<\/p>\n<p>Nan Yar is a classic spiritual text from one of the greatest Indian teachers, Sri Ramana Maharshi, and one of the most important books of the 20th Century.<\/p>\n","protected":false},"featured_media":5075,"comment_status":"open","ping_status":"closed","template":"","meta":{"postBodyCss":"","postBodyMargin":[],"postBodyPadding":[],"postBodyBackground":{"backgroundType":"classic","gradient":""}},"product_brand":[],"product_cat":[569],"product_tag":[],"class_list":{"0":"post-3786","1":"product","2":"type-product","3":"status-publish","4":"has-post-thumbnail","6":"product_cat-libros-es","8":"first","9":"instock","10":"sale","11":"taxable","12":"shipping-taxable","13":"purchasable","14":"product-type-simple"},"yoast_head":"<!-- This site is optimized with the Yoast SEO plugin v26.6 - https:\/\/yoast.com\/wordpress\/plugins\/seo\/ -->\n<title>Nan Yar - \u00bfQui\u00e9n Soy Yo? - Spiritual Books &amp; Films Online Shop #1 | Open Sky Press DE<\/title>\n<meta name=\"robots\" content=\"index, follow, max-snippet:-1, max-image-preview:large, max-video-preview:-1\" \/>\n<link rel=\"canonical\" href=\"https:\/\/openskypress.com\/es\/product\/nan-yar-quien-soy-yo\/\" \/>\n<meta property=\"og:locale\" content=\"es_ES\" \/>\n<meta property=\"og:type\" content=\"article\" \/>\n<meta property=\"og:title\" content=\"Nan Yar - \u00bfQui\u00e9n Soy Yo? - Spiritual Books &amp; Films Online Shop #1 | Open Sky Press DE\" \/>\n<meta property=\"og:description\" content=\"E-Book tambi\u00e9n disponible. Haga clic aqu\u00ed  &nbsp;  Nan Yar es un texto espiritual cl\u00e1sico de uno de los maestros indios m\u00e1s grandes de todos los tiempos, Sri Ramana Maharshi, y uno de los libros m\u00e1s importantes del siglo XX.  Nan Yar is a classic spiritual text from one of the greatest Indian teachers, Sri Ramana Maharshi, and one of the most important books of the 20th Century.\" \/>\n<meta property=\"og:url\" content=\"https:\/\/openskypress.com\/es\/product\/nan-yar-quien-soy-yo\/\" \/>\n<meta property=\"og:site_name\" content=\"Spiritual Books &amp; Films Online Shop #1 | Open Sky Press DE\" \/>\n<meta property=\"article:modified_time\" content=\"2025-12-16T12:13:21+00:00\" \/>\n<meta property=\"og:image\" content=\"https:\/\/openskypress.com\/wp-content\/uploads\/2019\/05\/nan-yar-spanish.png\" \/>\n\t<meta property=\"og:image:width\" content=\"490\" \/>\n\t<meta property=\"og:image:height\" content=\"740\" \/>\n\t<meta property=\"og:image:type\" content=\"image\/png\" \/>\n<meta name=\"twitter:card\" content=\"summary_large_image\" \/>\n<meta name=\"twitter:label1\" content=\"Tiempo de lectura\" \/>\n\t<meta name=\"twitter:data1\" content=\"1 minuto\" \/>\n<script type=\"application\/ld+json\" class=\"yoast-schema-graph\">{\"@context\":\"https:\/\/schema.org\",\"@graph\":[{\"@type\":\"WebPage\",\"@id\":\"https:\/\/openskypress.com\/es\/product\/nan-yar-quien-soy-yo\/\",\"url\":\"https:\/\/openskypress.com\/es\/product\/nan-yar-quien-soy-yo\/\",\"name\":\"Nan Yar - \u00bfQui\u00e9n Soy Yo? - Spiritual Books &amp; Films Online Shop #1 | Open Sky Press DE\",\"isPartOf\":{\"@id\":\"https:\/\/openskypress.com\/#website\"},\"primaryImageOfPage\":{\"@id\":\"https:\/\/openskypress.com\/es\/product\/nan-yar-quien-soy-yo\/#primaryimage\"},\"image\":{\"@id\":\"https:\/\/openskypress.com\/es\/product\/nan-yar-quien-soy-yo\/#primaryimage\"},\"thumbnailUrl\":\"https:\/\/openskypress.com\/wp-content\/uploads\/2019\/05\/nan-yar-spanish.png\",\"datePublished\":\"2019-04-04T08:59:13+00:00\",\"dateModified\":\"2025-12-16T12:13:21+00:00\",\"breadcrumb\":{\"@id\":\"https:\/\/openskypress.com\/es\/product\/nan-yar-quien-soy-yo\/#breadcrumb\"},\"inLanguage\":\"es\",\"potentialAction\":[{\"@type\":\"ReadAction\",\"target\":[\"https:\/\/openskypress.com\/es\/product\/nan-yar-quien-soy-yo\/\"]}]},{\"@type\":\"ImageObject\",\"inLanguage\":\"es\",\"@id\":\"https:\/\/openskypress.com\/es\/product\/nan-yar-quien-soy-yo\/#primaryimage\",\"url\":\"https:\/\/openskypress.com\/wp-content\/uploads\/2019\/05\/nan-yar-spanish.png\",\"contentUrl\":\"https:\/\/openskypress.com\/wp-content\/uploads\/2019\/05\/nan-yar-spanish.png\",\"width\":490,\"height\":740},{\"@type\":\"BreadcrumbList\",\"@id\":\"https:\/\/openskypress.com\/es\/product\/nan-yar-quien-soy-yo\/#breadcrumb\",\"itemListElement\":[{\"@type\":\"ListItem\",\"position\":1,\"name\":\"Home\",\"item\":\"https:\/\/openskypress.com\/es\/\"},{\"@type\":\"ListItem\",\"position\":2,\"name\":\"Tienda\",\"item\":\"https:\/\/openskypress.com\/es\/tienda\/\"},{\"@type\":\"ListItem\",\"position\":3,\"name\":\"Nan Yar &#8211; \u00bfQui\u00e9n Soy Yo?\"}]},{\"@type\":\"WebSite\",\"@id\":\"https:\/\/openskypress.com\/#website\",\"url\":\"https:\/\/openskypress.com\/\",\"name\":\"Spiritual Books & Films Online Shop #1 | Open Sky Press\",\"description\":\"Best store of Books &amp; DVDs about Satsang, Indian &amp; Western philosophy &amp; yoga. Spiritual teachers talks about awakening, enlightenment and mindfulness\",\"publisher\":{\"@id\":\"https:\/\/openskypress.com\/#organization\"},\"potentialAction\":[{\"@type\":\"SearchAction\",\"target\":{\"@type\":\"EntryPoint\",\"urlTemplate\":\"https:\/\/openskypress.com\/?s={search_term_string}\"},\"query-input\":{\"@type\":\"PropertyValueSpecification\",\"valueRequired\":true,\"valueName\":\"search_term_string\"}}],\"inLanguage\":\"es\"},{\"@type\":\"Organization\",\"@id\":\"https:\/\/openskypress.com\/#organization\",\"name\":\"Spiritual Books & Films Online Shop #1 | Open Sky Press\",\"url\":\"https:\/\/openskypress.com\/\",\"logo\":{\"@type\":\"ImageObject\",\"inLanguage\":\"es\",\"@id\":\"https:\/\/openskypress.com\/#\/schema\/logo\/image\/\",\"url\":\"https:\/\/openskypress.com\/wp-content\/uploads\/2020\/02\/logo-osp-1.png\",\"contentUrl\":\"https:\/\/openskypress.com\/wp-content\/uploads\/2020\/02\/logo-osp-1.png\",\"width\":222,\"height\":219,\"caption\":\"Spiritual Books & Films Online Shop #1 | Open Sky Press\"},\"image\":{\"@id\":\"https:\/\/openskypress.com\/#\/schema\/logo\/image\/\"}}]}<\/script>\n<!-- \/ Yoast SEO plugin. -->","yoast_head_json":{"title":"Nan Yar - \u00bfQui\u00e9n Soy Yo? - Spiritual Books &amp; Films Online Shop #1 | Open Sky Press DE","robots":{"index":"index","follow":"follow","max-snippet":"max-snippet:-1","max-image-preview":"max-image-preview:large","max-video-preview":"max-video-preview:-1"},"canonical":"https:\/\/openskypress.com\/es\/product\/nan-yar-quien-soy-yo\/","og_locale":"es_ES","og_type":"article","og_title":"Nan Yar - \u00bfQui\u00e9n Soy Yo? - Spiritual Books &amp; Films Online Shop #1 | Open Sky Press DE","og_description":"E-Book tambi\u00e9n disponible. Haga clic aqu\u00ed  &nbsp;  Nan Yar es un texto espiritual cl\u00e1sico de uno de los maestros indios m\u00e1s grandes de todos los tiempos, Sri Ramana Maharshi, y uno de los libros m\u00e1s importantes del siglo XX.  Nan Yar is a classic spiritual text from one of the greatest Indian teachers, Sri Ramana Maharshi, and one of the most important books of the 20th Century.","og_url":"https:\/\/openskypress.com\/es\/product\/nan-yar-quien-soy-yo\/","og_site_name":"Spiritual Books &amp; Films Online Shop #1 | Open Sky Press DE","article_modified_time":"2025-12-16T12:13:21+00:00","og_image":[{"width":490,"height":740,"url":"https:\/\/openskypress.com\/wp-content\/uploads\/2019\/05\/nan-yar-spanish.png","type":"image\/png"}],"twitter_card":"summary_large_image","twitter_misc":{"Tiempo de lectura":"1 minuto"},"schema":{"@context":"https:\/\/schema.org","@graph":[{"@type":"WebPage","@id":"https:\/\/openskypress.com\/es\/product\/nan-yar-quien-soy-yo\/","url":"https:\/\/openskypress.com\/es\/product\/nan-yar-quien-soy-yo\/","name":"Nan Yar - \u00bfQui\u00e9n Soy Yo? - Spiritual Books &amp; Films Online Shop #1 | Open Sky Press DE","isPartOf":{"@id":"https:\/\/openskypress.com\/#website"},"primaryImageOfPage":{"@id":"https:\/\/openskypress.com\/es\/product\/nan-yar-quien-soy-yo\/#primaryimage"},"image":{"@id":"https:\/\/openskypress.com\/es\/product\/nan-yar-quien-soy-yo\/#primaryimage"},"thumbnailUrl":"https:\/\/openskypress.com\/wp-content\/uploads\/2019\/05\/nan-yar-spanish.png","datePublished":"2019-04-04T08:59:13+00:00","dateModified":"2025-12-16T12:13:21+00:00","breadcrumb":{"@id":"https:\/\/openskypress.com\/es\/product\/nan-yar-quien-soy-yo\/#breadcrumb"},"inLanguage":"es","potentialAction":[{"@type":"ReadAction","target":["https:\/\/openskypress.com\/es\/product\/nan-yar-quien-soy-yo\/"]}]},{"@type":"ImageObject","inLanguage":"es","@id":"https:\/\/openskypress.com\/es\/product\/nan-yar-quien-soy-yo\/#primaryimage","url":"https:\/\/openskypress.com\/wp-content\/uploads\/2019\/05\/nan-yar-spanish.png","contentUrl":"https:\/\/openskypress.com\/wp-content\/uploads\/2019\/05\/nan-yar-spanish.png","width":490,"height":740},{"@type":"BreadcrumbList","@id":"https:\/\/openskypress.com\/es\/product\/nan-yar-quien-soy-yo\/#breadcrumb","itemListElement":[{"@type":"ListItem","position":1,"name":"Home","item":"https:\/\/openskypress.com\/es\/"},{"@type":"ListItem","position":2,"name":"Tienda","item":"https:\/\/openskypress.com\/es\/tienda\/"},{"@type":"ListItem","position":3,"name":"Nan Yar &#8211; \u00bfQui\u00e9n Soy Yo?"}]},{"@type":"WebSite","@id":"https:\/\/openskypress.com\/#website","url":"https:\/\/openskypress.com\/","name":"Spiritual Books & Films Online Shop #1 | Open Sky Press","description":"Best store of Books &amp; DVDs about Satsang, Indian &amp; Western philosophy &amp; yoga. Spiritual teachers talks about awakening, enlightenment and mindfulness","publisher":{"@id":"https:\/\/openskypress.com\/#organization"},"potentialAction":[{"@type":"SearchAction","target":{"@type":"EntryPoint","urlTemplate":"https:\/\/openskypress.com\/?s={search_term_string}"},"query-input":{"@type":"PropertyValueSpecification","valueRequired":true,"valueName":"search_term_string"}}],"inLanguage":"es"},{"@type":"Organization","@id":"https:\/\/openskypress.com\/#organization","name":"Spiritual Books & Films Online Shop #1 | Open Sky Press","url":"https:\/\/openskypress.com\/","logo":{"@type":"ImageObject","inLanguage":"es","@id":"https:\/\/openskypress.com\/#\/schema\/logo\/image\/","url":"https:\/\/openskypress.com\/wp-content\/uploads\/2020\/02\/logo-osp-1.png","contentUrl":"https:\/\/openskypress.com\/wp-content\/uploads\/2020\/02\/logo-osp-1.png","width":222,"height":219,"caption":"Spiritual Books & Films Online Shop #1 | Open Sky Press"},"image":{"@id":"https:\/\/openskypress.com\/#\/schema\/logo\/image\/"}}]}},"_links":{"self":[{"href":"https:\/\/openskypress.com\/es\/wp-json\/wp\/v2\/product\/3786","targetHints":{"allow":["GET"]}}],"collection":[{"href":"https:\/\/openskypress.com\/es\/wp-json\/wp\/v2\/product"}],"about":[{"href":"https:\/\/openskypress.com\/es\/wp-json\/wp\/v2\/types\/product"}],"replies":[{"embeddable":true,"href":"https:\/\/openskypress.com\/es\/wp-json\/wp\/v2\/comments?post=3786"}],"wp:featuredmedia":[{"embeddable":true,"href":"https:\/\/openskypress.com\/es\/wp-json\/wp\/v2\/media\/5075"}],"wp:attachment":[{"href":"https:\/\/openskypress.com\/es\/wp-json\/wp\/v2\/media?parent=3786"}],"wp:term":[{"taxonomy":"product_brand","embeddable":true,"href":"https:\/\/openskypress.com\/es\/wp-json\/wp\/v2\/product_brand?post=3786"},{"taxonomy":"product_cat","embeddable":true,"href":"https:\/\/openskypress.com\/es\/wp-json\/wp\/v2\/product_cat?post=3786"},{"taxonomy":"product_tag","embeddable":true,"href":"https:\/\/openskypress.com\/es\/wp-json\/wp\/v2\/product_tag?post=3786"}],"curies":[{"name":"wp","href":"https:\/\/api.w.org\/{rel}","templated":true}]}}