{"id":13858,"date":"2025-09-06T07:32:24","date_gmt":"2025-09-06T07:32:24","guid":{"rendered":"https:\/\/openskycharity.international\/?post_type=product&#038;p=13858"},"modified":"2025-09-06T07:57:35","modified_gmt":"2025-09-06T07:57:35","slug":"ebook-aham-sphurana-un-destello-de-la-realizacion-del-ser","status":"publish","type":"product","link":"https:\/\/openskypress.com\/es\/product\/ebook-aham-sphurana-un-destello-de-la-realizacion-del-ser\/","title":{"rendered":"eBook Aham Sphurana \u2013 Un destello de la realizaci\u00f3n del Ser"},"content":{"rendered":"<p data-start=\"46\" data-end=\"369\">Estas selecciones de ense\u00f1anzas tomadas del manuscrito <em data-start=\"101\" data-end=\"116\">Aham Sphurana<\/em> ofrecen una nueva y completa visi\u00f3n de Bhagavan Sri Ramana Maharshi como maestro espiritual. Historias de la vida diaria en el ashram revelan su naturaleza multifac\u00e9tica y su profundo poder de una manera que no hab\u00eda sido presentada antes al p\u00fablico.<\/p>\n<p data-start=\"371\" data-end=\"718\">Bhagavan, nacido en 1879, es uno de los m\u00e1s famosos y recientes entre la abundancia de sabios, santos y Maestros espirituales de la India. De joven, a los diecis\u00e9is a\u00f1os, tuvo un despertar espont\u00e1neo. Dej\u00f3 su hogar en Madurai y se dirigi\u00f3 a Tiruvannamalai y a la monta\u00f1a sagrada, Arunachala. All\u00ed vivi\u00f3 y ense\u00f1\u00f3 hasta que dej\u00f3 su cuerpo en 1950.<\/p>\n<p data-start=\"720\" data-end=\"1057\">Queremos animar al lector a abrirse a una aventura en el Silencio, a una nueva perspectiva de la vida cotidiana de Bhagavan y a su propia transformaci\u00f3n interior profunda, a partir de sus ense\u00f1anzas detalladas sobre la Autoindagaci\u00f3n, la Entrega y el J\u00f1ana. Esta selecci\u00f3n de ense\u00f1anzas es un tesoro para todos los devotos de Bhagavan.<\/p>\n\n    <div class=\"xs_social_share_widget xs_share_url after_content \t\tmain_content  wslu-style-1 wslu-share-box-shaped wslu-fill-colored wslu-none wslu-share-horizontal wslu-theme-font-no wslu-main_content\">\n\n\t\t\n        <ul>\n\t\t\t        <\/ul>\n    <\/div> \n","protected":false},"excerpt":{"rendered":"<p>Di\u00e1logos y relatos fascinantes de Sri Ramana Maharshi, registrados por Sri Gajapathi Aiyyer en el verano de 1936 en el Ashram de Ramana. Este libro contiene una selecci\u00f3n del manuscrito completo <em data-start=\"241\" data-end=\"256\">Aham Sphurana<\/em>. Esta selecci\u00f3n, un brillante tesoro, habla por s\u00ed misma. Adem\u00e1s de las ense\u00f1anzas detalladas sobre la Autoindagaci\u00f3n, la Entrega y el J\u00f1ana, ofrece una nueva mirada a la vida cotidiana personal de Bhagavan a los cincuenta y seis a\u00f1os, en su madurez.<\/p>\n<p><a href=\"https:\/\/openskypress.s3.eu-central-1.amazonaws.com\/ebooks\/ES\/epub\/Aham+Sphurana+-+Sample+Epub2.epub\">LECTURA GRATUITA<\/a><\/p>\n<p><a href=\"https:\/\/openskycharity.international\/es\/product\/un-destello-de-la-realizacion-del-ser\/?preview_id=13602&amp;preview_nonce=2f25f56e26&amp;_thumbnail_id=13603&amp;preview=true\">Tambi\u00e9n disponible en tapa blanda.<\/a><\/p>\n","protected":false},"featured_media":13863,"comment_status":"open","ping_status":"closed","template":"","meta":{"postBodyCss":"","postBodyMargin":[],"postBodyPadding":[],"postBodyBackground":{"backgroundType":"classic","gradient":""}},"product_brand":[],"product_cat":[569,625],"product_tag":[572,604,587,588,578,576,591],"class_list":{"0":"post-13858","1":"product","2":"type-product","3":"status-publish","4":"has-post-thumbnail","6":"product_cat-libros-es","7":"product_cat-libros-electronicos-es","8":"product_tag-advaita-es","9":"product_tag-arunachala-es","10":"product_tag-john-david-es","11":"product_tag-open-sky-press-es","12":"product_tag-quien-soy-yo","13":"product_tag-ramana-maharshi-es","14":"product_tag-satsang-es","16":"first","17":"instock","18":"downloadable","19":"taxable","20":"shipping-taxable","21":"purchasable","22":"product-type-simple"},"yoast_head":"<!-- This site is optimized with the Yoast SEO plugin v26.6 - https:\/\/yoast.com\/wordpress\/plugins\/seo\/ -->\n<title>eBook Aham Sphurana \u2013 Un destello de la realizaci\u00f3n del Ser - Spiritual Books &amp; Films Online Shop #1 | Open Sky Press DE<\/title>\n<meta name=\"robots\" content=\"index, follow, max-snippet:-1, max-image-preview:large, max-video-preview:-1\" \/>\n<link rel=\"canonical\" href=\"https:\/\/openskypress.com\/es\/product\/ebook-aham-sphurana-un-destello-de-la-realizacion-del-ser\/\" \/>\n<meta property=\"og:locale\" content=\"es_ES\" \/>\n<meta property=\"og:type\" content=\"article\" \/>\n<meta property=\"og:title\" content=\"eBook Aham Sphurana \u2013 Un destello de la realizaci\u00f3n del Ser - Spiritual Books &amp; Films Online Shop #1 | Open Sky Press DE\" \/>\n<meta property=\"og:description\" content=\"Di\u00e1logos y relatos fascinantes de Sri Ramana Maharshi, registrados por Sri Gajapathi Aiyyer en el verano de 1936 en el Ashram de Ramana. Este libro contiene una selecci\u00f3n del manuscrito completo Aham Sphurana. Esta selecci\u00f3n, un brillante tesoro, habla por s\u00ed misma. Adem\u00e1s de las ense\u00f1anzas detalladas sobre la Autoindagaci\u00f3n, la Entrega y el J\u00f1ana, ofrece una nueva mirada a la vida cotidiana personal de Bhagavan a los cincuenta y seis a\u00f1os, en su madurez.  LECTURA GRATUITA  Tambi\u00e9n disponible en tapa blanda.\" \/>\n<meta property=\"og:url\" content=\"https:\/\/openskypress.com\/es\/product\/ebook-aham-sphurana-un-destello-de-la-realizacion-del-ser\/\" \/>\n<meta property=\"og:site_name\" content=\"Spiritual Books &amp; Films Online Shop #1 | Open Sky Press DE\" \/>\n<meta property=\"article:modified_time\" content=\"2025-09-06T07:57:35+00:00\" \/>\n<meta property=\"og:image\" content=\"https:\/\/openskypress.com\/wp-content\/uploads\/2025\/09\/viber_image_2025-09-06_09-55-13-199.jpg\" \/>\n\t<meta property=\"og:image:width\" content=\"1061\" \/>\n\t<meta property=\"og:image:height\" content=\"1600\" \/>\n\t<meta property=\"og:image:type\" content=\"image\/jpeg\" \/>\n<meta name=\"twitter:card\" content=\"summary_large_image\" \/>\n<meta name=\"twitter:label1\" content=\"Tiempo de lectura\" \/>\n\t<meta name=\"twitter:data1\" content=\"1 minuto\" \/>\n<script type=\"application\/ld+json\" class=\"yoast-schema-graph\">{\"@context\":\"https:\/\/schema.org\",\"@graph\":[{\"@type\":\"WebPage\",\"@id\":\"https:\/\/openskypress.com\/es\/product\/ebook-aham-sphurana-un-destello-de-la-realizacion-del-ser\/\",\"url\":\"https:\/\/openskypress.com\/es\/product\/ebook-aham-sphurana-un-destello-de-la-realizacion-del-ser\/\",\"name\":\"eBook Aham Sphurana \u2013 Un destello de la realizaci\u00f3n del Ser - Spiritual Books &amp; Films Online Shop #1 | Open Sky Press DE\",\"isPartOf\":{\"@id\":\"https:\/\/openskypress.com\/#website\"},\"primaryImageOfPage\":{\"@id\":\"https:\/\/openskypress.com\/es\/product\/ebook-aham-sphurana-un-destello-de-la-realizacion-del-ser\/#primaryimage\"},\"image\":{\"@id\":\"https:\/\/openskypress.com\/es\/product\/ebook-aham-sphurana-un-destello-de-la-realizacion-del-ser\/#primaryimage\"},\"thumbnailUrl\":\"https:\/\/openskypress.com\/wp-content\/uploads\/2025\/09\/viber_image_2025-09-06_09-55-13-199.jpg\",\"datePublished\":\"2025-09-06T07:32:24+00:00\",\"dateModified\":\"2025-09-06T07:57:35+00:00\",\"breadcrumb\":{\"@id\":\"https:\/\/openskypress.com\/es\/product\/ebook-aham-sphurana-un-destello-de-la-realizacion-del-ser\/#breadcrumb\"},\"inLanguage\":\"es\",\"potentialAction\":[{\"@type\":\"ReadAction\",\"target\":[\"https:\/\/openskypress.com\/es\/product\/ebook-aham-sphurana-un-destello-de-la-realizacion-del-ser\/\"]}]},{\"@type\":\"ImageObject\",\"inLanguage\":\"es\",\"@id\":\"https:\/\/openskypress.com\/es\/product\/ebook-aham-sphurana-un-destello-de-la-realizacion-del-ser\/#primaryimage\",\"url\":\"https:\/\/openskypress.com\/wp-content\/uploads\/2025\/09\/viber_image_2025-09-06_09-55-13-199.jpg\",\"contentUrl\":\"https:\/\/openskypress.com\/wp-content\/uploads\/2025\/09\/viber_image_2025-09-06_09-55-13-199.jpg\",\"width\":1061,\"height\":1600},{\"@type\":\"BreadcrumbList\",\"@id\":\"https:\/\/openskypress.com\/es\/product\/ebook-aham-sphurana-un-destello-de-la-realizacion-del-ser\/#breadcrumb\",\"itemListElement\":[{\"@type\":\"ListItem\",\"position\":1,\"name\":\"Home\",\"item\":\"https:\/\/openskypress.com\/es\/\"},{\"@type\":\"ListItem\",\"position\":2,\"name\":\"Tienda\",\"item\":\"https:\/\/openskypress.com\/es\/tienda\/\"},{\"@type\":\"ListItem\",\"position\":3,\"name\":\"eBook Aham Sphurana \u2013 Un destello de la realizaci\u00f3n del Ser\"}]},{\"@type\":\"WebSite\",\"@id\":\"https:\/\/openskypress.com\/#website\",\"url\":\"https:\/\/openskypress.com\/\",\"name\":\"Spiritual Books & Films Online Shop #1 | Open Sky Press\",\"description\":\"Best store of Books &amp; DVDs about Satsang, Indian &amp; Western philosophy &amp; yoga. Spiritual teachers talks about awakening, enlightenment and mindfulness\",\"publisher\":{\"@id\":\"https:\/\/openskypress.com\/#organization\"},\"potentialAction\":[{\"@type\":\"SearchAction\",\"target\":{\"@type\":\"EntryPoint\",\"urlTemplate\":\"https:\/\/openskypress.com\/?s={search_term_string}\"},\"query-input\":{\"@type\":\"PropertyValueSpecification\",\"valueRequired\":true,\"valueName\":\"search_term_string\"}}],\"inLanguage\":\"es\"},{\"@type\":\"Organization\",\"@id\":\"https:\/\/openskypress.com\/#organization\",\"name\":\"Spiritual Books & Films Online Shop #1 | Open Sky Press\",\"url\":\"https:\/\/openskypress.com\/\",\"logo\":{\"@type\":\"ImageObject\",\"inLanguage\":\"es\",\"@id\":\"https:\/\/openskypress.com\/#\/schema\/logo\/image\/\",\"url\":\"https:\/\/openskypress.com\/wp-content\/uploads\/2020\/02\/logo-osp-1.png\",\"contentUrl\":\"https:\/\/openskypress.com\/wp-content\/uploads\/2020\/02\/logo-osp-1.png\",\"width\":222,\"height\":219,\"caption\":\"Spiritual Books & Films Online Shop #1 | Open Sky Press\"},\"image\":{\"@id\":\"https:\/\/openskypress.com\/#\/schema\/logo\/image\/\"}}]}<\/script>\n<!-- \/ Yoast SEO plugin. -->","yoast_head_json":{"title":"eBook Aham Sphurana \u2013 Un destello de la realizaci\u00f3n del Ser - Spiritual Books &amp; Films Online Shop #1 | Open Sky Press DE","robots":{"index":"index","follow":"follow","max-snippet":"max-snippet:-1","max-image-preview":"max-image-preview:large","max-video-preview":"max-video-preview:-1"},"canonical":"https:\/\/openskypress.com\/es\/product\/ebook-aham-sphurana-un-destello-de-la-realizacion-del-ser\/","og_locale":"es_ES","og_type":"article","og_title":"eBook Aham Sphurana \u2013 Un destello de la realizaci\u00f3n del Ser - Spiritual Books &amp; Films Online Shop #1 | Open Sky Press DE","og_description":"Di\u00e1logos y relatos fascinantes de Sri Ramana Maharshi, registrados por Sri Gajapathi Aiyyer en el verano de 1936 en el Ashram de Ramana. Este libro contiene una selecci\u00f3n del manuscrito completo Aham Sphurana. Esta selecci\u00f3n, un brillante tesoro, habla por s\u00ed misma. Adem\u00e1s de las ense\u00f1anzas detalladas sobre la Autoindagaci\u00f3n, la Entrega y el J\u00f1ana, ofrece una nueva mirada a la vida cotidiana personal de Bhagavan a los cincuenta y seis a\u00f1os, en su madurez.  LECTURA GRATUITA  Tambi\u00e9n disponible en tapa blanda.","og_url":"https:\/\/openskypress.com\/es\/product\/ebook-aham-sphurana-un-destello-de-la-realizacion-del-ser\/","og_site_name":"Spiritual Books &amp; Films Online Shop #1 | Open Sky Press DE","article_modified_time":"2025-09-06T07:57:35+00:00","og_image":[{"width":1061,"height":1600,"url":"https:\/\/openskypress.com\/wp-content\/uploads\/2025\/09\/viber_image_2025-09-06_09-55-13-199.jpg","type":"image\/jpeg"}],"twitter_card":"summary_large_image","twitter_misc":{"Tiempo de lectura":"1 minuto"},"schema":{"@context":"https:\/\/schema.org","@graph":[{"@type":"WebPage","@id":"https:\/\/openskypress.com\/es\/product\/ebook-aham-sphurana-un-destello-de-la-realizacion-del-ser\/","url":"https:\/\/openskypress.com\/es\/product\/ebook-aham-sphurana-un-destello-de-la-realizacion-del-ser\/","name":"eBook Aham Sphurana \u2013 Un destello de la realizaci\u00f3n del Ser - Spiritual Books &amp; Films Online Shop #1 | Open Sky Press DE","isPartOf":{"@id":"https:\/\/openskypress.com\/#website"},"primaryImageOfPage":{"@id":"https:\/\/openskypress.com\/es\/product\/ebook-aham-sphurana-un-destello-de-la-realizacion-del-ser\/#primaryimage"},"image":{"@id":"https:\/\/openskypress.com\/es\/product\/ebook-aham-sphurana-un-destello-de-la-realizacion-del-ser\/#primaryimage"},"thumbnailUrl":"https:\/\/openskypress.com\/wp-content\/uploads\/2025\/09\/viber_image_2025-09-06_09-55-13-199.jpg","datePublished":"2025-09-06T07:32:24+00:00","dateModified":"2025-09-06T07:57:35+00:00","breadcrumb":{"@id":"https:\/\/openskypress.com\/es\/product\/ebook-aham-sphurana-un-destello-de-la-realizacion-del-ser\/#breadcrumb"},"inLanguage":"es","potentialAction":[{"@type":"ReadAction","target":["https:\/\/openskypress.com\/es\/product\/ebook-aham-sphurana-un-destello-de-la-realizacion-del-ser\/"]}]},{"@type":"ImageObject","inLanguage":"es","@id":"https:\/\/openskypress.com\/es\/product\/ebook-aham-sphurana-un-destello-de-la-realizacion-del-ser\/#primaryimage","url":"https:\/\/openskypress.com\/wp-content\/uploads\/2025\/09\/viber_image_2025-09-06_09-55-13-199.jpg","contentUrl":"https:\/\/openskypress.com\/wp-content\/uploads\/2025\/09\/viber_image_2025-09-06_09-55-13-199.jpg","width":1061,"height":1600},{"@type":"BreadcrumbList","@id":"https:\/\/openskypress.com\/es\/product\/ebook-aham-sphurana-un-destello-de-la-realizacion-del-ser\/#breadcrumb","itemListElement":[{"@type":"ListItem","position":1,"name":"Home","item":"https:\/\/openskypress.com\/es\/"},{"@type":"ListItem","position":2,"name":"Tienda","item":"https:\/\/openskypress.com\/es\/tienda\/"},{"@type":"ListItem","position":3,"name":"eBook Aham Sphurana \u2013 Un destello de la realizaci\u00f3n del Ser"}]},{"@type":"WebSite","@id":"https:\/\/openskypress.com\/#website","url":"https:\/\/openskypress.com\/","name":"Spiritual Books & Films Online Shop #1 | Open Sky Press","description":"Best store of Books &amp; DVDs about Satsang, Indian &amp; Western philosophy &amp; yoga. Spiritual teachers talks about awakening, enlightenment and mindfulness","publisher":{"@id":"https:\/\/openskypress.com\/#organization"},"potentialAction":[{"@type":"SearchAction","target":{"@type":"EntryPoint","urlTemplate":"https:\/\/openskypress.com\/?s={search_term_string}"},"query-input":{"@type":"PropertyValueSpecification","valueRequired":true,"valueName":"search_term_string"}}],"inLanguage":"es"},{"@type":"Organization","@id":"https:\/\/openskypress.com\/#organization","name":"Spiritual Books & Films Online Shop #1 | Open Sky Press","url":"https:\/\/openskypress.com\/","logo":{"@type":"ImageObject","inLanguage":"es","@id":"https:\/\/openskypress.com\/#\/schema\/logo\/image\/","url":"https:\/\/openskypress.com\/wp-content\/uploads\/2020\/02\/logo-osp-1.png","contentUrl":"https:\/\/openskypress.com\/wp-content\/uploads\/2020\/02\/logo-osp-1.png","width":222,"height":219,"caption":"Spiritual Books & Films Online Shop #1 | Open Sky Press"},"image":{"@id":"https:\/\/openskypress.com\/#\/schema\/logo\/image\/"}}]}},"_links":{"self":[{"href":"https:\/\/openskypress.com\/es\/wp-json\/wp\/v2\/product\/13858","targetHints":{"allow":["GET"]}}],"collection":[{"href":"https:\/\/openskypress.com\/es\/wp-json\/wp\/v2\/product"}],"about":[{"href":"https:\/\/openskypress.com\/es\/wp-json\/wp\/v2\/types\/product"}],"replies":[{"embeddable":true,"href":"https:\/\/openskypress.com\/es\/wp-json\/wp\/v2\/comments?post=13858"}],"wp:featuredmedia":[{"embeddable":true,"href":"https:\/\/openskypress.com\/es\/wp-json\/wp\/v2\/media\/13863"}],"wp:attachment":[{"href":"https:\/\/openskypress.com\/es\/wp-json\/wp\/v2\/media?parent=13858"}],"wp:term":[{"taxonomy":"product_brand","embeddable":true,"href":"https:\/\/openskypress.com\/es\/wp-json\/wp\/v2\/product_brand?post=13858"},{"taxonomy":"product_cat","embeddable":true,"href":"https:\/\/openskypress.com\/es\/wp-json\/wp\/v2\/product_cat?post=13858"},{"taxonomy":"product_tag","embeddable":true,"href":"https:\/\/openskypress.com\/es\/wp-json\/wp\/v2\/product_tag?post=13858"}],"curies":[{"name":"wp","href":"https:\/\/api.w.org\/{rel}","templated":true}]}}