{"id":13602,"date":"2024-12-19T18:31:24","date_gmt":"2024-12-19T18:31:24","guid":{"rendered":"https:\/\/openskycharity.international\/?post_type=product&#038;p=13602"},"modified":"2026-02-07T21:56:53","modified_gmt":"2026-02-07T21:56:53","slug":"un-destello-de-la-realizacion-del-ser","status":"publish","type":"product","link":"https:\/\/openskypress.com\/es\/product\/un-destello-de-la-realizacion-del-ser\/","title":{"rendered":"Aham Sphurana \u2013 Un destello de la realizaci\u00f3n del Ser"},"content":{"rendered":"<p>Estas selecciones de ense\u00f1anzas tomadas del manuscrito <i>Aham Sphurana <\/i>ofrecen una nueva visi\u00f3n redondeada de Bhagavan Sri Ramana Maharshi como maestro espiritual. Historias de la vida cotidiana en el ashram desvelan su naturaleza polifac\u00e9tica y su profundo poder de un modo que no se hab\u00eda ofrecido antes al p\u00fablico.<\/p>\n<p>Bhagav\u00e2n, nacido en 1879, es uno de los m\u00e1s famosos y recientes sabios, santos y Maestros espirituales de la India. Siendo un joven de diecis\u00e9is a\u00f1os, tuvo un despertar espont\u00e1neo. Abandon\u00f3 su hogar en Madurai y se dirigi\u00f3 a Tiruvannamalai y a la monta\u00f1a sagrada de Arunachala. Aqu\u00ed vivi\u00f3 y ense\u00f1\u00f3 hasta que abandon\u00f3 su cuerpo en 1950.<\/p>\n<p>Nos gustar\u00eda animar al lector a estar abierto a una aventura en el Silencio, a una nueva perspectiva de la vida cotidiana de Bhagav\u00e2n y a tu propia y profunda transformaci\u00f3n interior a partir de sus detalladas ense\u00f1anzas sobre Autoindagaci\u00f3n, Entrega y J\u00f1ana. Esta Selecci\u00f3n de Ense\u00f1anzas es un tesoro para todos los devotos de Bhagav\u00e2n.<\/p>\n<div class=\"mb-2 flex gap-3 empty:hidden -ml-2\">\n<div class=\"items-center justify-start rounded-xl p-1 flex\">\n<div class=\"flex items-center\">\n<div class=\"flex\"><\/div>\n<div class=\"flex items-center pb-0\"><\/div>\n<\/div>\n<\/div>\n<\/div>\n\n    <div class=\"xs_social_share_widget xs_share_url after_content \t\tmain_content  wslu-style-1 wslu-share-box-shaped wslu-fill-colored wslu-none wslu-share-horizontal wslu-theme-font-no wslu-main_content\">\n\n\t\t\n        <ul>\n\t\t\t        <\/ul>\n    <\/div> \n","protected":false},"excerpt":{"rendered":"<p>Fascinantes di\u00e1logos y relatos de Sri Ramana Maharshi grabados por Sri Gajapathi Aiyyer en el verano de 1936, en el Ramana Ashram. Este libro contiene una selecci\u00f3n del manuscrito completo <i>Aham Sphurana<\/i>. Esta selecci\u00f3n, un brillante tesoro, habla por s\u00ed misma. Adem\u00e1s de las detalladas ense\u00f1anzas sobre Autoindagaci\u00f3n, Entrega y <i>Jnana<\/i>, expone una nueva visi\u00f3n de la vida cotidiana personal de Bhagav\u00e2n a los cincuenta y seis a\u00f1os, en su edad madura.<\/p>\n<p><a href=\"https:\/\/openskypress.com\/es\/product\/ebook-aham-sphurana-un-destello-de-la-realizacion-del-ser\/\">Tambi\u00e9n disponible como libro electr\u00f3nico<\/a><\/p>\n<p>&nbsp;<\/p>\n","protected":false},"featured_media":13603,"comment_status":"open","ping_status":"closed","template":"","meta":{"postBodyCss":"","postBodyMargin":[],"postBodyPadding":[],"postBodyBackground":{"backgroundType":"classic","gradient":""}},"product_brand":[],"product_cat":[1180,1247,569],"product_tag":[],"class_list":{"0":"post-13602","1":"product","2":"type-product","3":"status-publish","4":"has-post-thumbnail","6":"product_cat-published-by-open-sky-press","7":"product_cat-ramana-maharshi","8":"product_cat-libros-es","10":"first","11":"instock","12":"taxable","13":"shipping-taxable","14":"purchasable","15":"product-type-simple"},"yoast_head":"<!-- This site is optimized with the Yoast SEO plugin v26.6 - https:\/\/yoast.com\/wordpress\/plugins\/seo\/ -->\n<title>Aham Sphurana \u2013 Un destello de la realizaci\u00f3n del Ser - Spiritual Books &amp; Films Online Shop #1 | Open Sky Press DE<\/title>\n<meta name=\"robots\" content=\"index, follow, max-snippet:-1, max-image-preview:large, max-video-preview:-1\" \/>\n<link rel=\"canonical\" href=\"https:\/\/openskypress.com\/es\/product\/un-destello-de-la-realizacion-del-ser\/\" \/>\n<meta property=\"og:locale\" content=\"es_ES\" \/>\n<meta property=\"og:type\" content=\"article\" \/>\n<meta property=\"og:title\" content=\"Aham Sphurana \u2013 Un destello de la realizaci\u00f3n del Ser - Spiritual Books &amp; Films Online Shop #1 | Open Sky Press DE\" \/>\n<meta property=\"og:description\" content=\"Fascinantes di\u00e1logos y relatos de Sri Ramana Maharshi grabados por Sri Gajapathi Aiyyer en el verano de 1936, en el Ramana Ashram. Este libro contiene una selecci\u00f3n del manuscrito completo Aham Sphurana. Esta selecci\u00f3n, un brillante tesoro, habla por s\u00ed misma. Adem\u00e1s de las detalladas ense\u00f1anzas sobre Autoindagaci\u00f3n, Entrega y Jnana, expone una nueva visi\u00f3n de la vida cotidiana personal de Bhagav\u00e2n a los cincuenta y seis a\u00f1os, en su edad madura.  Tambi\u00e9n disponible como libro electr\u00f3nico  &nbsp;\" \/>\n<meta property=\"og:url\" content=\"https:\/\/openskypress.com\/es\/product\/un-destello-de-la-realizacion-del-ser\/\" \/>\n<meta property=\"og:site_name\" content=\"Spiritual Books &amp; Films Online Shop #1 | Open Sky Press DE\" \/>\n<meta property=\"article:modified_time\" content=\"2026-02-07T21:56:53+00:00\" \/>\n<meta property=\"og:image\" content=\"https:\/\/openskypress.com\/wp-content\/uploads\/2024\/12\/Aham-Sphurana-ES.png\" \/>\n\t<meta property=\"og:image:width\" content=\"1040\" \/>\n\t<meta property=\"og:image:height\" content=\"1544\" \/>\n\t<meta property=\"og:image:type\" content=\"image\/png\" \/>\n<meta name=\"twitter:card\" content=\"summary_large_image\" \/>\n<meta name=\"twitter:label1\" content=\"Tiempo de lectura\" \/>\n\t<meta name=\"twitter:data1\" content=\"1 minuto\" \/>\n<script type=\"application\/ld+json\" class=\"yoast-schema-graph\">{\"@context\":\"https:\/\/schema.org\",\"@graph\":[{\"@type\":\"WebPage\",\"@id\":\"https:\/\/openskypress.com\/es\/product\/un-destello-de-la-realizacion-del-ser\/\",\"url\":\"https:\/\/openskypress.com\/es\/product\/un-destello-de-la-realizacion-del-ser\/\",\"name\":\"Aham Sphurana \u2013 Un destello de la realizaci\u00f3n del Ser - Spiritual Books &amp; Films Online Shop #1 | Open Sky Press DE\",\"isPartOf\":{\"@id\":\"https:\/\/openskypress.com\/#website\"},\"primaryImageOfPage\":{\"@id\":\"https:\/\/openskypress.com\/es\/product\/un-destello-de-la-realizacion-del-ser\/#primaryimage\"},\"image\":{\"@id\":\"https:\/\/openskypress.com\/es\/product\/un-destello-de-la-realizacion-del-ser\/#primaryimage\"},\"thumbnailUrl\":\"https:\/\/openskypress.com\/wp-content\/uploads\/2024\/12\/Aham-Sphurana-ES.png\",\"datePublished\":\"2024-12-19T18:31:24+00:00\",\"dateModified\":\"2026-02-07T21:56:53+00:00\",\"breadcrumb\":{\"@id\":\"https:\/\/openskypress.com\/es\/product\/un-destello-de-la-realizacion-del-ser\/#breadcrumb\"},\"inLanguage\":\"es\",\"potentialAction\":[{\"@type\":\"ReadAction\",\"target\":[\"https:\/\/openskypress.com\/es\/product\/un-destello-de-la-realizacion-del-ser\/\"]}]},{\"@type\":\"ImageObject\",\"inLanguage\":\"es\",\"@id\":\"https:\/\/openskypress.com\/es\/product\/un-destello-de-la-realizacion-del-ser\/#primaryimage\",\"url\":\"https:\/\/openskypress.com\/wp-content\/uploads\/2024\/12\/Aham-Sphurana-ES.png\",\"contentUrl\":\"https:\/\/openskypress.com\/wp-content\/uploads\/2024\/12\/Aham-Sphurana-ES.png\",\"width\":1040,\"height\":1544,\"caption\":\"Aham Sphurana ES\"},{\"@type\":\"BreadcrumbList\",\"@id\":\"https:\/\/openskypress.com\/es\/product\/un-destello-de-la-realizacion-del-ser\/#breadcrumb\",\"itemListElement\":[{\"@type\":\"ListItem\",\"position\":1,\"name\":\"Home\",\"item\":\"https:\/\/openskypress.com\/es\/\"},{\"@type\":\"ListItem\",\"position\":2,\"name\":\"Tienda\",\"item\":\"https:\/\/openskypress.com\/es\/tienda\/\"},{\"@type\":\"ListItem\",\"position\":3,\"name\":\"Aham Sphurana \u2013 Un destello de la realizaci\u00f3n del Ser\"}]},{\"@type\":\"WebSite\",\"@id\":\"https:\/\/openskypress.com\/#website\",\"url\":\"https:\/\/openskypress.com\/\",\"name\":\"Spiritual Books & Films Online Shop #1 | Open Sky Press\",\"description\":\"Best store of Books &amp; DVDs about Satsang, Indian &amp; Western philosophy &amp; yoga. Spiritual teachers talks about awakening, enlightenment and mindfulness\",\"publisher\":{\"@id\":\"https:\/\/openskypress.com\/#organization\"},\"potentialAction\":[{\"@type\":\"SearchAction\",\"target\":{\"@type\":\"EntryPoint\",\"urlTemplate\":\"https:\/\/openskypress.com\/?s={search_term_string}\"},\"query-input\":{\"@type\":\"PropertyValueSpecification\",\"valueRequired\":true,\"valueName\":\"search_term_string\"}}],\"inLanguage\":\"es\"},{\"@type\":\"Organization\",\"@id\":\"https:\/\/openskypress.com\/#organization\",\"name\":\"Spiritual Books & Films Online Shop #1 | Open Sky Press\",\"url\":\"https:\/\/openskypress.com\/\",\"logo\":{\"@type\":\"ImageObject\",\"inLanguage\":\"es\",\"@id\":\"https:\/\/openskypress.com\/#\/schema\/logo\/image\/\",\"url\":\"https:\/\/openskypress.com\/wp-content\/uploads\/2020\/02\/logo-osp-1.png\",\"contentUrl\":\"https:\/\/openskypress.com\/wp-content\/uploads\/2020\/02\/logo-osp-1.png\",\"width\":222,\"height\":219,\"caption\":\"Spiritual Books & Films Online Shop #1 | Open Sky Press\"},\"image\":{\"@id\":\"https:\/\/openskypress.com\/#\/schema\/logo\/image\/\"}}]}<\/script>\n<!-- \/ Yoast SEO plugin. -->","yoast_head_json":{"title":"Aham Sphurana \u2013 Un destello de la realizaci\u00f3n del Ser - Spiritual Books &amp; Films Online Shop #1 | Open Sky Press DE","robots":{"index":"index","follow":"follow","max-snippet":"max-snippet:-1","max-image-preview":"max-image-preview:large","max-video-preview":"max-video-preview:-1"},"canonical":"https:\/\/openskypress.com\/es\/product\/un-destello-de-la-realizacion-del-ser\/","og_locale":"es_ES","og_type":"article","og_title":"Aham Sphurana \u2013 Un destello de la realizaci\u00f3n del Ser - Spiritual Books &amp; Films Online Shop #1 | Open Sky Press DE","og_description":"Fascinantes di\u00e1logos y relatos de Sri Ramana Maharshi grabados por Sri Gajapathi Aiyyer en el verano de 1936, en el Ramana Ashram. Este libro contiene una selecci\u00f3n del manuscrito completo Aham Sphurana. Esta selecci\u00f3n, un brillante tesoro, habla por s\u00ed misma. Adem\u00e1s de las detalladas ense\u00f1anzas sobre Autoindagaci\u00f3n, Entrega y Jnana, expone una nueva visi\u00f3n de la vida cotidiana personal de Bhagav\u00e2n a los cincuenta y seis a\u00f1os, en su edad madura.  Tambi\u00e9n disponible como libro electr\u00f3nico  &nbsp;","og_url":"https:\/\/openskypress.com\/es\/product\/un-destello-de-la-realizacion-del-ser\/","og_site_name":"Spiritual Books &amp; Films Online Shop #1 | Open Sky Press DE","article_modified_time":"2026-02-07T21:56:53+00:00","og_image":[{"width":1040,"height":1544,"url":"https:\/\/openskypress.com\/wp-content\/uploads\/2024\/12\/Aham-Sphurana-ES.png","type":"image\/png"}],"twitter_card":"summary_large_image","twitter_misc":{"Tiempo de lectura":"1 minuto"},"schema":{"@context":"https:\/\/schema.org","@graph":[{"@type":"WebPage","@id":"https:\/\/openskypress.com\/es\/product\/un-destello-de-la-realizacion-del-ser\/","url":"https:\/\/openskypress.com\/es\/product\/un-destello-de-la-realizacion-del-ser\/","name":"Aham Sphurana \u2013 Un destello de la realizaci\u00f3n del Ser - Spiritual Books &amp; Films Online Shop #1 | Open Sky Press DE","isPartOf":{"@id":"https:\/\/openskypress.com\/#website"},"primaryImageOfPage":{"@id":"https:\/\/openskypress.com\/es\/product\/un-destello-de-la-realizacion-del-ser\/#primaryimage"},"image":{"@id":"https:\/\/openskypress.com\/es\/product\/un-destello-de-la-realizacion-del-ser\/#primaryimage"},"thumbnailUrl":"https:\/\/openskypress.com\/wp-content\/uploads\/2024\/12\/Aham-Sphurana-ES.png","datePublished":"2024-12-19T18:31:24+00:00","dateModified":"2026-02-07T21:56:53+00:00","breadcrumb":{"@id":"https:\/\/openskypress.com\/es\/product\/un-destello-de-la-realizacion-del-ser\/#breadcrumb"},"inLanguage":"es","potentialAction":[{"@type":"ReadAction","target":["https:\/\/openskypress.com\/es\/product\/un-destello-de-la-realizacion-del-ser\/"]}]},{"@type":"ImageObject","inLanguage":"es","@id":"https:\/\/openskypress.com\/es\/product\/un-destello-de-la-realizacion-del-ser\/#primaryimage","url":"https:\/\/openskypress.com\/wp-content\/uploads\/2024\/12\/Aham-Sphurana-ES.png","contentUrl":"https:\/\/openskypress.com\/wp-content\/uploads\/2024\/12\/Aham-Sphurana-ES.png","width":1040,"height":1544,"caption":"Aham Sphurana ES"},{"@type":"BreadcrumbList","@id":"https:\/\/openskypress.com\/es\/product\/un-destello-de-la-realizacion-del-ser\/#breadcrumb","itemListElement":[{"@type":"ListItem","position":1,"name":"Home","item":"https:\/\/openskypress.com\/es\/"},{"@type":"ListItem","position":2,"name":"Tienda","item":"https:\/\/openskypress.com\/es\/tienda\/"},{"@type":"ListItem","position":3,"name":"Aham Sphurana \u2013 Un destello de la realizaci\u00f3n del Ser"}]},{"@type":"WebSite","@id":"https:\/\/openskypress.com\/#website","url":"https:\/\/openskypress.com\/","name":"Spiritual Books & Films Online Shop #1 | Open Sky Press","description":"Best store of Books &amp; DVDs about Satsang, Indian &amp; Western philosophy &amp; yoga. Spiritual teachers talks about awakening, enlightenment and mindfulness","publisher":{"@id":"https:\/\/openskypress.com\/#organization"},"potentialAction":[{"@type":"SearchAction","target":{"@type":"EntryPoint","urlTemplate":"https:\/\/openskypress.com\/?s={search_term_string}"},"query-input":{"@type":"PropertyValueSpecification","valueRequired":true,"valueName":"search_term_string"}}],"inLanguage":"es"},{"@type":"Organization","@id":"https:\/\/openskypress.com\/#organization","name":"Spiritual Books & Films Online Shop #1 | Open Sky Press","url":"https:\/\/openskypress.com\/","logo":{"@type":"ImageObject","inLanguage":"es","@id":"https:\/\/openskypress.com\/#\/schema\/logo\/image\/","url":"https:\/\/openskypress.com\/wp-content\/uploads\/2020\/02\/logo-osp-1.png","contentUrl":"https:\/\/openskypress.com\/wp-content\/uploads\/2020\/02\/logo-osp-1.png","width":222,"height":219,"caption":"Spiritual Books & Films Online Shop #1 | Open Sky Press"},"image":{"@id":"https:\/\/openskypress.com\/#\/schema\/logo\/image\/"}}]}},"_links":{"self":[{"href":"https:\/\/openskypress.com\/es\/wp-json\/wp\/v2\/product\/13602","targetHints":{"allow":["GET"]}}],"collection":[{"href":"https:\/\/openskypress.com\/es\/wp-json\/wp\/v2\/product"}],"about":[{"href":"https:\/\/openskypress.com\/es\/wp-json\/wp\/v2\/types\/product"}],"replies":[{"embeddable":true,"href":"https:\/\/openskypress.com\/es\/wp-json\/wp\/v2\/comments?post=13602"}],"wp:featuredmedia":[{"embeddable":true,"href":"https:\/\/openskypress.com\/es\/wp-json\/wp\/v2\/media\/13603"}],"wp:attachment":[{"href":"https:\/\/openskypress.com\/es\/wp-json\/wp\/v2\/media?parent=13602"}],"wp:term":[{"taxonomy":"product_brand","embeddable":true,"href":"https:\/\/openskypress.com\/es\/wp-json\/wp\/v2\/product_brand?post=13602"},{"taxonomy":"product_cat","embeddable":true,"href":"https:\/\/openskypress.com\/es\/wp-json\/wp\/v2\/product_cat?post=13602"},{"taxonomy":"product_tag","embeddable":true,"href":"https:\/\/openskypress.com\/es\/wp-json\/wp\/v2\/product_tag?post=13602"}],"curies":[{"name":"wp","href":"https:\/\/api.w.org\/{rel}","templated":true}]}}