{"id":3685,"date":"2019-04-27T21:51:20","date_gmt":"2019-04-27T21:51:20","guid":{"rendered":"https:\/\/openskycharity.international\/casa\/"},"modified":"2025-12-30T22:15:18","modified_gmt":"2025-12-30T22:15:18","slug":"inicio","status":"publish","type":"page","link":"https:\/\/openskypress.com\/es\/inicio\/","title":{"rendered":"Inicio"},"content":{"rendered":"\t\t<div data-elementor-type=\"wp-page\" data-elementor-id=\"3685\" class=\"elementor elementor-3685 elementor-10\" data-elementor-post-type=\"page\">\n\t\t\t\t<div class=\"elementor-element elementor-element-3006bbff e-flex e-con-boxed e-con e-parent\" data-id=\"3006bbff\" data-element_type=\"container\">\n\t\t\t\t\t<div class=\"e-con-inner\">\n\t\t\t\t<div class=\"elementor-element elementor-element-4125c37a elementor-widget elementor-widget-text-editor\" data-id=\"4125c37a\" data-element_type=\"widget\" data-widget_type=\"text-editor.default\">\n\t\t\t\t\t\t\t\t\t<p>[vc_row full_width=\u00bbstretch_row_content_no_spaces\u00bb css=\u00bb.vc_custom_1555708911255{margin-top: -18px !important;}\u00bb][vc_column offset=\u00bbvc_hidden-md vc_hidden-sm vc_hidden-xs\u00bb][layerslider_vc id=\u00bb2&#8243;][\/vc_column][\/vc_row][vc_row full_width=\u00bbstretch_row_content_no_spaces\u00bb css=\u00bb.vc_custom_1555708911255{margin-top: -18px !important;}\u00bb][vc_column offset=\u00bbvc_hidden-lg\u00bb][layerslider_vc id=\u00bb8&#8243;][\/vc_column][\/vc_row][vc_row el_class=\u00bbkpgt\u00bb][vc_column][\/vc_column][\/vc_row][vc_row][vc_column][vc_empty_space height=\u00bb40px\u00bb][\/vc_column][\/vc_row][vc_row][vc_column][vc_text_separator title=\u00bbNuestras categor\u00edas\u00bb color=\u00bbblack\u00bb][\/vc_column][\/vc_row][vc_row][vc_column width=\u00bb1\/3&#8243;][vc_column_text][laborator_image_banner image=\u00bb5357&#8243; img_size=\u00bbmedium\u00bb is_category_link=\u00bbyes\u00bb product_term_id=\u00bb198&#8243; font_color=\u00bb#ffffff\u00bb style=\u00bbbanner-type-bordered-title\u00bb animation=\u00bbzoomIn\u00bb][\/vc_column_text][\/vc_column][vc_column width=\u00bb1\/3&#8243;][vc_column_text][laborator_image_banner image=\u00bb5361&#8243; img_size=\u00bbmedium\u00bb is_category_link=\u00bbyes\u00bb product_term_id=\u00bb199&#8243; font_color=\u00bb#ffffff\u00bb style=\u00bbbanner-type-bordered-title\u00bb animation=\u00bbzoomIn\u00bb][\/vc_column_text][\/vc_column][vc_column width=\u00bb1\/3&#8243;][vc_column_text][laborator_image_banner image=\u00bb5365&#8243; img_size=\u00bbmedium\u00bb is_category_link=\u00bbyes\u00bb product_term_id=\u00bb205&#8243; font_color=\u00bb#ffffff\u00bb style=\u00bbbanner-type-bordered-title\u00bb animation=\u00bbzoomIn\u00bb][\/vc_column_text][\/vc_column][\/vc_row][vc_row][vc_column][vc_btn title=\u00bbVer m\u00e1s\u00bb style=\u00bbcustom\u00bb custom_background=\u00bb#bcbcbc\u00bb custom_text=\u00bb#666666&#8243; shape=\u00bbround\u00bb size=\u00bblg\u00bb align=\u00bbcenter\u00bb link=\u00bburl:https%3A%2F%2Fopenskycharity.international%2Fshop%2F|||\u00bb][\/vc_column][\/vc_row][vc_row el_class=\u00bbgallery-item-list\u00bb][vc_column][vc_text_separator title=\u00bbPr\u00f3ximos eventos con John David\u00bb color=\u00bbblack\u00bb el_class=\u00bbtext-align: center\u00bb][vc_gallery type=\u00bbimage_grid\u00bb images=\u00bb11879,11347,13883,13891&#8243; img_size=\u00bb200&#215;291&#8243; onclick=\u00bbcustom_link\u00bb custom_links_target=\u00bb_blank\u00bb custom_links=\u00bb#E-8_aHR0cHMlM0ElMkYlMkZqb2huZGF2aWRzYXRzYW5nLmludGVybmF0aW9uYWwlMkZ6b29tLXNhdHNhbmclMkNodHRwcyUzQSUyRiUyRmpvaG5kYXZpZHNhdHNhbmcuaW50ZXJuYXRpb25hbCUyRnpvb20tYXJjaGl2ZSUyQ2h0dHBzJTNBJTJGJTJGam9obmRhdmlkc2F0c2FuZy5pbnRlcm5hdGlvbmFsJTJGaW5kaWElMkNodHRwcyUzQSUyRiUyRnd3dy5vcGVuc2t5aG91c2Uub3JnJTJGZW4lMkZzZWxmLWlucXVpcnklMkYlMkM=\u00bb css=\u00bb.vc_custom_1760805925342{margin-bottom: 50px !important;margin-left: 120px !important;padding-bottom: 20px !important;}\u00bb][vc_text_separator title=\u00bbLo que la gente dice\u00bb color=\u00bbblack\u00bb el_class=\u00bbtext-align: center\u00bb css=\u00bb.vc_custom_1622446713009{margin-top: 20px !important;}\u00bb][vc_column_text]<\/p><div style=\"text-align: justify;\"><span class=\"s1\" style=\"text-align: center;\"><span class=\"color:#000000 !important\">Muchas gracias por el amor con el que est\u00e1n hechos vuestros libros y pel\u00edculas. Un alimento nutritivo e inspirador para la mente y el alma. <\/span><\/span><\/div><p><em>Ole Jensen, Dinamarca<\/em><\/p><div style=\"text-align: justify;\"><p>Los libros de John David tienen un estilo propio que me gusta mucho. Profundamente espirituales, f\u00e1ciles de entender, escritos con humor y muy conectados con la tierra.<br>Katja Koch, Alemania<\/p><p>[expand title=\u00bbRead more\u00bb]Estoy muy agradecida de que publiqu\u00e9is estos libros tan inspiradores y bellamente dise\u00f1ados. Estos tesoros me han acompa\u00f1ado durante muchos a\u00f1os y siempre son una gran gu\u00eda. Me encanta hojearlos y siempre descubro algo nuevo. \u00a1Seguid as\u00ed! Vuestro trabajo amoroso es un verdadero regalo para mi vida. Muchas gracias.     <\/p><p><em>Oliver de Baviera, Alemania<\/em><\/p><p> <\/p><p><span class=\"s1\">Es genial que vuestras pel\u00edculas tengan subt\u00edtulos en tantos idiomas, as\u00ed tambi\u00e9n puedo envi\u00e1rselas a mis amigos en el extranjero.<\/span><\/p><p><em>Felix Danillo, Suiza<\/em><\/p><p> <\/p><p><span class=\"s1\">Me gusta especialmente que en cada libro teng\u00e1is fotos muy bonitas e interesantes.<\/span><\/p><p><em>Joan Robinson, Reino Unido<\/em><\/p><\/div><p>[\/expand][\/vc_column_text][\/vc_column][\/vc_row][vc_row][vc_column][vc_empty_space height=\u00bb40px\u00bb][vc_text_separator title=\u00bbAutor principal\u00bb color=\u00bbblack\u00bb][\/vc_column][\/vc_row][vc_row][vc_column width=\u00bb1\/4&#8243;][vc_single_image image=\u00bb10650&#8243; img_size=\u00bbfull\u00bb alignment=\u00bbcenter\u00bb style=\u00bbvc_box_circle_2&#8243; onclick=\u00bbcustom_link\u00bb link=\u00bbhttps:\/\/openskycharity.international\/product-category\/books\/john-david-books\/\u00bb][vc_column_text]<\/p><p style=\"text-align: center; font-size: 25px; color: #000000;\">John David<\/p><p>[\/vc_column_text][\/vc_column][vc_column width=\u00bb3\/4&#8243; el_class=\u00bbtext-align: justify\u00bb][vc_column_text]<\/p><div style=\"font-size: 18px; color: #000000; text-align: justify;\"><p>John David es un maestro espiritual, autor, cineasta y pintor. Al crecer en el Reino Unido, desde muy joven estuvo ocupado por la pregunta fundamental: \u00ab\u00bfDe qu\u00e9 se trata la vida?\u00bb. Tras estudiar Ingenier\u00eda Civil y Arquitectura, se traslad\u00f3 a Jap\u00f3n, donde escuch\u00f3 por primera vez sobre el Satsang y Osho. Poco tiempo despu\u00e9s lleg\u00f3 inesperadamente al ashram de Osho en Pune, donde permaneci\u00f3 intermitentemente durante quince a\u00f1os.  Despu\u00e9s de la muerte de Osho, lleg\u00f3 a la puerta de su segundo maestro, <a href=\"https:\/\/en.wikipedia.org\/wiki\/H.W.L._Poonja\">Sri H. W. L. Poonja<\/a>, tambi\u00e9n conocido como Papaji, quien fue disc\u00edpulo directo de Bhagavan Sri Ramana Maharshi. Aqu\u00ed terminaron veinte a\u00f1os de b\u00fasqueda espiritual, y descubri\u00f3 qui\u00e9n era realmente. <a href=\"https:\/\/johndavidsatsang.international\/\">johndavidsatsang.international<\/a><\/p><p>John David permaneci\u00f3 con Papaji durante los siguientes cinco a\u00f1os y luego se traslad\u00f3 a Australia, donde comenz\u00f3 a compartir en encuentros de Satsang. En 2003 regres\u00f3 a Europa y empez\u00f3 a viajar y a ofrecer Satsang en Alemania.  Despu\u00e9s de un retiro de verano en 2004, John David y un grupo de estudiantes fundaron juntos una comunidad espiritual llamada Open Sky House, centrada en el Satsang y el despertar espiritual, <a href=\"http:\/\/www.openskyhouse.international\">www.openskyhouse.international<\/a><\/p><\/div><p>[expand title=\u00bbRead more\u00bb]<\/p><div style=\"font-size: 18px; color: #000000; text-align: justify;\"><p>La ense\u00f1anza de John David est\u00e1 influenciada por la tradici\u00f3n advaita oriental. El mensaje simple y directo que transmite es volverse silencioso, vaciarse y descubrir que somos la felicidad misma. Su ense\u00f1anza y gu\u00eda se expresan en encuentros de Satsang y retiros, as\u00ed como en la vida cotidiana de las comunidades de Open Sky House.  <\/p><p><strong> <\/strong>La comunidad principal se encuentra cerca de Colonia, en Alemania, donde unas 20 personas cercanas, procedentes de diferentes pa\u00edses, viven y trabajan juntas. Se ha convertido en un lugar de encuentro internacional para personas interesadas en el Satsang y el despertar espiritual.<br>En 2013, John David apoy\u00f3 a un grupo de estudiantes de Ucrania para iniciar una comunidad en Trypillia, cerca de Kiev, y desde 2015 existe una Open Sky House en D\u00e9nia, cerca de Valencia, en la costa mediterr\u00e1nea de Espa\u00f1a.  <\/p><p>Existe un intercambio vivo entre las tres comunidades de Open Sky House, y John David viaja entre ellas ofreciendo regularmente fines de semana y retiros. Cada segundo s\u00e1bado ofrece encuentros en l\u00ednea, para que puedas conectarte desde donde te encuentres.<br>M\u00e1s informaci\u00f3n: <a href=\"http:\/\/www.johndavidsatsang.com\">www.johndavidsatsang.international\/Zoom<\/a>  <\/p><\/div><p>[\/expand][\/vc_column_text][\/vc_column][\/vc_row]<\/p>\t\t\t\t\t\t\t\t<\/div>\n\t\t\t\t\t<\/div>\n\t\t\t\t<\/div>\n\t\t\t\t<\/div>\n\t\t\n    <div class=\"xs_social_share_widget xs_share_url after_content \t\tmain_content  wslu-style-1 wslu-share-box-shaped wslu-fill-colored wslu-none wslu-share-horizontal wslu-theme-font-no wslu-main_content\">\n\n\t\t\n        <ul>\n\t\t\t        <\/ul>\n    <\/div> \n","protected":false},"excerpt":{"rendered":"<p>[vc_row full_width=\u00bbstretch_row_content_no_spaces\u00bb css=\u00bb.vc_custom_1555708911255{margin-top: -18px !important;}\u00bb][vc_column offset=\u00bbvc_hidden-md vc_hidden-sm vc_hidden-xs\u00bb][layerslider_vc id=\u00bb2&#8243;][\/vc_column][\/vc_row][vc_row full_width=\u00bbstretch_row_content_no_spaces\u00bb css=\u00bb.vc_custom_1555708911255{margin-top: -18px !important;}\u00bb][vc_column offset=\u00bbvc_hidden-lg\u00bb][layerslider_vc id=\u00bb8&#8243;][\/vc_column][\/vc_row][vc_row el_class=\u00bbkpgt\u00bb][vc_column][\/vc_column][\/vc_row][vc_row][vc_column][vc_empty_space height=\u00bb40px\u00bb][\/vc_column][\/vc_row][vc_row][vc_column][vc_text_separator title=\u00bbNuestras categor\u00edas\u00bb color=\u00bbblack\u00bb][\/vc_column][\/vc_row][vc_row][vc_column width=\u00bb1\/3&#8243;][vc_column_text][laborator_image_banner image=\u00bb5357&#8243; img_size=\u00bbmedium\u00bb is_category_link=\u00bbyes\u00bb product_term_id=\u00bb198&#8243; font_color=\u00bb#ffffff\u00bb style=\u00bbbanner-type-bordered-title\u00bb animation=\u00bbzoomIn\u00bb][\/vc_column_text][\/vc_column][vc_column width=\u00bb1\/3&#8243;][vc_column_text][laborator_image_banner image=\u00bb5361&#8243; img_size=\u00bbmedium\u00bb is_category_link=\u00bbyes\u00bb product_term_id=\u00bb199&#8243; font_color=\u00bb#ffffff\u00bb style=\u00bbbanner-type-bordered-title\u00bb animation=\u00bbzoomIn\u00bb][\/vc_column_text][\/vc_column][vc_column width=\u00bb1\/3&#8243;][vc_column_text][laborator_image_banner image=\u00bb5365&#8243; img_size=\u00bbmedium\u00bb is_category_link=\u00bbyes\u00bb product_term_id=\u00bb205&#8243; font_color=\u00bb#ffffff\u00bb style=\u00bbbanner-type-bordered-title\u00bb animation=\u00bbzoomIn\u00bb][\/vc_column_text][\/vc_column][\/vc_row][vc_row][vc_column][vc_btn title=\u00bbVer m\u00e1s\u00bb style=\u00bbcustom\u00bb custom_background=\u00bb#bcbcbc\u00bb custom_text=\u00bb#666666&#8243; shape=\u00bbround\u00bb size=\u00bblg\u00bb align=\u00bbcenter\u00bb link=\u00bburl:https%3A%2F%2Fopenskycharity.international%2Fshop%2F|||\u00bb][\/vc_column][\/vc_row][vc_row el_class=\u00bbgallery-item-list\u00bb][vc_column][vc_text_separator title=\u00bbPr\u00f3ximos [&hellip;]<\/p>\n","protected":false},"author":1,"featured_media":0,"parent":0,"menu_order":0,"comment_status":"closed","ping_status":"closed","template":"","meta":{"postBodyCss":"","postBodyMargin":[],"postBodyPadding":[],"postBodyBackground":{"backgroundType":"classic","gradient":""},"footnotes":""},"class_list":["post-3685","page","type-page","status-publish","hentry"],"yoast_head":"<!-- This site is optimized with the Yoast SEO plugin v26.6 - https:\/\/yoast.com\/wordpress\/plugins\/seo\/ -->\n<title>Inicio - Spiritual Books &amp; Films Online Shop #1 | Open Sky Press DE<\/title>\n<meta name=\"robots\" content=\"index, follow, max-snippet:-1, max-image-preview:large, max-video-preview:-1\" \/>\n<link rel=\"canonical\" href=\"https:\/\/openskypress.com\/es\/inicio\/\" \/>\n<meta property=\"og:locale\" content=\"es_ES\" \/>\n<meta property=\"og:type\" content=\"article\" \/>\n<meta property=\"og:title\" content=\"Inicio - Spiritual Books &amp; Films Online Shop #1 | Open Sky Press DE\" \/>\n<meta property=\"og:description\" content=\"[vc_row full_width=\u00bbstretch_row_content_no_spaces\u00bb css=\u00bb.vc_custom_1555708911255{margin-top: -18px !important;}\u00bb][vc_column offset=\u00bbvc_hidden-md vc_hidden-sm vc_hidden-xs\u00bb][layerslider_vc id=\u00bb2&#8243;][\/vc_column][\/vc_row][vc_row full_width=\u00bbstretch_row_content_no_spaces\u00bb css=\u00bb.vc_custom_1555708911255{margin-top: -18px !important;}\u00bb][vc_column offset=\u00bbvc_hidden-lg\u00bb][layerslider_vc id=\u00bb8&#8243;][\/vc_column][\/vc_row][vc_row el_class=\u00bbkpgt\u00bb][vc_column][\/vc_column][\/vc_row][vc_row][vc_column][vc_empty_space height=\u00bb40px\u00bb][\/vc_column][\/vc_row][vc_row][vc_column][vc_text_separator title=\u00bbNuestras categor\u00edas\u00bb color=\u00bbblack\u00bb][\/vc_column][\/vc_row][vc_row][vc_column width=\u00bb1\/3&#8243;][vc_column_text][laborator_image_banner image=\u00bb5357&#8243; img_size=\u00bbmedium\u00bb is_category_link=\u00bbyes\u00bb product_term_id=\u00bb198&#8243; font_color=\u00bb#ffffff\u00bb style=\u00bbbanner-type-bordered-title\u00bb animation=\u00bbzoomIn\u00bb][\/vc_column_text][\/vc_column][vc_column width=\u00bb1\/3&#8243;][vc_column_text][laborator_image_banner image=\u00bb5361&#8243; img_size=\u00bbmedium\u00bb is_category_link=\u00bbyes\u00bb product_term_id=\u00bb199&#8243; font_color=\u00bb#ffffff\u00bb style=\u00bbbanner-type-bordered-title\u00bb animation=\u00bbzoomIn\u00bb][\/vc_column_text][\/vc_column][vc_column width=\u00bb1\/3&#8243;][vc_column_text][laborator_image_banner image=\u00bb5365&#8243; img_size=\u00bbmedium\u00bb is_category_link=\u00bbyes\u00bb product_term_id=\u00bb205&#8243; font_color=\u00bb#ffffff\u00bb style=\u00bbbanner-type-bordered-title\u00bb animation=\u00bbzoomIn\u00bb][\/vc_column_text][\/vc_column][\/vc_row][vc_row][vc_column][vc_btn title=\u00bbVer m\u00e1s\u00bb style=\u00bbcustom\u00bb custom_background=\u00bb#bcbcbc\u00bb custom_text=\u00bb#666666&#8243; shape=\u00bbround\u00bb size=\u00bblg\u00bb align=\u00bbcenter\u00bb link=\u00bburl:https%3A%2F%2Fopenskycharity.international%2Fshop%2F|||\u00bb][\/vc_column][\/vc_row][vc_row el_class=\u00bbgallery-item-list\u00bb][vc_column][vc_text_separator title=\u00bbPr\u00f3ximos [&hellip;]\" \/>\n<meta property=\"og:url\" content=\"https:\/\/openskypress.com\/es\/inicio\/\" \/>\n<meta property=\"og:site_name\" content=\"Spiritual Books &amp; Films Online Shop #1 | Open Sky Press DE\" \/>\n<meta property=\"article:modified_time\" content=\"2025-12-30T22:15:18+00:00\" \/>\n<meta name=\"twitter:card\" content=\"summary_large_image\" \/>\n<meta name=\"twitter:label1\" content=\"Tiempo de lectura\" \/>\n\t<meta name=\"twitter:data1\" content=\"5 minutos\" \/>\n<script type=\"application\/ld+json\" class=\"yoast-schema-graph\">{\"@context\":\"https:\/\/schema.org\",\"@graph\":[{\"@type\":\"WebPage\",\"@id\":\"https:\/\/openskypress.com\/es\/inicio\/\",\"url\":\"https:\/\/openskypress.com\/es\/inicio\/\",\"name\":\"Inicio - Spiritual Books &amp; Films Online Shop #1 | Open Sky Press DE\",\"isPartOf\":{\"@id\":\"https:\/\/openskypress.com\/#website\"},\"datePublished\":\"2019-04-27T21:51:20+00:00\",\"dateModified\":\"2025-12-30T22:15:18+00:00\",\"breadcrumb\":{\"@id\":\"https:\/\/openskypress.com\/es\/inicio\/#breadcrumb\"},\"inLanguage\":\"es\",\"potentialAction\":[{\"@type\":\"ReadAction\",\"target\":[\"https:\/\/openskypress.com\/es\/inicio\/\"]}]},{\"@type\":\"BreadcrumbList\",\"@id\":\"https:\/\/openskypress.com\/es\/inicio\/#breadcrumb\",\"itemListElement\":[{\"@type\":\"ListItem\",\"position\":1,\"name\":\"Home\",\"item\":\"https:\/\/openskypress.com\/es\/\"},{\"@type\":\"ListItem\",\"position\":2,\"name\":\"Inicio\"}]},{\"@type\":\"WebSite\",\"@id\":\"https:\/\/openskypress.com\/#website\",\"url\":\"https:\/\/openskypress.com\/\",\"name\":\"Spiritual Books & Films Online Shop #1 | Open Sky Press\",\"description\":\"Best store of Books &amp; DVDs about Satsang, Indian &amp; Western philosophy &amp; yoga. Spiritual teachers talks about awakening, enlightenment and mindfulness\",\"publisher\":{\"@id\":\"https:\/\/openskypress.com\/#organization\"},\"potentialAction\":[{\"@type\":\"SearchAction\",\"target\":{\"@type\":\"EntryPoint\",\"urlTemplate\":\"https:\/\/openskypress.com\/?s={search_term_string}\"},\"query-input\":{\"@type\":\"PropertyValueSpecification\",\"valueRequired\":true,\"valueName\":\"search_term_string\"}}],\"inLanguage\":\"es\"},{\"@type\":\"Organization\",\"@id\":\"https:\/\/openskypress.com\/#organization\",\"name\":\"Spiritual Books & Films Online Shop #1 | Open Sky Press\",\"url\":\"https:\/\/openskypress.com\/\",\"logo\":{\"@type\":\"ImageObject\",\"inLanguage\":\"es\",\"@id\":\"https:\/\/openskypress.com\/#\/schema\/logo\/image\/\",\"url\":\"https:\/\/openskypress.com\/wp-content\/uploads\/2020\/02\/logo-osp-1.png\",\"contentUrl\":\"https:\/\/openskypress.com\/wp-content\/uploads\/2020\/02\/logo-osp-1.png\",\"width\":222,\"height\":219,\"caption\":\"Spiritual Books & Films Online Shop #1 | Open Sky Press\"},\"image\":{\"@id\":\"https:\/\/openskypress.com\/#\/schema\/logo\/image\/\"}}]}<\/script>\n<!-- \/ Yoast SEO plugin. -->","yoast_head_json":{"title":"Inicio - Spiritual Books &amp; Films Online Shop #1 | Open Sky Press DE","robots":{"index":"index","follow":"follow","max-snippet":"max-snippet:-1","max-image-preview":"max-image-preview:large","max-video-preview":"max-video-preview:-1"},"canonical":"https:\/\/openskypress.com\/es\/inicio\/","og_locale":"es_ES","og_type":"article","og_title":"Inicio - Spiritual Books &amp; Films Online Shop #1 | Open Sky Press DE","og_description":"[vc_row full_width=\u00bbstretch_row_content_no_spaces\u00bb css=\u00bb.vc_custom_1555708911255{margin-top: -18px !important;}\u00bb][vc_column offset=\u00bbvc_hidden-md vc_hidden-sm vc_hidden-xs\u00bb][layerslider_vc id=\u00bb2&#8243;][\/vc_column][\/vc_row][vc_row full_width=\u00bbstretch_row_content_no_spaces\u00bb css=\u00bb.vc_custom_1555708911255{margin-top: -18px !important;}\u00bb][vc_column offset=\u00bbvc_hidden-lg\u00bb][layerslider_vc id=\u00bb8&#8243;][\/vc_column][\/vc_row][vc_row el_class=\u00bbkpgt\u00bb][vc_column][\/vc_column][\/vc_row][vc_row][vc_column][vc_empty_space height=\u00bb40px\u00bb][\/vc_column][\/vc_row][vc_row][vc_column][vc_text_separator title=\u00bbNuestras categor\u00edas\u00bb color=\u00bbblack\u00bb][\/vc_column][\/vc_row][vc_row][vc_column width=\u00bb1\/3&#8243;][vc_column_text][laborator_image_banner image=\u00bb5357&#8243; img_size=\u00bbmedium\u00bb is_category_link=\u00bbyes\u00bb product_term_id=\u00bb198&#8243; font_color=\u00bb#ffffff\u00bb style=\u00bbbanner-type-bordered-title\u00bb animation=\u00bbzoomIn\u00bb][\/vc_column_text][\/vc_column][vc_column width=\u00bb1\/3&#8243;][vc_column_text][laborator_image_banner image=\u00bb5361&#8243; img_size=\u00bbmedium\u00bb is_category_link=\u00bbyes\u00bb product_term_id=\u00bb199&#8243; font_color=\u00bb#ffffff\u00bb style=\u00bbbanner-type-bordered-title\u00bb animation=\u00bbzoomIn\u00bb][\/vc_column_text][\/vc_column][vc_column width=\u00bb1\/3&#8243;][vc_column_text][laborator_image_banner image=\u00bb5365&#8243; img_size=\u00bbmedium\u00bb is_category_link=\u00bbyes\u00bb product_term_id=\u00bb205&#8243; font_color=\u00bb#ffffff\u00bb style=\u00bbbanner-type-bordered-title\u00bb animation=\u00bbzoomIn\u00bb][\/vc_column_text][\/vc_column][\/vc_row][vc_row][vc_column][vc_btn title=\u00bbVer m\u00e1s\u00bb style=\u00bbcustom\u00bb custom_background=\u00bb#bcbcbc\u00bb custom_text=\u00bb#666666&#8243; shape=\u00bbround\u00bb size=\u00bblg\u00bb align=\u00bbcenter\u00bb link=\u00bburl:https%3A%2F%2Fopenskycharity.international%2Fshop%2F|||\u00bb][\/vc_column][\/vc_row][vc_row el_class=\u00bbgallery-item-list\u00bb][vc_column][vc_text_separator title=\u00bbPr\u00f3ximos [&hellip;]","og_url":"https:\/\/openskypress.com\/es\/inicio\/","og_site_name":"Spiritual Books &amp; Films Online Shop #1 | Open Sky Press DE","article_modified_time":"2025-12-30T22:15:18+00:00","twitter_card":"summary_large_image","twitter_misc":{"Tiempo de lectura":"5 minutos"},"schema":{"@context":"https:\/\/schema.org","@graph":[{"@type":"WebPage","@id":"https:\/\/openskypress.com\/es\/inicio\/","url":"https:\/\/openskypress.com\/es\/inicio\/","name":"Inicio - Spiritual Books &amp; Films Online Shop #1 | Open Sky Press DE","isPartOf":{"@id":"https:\/\/openskypress.com\/#website"},"datePublished":"2019-04-27T21:51:20+00:00","dateModified":"2025-12-30T22:15:18+00:00","breadcrumb":{"@id":"https:\/\/openskypress.com\/es\/inicio\/#breadcrumb"},"inLanguage":"es","potentialAction":[{"@type":"ReadAction","target":["https:\/\/openskypress.com\/es\/inicio\/"]}]},{"@type":"BreadcrumbList","@id":"https:\/\/openskypress.com\/es\/inicio\/#breadcrumb","itemListElement":[{"@type":"ListItem","position":1,"name":"Home","item":"https:\/\/openskypress.com\/es\/"},{"@type":"ListItem","position":2,"name":"Inicio"}]},{"@type":"WebSite","@id":"https:\/\/openskypress.com\/#website","url":"https:\/\/openskypress.com\/","name":"Spiritual Books & Films Online Shop #1 | Open Sky Press","description":"Best store of Books &amp; DVDs about Satsang, Indian &amp; Western philosophy &amp; yoga. Spiritual teachers talks about awakening, enlightenment and mindfulness","publisher":{"@id":"https:\/\/openskypress.com\/#organization"},"potentialAction":[{"@type":"SearchAction","target":{"@type":"EntryPoint","urlTemplate":"https:\/\/openskypress.com\/?s={search_term_string}"},"query-input":{"@type":"PropertyValueSpecification","valueRequired":true,"valueName":"search_term_string"}}],"inLanguage":"es"},{"@type":"Organization","@id":"https:\/\/openskypress.com\/#organization","name":"Spiritual Books & Films Online Shop #1 | Open Sky Press","url":"https:\/\/openskypress.com\/","logo":{"@type":"ImageObject","inLanguage":"es","@id":"https:\/\/openskypress.com\/#\/schema\/logo\/image\/","url":"https:\/\/openskypress.com\/wp-content\/uploads\/2020\/02\/logo-osp-1.png","contentUrl":"https:\/\/openskypress.com\/wp-content\/uploads\/2020\/02\/logo-osp-1.png","width":222,"height":219,"caption":"Spiritual Books & Films Online Shop #1 | Open Sky Press"},"image":{"@id":"https:\/\/openskypress.com\/#\/schema\/logo\/image\/"}}]}},"_links":{"self":[{"href":"https:\/\/openskypress.com\/es\/wp-json\/wp\/v2\/pages\/3685","targetHints":{"allow":["GET"]}}],"collection":[{"href":"https:\/\/openskypress.com\/es\/wp-json\/wp\/v2\/pages"}],"about":[{"href":"https:\/\/openskypress.com\/es\/wp-json\/wp\/v2\/types\/page"}],"author":[{"embeddable":true,"href":"https:\/\/openskypress.com\/es\/wp-json\/wp\/v2\/users\/1"}],"replies":[{"embeddable":true,"href":"https:\/\/openskypress.com\/es\/wp-json\/wp\/v2\/comments?post=3685"}],"version-history":[{"count":5,"href":"https:\/\/openskypress.com\/es\/wp-json\/wp\/v2\/pages\/3685\/revisions"}],"predecessor-version":[{"id":15438,"href":"https:\/\/openskypress.com\/es\/wp-json\/wp\/v2\/pages\/3685\/revisions\/15438"}],"wp:attachment":[{"href":"https:\/\/openskypress.com\/es\/wp-json\/wp\/v2\/media?parent=3685"}],"curies":[{"name":"wp","href":"https:\/\/api.w.org\/{rel}","templated":true}]}}