{"id":15422,"date":"2025-12-30T19:08:31","date_gmt":"2025-12-30T19:08:31","guid":{"rendered":"https:\/\/openskypress.com\/aviso-legal\/"},"modified":"2025-12-30T19:08:31","modified_gmt":"2025-12-30T19:08:31","slug":"aviso-legal","status":"publish","type":"page","link":"https:\/\/openskypress.com\/es\/aviso-legal\/","title":{"rendered":"Aviso legal"},"content":{"rendered":"\t\t<div data-elementor-type=\"wp-page\" data-elementor-id=\"15422\" class=\"elementor elementor-15422 elementor-3117\" data-elementor-post-type=\"page\">\n\t\t\t\t<div class=\"elementor-element elementor-element-60b5406 e-flex e-con-boxed e-con e-parent\" data-id=\"60b5406\" data-element_type=\"container\">\n\t\t\t\t\t<div class=\"e-con-inner\">\n\t\t\t\t<div class=\"elementor-element elementor-element-3928f106 elementor-widget elementor-widget-text-editor\" data-id=\"3928f106\" data-element_type=\"widget\" data-widget_type=\"text-editor.default\">\n\t\t\t\t\t\t\t\t\t<p><span style=\"font-family: var( --e-global-typography-text-font-family ), Sans-serif; text-align: var(--text-align);\">Proveedor seg\u00fan la TDG \/ MDStV y responsable seg\u00fan la ley<\/span><\/p><div align=\"justify\"><p>Responsible i.S.d. \u00a7 6 paragraph 2 content:Open Sky Press GbR.<br>Kleinh\u00fclsen 16<br>40721 Hilden<br>Germany<\/p><p>Tel\u00e9fono y WhatsApp: +49 (0) 152 22 473 253<\/p><p>Correo electr\u00f3nico: office(at)openskypress.com<br>Director general: Niko Buhmann y Johannes Deinhard<\/p><p>Open Sky Press GbR<br>N.\u00ba de IVA: DE361353844<\/p><\/div><div align=\"justify\"><p><b>Aviso legal<\/b><\/p><p>1. Contenido en l\u00ednea<br>El editor no asume ninguna responsabilidad por la actualidad, exactitud, integridad o calidad de la informaci\u00f3n proporcionada. Quedan excluidas las reclamaciones de responsabilidad contra el editor por da\u00f1os materiales o inmateriales causados por el uso o no uso de la informaci\u00f3n ofrecida, o por el uso de informaci\u00f3n incorrecta o incompleta, salvo en caso de dolo o negligencia grave por parte del editor.<br>Todas las ofertas son sin compromiso. El editor se reserva expresamente el derecho de modificar, complementar, eliminar o suspender temporal o definitivamente partes de la oferta o la totalidad de la misma sin previo aviso.  <\/p><p>2. Referencias y enlaces<br>En el caso de enlaces directos o indirectos a sitios web externos que est\u00e9n fuera del \u00e1mbito de responsabilidad del editor, la responsabilidad solo existir\u00e1 si el editor tiene conocimiento del contenido ilegal y si fuera t\u00e9cnica y razonablemente posible impedir su uso.<br>El editor declara expresamente que, en el momento de establecer los enlaces, no se detect\u00f3 ning\u00fan contenido ilegal en las p\u00e1ginas enlazadas. El editor no tiene influencia alguna sobre el dise\u00f1o actual o futuro, los contenidos o la autor\u00eda de las p\u00e1ginas enlazadas. Por ello, se distancia expresamente de todos los contenidos de todas las p\u00e1ginas enlazadas que hayan sido modificadas despu\u00e9s de la creaci\u00f3n del enlace.<br>Esto se aplica a todos los enlaces y referencias incluidos dentro de la propia oferta en l\u00ednea, as\u00ed como a las entradas realizadas por terceros en libros de visitas, foros de discusi\u00f3n, directorios de enlaces, listas de correo y cualquier otra forma de bases de datos a las que sea posible el acceso externo.<br>Por contenidos ilegales, incorrectos o incompletos, as\u00ed como por los da\u00f1os derivados del uso o no uso de dicha informaci\u00f3n, el \u00fanico responsable es el proveedor de la p\u00e1gina a la que se hace referencia, y no quien haya incluido el enlace.     <\/p><p><b>3. Copyright and Trademarks<\/b><br>The publisher is anxious to respect the copyrights of the images, graphics, sound files, video sequences and texts, to use his own graphics, sound files, video sequences and texts or to use graphics, sound files, video sequences and texts. All within the Internet offer and possibly protected brands and trademarks are the provisions of applicable trademark law and the rights of the copyright owner. The mere mention does not imply that trademarks are not protected by law!  <br>Los derechos de autor de los contenidos publicados creados por el editor permanecen en poder del autor. Cualquier reproducci\u00f3n o uso de gr\u00e1ficos, archivos de sonido, secuencias de v\u00eddeo y textos en otras publicaciones electr\u00f3nicas o impresas est\u00e1 prohibido sin el consentimiento expreso del autor. <\/p><p>4. Pol\u00edtica de privacidad<br>Si se ofrece la posibilidad de introducir datos personales o comerciales (direcciones de correo electr\u00f3nico, nombres, direcciones), la introducci\u00f3n de dichos datos se realiza de forma voluntaria. El uso y el pago de todos los servicios ofrecidos \u2014si es t\u00e9cnicamente posible y razonable\u2014 pueden realizarse sin proporcionar datos personales o mediante el uso de datos anonimizados o un seud\u00f3nimo. El uso de los datos del aviso legal o de informaci\u00f3n comparable, como direcciones postales, n\u00fameros de tel\u00e9fono, fax y direcciones de correo electr\u00f3nico publicados, para el env\u00edo de informaci\u00f3n no solicitada est\u00e1 prohibido. Se reservan expresamente acciones legales contra los remitentes de correos no deseados que infrinjan esta prohibici\u00f3n.<\/p><p>5. Validez legal de este aviso legal<br>Este aviso legal debe considerarse parte integrante de la publicaci\u00f3n en internet a la que se hace referencia en esta p\u00e1gina. Si algunas secciones o formulaciones individuales de este texto no fueran legales o correctas, el contenido y la validez de las dem\u00e1s partes del documento no se ver\u00e1n afectados.<\/p><\/div><p>[\/vc_column_text][\/vc_column][\/vc_row]<\/p>\t\t\t\t\t\t\t\t<\/div>\n\t\t\t\t\t<\/div>\n\t\t\t\t<\/div>\n\t\t\t\t<\/div>\n\t\t\n    <div class=\"xs_social_share_widget xs_share_url after_content \t\tmain_content  wslu-style-1 wslu-share-box-shaped wslu-fill-colored wslu-none wslu-share-horizontal wslu-theme-font-no wslu-main_content\">\n\n\t\t\n        <ul>\n\t\t\t        <\/ul>\n    <\/div> \n","protected":false},"excerpt":{"rendered":"<p>Proveedor seg\u00fan la TDG \/ MDStV y responsable seg\u00fan la ley Responsible i.S.d. \u00a7 6 paragraph 2 content:Open Sky Press GbR.Kleinh\u00fclsen 1640721 HildenGermany Tel\u00e9fono y WhatsApp: +49 (0) 152 22 473 253 Correo electr\u00f3nico: office(at)openskypress.comDirector general: Niko Buhmann y Johannes Deinhard Open Sky Press GbRN.\u00ba de IVA: DE361353844 Aviso legal 1. Contenido en l\u00edneaEl editor [&hellip;]<\/p>\n","protected":false},"author":1,"featured_media":0,"parent":0,"menu_order":0,"comment_status":"closed","ping_status":"closed","template":"","meta":{"postBodyCss":"","postBodyMargin":[],"postBodyPadding":[],"postBodyBackground":{"backgroundType":"classic","gradient":""},"footnotes":""},"class_list":["post-15422","page","type-page","status-publish","hentry"],"yoast_head":"<!-- This site is optimized with the Yoast SEO plugin v26.6 - https:\/\/yoast.com\/wordpress\/plugins\/seo\/ -->\n<title>Aviso legal - Spiritual Books &amp; Films Online Shop #1 | Open Sky Press DE<\/title>\n<meta name=\"robots\" content=\"index, follow, max-snippet:-1, max-image-preview:large, max-video-preview:-1\" \/>\n<link rel=\"canonical\" href=\"https:\/\/openskypress.com\/es\/aviso-legal\/\" \/>\n<meta property=\"og:locale\" content=\"es_ES\" \/>\n<meta property=\"og:type\" content=\"article\" \/>\n<meta property=\"og:title\" content=\"Aviso legal - Spiritual Books &amp; Films Online Shop #1 | Open Sky Press DE\" \/>\n<meta property=\"og:description\" content=\"Proveedor seg\u00fan la TDG \/ MDStV y responsable seg\u00fan la ley Responsible i.S.d. \u00a7 6 paragraph 2 content:Open Sky Press GbR.Kleinh\u00fclsen 1640721 HildenGermany Tel\u00e9fono y WhatsApp: +49 (0) 152 22 473 253 Correo electr\u00f3nico: office(at)openskypress.comDirector general: Niko Buhmann y Johannes Deinhard Open Sky Press GbRN.\u00ba de IVA: DE361353844 Aviso legal 1. Contenido en l\u00edneaEl editor [&hellip;]\" \/>\n<meta property=\"og:url\" content=\"https:\/\/openskypress.com\/es\/aviso-legal\/\" \/>\n<meta property=\"og:site_name\" content=\"Spiritual Books &amp; Films Online Shop #1 | Open Sky Press DE\" \/>\n<meta name=\"twitter:card\" content=\"summary_large_image\" \/>\n<meta name=\"twitter:label1\" content=\"Tiempo de lectura\" \/>\n\t<meta name=\"twitter:data1\" content=\"3 minutos\" \/>\n<script type=\"application\/ld+json\" class=\"yoast-schema-graph\">{\"@context\":\"https:\/\/schema.org\",\"@graph\":[{\"@type\":\"WebPage\",\"@id\":\"https:\/\/openskypress.com\/es\/aviso-legal\/\",\"url\":\"https:\/\/openskypress.com\/es\/aviso-legal\/\",\"name\":\"Aviso legal - Spiritual Books &amp; Films Online Shop #1 | Open Sky Press DE\",\"isPartOf\":{\"@id\":\"https:\/\/openskypress.com\/#website\"},\"datePublished\":\"2025-12-30T19:08:31+00:00\",\"breadcrumb\":{\"@id\":\"https:\/\/openskypress.com\/es\/aviso-legal\/#breadcrumb\"},\"inLanguage\":\"es\",\"potentialAction\":[{\"@type\":\"ReadAction\",\"target\":[\"https:\/\/openskypress.com\/es\/aviso-legal\/\"]}]},{\"@type\":\"BreadcrumbList\",\"@id\":\"https:\/\/openskypress.com\/es\/aviso-legal\/#breadcrumb\",\"itemListElement\":[{\"@type\":\"ListItem\",\"position\":1,\"name\":\"Home\",\"item\":\"https:\/\/openskypress.com\/es\/\"},{\"@type\":\"ListItem\",\"position\":2,\"name\":\"Aviso legal\"}]},{\"@type\":\"WebSite\",\"@id\":\"https:\/\/openskypress.com\/#website\",\"url\":\"https:\/\/openskypress.com\/\",\"name\":\"Spiritual Books & Films Online Shop #1 | Open Sky Press\",\"description\":\"Best store of Books &amp; DVDs about Satsang, Indian &amp; Western philosophy &amp; yoga. Spiritual teachers talks about awakening, enlightenment and mindfulness\",\"publisher\":{\"@id\":\"https:\/\/openskypress.com\/#organization\"},\"potentialAction\":[{\"@type\":\"SearchAction\",\"target\":{\"@type\":\"EntryPoint\",\"urlTemplate\":\"https:\/\/openskypress.com\/?s={search_term_string}\"},\"query-input\":{\"@type\":\"PropertyValueSpecification\",\"valueRequired\":true,\"valueName\":\"search_term_string\"}}],\"inLanguage\":\"es\"},{\"@type\":\"Organization\",\"@id\":\"https:\/\/openskypress.com\/#organization\",\"name\":\"Spiritual Books & Films Online Shop #1 | Open Sky Press\",\"url\":\"https:\/\/openskypress.com\/\",\"logo\":{\"@type\":\"ImageObject\",\"inLanguage\":\"es\",\"@id\":\"https:\/\/openskypress.com\/#\/schema\/logo\/image\/\",\"url\":\"https:\/\/openskypress.com\/wp-content\/uploads\/2020\/02\/logo-osp-1.png\",\"contentUrl\":\"https:\/\/openskypress.com\/wp-content\/uploads\/2020\/02\/logo-osp-1.png\",\"width\":222,\"height\":219,\"caption\":\"Spiritual Books & Films Online Shop #1 | Open Sky Press\"},\"image\":{\"@id\":\"https:\/\/openskypress.com\/#\/schema\/logo\/image\/\"}}]}<\/script>\n<!-- \/ Yoast SEO plugin. -->","yoast_head_json":{"title":"Aviso legal - Spiritual Books &amp; Films Online Shop #1 | Open Sky Press DE","robots":{"index":"index","follow":"follow","max-snippet":"max-snippet:-1","max-image-preview":"max-image-preview:large","max-video-preview":"max-video-preview:-1"},"canonical":"https:\/\/openskypress.com\/es\/aviso-legal\/","og_locale":"es_ES","og_type":"article","og_title":"Aviso legal - Spiritual Books &amp; Films Online Shop #1 | Open Sky Press DE","og_description":"Proveedor seg\u00fan la TDG \/ MDStV y responsable seg\u00fan la ley Responsible i.S.d. \u00a7 6 paragraph 2 content:Open Sky Press GbR.Kleinh\u00fclsen 1640721 HildenGermany Tel\u00e9fono y WhatsApp: +49 (0) 152 22 473 253 Correo electr\u00f3nico: office(at)openskypress.comDirector general: Niko Buhmann y Johannes Deinhard Open Sky Press GbRN.\u00ba de IVA: DE361353844 Aviso legal 1. Contenido en l\u00edneaEl editor [&hellip;]","og_url":"https:\/\/openskypress.com\/es\/aviso-legal\/","og_site_name":"Spiritual Books &amp; Films Online Shop #1 | Open Sky Press DE","twitter_card":"summary_large_image","twitter_misc":{"Tiempo de lectura":"3 minutos"},"schema":{"@context":"https:\/\/schema.org","@graph":[{"@type":"WebPage","@id":"https:\/\/openskypress.com\/es\/aviso-legal\/","url":"https:\/\/openskypress.com\/es\/aviso-legal\/","name":"Aviso legal - Spiritual Books &amp; Films Online Shop #1 | Open Sky Press DE","isPartOf":{"@id":"https:\/\/openskypress.com\/#website"},"datePublished":"2025-12-30T19:08:31+00:00","breadcrumb":{"@id":"https:\/\/openskypress.com\/es\/aviso-legal\/#breadcrumb"},"inLanguage":"es","potentialAction":[{"@type":"ReadAction","target":["https:\/\/openskypress.com\/es\/aviso-legal\/"]}]},{"@type":"BreadcrumbList","@id":"https:\/\/openskypress.com\/es\/aviso-legal\/#breadcrumb","itemListElement":[{"@type":"ListItem","position":1,"name":"Home","item":"https:\/\/openskypress.com\/es\/"},{"@type":"ListItem","position":2,"name":"Aviso legal"}]},{"@type":"WebSite","@id":"https:\/\/openskypress.com\/#website","url":"https:\/\/openskypress.com\/","name":"Spiritual Books & Films Online Shop #1 | Open Sky Press","description":"Best store of Books &amp; DVDs about Satsang, Indian &amp; Western philosophy &amp; yoga. Spiritual teachers talks about awakening, enlightenment and mindfulness","publisher":{"@id":"https:\/\/openskypress.com\/#organization"},"potentialAction":[{"@type":"SearchAction","target":{"@type":"EntryPoint","urlTemplate":"https:\/\/openskypress.com\/?s={search_term_string}"},"query-input":{"@type":"PropertyValueSpecification","valueRequired":true,"valueName":"search_term_string"}}],"inLanguage":"es"},{"@type":"Organization","@id":"https:\/\/openskypress.com\/#organization","name":"Spiritual Books & Films Online Shop #1 | Open Sky Press","url":"https:\/\/openskypress.com\/","logo":{"@type":"ImageObject","inLanguage":"es","@id":"https:\/\/openskypress.com\/#\/schema\/logo\/image\/","url":"https:\/\/openskypress.com\/wp-content\/uploads\/2020\/02\/logo-osp-1.png","contentUrl":"https:\/\/openskypress.com\/wp-content\/uploads\/2020\/02\/logo-osp-1.png","width":222,"height":219,"caption":"Spiritual Books & Films Online Shop #1 | Open Sky Press"},"image":{"@id":"https:\/\/openskypress.com\/#\/schema\/logo\/image\/"}}]}},"_links":{"self":[{"href":"https:\/\/openskypress.com\/es\/wp-json\/wp\/v2\/pages\/15422","targetHints":{"allow":["GET"]}}],"collection":[{"href":"https:\/\/openskypress.com\/es\/wp-json\/wp\/v2\/pages"}],"about":[{"href":"https:\/\/openskypress.com\/es\/wp-json\/wp\/v2\/types\/page"}],"author":[{"embeddable":true,"href":"https:\/\/openskypress.com\/es\/wp-json\/wp\/v2\/users\/1"}],"replies":[{"embeddable":true,"href":"https:\/\/openskypress.com\/es\/wp-json\/wp\/v2\/comments?post=15422"}],"version-history":[{"count":3,"href":"https:\/\/openskypress.com\/es\/wp-json\/wp\/v2\/pages\/15422\/revisions"}],"predecessor-version":[{"id":15425,"href":"https:\/\/openskypress.com\/es\/wp-json\/wp\/v2\/pages\/15422\/revisions\/15425"}],"wp:attachment":[{"href":"https:\/\/openskypress.com\/es\/wp-json\/wp\/v2\/media?parent=15422"}],"curies":[{"name":"wp","href":"https:\/\/api.w.org\/{rel}","templated":true}]}}