{"id":9124,"date":"2019-12-30T09:38:07","date_gmt":"2019-12-30T09:38:07","guid":{"rendered":"https:\/\/openskycharity.international\/?post_type=product&#038;p=9124"},"modified":"2026-01-22T09:04:46","modified_gmt":"2026-01-22T09:04:46","slug":"download-krishna-das-de","status":"publish","type":"product","link":"https:\/\/openskypress.com\/de\/product\/download-krishna-das-de\/","title":{"rendered":"Interview mit Krishna Das"},"content":{"rendered":"<p><iframe src=\"https:\/\/player.vimeo.com\/video\/416685185\" width=\"820\" height=\"615\" frameborder=\"0\" allowfullscreen=\"allowfullscreen\"><\/iframe><\/p>\n\n    <div class=\"xs_social_share_widget xs_share_url after_content \t\tmain_content  wslu-style-1 wslu-share-box-shaped wslu-fill-colored wslu-none wslu-share-horizontal wslu-theme-font-no wslu-main_content\">\n\n\t\t\n        <ul>\n\t\t\t        <\/ul>\n    <\/div> \n","protected":false},"excerpt":{"rendered":"<p align=\"justify\">Begegnungen mit eindrucksvollen Menschen<\/p>\n<p align=\"justify\">Die Musik von Krishna Das hat weltweit Millionen von Herzen ber\u00fchrt. In dieser ber\u00fchrenden Begegnung mit John David erz\u00e4hlt er seine faszinierende Lebensgeschichte und gibt tiefe Einblicke in die Kraft der Liebe, die die Menschen in seiner Stimme sp\u00fcren. Krishna Das erz\u00e4hlt, wie ihn das Singen ge\u00f6ffnet hat und durch einen dunklen Tunnel der Selbstzerst\u00f6rung und Verzweiflung ins Licht der Liebe gef\u00fchrt hat. Ein sehr inspirierender Film \u00fcber Krishna Das und seine bescheidene und einfache Herangehensweise an das Leben.<\/p>\n<div><em><i>Englisch mit deutschen Untertiteln<\/i><\/em><\/div>\n","protected":false},"featured_media":11477,"comment_status":"open","ping_status":"closed","template":"","meta":{"postBodyCss":"","postBodyMargin":[],"postBodyPadding":[],"postBodyBackground":{"backgroundType":"classic","gradient":""}},"product_brand":[],"product_cat":[388,777,778,389],"product_tag":[443,407,438,451,440,474,442,799,445,801,1029,449,1045,460,494,465],"class_list":{"0":"post-9124","1":"product","2":"type-product","3":"status-publish","4":"has-post-thumbnail","6":"product_cat-filme","7":"product_cat-john-david-dvds","8":"product_cat-open-sky-press-filme","9":"product_cat-filmdownloads","10":"product_tag-befreiung","11":"product_tag-erleuchtung","12":"product_tag-freiheit","13":"product_tag-frieden","14":"product_tag-gluck","15":"product_tag-indische-meister","16":"product_tag-innerer-frieden","17":"product_tag-krishna-das","18":"product_tag-liebe","19":"product_tag-neem-karoli-baba","20":"product_tag-non-dualitaet","21":"product_tag-nondualitat","22":"product_tag-ram","23":"product_tag-stille","24":"product_tag-wahrheit","25":"product_tag-weisheit","27":"first","28":"instock","29":"downloadable","30":"virtual","31":"taxable","32":"purchasable","33":"product-type-simple"},"yoast_head":"<!-- This site is optimized with the Yoast SEO plugin v26.6 - https:\/\/yoast.com\/wordpress\/plugins\/seo\/ -->\n<title>Interview mit Krishna Das - Spiritual Books &amp; Films Online Shop #1 | Open Sky Press DE<\/title>\n<meta name=\"robots\" content=\"index, follow, max-snippet:-1, max-image-preview:large, max-video-preview:-1\" \/>\n<link rel=\"canonical\" href=\"https:\/\/openskypress.com\/de\/product\/download-krishna-das-de\/\" \/>\n<meta property=\"og:locale\" content=\"de_DE\" \/>\n<meta property=\"og:type\" content=\"article\" \/>\n<meta property=\"og:title\" content=\"Interview mit Krishna Das - Spiritual Books &amp; Films Online Shop #1 | Open Sky Press DE\" \/>\n<meta property=\"og:description\" content=\"Begegnungen mit eindrucksvollen Menschen Die Musik von Krishna Das hat weltweit Millionen von Herzen ber\u00fchrt. In dieser ber\u00fchrenden Begegnung mit John David erz\u00e4hlt er seine faszinierende Lebensgeschichte und gibt tiefe Einblicke in die Kraft der Liebe, die die Menschen in seiner Stimme sp\u00fcren. Krishna Das erz\u00e4hlt, wie ihn das Singen ge\u00f6ffnet hat und durch einen dunklen Tunnel der Selbstzerst\u00f6rung und Verzweiflung ins Licht der Liebe gef\u00fchrt hat. Ein sehr inspirierender Film \u00fcber Krishna Das und seine bescheidene und einfache Herangehensweise an das Leben.  Englisch mit deutschen Untertiteln\" \/>\n<meta property=\"og:url\" content=\"https:\/\/openskypress.com\/de\/product\/download-krishna-das-de\/\" \/>\n<meta property=\"og:site_name\" content=\"Spiritual Books &amp; Films Online Shop #1 | Open Sky Press DE\" \/>\n<meta property=\"article:modified_time\" content=\"2026-01-22T09:04:46+00:00\" \/>\n<meta property=\"og:image\" content=\"https:\/\/openskypress.com\/wp-content\/uploads\/2020\/04\/Krishna-Das-Small.png\" \/>\n\t<meta property=\"og:image:width\" content=\"416\" \/>\n\t<meta property=\"og:image:height\" content=\"614\" \/>\n\t<meta property=\"og:image:type\" content=\"image\/png\" \/>\n<meta name=\"twitter:card\" content=\"summary_large_image\" \/>\n<script type=\"application\/ld+json\" class=\"yoast-schema-graph\">{\"@context\":\"https:\/\/schema.org\",\"@graph\":[{\"@type\":\"WebPage\",\"@id\":\"https:\/\/openskypress.com\/de\/product\/download-krishna-das-de\/\",\"url\":\"https:\/\/openskypress.com\/de\/product\/download-krishna-das-de\/\",\"name\":\"Interview mit Krishna Das - Spiritual Books &amp; Films Online Shop #1 | Open Sky Press DE\",\"isPartOf\":{\"@id\":\"https:\/\/openskypress.com\/#website\"},\"primaryImageOfPage\":{\"@id\":\"https:\/\/openskypress.com\/de\/product\/download-krishna-das-de\/#primaryimage\"},\"image\":{\"@id\":\"https:\/\/openskypress.com\/de\/product\/download-krishna-das-de\/#primaryimage\"},\"thumbnailUrl\":\"https:\/\/openskypress.com\/wp-content\/uploads\/2020\/04\/Krishna-Das-Small.png\",\"datePublished\":\"2019-12-30T09:38:07+00:00\",\"dateModified\":\"2026-01-22T09:04:46+00:00\",\"breadcrumb\":{\"@id\":\"https:\/\/openskypress.com\/de\/product\/download-krishna-das-de\/#breadcrumb\"},\"inLanguage\":\"de\",\"potentialAction\":[{\"@type\":\"ReadAction\",\"target\":[\"https:\/\/openskypress.com\/de\/product\/download-krishna-das-de\/\"]}]},{\"@type\":\"ImageObject\",\"inLanguage\":\"de\",\"@id\":\"https:\/\/openskypress.com\/de\/product\/download-krishna-das-de\/#primaryimage\",\"url\":\"https:\/\/openskypress.com\/wp-content\/uploads\/2020\/04\/Krishna-Das-Small.png\",\"contentUrl\":\"https:\/\/openskypress.com\/wp-content\/uploads\/2020\/04\/Krishna-Das-Small.png\",\"width\":416,\"height\":614},{\"@type\":\"BreadcrumbList\",\"@id\":\"https:\/\/openskypress.com\/de\/product\/download-krishna-das-de\/#breadcrumb\",\"itemListElement\":[{\"@type\":\"ListItem\",\"position\":1,\"name\":\"Home\",\"item\":\"https:\/\/openskypress.com\/de\/\"},{\"@type\":\"ListItem\",\"position\":2,\"name\":\"Shop\",\"item\":\"https:\/\/openskypress.com\/de\/shop\/\"},{\"@type\":\"ListItem\",\"position\":3,\"name\":\"Interview mit Krishna Das\"}]},{\"@type\":\"WebSite\",\"@id\":\"https:\/\/openskypress.com\/#website\",\"url\":\"https:\/\/openskypress.com\/\",\"name\":\"Spiritual Books & Films Online Shop #1 | Open Sky Press\",\"description\":\"Best store of Books &amp; DVDs about Satsang, Indian &amp; Western philosophy &amp; yoga. Spiritual teachers talks about awakening, enlightenment and mindfulness\",\"publisher\":{\"@id\":\"https:\/\/openskypress.com\/#organization\"},\"potentialAction\":[{\"@type\":\"SearchAction\",\"target\":{\"@type\":\"EntryPoint\",\"urlTemplate\":\"https:\/\/openskypress.com\/?s={search_term_string}\"},\"query-input\":{\"@type\":\"PropertyValueSpecification\",\"valueRequired\":true,\"valueName\":\"search_term_string\"}}],\"inLanguage\":\"de\"},{\"@type\":\"Organization\",\"@id\":\"https:\/\/openskypress.com\/#organization\",\"name\":\"Spiritual Books & Films Online Shop #1 | Open Sky Press\",\"url\":\"https:\/\/openskypress.com\/\",\"logo\":{\"@type\":\"ImageObject\",\"inLanguage\":\"de\",\"@id\":\"https:\/\/openskypress.com\/#\/schema\/logo\/image\/\",\"url\":\"https:\/\/openskypress.com\/wp-content\/uploads\/2020\/02\/logo-osp-1.png\",\"contentUrl\":\"https:\/\/openskypress.com\/wp-content\/uploads\/2020\/02\/logo-osp-1.png\",\"width\":222,\"height\":219,\"caption\":\"Spiritual Books & Films Online Shop #1 | Open Sky Press\"},\"image\":{\"@id\":\"https:\/\/openskypress.com\/#\/schema\/logo\/image\/\"}}]}<\/script>\n<!-- \/ Yoast SEO plugin. -->","yoast_head_json":{"title":"Interview mit Krishna Das - Spiritual Books &amp; Films Online Shop #1 | Open Sky Press DE","robots":{"index":"index","follow":"follow","max-snippet":"max-snippet:-1","max-image-preview":"max-image-preview:large","max-video-preview":"max-video-preview:-1"},"canonical":"https:\/\/openskypress.com\/de\/product\/download-krishna-das-de\/","og_locale":"de_DE","og_type":"article","og_title":"Interview mit Krishna Das - Spiritual Books &amp; Films Online Shop #1 | Open Sky Press DE","og_description":"Begegnungen mit eindrucksvollen Menschen Die Musik von Krishna Das hat weltweit Millionen von Herzen ber\u00fchrt. In dieser ber\u00fchrenden Begegnung mit John David erz\u00e4hlt er seine faszinierende Lebensgeschichte und gibt tiefe Einblicke in die Kraft der Liebe, die die Menschen in seiner Stimme sp\u00fcren. Krishna Das erz\u00e4hlt, wie ihn das Singen ge\u00f6ffnet hat und durch einen dunklen Tunnel der Selbstzerst\u00f6rung und Verzweiflung ins Licht der Liebe gef\u00fchrt hat. Ein sehr inspirierender Film \u00fcber Krishna Das und seine bescheidene und einfache Herangehensweise an das Leben.  Englisch mit deutschen Untertiteln","og_url":"https:\/\/openskypress.com\/de\/product\/download-krishna-das-de\/","og_site_name":"Spiritual Books &amp; Films Online Shop #1 | Open Sky Press DE","article_modified_time":"2026-01-22T09:04:46+00:00","og_image":[{"width":416,"height":614,"url":"https:\/\/openskypress.com\/wp-content\/uploads\/2020\/04\/Krishna-Das-Small.png","type":"image\/png"}],"twitter_card":"summary_large_image","schema":{"@context":"https:\/\/schema.org","@graph":[{"@type":"WebPage","@id":"https:\/\/openskypress.com\/de\/product\/download-krishna-das-de\/","url":"https:\/\/openskypress.com\/de\/product\/download-krishna-das-de\/","name":"Interview mit Krishna Das - Spiritual Books &amp; Films Online Shop #1 | Open Sky Press DE","isPartOf":{"@id":"https:\/\/openskypress.com\/#website"},"primaryImageOfPage":{"@id":"https:\/\/openskypress.com\/de\/product\/download-krishna-das-de\/#primaryimage"},"image":{"@id":"https:\/\/openskypress.com\/de\/product\/download-krishna-das-de\/#primaryimage"},"thumbnailUrl":"https:\/\/openskypress.com\/wp-content\/uploads\/2020\/04\/Krishna-Das-Small.png","datePublished":"2019-12-30T09:38:07+00:00","dateModified":"2026-01-22T09:04:46+00:00","breadcrumb":{"@id":"https:\/\/openskypress.com\/de\/product\/download-krishna-das-de\/#breadcrumb"},"inLanguage":"de","potentialAction":[{"@type":"ReadAction","target":["https:\/\/openskypress.com\/de\/product\/download-krishna-das-de\/"]}]},{"@type":"ImageObject","inLanguage":"de","@id":"https:\/\/openskypress.com\/de\/product\/download-krishna-das-de\/#primaryimage","url":"https:\/\/openskypress.com\/wp-content\/uploads\/2020\/04\/Krishna-Das-Small.png","contentUrl":"https:\/\/openskypress.com\/wp-content\/uploads\/2020\/04\/Krishna-Das-Small.png","width":416,"height":614},{"@type":"BreadcrumbList","@id":"https:\/\/openskypress.com\/de\/product\/download-krishna-das-de\/#breadcrumb","itemListElement":[{"@type":"ListItem","position":1,"name":"Home","item":"https:\/\/openskypress.com\/de\/"},{"@type":"ListItem","position":2,"name":"Shop","item":"https:\/\/openskypress.com\/de\/shop\/"},{"@type":"ListItem","position":3,"name":"Interview mit Krishna Das"}]},{"@type":"WebSite","@id":"https:\/\/openskypress.com\/#website","url":"https:\/\/openskypress.com\/","name":"Spiritual Books & Films Online Shop #1 | Open Sky Press","description":"Best store of Books &amp; DVDs about Satsang, Indian &amp; Western philosophy &amp; yoga. Spiritual teachers talks about awakening, enlightenment and mindfulness","publisher":{"@id":"https:\/\/openskypress.com\/#organization"},"potentialAction":[{"@type":"SearchAction","target":{"@type":"EntryPoint","urlTemplate":"https:\/\/openskypress.com\/?s={search_term_string}"},"query-input":{"@type":"PropertyValueSpecification","valueRequired":true,"valueName":"search_term_string"}}],"inLanguage":"de"},{"@type":"Organization","@id":"https:\/\/openskypress.com\/#organization","name":"Spiritual Books & Films Online Shop #1 | Open Sky Press","url":"https:\/\/openskypress.com\/","logo":{"@type":"ImageObject","inLanguage":"de","@id":"https:\/\/openskypress.com\/#\/schema\/logo\/image\/","url":"https:\/\/openskypress.com\/wp-content\/uploads\/2020\/02\/logo-osp-1.png","contentUrl":"https:\/\/openskypress.com\/wp-content\/uploads\/2020\/02\/logo-osp-1.png","width":222,"height":219,"caption":"Spiritual Books & Films Online Shop #1 | Open Sky Press"},"image":{"@id":"https:\/\/openskypress.com\/#\/schema\/logo\/image\/"}}]}},"_links":{"self":[{"href":"https:\/\/openskypress.com\/de\/wp-json\/wp\/v2\/product\/9124","targetHints":{"allow":["GET"]}}],"collection":[{"href":"https:\/\/openskypress.com\/de\/wp-json\/wp\/v2\/product"}],"about":[{"href":"https:\/\/openskypress.com\/de\/wp-json\/wp\/v2\/types\/product"}],"replies":[{"embeddable":true,"href":"https:\/\/openskypress.com\/de\/wp-json\/wp\/v2\/comments?post=9124"}],"wp:featuredmedia":[{"embeddable":true,"href":"https:\/\/openskypress.com\/de\/wp-json\/wp\/v2\/media\/11477"}],"wp:attachment":[{"href":"https:\/\/openskypress.com\/de\/wp-json\/wp\/v2\/media?parent=9124"}],"wp:term":[{"taxonomy":"product_brand","embeddable":true,"href":"https:\/\/openskypress.com\/de\/wp-json\/wp\/v2\/product_brand?post=9124"},{"taxonomy":"product_cat","embeddable":true,"href":"https:\/\/openskypress.com\/de\/wp-json\/wp\/v2\/product_cat?post=9124"},{"taxonomy":"product_tag","embeddable":true,"href":"https:\/\/openskypress.com\/de\/wp-json\/wp\/v2\/product_tag?post=9124"}],"curies":[{"name":"wp","href":"https:\/\/api.w.org\/{rel}","templated":true}]}}