{"id":8416,"date":"2019-12-13T22:47:20","date_gmt":"2019-12-13T22:47:20","guid":{"rendered":"https:\/\/openskycharity.international\/?post_type=product&#038;p=8416"},"modified":"2026-01-22T09:04:46","modified_gmt":"2026-01-22T09:04:46","slug":"download-satori-momente-mit-vijaya","status":"publish","type":"product","link":"https:\/\/openskypress.com\/de\/product\/download-satori-momente-mit-vijaya\/","title":{"rendered":"Satori Momente mit Vijaya"},"content":{"rendered":"<p><iframe src=\"https:\/\/player.vimeo.com\/video\/415858388\" width=\"820\" height=\"615\" frameborder=\"0\" allowfullscreen=\"allowfullscreen\"><\/iframe><\/p>\n\n    <div class=\"xs_social_share_widget xs_share_url after_content \t\tmain_content  wslu-style-1 wslu-share-box-shaped wslu-fill-colored wslu-none wslu-share-horizontal wslu-theme-font-no wslu-main_content\">\n\n\t\t\n        <ul>\n\t\t\t        <\/ul>\n    <\/div> \n","protected":false},"excerpt":{"rendered":"<p align=\"justify\"><i><u><b><\/b><\/u><\/i>Aufschlussreiche Dokumentation \u00fcber ein seltenes energetisches Ph\u00e4nomen, das oft als Satori bezeichnet wird. Satori beschreibt ein Ph\u00e4nomen des Erwachens, von dem nur wenig bekannt ist, das jedoch zuzunehmen scheint. Der Film zeigt, was Vijaya w\u00e4hrend eines Retreats mit dem spirituellen Lehrer John David erlebt hat. Es zeigt seltene Aufnahmen ihres Satori-Moments, die genau im Moment des Geschehens aufgenommen wurden. Die Aufnahmen werden erg\u00e4nzt durch einen tiefgreifenden Dialog den Vijaya und John David \u00fcber ihre Erfahrungen f\u00fchren.<\/p>\n<p><i>Englisch mit deutschen Untertiteln<\/i><\/p>\n<p><a href=\"https:\/\/openskycharity.international\/de\/product\/dvd-satori-momente-mit-vijaya\/\"><i><u><b>Auch als DVD erh\u00e4ltlich. Hier klicken<\/b><\/u><\/i><\/a><\/p>\n","protected":false},"featured_media":8187,"comment_status":"open","ping_status":"closed","template":"","meta":{"postBodyCss":"","postBodyMargin":[],"postBodyPadding":[],"postBodyBackground":{"backgroundType":"classic","gradient":""}},"product_brand":[],"product_cat":[388,778,389],"product_tag":[438,400],"class_list":{"0":"post-8416","1":"product","2":"type-product","3":"status-publish","4":"has-post-thumbnail","6":"product_cat-filme","7":"product_cat-open-sky-press-filme","8":"product_cat-filmdownloads","9":"product_tag-freiheit","10":"product_tag-gemeinschaft","12":"first","13":"instock","14":"downloadable","15":"virtual","16":"taxable","17":"purchasable","18":"product-type-simple"},"yoast_head":"<!-- This site is optimized with the Yoast SEO plugin v26.6 - https:\/\/yoast.com\/wordpress\/plugins\/seo\/ -->\n<title>Satori Momente mit Vijaya - Spiritual Books &amp; Films Online Shop #1 | Open Sky Press DE<\/title>\n<meta name=\"robots\" content=\"index, follow, max-snippet:-1, max-image-preview:large, max-video-preview:-1\" \/>\n<link rel=\"canonical\" href=\"https:\/\/openskypress.com\/de\/product\/download-satori-momente-mit-vijaya\/\" \/>\n<meta property=\"og:locale\" content=\"de_DE\" \/>\n<meta property=\"og:type\" content=\"article\" \/>\n<meta property=\"og:title\" content=\"Satori Momente mit Vijaya - Spiritual Books &amp; Films Online Shop #1 | Open Sky Press DE\" \/>\n<meta property=\"og:description\" content=\"Aufschlussreiche Dokumentation \u00fcber ein seltenes energetisches Ph\u00e4nomen, das oft als Satori bezeichnet wird. Satori beschreibt ein Ph\u00e4nomen des Erwachens, von dem nur wenig bekannt ist, das jedoch zuzunehmen scheint. Der Film zeigt, was Vijaya w\u00e4hrend eines Retreats mit dem spirituellen Lehrer John David erlebt hat. Es zeigt seltene Aufnahmen ihres Satori-Moments, die genau im Moment des Geschehens aufgenommen wurden. Die Aufnahmen werden erg\u00e4nzt durch einen tiefgreifenden Dialog den Vijaya und John David \u00fcber ihre Erfahrungen f\u00fchren. Englisch mit deutschen Untertiteln  Auch als DVD erh\u00e4ltlich. Hier klicken\" \/>\n<meta property=\"og:url\" content=\"https:\/\/openskypress.com\/de\/product\/download-satori-momente-mit-vijaya\/\" \/>\n<meta property=\"og:site_name\" content=\"Spiritual Books &amp; Films Online Shop #1 | Open Sky Press DE\" \/>\n<meta property=\"article:modified_time\" content=\"2026-01-22T09:04:46+00:00\" \/>\n<meta property=\"og:image\" content=\"https:\/\/openskypress.com\/wp-content\/uploads\/2019\/12\/film-satori-momente-mit-vijaya-download.png\" \/>\n\t<meta property=\"og:image:width\" content=\"490\" \/>\n\t<meta property=\"og:image:height\" content=\"740\" \/>\n\t<meta property=\"og:image:type\" content=\"image\/png\" \/>\n<meta name=\"twitter:card\" content=\"summary_large_image\" \/>\n<script type=\"application\/ld+json\" class=\"yoast-schema-graph\">{\"@context\":\"https:\/\/schema.org\",\"@graph\":[{\"@type\":\"WebPage\",\"@id\":\"https:\/\/openskypress.com\/de\/product\/download-satori-momente-mit-vijaya\/\",\"url\":\"https:\/\/openskypress.com\/de\/product\/download-satori-momente-mit-vijaya\/\",\"name\":\"Satori Momente mit Vijaya - Spiritual Books &amp; Films Online Shop #1 | Open Sky Press DE\",\"isPartOf\":{\"@id\":\"https:\/\/openskypress.com\/#website\"},\"primaryImageOfPage\":{\"@id\":\"https:\/\/openskypress.com\/de\/product\/download-satori-momente-mit-vijaya\/#primaryimage\"},\"image\":{\"@id\":\"https:\/\/openskypress.com\/de\/product\/download-satori-momente-mit-vijaya\/#primaryimage\"},\"thumbnailUrl\":\"https:\/\/openskypress.com\/wp-content\/uploads\/2019\/12\/film-satori-momente-mit-vijaya-download.png\",\"datePublished\":\"2019-12-13T22:47:20+00:00\",\"dateModified\":\"2026-01-22T09:04:46+00:00\",\"breadcrumb\":{\"@id\":\"https:\/\/openskypress.com\/de\/product\/download-satori-momente-mit-vijaya\/#breadcrumb\"},\"inLanguage\":\"de\",\"potentialAction\":[{\"@type\":\"ReadAction\",\"target\":[\"https:\/\/openskypress.com\/de\/product\/download-satori-momente-mit-vijaya\/\"]}]},{\"@type\":\"ImageObject\",\"inLanguage\":\"de\",\"@id\":\"https:\/\/openskypress.com\/de\/product\/download-satori-momente-mit-vijaya\/#primaryimage\",\"url\":\"https:\/\/openskypress.com\/wp-content\/uploads\/2019\/12\/film-satori-momente-mit-vijaya-download.png\",\"contentUrl\":\"https:\/\/openskypress.com\/wp-content\/uploads\/2019\/12\/film-satori-momente-mit-vijaya-download.png\",\"width\":490,\"height\":740},{\"@type\":\"BreadcrumbList\",\"@id\":\"https:\/\/openskypress.com\/de\/product\/download-satori-momente-mit-vijaya\/#breadcrumb\",\"itemListElement\":[{\"@type\":\"ListItem\",\"position\":1,\"name\":\"Home\",\"item\":\"https:\/\/openskypress.com\/es\/\"},{\"@type\":\"ListItem\",\"position\":2,\"name\":\"Shop\",\"item\":\"https:\/\/openskypress.com\/de\/shop\/\"},{\"@type\":\"ListItem\",\"position\":3,\"name\":\"Satori Momente mit Vijaya\"}]},{\"@type\":\"WebSite\",\"@id\":\"https:\/\/openskypress.com\/#website\",\"url\":\"https:\/\/openskypress.com\/\",\"name\":\"Spiritual Books & Films Online Shop #1 | Open Sky Press\",\"description\":\"Best store of Books &amp; DVDs about Satsang, Indian &amp; Western philosophy &amp; yoga. Spiritual teachers talks about awakening, enlightenment and mindfulness\",\"publisher\":{\"@id\":\"https:\/\/openskypress.com\/#organization\"},\"potentialAction\":[{\"@type\":\"SearchAction\",\"target\":{\"@type\":\"EntryPoint\",\"urlTemplate\":\"https:\/\/openskypress.com\/?s={search_term_string}\"},\"query-input\":{\"@type\":\"PropertyValueSpecification\",\"valueRequired\":true,\"valueName\":\"search_term_string\"}}],\"inLanguage\":\"de\"},{\"@type\":\"Organization\",\"@id\":\"https:\/\/openskypress.com\/#organization\",\"name\":\"Spiritual Books & Films Online Shop #1 | Open Sky Press\",\"url\":\"https:\/\/openskypress.com\/\",\"logo\":{\"@type\":\"ImageObject\",\"inLanguage\":\"de\",\"@id\":\"https:\/\/openskypress.com\/#\/schema\/logo\/image\/\",\"url\":\"https:\/\/openskypress.com\/wp-content\/uploads\/2020\/02\/logo-osp-1.png\",\"contentUrl\":\"https:\/\/openskypress.com\/wp-content\/uploads\/2020\/02\/logo-osp-1.png\",\"width\":222,\"height\":219,\"caption\":\"Spiritual Books & Films Online Shop #1 | Open Sky Press\"},\"image\":{\"@id\":\"https:\/\/openskypress.com\/#\/schema\/logo\/image\/\"}}]}<\/script>\n<!-- \/ Yoast SEO plugin. -->","yoast_head_json":{"title":"Satori Momente mit Vijaya - Spiritual Books &amp; Films Online Shop #1 | Open Sky Press DE","robots":{"index":"index","follow":"follow","max-snippet":"max-snippet:-1","max-image-preview":"max-image-preview:large","max-video-preview":"max-video-preview:-1"},"canonical":"https:\/\/openskypress.com\/de\/product\/download-satori-momente-mit-vijaya\/","og_locale":"de_DE","og_type":"article","og_title":"Satori Momente mit Vijaya - Spiritual Books &amp; Films Online Shop #1 | Open Sky Press DE","og_description":"Aufschlussreiche Dokumentation \u00fcber ein seltenes energetisches Ph\u00e4nomen, das oft als Satori bezeichnet wird. Satori beschreibt ein Ph\u00e4nomen des Erwachens, von dem nur wenig bekannt ist, das jedoch zuzunehmen scheint. Der Film zeigt, was Vijaya w\u00e4hrend eines Retreats mit dem spirituellen Lehrer John David erlebt hat. Es zeigt seltene Aufnahmen ihres Satori-Moments, die genau im Moment des Geschehens aufgenommen wurden. Die Aufnahmen werden erg\u00e4nzt durch einen tiefgreifenden Dialog den Vijaya und John David \u00fcber ihre Erfahrungen f\u00fchren. Englisch mit deutschen Untertiteln  Auch als DVD erh\u00e4ltlich. Hier klicken","og_url":"https:\/\/openskypress.com\/de\/product\/download-satori-momente-mit-vijaya\/","og_site_name":"Spiritual Books &amp; Films Online Shop #1 | Open Sky Press DE","article_modified_time":"2026-01-22T09:04:46+00:00","og_image":[{"width":490,"height":740,"url":"https:\/\/openskypress.com\/wp-content\/uploads\/2019\/12\/film-satori-momente-mit-vijaya-download.png","type":"image\/png"}],"twitter_card":"summary_large_image","schema":{"@context":"https:\/\/schema.org","@graph":[{"@type":"WebPage","@id":"https:\/\/openskypress.com\/de\/product\/download-satori-momente-mit-vijaya\/","url":"https:\/\/openskypress.com\/de\/product\/download-satori-momente-mit-vijaya\/","name":"Satori Momente mit Vijaya - Spiritual Books &amp; Films Online Shop #1 | Open Sky Press DE","isPartOf":{"@id":"https:\/\/openskypress.com\/#website"},"primaryImageOfPage":{"@id":"https:\/\/openskypress.com\/de\/product\/download-satori-momente-mit-vijaya\/#primaryimage"},"image":{"@id":"https:\/\/openskypress.com\/de\/product\/download-satori-momente-mit-vijaya\/#primaryimage"},"thumbnailUrl":"https:\/\/openskypress.com\/wp-content\/uploads\/2019\/12\/film-satori-momente-mit-vijaya-download.png","datePublished":"2019-12-13T22:47:20+00:00","dateModified":"2026-01-22T09:04:46+00:00","breadcrumb":{"@id":"https:\/\/openskypress.com\/de\/product\/download-satori-momente-mit-vijaya\/#breadcrumb"},"inLanguage":"de","potentialAction":[{"@type":"ReadAction","target":["https:\/\/openskypress.com\/de\/product\/download-satori-momente-mit-vijaya\/"]}]},{"@type":"ImageObject","inLanguage":"de","@id":"https:\/\/openskypress.com\/de\/product\/download-satori-momente-mit-vijaya\/#primaryimage","url":"https:\/\/openskypress.com\/wp-content\/uploads\/2019\/12\/film-satori-momente-mit-vijaya-download.png","contentUrl":"https:\/\/openskypress.com\/wp-content\/uploads\/2019\/12\/film-satori-momente-mit-vijaya-download.png","width":490,"height":740},{"@type":"BreadcrumbList","@id":"https:\/\/openskypress.com\/de\/product\/download-satori-momente-mit-vijaya\/#breadcrumb","itemListElement":[{"@type":"ListItem","position":1,"name":"Home","item":"https:\/\/openskypress.com\/es\/"},{"@type":"ListItem","position":2,"name":"Shop","item":"https:\/\/openskypress.com\/de\/shop\/"},{"@type":"ListItem","position":3,"name":"Satori Momente mit Vijaya"}]},{"@type":"WebSite","@id":"https:\/\/openskypress.com\/#website","url":"https:\/\/openskypress.com\/","name":"Spiritual Books & Films Online Shop #1 | Open Sky Press","description":"Best store of Books &amp; DVDs about Satsang, Indian &amp; Western philosophy &amp; yoga. Spiritual teachers talks about awakening, enlightenment and mindfulness","publisher":{"@id":"https:\/\/openskypress.com\/#organization"},"potentialAction":[{"@type":"SearchAction","target":{"@type":"EntryPoint","urlTemplate":"https:\/\/openskypress.com\/?s={search_term_string}"},"query-input":{"@type":"PropertyValueSpecification","valueRequired":true,"valueName":"search_term_string"}}],"inLanguage":"de"},{"@type":"Organization","@id":"https:\/\/openskypress.com\/#organization","name":"Spiritual Books & Films Online Shop #1 | Open Sky Press","url":"https:\/\/openskypress.com\/","logo":{"@type":"ImageObject","inLanguage":"de","@id":"https:\/\/openskypress.com\/#\/schema\/logo\/image\/","url":"https:\/\/openskypress.com\/wp-content\/uploads\/2020\/02\/logo-osp-1.png","contentUrl":"https:\/\/openskypress.com\/wp-content\/uploads\/2020\/02\/logo-osp-1.png","width":222,"height":219,"caption":"Spiritual Books & Films Online Shop #1 | Open Sky Press"},"image":{"@id":"https:\/\/openskypress.com\/#\/schema\/logo\/image\/"}}]}},"_links":{"self":[{"href":"https:\/\/openskypress.com\/de\/wp-json\/wp\/v2\/product\/8416","targetHints":{"allow":["GET"]}}],"collection":[{"href":"https:\/\/openskypress.com\/de\/wp-json\/wp\/v2\/product"}],"about":[{"href":"https:\/\/openskypress.com\/de\/wp-json\/wp\/v2\/types\/product"}],"replies":[{"embeddable":true,"href":"https:\/\/openskypress.com\/de\/wp-json\/wp\/v2\/comments?post=8416"}],"wp:featuredmedia":[{"embeddable":true,"href":"https:\/\/openskypress.com\/de\/wp-json\/wp\/v2\/media\/8187"}],"wp:attachment":[{"href":"https:\/\/openskypress.com\/de\/wp-json\/wp\/v2\/media?parent=8416"}],"wp:term":[{"taxonomy":"product_brand","embeddable":true,"href":"https:\/\/openskypress.com\/de\/wp-json\/wp\/v2\/product_brand?post=8416"},{"taxonomy":"product_cat","embeddable":true,"href":"https:\/\/openskypress.com\/de\/wp-json\/wp\/v2\/product_cat?post=8416"},{"taxonomy":"product_tag","embeddable":true,"href":"https:\/\/openskypress.com\/de\/wp-json\/wp\/v2\/product_tag?post=8416"}],"curies":[{"name":"wp","href":"https:\/\/api.w.org\/{rel}","templated":true}]}}