{"id":5157,"date":"2019-05-23T11:02:39","date_gmt":"2019-05-23T11:02:39","guid":{"rendered":"https:\/\/openskycharity.international\/?post_type=product&#038;p=5157"},"modified":"2026-01-22T09:04:48","modified_gmt":"2026-01-22T09:04:48","slug":"angst-die-flucht-aus-der-wirklichkeit","status":"publish","type":"product","link":"https:\/\/openskypress.com\/de\/product\/angst-die-flucht-aus-der-wirklichkeit\/","title":{"rendered":"Angst &#8211; Die Flucht aus der Wirklichkeit"},"content":{"rendered":"<p align=\"justify\">Om C. Parkin<\/p>\n<p align=\"justify\">Fast alle Menschen leiden unter Angst. Um sie zu vermeiden wird nach Sicherheit gesucht, die uns in ein inneres Gef\u00e4ngnis f\u00fchrt. Hier wird aber nicht nur das Bedrohliche vermieden, sondern vor allem die Angst selbst. So wird sie zu einem monstr\u00f6sen Feind, dem wir nie ins Auge geschaut haben.<\/p>\n<p>Angst: Was ist das denn \u00fcberhaupt? Nach einer einf\u00fchrenden Betrachtung der Energie von Angst im Spiegel des Enneagramms schreibt OM C.Parkin dar\u00fcber in einem grundlegenden Essay aus der Sicht der Weisheitslehre. Er \u00f6ffnet die Augen f\u00fcr das, dem wir auf der Flucht den R\u00fccken gekehrt haben. Statt dorthin zu fl\u00fcchten, wo keine Angst ist, empfiehlt er, sich der Angst zu stellen und sie zu erforschen.<\/p>\n\n    <div class=\"xs_social_share_widget xs_share_url after_content \t\tmain_content  wslu-style-1 wslu-share-box-shaped wslu-fill-colored wslu-none wslu-share-horizontal wslu-theme-font-no wslu-main_content\">\n\n\t\t\n        <ul>\n\t\t\t        <\/ul>\n    <\/div> \n","protected":false},"excerpt":{"rendered":"<p align=\"justify\">Om C Parkin<\/p>\n<div align=\"justify\">Fast alle Menschen leiden unter Angst. Um sie zu vermeiden wird nach Sicherheit gesucht, die uns in ein inneres Gef\u00e4ngnis f\u00fchrt. Hier wird aber nicht nur das Bedrohliche vermieden, sondern vor allem die Angst selbst. So wird sie zu einem monstr\u00f6sen Feind, dem wir nie ins Auge geschaut haben.<\/div>\n","protected":false},"featured_media":4569,"comment_status":"open","ping_status":"closed","template":"","meta":{"postBodyCss":"","postBodyMargin":[],"postBodyPadding":[],"postBodyBackground":{"backgroundType":"classic","gradient":""}},"product_brand":[],"product_cat":[1246,369,385],"product_tag":[811,810,465],"class_list":{"0":"post-5157","1":"product","2":"type-product","3":"status-publish","4":"has-post-thumbnail","6":"product_cat-westliche-meister","7":"product_cat-bucher","8":"product_cat-weitere-spirituelle-meister","9":"product_tag-angst","10":"product_tag-enneagramm","11":"product_tag-weisheit","13":"first","14":"instock","15":"taxable","16":"shipping-taxable","17":"purchasable","18":"product-type-simple"},"yoast_head":"<!-- This site is optimized with the Yoast SEO plugin v26.6 - https:\/\/yoast.com\/wordpress\/plugins\/seo\/ -->\n<title>Angst - Die Flucht aus der Wirklichkeit - Spiritual Books &amp; Films Online Shop #1 | Open Sky Press DE<\/title>\n<meta name=\"robots\" content=\"index, follow, max-snippet:-1, max-image-preview:large, max-video-preview:-1\" \/>\n<link rel=\"canonical\" href=\"https:\/\/openskypress.com\/de\/product\/angst-die-flucht-aus-der-wirklichkeit\/\" \/>\n<meta property=\"og:locale\" content=\"de_DE\" \/>\n<meta property=\"og:type\" content=\"article\" \/>\n<meta property=\"og:title\" content=\"Angst - Die Flucht aus der Wirklichkeit - Spiritual Books &amp; Films Online Shop #1 | Open Sky Press DE\" \/>\n<meta property=\"og:description\" content=\"Om C Parkin  Fast alle Menschen leiden unter Angst. Um sie zu vermeiden wird nach Sicherheit gesucht, die uns in ein inneres Gef\u00e4ngnis f\u00fchrt. Hier wird aber nicht nur das Bedrohliche vermieden, sondern vor allem die Angst selbst. So wird sie zu einem monstr\u00f6sen Feind, dem wir nie ins Auge geschaut haben.\" \/>\n<meta property=\"og:url\" content=\"https:\/\/openskypress.com\/de\/product\/angst-die-flucht-aus-der-wirklichkeit\/\" \/>\n<meta property=\"og:site_name\" content=\"Spiritual Books &amp; Films Online Shop #1 | Open Sky Press DE\" \/>\n<meta property=\"article:modified_time\" content=\"2026-01-22T09:04:48+00:00\" \/>\n<meta property=\"og:image\" content=\"https:\/\/openskypress.com\/wp-content\/uploads\/2019\/05\/angst.jpg\" \/>\n\t<meta property=\"og:image:width\" content=\"490\" \/>\n\t<meta property=\"og:image:height\" content=\"740\" \/>\n\t<meta property=\"og:image:type\" content=\"image\/jpeg\" \/>\n<meta name=\"twitter:card\" content=\"summary_large_image\" \/>\n<meta name=\"twitter:label1\" content=\"Gesch\u00e4tzte Lesezeit\" \/>\n\t<meta name=\"twitter:data1\" content=\"1\u00a0Minute\" \/>\n<script type=\"application\/ld+json\" class=\"yoast-schema-graph\">{\"@context\":\"https:\/\/schema.org\",\"@graph\":[{\"@type\":\"WebPage\",\"@id\":\"https:\/\/openskypress.com\/de\/product\/angst-die-flucht-aus-der-wirklichkeit\/\",\"url\":\"https:\/\/openskypress.com\/de\/product\/angst-die-flucht-aus-der-wirklichkeit\/\",\"name\":\"Angst - Die Flucht aus der Wirklichkeit - Spiritual Books &amp; Films Online Shop #1 | Open Sky Press DE\",\"isPartOf\":{\"@id\":\"https:\/\/openskypress.com\/#website\"},\"primaryImageOfPage\":{\"@id\":\"https:\/\/openskypress.com\/de\/product\/angst-die-flucht-aus-der-wirklichkeit\/#primaryimage\"},\"image\":{\"@id\":\"https:\/\/openskypress.com\/de\/product\/angst-die-flucht-aus-der-wirklichkeit\/#primaryimage\"},\"thumbnailUrl\":\"https:\/\/openskypress.com\/wp-content\/uploads\/2019\/05\/angst.jpg\",\"datePublished\":\"2019-05-23T11:02:39+00:00\",\"dateModified\":\"2026-01-22T09:04:48+00:00\",\"breadcrumb\":{\"@id\":\"https:\/\/openskypress.com\/de\/product\/angst-die-flucht-aus-der-wirklichkeit\/#breadcrumb\"},\"inLanguage\":\"de\",\"potentialAction\":[{\"@type\":\"ReadAction\",\"target\":[\"https:\/\/openskypress.com\/de\/product\/angst-die-flucht-aus-der-wirklichkeit\/\"]}]},{\"@type\":\"ImageObject\",\"inLanguage\":\"de\",\"@id\":\"https:\/\/openskypress.com\/de\/product\/angst-die-flucht-aus-der-wirklichkeit\/#primaryimage\",\"url\":\"https:\/\/openskypress.com\/wp-content\/uploads\/2019\/05\/angst.jpg\",\"contentUrl\":\"https:\/\/openskypress.com\/wp-content\/uploads\/2019\/05\/angst.jpg\",\"width\":490,\"height\":740,\"caption\":\"Angst, Enneagram\"},{\"@type\":\"BreadcrumbList\",\"@id\":\"https:\/\/openskypress.com\/de\/product\/angst-die-flucht-aus-der-wirklichkeit\/#breadcrumb\",\"itemListElement\":[{\"@type\":\"ListItem\",\"position\":1,\"name\":\"Home\",\"item\":\"https:\/\/openskypress.com\/es\/\"},{\"@type\":\"ListItem\",\"position\":2,\"name\":\"Shop\",\"item\":\"https:\/\/openskypress.com\/de\/shop\/\"},{\"@type\":\"ListItem\",\"position\":3,\"name\":\"Angst &#8211; Die Flucht aus der Wirklichkeit\"}]},{\"@type\":\"WebSite\",\"@id\":\"https:\/\/openskypress.com\/#website\",\"url\":\"https:\/\/openskypress.com\/\",\"name\":\"Spiritual Books & Films Online Shop #1 | Open Sky Press\",\"description\":\"Best store of Books &amp; DVDs about Satsang, Indian &amp; Western philosophy &amp; yoga. Spiritual teachers talks about awakening, enlightenment and mindfulness\",\"publisher\":{\"@id\":\"https:\/\/openskypress.com\/#organization\"},\"potentialAction\":[{\"@type\":\"SearchAction\",\"target\":{\"@type\":\"EntryPoint\",\"urlTemplate\":\"https:\/\/openskypress.com\/?s={search_term_string}\"},\"query-input\":{\"@type\":\"PropertyValueSpecification\",\"valueRequired\":true,\"valueName\":\"search_term_string\"}}],\"inLanguage\":\"de\"},{\"@type\":\"Organization\",\"@id\":\"https:\/\/openskypress.com\/#organization\",\"name\":\"Spiritual Books & Films Online Shop #1 | Open Sky Press\",\"url\":\"https:\/\/openskypress.com\/\",\"logo\":{\"@type\":\"ImageObject\",\"inLanguage\":\"de\",\"@id\":\"https:\/\/openskypress.com\/#\/schema\/logo\/image\/\",\"url\":\"https:\/\/openskypress.com\/wp-content\/uploads\/2020\/02\/logo-osp-1.png\",\"contentUrl\":\"https:\/\/openskypress.com\/wp-content\/uploads\/2020\/02\/logo-osp-1.png\",\"width\":222,\"height\":219,\"caption\":\"Spiritual Books & Films Online Shop #1 | Open Sky Press\"},\"image\":{\"@id\":\"https:\/\/openskypress.com\/#\/schema\/logo\/image\/\"}}]}<\/script>\n<!-- \/ Yoast SEO plugin. -->","yoast_head_json":{"title":"Angst - Die Flucht aus der Wirklichkeit - Spiritual Books &amp; Films Online Shop #1 | Open Sky Press DE","robots":{"index":"index","follow":"follow","max-snippet":"max-snippet:-1","max-image-preview":"max-image-preview:large","max-video-preview":"max-video-preview:-1"},"canonical":"https:\/\/openskypress.com\/de\/product\/angst-die-flucht-aus-der-wirklichkeit\/","og_locale":"de_DE","og_type":"article","og_title":"Angst - Die Flucht aus der Wirklichkeit - Spiritual Books &amp; Films Online Shop #1 | Open Sky Press DE","og_description":"Om C Parkin  Fast alle Menschen leiden unter Angst. Um sie zu vermeiden wird nach Sicherheit gesucht, die uns in ein inneres Gef\u00e4ngnis f\u00fchrt. Hier wird aber nicht nur das Bedrohliche vermieden, sondern vor allem die Angst selbst. So wird sie zu einem monstr\u00f6sen Feind, dem wir nie ins Auge geschaut haben.","og_url":"https:\/\/openskypress.com\/de\/product\/angst-die-flucht-aus-der-wirklichkeit\/","og_site_name":"Spiritual Books &amp; Films Online Shop #1 | Open Sky Press DE","article_modified_time":"2026-01-22T09:04:48+00:00","og_image":[{"width":490,"height":740,"url":"https:\/\/openskypress.com\/wp-content\/uploads\/2019\/05\/angst.jpg","type":"image\/jpeg"}],"twitter_card":"summary_large_image","twitter_misc":{"Gesch\u00e4tzte Lesezeit":"1\u00a0Minute"},"schema":{"@context":"https:\/\/schema.org","@graph":[{"@type":"WebPage","@id":"https:\/\/openskypress.com\/de\/product\/angst-die-flucht-aus-der-wirklichkeit\/","url":"https:\/\/openskypress.com\/de\/product\/angst-die-flucht-aus-der-wirklichkeit\/","name":"Angst - Die Flucht aus der Wirklichkeit - Spiritual Books &amp; Films Online Shop #1 | Open Sky Press DE","isPartOf":{"@id":"https:\/\/openskypress.com\/#website"},"primaryImageOfPage":{"@id":"https:\/\/openskypress.com\/de\/product\/angst-die-flucht-aus-der-wirklichkeit\/#primaryimage"},"image":{"@id":"https:\/\/openskypress.com\/de\/product\/angst-die-flucht-aus-der-wirklichkeit\/#primaryimage"},"thumbnailUrl":"https:\/\/openskypress.com\/wp-content\/uploads\/2019\/05\/angst.jpg","datePublished":"2019-05-23T11:02:39+00:00","dateModified":"2026-01-22T09:04:48+00:00","breadcrumb":{"@id":"https:\/\/openskypress.com\/de\/product\/angst-die-flucht-aus-der-wirklichkeit\/#breadcrumb"},"inLanguage":"de","potentialAction":[{"@type":"ReadAction","target":["https:\/\/openskypress.com\/de\/product\/angst-die-flucht-aus-der-wirklichkeit\/"]}]},{"@type":"ImageObject","inLanguage":"de","@id":"https:\/\/openskypress.com\/de\/product\/angst-die-flucht-aus-der-wirklichkeit\/#primaryimage","url":"https:\/\/openskypress.com\/wp-content\/uploads\/2019\/05\/angst.jpg","contentUrl":"https:\/\/openskypress.com\/wp-content\/uploads\/2019\/05\/angst.jpg","width":490,"height":740,"caption":"Angst, Enneagram"},{"@type":"BreadcrumbList","@id":"https:\/\/openskypress.com\/de\/product\/angst-die-flucht-aus-der-wirklichkeit\/#breadcrumb","itemListElement":[{"@type":"ListItem","position":1,"name":"Home","item":"https:\/\/openskypress.com\/es\/"},{"@type":"ListItem","position":2,"name":"Shop","item":"https:\/\/openskypress.com\/de\/shop\/"},{"@type":"ListItem","position":3,"name":"Angst &#8211; Die Flucht aus der Wirklichkeit"}]},{"@type":"WebSite","@id":"https:\/\/openskypress.com\/#website","url":"https:\/\/openskypress.com\/","name":"Spiritual Books & Films Online Shop #1 | Open Sky Press","description":"Best store of Books &amp; DVDs about Satsang, Indian &amp; Western philosophy &amp; yoga. Spiritual teachers talks about awakening, enlightenment and mindfulness","publisher":{"@id":"https:\/\/openskypress.com\/#organization"},"potentialAction":[{"@type":"SearchAction","target":{"@type":"EntryPoint","urlTemplate":"https:\/\/openskypress.com\/?s={search_term_string}"},"query-input":{"@type":"PropertyValueSpecification","valueRequired":true,"valueName":"search_term_string"}}],"inLanguage":"de"},{"@type":"Organization","@id":"https:\/\/openskypress.com\/#organization","name":"Spiritual Books & Films Online Shop #1 | Open Sky Press","url":"https:\/\/openskypress.com\/","logo":{"@type":"ImageObject","inLanguage":"de","@id":"https:\/\/openskypress.com\/#\/schema\/logo\/image\/","url":"https:\/\/openskypress.com\/wp-content\/uploads\/2020\/02\/logo-osp-1.png","contentUrl":"https:\/\/openskypress.com\/wp-content\/uploads\/2020\/02\/logo-osp-1.png","width":222,"height":219,"caption":"Spiritual Books & Films Online Shop #1 | Open Sky Press"},"image":{"@id":"https:\/\/openskypress.com\/#\/schema\/logo\/image\/"}}]}},"_links":{"self":[{"href":"https:\/\/openskypress.com\/de\/wp-json\/wp\/v2\/product\/5157","targetHints":{"allow":["GET"]}}],"collection":[{"href":"https:\/\/openskypress.com\/de\/wp-json\/wp\/v2\/product"}],"about":[{"href":"https:\/\/openskypress.com\/de\/wp-json\/wp\/v2\/types\/product"}],"replies":[{"embeddable":true,"href":"https:\/\/openskypress.com\/de\/wp-json\/wp\/v2\/comments?post=5157"}],"wp:featuredmedia":[{"embeddable":true,"href":"https:\/\/openskypress.com\/de\/wp-json\/wp\/v2\/media\/4569"}],"wp:attachment":[{"href":"https:\/\/openskypress.com\/de\/wp-json\/wp\/v2\/media?parent=5157"}],"wp:term":[{"taxonomy":"product_brand","embeddable":true,"href":"https:\/\/openskypress.com\/de\/wp-json\/wp\/v2\/product_brand?post=5157"},{"taxonomy":"product_cat","embeddable":true,"href":"https:\/\/openskypress.com\/de\/wp-json\/wp\/v2\/product_cat?post=5157"},{"taxonomy":"product_tag","embeddable":true,"href":"https:\/\/openskypress.com\/de\/wp-json\/wp\/v2\/product_tag?post=5157"}],"curies":[{"name":"wp","href":"https:\/\/api.w.org\/{rel}","templated":true}]}}