{"id":5149,"date":"2019-05-23T10:29:01","date_gmt":"2019-05-23T10:29:01","guid":{"rendered":"https:\/\/openskycharity.international\/?post_type=product&#038;p=5149"},"modified":"2026-01-22T09:05:35","modified_gmt":"2026-01-22T09:05:35","slug":"donnerschlag-und-tempelstille","status":"publish","type":"product","link":"https:\/\/openskypress.com\/de\/product\/donnerschlag-und-tempelstille\/","title":{"rendered":"Donnerschlag und Tempelstille"},"content":{"rendered":"<p align=\"justify\">Om C Parkin<\/p>\n<p align=\"justify\">&#8222;Dein Wesen ist absolut vertrauensw\u00fcrdig. Dein Herz ist absolut vertrauensw\u00fcrdig. Aber wie kannst du dem Herzen vertrauen, wenn du dich ihm nicht zuwendest? Wie kannst du dir selbst vertrauen, wenn du dich dem, was du bist &#8211; in der Tiefe deines Herzens &#8211; nicht zuwendest?&#8220; Sinnspruch 18. August.<\/p>\n<p>Eine kraftvolle Sammlung von Aphorismen. In \u00dcbereinstimmung mit dem Jahreskreis entfaltet sich mittels der Koans und Weisheitstexte ein 365-t\u00e4giger Bogen, der den Wahrheitssucher einl\u00e4dt, sich Tag f\u00fcr Tag der Erforschung des SELBST zu widmen und einzukehren in die Stille des Herzens. Starke Worte, radikale Einzeiler und ber\u00fchrende Verse als Begleiter auf dem spirituellen Weg. Ein wundersch\u00f6ner Leseband in Wort und Bild!<\/p>\n\n    <div class=\"xs_social_share_widget xs_share_url after_content \t\tmain_content  wslu-style-1 wslu-share-box-shaped wslu-fill-colored wslu-none wslu-share-horizontal wslu-theme-font-no wslu-main_content\">\n\n\t\t\n        <ul>\n\t\t\t        <\/ul>\n    <\/div> \n","protected":false},"excerpt":{"rendered":"<p align=\"justify\">Om C Parkin<\/p>\n<div align=\"justify\">\n<p>&#8222;Dein Wesen ist absolut vertrauensw\u00fcrdig. Dein Herz ist absolut vertrauensw\u00fcrdig. Aber wie kannst du dem Herzen vertrauen, wenn du dich ihm nicht zuwendest? Wie kannst du dir selbst vertrauen, wenn du dich dem, was du bist &#8211; in der Tiefe deines Herzens &#8211; nicht zuwendest?&#8220; Sinnspruch 18. August.Eine kraftvolle Sammlung von Aphorismen. In \u00dcbereinstimmung mit dem Jahreskreis entfaltet sich mittels der Koans und Weisheitstexte ein 365-t\u00e4giger Bogen, der den Wahrheitssucher einl\u00e4dt, sich Tag f\u00fcr Tag der Erforschung des SELBST zu widmen und einzukehren in die Stille des Herzens. Starke Worte, radikale Einzeiler und ber\u00fchrende Verse als Begleiter auf dem spirituellen Weg. Ein wundersch\u00f6ner Leseband in Wort und Bild.<\/p>\n<\/div>\n","protected":false},"featured_media":4965,"comment_status":"open","ping_status":"closed","template":"","meta":{"postBodyCss":"","postBodyMargin":[],"postBodyPadding":[],"postBodyBackground":{"backgroundType":"classic","gradient":""}},"product_brand":[],"product_cat":[1246,369,385],"product_tag":[],"class_list":{"0":"post-5149","1":"product","2":"type-product","3":"status-publish","4":"has-post-thumbnail","6":"product_cat-westliche-meister","7":"product_cat-bucher","8":"product_cat-weitere-spirituelle-meister","10":"first","11":"instock","12":"taxable","13":"shipping-taxable","14":"purchasable","15":"product-type-simple"},"yoast_head":"<!-- This site is optimized with the Yoast SEO plugin v26.6 - https:\/\/yoast.com\/wordpress\/plugins\/seo\/ -->\n<title>Donnerschlag und Tempelstille - Spiritual Books &amp; Films Online Shop #1 | Open Sky Press DE<\/title>\n<meta name=\"robots\" content=\"index, follow, max-snippet:-1, max-image-preview:large, max-video-preview:-1\" \/>\n<link rel=\"canonical\" href=\"https:\/\/openskypress.com\/de\/product\/donnerschlag-und-tempelstille\/\" \/>\n<meta property=\"og:locale\" content=\"de_DE\" \/>\n<meta property=\"og:type\" content=\"article\" \/>\n<meta property=\"og:title\" content=\"Donnerschlag und Tempelstille - Spiritual Books &amp; Films Online Shop #1 | Open Sky Press DE\" \/>\n<meta property=\"og:description\" content=\"Om C Parkin    &quot;Dein Wesen ist absolut vertrauensw\u00fcrdig. Dein Herz ist absolut vertrauensw\u00fcrdig. Aber wie kannst du dem Herzen vertrauen, wenn du dich ihm nicht zuwendest? Wie kannst du dir selbst vertrauen, wenn du dich dem, was du bist - in der Tiefe deines Herzens - nicht zuwendest?&quot; Sinnspruch 18. August.Eine kraftvolle Sammlung von Aphorismen. In \u00dcbereinstimmung mit dem Jahreskreis entfaltet sich mittels der Koans und Weisheitstexte ein 365-t\u00e4giger Bogen, der den Wahrheitssucher einl\u00e4dt, sich Tag f\u00fcr Tag der Erforschung des SELBST zu widmen und einzukehren in die Stille des Herzens. Starke Worte, radikale Einzeiler und ber\u00fchrende Verse als Begleiter auf dem spirituellen Weg. Ein wundersch\u00f6ner Leseband in Wort und Bild.\" \/>\n<meta property=\"og:url\" content=\"https:\/\/openskypress.com\/de\/product\/donnerschlag-und-tempelstille\/\" \/>\n<meta property=\"og:site_name\" content=\"Spiritual Books &amp; Films Online Shop #1 | Open Sky Press DE\" \/>\n<meta property=\"article:modified_time\" content=\"2026-01-22T09:05:35+00:00\" \/>\n<meta property=\"og:image\" content=\"https:\/\/openskypress.com\/wp-content\/uploads\/2019\/05\/donnerschlag-und-tempelstille.png\" \/>\n\t<meta property=\"og:image:width\" content=\"490\" \/>\n\t<meta property=\"og:image:height\" content=\"740\" \/>\n\t<meta property=\"og:image:type\" content=\"image\/png\" \/>\n<meta name=\"twitter:card\" content=\"summary_large_image\" \/>\n<meta name=\"twitter:label1\" content=\"Gesch\u00e4tzte Lesezeit\" \/>\n\t<meta name=\"twitter:data1\" content=\"1\u00a0Minute\" \/>\n<script type=\"application\/ld+json\" class=\"yoast-schema-graph\">{\"@context\":\"https:\/\/schema.org\",\"@graph\":[{\"@type\":\"WebPage\",\"@id\":\"https:\/\/openskypress.com\/de\/product\/donnerschlag-und-tempelstille\/\",\"url\":\"https:\/\/openskypress.com\/de\/product\/donnerschlag-und-tempelstille\/\",\"name\":\"Donnerschlag und Tempelstille - Spiritual Books &amp; Films Online Shop #1 | Open Sky Press DE\",\"isPartOf\":{\"@id\":\"https:\/\/openskypress.com\/#website\"},\"primaryImageOfPage\":{\"@id\":\"https:\/\/openskypress.com\/de\/product\/donnerschlag-und-tempelstille\/#primaryimage\"},\"image\":{\"@id\":\"https:\/\/openskypress.com\/de\/product\/donnerschlag-und-tempelstille\/#primaryimage\"},\"thumbnailUrl\":\"https:\/\/openskypress.com\/wp-content\/uploads\/2019\/05\/donnerschlag-und-tempelstille.png\",\"datePublished\":\"2019-05-23T10:29:01+00:00\",\"dateModified\":\"2026-01-22T09:05:35+00:00\",\"breadcrumb\":{\"@id\":\"https:\/\/openskypress.com\/de\/product\/donnerschlag-und-tempelstille\/#breadcrumb\"},\"inLanguage\":\"de\",\"potentialAction\":[{\"@type\":\"ReadAction\",\"target\":[\"https:\/\/openskypress.com\/de\/product\/donnerschlag-und-tempelstille\/\"]}]},{\"@type\":\"ImageObject\",\"inLanguage\":\"de\",\"@id\":\"https:\/\/openskypress.com\/de\/product\/donnerschlag-und-tempelstille\/#primaryimage\",\"url\":\"https:\/\/openskypress.com\/wp-content\/uploads\/2019\/05\/donnerschlag-und-tempelstille.png\",\"contentUrl\":\"https:\/\/openskypress.com\/wp-content\/uploads\/2019\/05\/donnerschlag-und-tempelstille.png\",\"width\":490,\"height\":740,\"caption\":\"donnerschlag und tempelstille\"},{\"@type\":\"BreadcrumbList\",\"@id\":\"https:\/\/openskypress.com\/de\/product\/donnerschlag-und-tempelstille\/#breadcrumb\",\"itemListElement\":[{\"@type\":\"ListItem\",\"position\":1,\"name\":\"Home\",\"item\":\"https:\/\/openskypress.com\/es\/\"},{\"@type\":\"ListItem\",\"position\":2,\"name\":\"Shop\",\"item\":\"https:\/\/openskypress.com\/de\/shop\/\"},{\"@type\":\"ListItem\",\"position\":3,\"name\":\"Donnerschlag und Tempelstille\"}]},{\"@type\":\"WebSite\",\"@id\":\"https:\/\/openskypress.com\/#website\",\"url\":\"https:\/\/openskypress.com\/\",\"name\":\"Spiritual Books & Films Online Shop #1 | Open Sky Press\",\"description\":\"Best store of Books &amp; DVDs about Satsang, Indian &amp; Western philosophy &amp; yoga. Spiritual teachers talks about awakening, enlightenment and mindfulness\",\"publisher\":{\"@id\":\"https:\/\/openskypress.com\/#organization\"},\"potentialAction\":[{\"@type\":\"SearchAction\",\"target\":{\"@type\":\"EntryPoint\",\"urlTemplate\":\"https:\/\/openskypress.com\/?s={search_term_string}\"},\"query-input\":{\"@type\":\"PropertyValueSpecification\",\"valueRequired\":true,\"valueName\":\"search_term_string\"}}],\"inLanguage\":\"de\"},{\"@type\":\"Organization\",\"@id\":\"https:\/\/openskypress.com\/#organization\",\"name\":\"Spiritual Books & Films Online Shop #1 | Open Sky Press\",\"url\":\"https:\/\/openskypress.com\/\",\"logo\":{\"@type\":\"ImageObject\",\"inLanguage\":\"de\",\"@id\":\"https:\/\/openskypress.com\/#\/schema\/logo\/image\/\",\"url\":\"https:\/\/openskypress.com\/wp-content\/uploads\/2020\/02\/logo-osp-1.png\",\"contentUrl\":\"https:\/\/openskypress.com\/wp-content\/uploads\/2020\/02\/logo-osp-1.png\",\"width\":222,\"height\":219,\"caption\":\"Spiritual Books & Films Online Shop #1 | Open Sky Press\"},\"image\":{\"@id\":\"https:\/\/openskypress.com\/#\/schema\/logo\/image\/\"}}]}<\/script>\n<!-- \/ Yoast SEO plugin. -->","yoast_head_json":{"title":"Donnerschlag und Tempelstille - Spiritual Books &amp; Films Online Shop #1 | Open Sky Press DE","robots":{"index":"index","follow":"follow","max-snippet":"max-snippet:-1","max-image-preview":"max-image-preview:large","max-video-preview":"max-video-preview:-1"},"canonical":"https:\/\/openskypress.com\/de\/product\/donnerschlag-und-tempelstille\/","og_locale":"de_DE","og_type":"article","og_title":"Donnerschlag und Tempelstille - Spiritual Books &amp; Films Online Shop #1 | Open Sky Press DE","og_description":"Om C Parkin    \"Dein Wesen ist absolut vertrauensw\u00fcrdig. Dein Herz ist absolut vertrauensw\u00fcrdig. Aber wie kannst du dem Herzen vertrauen, wenn du dich ihm nicht zuwendest? Wie kannst du dir selbst vertrauen, wenn du dich dem, was du bist - in der Tiefe deines Herzens - nicht zuwendest?\" Sinnspruch 18. August.Eine kraftvolle Sammlung von Aphorismen. In \u00dcbereinstimmung mit dem Jahreskreis entfaltet sich mittels der Koans und Weisheitstexte ein 365-t\u00e4giger Bogen, der den Wahrheitssucher einl\u00e4dt, sich Tag f\u00fcr Tag der Erforschung des SELBST zu widmen und einzukehren in die Stille des Herzens. Starke Worte, radikale Einzeiler und ber\u00fchrende Verse als Begleiter auf dem spirituellen Weg. Ein wundersch\u00f6ner Leseband in Wort und Bild.","og_url":"https:\/\/openskypress.com\/de\/product\/donnerschlag-und-tempelstille\/","og_site_name":"Spiritual Books &amp; Films Online Shop #1 | Open Sky Press DE","article_modified_time":"2026-01-22T09:05:35+00:00","og_image":[{"width":490,"height":740,"url":"https:\/\/openskypress.com\/wp-content\/uploads\/2019\/05\/donnerschlag-und-tempelstille.png","type":"image\/png"}],"twitter_card":"summary_large_image","twitter_misc":{"Gesch\u00e4tzte Lesezeit":"1\u00a0Minute"},"schema":{"@context":"https:\/\/schema.org","@graph":[{"@type":"WebPage","@id":"https:\/\/openskypress.com\/de\/product\/donnerschlag-und-tempelstille\/","url":"https:\/\/openskypress.com\/de\/product\/donnerschlag-und-tempelstille\/","name":"Donnerschlag und Tempelstille - Spiritual Books &amp; Films Online Shop #1 | Open Sky Press DE","isPartOf":{"@id":"https:\/\/openskypress.com\/#website"},"primaryImageOfPage":{"@id":"https:\/\/openskypress.com\/de\/product\/donnerschlag-und-tempelstille\/#primaryimage"},"image":{"@id":"https:\/\/openskypress.com\/de\/product\/donnerschlag-und-tempelstille\/#primaryimage"},"thumbnailUrl":"https:\/\/openskypress.com\/wp-content\/uploads\/2019\/05\/donnerschlag-und-tempelstille.png","datePublished":"2019-05-23T10:29:01+00:00","dateModified":"2026-01-22T09:05:35+00:00","breadcrumb":{"@id":"https:\/\/openskypress.com\/de\/product\/donnerschlag-und-tempelstille\/#breadcrumb"},"inLanguage":"de","potentialAction":[{"@type":"ReadAction","target":["https:\/\/openskypress.com\/de\/product\/donnerschlag-und-tempelstille\/"]}]},{"@type":"ImageObject","inLanguage":"de","@id":"https:\/\/openskypress.com\/de\/product\/donnerschlag-und-tempelstille\/#primaryimage","url":"https:\/\/openskypress.com\/wp-content\/uploads\/2019\/05\/donnerschlag-und-tempelstille.png","contentUrl":"https:\/\/openskypress.com\/wp-content\/uploads\/2019\/05\/donnerschlag-und-tempelstille.png","width":490,"height":740,"caption":"donnerschlag und tempelstille"},{"@type":"BreadcrumbList","@id":"https:\/\/openskypress.com\/de\/product\/donnerschlag-und-tempelstille\/#breadcrumb","itemListElement":[{"@type":"ListItem","position":1,"name":"Home","item":"https:\/\/openskypress.com\/es\/"},{"@type":"ListItem","position":2,"name":"Shop","item":"https:\/\/openskypress.com\/de\/shop\/"},{"@type":"ListItem","position":3,"name":"Donnerschlag und Tempelstille"}]},{"@type":"WebSite","@id":"https:\/\/openskypress.com\/#website","url":"https:\/\/openskypress.com\/","name":"Spiritual Books & Films Online Shop #1 | Open Sky Press","description":"Best store of Books &amp; DVDs about Satsang, Indian &amp; Western philosophy &amp; yoga. Spiritual teachers talks about awakening, enlightenment and mindfulness","publisher":{"@id":"https:\/\/openskypress.com\/#organization"},"potentialAction":[{"@type":"SearchAction","target":{"@type":"EntryPoint","urlTemplate":"https:\/\/openskypress.com\/?s={search_term_string}"},"query-input":{"@type":"PropertyValueSpecification","valueRequired":true,"valueName":"search_term_string"}}],"inLanguage":"de"},{"@type":"Organization","@id":"https:\/\/openskypress.com\/#organization","name":"Spiritual Books & Films Online Shop #1 | Open Sky Press","url":"https:\/\/openskypress.com\/","logo":{"@type":"ImageObject","inLanguage":"de","@id":"https:\/\/openskypress.com\/#\/schema\/logo\/image\/","url":"https:\/\/openskypress.com\/wp-content\/uploads\/2020\/02\/logo-osp-1.png","contentUrl":"https:\/\/openskypress.com\/wp-content\/uploads\/2020\/02\/logo-osp-1.png","width":222,"height":219,"caption":"Spiritual Books & Films Online Shop #1 | Open Sky Press"},"image":{"@id":"https:\/\/openskypress.com\/#\/schema\/logo\/image\/"}}]}},"_links":{"self":[{"href":"https:\/\/openskypress.com\/de\/wp-json\/wp\/v2\/product\/5149","targetHints":{"allow":["GET"]}}],"collection":[{"href":"https:\/\/openskypress.com\/de\/wp-json\/wp\/v2\/product"}],"about":[{"href":"https:\/\/openskypress.com\/de\/wp-json\/wp\/v2\/types\/product"}],"replies":[{"embeddable":true,"href":"https:\/\/openskypress.com\/de\/wp-json\/wp\/v2\/comments?post=5149"}],"wp:featuredmedia":[{"embeddable":true,"href":"https:\/\/openskypress.com\/de\/wp-json\/wp\/v2\/media\/4965"}],"wp:attachment":[{"href":"https:\/\/openskypress.com\/de\/wp-json\/wp\/v2\/media?parent=5149"}],"wp:term":[{"taxonomy":"product_brand","embeddable":true,"href":"https:\/\/openskypress.com\/de\/wp-json\/wp\/v2\/product_brand?post=5149"},{"taxonomy":"product_cat","embeddable":true,"href":"https:\/\/openskypress.com\/de\/wp-json\/wp\/v2\/product_cat?post=5149"},{"taxonomy":"product_tag","embeddable":true,"href":"https:\/\/openskypress.com\/de\/wp-json\/wp\/v2\/product_tag?post=5149"}],"curies":[{"name":"wp","href":"https:\/\/api.w.org\/{rel}","templated":true}]}}