{"id":5135,"date":"2019-05-23T09:09:39","date_gmt":"2019-05-23T09:09:39","guid":{"rendered":"https:\/\/openskycharity.international\/?post_type=product&#038;p=5135"},"modified":"2026-01-22T09:05:36","modified_gmt":"2026-01-22T09:05:36","slug":"facetten-der-einheit-das-enneagramm-der-heiligen-ideen","status":"publish","type":"product","link":"https:\/\/openskypress.com\/de\/product\/facetten-der-einheit-das-enneagramm-der-heiligen-ideen\/","title":{"rendered":"Facetten der Einheit"},"content":{"rendered":"<p align=\"justify\">A.H.Almaas.<\/p>\n<p align=\"justify\">Unter allen B\u00fcchern \u00fcber das Enneagramm nimmt dieses eine Sonderstellung ein. Es behandelt das Enneagramm nicht \u2013 wie die meisten B\u00fccher \u2013 als psychologisches Instrument zum besseren Verst\u00e4ndnis der eigenen Pers\u00f6nlichkeit, sondern als spirituellen Wegweiser zu dem, was jenseits der Pers\u00f6nlichkeit liegt.<\/p>\n<p>Jedem der neun Pers\u00f6nlichkeitstypen des Enneagramms liegt eine spezifische Heilige Idee \u2013 eine Facette der Einheit \u2013 zugrunde. Wo in den meisten Enneagrammb\u00fcchern die neun Pers\u00f6nlichkeitstypen besprochen werden, behandelt dieses Buch die ihnen zugrunde liegenden Heiligen Ideen. A. H. Almaas untersucht die neun verschiedenen Prozesse, durch die wir den Kontakt zum Sein \u2013 und damit die Perspektive unserer Heiligen Idee \u2013 verlieren. Er zeigt auf, welche falsche Realit\u00e4tssicht f\u00fcr jeden der neun Typen daraus resultiert, und wie sich die jeweilige Egopers\u00f6nlichkeit auf der Basis dieser falschen Sicht entwickelt. Wer diese Prozesse versteht und die Heiligen Ideen in der eigenen Tiefe wiedererkennt, findet den Weg zur\u00fcck in die urspr\u00fcngliche Einheit. Wie alle Werke von A. H. Almaas besticht auch dieses durch seine Tiefe, seine spirituelle Aufrichtigkeit, seine Unbestechlichkeit, seine Intelligenz. Ein Muss f\u00fcr jeden Ennegramm-Interessierten, eine Offenbarung f\u00fcr alle Suchenden, egal, welcher Tradition sie folgen.<\/p>\n<p>Eine anspruchsvolle, spirituell in die Tiefe gehende Untersuchung der neun verschiedenen Prozesse, durch die der Kontakt zum Sein\/Essenz verloren geht. Durch das Verstehen dieser Prozesse wird der Weg zur\u00fcck in die Einheit erm\u00f6glicht.<\/p>\n\n    <div class=\"xs_social_share_widget xs_share_url after_content \t\tmain_content  wslu-style-1 wslu-share-box-shaped wslu-fill-colored wslu-none wslu-share-horizontal wslu-theme-font-no wslu-main_content\">\n\n\t\t\n        <ul>\n\t\t\t        <\/ul>\n    <\/div> \n","protected":false},"excerpt":{"rendered":"<p>Eine anspruchsvolle, spirituell in die Tiefe gehende Untersuchung der neun verschiedenen Prozesse, durch die der Kontakt zum Sein\/Essenz verloren geht. Durch das Verstehen dieser Prozesse wird der Weg zur\u00fcck in die Einheit erm\u00f6glicht.<\/p>\n","protected":false},"featured_media":4657,"comment_status":"open","ping_status":"closed","template":"","meta":{"postBodyCss":"","postBodyMargin":[],"postBodyPadding":[],"postBodyBackground":{"backgroundType":"classic","gradient":""}},"product_brand":[],"product_cat":[1246,369,385],"product_tag":[408],"class_list":{"0":"post-5135","1":"product","2":"type-product","3":"status-publish","4":"has-post-thumbnail","6":"product_cat-westliche-meister","7":"product_cat-bucher","8":"product_cat-weitere-spirituelle-meister","9":"product_tag-enneagram-de","11":"first","12":"instock","13":"taxable","14":"shipping-taxable","15":"purchasable","16":"product-type-simple"},"yoast_head":"<!-- This site is optimized with the Yoast SEO plugin v26.6 - https:\/\/yoast.com\/wordpress\/plugins\/seo\/ -->\n<title>Facetten der Einheit - Spiritual Books &amp; Films Online Shop #1 | Open Sky Press DE<\/title>\n<meta name=\"robots\" content=\"index, follow, max-snippet:-1, max-image-preview:large, max-video-preview:-1\" \/>\n<link rel=\"canonical\" href=\"https:\/\/openskypress.com\/de\/product\/facetten-der-einheit-das-enneagramm-der-heiligen-ideen\/\" \/>\n<meta property=\"og:locale\" content=\"de_DE\" \/>\n<meta property=\"og:type\" content=\"article\" \/>\n<meta property=\"og:title\" content=\"Facetten der Einheit - Spiritual Books &amp; Films Online Shop #1 | Open Sky Press DE\" \/>\n<meta property=\"og:description\" content=\"Eine anspruchsvolle, spirituell in die Tiefe gehende Untersuchung der neun verschiedenen Prozesse, durch die der Kontakt zum Sein\/Essenz verloren geht. Durch das Verstehen dieser Prozesse wird der Weg zur\u00fcck in die Einheit erm\u00f6glicht.\" \/>\n<meta property=\"og:url\" content=\"https:\/\/openskypress.com\/de\/product\/facetten-der-einheit-das-enneagramm-der-heiligen-ideen\/\" \/>\n<meta property=\"og:site_name\" content=\"Spiritual Books &amp; Films Online Shop #1 | Open Sky Press DE\" \/>\n<meta property=\"article:modified_time\" content=\"2026-01-22T09:05:36+00:00\" \/>\n<meta property=\"og:image\" content=\"https:\/\/openskypress.com\/wp-content\/uploads\/2019\/05\/facetten-der-einheit.jpg\" \/>\n\t<meta property=\"og:image:width\" content=\"490\" \/>\n\t<meta property=\"og:image:height\" content=\"740\" \/>\n\t<meta property=\"og:image:type\" content=\"image\/jpeg\" \/>\n<meta name=\"twitter:card\" content=\"summary_large_image\" \/>\n<meta name=\"twitter:label1\" content=\"Gesch\u00e4tzte Lesezeit\" \/>\n\t<meta name=\"twitter:data1\" content=\"1\u00a0Minute\" \/>\n<script type=\"application\/ld+json\" class=\"yoast-schema-graph\">{\"@context\":\"https:\/\/schema.org\",\"@graph\":[{\"@type\":\"WebPage\",\"@id\":\"https:\/\/openskypress.com\/de\/product\/facetten-der-einheit-das-enneagramm-der-heiligen-ideen\/\",\"url\":\"https:\/\/openskypress.com\/de\/product\/facetten-der-einheit-das-enneagramm-der-heiligen-ideen\/\",\"name\":\"Facetten der Einheit - Spiritual Books &amp; Films Online Shop #1 | Open Sky Press DE\",\"isPartOf\":{\"@id\":\"https:\/\/openskypress.com\/#website\"},\"primaryImageOfPage\":{\"@id\":\"https:\/\/openskypress.com\/de\/product\/facetten-der-einheit-das-enneagramm-der-heiligen-ideen\/#primaryimage\"},\"image\":{\"@id\":\"https:\/\/openskypress.com\/de\/product\/facetten-der-einheit-das-enneagramm-der-heiligen-ideen\/#primaryimage\"},\"thumbnailUrl\":\"https:\/\/openskypress.com\/wp-content\/uploads\/2019\/05\/facetten-der-einheit.jpg\",\"datePublished\":\"2019-05-23T09:09:39+00:00\",\"dateModified\":\"2026-01-22T09:05:36+00:00\",\"breadcrumb\":{\"@id\":\"https:\/\/openskypress.com\/de\/product\/facetten-der-einheit-das-enneagramm-der-heiligen-ideen\/#breadcrumb\"},\"inLanguage\":\"de\",\"potentialAction\":[{\"@type\":\"ReadAction\",\"target\":[\"https:\/\/openskypress.com\/de\/product\/facetten-der-einheit-das-enneagramm-der-heiligen-ideen\/\"]}]},{\"@type\":\"ImageObject\",\"inLanguage\":\"de\",\"@id\":\"https:\/\/openskypress.com\/de\/product\/facetten-der-einheit-das-enneagramm-der-heiligen-ideen\/#primaryimage\",\"url\":\"https:\/\/openskypress.com\/wp-content\/uploads\/2019\/05\/facetten-der-einheit.jpg\",\"contentUrl\":\"https:\/\/openskypress.com\/wp-content\/uploads\/2019\/05\/facetten-der-einheit.jpg\",\"width\":490,\"height\":740,\"caption\":\"enneagram, facetten der einheit\"},{\"@type\":\"BreadcrumbList\",\"@id\":\"https:\/\/openskypress.com\/de\/product\/facetten-der-einheit-das-enneagramm-der-heiligen-ideen\/#breadcrumb\",\"itemListElement\":[{\"@type\":\"ListItem\",\"position\":1,\"name\":\"Home\",\"item\":\"https:\/\/openskypress.com\/es\/\"},{\"@type\":\"ListItem\",\"position\":2,\"name\":\"Shop\",\"item\":\"https:\/\/openskypress.com\/de\/shop\/\"},{\"@type\":\"ListItem\",\"position\":3,\"name\":\"Facetten der Einheit\"}]},{\"@type\":\"WebSite\",\"@id\":\"https:\/\/openskypress.com\/#website\",\"url\":\"https:\/\/openskypress.com\/\",\"name\":\"Spiritual Books & Films Online Shop #1 | Open Sky Press\",\"description\":\"Best store of Books &amp; DVDs about Satsang, Indian &amp; Western philosophy &amp; yoga. Spiritual teachers talks about awakening, enlightenment and mindfulness\",\"publisher\":{\"@id\":\"https:\/\/openskypress.com\/#organization\"},\"potentialAction\":[{\"@type\":\"SearchAction\",\"target\":{\"@type\":\"EntryPoint\",\"urlTemplate\":\"https:\/\/openskypress.com\/?s={search_term_string}\"},\"query-input\":{\"@type\":\"PropertyValueSpecification\",\"valueRequired\":true,\"valueName\":\"search_term_string\"}}],\"inLanguage\":\"de\"},{\"@type\":\"Organization\",\"@id\":\"https:\/\/openskypress.com\/#organization\",\"name\":\"Spiritual Books & Films Online Shop #1 | Open Sky Press\",\"url\":\"https:\/\/openskypress.com\/\",\"logo\":{\"@type\":\"ImageObject\",\"inLanguage\":\"de\",\"@id\":\"https:\/\/openskypress.com\/#\/schema\/logo\/image\/\",\"url\":\"https:\/\/openskypress.com\/wp-content\/uploads\/2020\/02\/logo-osp-1.png\",\"contentUrl\":\"https:\/\/openskypress.com\/wp-content\/uploads\/2020\/02\/logo-osp-1.png\",\"width\":222,\"height\":219,\"caption\":\"Spiritual Books & Films Online Shop #1 | Open Sky Press\"},\"image\":{\"@id\":\"https:\/\/openskypress.com\/#\/schema\/logo\/image\/\"}}]}<\/script>\n<!-- \/ Yoast SEO plugin. -->","yoast_head_json":{"title":"Facetten der Einheit - Spiritual Books &amp; Films Online Shop #1 | Open Sky Press DE","robots":{"index":"index","follow":"follow","max-snippet":"max-snippet:-1","max-image-preview":"max-image-preview:large","max-video-preview":"max-video-preview:-1"},"canonical":"https:\/\/openskypress.com\/de\/product\/facetten-der-einheit-das-enneagramm-der-heiligen-ideen\/","og_locale":"de_DE","og_type":"article","og_title":"Facetten der Einheit - Spiritual Books &amp; Films Online Shop #1 | Open Sky Press DE","og_description":"Eine anspruchsvolle, spirituell in die Tiefe gehende Untersuchung der neun verschiedenen Prozesse, durch die der Kontakt zum Sein\/Essenz verloren geht. Durch das Verstehen dieser Prozesse wird der Weg zur\u00fcck in die Einheit erm\u00f6glicht.","og_url":"https:\/\/openskypress.com\/de\/product\/facetten-der-einheit-das-enneagramm-der-heiligen-ideen\/","og_site_name":"Spiritual Books &amp; Films Online Shop #1 | Open Sky Press DE","article_modified_time":"2026-01-22T09:05:36+00:00","og_image":[{"width":490,"height":740,"url":"https:\/\/openskypress.com\/wp-content\/uploads\/2019\/05\/facetten-der-einheit.jpg","type":"image\/jpeg"}],"twitter_card":"summary_large_image","twitter_misc":{"Gesch\u00e4tzte Lesezeit":"1\u00a0Minute"},"schema":{"@context":"https:\/\/schema.org","@graph":[{"@type":"WebPage","@id":"https:\/\/openskypress.com\/de\/product\/facetten-der-einheit-das-enneagramm-der-heiligen-ideen\/","url":"https:\/\/openskypress.com\/de\/product\/facetten-der-einheit-das-enneagramm-der-heiligen-ideen\/","name":"Facetten der Einheit - Spiritual Books &amp; Films Online Shop #1 | Open Sky Press DE","isPartOf":{"@id":"https:\/\/openskypress.com\/#website"},"primaryImageOfPage":{"@id":"https:\/\/openskypress.com\/de\/product\/facetten-der-einheit-das-enneagramm-der-heiligen-ideen\/#primaryimage"},"image":{"@id":"https:\/\/openskypress.com\/de\/product\/facetten-der-einheit-das-enneagramm-der-heiligen-ideen\/#primaryimage"},"thumbnailUrl":"https:\/\/openskypress.com\/wp-content\/uploads\/2019\/05\/facetten-der-einheit.jpg","datePublished":"2019-05-23T09:09:39+00:00","dateModified":"2026-01-22T09:05:36+00:00","breadcrumb":{"@id":"https:\/\/openskypress.com\/de\/product\/facetten-der-einheit-das-enneagramm-der-heiligen-ideen\/#breadcrumb"},"inLanguage":"de","potentialAction":[{"@type":"ReadAction","target":["https:\/\/openskypress.com\/de\/product\/facetten-der-einheit-das-enneagramm-der-heiligen-ideen\/"]}]},{"@type":"ImageObject","inLanguage":"de","@id":"https:\/\/openskypress.com\/de\/product\/facetten-der-einheit-das-enneagramm-der-heiligen-ideen\/#primaryimage","url":"https:\/\/openskypress.com\/wp-content\/uploads\/2019\/05\/facetten-der-einheit.jpg","contentUrl":"https:\/\/openskypress.com\/wp-content\/uploads\/2019\/05\/facetten-der-einheit.jpg","width":490,"height":740,"caption":"enneagram, facetten der einheit"},{"@type":"BreadcrumbList","@id":"https:\/\/openskypress.com\/de\/product\/facetten-der-einheit-das-enneagramm-der-heiligen-ideen\/#breadcrumb","itemListElement":[{"@type":"ListItem","position":1,"name":"Home","item":"https:\/\/openskypress.com\/es\/"},{"@type":"ListItem","position":2,"name":"Shop","item":"https:\/\/openskypress.com\/de\/shop\/"},{"@type":"ListItem","position":3,"name":"Facetten der Einheit"}]},{"@type":"WebSite","@id":"https:\/\/openskypress.com\/#website","url":"https:\/\/openskypress.com\/","name":"Spiritual Books & Films Online Shop #1 | Open Sky Press","description":"Best store of Books &amp; DVDs about Satsang, Indian &amp; Western philosophy &amp; yoga. Spiritual teachers talks about awakening, enlightenment and mindfulness","publisher":{"@id":"https:\/\/openskypress.com\/#organization"},"potentialAction":[{"@type":"SearchAction","target":{"@type":"EntryPoint","urlTemplate":"https:\/\/openskypress.com\/?s={search_term_string}"},"query-input":{"@type":"PropertyValueSpecification","valueRequired":true,"valueName":"search_term_string"}}],"inLanguage":"de"},{"@type":"Organization","@id":"https:\/\/openskypress.com\/#organization","name":"Spiritual Books & Films Online Shop #1 | Open Sky Press","url":"https:\/\/openskypress.com\/","logo":{"@type":"ImageObject","inLanguage":"de","@id":"https:\/\/openskypress.com\/#\/schema\/logo\/image\/","url":"https:\/\/openskypress.com\/wp-content\/uploads\/2020\/02\/logo-osp-1.png","contentUrl":"https:\/\/openskypress.com\/wp-content\/uploads\/2020\/02\/logo-osp-1.png","width":222,"height":219,"caption":"Spiritual Books & Films Online Shop #1 | Open Sky Press"},"image":{"@id":"https:\/\/openskypress.com\/#\/schema\/logo\/image\/"}}]}},"_links":{"self":[{"href":"https:\/\/openskypress.com\/de\/wp-json\/wp\/v2\/product\/5135","targetHints":{"allow":["GET"]}}],"collection":[{"href":"https:\/\/openskypress.com\/de\/wp-json\/wp\/v2\/product"}],"about":[{"href":"https:\/\/openskypress.com\/de\/wp-json\/wp\/v2\/types\/product"}],"replies":[{"embeddable":true,"href":"https:\/\/openskypress.com\/de\/wp-json\/wp\/v2\/comments?post=5135"}],"wp:featuredmedia":[{"embeddable":true,"href":"https:\/\/openskypress.com\/de\/wp-json\/wp\/v2\/media\/4657"}],"wp:attachment":[{"href":"https:\/\/openskypress.com\/de\/wp-json\/wp\/v2\/media?parent=5135"}],"wp:term":[{"taxonomy":"product_brand","embeddable":true,"href":"https:\/\/openskypress.com\/de\/wp-json\/wp\/v2\/product_brand?post=5135"},{"taxonomy":"product_cat","embeddable":true,"href":"https:\/\/openskypress.com\/de\/wp-json\/wp\/v2\/product_cat?post=5135"},{"taxonomy":"product_tag","embeddable":true,"href":"https:\/\/openskypress.com\/de\/wp-json\/wp\/v2\/product_tag?post=5135"}],"curies":[{"name":"wp","href":"https:\/\/api.w.org\/{rel}","templated":true}]}}