{"id":4026,"date":"2019-04-02T22:36:04","date_gmt":"2019-04-02T22:36:04","guid":{"rendered":"https:\/\/openskycharity.international\/product\/papaji-amazing-grace\/"},"modified":"2026-02-07T16:03:10","modified_gmt":"2026-02-07T16:03:10","slug":"papaji-kraft-der-gnade","status":"publish","type":"product","link":"https:\/\/openskypress.com\/de\/product\/papaji-kraft-der-gnade\/","title":{"rendered":"Buch Papaji Kraft der Gnade"},"content":{"rendered":"<p align=\"justify\"><span class=\"s2\"><a href=\"https:\/\/openskycharity.international\/de\/produkt\/ebook-papaji-kraft-der-gnade\/\"><b><i>Auch als eBook erh\u00e4ltlich. Hier klicken<\/i><\/b><\/a><\/span><\/p>\n<p class=\"p1\"><b>Papaji Kraft der Gnade &#8211; Interviews <\/b><span class=\"s1\"><b>mit Menschen, die Erleuchtung suchten&#8230; und wie sie sie fanden<\/b><\/span><\/p>\n<p>by John David<\/p>\n<p class=\"p1\"><span class=\"s1\">F\u00fcnfzehn tief ber\u00fchrende und kraftvolle spirituelle Interviews gef\u00fchrt von John David mit Wahrheitssuchern, die Papaji in der Zeit von 1990 bis 1997 ausfindig machten. Ein intimer Blick auf das Verh\u00e4ltnis von Meister zu Sch\u00fcler.<\/span><\/p>\n<p class=\"p1\"><span class=\"s1\">Es sind Geschichten einer Hausfrau, eines Gesch\u00e4ftsmanns, und sogar eines Offiziers eines atomgetriebenen Flugzeugtr\u00e4gers. Allen, unabh\u00e4ngig von ihrer Herkunft, war die Sehnsucht gemein, die immerw\u00e4hrende Wahrheit dar\u00fcber herauszufinden, wer sie sind. Wenn diese Sehnsucht gro\u00df genug wird, taucht der Meister auf. <\/span><\/p>\n<p class=\"p3\"><span class=\"s2\">Die Interviews wurden von John David mit Suchenden gef\u00fchrt, die Papaji zwischen 1990 und 1997 aufgesucht haben, als sich endlich aufgrund seines fortschreitenden Alters eine Gemeinschaft in Lucknow, Nord Indien, um ihn herum bilden konnte.<\/span><\/p>\n\n    <div class=\"xs_social_share_widget xs_share_url after_content \t\tmain_content  wslu-style-1 wslu-share-box-shaped wslu-fill-colored wslu-none wslu-share-horizontal wslu-theme-font-no wslu-main_content\">\n\n\t\t\n        <ul>\n\t\t\t        <\/ul>\n    <\/div> \n","protected":false},"excerpt":{"rendered":"<p><span class=\"s2\"><a href=\"https:\/\/openskycharity.international\/de\/produkt\/ebook-papaji-kraft-der-gnade\/\"><b><i>Auch als eBook erh\u00e4ltlich. Hier klicken<\/i><\/b><\/a><\/span><\/p>\n<p>&nbsp;<\/p>\n<p class=\"p1\"><span class=\"s1\">F\u00fcnfzehn tief ber\u00fchrende und kraftvolle spirituelle Interviews gef\u00fchrt von John David mit Wahrheitssuchern, die Papaji in der Zeit von 1990 bis 1997 ausfindig machten. Ein intimer Blick auf das Verh\u00e4ltnis von Meister zu Sch\u00fcler.<\/span><\/p>\n","protected":false},"featured_media":3395,"comment_status":"open","ping_status":"closed","template":"","meta":{"postBodyCss":"","postBodyMargin":[],"postBodyPadding":[],"postBodyBackground":{"backgroundType":"classic","gradient":""}},"product_brand":[],"product_cat":[369,370,383,386],"product_tag":[372,373,375,486,581,415,377,378,379,382],"class_list":{"0":"post-4026","1":"product","2":"type-product","3":"status-publish","4":"has-post-thumbnail","6":"product_cat-bucher","7":"product_cat-john-david-de","8":"product_cat-papaji-de","9":"product_cat-open-sky-press-buecher","10":"product_tag-advaita-de","11":"product_tag-arunachala-de","12":"product_tag-john-david-de","13":"product_tag-nan-yar-de","14":"product_tag-open-sky-press-de","15":"product_tag-papaji-de","16":"product_tag-premananda-de","17":"product_tag-ramana-maharshi-de","18":"product_tag-satsang-de","19":"product_tag-who-am-i-de","21":"first","22":"instock","23":"taxable","24":"shipping-taxable","25":"purchasable","26":"product-type-simple"},"yoast_head":"<!-- This site is optimized with the Yoast SEO plugin v26.6 - https:\/\/yoast.com\/wordpress\/plugins\/seo\/ -->\n<title>Buch Papaji Kraft der Gnade - Spiritual Books &amp; Films Online Shop #1 | Open Sky Press DE<\/title>\n<meta name=\"robots\" content=\"index, follow, max-snippet:-1, max-image-preview:large, max-video-preview:-1\" \/>\n<link rel=\"canonical\" href=\"https:\/\/openskypress.com\/de\/product\/papaji-kraft-der-gnade\/\" \/>\n<meta property=\"og:locale\" content=\"de_DE\" \/>\n<meta property=\"og:type\" content=\"article\" \/>\n<meta property=\"og:title\" content=\"Buch Papaji Kraft der Gnade - Spiritual Books &amp; Films Online Shop #1 | Open Sky Press DE\" \/>\n<meta property=\"og:description\" content=\"Auch als eBook erh\u00e4ltlich. Hier klicken  &nbsp; F\u00fcnfzehn tief ber\u00fchrende und kraftvolle spirituelle Interviews gef\u00fchrt von John David mit Wahrheitssuchern, die Papaji in der Zeit von 1990 bis 1997 ausfindig machten. Ein intimer Blick auf das Verh\u00e4ltnis von Meister zu Sch\u00fcler.\" \/>\n<meta property=\"og:url\" content=\"https:\/\/openskypress.com\/de\/product\/papaji-kraft-der-gnade\/\" \/>\n<meta property=\"og:site_name\" content=\"Spiritual Books &amp; Films Online Shop #1 | Open Sky Press DE\" \/>\n<meta property=\"article:modified_time\" content=\"2026-02-07T16:03:10+00:00\" \/>\n<meta property=\"og:image\" content=\"https:\/\/openskypress.com\/wp-content\/uploads\/2019\/04\/papaji-kraft-der-gnade.jpg\" \/>\n\t<meta property=\"og:image:width\" content=\"490\" \/>\n\t<meta property=\"og:image:height\" content=\"740\" \/>\n\t<meta property=\"og:image:type\" content=\"image\/jpeg\" \/>\n<meta name=\"twitter:card\" content=\"summary_large_image\" \/>\n<meta name=\"twitter:label1\" content=\"Gesch\u00e4tzte Lesezeit\" \/>\n\t<meta name=\"twitter:data1\" content=\"1\u00a0Minute\" \/>\n<script type=\"application\/ld+json\" class=\"yoast-schema-graph\">{\"@context\":\"https:\/\/schema.org\",\"@graph\":[{\"@type\":\"WebPage\",\"@id\":\"https:\/\/openskypress.com\/de\/product\/papaji-kraft-der-gnade\/\",\"url\":\"https:\/\/openskypress.com\/de\/product\/papaji-kraft-der-gnade\/\",\"name\":\"Buch Papaji Kraft der Gnade - Spiritual Books &amp; Films Online Shop #1 | Open Sky Press DE\",\"isPartOf\":{\"@id\":\"https:\/\/openskypress.com\/#website\"},\"primaryImageOfPage\":{\"@id\":\"https:\/\/openskypress.com\/de\/product\/papaji-kraft-der-gnade\/#primaryimage\"},\"image\":{\"@id\":\"https:\/\/openskypress.com\/de\/product\/papaji-kraft-der-gnade\/#primaryimage\"},\"thumbnailUrl\":\"https:\/\/openskypress.com\/wp-content\/uploads\/2019\/04\/papaji-kraft-der-gnade.jpg\",\"datePublished\":\"2019-04-02T22:36:04+00:00\",\"dateModified\":\"2026-02-07T16:03:10+00:00\",\"breadcrumb\":{\"@id\":\"https:\/\/openskypress.com\/de\/product\/papaji-kraft-der-gnade\/#breadcrumb\"},\"inLanguage\":\"de\",\"potentialAction\":[{\"@type\":\"ReadAction\",\"target\":[\"https:\/\/openskypress.com\/de\/product\/papaji-kraft-der-gnade\/\"]}]},{\"@type\":\"ImageObject\",\"inLanguage\":\"de\",\"@id\":\"https:\/\/openskypress.com\/de\/product\/papaji-kraft-der-gnade\/#primaryimage\",\"url\":\"https:\/\/openskypress.com\/wp-content\/uploads\/2019\/04\/papaji-kraft-der-gnade.jpg\",\"contentUrl\":\"https:\/\/openskypress.com\/wp-content\/uploads\/2019\/04\/papaji-kraft-der-gnade.jpg\",\"width\":490,\"height\":740,\"caption\":\"papaji, papaji kraft der gnade, kraft der gnade\"},{\"@type\":\"BreadcrumbList\",\"@id\":\"https:\/\/openskypress.com\/de\/product\/papaji-kraft-der-gnade\/#breadcrumb\",\"itemListElement\":[{\"@type\":\"ListItem\",\"position\":1,\"name\":\"Home\",\"item\":\"https:\/\/openskypress.com\/es\/\"},{\"@type\":\"ListItem\",\"position\":2,\"name\":\"Shop\",\"item\":\"https:\/\/openskypress.com\/de\/shop\/\"},{\"@type\":\"ListItem\",\"position\":3,\"name\":\"Buch Papaji Kraft der Gnade\"}]},{\"@type\":\"WebSite\",\"@id\":\"https:\/\/openskypress.com\/#website\",\"url\":\"https:\/\/openskypress.com\/\",\"name\":\"Spiritual Books & Films Online Shop #1 | Open Sky Press\",\"description\":\"Best store of Books &amp; DVDs about Satsang, Indian &amp; Western philosophy &amp; yoga. Spiritual teachers talks about awakening, enlightenment and mindfulness\",\"publisher\":{\"@id\":\"https:\/\/openskypress.com\/#organization\"},\"potentialAction\":[{\"@type\":\"SearchAction\",\"target\":{\"@type\":\"EntryPoint\",\"urlTemplate\":\"https:\/\/openskypress.com\/?s={search_term_string}\"},\"query-input\":{\"@type\":\"PropertyValueSpecification\",\"valueRequired\":true,\"valueName\":\"search_term_string\"}}],\"inLanguage\":\"de\"},{\"@type\":\"Organization\",\"@id\":\"https:\/\/openskypress.com\/#organization\",\"name\":\"Spiritual Books & Films Online Shop #1 | Open Sky Press\",\"url\":\"https:\/\/openskypress.com\/\",\"logo\":{\"@type\":\"ImageObject\",\"inLanguage\":\"de\",\"@id\":\"https:\/\/openskypress.com\/#\/schema\/logo\/image\/\",\"url\":\"https:\/\/openskypress.com\/wp-content\/uploads\/2020\/02\/logo-osp-1.png\",\"contentUrl\":\"https:\/\/openskypress.com\/wp-content\/uploads\/2020\/02\/logo-osp-1.png\",\"width\":222,\"height\":219,\"caption\":\"Spiritual Books & Films Online Shop #1 | Open Sky Press\"},\"image\":{\"@id\":\"https:\/\/openskypress.com\/#\/schema\/logo\/image\/\"}}]}<\/script>\n<!-- \/ Yoast SEO plugin. -->","yoast_head_json":{"title":"Buch Papaji Kraft der Gnade - Spiritual Books &amp; Films Online Shop #1 | Open Sky Press DE","robots":{"index":"index","follow":"follow","max-snippet":"max-snippet:-1","max-image-preview":"max-image-preview:large","max-video-preview":"max-video-preview:-1"},"canonical":"https:\/\/openskypress.com\/de\/product\/papaji-kraft-der-gnade\/","og_locale":"de_DE","og_type":"article","og_title":"Buch Papaji Kraft der Gnade - Spiritual Books &amp; Films Online Shop #1 | Open Sky Press DE","og_description":"Auch als eBook erh\u00e4ltlich. Hier klicken  &nbsp; F\u00fcnfzehn tief ber\u00fchrende und kraftvolle spirituelle Interviews gef\u00fchrt von John David mit Wahrheitssuchern, die Papaji in der Zeit von 1990 bis 1997 ausfindig machten. Ein intimer Blick auf das Verh\u00e4ltnis von Meister zu Sch\u00fcler.","og_url":"https:\/\/openskypress.com\/de\/product\/papaji-kraft-der-gnade\/","og_site_name":"Spiritual Books &amp; Films Online Shop #1 | Open Sky Press DE","article_modified_time":"2026-02-07T16:03:10+00:00","og_image":[{"width":490,"height":740,"url":"https:\/\/openskypress.com\/wp-content\/uploads\/2019\/04\/papaji-kraft-der-gnade.jpg","type":"image\/jpeg"}],"twitter_card":"summary_large_image","twitter_misc":{"Gesch\u00e4tzte Lesezeit":"1\u00a0Minute"},"schema":{"@context":"https:\/\/schema.org","@graph":[{"@type":"WebPage","@id":"https:\/\/openskypress.com\/de\/product\/papaji-kraft-der-gnade\/","url":"https:\/\/openskypress.com\/de\/product\/papaji-kraft-der-gnade\/","name":"Buch Papaji Kraft der Gnade - Spiritual Books &amp; Films Online Shop #1 | Open Sky Press DE","isPartOf":{"@id":"https:\/\/openskypress.com\/#website"},"primaryImageOfPage":{"@id":"https:\/\/openskypress.com\/de\/product\/papaji-kraft-der-gnade\/#primaryimage"},"image":{"@id":"https:\/\/openskypress.com\/de\/product\/papaji-kraft-der-gnade\/#primaryimage"},"thumbnailUrl":"https:\/\/openskypress.com\/wp-content\/uploads\/2019\/04\/papaji-kraft-der-gnade.jpg","datePublished":"2019-04-02T22:36:04+00:00","dateModified":"2026-02-07T16:03:10+00:00","breadcrumb":{"@id":"https:\/\/openskypress.com\/de\/product\/papaji-kraft-der-gnade\/#breadcrumb"},"inLanguage":"de","potentialAction":[{"@type":"ReadAction","target":["https:\/\/openskypress.com\/de\/product\/papaji-kraft-der-gnade\/"]}]},{"@type":"ImageObject","inLanguage":"de","@id":"https:\/\/openskypress.com\/de\/product\/papaji-kraft-der-gnade\/#primaryimage","url":"https:\/\/openskypress.com\/wp-content\/uploads\/2019\/04\/papaji-kraft-der-gnade.jpg","contentUrl":"https:\/\/openskypress.com\/wp-content\/uploads\/2019\/04\/papaji-kraft-der-gnade.jpg","width":490,"height":740,"caption":"papaji, papaji kraft der gnade, kraft der gnade"},{"@type":"BreadcrumbList","@id":"https:\/\/openskypress.com\/de\/product\/papaji-kraft-der-gnade\/#breadcrumb","itemListElement":[{"@type":"ListItem","position":1,"name":"Home","item":"https:\/\/openskypress.com\/es\/"},{"@type":"ListItem","position":2,"name":"Shop","item":"https:\/\/openskypress.com\/de\/shop\/"},{"@type":"ListItem","position":3,"name":"Buch Papaji Kraft der Gnade"}]},{"@type":"WebSite","@id":"https:\/\/openskypress.com\/#website","url":"https:\/\/openskypress.com\/","name":"Spiritual Books & Films Online Shop #1 | Open Sky Press","description":"Best store of Books &amp; DVDs about Satsang, Indian &amp; Western philosophy &amp; yoga. Spiritual teachers talks about awakening, enlightenment and mindfulness","publisher":{"@id":"https:\/\/openskypress.com\/#organization"},"potentialAction":[{"@type":"SearchAction","target":{"@type":"EntryPoint","urlTemplate":"https:\/\/openskypress.com\/?s={search_term_string}"},"query-input":{"@type":"PropertyValueSpecification","valueRequired":true,"valueName":"search_term_string"}}],"inLanguage":"de"},{"@type":"Organization","@id":"https:\/\/openskypress.com\/#organization","name":"Spiritual Books & Films Online Shop #1 | Open Sky Press","url":"https:\/\/openskypress.com\/","logo":{"@type":"ImageObject","inLanguage":"de","@id":"https:\/\/openskypress.com\/#\/schema\/logo\/image\/","url":"https:\/\/openskypress.com\/wp-content\/uploads\/2020\/02\/logo-osp-1.png","contentUrl":"https:\/\/openskypress.com\/wp-content\/uploads\/2020\/02\/logo-osp-1.png","width":222,"height":219,"caption":"Spiritual Books & Films Online Shop #1 | Open Sky Press"},"image":{"@id":"https:\/\/openskypress.com\/#\/schema\/logo\/image\/"}}]}},"_links":{"self":[{"href":"https:\/\/openskypress.com\/de\/wp-json\/wp\/v2\/product\/4026","targetHints":{"allow":["GET"]}}],"collection":[{"href":"https:\/\/openskypress.com\/de\/wp-json\/wp\/v2\/product"}],"about":[{"href":"https:\/\/openskypress.com\/de\/wp-json\/wp\/v2\/types\/product"}],"replies":[{"embeddable":true,"href":"https:\/\/openskypress.com\/de\/wp-json\/wp\/v2\/comments?post=4026"}],"wp:featuredmedia":[{"embeddable":true,"href":"https:\/\/openskypress.com\/de\/wp-json\/wp\/v2\/media\/3395"}],"wp:attachment":[{"href":"https:\/\/openskypress.com\/de\/wp-json\/wp\/v2\/media?parent=4026"}],"wp:term":[{"taxonomy":"product_brand","embeddable":true,"href":"https:\/\/openskypress.com\/de\/wp-json\/wp\/v2\/product_brand?post=4026"},{"taxonomy":"product_cat","embeddable":true,"href":"https:\/\/openskypress.com\/de\/wp-json\/wp\/v2\/product_cat?post=4026"},{"taxonomy":"product_tag","embeddable":true,"href":"https:\/\/openskypress.com\/de\/wp-json\/wp\/v2\/product_tag?post=4026"}],"curies":[{"name":"wp","href":"https:\/\/api.w.org\/{rel}","templated":true}]}}