{"id":4012,"date":"2019-04-08T08:33:19","date_gmt":"2019-04-08T08:33:19","guid":{"rendered":"https:\/\/openskycharity.international\/product\/film-download-european-masters-blueprints-for-awakening\/"},"modified":"2026-01-22T09:09:28","modified_gmt":"2026-01-22T09:09:28","slug":"film-download-europaische-meister-facetten-des-erwachens","status":"publish","type":"product","link":"https:\/\/openskypress.com\/de\/product\/film-download-europaische-meister-facetten-des-erwachens\/","title":{"rendered":"Download Europ\u00e4ische Spirituelle Meister"},"content":{"rendered":"<p><iframe src=\"https:\/\/player.vimeo.com\/video\/415846989\" width=\"820\" height=\"615\" frameborder=\"0\" allowfullscreen=\"allowfullscreen\"><\/iframe><\/p>\n\n    <div class=\"xs_social_share_widget xs_share_url after_content \t\tmain_content  wslu-style-1 wslu-share-box-shaped wslu-fill-colored wslu-none wslu-share-horizontal wslu-theme-font-no wslu-main_content\">\n\n\t\t\n        <ul>\n\t\t\t        <\/ul>\n    <\/div> \n","protected":false},"excerpt":{"rendered":"<div align=\"justify\">\n<p>14 europ\u00e4ische Meister kombinieren ihr Wissen \u00fcber die indischen traditionellen Lehren, im besonderen die Lehre von Sri Ramana Maharshi mit ihren Einblicken in westlicher Psychologie und bieten eine einzigartige \u00dcbertragung, perfekt f\u00fcr den westlichen Sucher. Der Film pr\u00e4sentiert die Lehrer durch ihre Interviews und ber\u00fchrendes zus\u00e4tzliches Filmmaterial. Mooji, Deva Premal &amp; Miten, John David, Rupert Spira, Karl Renz, Francis Lucille, Michael Barnett, Om C. Parkin, Padma &amp; Torsten, Dolano, Tony Parsons<\/p>\n<p><i>Englisch mit Untertiteln<\/i><\/p>\n<\/div>\n<div align=\"justify\">\n<p><a href=\"https:\/\/openskycharity.international\/de\/produkt\/film-europaische-meister-facetten-des-erwachens\/\"><i><u><b>Auch als DVD erh\u00e4ltlich. Hier klicken<\/b><\/u><\/i><\/a><\/p>\n<\/div>\n","protected":false},"featured_media":5194,"comment_status":"open","ping_status":"closed","template":"","meta":{"postBodyCss":"","postBodyMargin":[],"postBodyPadding":[],"postBodyBackground":{"backgroundType":"classic","gradient":""}},"product_brand":[],"product_cat":[388,389],"product_tag":[],"class_list":{"0":"post-4012","1":"product","2":"type-product","3":"status-publish","4":"has-post-thumbnail","6":"product_cat-filme","7":"product_cat-filmdownloads","9":"first","10":"instock","11":"downloadable","12":"virtual","13":"taxable","14":"purchasable","15":"product-type-simple"},"yoast_head":"<!-- This site is optimized with the Yoast SEO plugin v26.6 - https:\/\/yoast.com\/wordpress\/plugins\/seo\/ -->\n<title>Download Europ\u00e4ische Spirituelle Meister - Spiritual Books &amp; Films Online Shop #1 | Open Sky Press DE<\/title>\n<meta name=\"robots\" content=\"index, follow, max-snippet:-1, max-image-preview:large, max-video-preview:-1\" \/>\n<link rel=\"canonical\" href=\"https:\/\/openskypress.com\/de\/product\/film-download-europaische-meister-facetten-des-erwachens\/\" \/>\n<meta property=\"og:locale\" content=\"de_DE\" \/>\n<meta property=\"og:type\" content=\"article\" \/>\n<meta property=\"og:title\" content=\"Download Europ\u00e4ische Spirituelle Meister - Spiritual Books &amp; Films Online Shop #1 | Open Sky Press DE\" \/>\n<meta property=\"og:description\" content=\"14 europ\u00e4ische Meister kombinieren ihr Wissen \u00fcber die indischen traditionellen Lehren, im besonderen die Lehre von Sri Ramana Maharshi mit ihren Einblicken in westlicher Psychologie und bieten eine einzigartige \u00dcbertragung, perfekt f\u00fcr den westlichen Sucher. Der Film pr\u00e4sentiert die Lehrer durch ihre Interviews und ber\u00fchrendes zus\u00e4tzliches Filmmaterial. Mooji, Deva Premal &amp; Miten, John David, Rupert Spira, Karl Renz, Francis Lucille, Michael Barnett, Om C. Parkin, Padma &amp; Torsten, Dolano, Tony Parsons  Englisch mit Untertiteln     Auch als DVD erh\u00e4ltlich. Hier klicken\" \/>\n<meta property=\"og:url\" content=\"https:\/\/openskypress.com\/de\/product\/film-download-europaische-meister-facetten-des-erwachens\/\" \/>\n<meta property=\"og:site_name\" content=\"Spiritual Books &amp; Films Online Shop #1 | Open Sky Press DE\" \/>\n<meta property=\"article:modified_time\" content=\"2026-01-22T09:09:28+00:00\" \/>\n<meta property=\"og:image\" content=\"https:\/\/openskypress.com\/wp-content\/uploads\/2019\/05\/film-europaeische-spirituelle-meister-download.png\" \/>\n\t<meta property=\"og:image:width\" content=\"490\" \/>\n\t<meta property=\"og:image:height\" content=\"740\" \/>\n\t<meta property=\"og:image:type\" content=\"image\/png\" \/>\n<meta name=\"twitter:card\" content=\"summary_large_image\" \/>\n<script type=\"application\/ld+json\" class=\"yoast-schema-graph\">{\"@context\":\"https:\/\/schema.org\",\"@graph\":[{\"@type\":\"WebPage\",\"@id\":\"https:\/\/openskypress.com\/de\/product\/film-download-europaische-meister-facetten-des-erwachens\/\",\"url\":\"https:\/\/openskypress.com\/de\/product\/film-download-europaische-meister-facetten-des-erwachens\/\",\"name\":\"Download Europ\u00e4ische Spirituelle Meister - Spiritual Books &amp; Films Online Shop #1 | Open Sky Press DE\",\"isPartOf\":{\"@id\":\"https:\/\/openskypress.com\/#website\"},\"primaryImageOfPage\":{\"@id\":\"https:\/\/openskypress.com\/de\/product\/film-download-europaische-meister-facetten-des-erwachens\/#primaryimage\"},\"image\":{\"@id\":\"https:\/\/openskypress.com\/de\/product\/film-download-europaische-meister-facetten-des-erwachens\/#primaryimage\"},\"thumbnailUrl\":\"https:\/\/openskypress.com\/wp-content\/uploads\/2019\/05\/film-europaeische-spirituelle-meister-download.png\",\"datePublished\":\"2019-04-08T08:33:19+00:00\",\"dateModified\":\"2026-01-22T09:09:28+00:00\",\"breadcrumb\":{\"@id\":\"https:\/\/openskypress.com\/de\/product\/film-download-europaische-meister-facetten-des-erwachens\/#breadcrumb\"},\"inLanguage\":\"de\",\"potentialAction\":[{\"@type\":\"ReadAction\",\"target\":[\"https:\/\/openskypress.com\/de\/product\/film-download-europaische-meister-facetten-des-erwachens\/\"]}]},{\"@type\":\"ImageObject\",\"inLanguage\":\"de\",\"@id\":\"https:\/\/openskypress.com\/de\/product\/film-download-europaische-meister-facetten-des-erwachens\/#primaryimage\",\"url\":\"https:\/\/openskypress.com\/wp-content\/uploads\/2019\/05\/film-europaeische-spirituelle-meister-download.png\",\"contentUrl\":\"https:\/\/openskypress.com\/wp-content\/uploads\/2019\/05\/film-europaeische-spirituelle-meister-download.png\",\"width\":490,\"height\":740,\"caption\":\"europ\u00e4ische meister, europ\u00e4ische spirituelle meister\"},{\"@type\":\"BreadcrumbList\",\"@id\":\"https:\/\/openskypress.com\/de\/product\/film-download-europaische-meister-facetten-des-erwachens\/#breadcrumb\",\"itemListElement\":[{\"@type\":\"ListItem\",\"position\":1,\"name\":\"Home\",\"item\":\"https:\/\/openskypress.com\/es\/\"},{\"@type\":\"ListItem\",\"position\":2,\"name\":\"Shop\",\"item\":\"https:\/\/openskypress.com\/de\/shop\/\"},{\"@type\":\"ListItem\",\"position\":3,\"name\":\"Download Europ\u00e4ische Spirituelle Meister\"}]},{\"@type\":\"WebSite\",\"@id\":\"https:\/\/openskypress.com\/#website\",\"url\":\"https:\/\/openskypress.com\/\",\"name\":\"Spiritual Books & Films Online Shop #1 | Open Sky Press\",\"description\":\"Best store of Books &amp; DVDs about Satsang, Indian &amp; Western philosophy &amp; yoga. Spiritual teachers talks about awakening, enlightenment and mindfulness\",\"publisher\":{\"@id\":\"https:\/\/openskypress.com\/#organization\"},\"potentialAction\":[{\"@type\":\"SearchAction\",\"target\":{\"@type\":\"EntryPoint\",\"urlTemplate\":\"https:\/\/openskypress.com\/?s={search_term_string}\"},\"query-input\":{\"@type\":\"PropertyValueSpecification\",\"valueRequired\":true,\"valueName\":\"search_term_string\"}}],\"inLanguage\":\"de\"},{\"@type\":\"Organization\",\"@id\":\"https:\/\/openskypress.com\/#organization\",\"name\":\"Spiritual Books & Films Online Shop #1 | Open Sky Press\",\"url\":\"https:\/\/openskypress.com\/\",\"logo\":{\"@type\":\"ImageObject\",\"inLanguage\":\"de\",\"@id\":\"https:\/\/openskypress.com\/#\/schema\/logo\/image\/\",\"url\":\"https:\/\/openskypress.com\/wp-content\/uploads\/2020\/02\/logo-osp-1.png\",\"contentUrl\":\"https:\/\/openskypress.com\/wp-content\/uploads\/2020\/02\/logo-osp-1.png\",\"width\":222,\"height\":219,\"caption\":\"Spiritual Books & Films Online Shop #1 | Open Sky Press\"},\"image\":{\"@id\":\"https:\/\/openskypress.com\/#\/schema\/logo\/image\/\"}}]}<\/script>\n<!-- \/ Yoast SEO plugin. -->","yoast_head_json":{"title":"Download Europ\u00e4ische Spirituelle Meister - Spiritual Books &amp; Films Online Shop #1 | Open Sky Press DE","robots":{"index":"index","follow":"follow","max-snippet":"max-snippet:-1","max-image-preview":"max-image-preview:large","max-video-preview":"max-video-preview:-1"},"canonical":"https:\/\/openskypress.com\/de\/product\/film-download-europaische-meister-facetten-des-erwachens\/","og_locale":"de_DE","og_type":"article","og_title":"Download Europ\u00e4ische Spirituelle Meister - Spiritual Books &amp; Films Online Shop #1 | Open Sky Press DE","og_description":"14 europ\u00e4ische Meister kombinieren ihr Wissen \u00fcber die indischen traditionellen Lehren, im besonderen die Lehre von Sri Ramana Maharshi mit ihren Einblicken in westlicher Psychologie und bieten eine einzigartige \u00dcbertragung, perfekt f\u00fcr den westlichen Sucher. Der Film pr\u00e4sentiert die Lehrer durch ihre Interviews und ber\u00fchrendes zus\u00e4tzliches Filmmaterial. Mooji, Deva Premal &amp; Miten, John David, Rupert Spira, Karl Renz, Francis Lucille, Michael Barnett, Om C. Parkin, Padma &amp; Torsten, Dolano, Tony Parsons  Englisch mit Untertiteln     Auch als DVD erh\u00e4ltlich. Hier klicken","og_url":"https:\/\/openskypress.com\/de\/product\/film-download-europaische-meister-facetten-des-erwachens\/","og_site_name":"Spiritual Books &amp; Films Online Shop #1 | Open Sky Press DE","article_modified_time":"2026-01-22T09:09:28+00:00","og_image":[{"width":490,"height":740,"url":"https:\/\/openskypress.com\/wp-content\/uploads\/2019\/05\/film-europaeische-spirituelle-meister-download.png","type":"image\/png"}],"twitter_card":"summary_large_image","schema":{"@context":"https:\/\/schema.org","@graph":[{"@type":"WebPage","@id":"https:\/\/openskypress.com\/de\/product\/film-download-europaische-meister-facetten-des-erwachens\/","url":"https:\/\/openskypress.com\/de\/product\/film-download-europaische-meister-facetten-des-erwachens\/","name":"Download Europ\u00e4ische Spirituelle Meister - Spiritual Books &amp; Films Online Shop #1 | Open Sky Press DE","isPartOf":{"@id":"https:\/\/openskypress.com\/#website"},"primaryImageOfPage":{"@id":"https:\/\/openskypress.com\/de\/product\/film-download-europaische-meister-facetten-des-erwachens\/#primaryimage"},"image":{"@id":"https:\/\/openskypress.com\/de\/product\/film-download-europaische-meister-facetten-des-erwachens\/#primaryimage"},"thumbnailUrl":"https:\/\/openskypress.com\/wp-content\/uploads\/2019\/05\/film-europaeische-spirituelle-meister-download.png","datePublished":"2019-04-08T08:33:19+00:00","dateModified":"2026-01-22T09:09:28+00:00","breadcrumb":{"@id":"https:\/\/openskypress.com\/de\/product\/film-download-europaische-meister-facetten-des-erwachens\/#breadcrumb"},"inLanguage":"de","potentialAction":[{"@type":"ReadAction","target":["https:\/\/openskypress.com\/de\/product\/film-download-europaische-meister-facetten-des-erwachens\/"]}]},{"@type":"ImageObject","inLanguage":"de","@id":"https:\/\/openskypress.com\/de\/product\/film-download-europaische-meister-facetten-des-erwachens\/#primaryimage","url":"https:\/\/openskypress.com\/wp-content\/uploads\/2019\/05\/film-europaeische-spirituelle-meister-download.png","contentUrl":"https:\/\/openskypress.com\/wp-content\/uploads\/2019\/05\/film-europaeische-spirituelle-meister-download.png","width":490,"height":740,"caption":"europ\u00e4ische meister, europ\u00e4ische spirituelle meister"},{"@type":"BreadcrumbList","@id":"https:\/\/openskypress.com\/de\/product\/film-download-europaische-meister-facetten-des-erwachens\/#breadcrumb","itemListElement":[{"@type":"ListItem","position":1,"name":"Home","item":"https:\/\/openskypress.com\/es\/"},{"@type":"ListItem","position":2,"name":"Shop","item":"https:\/\/openskypress.com\/de\/shop\/"},{"@type":"ListItem","position":3,"name":"Download Europ\u00e4ische Spirituelle Meister"}]},{"@type":"WebSite","@id":"https:\/\/openskypress.com\/#website","url":"https:\/\/openskypress.com\/","name":"Spiritual Books & Films Online Shop #1 | Open Sky Press","description":"Best store of Books &amp; DVDs about Satsang, Indian &amp; Western philosophy &amp; yoga. Spiritual teachers talks about awakening, enlightenment and mindfulness","publisher":{"@id":"https:\/\/openskypress.com\/#organization"},"potentialAction":[{"@type":"SearchAction","target":{"@type":"EntryPoint","urlTemplate":"https:\/\/openskypress.com\/?s={search_term_string}"},"query-input":{"@type":"PropertyValueSpecification","valueRequired":true,"valueName":"search_term_string"}}],"inLanguage":"de"},{"@type":"Organization","@id":"https:\/\/openskypress.com\/#organization","name":"Spiritual Books & Films Online Shop #1 | Open Sky Press","url":"https:\/\/openskypress.com\/","logo":{"@type":"ImageObject","inLanguage":"de","@id":"https:\/\/openskypress.com\/#\/schema\/logo\/image\/","url":"https:\/\/openskypress.com\/wp-content\/uploads\/2020\/02\/logo-osp-1.png","contentUrl":"https:\/\/openskypress.com\/wp-content\/uploads\/2020\/02\/logo-osp-1.png","width":222,"height":219,"caption":"Spiritual Books & Films Online Shop #1 | Open Sky Press"},"image":{"@id":"https:\/\/openskypress.com\/#\/schema\/logo\/image\/"}}]}},"_links":{"self":[{"href":"https:\/\/openskypress.com\/de\/wp-json\/wp\/v2\/product\/4012","targetHints":{"allow":["GET"]}}],"collection":[{"href":"https:\/\/openskypress.com\/de\/wp-json\/wp\/v2\/product"}],"about":[{"href":"https:\/\/openskypress.com\/de\/wp-json\/wp\/v2\/types\/product"}],"replies":[{"embeddable":true,"href":"https:\/\/openskypress.com\/de\/wp-json\/wp\/v2\/comments?post=4012"}],"wp:featuredmedia":[{"embeddable":true,"href":"https:\/\/openskypress.com\/de\/wp-json\/wp\/v2\/media\/5194"}],"wp:attachment":[{"href":"https:\/\/openskypress.com\/de\/wp-json\/wp\/v2\/media?parent=4012"}],"wp:term":[{"taxonomy":"product_brand","embeddable":true,"href":"https:\/\/openskypress.com\/de\/wp-json\/wp\/v2\/product_brand?post=4012"},{"taxonomy":"product_cat","embeddable":true,"href":"https:\/\/openskypress.com\/de\/wp-json\/wp\/v2\/product_cat?post=4012"},{"taxonomy":"product_tag","embeddable":true,"href":"https:\/\/openskypress.com\/de\/wp-json\/wp\/v2\/product_tag?post=4012"}],"curies":[{"name":"wp","href":"https:\/\/api.w.org\/{rel}","templated":true}]}}