{"id":4011,"date":"2019-04-05T16:32:39","date_gmt":"2019-04-05T16:32:39","guid":{"rendered":"https:\/\/openskycharity.international\/product\/film-great-misunderstanding-download\/"},"modified":"2026-01-22T09:10:22","modified_gmt":"2026-01-22T09:10:22","slug":"film-das-grose-missverstandnis-download","status":"publish","type":"product","link":"https:\/\/openskypress.com\/de\/product\/film-das-grose-missverstandnis-download\/","title":{"rendered":"Download Das gro\u00dfe Missverst\u00e4ndnis"},"content":{"rendered":"<p><iframe src=\"https:\/\/player.vimeo.com\/video\/415848739\" width=\"820\" height=\"615\" frameborder=\"0\" allowfullscreen=\"allowfullscreen\"><\/iframe><\/p>\n\n    <div class=\"xs_social_share_widget xs_share_url after_content \t\tmain_content  wslu-style-1 wslu-share-box-shaped wslu-fill-colored wslu-none wslu-share-horizontal wslu-theme-font-no wslu-main_content\">\n\n\t\t\n        <ul>\n\t\t\t        <\/ul>\n    <\/div> \n","protected":false},"excerpt":{"rendered":"<p align=\"justify\">Ein intensives Experiment bewussten Lebens: Ein spiritueller Lehrer und zwanzig Menschen mit einer starken Sehnsucht danach, zu verstehen, was wirklich ist, leben in einem Haus zusammen. Der Film enth\u00e4lt Lehren, Dialoge und Witze mit denen der Lehrer John David humorvoll durch das Missverst\u00e4ndnis der Trennung zu der Erkenntnis der Einheit f\u00fchrt. Er zeigt wie in der Gemeinschaft die Lehren im allt\u00e4glichen Leben gelebt werden. Seine Botschaft dreht sich um wahre Freiheit und die tiefe und lebensver\u00e4ndernde Erkenntnis, dass wahres Gl\u00fcck, Frieden und Liebe in uns selbst liegen.<\/p>\n<p><i>Englisch mit deutschen Untertiteln<\/i><\/p>\n<p><a href=\"https:\/\/openskycharity.international\/de\/produkt\/dvd-das-grose-missverstandnis\/\"><i><u><b>Auch als DVD erh\u00e4ltlich. Hier klicken<\/b><\/u><\/i><\/a><\/p>\n","protected":false},"featured_media":5178,"comment_status":"open","ping_status":"closed","template":"","meta":{"postBodyCss":"","postBodyMargin":[],"postBodyPadding":[],"postBodyBackground":{"backgroundType":"classic","gradient":""}},"product_brand":[],"product_cat":[388,389],"product_tag":[438,451,400,440,445,463,494],"class_list":{"0":"post-4011","1":"product","2":"type-product","3":"status-publish","4":"has-post-thumbnail","6":"product_cat-filme","7":"product_cat-filmdownloads","8":"product_tag-freiheit","9":"product_tag-frieden","10":"product_tag-gemeinschaft","11":"product_tag-gluck","12":"product_tag-liebe","13":"product_tag-vertrauen","14":"product_tag-wahrheit","16":"first","17":"instock","18":"downloadable","19":"taxable","20":"shipping-taxable","21":"purchasable","22":"product-type-simple"},"yoast_head":"<!-- This site is optimized with the Yoast SEO plugin v26.6 - https:\/\/yoast.com\/wordpress\/plugins\/seo\/ -->\n<title>Download Das gro\u00dfe Missverst\u00e4ndnis - Spiritual Books &amp; Films Online Shop #1 | Open Sky Press DE<\/title>\n<meta name=\"robots\" content=\"index, follow, max-snippet:-1, max-image-preview:large, max-video-preview:-1\" \/>\n<link rel=\"canonical\" href=\"https:\/\/openskypress.com\/de\/product\/film-das-grose-missverstandnis-download\/\" \/>\n<meta property=\"og:locale\" content=\"de_DE\" \/>\n<meta property=\"og:type\" content=\"article\" \/>\n<meta property=\"og:title\" content=\"Download Das gro\u00dfe Missverst\u00e4ndnis - Spiritual Books &amp; Films Online Shop #1 | Open Sky Press DE\" \/>\n<meta property=\"og:description\" content=\"Ein intensives Experiment bewussten Lebens: Ein spiritueller Lehrer und zwanzig Menschen mit einer starken Sehnsucht danach, zu verstehen, was wirklich ist, leben in einem Haus zusammen. Der Film enth\u00e4lt Lehren, Dialoge und Witze mit denen der Lehrer John David humorvoll durch das Missverst\u00e4ndnis der Trennung zu der Erkenntnis der Einheit f\u00fchrt. Er zeigt wie in der Gemeinschaft die Lehren im allt\u00e4glichen Leben gelebt werden. Seine Botschaft dreht sich um wahre Freiheit und die tiefe und lebensver\u00e4ndernde Erkenntnis, dass wahres Gl\u00fcck, Frieden und Liebe in uns selbst liegen. Englisch mit deutschen Untertiteln  Auch als DVD erh\u00e4ltlich. Hier klicken\" \/>\n<meta property=\"og:url\" content=\"https:\/\/openskypress.com\/de\/product\/film-das-grose-missverstandnis-download\/\" \/>\n<meta property=\"og:site_name\" content=\"Spiritual Books &amp; Films Online Shop #1 | Open Sky Press DE\" \/>\n<meta property=\"article:modified_time\" content=\"2026-01-22T09:10:22+00:00\" \/>\n<meta property=\"og:image\" content=\"https:\/\/openskypress.com\/wp-content\/uploads\/2019\/05\/film-das-grosse-missverstaendnis-dowenload.png\" \/>\n\t<meta property=\"og:image:width\" content=\"490\" \/>\n\t<meta property=\"og:image:height\" content=\"740\" \/>\n\t<meta property=\"og:image:type\" content=\"image\/png\" \/>\n<meta name=\"twitter:card\" content=\"summary_large_image\" \/>\n<script type=\"application\/ld+json\" class=\"yoast-schema-graph\">{\"@context\":\"https:\/\/schema.org\",\"@graph\":[{\"@type\":\"WebPage\",\"@id\":\"https:\/\/openskypress.com\/de\/product\/film-das-grose-missverstandnis-download\/\",\"url\":\"https:\/\/openskypress.com\/de\/product\/film-das-grose-missverstandnis-download\/\",\"name\":\"Download Das gro\u00dfe Missverst\u00e4ndnis - Spiritual Books &amp; Films Online Shop #1 | Open Sky Press DE\",\"isPartOf\":{\"@id\":\"https:\/\/openskypress.com\/#website\"},\"primaryImageOfPage\":{\"@id\":\"https:\/\/openskypress.com\/de\/product\/film-das-grose-missverstandnis-download\/#primaryimage\"},\"image\":{\"@id\":\"https:\/\/openskypress.com\/de\/product\/film-das-grose-missverstandnis-download\/#primaryimage\"},\"thumbnailUrl\":\"https:\/\/openskypress.com\/wp-content\/uploads\/2019\/05\/film-das-grosse-missverstaendnis-dowenload.png\",\"datePublished\":\"2019-04-05T16:32:39+00:00\",\"dateModified\":\"2026-01-22T09:10:22+00:00\",\"breadcrumb\":{\"@id\":\"https:\/\/openskypress.com\/de\/product\/film-das-grose-missverstandnis-download\/#breadcrumb\"},\"inLanguage\":\"de\",\"potentialAction\":[{\"@type\":\"ReadAction\",\"target\":[\"https:\/\/openskypress.com\/de\/product\/film-das-grose-missverstandnis-download\/\"]}]},{\"@type\":\"ImageObject\",\"inLanguage\":\"de\",\"@id\":\"https:\/\/openskypress.com\/de\/product\/film-das-grose-missverstandnis-download\/#primaryimage\",\"url\":\"https:\/\/openskypress.com\/wp-content\/uploads\/2019\/05\/film-das-grosse-missverstaendnis-dowenload.png\",\"contentUrl\":\"https:\/\/openskypress.com\/wp-content\/uploads\/2019\/05\/film-das-grosse-missverstaendnis-dowenload.png\",\"width\":490,\"height\":740,\"caption\":\"das grosse missverstaendnis, community, john david\"},{\"@type\":\"BreadcrumbList\",\"@id\":\"https:\/\/openskypress.com\/de\/product\/film-das-grose-missverstandnis-download\/#breadcrumb\",\"itemListElement\":[{\"@type\":\"ListItem\",\"position\":1,\"name\":\"Home\",\"item\":\"https:\/\/openskypress.com\/es\/\"},{\"@type\":\"ListItem\",\"position\":2,\"name\":\"Shop\",\"item\":\"https:\/\/openskypress.com\/de\/shop\/\"},{\"@type\":\"ListItem\",\"position\":3,\"name\":\"Download Das gro\u00dfe Missverst\u00e4ndnis\"}]},{\"@type\":\"WebSite\",\"@id\":\"https:\/\/openskypress.com\/#website\",\"url\":\"https:\/\/openskypress.com\/\",\"name\":\"Spiritual Books & Films Online Shop #1 | Open Sky Press\",\"description\":\"Best store of Books &amp; DVDs about Satsang, Indian &amp; Western philosophy &amp; yoga. Spiritual teachers talks about awakening, enlightenment and mindfulness\",\"publisher\":{\"@id\":\"https:\/\/openskypress.com\/#organization\"},\"potentialAction\":[{\"@type\":\"SearchAction\",\"target\":{\"@type\":\"EntryPoint\",\"urlTemplate\":\"https:\/\/openskypress.com\/?s={search_term_string}\"},\"query-input\":{\"@type\":\"PropertyValueSpecification\",\"valueRequired\":true,\"valueName\":\"search_term_string\"}}],\"inLanguage\":\"de\"},{\"@type\":\"Organization\",\"@id\":\"https:\/\/openskypress.com\/#organization\",\"name\":\"Spiritual Books & Films Online Shop #1 | Open Sky Press\",\"url\":\"https:\/\/openskypress.com\/\",\"logo\":{\"@type\":\"ImageObject\",\"inLanguage\":\"de\",\"@id\":\"https:\/\/openskypress.com\/#\/schema\/logo\/image\/\",\"url\":\"https:\/\/openskypress.com\/wp-content\/uploads\/2020\/02\/logo-osp-1.png\",\"contentUrl\":\"https:\/\/openskypress.com\/wp-content\/uploads\/2020\/02\/logo-osp-1.png\",\"width\":222,\"height\":219,\"caption\":\"Spiritual Books & Films Online Shop #1 | Open Sky Press\"},\"image\":{\"@id\":\"https:\/\/openskypress.com\/#\/schema\/logo\/image\/\"}}]}<\/script>\n<!-- \/ Yoast SEO plugin. -->","yoast_head_json":{"title":"Download Das gro\u00dfe Missverst\u00e4ndnis - Spiritual Books &amp; Films Online Shop #1 | Open Sky Press DE","robots":{"index":"index","follow":"follow","max-snippet":"max-snippet:-1","max-image-preview":"max-image-preview:large","max-video-preview":"max-video-preview:-1"},"canonical":"https:\/\/openskypress.com\/de\/product\/film-das-grose-missverstandnis-download\/","og_locale":"de_DE","og_type":"article","og_title":"Download Das gro\u00dfe Missverst\u00e4ndnis - Spiritual Books &amp; Films Online Shop #1 | Open Sky Press DE","og_description":"Ein intensives Experiment bewussten Lebens: Ein spiritueller Lehrer und zwanzig Menschen mit einer starken Sehnsucht danach, zu verstehen, was wirklich ist, leben in einem Haus zusammen. Der Film enth\u00e4lt Lehren, Dialoge und Witze mit denen der Lehrer John David humorvoll durch das Missverst\u00e4ndnis der Trennung zu der Erkenntnis der Einheit f\u00fchrt. Er zeigt wie in der Gemeinschaft die Lehren im allt\u00e4glichen Leben gelebt werden. Seine Botschaft dreht sich um wahre Freiheit und die tiefe und lebensver\u00e4ndernde Erkenntnis, dass wahres Gl\u00fcck, Frieden und Liebe in uns selbst liegen. Englisch mit deutschen Untertiteln  Auch als DVD erh\u00e4ltlich. Hier klicken","og_url":"https:\/\/openskypress.com\/de\/product\/film-das-grose-missverstandnis-download\/","og_site_name":"Spiritual Books &amp; Films Online Shop #1 | Open Sky Press DE","article_modified_time":"2026-01-22T09:10:22+00:00","og_image":[{"width":490,"height":740,"url":"https:\/\/openskypress.com\/wp-content\/uploads\/2019\/05\/film-das-grosse-missverstaendnis-dowenload.png","type":"image\/png"}],"twitter_card":"summary_large_image","schema":{"@context":"https:\/\/schema.org","@graph":[{"@type":"WebPage","@id":"https:\/\/openskypress.com\/de\/product\/film-das-grose-missverstandnis-download\/","url":"https:\/\/openskypress.com\/de\/product\/film-das-grose-missverstandnis-download\/","name":"Download Das gro\u00dfe Missverst\u00e4ndnis - Spiritual Books &amp; Films Online Shop #1 | Open Sky Press DE","isPartOf":{"@id":"https:\/\/openskypress.com\/#website"},"primaryImageOfPage":{"@id":"https:\/\/openskypress.com\/de\/product\/film-das-grose-missverstandnis-download\/#primaryimage"},"image":{"@id":"https:\/\/openskypress.com\/de\/product\/film-das-grose-missverstandnis-download\/#primaryimage"},"thumbnailUrl":"https:\/\/openskypress.com\/wp-content\/uploads\/2019\/05\/film-das-grosse-missverstaendnis-dowenload.png","datePublished":"2019-04-05T16:32:39+00:00","dateModified":"2026-01-22T09:10:22+00:00","breadcrumb":{"@id":"https:\/\/openskypress.com\/de\/product\/film-das-grose-missverstandnis-download\/#breadcrumb"},"inLanguage":"de","potentialAction":[{"@type":"ReadAction","target":["https:\/\/openskypress.com\/de\/product\/film-das-grose-missverstandnis-download\/"]}]},{"@type":"ImageObject","inLanguage":"de","@id":"https:\/\/openskypress.com\/de\/product\/film-das-grose-missverstandnis-download\/#primaryimage","url":"https:\/\/openskypress.com\/wp-content\/uploads\/2019\/05\/film-das-grosse-missverstaendnis-dowenload.png","contentUrl":"https:\/\/openskypress.com\/wp-content\/uploads\/2019\/05\/film-das-grosse-missverstaendnis-dowenload.png","width":490,"height":740,"caption":"das grosse missverstaendnis, community, john david"},{"@type":"BreadcrumbList","@id":"https:\/\/openskypress.com\/de\/product\/film-das-grose-missverstandnis-download\/#breadcrumb","itemListElement":[{"@type":"ListItem","position":1,"name":"Home","item":"https:\/\/openskypress.com\/es\/"},{"@type":"ListItem","position":2,"name":"Shop","item":"https:\/\/openskypress.com\/de\/shop\/"},{"@type":"ListItem","position":3,"name":"Download Das gro\u00dfe Missverst\u00e4ndnis"}]},{"@type":"WebSite","@id":"https:\/\/openskypress.com\/#website","url":"https:\/\/openskypress.com\/","name":"Spiritual Books & Films Online Shop #1 | Open Sky Press","description":"Best store of Books &amp; DVDs about Satsang, Indian &amp; Western philosophy &amp; yoga. Spiritual teachers talks about awakening, enlightenment and mindfulness","publisher":{"@id":"https:\/\/openskypress.com\/#organization"},"potentialAction":[{"@type":"SearchAction","target":{"@type":"EntryPoint","urlTemplate":"https:\/\/openskypress.com\/?s={search_term_string}"},"query-input":{"@type":"PropertyValueSpecification","valueRequired":true,"valueName":"search_term_string"}}],"inLanguage":"de"},{"@type":"Organization","@id":"https:\/\/openskypress.com\/#organization","name":"Spiritual Books & Films Online Shop #1 | Open Sky Press","url":"https:\/\/openskypress.com\/","logo":{"@type":"ImageObject","inLanguage":"de","@id":"https:\/\/openskypress.com\/#\/schema\/logo\/image\/","url":"https:\/\/openskypress.com\/wp-content\/uploads\/2020\/02\/logo-osp-1.png","contentUrl":"https:\/\/openskypress.com\/wp-content\/uploads\/2020\/02\/logo-osp-1.png","width":222,"height":219,"caption":"Spiritual Books & Films Online Shop #1 | Open Sky Press"},"image":{"@id":"https:\/\/openskypress.com\/#\/schema\/logo\/image\/"}}]}},"_links":{"self":[{"href":"https:\/\/openskypress.com\/de\/wp-json\/wp\/v2\/product\/4011","targetHints":{"allow":["GET"]}}],"collection":[{"href":"https:\/\/openskypress.com\/de\/wp-json\/wp\/v2\/product"}],"about":[{"href":"https:\/\/openskypress.com\/de\/wp-json\/wp\/v2\/types\/product"}],"replies":[{"embeddable":true,"href":"https:\/\/openskypress.com\/de\/wp-json\/wp\/v2\/comments?post=4011"}],"wp:featuredmedia":[{"embeddable":true,"href":"https:\/\/openskypress.com\/de\/wp-json\/wp\/v2\/media\/5178"}],"wp:attachment":[{"href":"https:\/\/openskypress.com\/de\/wp-json\/wp\/v2\/media?parent=4011"}],"wp:term":[{"taxonomy":"product_brand","embeddable":true,"href":"https:\/\/openskypress.com\/de\/wp-json\/wp\/v2\/product_brand?post=4011"},{"taxonomy":"product_cat","embeddable":true,"href":"https:\/\/openskypress.com\/de\/wp-json\/wp\/v2\/product_cat?post=4011"},{"taxonomy":"product_tag","embeddable":true,"href":"https:\/\/openskypress.com\/de\/wp-json\/wp\/v2\/product_tag?post=4011"}],"curies":[{"name":"wp","href":"https:\/\/api.w.org\/{rel}","templated":true}]}}