{"id":4010,"date":"2019-04-05T16:19:49","date_gmt":"2019-04-05T16:19:49","guid":{"rendered":"https:\/\/openskycharity.international\/product\/film-blueprints-for-awakening-wisdom-of-the-masters-download\/"},"modified":"2026-01-22T09:10:22","modified_gmt":"2026-01-22T09:10:22","slug":"film-facetten-des-erwachens-das-wissen-der-meister-download","status":"publish","type":"product","link":"https:\/\/openskypress.com\/de\/product\/film-facetten-des-erwachens-das-wissen-der-meister-download\/","title":{"rendered":"Download Facetten des Erwachens"},"content":{"rendered":"<p style=\"text-align: center;\"><iframe src=\"https:\/\/player.vimeo.com\/video\/415846608\" width=\"820\" height=\"615\" frameborder=\"0\" allowfullscreen=\"allowfullscreen\"><\/iframe><\/p>\n\n    <div class=\"xs_social_share_widget xs_share_url after_content \t\tmain_content  wslu-style-1 wslu-share-box-shaped wslu-fill-colored wslu-none wslu-share-horizontal wslu-theme-font-no wslu-main_content\">\n\n\t\t\n        <ul>\n\t\t\t        <\/ul>\n    <\/div> \n","protected":false},"excerpt":{"rendered":"<div align=\"justify\">\n<p>Dieser einzigartige Film ist f\u00fcr alle, die ein inneres Feuer in sich tragen, die sich die Frage &#8222;Wer bin ich?&#8220; stellen und die Bhagavan Sri Ramana Maharshis Lehre folgen wollen: &#8222;Sei wie du bist!&#8220; Er pr\u00e4sentiert moderne Dialoge mit 16 indischen Meistern \u00fcber alte Weisheitslehren. Der englische spirituelle Lehrer John David entwickelte aus den Lehren Sri Ramana Maharshis zw\u00f6lf Fragen, die er 16 indischen Meistern stellt. Die Fragen beziehen sich auf die Themen, die jedem begegnen, der sich auf der spirituellen Reise befindet.<\/p>\n<p>Englisch mit Untertiteln<\/p>\n<\/div>\n<div align=\"justify\"><\/div>\n<div align=\"justify\"><a href=\"https:\/\/openskycharity.international\/de\/produkt\/dvd-facetten-des-erwachens\/\"><i><u><b>Auch als DVD erh\u00e4ltlich. Hier klicken<\/b><\/u><\/i><\/a><\/div>\n","protected":false},"featured_media":5206,"comment_status":"open","ping_status":"closed","template":"","meta":{"postBodyCss":"","postBodyMargin":[],"postBodyPadding":[],"postBodyBackground":{"backgroundType":"classic","gradient":""}},"product_brand":[],"product_cat":[388,389],"product_tag":[438,451,440,473,474,449,460,463,494,465],"class_list":{"0":"post-4010","1":"product","2":"type-product","3":"status-publish","4":"has-post-thumbnail","6":"product_cat-filme","7":"product_cat-filmdownloads","8":"product_tag-freiheit","9":"product_tag-frieden","10":"product_tag-gluck","11":"product_tag-indien","12":"product_tag-indische-meister","13":"product_tag-nondualitat","14":"product_tag-stille","15":"product_tag-vertrauen","16":"product_tag-wahrheit","17":"product_tag-weisheit","19":"first","20":"instock","21":"downloadable","22":"virtual","23":"taxable","24":"purchasable","25":"product-type-simple"},"yoast_head":"<!-- This site is optimized with the Yoast SEO plugin v26.6 - https:\/\/yoast.com\/wordpress\/plugins\/seo\/ -->\n<title>Download Facetten des Erwachens - Spiritual Books &amp; Films Online Shop #1 | Open Sky Press DE<\/title>\n<meta name=\"robots\" content=\"index, follow, max-snippet:-1, max-image-preview:large, max-video-preview:-1\" \/>\n<link rel=\"canonical\" href=\"https:\/\/openskypress.com\/de\/product\/film-facetten-des-erwachens-das-wissen-der-meister-download\/\" \/>\n<meta property=\"og:locale\" content=\"de_DE\" \/>\n<meta property=\"og:type\" content=\"article\" \/>\n<meta property=\"og:title\" content=\"Download Facetten des Erwachens - Spiritual Books &amp; Films Online Shop #1 | Open Sky Press DE\" \/>\n<meta property=\"og:description\" content=\"Dieser einzigartige Film ist f\u00fcr alle, die ein inneres Feuer in sich tragen, die sich die Frage &quot;Wer bin ich?&quot; stellen und die Bhagavan Sri Ramana Maharshis Lehre folgen wollen: &quot;Sei wie du bist!&quot; Er pr\u00e4sentiert moderne Dialoge mit 16 indischen Meistern \u00fcber alte Weisheitslehren. Der englische spirituelle Lehrer John David entwickelte aus den Lehren Sri Ramana Maharshis zw\u00f6lf Fragen, die er 16 indischen Meistern stellt. Die Fragen beziehen sich auf die Themen, die jedem begegnen, der sich auf der spirituellen Reise befindet.  Englisch mit Untertiteln    Auch als DVD erh\u00e4ltlich. Hier klicken\" \/>\n<meta property=\"og:url\" content=\"https:\/\/openskypress.com\/de\/product\/film-facetten-des-erwachens-das-wissen-der-meister-download\/\" \/>\n<meta property=\"og:site_name\" content=\"Spiritual Books &amp; Films Online Shop #1 | Open Sky Press DE\" \/>\n<meta property=\"article:modified_time\" content=\"2026-01-22T09:10:22+00:00\" \/>\n<meta property=\"og:image\" content=\"https:\/\/openskypress.com\/wp-content\/uploads\/2019\/05\/film-facetten-des-erwachens-download.png\" \/>\n\t<meta property=\"og:image:width\" content=\"490\" \/>\n\t<meta property=\"og:image:height\" content=\"740\" \/>\n\t<meta property=\"og:image:type\" content=\"image\/png\" \/>\n<meta name=\"twitter:card\" content=\"summary_large_image\" \/>\n<script type=\"application\/ld+json\" class=\"yoast-schema-graph\">{\"@context\":\"https:\/\/schema.org\",\"@graph\":[{\"@type\":\"WebPage\",\"@id\":\"https:\/\/openskypress.com\/de\/product\/film-facetten-des-erwachens-das-wissen-der-meister-download\/\",\"url\":\"https:\/\/openskypress.com\/de\/product\/film-facetten-des-erwachens-das-wissen-der-meister-download\/\",\"name\":\"Download Facetten des Erwachens - Spiritual Books &amp; Films Online Shop #1 | Open Sky Press DE\",\"isPartOf\":{\"@id\":\"https:\/\/openskypress.com\/#website\"},\"primaryImageOfPage\":{\"@id\":\"https:\/\/openskypress.com\/de\/product\/film-facetten-des-erwachens-das-wissen-der-meister-download\/#primaryimage\"},\"image\":{\"@id\":\"https:\/\/openskypress.com\/de\/product\/film-facetten-des-erwachens-das-wissen-der-meister-download\/#primaryimage\"},\"thumbnailUrl\":\"https:\/\/openskypress.com\/wp-content\/uploads\/2019\/05\/film-facetten-des-erwachens-download.png\",\"datePublished\":\"2019-04-05T16:19:49+00:00\",\"dateModified\":\"2026-01-22T09:10:22+00:00\",\"breadcrumb\":{\"@id\":\"https:\/\/openskypress.com\/de\/product\/film-facetten-des-erwachens-das-wissen-der-meister-download\/#breadcrumb\"},\"inLanguage\":\"de\",\"potentialAction\":[{\"@type\":\"ReadAction\",\"target\":[\"https:\/\/openskypress.com\/de\/product\/film-facetten-des-erwachens-das-wissen-der-meister-download\/\"]}]},{\"@type\":\"ImageObject\",\"inLanguage\":\"de\",\"@id\":\"https:\/\/openskypress.com\/de\/product\/film-facetten-des-erwachens-das-wissen-der-meister-download\/#primaryimage\",\"url\":\"https:\/\/openskypress.com\/wp-content\/uploads\/2019\/05\/film-facetten-des-erwachens-download.png\",\"contentUrl\":\"https:\/\/openskypress.com\/wp-content\/uploads\/2019\/05\/film-facetten-des-erwachens-download.png\",\"width\":490,\"height\":740,\"caption\":\"facetten des erwachens, indische meister, john david\"},{\"@type\":\"BreadcrumbList\",\"@id\":\"https:\/\/openskypress.com\/de\/product\/film-facetten-des-erwachens-das-wissen-der-meister-download\/#breadcrumb\",\"itemListElement\":[{\"@type\":\"ListItem\",\"position\":1,\"name\":\"Home\",\"item\":\"https:\/\/openskypress.com\/es\/\"},{\"@type\":\"ListItem\",\"position\":2,\"name\":\"Shop\",\"item\":\"https:\/\/openskypress.com\/de\/shop\/\"},{\"@type\":\"ListItem\",\"position\":3,\"name\":\"Download Facetten des Erwachens\"}]},{\"@type\":\"WebSite\",\"@id\":\"https:\/\/openskypress.com\/#website\",\"url\":\"https:\/\/openskypress.com\/\",\"name\":\"Spiritual Books & Films Online Shop #1 | Open Sky Press\",\"description\":\"Best store of Books &amp; DVDs about Satsang, Indian &amp; Western philosophy &amp; yoga. Spiritual teachers talks about awakening, enlightenment and mindfulness\",\"publisher\":{\"@id\":\"https:\/\/openskypress.com\/#organization\"},\"potentialAction\":[{\"@type\":\"SearchAction\",\"target\":{\"@type\":\"EntryPoint\",\"urlTemplate\":\"https:\/\/openskypress.com\/?s={search_term_string}\"},\"query-input\":{\"@type\":\"PropertyValueSpecification\",\"valueRequired\":true,\"valueName\":\"search_term_string\"}}],\"inLanguage\":\"de\"},{\"@type\":\"Organization\",\"@id\":\"https:\/\/openskypress.com\/#organization\",\"name\":\"Spiritual Books & Films Online Shop #1 | Open Sky Press\",\"url\":\"https:\/\/openskypress.com\/\",\"logo\":{\"@type\":\"ImageObject\",\"inLanguage\":\"de\",\"@id\":\"https:\/\/openskypress.com\/#\/schema\/logo\/image\/\",\"url\":\"https:\/\/openskypress.com\/wp-content\/uploads\/2020\/02\/logo-osp-1.png\",\"contentUrl\":\"https:\/\/openskypress.com\/wp-content\/uploads\/2020\/02\/logo-osp-1.png\",\"width\":222,\"height\":219,\"caption\":\"Spiritual Books & Films Online Shop #1 | Open Sky Press\"},\"image\":{\"@id\":\"https:\/\/openskypress.com\/#\/schema\/logo\/image\/\"}}]}<\/script>\n<!-- \/ Yoast SEO plugin. -->","yoast_head_json":{"title":"Download Facetten des Erwachens - Spiritual Books &amp; Films Online Shop #1 | Open Sky Press DE","robots":{"index":"index","follow":"follow","max-snippet":"max-snippet:-1","max-image-preview":"max-image-preview:large","max-video-preview":"max-video-preview:-1"},"canonical":"https:\/\/openskypress.com\/de\/product\/film-facetten-des-erwachens-das-wissen-der-meister-download\/","og_locale":"de_DE","og_type":"article","og_title":"Download Facetten des Erwachens - Spiritual Books &amp; Films Online Shop #1 | Open Sky Press DE","og_description":"Dieser einzigartige Film ist f\u00fcr alle, die ein inneres Feuer in sich tragen, die sich die Frage \"Wer bin ich?\" stellen und die Bhagavan Sri Ramana Maharshis Lehre folgen wollen: \"Sei wie du bist!\" Er pr\u00e4sentiert moderne Dialoge mit 16 indischen Meistern \u00fcber alte Weisheitslehren. Der englische spirituelle Lehrer John David entwickelte aus den Lehren Sri Ramana Maharshis zw\u00f6lf Fragen, die er 16 indischen Meistern stellt. Die Fragen beziehen sich auf die Themen, die jedem begegnen, der sich auf der spirituellen Reise befindet.  Englisch mit Untertiteln    Auch als DVD erh\u00e4ltlich. Hier klicken","og_url":"https:\/\/openskypress.com\/de\/product\/film-facetten-des-erwachens-das-wissen-der-meister-download\/","og_site_name":"Spiritual Books &amp; Films Online Shop #1 | Open Sky Press DE","article_modified_time":"2026-01-22T09:10:22+00:00","og_image":[{"width":490,"height":740,"url":"https:\/\/openskypress.com\/wp-content\/uploads\/2019\/05\/film-facetten-des-erwachens-download.png","type":"image\/png"}],"twitter_card":"summary_large_image","schema":{"@context":"https:\/\/schema.org","@graph":[{"@type":"WebPage","@id":"https:\/\/openskypress.com\/de\/product\/film-facetten-des-erwachens-das-wissen-der-meister-download\/","url":"https:\/\/openskypress.com\/de\/product\/film-facetten-des-erwachens-das-wissen-der-meister-download\/","name":"Download Facetten des Erwachens - Spiritual Books &amp; Films Online Shop #1 | Open Sky Press DE","isPartOf":{"@id":"https:\/\/openskypress.com\/#website"},"primaryImageOfPage":{"@id":"https:\/\/openskypress.com\/de\/product\/film-facetten-des-erwachens-das-wissen-der-meister-download\/#primaryimage"},"image":{"@id":"https:\/\/openskypress.com\/de\/product\/film-facetten-des-erwachens-das-wissen-der-meister-download\/#primaryimage"},"thumbnailUrl":"https:\/\/openskypress.com\/wp-content\/uploads\/2019\/05\/film-facetten-des-erwachens-download.png","datePublished":"2019-04-05T16:19:49+00:00","dateModified":"2026-01-22T09:10:22+00:00","breadcrumb":{"@id":"https:\/\/openskypress.com\/de\/product\/film-facetten-des-erwachens-das-wissen-der-meister-download\/#breadcrumb"},"inLanguage":"de","potentialAction":[{"@type":"ReadAction","target":["https:\/\/openskypress.com\/de\/product\/film-facetten-des-erwachens-das-wissen-der-meister-download\/"]}]},{"@type":"ImageObject","inLanguage":"de","@id":"https:\/\/openskypress.com\/de\/product\/film-facetten-des-erwachens-das-wissen-der-meister-download\/#primaryimage","url":"https:\/\/openskypress.com\/wp-content\/uploads\/2019\/05\/film-facetten-des-erwachens-download.png","contentUrl":"https:\/\/openskypress.com\/wp-content\/uploads\/2019\/05\/film-facetten-des-erwachens-download.png","width":490,"height":740,"caption":"facetten des erwachens, indische meister, john david"},{"@type":"BreadcrumbList","@id":"https:\/\/openskypress.com\/de\/product\/film-facetten-des-erwachens-das-wissen-der-meister-download\/#breadcrumb","itemListElement":[{"@type":"ListItem","position":1,"name":"Home","item":"https:\/\/openskypress.com\/es\/"},{"@type":"ListItem","position":2,"name":"Shop","item":"https:\/\/openskypress.com\/de\/shop\/"},{"@type":"ListItem","position":3,"name":"Download Facetten des Erwachens"}]},{"@type":"WebSite","@id":"https:\/\/openskypress.com\/#website","url":"https:\/\/openskypress.com\/","name":"Spiritual Books & Films Online Shop #1 | Open Sky Press","description":"Best store of Books &amp; DVDs about Satsang, Indian &amp; Western philosophy &amp; yoga. Spiritual teachers talks about awakening, enlightenment and mindfulness","publisher":{"@id":"https:\/\/openskypress.com\/#organization"},"potentialAction":[{"@type":"SearchAction","target":{"@type":"EntryPoint","urlTemplate":"https:\/\/openskypress.com\/?s={search_term_string}"},"query-input":{"@type":"PropertyValueSpecification","valueRequired":true,"valueName":"search_term_string"}}],"inLanguage":"de"},{"@type":"Organization","@id":"https:\/\/openskypress.com\/#organization","name":"Spiritual Books & Films Online Shop #1 | Open Sky Press","url":"https:\/\/openskypress.com\/","logo":{"@type":"ImageObject","inLanguage":"de","@id":"https:\/\/openskypress.com\/#\/schema\/logo\/image\/","url":"https:\/\/openskypress.com\/wp-content\/uploads\/2020\/02\/logo-osp-1.png","contentUrl":"https:\/\/openskypress.com\/wp-content\/uploads\/2020\/02\/logo-osp-1.png","width":222,"height":219,"caption":"Spiritual Books & Films Online Shop #1 | Open Sky Press"},"image":{"@id":"https:\/\/openskypress.com\/#\/schema\/logo\/image\/"}}]}},"_links":{"self":[{"href":"https:\/\/openskypress.com\/de\/wp-json\/wp\/v2\/product\/4010","targetHints":{"allow":["GET"]}}],"collection":[{"href":"https:\/\/openskypress.com\/de\/wp-json\/wp\/v2\/product"}],"about":[{"href":"https:\/\/openskypress.com\/de\/wp-json\/wp\/v2\/types\/product"}],"replies":[{"embeddable":true,"href":"https:\/\/openskypress.com\/de\/wp-json\/wp\/v2\/comments?post=4010"}],"wp:featuredmedia":[{"embeddable":true,"href":"https:\/\/openskypress.com\/de\/wp-json\/wp\/v2\/media\/5206"}],"wp:attachment":[{"href":"https:\/\/openskypress.com\/de\/wp-json\/wp\/v2\/media?parent=4010"}],"wp:term":[{"taxonomy":"product_brand","embeddable":true,"href":"https:\/\/openskypress.com\/de\/wp-json\/wp\/v2\/product_brand?post=4010"},{"taxonomy":"product_cat","embeddable":true,"href":"https:\/\/openskypress.com\/de\/wp-json\/wp\/v2\/product_cat?post=4010"},{"taxonomy":"product_tag","embeddable":true,"href":"https:\/\/openskypress.com\/de\/wp-json\/wp\/v2\/product_tag?post=4010"}],"curies":[{"name":"wp","href":"https:\/\/api.w.org\/{rel}","templated":true}]}}