{"id":4002,"date":"2019-04-30T17:03:36","date_gmt":"2019-04-30T17:03:36","guid":{"rendered":"https:\/\/openskycharity.international\/?post_type=product&#038;p=4002"},"modified":"2026-01-22T09:05:36","modified_gmt":"2026-01-22T09:05:36","slug":"dvd-arunachala-shiva-kommentare-zu-sri-maharshis-lehre-who-am-i","status":"publish","type":"product","link":"https:\/\/openskypress.com\/de\/product\/dvd-arunachala-shiva-kommentare-zu-sri-maharshis-lehre-who-am-i\/","title":{"rendered":"DVD Arunachala Shiva"},"content":{"rendered":"<p><iframe src=\"https:\/\/player.vimeo.com\/video\/416005006\" width=\"820\" height=\"615\" frameborder=\"0\" allow=\"autoplay; fullscreen\" allowfullscreen><\/iframe><\/p>\n\n    <div class=\"xs_social_share_widget xs_share_url after_content \t\tmain_content  wslu-style-1 wslu-share-box-shaped wslu-fill-colored wslu-none wslu-share-horizontal wslu-theme-font-no wslu-main_content\">\n\n\t\t\n        <ul>\n\t\t\t        <\/ul>\n    <\/div> \n","protected":false},"excerpt":{"rendered":"<p align=\"justify\">Der Film ist eine tiefgreifende Hommage an die spirituelle Gr\u00f6\u00dfe Bhagavan Sri Ramana Maharshis, einem der bekanntesten indischen Heiligen. Der Film spiegelt die wichtigen Aspekte von Sri Ramanas Leben und Lehre wider. Er pr\u00e4sentiert die H\u00f6hepunkte der zum Nachdenken anregenden Kommentare von David Godman, James Swartz und John David zu Sri Ramanas wichtigsten Schriften. Er enth\u00e4lt Archivmaterial \u00fcber Sri Ramana, Filmsequenzen vom Ramana Ashram und nat\u00fcrlich Bildmaterial \u00fcber den Arunachala.<\/p>\n<p align=\"left\"><i>DVD mit Untertiteln: Deutsch, Franz\u00f6sisch, Italienisch, Spanisch, Portugiesisch, Niederl\u00e4ndisch, Russisch, D\u00e4nisch, Persisch, Ukrainisch<\/i><\/p>\n<p align=\"justify\"><a href=\"https:\/\/openskycharity.international\/de\/product\/film-download-arunachala-shiva-kommentare-zu-sri-ramana-maharshis-lehre-wer-bin-ich\/\"><i><u><b>Auch als Download erh\u00e4ltlich. Hier klicken<\/b><\/u><\/i><\/a><\/p>\n","protected":false},"featured_media":4993,"comment_status":"open","ping_status":"closed","template":"","meta":{"postBodyCss":"","postBodyMargin":[],"postBodyPadding":[],"postBodyBackground":{"backgroundType":"classic","gradient":""}},"product_brand":[],"product_cat":[388,777,780,778],"product_tag":[372,373,471,375,581,376,377,378,379,380,382],"class_list":{"0":"post-4002","1":"product","2":"type-product","3":"status-publish","4":"has-post-thumbnail","6":"product_cat-filme","7":"product_cat-john-david-dvds","8":"product_cat-ramana-maharshi-dvds","9":"product_cat-open-sky-press-filme","10":"product_tag-advaita-de","11":"product_tag-arunachala-de","12":"product_tag-gangaji-de","13":"product_tag-john-david-de","14":"product_tag-open-sky-press-de","15":"product_tag-philosophie-de","16":"product_tag-premananda-de","17":"product_tag-ramana-maharshi-de","18":"product_tag-satsang-de","19":"product_tag-spirituality-de","20":"product_tag-who-am-i-de","22":"first","23":"instock","24":"taxable","25":"shipping-taxable","26":"purchasable","27":"product-type-simple"},"yoast_head":"<!-- This site is optimized with the Yoast SEO plugin v26.6 - https:\/\/yoast.com\/wordpress\/plugins\/seo\/ -->\n<title>DVD Arunachala Shiva - Spiritual Books &amp; Films Online Shop #1 | Open Sky Press DE<\/title>\n<meta name=\"robots\" content=\"index, follow, max-snippet:-1, max-image-preview:large, max-video-preview:-1\" \/>\n<link rel=\"canonical\" href=\"https:\/\/openskypress.com\/de\/product\/dvd-arunachala-shiva-kommentare-zu-sri-maharshis-lehre-who-am-i\/\" \/>\n<meta property=\"og:locale\" content=\"de_DE\" \/>\n<meta property=\"og:type\" content=\"article\" \/>\n<meta property=\"og:title\" content=\"DVD Arunachala Shiva - Spiritual Books &amp; Films Online Shop #1 | Open Sky Press DE\" \/>\n<meta property=\"og:description\" content=\"Der Film ist eine tiefgreifende Hommage an die spirituelle Gr\u00f6\u00dfe Bhagavan Sri Ramana Maharshis, einem der bekanntesten indischen Heiligen. Der Film spiegelt die wichtigen Aspekte von Sri Ramanas Leben und Lehre wider. Er pr\u00e4sentiert die H\u00f6hepunkte der zum Nachdenken anregenden Kommentare von David Godman, James Swartz und John David zu Sri Ramanas wichtigsten Schriften. Er enth\u00e4lt Archivmaterial \u00fcber Sri Ramana, Filmsequenzen vom Ramana Ashram und nat\u00fcrlich Bildmaterial \u00fcber den Arunachala.  DVD mit Untertiteln: Deutsch, Franz\u00f6sisch, Italienisch, Spanisch, Portugiesisch, Niederl\u00e4ndisch, Russisch, D\u00e4nisch, Persisch, Ukrainisch Auch als Download erh\u00e4ltlich. Hier klicken\" \/>\n<meta property=\"og:url\" content=\"https:\/\/openskypress.com\/de\/product\/dvd-arunachala-shiva-kommentare-zu-sri-maharshis-lehre-who-am-i\/\" \/>\n<meta property=\"og:site_name\" content=\"Spiritual Books &amp; Films Online Shop #1 | Open Sky Press DE\" \/>\n<meta property=\"article:modified_time\" content=\"2026-01-22T09:05:36+00:00\" \/>\n<meta property=\"og:image\" content=\"https:\/\/openskypress.com\/wp-content\/uploads\/2019\/05\/film-arunachala-shiva-de.png\" \/>\n\t<meta property=\"og:image:width\" content=\"490\" \/>\n\t<meta property=\"og:image:height\" content=\"740\" \/>\n\t<meta property=\"og:image:type\" content=\"image\/png\" \/>\n<meta name=\"twitter:card\" content=\"summary_large_image\" \/>\n<script type=\"application\/ld+json\" class=\"yoast-schema-graph\">{\"@context\":\"https:\/\/schema.org\",\"@graph\":[{\"@type\":\"WebPage\",\"@id\":\"https:\/\/openskypress.com\/de\/product\/dvd-arunachala-shiva-kommentare-zu-sri-maharshis-lehre-who-am-i\/\",\"url\":\"https:\/\/openskypress.com\/de\/product\/dvd-arunachala-shiva-kommentare-zu-sri-maharshis-lehre-who-am-i\/\",\"name\":\"DVD Arunachala Shiva - Spiritual Books &amp; Films Online Shop #1 | Open Sky Press DE\",\"isPartOf\":{\"@id\":\"https:\/\/openskypress.com\/#website\"},\"primaryImageOfPage\":{\"@id\":\"https:\/\/openskypress.com\/de\/product\/dvd-arunachala-shiva-kommentare-zu-sri-maharshis-lehre-who-am-i\/#primaryimage\"},\"image\":{\"@id\":\"https:\/\/openskypress.com\/de\/product\/dvd-arunachala-shiva-kommentare-zu-sri-maharshis-lehre-who-am-i\/#primaryimage\"},\"thumbnailUrl\":\"https:\/\/openskypress.com\/wp-content\/uploads\/2019\/05\/film-arunachala-shiva-de.png\",\"datePublished\":\"2019-04-30T17:03:36+00:00\",\"dateModified\":\"2026-01-22T09:05:36+00:00\",\"breadcrumb\":{\"@id\":\"https:\/\/openskypress.com\/de\/product\/dvd-arunachala-shiva-kommentare-zu-sri-maharshis-lehre-who-am-i\/#breadcrumb\"},\"inLanguage\":\"de\",\"potentialAction\":[{\"@type\":\"ReadAction\",\"target\":[\"https:\/\/openskypress.com\/de\/product\/dvd-arunachala-shiva-kommentare-zu-sri-maharshis-lehre-who-am-i\/\"]}]},{\"@type\":\"ImageObject\",\"inLanguage\":\"de\",\"@id\":\"https:\/\/openskypress.com\/de\/product\/dvd-arunachala-shiva-kommentare-zu-sri-maharshis-lehre-who-am-i\/#primaryimage\",\"url\":\"https:\/\/openskypress.com\/wp-content\/uploads\/2019\/05\/film-arunachala-shiva-de.png\",\"contentUrl\":\"https:\/\/openskypress.com\/wp-content\/uploads\/2019\/05\/film-arunachala-shiva-de.png\",\"width\":490,\"height\":740,\"caption\":\"film arunachala shiva, ramana maharshi\"},{\"@type\":\"BreadcrumbList\",\"@id\":\"https:\/\/openskypress.com\/de\/product\/dvd-arunachala-shiva-kommentare-zu-sri-maharshis-lehre-who-am-i\/#breadcrumb\",\"itemListElement\":[{\"@type\":\"ListItem\",\"position\":1,\"name\":\"Home\",\"item\":\"https:\/\/openskypress.com\/es\/\"},{\"@type\":\"ListItem\",\"position\":2,\"name\":\"Shop\",\"item\":\"https:\/\/openskypress.com\/de\/shop\/\"},{\"@type\":\"ListItem\",\"position\":3,\"name\":\"DVD Arunachala Shiva\"}]},{\"@type\":\"WebSite\",\"@id\":\"https:\/\/openskypress.com\/#website\",\"url\":\"https:\/\/openskypress.com\/\",\"name\":\"Spiritual Books & Films Online Shop #1 | Open Sky Press\",\"description\":\"Best store of Books &amp; DVDs about Satsang, Indian &amp; Western philosophy &amp; yoga. Spiritual teachers talks about awakening, enlightenment and mindfulness\",\"publisher\":{\"@id\":\"https:\/\/openskypress.com\/#organization\"},\"potentialAction\":[{\"@type\":\"SearchAction\",\"target\":{\"@type\":\"EntryPoint\",\"urlTemplate\":\"https:\/\/openskypress.com\/?s={search_term_string}\"},\"query-input\":{\"@type\":\"PropertyValueSpecification\",\"valueRequired\":true,\"valueName\":\"search_term_string\"}}],\"inLanguage\":\"de\"},{\"@type\":\"Organization\",\"@id\":\"https:\/\/openskypress.com\/#organization\",\"name\":\"Spiritual Books & Films Online Shop #1 | Open Sky Press\",\"url\":\"https:\/\/openskypress.com\/\",\"logo\":{\"@type\":\"ImageObject\",\"inLanguage\":\"de\",\"@id\":\"https:\/\/openskypress.com\/#\/schema\/logo\/image\/\",\"url\":\"https:\/\/openskypress.com\/wp-content\/uploads\/2020\/02\/logo-osp-1.png\",\"contentUrl\":\"https:\/\/openskypress.com\/wp-content\/uploads\/2020\/02\/logo-osp-1.png\",\"width\":222,\"height\":219,\"caption\":\"Spiritual Books & Films Online Shop #1 | Open Sky Press\"},\"image\":{\"@id\":\"https:\/\/openskypress.com\/#\/schema\/logo\/image\/\"}}]}<\/script>\n<!-- \/ Yoast SEO plugin. -->","yoast_head_json":{"title":"DVD Arunachala Shiva - Spiritual Books &amp; Films Online Shop #1 | Open Sky Press DE","robots":{"index":"index","follow":"follow","max-snippet":"max-snippet:-1","max-image-preview":"max-image-preview:large","max-video-preview":"max-video-preview:-1"},"canonical":"https:\/\/openskypress.com\/de\/product\/dvd-arunachala-shiva-kommentare-zu-sri-maharshis-lehre-who-am-i\/","og_locale":"de_DE","og_type":"article","og_title":"DVD Arunachala Shiva - Spiritual Books &amp; Films Online Shop #1 | Open Sky Press DE","og_description":"Der Film ist eine tiefgreifende Hommage an die spirituelle Gr\u00f6\u00dfe Bhagavan Sri Ramana Maharshis, einem der bekanntesten indischen Heiligen. Der Film spiegelt die wichtigen Aspekte von Sri Ramanas Leben und Lehre wider. Er pr\u00e4sentiert die H\u00f6hepunkte der zum Nachdenken anregenden Kommentare von David Godman, James Swartz und John David zu Sri Ramanas wichtigsten Schriften. Er enth\u00e4lt Archivmaterial \u00fcber Sri Ramana, Filmsequenzen vom Ramana Ashram und nat\u00fcrlich Bildmaterial \u00fcber den Arunachala.  DVD mit Untertiteln: Deutsch, Franz\u00f6sisch, Italienisch, Spanisch, Portugiesisch, Niederl\u00e4ndisch, Russisch, D\u00e4nisch, Persisch, Ukrainisch Auch als Download erh\u00e4ltlich. Hier klicken","og_url":"https:\/\/openskypress.com\/de\/product\/dvd-arunachala-shiva-kommentare-zu-sri-maharshis-lehre-who-am-i\/","og_site_name":"Spiritual Books &amp; Films Online Shop #1 | Open Sky Press DE","article_modified_time":"2026-01-22T09:05:36+00:00","og_image":[{"width":490,"height":740,"url":"https:\/\/openskypress.com\/wp-content\/uploads\/2019\/05\/film-arunachala-shiva-de.png","type":"image\/png"}],"twitter_card":"summary_large_image","schema":{"@context":"https:\/\/schema.org","@graph":[{"@type":"WebPage","@id":"https:\/\/openskypress.com\/de\/product\/dvd-arunachala-shiva-kommentare-zu-sri-maharshis-lehre-who-am-i\/","url":"https:\/\/openskypress.com\/de\/product\/dvd-arunachala-shiva-kommentare-zu-sri-maharshis-lehre-who-am-i\/","name":"DVD Arunachala Shiva - Spiritual Books &amp; Films Online Shop #1 | Open Sky Press DE","isPartOf":{"@id":"https:\/\/openskypress.com\/#website"},"primaryImageOfPage":{"@id":"https:\/\/openskypress.com\/de\/product\/dvd-arunachala-shiva-kommentare-zu-sri-maharshis-lehre-who-am-i\/#primaryimage"},"image":{"@id":"https:\/\/openskypress.com\/de\/product\/dvd-arunachala-shiva-kommentare-zu-sri-maharshis-lehre-who-am-i\/#primaryimage"},"thumbnailUrl":"https:\/\/openskypress.com\/wp-content\/uploads\/2019\/05\/film-arunachala-shiva-de.png","datePublished":"2019-04-30T17:03:36+00:00","dateModified":"2026-01-22T09:05:36+00:00","breadcrumb":{"@id":"https:\/\/openskypress.com\/de\/product\/dvd-arunachala-shiva-kommentare-zu-sri-maharshis-lehre-who-am-i\/#breadcrumb"},"inLanguage":"de","potentialAction":[{"@type":"ReadAction","target":["https:\/\/openskypress.com\/de\/product\/dvd-arunachala-shiva-kommentare-zu-sri-maharshis-lehre-who-am-i\/"]}]},{"@type":"ImageObject","inLanguage":"de","@id":"https:\/\/openskypress.com\/de\/product\/dvd-arunachala-shiva-kommentare-zu-sri-maharshis-lehre-who-am-i\/#primaryimage","url":"https:\/\/openskypress.com\/wp-content\/uploads\/2019\/05\/film-arunachala-shiva-de.png","contentUrl":"https:\/\/openskypress.com\/wp-content\/uploads\/2019\/05\/film-arunachala-shiva-de.png","width":490,"height":740,"caption":"film arunachala shiva, ramana maharshi"},{"@type":"BreadcrumbList","@id":"https:\/\/openskypress.com\/de\/product\/dvd-arunachala-shiva-kommentare-zu-sri-maharshis-lehre-who-am-i\/#breadcrumb","itemListElement":[{"@type":"ListItem","position":1,"name":"Home","item":"https:\/\/openskypress.com\/es\/"},{"@type":"ListItem","position":2,"name":"Shop","item":"https:\/\/openskypress.com\/de\/shop\/"},{"@type":"ListItem","position":3,"name":"DVD Arunachala Shiva"}]},{"@type":"WebSite","@id":"https:\/\/openskypress.com\/#website","url":"https:\/\/openskypress.com\/","name":"Spiritual Books & Films Online Shop #1 | Open Sky Press","description":"Best store of Books &amp; DVDs about Satsang, Indian &amp; Western philosophy &amp; yoga. Spiritual teachers talks about awakening, enlightenment and mindfulness","publisher":{"@id":"https:\/\/openskypress.com\/#organization"},"potentialAction":[{"@type":"SearchAction","target":{"@type":"EntryPoint","urlTemplate":"https:\/\/openskypress.com\/?s={search_term_string}"},"query-input":{"@type":"PropertyValueSpecification","valueRequired":true,"valueName":"search_term_string"}}],"inLanguage":"de"},{"@type":"Organization","@id":"https:\/\/openskypress.com\/#organization","name":"Spiritual Books & Films Online Shop #1 | Open Sky Press","url":"https:\/\/openskypress.com\/","logo":{"@type":"ImageObject","inLanguage":"de","@id":"https:\/\/openskypress.com\/#\/schema\/logo\/image\/","url":"https:\/\/openskypress.com\/wp-content\/uploads\/2020\/02\/logo-osp-1.png","contentUrl":"https:\/\/openskypress.com\/wp-content\/uploads\/2020\/02\/logo-osp-1.png","width":222,"height":219,"caption":"Spiritual Books & Films Online Shop #1 | Open Sky Press"},"image":{"@id":"https:\/\/openskypress.com\/#\/schema\/logo\/image\/"}}]}},"_links":{"self":[{"href":"https:\/\/openskypress.com\/de\/wp-json\/wp\/v2\/product\/4002","targetHints":{"allow":["GET"]}}],"collection":[{"href":"https:\/\/openskypress.com\/de\/wp-json\/wp\/v2\/product"}],"about":[{"href":"https:\/\/openskypress.com\/de\/wp-json\/wp\/v2\/types\/product"}],"replies":[{"embeddable":true,"href":"https:\/\/openskypress.com\/de\/wp-json\/wp\/v2\/comments?post=4002"}],"wp:featuredmedia":[{"embeddable":true,"href":"https:\/\/openskypress.com\/de\/wp-json\/wp\/v2\/media\/4993"}],"wp:attachment":[{"href":"https:\/\/openskypress.com\/de\/wp-json\/wp\/v2\/media?parent=4002"}],"wp:term":[{"taxonomy":"product_brand","embeddable":true,"href":"https:\/\/openskypress.com\/de\/wp-json\/wp\/v2\/product_brand?post=4002"},{"taxonomy":"product_cat","embeddable":true,"href":"https:\/\/openskypress.com\/de\/wp-json\/wp\/v2\/product_cat?post=4002"},{"taxonomy":"product_tag","embeddable":true,"href":"https:\/\/openskypress.com\/de\/wp-json\/wp\/v2\/product_tag?post=4002"}],"curies":[{"name":"wp","href":"https:\/\/api.w.org\/{rel}","templated":true}]}}