{"id":4000,"date":"2019-04-04T10:33:51","date_gmt":"2019-04-04T10:33:51","guid":{"rendered":"https:\/\/openskycharity.international\/product\/film-satori-metamorphosis-of-an-awakening\/"},"modified":"2026-01-22T09:10:23","modified_gmt":"2026-01-22T09:10:23","slug":"film-satori-metamorphose-eines-erwachens","status":"publish","type":"product","link":"https:\/\/openskypress.com\/de\/product\/film-satori-metamorphose-eines-erwachens\/","title":{"rendered":"DVD Satori &#8211; Film \u00fcber ein Erwachen"},"content":{"rendered":"<p><iframe src=\"https:\/\/player.vimeo.com\/video\/416006535\" width=\"820\" height=\"615\" frameborder=\"0\" allow=\"autoplay; fullscreen\" allowfullscreen><\/iframe><\/p>\n\n    <div class=\"xs_social_share_widget xs_share_url after_content \t\tmain_content  wslu-style-1 wslu-share-box-shaped wslu-fill-colored wslu-none wslu-share-horizontal wslu-theme-font-no wslu-main_content\">\n\n\t\t\n        <ul>\n\t\t\t        <\/ul>\n    <\/div> \n","protected":false},"excerpt":{"rendered":"<p>&nbsp;<\/p>\n<p class=\"p1\">Mit diesem Film m\u00f6chten wir uns mit diesem scheinbar zunehmenden Ph\u00e4nomen, bei dem Menschen pl\u00f6tzlich und ohne Grund ein spirituelles Erwachen erleben, befassen. Lakshmi, die mit dem spirituellen Lehrer John David in einer Gemeinschaft lebt, erfuhr dieses tiefgreifende Energie-Ph\u00e4nomen w\u00e4hrend sie eine Email im Communityb\u00fcro schrieb. In diesem Film f\u00fchren sie einen Dialog \u00fcber Lakshmis Erfahrungen in diesem Moment und was seitdem passiert ist.<br \/>\nCarl Gustav Jung: Satori \u00fcberkommt einen unversehens, als etwas v\u00f6llig Unerwartetes. Es bedeutet einen Einblick in die Natur des Selbst. Satori ist die intimste individuelle Erfahrung.<\/p>\n<p><i>Englisch mit Untertiteln<\/p>\n<p>DVD mit Untertiteln: Deutsch, Franz\u00f6sisch, Italienisch, Spanisch, Portugiesisch, Niederl\u00e4ndisch, Russisch, D\u00e4nisch, Persisch, Japanisch, Polnisch, Hindi<\/i><\/p>\n<p><a href=\"https:\/\/openskycharity.international\/de\/product\/film-download-satori\/\"><i><u><b>Auch als Download erh\u00e4ltlich. Hier klicken<\/b><\/u><\/i><\/a><\/p>\n","protected":false},"featured_media":5045,"comment_status":"open","ping_status":"closed","template":"","meta":{"postBodyCss":"","postBodyMargin":[],"postBodyPadding":[],"postBodyBackground":{"backgroundType":"classic","gradient":""}},"product_brand":[],"product_cat":[388,777,778],"product_tag":[372,394,438,400,375,581,377,422],"class_list":{"0":"post-4000","1":"product","2":"type-product","3":"status-publish","4":"has-post-thumbnail","6":"product_cat-filme","7":"product_cat-john-david-dvds","8":"product_cat-open-sky-press-filme","9":"product_tag-advaita-de","10":"product_tag-erwachen-de","11":"product_tag-freiheit","12":"product_tag-gemeinschaft","13":"product_tag-john-david-de","14":"product_tag-open-sky-press-de","15":"product_tag-premananda-de","16":"product_tag-satori-de","18":"first","19":"instock","20":"taxable","21":"shipping-taxable","22":"purchasable","23":"product-type-simple"},"yoast_head":"<!-- This site is optimized with the Yoast SEO plugin v26.6 - https:\/\/yoast.com\/wordpress\/plugins\/seo\/ -->\n<title>DVD Satori - Film \u00fcber ein Erwachen - Spiritual Books &amp; Films Online Shop #1 | Open Sky Press DE<\/title>\n<meta name=\"robots\" content=\"index, follow, max-snippet:-1, max-image-preview:large, max-video-preview:-1\" \/>\n<link rel=\"canonical\" href=\"https:\/\/openskypress.com\/de\/product\/film-satori-metamorphose-eines-erwachens\/\" \/>\n<meta property=\"og:locale\" content=\"de_DE\" \/>\n<meta property=\"og:type\" content=\"article\" \/>\n<meta property=\"og:title\" content=\"DVD Satori - Film \u00fcber ein Erwachen - Spiritual Books &amp; Films Online Shop #1 | Open Sky Press DE\" \/>\n<meta property=\"og:description\" content=\"&nbsp; Mit diesem Film m\u00f6chten wir uns mit diesem scheinbar zunehmenden Ph\u00e4nomen, bei dem Menschen pl\u00f6tzlich und ohne Grund ein spirituelles Erwachen erleben, befassen. Lakshmi, die mit dem spirituellen Lehrer John David in einer Gemeinschaft lebt, erfuhr dieses tiefgreifende Energie-Ph\u00e4nomen w\u00e4hrend sie eine Email im Communityb\u00fcro schrieb. In diesem Film f\u00fchren sie einen Dialog \u00fcber Lakshmis Erfahrungen in diesem Moment und was seitdem passiert ist. Carl Gustav Jung: Satori \u00fcberkommt einen unversehens, als etwas v\u00f6llig Unerwartetes. Es bedeutet einen Einblick in die Natur des Selbst. Satori ist die intimste individuelle Erfahrung.  Englisch mit Untertiteln  DVD mit Untertiteln: Deutsch, Franz\u00f6sisch, Italienisch, Spanisch, Portugiesisch, Niederl\u00e4ndisch, Russisch, D\u00e4nisch, Persisch, Japanisch, Polnisch, Hindi   Auch als Download erh\u00e4ltlich. Hier klicken\" \/>\n<meta property=\"og:url\" content=\"https:\/\/openskypress.com\/de\/product\/film-satori-metamorphose-eines-erwachens\/\" \/>\n<meta property=\"og:site_name\" content=\"Spiritual Books &amp; Films Online Shop #1 | Open Sky Press DE\" \/>\n<meta property=\"article:modified_time\" content=\"2026-01-22T09:10:23+00:00\" \/>\n<meta property=\"og:image\" content=\"https:\/\/openskypress.com\/wp-content\/uploads\/2019\/05\/film-satori-de.png\" \/>\n\t<meta property=\"og:image:width\" content=\"490\" \/>\n\t<meta property=\"og:image:height\" content=\"740\" \/>\n\t<meta property=\"og:image:type\" content=\"image\/png\" \/>\n<meta name=\"twitter:card\" content=\"summary_large_image\" \/>\n<script type=\"application\/ld+json\" class=\"yoast-schema-graph\">{\"@context\":\"https:\/\/schema.org\",\"@graph\":[{\"@type\":\"WebPage\",\"@id\":\"https:\/\/openskypress.com\/de\/product\/film-satori-metamorphose-eines-erwachens\/\",\"url\":\"https:\/\/openskypress.com\/de\/product\/film-satori-metamorphose-eines-erwachens\/\",\"name\":\"DVD Satori - Film \u00fcber ein Erwachen - Spiritual Books &amp; Films Online Shop #1 | Open Sky Press DE\",\"isPartOf\":{\"@id\":\"https:\/\/openskypress.com\/#website\"},\"primaryImageOfPage\":{\"@id\":\"https:\/\/openskypress.com\/de\/product\/film-satori-metamorphose-eines-erwachens\/#primaryimage\"},\"image\":{\"@id\":\"https:\/\/openskypress.com\/de\/product\/film-satori-metamorphose-eines-erwachens\/#primaryimage\"},\"thumbnailUrl\":\"https:\/\/openskypress.com\/wp-content\/uploads\/2019\/05\/film-satori-de.png\",\"datePublished\":\"2019-04-04T10:33:51+00:00\",\"dateModified\":\"2026-01-22T09:10:23+00:00\",\"breadcrumb\":{\"@id\":\"https:\/\/openskypress.com\/de\/product\/film-satori-metamorphose-eines-erwachens\/#breadcrumb\"},\"inLanguage\":\"de\",\"potentialAction\":[{\"@type\":\"ReadAction\",\"target\":[\"https:\/\/openskypress.com\/de\/product\/film-satori-metamorphose-eines-erwachens\/\"]}]},{\"@type\":\"ImageObject\",\"inLanguage\":\"de\",\"@id\":\"https:\/\/openskypress.com\/de\/product\/film-satori-metamorphose-eines-erwachens\/#primaryimage\",\"url\":\"https:\/\/openskypress.com\/wp-content\/uploads\/2019\/05\/film-satori-de.png\",\"contentUrl\":\"https:\/\/openskypress.com\/wp-content\/uploads\/2019\/05\/film-satori-de.png\",\"width\":490,\"height\":740,\"caption\":\"satori, john david\"},{\"@type\":\"BreadcrumbList\",\"@id\":\"https:\/\/openskypress.com\/de\/product\/film-satori-metamorphose-eines-erwachens\/#breadcrumb\",\"itemListElement\":[{\"@type\":\"ListItem\",\"position\":1,\"name\":\"Home\",\"item\":\"https:\/\/openskypress.com\/es\/\"},{\"@type\":\"ListItem\",\"position\":2,\"name\":\"Shop\",\"item\":\"https:\/\/openskypress.com\/de\/shop\/\"},{\"@type\":\"ListItem\",\"position\":3,\"name\":\"DVD Satori &#8211; Film \u00fcber ein Erwachen\"}]},{\"@type\":\"WebSite\",\"@id\":\"https:\/\/openskypress.com\/#website\",\"url\":\"https:\/\/openskypress.com\/\",\"name\":\"Spiritual Books & Films Online Shop #1 | Open Sky Press\",\"description\":\"Best store of Books &amp; DVDs about Satsang, Indian &amp; Western philosophy &amp; yoga. Spiritual teachers talks about awakening, enlightenment and mindfulness\",\"publisher\":{\"@id\":\"https:\/\/openskypress.com\/#organization\"},\"potentialAction\":[{\"@type\":\"SearchAction\",\"target\":{\"@type\":\"EntryPoint\",\"urlTemplate\":\"https:\/\/openskypress.com\/?s={search_term_string}\"},\"query-input\":{\"@type\":\"PropertyValueSpecification\",\"valueRequired\":true,\"valueName\":\"search_term_string\"}}],\"inLanguage\":\"de\"},{\"@type\":\"Organization\",\"@id\":\"https:\/\/openskypress.com\/#organization\",\"name\":\"Spiritual Books & Films Online Shop #1 | Open Sky Press\",\"url\":\"https:\/\/openskypress.com\/\",\"logo\":{\"@type\":\"ImageObject\",\"inLanguage\":\"de\",\"@id\":\"https:\/\/openskypress.com\/#\/schema\/logo\/image\/\",\"url\":\"https:\/\/openskypress.com\/wp-content\/uploads\/2020\/02\/logo-osp-1.png\",\"contentUrl\":\"https:\/\/openskypress.com\/wp-content\/uploads\/2020\/02\/logo-osp-1.png\",\"width\":222,\"height\":219,\"caption\":\"Spiritual Books & Films Online Shop #1 | Open Sky Press\"},\"image\":{\"@id\":\"https:\/\/openskypress.com\/#\/schema\/logo\/image\/\"}}]}<\/script>\n<!-- \/ Yoast SEO plugin. -->","yoast_head_json":{"title":"DVD Satori - Film \u00fcber ein Erwachen - Spiritual Books &amp; Films Online Shop #1 | Open Sky Press DE","robots":{"index":"index","follow":"follow","max-snippet":"max-snippet:-1","max-image-preview":"max-image-preview:large","max-video-preview":"max-video-preview:-1"},"canonical":"https:\/\/openskypress.com\/de\/product\/film-satori-metamorphose-eines-erwachens\/","og_locale":"de_DE","og_type":"article","og_title":"DVD Satori - Film \u00fcber ein Erwachen - Spiritual Books &amp; Films Online Shop #1 | Open Sky Press DE","og_description":"&nbsp; Mit diesem Film m\u00f6chten wir uns mit diesem scheinbar zunehmenden Ph\u00e4nomen, bei dem Menschen pl\u00f6tzlich und ohne Grund ein spirituelles Erwachen erleben, befassen. Lakshmi, die mit dem spirituellen Lehrer John David in einer Gemeinschaft lebt, erfuhr dieses tiefgreifende Energie-Ph\u00e4nomen w\u00e4hrend sie eine Email im Communityb\u00fcro schrieb. In diesem Film f\u00fchren sie einen Dialog \u00fcber Lakshmis Erfahrungen in diesem Moment und was seitdem passiert ist. Carl Gustav Jung: Satori \u00fcberkommt einen unversehens, als etwas v\u00f6llig Unerwartetes. Es bedeutet einen Einblick in die Natur des Selbst. Satori ist die intimste individuelle Erfahrung.  Englisch mit Untertiteln  DVD mit Untertiteln: Deutsch, Franz\u00f6sisch, Italienisch, Spanisch, Portugiesisch, Niederl\u00e4ndisch, Russisch, D\u00e4nisch, Persisch, Japanisch, Polnisch, Hindi   Auch als Download erh\u00e4ltlich. Hier klicken","og_url":"https:\/\/openskypress.com\/de\/product\/film-satori-metamorphose-eines-erwachens\/","og_site_name":"Spiritual Books &amp; Films Online Shop #1 | Open Sky Press DE","article_modified_time":"2026-01-22T09:10:23+00:00","og_image":[{"width":490,"height":740,"url":"https:\/\/openskypress.com\/wp-content\/uploads\/2019\/05\/film-satori-de.png","type":"image\/png"}],"twitter_card":"summary_large_image","schema":{"@context":"https:\/\/schema.org","@graph":[{"@type":"WebPage","@id":"https:\/\/openskypress.com\/de\/product\/film-satori-metamorphose-eines-erwachens\/","url":"https:\/\/openskypress.com\/de\/product\/film-satori-metamorphose-eines-erwachens\/","name":"DVD Satori - Film \u00fcber ein Erwachen - Spiritual Books &amp; Films Online Shop #1 | Open Sky Press DE","isPartOf":{"@id":"https:\/\/openskypress.com\/#website"},"primaryImageOfPage":{"@id":"https:\/\/openskypress.com\/de\/product\/film-satori-metamorphose-eines-erwachens\/#primaryimage"},"image":{"@id":"https:\/\/openskypress.com\/de\/product\/film-satori-metamorphose-eines-erwachens\/#primaryimage"},"thumbnailUrl":"https:\/\/openskypress.com\/wp-content\/uploads\/2019\/05\/film-satori-de.png","datePublished":"2019-04-04T10:33:51+00:00","dateModified":"2026-01-22T09:10:23+00:00","breadcrumb":{"@id":"https:\/\/openskypress.com\/de\/product\/film-satori-metamorphose-eines-erwachens\/#breadcrumb"},"inLanguage":"de","potentialAction":[{"@type":"ReadAction","target":["https:\/\/openskypress.com\/de\/product\/film-satori-metamorphose-eines-erwachens\/"]}]},{"@type":"ImageObject","inLanguage":"de","@id":"https:\/\/openskypress.com\/de\/product\/film-satori-metamorphose-eines-erwachens\/#primaryimage","url":"https:\/\/openskypress.com\/wp-content\/uploads\/2019\/05\/film-satori-de.png","contentUrl":"https:\/\/openskypress.com\/wp-content\/uploads\/2019\/05\/film-satori-de.png","width":490,"height":740,"caption":"satori, john david"},{"@type":"BreadcrumbList","@id":"https:\/\/openskypress.com\/de\/product\/film-satori-metamorphose-eines-erwachens\/#breadcrumb","itemListElement":[{"@type":"ListItem","position":1,"name":"Home","item":"https:\/\/openskypress.com\/es\/"},{"@type":"ListItem","position":2,"name":"Shop","item":"https:\/\/openskypress.com\/de\/shop\/"},{"@type":"ListItem","position":3,"name":"DVD Satori &#8211; Film \u00fcber ein Erwachen"}]},{"@type":"WebSite","@id":"https:\/\/openskypress.com\/#website","url":"https:\/\/openskypress.com\/","name":"Spiritual Books & Films Online Shop #1 | Open Sky Press","description":"Best store of Books &amp; DVDs about Satsang, Indian &amp; Western philosophy &amp; yoga. Spiritual teachers talks about awakening, enlightenment and mindfulness","publisher":{"@id":"https:\/\/openskypress.com\/#organization"},"potentialAction":[{"@type":"SearchAction","target":{"@type":"EntryPoint","urlTemplate":"https:\/\/openskypress.com\/?s={search_term_string}"},"query-input":{"@type":"PropertyValueSpecification","valueRequired":true,"valueName":"search_term_string"}}],"inLanguage":"de"},{"@type":"Organization","@id":"https:\/\/openskypress.com\/#organization","name":"Spiritual Books & Films Online Shop #1 | Open Sky Press","url":"https:\/\/openskypress.com\/","logo":{"@type":"ImageObject","inLanguage":"de","@id":"https:\/\/openskypress.com\/#\/schema\/logo\/image\/","url":"https:\/\/openskypress.com\/wp-content\/uploads\/2020\/02\/logo-osp-1.png","contentUrl":"https:\/\/openskypress.com\/wp-content\/uploads\/2020\/02\/logo-osp-1.png","width":222,"height":219,"caption":"Spiritual Books & Films Online Shop #1 | Open Sky Press"},"image":{"@id":"https:\/\/openskypress.com\/#\/schema\/logo\/image\/"}}]}},"_links":{"self":[{"href":"https:\/\/openskypress.com\/de\/wp-json\/wp\/v2\/product\/4000","targetHints":{"allow":["GET"]}}],"collection":[{"href":"https:\/\/openskypress.com\/de\/wp-json\/wp\/v2\/product"}],"about":[{"href":"https:\/\/openskypress.com\/de\/wp-json\/wp\/v2\/types\/product"}],"replies":[{"embeddable":true,"href":"https:\/\/openskypress.com\/de\/wp-json\/wp\/v2\/comments?post=4000"}],"wp:featuredmedia":[{"embeddable":true,"href":"https:\/\/openskypress.com\/de\/wp-json\/wp\/v2\/media\/5045"}],"wp:attachment":[{"href":"https:\/\/openskypress.com\/de\/wp-json\/wp\/v2\/media?parent=4000"}],"wp:term":[{"taxonomy":"product_brand","embeddable":true,"href":"https:\/\/openskypress.com\/de\/wp-json\/wp\/v2\/product_brand?post=4000"},{"taxonomy":"product_cat","embeddable":true,"href":"https:\/\/openskypress.com\/de\/wp-json\/wp\/v2\/product_cat?post=4000"},{"taxonomy":"product_tag","embeddable":true,"href":"https:\/\/openskypress.com\/de\/wp-json\/wp\/v2\/product_tag?post=4000"}],"curies":[{"name":"wp","href":"https:\/\/api.w.org\/{rel}","templated":true}]}}