{"id":3999,"date":"2019-04-04T14:14:42","date_gmt":"2019-04-04T14:14:42","guid":{"rendered":"https:\/\/openskycharity.international\/product\/film-european-masters-blueprints-for-awakening\/"},"modified":"2026-01-22T09:10:22","modified_gmt":"2026-01-22T09:10:22","slug":"film-europaische-meister-facetten-des-erwachens","status":"publish","type":"product","link":"https:\/\/openskypress.com\/de\/product\/film-europaische-meister-facetten-des-erwachens\/","title":{"rendered":"DVD Europ\u00e4ische spirituelle Meister"},"content":{"rendered":"<p><iframe src=\"https:\/\/player.vimeo.com\/video\/416005313\" width=\"820\" height=\"615\" frameborder=\"0\" allow=\"autoplay; fullscreen\" allowfullscreen><\/iframe><\/p>\n\n    <div class=\"xs_social_share_widget xs_share_url after_content \t\tmain_content  wslu-style-1 wslu-share-box-shaped wslu-fill-colored wslu-none wslu-share-horizontal wslu-theme-font-no wslu-main_content\">\n\n\t\t\n        <ul>\n\t\t\t        <\/ul>\n    <\/div> \n","protected":false},"excerpt":{"rendered":"<div align=\"justify\">14 europ\u00e4ische Meister kombinieren ihr Wissen \u00fcber die indischen traditionellen Lehren, im besonderen die Lehre von Sri Ramana Maharshi mit ihren Einblicken in westlicher Psychologie und bieten eine einzigartige \u00dcbertragung, perfekt f\u00fcr den westlichen Sucher. Der Film pr\u00e4sentiert die Lehrer durch ihre Interviews und ber\u00fchrendes zus\u00e4tzliches Filmmaterial. Mooji, Deva Premal &#038; Miten, John David, Rupert Spira, Karl Renz, Francis Lucille, Michael Barnett, Om C. Parkin, Padma &#038; Torsten, Dolano, Tony Parsons <\/p>\n<p><i>Englisch mit Untertiteln<\/p>\n<p>DVD mit Untertiteln: Deutsch, Franz\u00f6sisch, Italienisch,  Niederl\u00e4ndisch, D\u00e4nisch, Portugiesisch, Spanisch, Russisch, Persisch.<\/i>\n<\/div>\n<div align=\"justify\">\n<p><a href=\"https:\/\/openskycharity.international\/de\/produkt\/film-download-europaische-meister-facetten-des-erwachens\/\"><i><u><b>Auch als Download erh\u00e4ltlich. Hier klicken<\/b><\/u><\/i><\/a><\/p>\n<\/div>\n","protected":false},"featured_media":5025,"comment_status":"open","ping_status":"closed","template":"","meta":{"postBodyCss":"","postBodyMargin":[],"postBodyPadding":[],"postBodyBackground":{"backgroundType":"classic","gradient":""}},"product_brand":[],"product_cat":[388,777,778],"product_tag":[372,373,403,469,375,477,482,483,484,486,581,377,378,379,382],"class_list":{"0":"post-3999","1":"product","2":"type-product","3":"status-publish","4":"has-post-thumbnail","6":"product_cat-filme","7":"product_cat-john-david-dvds","8":"product_cat-open-sky-press-filme","9":"product_tag-advaita-de","10":"product_tag-arunachala-de","11":"product_tag-deva-premal-de","12":"product_tag-francis-lucille-de","13":"product_tag-john-david-de","14":"product_tag-karl-renz-de","15":"product_tag-michael-barnett-de","16":"product_tag-miten-de","17":"product_tag-mooji-de","18":"product_tag-nan-yar-de","19":"product_tag-open-sky-press-de","20":"product_tag-premananda-de","21":"product_tag-ramana-maharshi-de","22":"product_tag-satsang-de","23":"product_tag-who-am-i-de","25":"first","26":"instock","27":"taxable","28":"shipping-taxable","29":"purchasable","30":"product-type-simple"},"yoast_head":"<!-- This site is optimized with the Yoast SEO plugin v26.6 - https:\/\/yoast.com\/wordpress\/plugins\/seo\/ -->\n<title>DVD Europ\u00e4ische spirituelle Meister - Spiritual Books &amp; Films Online Shop #1 | Open Sky Press DE<\/title>\n<meta name=\"robots\" content=\"index, follow, max-snippet:-1, max-image-preview:large, max-video-preview:-1\" \/>\n<link rel=\"canonical\" href=\"https:\/\/openskypress.com\/de\/product\/film-europaische-meister-facetten-des-erwachens\/\" \/>\n<meta property=\"og:locale\" content=\"de_DE\" \/>\n<meta property=\"og:type\" content=\"article\" \/>\n<meta property=\"og:title\" content=\"DVD Europ\u00e4ische spirituelle Meister - Spiritual Books &amp; Films Online Shop #1 | Open Sky Press DE\" \/>\n<meta property=\"og:description\" content=\"14 europ\u00e4ische Meister kombinieren ihr Wissen \u00fcber die indischen traditionellen Lehren, im besonderen die Lehre von Sri Ramana Maharshi mit ihren Einblicken in westlicher Psychologie und bieten eine einzigartige \u00dcbertragung, perfekt f\u00fcr den westlichen Sucher. Der Film pr\u00e4sentiert die Lehrer durch ihre Interviews und ber\u00fchrendes zus\u00e4tzliches Filmmaterial. Mooji, Deva Premal &amp; Miten, John David, Rupert Spira, Karl Renz, Francis Lucille, Michael Barnett, Om C. Parkin, Padma &amp; Torsten, Dolano, Tony Parsons   Englisch mit Untertiteln  DVD mit Untertiteln: Deutsch, Franz\u00f6sisch, Italienisch, Niederl\u00e4ndisch, D\u00e4nisch, Portugiesisch, Spanisch, Russisch, Persisch.    Auch als Download erh\u00e4ltlich. Hier klicken\" \/>\n<meta property=\"og:url\" content=\"https:\/\/openskypress.com\/de\/product\/film-europaische-meister-facetten-des-erwachens\/\" \/>\n<meta property=\"og:site_name\" content=\"Spiritual Books &amp; Films Online Shop #1 | Open Sky Press DE\" \/>\n<meta property=\"article:modified_time\" content=\"2026-01-22T09:10:22+00:00\" \/>\n<meta property=\"og:image\" content=\"https:\/\/openskypress.com\/wp-content\/uploads\/2019\/05\/film-europaeische-spirituelle-meister.png\" \/>\n\t<meta property=\"og:image:width\" content=\"490\" \/>\n\t<meta property=\"og:image:height\" content=\"740\" \/>\n\t<meta property=\"og:image:type\" content=\"image\/png\" \/>\n<meta name=\"twitter:card\" content=\"summary_large_image\" \/>\n<script type=\"application\/ld+json\" class=\"yoast-schema-graph\">{\"@context\":\"https:\/\/schema.org\",\"@graph\":[{\"@type\":\"WebPage\",\"@id\":\"https:\/\/openskypress.com\/de\/product\/film-europaische-meister-facetten-des-erwachens\/\",\"url\":\"https:\/\/openskypress.com\/de\/product\/film-europaische-meister-facetten-des-erwachens\/\",\"name\":\"DVD Europ\u00e4ische spirituelle Meister - Spiritual Books &amp; Films Online Shop #1 | Open Sky Press DE\",\"isPartOf\":{\"@id\":\"https:\/\/openskypress.com\/#website\"},\"primaryImageOfPage\":{\"@id\":\"https:\/\/openskypress.com\/de\/product\/film-europaische-meister-facetten-des-erwachens\/#primaryimage\"},\"image\":{\"@id\":\"https:\/\/openskypress.com\/de\/product\/film-europaische-meister-facetten-des-erwachens\/#primaryimage\"},\"thumbnailUrl\":\"https:\/\/openskypress.com\/wp-content\/uploads\/2019\/05\/film-europaeische-spirituelle-meister.png\",\"datePublished\":\"2019-04-04T14:14:42+00:00\",\"dateModified\":\"2026-01-22T09:10:22+00:00\",\"breadcrumb\":{\"@id\":\"https:\/\/openskypress.com\/de\/product\/film-europaische-meister-facetten-des-erwachens\/#breadcrumb\"},\"inLanguage\":\"de\",\"potentialAction\":[{\"@type\":\"ReadAction\",\"target\":[\"https:\/\/openskypress.com\/de\/product\/film-europaische-meister-facetten-des-erwachens\/\"]}]},{\"@type\":\"ImageObject\",\"inLanguage\":\"de\",\"@id\":\"https:\/\/openskypress.com\/de\/product\/film-europaische-meister-facetten-des-erwachens\/#primaryimage\",\"url\":\"https:\/\/openskypress.com\/wp-content\/uploads\/2019\/05\/film-europaeische-spirituelle-meister.png\",\"contentUrl\":\"https:\/\/openskypress.com\/wp-content\/uploads\/2019\/05\/film-europaeische-spirituelle-meister.png\",\"width\":490,\"height\":740,\"caption\":\"europ\u00e4ische meister, europ\u00e4ische spirituelle meister\"},{\"@type\":\"BreadcrumbList\",\"@id\":\"https:\/\/openskypress.com\/de\/product\/film-europaische-meister-facetten-des-erwachens\/#breadcrumb\",\"itemListElement\":[{\"@type\":\"ListItem\",\"position\":1,\"name\":\"Home\",\"item\":\"https:\/\/openskypress.com\/es\/\"},{\"@type\":\"ListItem\",\"position\":2,\"name\":\"Shop\",\"item\":\"https:\/\/openskypress.com\/de\/shop\/\"},{\"@type\":\"ListItem\",\"position\":3,\"name\":\"DVD Europ\u00e4ische spirituelle Meister\"}]},{\"@type\":\"WebSite\",\"@id\":\"https:\/\/openskypress.com\/#website\",\"url\":\"https:\/\/openskypress.com\/\",\"name\":\"Spiritual Books & Films Online Shop #1 | Open Sky Press\",\"description\":\"Best store of Books &amp; DVDs about Satsang, Indian &amp; Western philosophy &amp; yoga. Spiritual teachers talks about awakening, enlightenment and mindfulness\",\"publisher\":{\"@id\":\"https:\/\/openskypress.com\/#organization\"},\"potentialAction\":[{\"@type\":\"SearchAction\",\"target\":{\"@type\":\"EntryPoint\",\"urlTemplate\":\"https:\/\/openskypress.com\/?s={search_term_string}\"},\"query-input\":{\"@type\":\"PropertyValueSpecification\",\"valueRequired\":true,\"valueName\":\"search_term_string\"}}],\"inLanguage\":\"de\"},{\"@type\":\"Organization\",\"@id\":\"https:\/\/openskypress.com\/#organization\",\"name\":\"Spiritual Books & Films Online Shop #1 | Open Sky Press\",\"url\":\"https:\/\/openskypress.com\/\",\"logo\":{\"@type\":\"ImageObject\",\"inLanguage\":\"de\",\"@id\":\"https:\/\/openskypress.com\/#\/schema\/logo\/image\/\",\"url\":\"https:\/\/openskypress.com\/wp-content\/uploads\/2020\/02\/logo-osp-1.png\",\"contentUrl\":\"https:\/\/openskypress.com\/wp-content\/uploads\/2020\/02\/logo-osp-1.png\",\"width\":222,\"height\":219,\"caption\":\"Spiritual Books & Films Online Shop #1 | Open Sky Press\"},\"image\":{\"@id\":\"https:\/\/openskypress.com\/#\/schema\/logo\/image\/\"}}]}<\/script>\n<!-- \/ Yoast SEO plugin. -->","yoast_head_json":{"title":"DVD Europ\u00e4ische spirituelle Meister - Spiritual Books &amp; Films Online Shop #1 | Open Sky Press DE","robots":{"index":"index","follow":"follow","max-snippet":"max-snippet:-1","max-image-preview":"max-image-preview:large","max-video-preview":"max-video-preview:-1"},"canonical":"https:\/\/openskypress.com\/de\/product\/film-europaische-meister-facetten-des-erwachens\/","og_locale":"de_DE","og_type":"article","og_title":"DVD Europ\u00e4ische spirituelle Meister - Spiritual Books &amp; Films Online Shop #1 | Open Sky Press DE","og_description":"14 europ\u00e4ische Meister kombinieren ihr Wissen \u00fcber die indischen traditionellen Lehren, im besonderen die Lehre von Sri Ramana Maharshi mit ihren Einblicken in westlicher Psychologie und bieten eine einzigartige \u00dcbertragung, perfekt f\u00fcr den westlichen Sucher. Der Film pr\u00e4sentiert die Lehrer durch ihre Interviews und ber\u00fchrendes zus\u00e4tzliches Filmmaterial. Mooji, Deva Premal & Miten, John David, Rupert Spira, Karl Renz, Francis Lucille, Michael Barnett, Om C. Parkin, Padma & Torsten, Dolano, Tony Parsons   Englisch mit Untertiteln  DVD mit Untertiteln: Deutsch, Franz\u00f6sisch, Italienisch, Niederl\u00e4ndisch, D\u00e4nisch, Portugiesisch, Spanisch, Russisch, Persisch.    Auch als Download erh\u00e4ltlich. Hier klicken","og_url":"https:\/\/openskypress.com\/de\/product\/film-europaische-meister-facetten-des-erwachens\/","og_site_name":"Spiritual Books &amp; Films Online Shop #1 | Open Sky Press DE","article_modified_time":"2026-01-22T09:10:22+00:00","og_image":[{"width":490,"height":740,"url":"https:\/\/openskypress.com\/wp-content\/uploads\/2019\/05\/film-europaeische-spirituelle-meister.png","type":"image\/png"}],"twitter_card":"summary_large_image","schema":{"@context":"https:\/\/schema.org","@graph":[{"@type":"WebPage","@id":"https:\/\/openskypress.com\/de\/product\/film-europaische-meister-facetten-des-erwachens\/","url":"https:\/\/openskypress.com\/de\/product\/film-europaische-meister-facetten-des-erwachens\/","name":"DVD Europ\u00e4ische spirituelle Meister - Spiritual Books &amp; Films Online Shop #1 | Open Sky Press DE","isPartOf":{"@id":"https:\/\/openskypress.com\/#website"},"primaryImageOfPage":{"@id":"https:\/\/openskypress.com\/de\/product\/film-europaische-meister-facetten-des-erwachens\/#primaryimage"},"image":{"@id":"https:\/\/openskypress.com\/de\/product\/film-europaische-meister-facetten-des-erwachens\/#primaryimage"},"thumbnailUrl":"https:\/\/openskypress.com\/wp-content\/uploads\/2019\/05\/film-europaeische-spirituelle-meister.png","datePublished":"2019-04-04T14:14:42+00:00","dateModified":"2026-01-22T09:10:22+00:00","breadcrumb":{"@id":"https:\/\/openskypress.com\/de\/product\/film-europaische-meister-facetten-des-erwachens\/#breadcrumb"},"inLanguage":"de","potentialAction":[{"@type":"ReadAction","target":["https:\/\/openskypress.com\/de\/product\/film-europaische-meister-facetten-des-erwachens\/"]}]},{"@type":"ImageObject","inLanguage":"de","@id":"https:\/\/openskypress.com\/de\/product\/film-europaische-meister-facetten-des-erwachens\/#primaryimage","url":"https:\/\/openskypress.com\/wp-content\/uploads\/2019\/05\/film-europaeische-spirituelle-meister.png","contentUrl":"https:\/\/openskypress.com\/wp-content\/uploads\/2019\/05\/film-europaeische-spirituelle-meister.png","width":490,"height":740,"caption":"europ\u00e4ische meister, europ\u00e4ische spirituelle meister"},{"@type":"BreadcrumbList","@id":"https:\/\/openskypress.com\/de\/product\/film-europaische-meister-facetten-des-erwachens\/#breadcrumb","itemListElement":[{"@type":"ListItem","position":1,"name":"Home","item":"https:\/\/openskypress.com\/es\/"},{"@type":"ListItem","position":2,"name":"Shop","item":"https:\/\/openskypress.com\/de\/shop\/"},{"@type":"ListItem","position":3,"name":"DVD Europ\u00e4ische spirituelle Meister"}]},{"@type":"WebSite","@id":"https:\/\/openskypress.com\/#website","url":"https:\/\/openskypress.com\/","name":"Spiritual Books & Films Online Shop #1 | Open Sky Press","description":"Best store of Books &amp; DVDs about Satsang, Indian &amp; Western philosophy &amp; yoga. Spiritual teachers talks about awakening, enlightenment and mindfulness","publisher":{"@id":"https:\/\/openskypress.com\/#organization"},"potentialAction":[{"@type":"SearchAction","target":{"@type":"EntryPoint","urlTemplate":"https:\/\/openskypress.com\/?s={search_term_string}"},"query-input":{"@type":"PropertyValueSpecification","valueRequired":true,"valueName":"search_term_string"}}],"inLanguage":"de"},{"@type":"Organization","@id":"https:\/\/openskypress.com\/#organization","name":"Spiritual Books & Films Online Shop #1 | Open Sky Press","url":"https:\/\/openskypress.com\/","logo":{"@type":"ImageObject","inLanguage":"de","@id":"https:\/\/openskypress.com\/#\/schema\/logo\/image\/","url":"https:\/\/openskypress.com\/wp-content\/uploads\/2020\/02\/logo-osp-1.png","contentUrl":"https:\/\/openskypress.com\/wp-content\/uploads\/2020\/02\/logo-osp-1.png","width":222,"height":219,"caption":"Spiritual Books & Films Online Shop #1 | Open Sky Press"},"image":{"@id":"https:\/\/openskypress.com\/#\/schema\/logo\/image\/"}}]}},"_links":{"self":[{"href":"https:\/\/openskypress.com\/de\/wp-json\/wp\/v2\/product\/3999","targetHints":{"allow":["GET"]}}],"collection":[{"href":"https:\/\/openskypress.com\/de\/wp-json\/wp\/v2\/product"}],"about":[{"href":"https:\/\/openskypress.com\/de\/wp-json\/wp\/v2\/types\/product"}],"replies":[{"embeddable":true,"href":"https:\/\/openskypress.com\/de\/wp-json\/wp\/v2\/comments?post=3999"}],"wp:featuredmedia":[{"embeddable":true,"href":"https:\/\/openskypress.com\/de\/wp-json\/wp\/v2\/media\/5025"}],"wp:attachment":[{"href":"https:\/\/openskypress.com\/de\/wp-json\/wp\/v2\/media?parent=3999"}],"wp:term":[{"taxonomy":"product_brand","embeddable":true,"href":"https:\/\/openskypress.com\/de\/wp-json\/wp\/v2\/product_brand?post=3999"},{"taxonomy":"product_cat","embeddable":true,"href":"https:\/\/openskypress.com\/de\/wp-json\/wp\/v2\/product_cat?post=3999"},{"taxonomy":"product_tag","embeddable":true,"href":"https:\/\/openskypress.com\/de\/wp-json\/wp\/v2\/product_tag?post=3999"}],"curies":[{"name":"wp","href":"https:\/\/api.w.org\/{rel}","templated":true}]}}