{"id":3997,"date":"2019-03-25T14:02:03","date_gmt":"2019-03-25T14:02:03","guid":{"rendered":"https:\/\/openskycharity.international\/product\/dvd-blueprints-for-awakening\/"},"modified":"2025-12-16T12:30:30","modified_gmt":"2025-12-16T12:30:30","slug":"dvd-facetten-des-erwachens","status":"publish","type":"product","link":"https:\/\/openskypress.com\/de\/product\/dvd-facetten-des-erwachens\/","title":{"rendered":"DVD Facetten des Erwachens"},"content":{"rendered":"<p><iframe src=\"https:\/\/player.vimeo.com\/video\/416005134\" width=\"820\" height=\"615\" frameborder=\"0\" allowfullscreen=\"allowfullscreen\"><\/iframe><\/p>\n\n    <div class=\"xs_social_share_widget xs_share_url after_content \t\tmain_content  wslu-style-1 wslu-share-box-shaped wslu-fill-colored wslu-none wslu-share-horizontal wslu-theme-font-no wslu-main_content\">\n\n\t\t\n        <ul>\n\t\t\t        <\/ul>\n    <\/div> \n","protected":false},"excerpt":{"rendered":"<div align=\"justify\">\nDieser einzigartige Film ist f\u00fcr alle, die ein inneres Feuer in sich tragen, die sich die Frage &#8222;Wer bin ich?&#8220; stellen und die Bhagavan Sri Ramana Maharshis Lehre folgen wollen: &#8222;Sei wie du bist!&#8220; Er pr\u00e4sentiert moderne Dialoge mit 16 indischen Meistern \u00fcber alte Weisheitslehren. Der englische spirituelle Lehrer John David entwickelte aus den Lehren Sri Ramana Maharshis zw\u00f6lf Fragen, die er 16 indischen Meistern stellt. Die Fragen beziehen sich auf die Themen, die jedem begegnen, der sich auf der spirituellen Reise befindet.<\/p>\n<p>Englisch mit Untertiteln<\/p>\n<p>DVD mit Untertiteln: Englisch, Deutsch, Franz\u00f6sisch, Italienisch, Holl\u00e4ndisch, D\u00e4nisch, Spanisch, Ungarisch, Russisch\n<\/p><\/div>\n<div align=\"justify\">\n<div align=\"justify\">\n<\/div>\n<div align=\"justify\"><a href=\"https:\/\/openskycharity.international\/de\/produkt\/film-facetten-des-erwachens-das-wissen-der-meister-download\/\"><i><u><b>Auch als Download erh\u00e4ltlich. Hier klicken<\/b><\/u><\/i><\/a><\/div>\n<\/div>\n","protected":false},"featured_media":5029,"comment_status":"open","ping_status":"closed","template":"","meta":{"postBodyCss":"","postBodyMargin":[],"postBodyPadding":[],"postBodyBackground":{"backgroundType":"classic","gradient":""}},"product_brand":[],"product_cat":[388,777,778],"product_tag":[372,394,438,451,440,473,474,375,449,581,376,377,378,379,380,460,463,494,465],"class_list":{"0":"post-3997","1":"product","2":"type-product","3":"status-publish","4":"has-post-thumbnail","6":"product_cat-filme","7":"product_cat-john-david-dvds","8":"product_cat-open-sky-press-filme","9":"product_tag-advaita-de","10":"product_tag-erwachen-de","11":"product_tag-freiheit","12":"product_tag-frieden","13":"product_tag-gluck","14":"product_tag-indien","15":"product_tag-indische-meister","16":"product_tag-john-david-de","17":"product_tag-nondualitat","18":"product_tag-open-sky-press-de","19":"product_tag-philosophie-de","20":"product_tag-premananda-de","21":"product_tag-ramana-maharshi-de","22":"product_tag-satsang-de","23":"product_tag-spirituality-de","24":"product_tag-stille","25":"product_tag-vertrauen","26":"product_tag-wahrheit","27":"product_tag-weisheit","29":"first","30":"instock","31":"taxable","32":"shipping-taxable","33":"purchasable","34":"product-type-simple"},"yoast_head":"<!-- This site is optimized with the Yoast SEO plugin v26.6 - https:\/\/yoast.com\/wordpress\/plugins\/seo\/ -->\n<title>DVD Facetten des Erwachens - Spiritual Books &amp; Films Online Shop #1 | Open Sky Press DE<\/title>\n<meta name=\"robots\" content=\"index, follow, max-snippet:-1, max-image-preview:large, max-video-preview:-1\" \/>\n<link rel=\"canonical\" href=\"https:\/\/openskypress.com\/de\/product\/dvd-facetten-des-erwachens\/\" \/>\n<meta property=\"og:locale\" content=\"de_DE\" \/>\n<meta property=\"og:type\" content=\"article\" \/>\n<meta property=\"og:title\" content=\"DVD Facetten des Erwachens - Spiritual Books &amp; Films Online Shop #1 | Open Sky Press DE\" \/>\n<meta property=\"og:description\" content=\"Dieser einzigartige Film ist f\u00fcr alle, die ein inneres Feuer in sich tragen, die sich die Frage &quot;Wer bin ich?&quot; stellen und die Bhagavan Sri Ramana Maharshis Lehre folgen wollen: &quot;Sei wie du bist!&quot; Er pr\u00e4sentiert moderne Dialoge mit 16 indischen Meistern \u00fcber alte Weisheitslehren. Der englische spirituelle Lehrer John David entwickelte aus den Lehren Sri Ramana Maharshis zw\u00f6lf Fragen, die er 16 indischen Meistern stellt. Die Fragen beziehen sich auf die Themen, die jedem begegnen, der sich auf der spirituellen Reise befindet.  Englisch mit Untertiteln  DVD mit Untertiteln: Englisch, Deutsch, Franz\u00f6sisch, Italienisch, Holl\u00e4ndisch, D\u00e4nisch, Spanisch, Ungarisch, Russisch        Auch als Download erh\u00e4ltlich. Hier klicken\" \/>\n<meta property=\"og:url\" content=\"https:\/\/openskypress.com\/de\/product\/dvd-facetten-des-erwachens\/\" \/>\n<meta property=\"og:site_name\" content=\"Spiritual Books &amp; Films Online Shop #1 | Open Sky Press DE\" \/>\n<meta property=\"article:modified_time\" content=\"2025-12-16T12:30:30+00:00\" \/>\n<meta property=\"og:image\" content=\"https:\/\/openskypress.com\/wp-content\/uploads\/2019\/05\/film-facetten-des-erwachens.png\" \/>\n\t<meta property=\"og:image:width\" content=\"490\" \/>\n\t<meta property=\"og:image:height\" content=\"740\" \/>\n\t<meta property=\"og:image:type\" content=\"image\/png\" \/>\n<meta name=\"twitter:card\" content=\"summary_large_image\" \/>\n<script type=\"application\/ld+json\" class=\"yoast-schema-graph\">{\"@context\":\"https:\/\/schema.org\",\"@graph\":[{\"@type\":\"WebPage\",\"@id\":\"https:\/\/openskypress.com\/de\/product\/dvd-facetten-des-erwachens\/\",\"url\":\"https:\/\/openskypress.com\/de\/product\/dvd-facetten-des-erwachens\/\",\"name\":\"DVD Facetten des Erwachens - Spiritual Books &amp; Films Online Shop #1 | Open Sky Press DE\",\"isPartOf\":{\"@id\":\"https:\/\/openskypress.com\/#website\"},\"primaryImageOfPage\":{\"@id\":\"https:\/\/openskypress.com\/de\/product\/dvd-facetten-des-erwachens\/#primaryimage\"},\"image\":{\"@id\":\"https:\/\/openskypress.com\/de\/product\/dvd-facetten-des-erwachens\/#primaryimage\"},\"thumbnailUrl\":\"https:\/\/openskypress.com\/wp-content\/uploads\/2019\/05\/film-facetten-des-erwachens.png\",\"datePublished\":\"2019-03-25T14:02:03+00:00\",\"dateModified\":\"2025-12-16T12:30:30+00:00\",\"breadcrumb\":{\"@id\":\"https:\/\/openskypress.com\/de\/product\/dvd-facetten-des-erwachens\/#breadcrumb\"},\"inLanguage\":\"de\",\"potentialAction\":[{\"@type\":\"ReadAction\",\"target\":[\"https:\/\/openskypress.com\/de\/product\/dvd-facetten-des-erwachens\/\"]}]},{\"@type\":\"ImageObject\",\"inLanguage\":\"de\",\"@id\":\"https:\/\/openskypress.com\/de\/product\/dvd-facetten-des-erwachens\/#primaryimage\",\"url\":\"https:\/\/openskypress.com\/wp-content\/uploads\/2019\/05\/film-facetten-des-erwachens.png\",\"contentUrl\":\"https:\/\/openskypress.com\/wp-content\/uploads\/2019\/05\/film-facetten-des-erwachens.png\",\"width\":490,\"height\":740,\"caption\":\"facetten des erwachens, indische meister, john david\"},{\"@type\":\"BreadcrumbList\",\"@id\":\"https:\/\/openskypress.com\/de\/product\/dvd-facetten-des-erwachens\/#breadcrumb\",\"itemListElement\":[{\"@type\":\"ListItem\",\"position\":1,\"name\":\"Home\",\"item\":\"https:\/\/openskypress.com\/es\/\"},{\"@type\":\"ListItem\",\"position\":2,\"name\":\"Shop\",\"item\":\"https:\/\/openskypress.com\/de\/shop\/\"},{\"@type\":\"ListItem\",\"position\":3,\"name\":\"DVD Facetten des Erwachens\"}]},{\"@type\":\"WebSite\",\"@id\":\"https:\/\/openskypress.com\/#website\",\"url\":\"https:\/\/openskypress.com\/\",\"name\":\"Spiritual Books & Films Online Shop #1 | Open Sky Press\",\"description\":\"Best store of Books &amp; DVDs about Satsang, Indian &amp; Western philosophy &amp; yoga. Spiritual teachers talks about awakening, enlightenment and mindfulness\",\"publisher\":{\"@id\":\"https:\/\/openskypress.com\/#organization\"},\"potentialAction\":[{\"@type\":\"SearchAction\",\"target\":{\"@type\":\"EntryPoint\",\"urlTemplate\":\"https:\/\/openskypress.com\/?s={search_term_string}\"},\"query-input\":{\"@type\":\"PropertyValueSpecification\",\"valueRequired\":true,\"valueName\":\"search_term_string\"}}],\"inLanguage\":\"de\"},{\"@type\":\"Organization\",\"@id\":\"https:\/\/openskypress.com\/#organization\",\"name\":\"Spiritual Books & Films Online Shop #1 | Open Sky Press\",\"url\":\"https:\/\/openskypress.com\/\",\"logo\":{\"@type\":\"ImageObject\",\"inLanguage\":\"de\",\"@id\":\"https:\/\/openskypress.com\/#\/schema\/logo\/image\/\",\"url\":\"https:\/\/openskypress.com\/wp-content\/uploads\/2020\/02\/logo-osp-1.png\",\"contentUrl\":\"https:\/\/openskypress.com\/wp-content\/uploads\/2020\/02\/logo-osp-1.png\",\"width\":222,\"height\":219,\"caption\":\"Spiritual Books & Films Online Shop #1 | Open Sky Press\"},\"image\":{\"@id\":\"https:\/\/openskypress.com\/#\/schema\/logo\/image\/\"}}]}<\/script>\n<!-- \/ Yoast SEO plugin. -->","yoast_head_json":{"title":"DVD Facetten des Erwachens - Spiritual Books &amp; Films Online Shop #1 | Open Sky Press DE","robots":{"index":"index","follow":"follow","max-snippet":"max-snippet:-1","max-image-preview":"max-image-preview:large","max-video-preview":"max-video-preview:-1"},"canonical":"https:\/\/openskypress.com\/de\/product\/dvd-facetten-des-erwachens\/","og_locale":"de_DE","og_type":"article","og_title":"DVD Facetten des Erwachens - Spiritual Books &amp; Films Online Shop #1 | Open Sky Press DE","og_description":"Dieser einzigartige Film ist f\u00fcr alle, die ein inneres Feuer in sich tragen, die sich die Frage \"Wer bin ich?\" stellen und die Bhagavan Sri Ramana Maharshis Lehre folgen wollen: \"Sei wie du bist!\" Er pr\u00e4sentiert moderne Dialoge mit 16 indischen Meistern \u00fcber alte Weisheitslehren. Der englische spirituelle Lehrer John David entwickelte aus den Lehren Sri Ramana Maharshis zw\u00f6lf Fragen, die er 16 indischen Meistern stellt. Die Fragen beziehen sich auf die Themen, die jedem begegnen, der sich auf der spirituellen Reise befindet.  Englisch mit Untertiteln  DVD mit Untertiteln: Englisch, Deutsch, Franz\u00f6sisch, Italienisch, Holl\u00e4ndisch, D\u00e4nisch, Spanisch, Ungarisch, Russisch        Auch als Download erh\u00e4ltlich. Hier klicken","og_url":"https:\/\/openskypress.com\/de\/product\/dvd-facetten-des-erwachens\/","og_site_name":"Spiritual Books &amp; Films Online Shop #1 | Open Sky Press DE","article_modified_time":"2025-12-16T12:30:30+00:00","og_image":[{"width":490,"height":740,"url":"https:\/\/openskypress.com\/wp-content\/uploads\/2019\/05\/film-facetten-des-erwachens.png","type":"image\/png"}],"twitter_card":"summary_large_image","schema":{"@context":"https:\/\/schema.org","@graph":[{"@type":"WebPage","@id":"https:\/\/openskypress.com\/de\/product\/dvd-facetten-des-erwachens\/","url":"https:\/\/openskypress.com\/de\/product\/dvd-facetten-des-erwachens\/","name":"DVD Facetten des Erwachens - Spiritual Books &amp; Films Online Shop #1 | Open Sky Press DE","isPartOf":{"@id":"https:\/\/openskypress.com\/#website"},"primaryImageOfPage":{"@id":"https:\/\/openskypress.com\/de\/product\/dvd-facetten-des-erwachens\/#primaryimage"},"image":{"@id":"https:\/\/openskypress.com\/de\/product\/dvd-facetten-des-erwachens\/#primaryimage"},"thumbnailUrl":"https:\/\/openskypress.com\/wp-content\/uploads\/2019\/05\/film-facetten-des-erwachens.png","datePublished":"2019-03-25T14:02:03+00:00","dateModified":"2025-12-16T12:30:30+00:00","breadcrumb":{"@id":"https:\/\/openskypress.com\/de\/product\/dvd-facetten-des-erwachens\/#breadcrumb"},"inLanguage":"de","potentialAction":[{"@type":"ReadAction","target":["https:\/\/openskypress.com\/de\/product\/dvd-facetten-des-erwachens\/"]}]},{"@type":"ImageObject","inLanguage":"de","@id":"https:\/\/openskypress.com\/de\/product\/dvd-facetten-des-erwachens\/#primaryimage","url":"https:\/\/openskypress.com\/wp-content\/uploads\/2019\/05\/film-facetten-des-erwachens.png","contentUrl":"https:\/\/openskypress.com\/wp-content\/uploads\/2019\/05\/film-facetten-des-erwachens.png","width":490,"height":740,"caption":"facetten des erwachens, indische meister, john david"},{"@type":"BreadcrumbList","@id":"https:\/\/openskypress.com\/de\/product\/dvd-facetten-des-erwachens\/#breadcrumb","itemListElement":[{"@type":"ListItem","position":1,"name":"Home","item":"https:\/\/openskypress.com\/es\/"},{"@type":"ListItem","position":2,"name":"Shop","item":"https:\/\/openskypress.com\/de\/shop\/"},{"@type":"ListItem","position":3,"name":"DVD Facetten des Erwachens"}]},{"@type":"WebSite","@id":"https:\/\/openskypress.com\/#website","url":"https:\/\/openskypress.com\/","name":"Spiritual Books & Films Online Shop #1 | Open Sky Press","description":"Best store of Books &amp; DVDs about Satsang, Indian &amp; Western philosophy &amp; yoga. Spiritual teachers talks about awakening, enlightenment and mindfulness","publisher":{"@id":"https:\/\/openskypress.com\/#organization"},"potentialAction":[{"@type":"SearchAction","target":{"@type":"EntryPoint","urlTemplate":"https:\/\/openskypress.com\/?s={search_term_string}"},"query-input":{"@type":"PropertyValueSpecification","valueRequired":true,"valueName":"search_term_string"}}],"inLanguage":"de"},{"@type":"Organization","@id":"https:\/\/openskypress.com\/#organization","name":"Spiritual Books & Films Online Shop #1 | Open Sky Press","url":"https:\/\/openskypress.com\/","logo":{"@type":"ImageObject","inLanguage":"de","@id":"https:\/\/openskypress.com\/#\/schema\/logo\/image\/","url":"https:\/\/openskypress.com\/wp-content\/uploads\/2020\/02\/logo-osp-1.png","contentUrl":"https:\/\/openskypress.com\/wp-content\/uploads\/2020\/02\/logo-osp-1.png","width":222,"height":219,"caption":"Spiritual Books & Films Online Shop #1 | Open Sky Press"},"image":{"@id":"https:\/\/openskypress.com\/#\/schema\/logo\/image\/"}}]}},"_links":{"self":[{"href":"https:\/\/openskypress.com\/de\/wp-json\/wp\/v2\/product\/3997","targetHints":{"allow":["GET"]}}],"collection":[{"href":"https:\/\/openskypress.com\/de\/wp-json\/wp\/v2\/product"}],"about":[{"href":"https:\/\/openskypress.com\/de\/wp-json\/wp\/v2\/types\/product"}],"replies":[{"embeddable":true,"href":"https:\/\/openskypress.com\/de\/wp-json\/wp\/v2\/comments?post=3997"}],"wp:featuredmedia":[{"embeddable":true,"href":"https:\/\/openskypress.com\/de\/wp-json\/wp\/v2\/media\/5029"}],"wp:attachment":[{"href":"https:\/\/openskypress.com\/de\/wp-json\/wp\/v2\/media?parent=3997"}],"wp:term":[{"taxonomy":"product_brand","embeddable":true,"href":"https:\/\/openskypress.com\/de\/wp-json\/wp\/v2\/product_brand?post=3997"},{"taxonomy":"product_cat","embeddable":true,"href":"https:\/\/openskypress.com\/de\/wp-json\/wp\/v2\/product_cat?post=3997"},{"taxonomy":"product_tag","embeddable":true,"href":"https:\/\/openskypress.com\/de\/wp-json\/wp\/v2\/product_tag?post=3997"}],"curies":[{"name":"wp","href":"https:\/\/api.w.org\/{rel}","templated":true}]}}