{"id":3993,"date":"2019-04-30T15:07:31","date_gmt":"2019-04-30T15:07:31","guid":{"rendered":"https:\/\/openskycharity.international\/?post_type=product&#038;p=3993"},"modified":"2026-01-22T09:05:36","modified_gmt":"2026-01-22T09:05:36","slug":"ebook-also-sprach-papaji","status":"publish","type":"product","link":"https:\/\/openskypress.com\/de\/product\/ebook-also-sprach-papaji\/","title":{"rendered":"eBook Also sprach Papaji"},"content":{"rendered":"<p align=\"justify\"><a href=\"https:\/\/openskycharity.international\/de\/product\/ebook-also-sprach-papaji\/\"><i><u><b>Auch als Buch erh\u00e4ltlich. Hier klicken<\/b><\/u><\/i><\/a><\/p>\n<p align=\"justify\">von H.W.L. Poonja<\/p>\n<p align=\"justify\">Prosa und Poesie der tanzenden Leere ist eine Sammlung von Gedichten, die Sri H. W. L. Poonja, liebevoll Papaji genannt, in seinen Satsangs gesprochen hat. Diese Worte entspringen seiner makellosen Erfahrung der h\u00f6chsten und dennoch einfachsten Wahrheit: Wir sind reines Bewusstsein, die Totalit\u00e4t der Existenz.<\/p>\n<p><i>Das Selbst ist das, was dem Leben Atem gibt.<br \/>\nDu brauchst Es nicht zu suchen, Es ist Hier.<br \/>\nDu bist Das, wodurch du suchen w\u00fcrdest.<br \/>\nDu bist Das, wonach du suchst!<br \/>\nUnd Das ist Alles, was ist.<br \/>\n<\/i><br \/>\nPapaji<\/p>\n<p>Papaji wurde 1910 im Punjab geboren. Seine Kindheit war von religi\u00f6ser Hingabe gepr\u00e4gt. Papajis Sehnsucht erf\u00fcllte sich 1944, als er zu seinem Meister Bhagavan Sri Ramana Maharshi kam. Er verwirklichte das Selbst in Sri Ramanas Pr\u00e4senz, am Fu\u00dfe des heiligen Berges Arunachala.<\/p>\n<p>Papaji lie\u00df sich 1990 in Lucknow, Nordindien, nieder, weil gesundheitliche Probleme ihn am Reisen hinderten. In dieser hei\u00dfen, staubigen Stadt hatten Hunderte von Suchern aus dem Westen das gro\u00dfe Gl\u00fcck, mit ihm zu sitzen, bis er 1997 seinen K\u00f6rper verlie\u00df.<\/p>\n\n    <div class=\"xs_social_share_widget xs_share_url after_content \t\tmain_content  wslu-style-1 wslu-share-box-shaped wslu-fill-colored wslu-none wslu-share-horizontal wslu-theme-font-no wslu-main_content\">\n\n\t\t\n        <ul>\n\t\t\t        <\/ul>\n    <\/div> \n","protected":false},"excerpt":{"rendered":"<p><a href=\"https:\/\/openskycharity.international\/de\/product\/also-sprach-papaji\/\"><i><u><b>Auch als Buch erh\u00e4ltlich. Hier klicken<\/b><\/u><\/i><\/a><\/p>\n<p>&nbsp;<\/p>\n<p>Prosa und Poesie der tanzenden Leere ist eine Sammlung von Gedichten, die Sri H. W. L. Poonja, liebevoll Papaji genannt, in seinen Satsangs gesprochen hat.<\/p>\n","protected":false},"featured_media":4164,"comment_status":"open","ping_status":"closed","template":"","meta":{"postBodyCss":"","postBodyMargin":[],"postBodyPadding":[],"postBodyBackground":{"backgroundType":"classic","gradient":""}},"product_brand":[],"product_cat":[369,390],"product_tag":[443,407,438,474,506,485,465],"class_list":{"0":"post-3993","1":"product","2":"type-product","3":"status-publish","4":"has-post-thumbnail","6":"product_cat-bucher","7":"product_cat-ebooks-de","8":"product_tag-befreiung","9":"product_tag-erleuchtung","10":"product_tag-freiheit","11":"product_tag-indische-meister","12":"product_tag-klarheit","13":"product_tag-meister","14":"product_tag-weisheit","16":"first","17":"instock","18":"taxable","19":"shipping-taxable","20":"purchasable","21":"product-type-variable"},"yoast_head":"<!-- This site is optimized with the Yoast SEO plugin v26.6 - https:\/\/yoast.com\/wordpress\/plugins\/seo\/ -->\n<title>eBook Also sprach Papaji - Spiritual Books &amp; Films Online Shop #1 | Open Sky Press DE<\/title>\n<meta name=\"robots\" content=\"index, follow, max-snippet:-1, max-image-preview:large, max-video-preview:-1\" \/>\n<link rel=\"canonical\" href=\"https:\/\/openskypress.com\/de\/product\/ebook-also-sprach-papaji\/\" \/>\n<meta property=\"og:locale\" content=\"de_DE\" \/>\n<meta property=\"og:type\" content=\"article\" \/>\n<meta property=\"og:title\" content=\"eBook Also sprach Papaji - Spiritual Books &amp; Films Online Shop #1 | Open Sky Press DE\" \/>\n<meta property=\"og:description\" content=\"Auch als Buch erh\u00e4ltlich. Hier klicken  &nbsp;  Prosa und Poesie der tanzenden Leere ist eine Sammlung von Gedichten, die Sri H. W. L. Poonja, liebevoll Papaji genannt, in seinen Satsangs gesprochen hat.\" \/>\n<meta property=\"og:url\" content=\"https:\/\/openskypress.com\/de\/product\/ebook-also-sprach-papaji\/\" \/>\n<meta property=\"og:site_name\" content=\"Spiritual Books &amp; Films Online Shop #1 | Open Sky Press DE\" \/>\n<meta property=\"article:modified_time\" content=\"2026-01-22T09:05:36+00:00\" \/>\n<meta property=\"og:image\" content=\"https:\/\/openskypress.com\/wp-content\/uploads\/2019\/05\/ebook-also-sprach-papaji-poesie.jpg\" \/>\n\t<meta property=\"og:image:width\" content=\"490\" \/>\n\t<meta property=\"og:image:height\" content=\"740\" \/>\n\t<meta property=\"og:image:type\" content=\"image\/jpeg\" \/>\n<meta name=\"twitter:card\" content=\"summary_large_image\" \/>\n<meta name=\"twitter:label1\" content=\"Gesch\u00e4tzte Lesezeit\" \/>\n\t<meta name=\"twitter:data1\" content=\"1\u00a0Minute\" \/>\n<script type=\"application\/ld+json\" class=\"yoast-schema-graph\">{\"@context\":\"https:\/\/schema.org\",\"@graph\":[{\"@type\":\"WebPage\",\"@id\":\"https:\/\/openskypress.com\/de\/product\/ebook-also-sprach-papaji\/\",\"url\":\"https:\/\/openskypress.com\/de\/product\/ebook-also-sprach-papaji\/\",\"name\":\"eBook Also sprach Papaji - Spiritual Books &amp; Films Online Shop #1 | Open Sky Press DE\",\"isPartOf\":{\"@id\":\"https:\/\/openskypress.com\/#website\"},\"primaryImageOfPage\":{\"@id\":\"https:\/\/openskypress.com\/de\/product\/ebook-also-sprach-papaji\/#primaryimage\"},\"image\":{\"@id\":\"https:\/\/openskypress.com\/de\/product\/ebook-also-sprach-papaji\/#primaryimage\"},\"thumbnailUrl\":\"https:\/\/openskypress.com\/wp-content\/uploads\/2019\/05\/ebook-also-sprach-papaji-poesie.jpg\",\"datePublished\":\"2019-04-30T15:07:31+00:00\",\"dateModified\":\"2026-01-22T09:05:36+00:00\",\"breadcrumb\":{\"@id\":\"https:\/\/openskypress.com\/de\/product\/ebook-also-sprach-papaji\/#breadcrumb\"},\"inLanguage\":\"de\",\"potentialAction\":[{\"@type\":\"ReadAction\",\"target\":[\"https:\/\/openskypress.com\/de\/product\/ebook-also-sprach-papaji\/\"]}]},{\"@type\":\"ImageObject\",\"inLanguage\":\"de\",\"@id\":\"https:\/\/openskypress.com\/de\/product\/ebook-also-sprach-papaji\/#primaryimage\",\"url\":\"https:\/\/openskypress.com\/wp-content\/uploads\/2019\/05\/ebook-also-sprach-papaji-poesie.jpg\",\"contentUrl\":\"https:\/\/openskypress.com\/wp-content\/uploads\/2019\/05\/ebook-also-sprach-papaji-poesie.jpg\",\"width\":490,\"height\":740,\"caption\":\"ebook also sprach papaji, papaji, poesie,\"},{\"@type\":\"BreadcrumbList\",\"@id\":\"https:\/\/openskypress.com\/de\/product\/ebook-also-sprach-papaji\/#breadcrumb\",\"itemListElement\":[{\"@type\":\"ListItem\",\"position\":1,\"name\":\"Home\",\"item\":\"https:\/\/openskypress.com\/es\/\"},{\"@type\":\"ListItem\",\"position\":2,\"name\":\"Shop\",\"item\":\"https:\/\/openskypress.com\/de\/shop\/\"},{\"@type\":\"ListItem\",\"position\":3,\"name\":\"eBook Also sprach Papaji\"}]},{\"@type\":\"WebSite\",\"@id\":\"https:\/\/openskypress.com\/#website\",\"url\":\"https:\/\/openskypress.com\/\",\"name\":\"Spiritual Books & Films Online Shop #1 | Open Sky Press\",\"description\":\"Best store of Books &amp; DVDs about Satsang, Indian &amp; Western philosophy &amp; yoga. Spiritual teachers talks about awakening, enlightenment and mindfulness\",\"publisher\":{\"@id\":\"https:\/\/openskypress.com\/#organization\"},\"potentialAction\":[{\"@type\":\"SearchAction\",\"target\":{\"@type\":\"EntryPoint\",\"urlTemplate\":\"https:\/\/openskypress.com\/?s={search_term_string}\"},\"query-input\":{\"@type\":\"PropertyValueSpecification\",\"valueRequired\":true,\"valueName\":\"search_term_string\"}}],\"inLanguage\":\"de\"},{\"@type\":\"Organization\",\"@id\":\"https:\/\/openskypress.com\/#organization\",\"name\":\"Spiritual Books & Films Online Shop #1 | Open Sky Press\",\"url\":\"https:\/\/openskypress.com\/\",\"logo\":{\"@type\":\"ImageObject\",\"inLanguage\":\"de\",\"@id\":\"https:\/\/openskypress.com\/#\/schema\/logo\/image\/\",\"url\":\"https:\/\/openskypress.com\/wp-content\/uploads\/2020\/02\/logo-osp-1.png\",\"contentUrl\":\"https:\/\/openskypress.com\/wp-content\/uploads\/2020\/02\/logo-osp-1.png\",\"width\":222,\"height\":219,\"caption\":\"Spiritual Books & Films Online Shop #1 | Open Sky Press\"},\"image\":{\"@id\":\"https:\/\/openskypress.com\/#\/schema\/logo\/image\/\"}}]}<\/script>\n<!-- \/ Yoast SEO plugin. -->","yoast_head_json":{"title":"eBook Also sprach Papaji - Spiritual Books &amp; Films Online Shop #1 | Open Sky Press DE","robots":{"index":"index","follow":"follow","max-snippet":"max-snippet:-1","max-image-preview":"max-image-preview:large","max-video-preview":"max-video-preview:-1"},"canonical":"https:\/\/openskypress.com\/de\/product\/ebook-also-sprach-papaji\/","og_locale":"de_DE","og_type":"article","og_title":"eBook Also sprach Papaji - Spiritual Books &amp; Films Online Shop #1 | Open Sky Press DE","og_description":"Auch als Buch erh\u00e4ltlich. Hier klicken  &nbsp;  Prosa und Poesie der tanzenden Leere ist eine Sammlung von Gedichten, die Sri H. W. L. Poonja, liebevoll Papaji genannt, in seinen Satsangs gesprochen hat.","og_url":"https:\/\/openskypress.com\/de\/product\/ebook-also-sprach-papaji\/","og_site_name":"Spiritual Books &amp; Films Online Shop #1 | Open Sky Press DE","article_modified_time":"2026-01-22T09:05:36+00:00","og_image":[{"width":490,"height":740,"url":"https:\/\/openskypress.com\/wp-content\/uploads\/2019\/05\/ebook-also-sprach-papaji-poesie.jpg","type":"image\/jpeg"}],"twitter_card":"summary_large_image","twitter_misc":{"Gesch\u00e4tzte Lesezeit":"1\u00a0Minute"},"schema":{"@context":"https:\/\/schema.org","@graph":[{"@type":"WebPage","@id":"https:\/\/openskypress.com\/de\/product\/ebook-also-sprach-papaji\/","url":"https:\/\/openskypress.com\/de\/product\/ebook-also-sprach-papaji\/","name":"eBook Also sprach Papaji - Spiritual Books &amp; Films Online Shop #1 | Open Sky Press DE","isPartOf":{"@id":"https:\/\/openskypress.com\/#website"},"primaryImageOfPage":{"@id":"https:\/\/openskypress.com\/de\/product\/ebook-also-sprach-papaji\/#primaryimage"},"image":{"@id":"https:\/\/openskypress.com\/de\/product\/ebook-also-sprach-papaji\/#primaryimage"},"thumbnailUrl":"https:\/\/openskypress.com\/wp-content\/uploads\/2019\/05\/ebook-also-sprach-papaji-poesie.jpg","datePublished":"2019-04-30T15:07:31+00:00","dateModified":"2026-01-22T09:05:36+00:00","breadcrumb":{"@id":"https:\/\/openskypress.com\/de\/product\/ebook-also-sprach-papaji\/#breadcrumb"},"inLanguage":"de","potentialAction":[{"@type":"ReadAction","target":["https:\/\/openskypress.com\/de\/product\/ebook-also-sprach-papaji\/"]}]},{"@type":"ImageObject","inLanguage":"de","@id":"https:\/\/openskypress.com\/de\/product\/ebook-also-sprach-papaji\/#primaryimage","url":"https:\/\/openskypress.com\/wp-content\/uploads\/2019\/05\/ebook-also-sprach-papaji-poesie.jpg","contentUrl":"https:\/\/openskypress.com\/wp-content\/uploads\/2019\/05\/ebook-also-sprach-papaji-poesie.jpg","width":490,"height":740,"caption":"ebook also sprach papaji, papaji, poesie,"},{"@type":"BreadcrumbList","@id":"https:\/\/openskypress.com\/de\/product\/ebook-also-sprach-papaji\/#breadcrumb","itemListElement":[{"@type":"ListItem","position":1,"name":"Home","item":"https:\/\/openskypress.com\/es\/"},{"@type":"ListItem","position":2,"name":"Shop","item":"https:\/\/openskypress.com\/de\/shop\/"},{"@type":"ListItem","position":3,"name":"eBook Also sprach Papaji"}]},{"@type":"WebSite","@id":"https:\/\/openskypress.com\/#website","url":"https:\/\/openskypress.com\/","name":"Spiritual Books & Films Online Shop #1 | Open Sky Press","description":"Best store of Books &amp; DVDs about Satsang, Indian &amp; Western philosophy &amp; yoga. Spiritual teachers talks about awakening, enlightenment and mindfulness","publisher":{"@id":"https:\/\/openskypress.com\/#organization"},"potentialAction":[{"@type":"SearchAction","target":{"@type":"EntryPoint","urlTemplate":"https:\/\/openskypress.com\/?s={search_term_string}"},"query-input":{"@type":"PropertyValueSpecification","valueRequired":true,"valueName":"search_term_string"}}],"inLanguage":"de"},{"@type":"Organization","@id":"https:\/\/openskypress.com\/#organization","name":"Spiritual Books & Films Online Shop #1 | Open Sky Press","url":"https:\/\/openskypress.com\/","logo":{"@type":"ImageObject","inLanguage":"de","@id":"https:\/\/openskypress.com\/#\/schema\/logo\/image\/","url":"https:\/\/openskypress.com\/wp-content\/uploads\/2020\/02\/logo-osp-1.png","contentUrl":"https:\/\/openskypress.com\/wp-content\/uploads\/2020\/02\/logo-osp-1.png","width":222,"height":219,"caption":"Spiritual Books & Films Online Shop #1 | Open Sky Press"},"image":{"@id":"https:\/\/openskypress.com\/#\/schema\/logo\/image\/"}}]}},"_links":{"self":[{"href":"https:\/\/openskypress.com\/de\/wp-json\/wp\/v2\/product\/3993","targetHints":{"allow":["GET"]}}],"collection":[{"href":"https:\/\/openskypress.com\/de\/wp-json\/wp\/v2\/product"}],"about":[{"href":"https:\/\/openskypress.com\/de\/wp-json\/wp\/v2\/types\/product"}],"replies":[{"embeddable":true,"href":"https:\/\/openskypress.com\/de\/wp-json\/wp\/v2\/comments?post=3993"}],"wp:featuredmedia":[{"embeddable":true,"href":"https:\/\/openskypress.com\/de\/wp-json\/wp\/v2\/media\/4164"}],"wp:attachment":[{"href":"https:\/\/openskypress.com\/de\/wp-json\/wp\/v2\/media?parent=3993"}],"wp:term":[{"taxonomy":"product_brand","embeddable":true,"href":"https:\/\/openskypress.com\/de\/wp-json\/wp\/v2\/product_brand?post=3993"},{"taxonomy":"product_cat","embeddable":true,"href":"https:\/\/openskypress.com\/de\/wp-json\/wp\/v2\/product_cat?post=3993"},{"taxonomy":"product_tag","embeddable":true,"href":"https:\/\/openskypress.com\/de\/wp-json\/wp\/v2\/product_tag?post=3993"}],"curies":[{"name":"wp","href":"https:\/\/api.w.org\/{rel}","templated":true}]}}