{"id":3992,"date":"2019-04-30T14:43:41","date_gmt":"2019-04-30T14:43:41","guid":{"rendered":"https:\/\/openskycharity.international\/?post_type=product&#038;p=3992"},"modified":"2026-01-22T09:05:36","modified_gmt":"2026-01-22T09:05:36","slug":"ebook-arunachala-shiva","status":"publish","type":"product","link":"https:\/\/openskypress.com\/de\/product\/ebook-arunachala-shiva\/","title":{"rendered":"eBook Arunachala Shiva"},"content":{"rendered":"<p align=\"justify\"><a href=\"https:\/\/openskycharity.international\/de\/produkt\/arunachala-shiva\/\"><i><u><b>Auch als Buch erh\u00e4ltlich. Hier klicken<\/b><\/u><\/i><\/a><\/p>\n<p align=\"justify\">John David<br \/>\n100 Hochwertige Farbabbildungen im Buch<\/p>\n<p align=\"justify\"><span class=\"\">Arunachala Shiva ist ein faszinierendes Portrait <\/span><span class=\"\">und e<\/span>ine tiefgr\u00fcndige Hommage an die spirituelle Gr\u00f6\u00dfe von Bhagavan Sri Ramana Maharshi, einer der bekanntesten Weisen Indiens. Das Buch\u00a0<span class=\"\">nimmt uns mit hinter die Kulissen zu Augenblicken mit seinen engsten Sch\u00fclern. Ausf\u00fchrliche und fesselnde Kommentare er\u00f6ffnen neue und \u00fcberraschende Einblicke in seine Lehren und stellen etablierte Vorstellungen infrage.\u00a0<\/span>Die vielen verschiedenen Perspektiven erm\u00f6glichen es dem Leser, sein eigenes tieferes Verst\u00e4ndnis zu finden.<\/p>\n<p>Arunachala Shiva mit 100 Fotografien illustriert, ist ein facettenreiches Portrait von Sri Ramana und seinen Sch\u00fclern. Schockierende, fesselnde Kommentare er\u00f6ffnen \u00fcberraschende Einblicke in Sri Ramanas Lehren; etablierte Vorstellungen werden in Frage gestellt und endg\u00fcltige Erkenntnis wird greifbar. Die Einzigartigkeit der Interviews wird durch die beiliegende Preview DVD sp\u00fcrbar.<\/p>\n<p><i>Deine eigene Selbsterkenntnis ist der gr\u00f6\u00dfte Dienst,<br \/>\nden du der Welt erweisen kannst.<br \/>\nSri Ramana Maharshi<\/i><\/p>\n\n    <div class=\"xs_social_share_widget xs_share_url after_content \t\tmain_content  wslu-style-1 wslu-share-box-shaped wslu-fill-colored wslu-none wslu-share-horizontal wslu-theme-font-no wslu-main_content\">\n\n\t\t\n        <ul>\n\t\t\t        <\/ul>\n    <\/div> \n","protected":false},"excerpt":{"rendered":"<div align=\"justify\">\n<div align=\"left\">\n<div align=\"justify\"><a href=\"https:\/\/openskycharity.international\/de\/produkt\/arunachala-shiva\/\"><i><u><b>Auch als Buch erh\u00e4ltlich. Hier klicken<\/b><\/u><\/i><\/a><\/div>\n<div align=\"justify\"><\/div>\n<div align=\"justify\"><span class=\"\">Arunachala Shiva ist ein faszinierendes Portrait <\/span><span class=\"\">und e<\/span>ine tiefgr\u00fcndige Hommage an die spirituelle Gr\u00f6\u00dfe von Bhagavan Sri Ramana Maharshi, einer der bekanntesten Weisen Indiens. Das Buch\u00a0<span class=\"\">nimmt uns mit hinter die Kulissen zu Augenblicken mit seinen engsten Sch\u00fclern.\u00a0<\/span><\/div>\n<\/div>\n<\/div>\n","protected":false},"featured_media":4172,"comment_status":"open","ping_status":"closed","template":"","meta":{"postBodyCss":"","postBodyMargin":[],"postBodyPadding":[],"postBodyBackground":{"backgroundType":"classic","gradient":""}},"product_brand":[],"product_cat":[369,390],"product_tag":[],"class_list":{"0":"post-3992","1":"product","2":"type-product","3":"status-publish","4":"has-post-thumbnail","6":"product_cat-bucher","7":"product_cat-ebooks-de","9":"first","10":"instock","11":"taxable","12":"shipping-taxable","13":"purchasable","14":"product-type-variable"},"yoast_head":"<!-- This site is optimized with the Yoast SEO plugin v26.6 - https:\/\/yoast.com\/wordpress\/plugins\/seo\/ -->\n<title>eBook Arunachala Shiva - Spiritual Books &amp; Films Online Shop #1 | Open Sky Press DE<\/title>\n<meta name=\"robots\" content=\"index, follow, max-snippet:-1, max-image-preview:large, max-video-preview:-1\" \/>\n<link rel=\"canonical\" href=\"https:\/\/openskypress.com\/de\/product\/ebook-arunachala-shiva\/\" \/>\n<meta property=\"og:locale\" content=\"de_DE\" \/>\n<meta property=\"og:type\" content=\"article\" \/>\n<meta property=\"og:title\" content=\"eBook Arunachala Shiva - Spiritual Books &amp; Films Online Shop #1 | Open Sky Press DE\" \/>\n<meta property=\"og:description\" content=\"Auch als Buch erh\u00e4ltlich. Hier klicken  Arunachala Shiva ist ein faszinierendes Portrait und eine tiefgr\u00fcndige Hommage an die spirituelle Gr\u00f6\u00dfe von Bhagavan Sri Ramana Maharshi, einer der bekanntesten Weisen Indiens. Das Buch\u00a0nimmt uns mit hinter die Kulissen zu Augenblicken mit seinen engsten Sch\u00fclern.\u00a0\" \/>\n<meta property=\"og:url\" content=\"https:\/\/openskypress.com\/de\/product\/ebook-arunachala-shiva\/\" \/>\n<meta property=\"og:site_name\" content=\"Spiritual Books &amp; Films Online Shop #1 | Open Sky Press DE\" \/>\n<meta property=\"article:modified_time\" content=\"2026-01-22T09:05:36+00:00\" \/>\n<meta property=\"og:image\" content=\"https:\/\/openskypress.com\/wp-content\/uploads\/2019\/05\/ebook-arunachala-shiva-deutsch.jpg\" \/>\n\t<meta property=\"og:image:width\" content=\"490\" \/>\n\t<meta property=\"og:image:height\" content=\"740\" \/>\n\t<meta property=\"og:image:type\" content=\"image\/jpeg\" \/>\n<meta name=\"twitter:card\" content=\"summary_large_image\" \/>\n<meta name=\"twitter:label1\" content=\"Gesch\u00e4tzte Lesezeit\" \/>\n\t<meta name=\"twitter:data1\" content=\"1\u00a0Minute\" \/>\n<script type=\"application\/ld+json\" class=\"yoast-schema-graph\">{\"@context\":\"https:\/\/schema.org\",\"@graph\":[{\"@type\":\"WebPage\",\"@id\":\"https:\/\/openskypress.com\/de\/product\/ebook-arunachala-shiva\/\",\"url\":\"https:\/\/openskypress.com\/de\/product\/ebook-arunachala-shiva\/\",\"name\":\"eBook Arunachala Shiva - Spiritual Books &amp; Films Online Shop #1 | Open Sky Press DE\",\"isPartOf\":{\"@id\":\"https:\/\/openskypress.com\/#website\"},\"primaryImageOfPage\":{\"@id\":\"https:\/\/openskypress.com\/de\/product\/ebook-arunachala-shiva\/#primaryimage\"},\"image\":{\"@id\":\"https:\/\/openskypress.com\/de\/product\/ebook-arunachala-shiva\/#primaryimage\"},\"thumbnailUrl\":\"https:\/\/openskypress.com\/wp-content\/uploads\/2019\/05\/ebook-arunachala-shiva-deutsch.jpg\",\"datePublished\":\"2019-04-30T14:43:41+00:00\",\"dateModified\":\"2026-01-22T09:05:36+00:00\",\"breadcrumb\":{\"@id\":\"https:\/\/openskypress.com\/de\/product\/ebook-arunachala-shiva\/#breadcrumb\"},\"inLanguage\":\"de\",\"potentialAction\":[{\"@type\":\"ReadAction\",\"target\":[\"https:\/\/openskypress.com\/de\/product\/ebook-arunachala-shiva\/\"]}]},{\"@type\":\"ImageObject\",\"inLanguage\":\"de\",\"@id\":\"https:\/\/openskypress.com\/de\/product\/ebook-arunachala-shiva\/#primaryimage\",\"url\":\"https:\/\/openskypress.com\/wp-content\/uploads\/2019\/05\/ebook-arunachala-shiva-deutsch.jpg\",\"contentUrl\":\"https:\/\/openskypress.com\/wp-content\/uploads\/2019\/05\/ebook-arunachala-shiva-deutsch.jpg\",\"width\":490,\"height\":740,\"caption\":\"ebook-arunachala shiva, ramana maharshi, arunachala\"},{\"@type\":\"BreadcrumbList\",\"@id\":\"https:\/\/openskypress.com\/de\/product\/ebook-arunachala-shiva\/#breadcrumb\",\"itemListElement\":[{\"@type\":\"ListItem\",\"position\":1,\"name\":\"Home\",\"item\":\"https:\/\/openskypress.com\/es\/\"},{\"@type\":\"ListItem\",\"position\":2,\"name\":\"Shop\",\"item\":\"https:\/\/openskypress.com\/de\/shop\/\"},{\"@type\":\"ListItem\",\"position\":3,\"name\":\"eBook Arunachala Shiva\"}]},{\"@type\":\"WebSite\",\"@id\":\"https:\/\/openskypress.com\/#website\",\"url\":\"https:\/\/openskypress.com\/\",\"name\":\"Spiritual Books & Films Online Shop #1 | Open Sky Press\",\"description\":\"Best store of Books &amp; DVDs about Satsang, Indian &amp; Western philosophy &amp; yoga. Spiritual teachers talks about awakening, enlightenment and mindfulness\",\"publisher\":{\"@id\":\"https:\/\/openskypress.com\/#organization\"},\"potentialAction\":[{\"@type\":\"SearchAction\",\"target\":{\"@type\":\"EntryPoint\",\"urlTemplate\":\"https:\/\/openskypress.com\/?s={search_term_string}\"},\"query-input\":{\"@type\":\"PropertyValueSpecification\",\"valueRequired\":true,\"valueName\":\"search_term_string\"}}],\"inLanguage\":\"de\"},{\"@type\":\"Organization\",\"@id\":\"https:\/\/openskypress.com\/#organization\",\"name\":\"Spiritual Books & Films Online Shop #1 | Open Sky Press\",\"url\":\"https:\/\/openskypress.com\/\",\"logo\":{\"@type\":\"ImageObject\",\"inLanguage\":\"de\",\"@id\":\"https:\/\/openskypress.com\/#\/schema\/logo\/image\/\",\"url\":\"https:\/\/openskypress.com\/wp-content\/uploads\/2020\/02\/logo-osp-1.png\",\"contentUrl\":\"https:\/\/openskypress.com\/wp-content\/uploads\/2020\/02\/logo-osp-1.png\",\"width\":222,\"height\":219,\"caption\":\"Spiritual Books & Films Online Shop #1 | Open Sky Press\"},\"image\":{\"@id\":\"https:\/\/openskypress.com\/#\/schema\/logo\/image\/\"}}]}<\/script>\n<!-- \/ Yoast SEO plugin. -->","yoast_head_json":{"title":"eBook Arunachala Shiva - Spiritual Books &amp; Films Online Shop #1 | Open Sky Press DE","robots":{"index":"index","follow":"follow","max-snippet":"max-snippet:-1","max-image-preview":"max-image-preview:large","max-video-preview":"max-video-preview:-1"},"canonical":"https:\/\/openskypress.com\/de\/product\/ebook-arunachala-shiva\/","og_locale":"de_DE","og_type":"article","og_title":"eBook Arunachala Shiva - Spiritual Books &amp; Films Online Shop #1 | Open Sky Press DE","og_description":"Auch als Buch erh\u00e4ltlich. Hier klicken  Arunachala Shiva ist ein faszinierendes Portrait und eine tiefgr\u00fcndige Hommage an die spirituelle Gr\u00f6\u00dfe von Bhagavan Sri Ramana Maharshi, einer der bekanntesten Weisen Indiens. Das Buch\u00a0nimmt uns mit hinter die Kulissen zu Augenblicken mit seinen engsten Sch\u00fclern.\u00a0","og_url":"https:\/\/openskypress.com\/de\/product\/ebook-arunachala-shiva\/","og_site_name":"Spiritual Books &amp; Films Online Shop #1 | Open Sky Press DE","article_modified_time":"2026-01-22T09:05:36+00:00","og_image":[{"width":490,"height":740,"url":"https:\/\/openskypress.com\/wp-content\/uploads\/2019\/05\/ebook-arunachala-shiva-deutsch.jpg","type":"image\/jpeg"}],"twitter_card":"summary_large_image","twitter_misc":{"Gesch\u00e4tzte Lesezeit":"1\u00a0Minute"},"schema":{"@context":"https:\/\/schema.org","@graph":[{"@type":"WebPage","@id":"https:\/\/openskypress.com\/de\/product\/ebook-arunachala-shiva\/","url":"https:\/\/openskypress.com\/de\/product\/ebook-arunachala-shiva\/","name":"eBook Arunachala Shiva - Spiritual Books &amp; Films Online Shop #1 | Open Sky Press DE","isPartOf":{"@id":"https:\/\/openskypress.com\/#website"},"primaryImageOfPage":{"@id":"https:\/\/openskypress.com\/de\/product\/ebook-arunachala-shiva\/#primaryimage"},"image":{"@id":"https:\/\/openskypress.com\/de\/product\/ebook-arunachala-shiva\/#primaryimage"},"thumbnailUrl":"https:\/\/openskypress.com\/wp-content\/uploads\/2019\/05\/ebook-arunachala-shiva-deutsch.jpg","datePublished":"2019-04-30T14:43:41+00:00","dateModified":"2026-01-22T09:05:36+00:00","breadcrumb":{"@id":"https:\/\/openskypress.com\/de\/product\/ebook-arunachala-shiva\/#breadcrumb"},"inLanguage":"de","potentialAction":[{"@type":"ReadAction","target":["https:\/\/openskypress.com\/de\/product\/ebook-arunachala-shiva\/"]}]},{"@type":"ImageObject","inLanguage":"de","@id":"https:\/\/openskypress.com\/de\/product\/ebook-arunachala-shiva\/#primaryimage","url":"https:\/\/openskypress.com\/wp-content\/uploads\/2019\/05\/ebook-arunachala-shiva-deutsch.jpg","contentUrl":"https:\/\/openskypress.com\/wp-content\/uploads\/2019\/05\/ebook-arunachala-shiva-deutsch.jpg","width":490,"height":740,"caption":"ebook-arunachala shiva, ramana maharshi, arunachala"},{"@type":"BreadcrumbList","@id":"https:\/\/openskypress.com\/de\/product\/ebook-arunachala-shiva\/#breadcrumb","itemListElement":[{"@type":"ListItem","position":1,"name":"Home","item":"https:\/\/openskypress.com\/es\/"},{"@type":"ListItem","position":2,"name":"Shop","item":"https:\/\/openskypress.com\/de\/shop\/"},{"@type":"ListItem","position":3,"name":"eBook Arunachala Shiva"}]},{"@type":"WebSite","@id":"https:\/\/openskypress.com\/#website","url":"https:\/\/openskypress.com\/","name":"Spiritual Books & Films Online Shop #1 | Open Sky Press","description":"Best store of Books &amp; DVDs about Satsang, Indian &amp; Western philosophy &amp; yoga. Spiritual teachers talks about awakening, enlightenment and mindfulness","publisher":{"@id":"https:\/\/openskypress.com\/#organization"},"potentialAction":[{"@type":"SearchAction","target":{"@type":"EntryPoint","urlTemplate":"https:\/\/openskypress.com\/?s={search_term_string}"},"query-input":{"@type":"PropertyValueSpecification","valueRequired":true,"valueName":"search_term_string"}}],"inLanguage":"de"},{"@type":"Organization","@id":"https:\/\/openskypress.com\/#organization","name":"Spiritual Books & Films Online Shop #1 | Open Sky Press","url":"https:\/\/openskypress.com\/","logo":{"@type":"ImageObject","inLanguage":"de","@id":"https:\/\/openskypress.com\/#\/schema\/logo\/image\/","url":"https:\/\/openskypress.com\/wp-content\/uploads\/2020\/02\/logo-osp-1.png","contentUrl":"https:\/\/openskypress.com\/wp-content\/uploads\/2020\/02\/logo-osp-1.png","width":222,"height":219,"caption":"Spiritual Books & Films Online Shop #1 | Open Sky Press"},"image":{"@id":"https:\/\/openskypress.com\/#\/schema\/logo\/image\/"}}]}},"_links":{"self":[{"href":"https:\/\/openskypress.com\/de\/wp-json\/wp\/v2\/product\/3992","targetHints":{"allow":["GET"]}}],"collection":[{"href":"https:\/\/openskypress.com\/de\/wp-json\/wp\/v2\/product"}],"about":[{"href":"https:\/\/openskypress.com\/de\/wp-json\/wp\/v2\/types\/product"}],"replies":[{"embeddable":true,"href":"https:\/\/openskypress.com\/de\/wp-json\/wp\/v2\/comments?post=3992"}],"wp:featuredmedia":[{"embeddable":true,"href":"https:\/\/openskypress.com\/de\/wp-json\/wp\/v2\/media\/4172"}],"wp:attachment":[{"href":"https:\/\/openskypress.com\/de\/wp-json\/wp\/v2\/media?parent=3992"}],"wp:term":[{"taxonomy":"product_brand","embeddable":true,"href":"https:\/\/openskypress.com\/de\/wp-json\/wp\/v2\/product_brand?post=3992"},{"taxonomy":"product_cat","embeddable":true,"href":"https:\/\/openskypress.com\/de\/wp-json\/wp\/v2\/product_cat?post=3992"},{"taxonomy":"product_tag","embeddable":true,"href":"https:\/\/openskypress.com\/de\/wp-json\/wp\/v2\/product_tag?post=3992"}],"curies":[{"name":"wp","href":"https:\/\/api.w.org\/{rel}","templated":true}]}}