{"id":3986,"date":"2019-04-03T09:13:27","date_gmt":"2019-04-03T09:13:27","guid":{"rendered":"https:\/\/openskycharity.international\/product\/the-great-misunderstanding-ebook\/"},"modified":"2026-01-22T09:10:24","modified_gmt":"2026-01-22T09:10:24","slug":"das-grose-missverstandnis-ebook","status":"publish","type":"product","link":"https:\/\/openskypress.com\/de\/product\/das-grose-missverstandnis-ebook\/","title":{"rendered":"eBook Das gro\u00dfe Missverst\u00e4ndnis"},"content":{"rendered":"<p><a href=\"https:\/\/openskycharity.international\/de\/produkt\/das-grose-missverstandnis\/\"><i><u><b>Auch als Buch erh\u00e4ltlich. Hier klicken<\/b><\/u><\/i><\/a><\/p>\n<p class=\"p6\"><span class=\"s5\"><b><br \/>\n<\/b><\/span><span class=\"s4\"><b>Das gro\u00dfe Missverst\u00e4ndnis<\/b><\/span><\/p>\n<p><span class=\"s4\">by John David<\/span><\/p>\n<p class=\"p6\"><span class=\"s4\"><i>Entdecke deine wahre Lebensfreude durch eine einfache Erkenntnis<\/i><\/span><\/p>\n<p class=\"p8\"><span class=\"s1\"><i><\/i>Das gro\u00dfe Missverst\u00e4ndnis zeigt uns, wie wir konditioniert wurden, an Dualit\u00e4t zu glauben und uns als getrennt von der Welt wahrzunehmen. Um diese Trennung zu \u00fcberwinden, versuchen wir unser Leben zum Besseren hin zu ver\u00e4ndern oder mehr Liebe zu finden. John David analysiert dieses Missverst\u00e4ndnis in seinem Buch und Film auf einfache und direkte Weise, indem er auf seine Vortr\u00e4ge, Dialoge mit Sch\u00fclern und Situationen aus dem Alltag zur\u00fcckgreift. Seine Botschaft dreht sich um wahre Freiheit und die tiefe und lebensver\u00e4ndernde Erkenntnis, dass wahres Gl\u00fcck, Frieden und Liebe in uns selbst zu finden sind.<\/span><\/p>\n\n    <div class=\"xs_social_share_widget xs_share_url after_content \t\tmain_content  wslu-style-1 wslu-share-box-shaped wslu-fill-colored wslu-none wslu-share-horizontal wslu-theme-font-no wslu-main_content\">\n\n\t\t\n        <ul>\n\t\t\t        <\/ul>\n    <\/div> \n","protected":false},"excerpt":{"rendered":"<p><a href=\"https:\/\/openskycharity.international\/de\/produkt\/das-grose-missverstandnis\/\"><i><u><b>Auch als Buch erh\u00e4ltlich. Hier klicken<\/b><\/u><\/i><\/a><\/p>\n<p>&nbsp;<\/p>\n<p class=\"p1\"><span class=\"s1\">Klar und mit viel Humor zeigt Das gro\u00dfe Missverst\u00e4ndnis, wie wir konditioniert wurden an Dualit\u00e4t zu glauben und uns als getrennt von der Welt und vom Leben selbst wahrzunehmen. So missverstehen wir g\u00e4nzlich, wer wir wirklich sind und versuchen st\u00e4ndig, unser Leben besser und gl\u00fccklicher zu machen.<\/span><\/p>\n","protected":false},"featured_media":4176,"comment_status":"open","ping_status":"closed","template":"","meta":{"postBodyCss":"","postBodyMargin":[],"postBodyPadding":[],"postBodyBackground":{"backgroundType":"classic","gradient":""}},"product_brand":[],"product_cat":[369,390],"product_tag":[400],"class_list":{"0":"post-3986","1":"product","2":"type-product","3":"status-publish","4":"has-post-thumbnail","6":"product_cat-bucher","7":"product_cat-ebooks-de","8":"product_tag-gemeinschaft","10":"first","11":"instock","12":"taxable","13":"shipping-taxable","14":"purchasable","15":"product-type-variable"},"yoast_head":"<!-- This site is optimized with the Yoast SEO plugin v26.6 - https:\/\/yoast.com\/wordpress\/plugins\/seo\/ -->\n<title>eBook Das gro\u00dfe Missverst\u00e4ndnis - Spiritual Books &amp; Films Online Shop #1 | Open Sky Press DE<\/title>\n<meta name=\"robots\" content=\"index, follow, max-snippet:-1, max-image-preview:large, max-video-preview:-1\" \/>\n<link rel=\"canonical\" href=\"https:\/\/openskypress.com\/de\/product\/das-grose-missverstandnis-ebook\/\" \/>\n<meta property=\"og:locale\" content=\"de_DE\" \/>\n<meta property=\"og:type\" content=\"article\" \/>\n<meta property=\"og:title\" content=\"eBook Das gro\u00dfe Missverst\u00e4ndnis - Spiritual Books &amp; Films Online Shop #1 | Open Sky Press DE\" \/>\n<meta property=\"og:description\" content=\"Auch als Buch erh\u00e4ltlich. Hier klicken  &nbsp; Klar und mit viel Humor zeigt Das gro\u00dfe Missverst\u00e4ndnis, wie wir konditioniert wurden an Dualit\u00e4t zu glauben und uns als getrennt von der Welt und vom Leben selbst wahrzunehmen. So missverstehen wir g\u00e4nzlich, wer wir wirklich sind und versuchen st\u00e4ndig, unser Leben besser und gl\u00fccklicher zu machen.\" \/>\n<meta property=\"og:url\" content=\"https:\/\/openskypress.com\/de\/product\/das-grose-missverstandnis-ebook\/\" \/>\n<meta property=\"og:site_name\" content=\"Spiritual Books &amp; Films Online Shop #1 | Open Sky Press DE\" \/>\n<meta property=\"article:modified_time\" content=\"2026-01-22T09:10:24+00:00\" \/>\n<meta property=\"og:image\" content=\"https:\/\/openskypress.com\/wp-content\/uploads\/2019\/05\/ebook-das-grosse-missverstaendnis-lebensfreude.jpg\" \/>\n\t<meta property=\"og:image:width\" content=\"490\" \/>\n\t<meta property=\"og:image:height\" content=\"740\" \/>\n\t<meta property=\"og:image:type\" content=\"image\/jpeg\" \/>\n<meta name=\"twitter:card\" content=\"summary_large_image\" \/>\n<meta name=\"twitter:label1\" content=\"Gesch\u00e4tzte Lesezeit\" \/>\n\t<meta name=\"twitter:data1\" content=\"1\u00a0Minute\" \/>\n<script type=\"application\/ld+json\" class=\"yoast-schema-graph\">{\"@context\":\"https:\/\/schema.org\",\"@graph\":[{\"@type\":\"WebPage\",\"@id\":\"https:\/\/openskypress.com\/de\/product\/das-grose-missverstandnis-ebook\/\",\"url\":\"https:\/\/openskypress.com\/de\/product\/das-grose-missverstandnis-ebook\/\",\"name\":\"eBook Das gro\u00dfe Missverst\u00e4ndnis - Spiritual Books &amp; Films Online Shop #1 | Open Sky Press DE\",\"isPartOf\":{\"@id\":\"https:\/\/openskypress.com\/#website\"},\"primaryImageOfPage\":{\"@id\":\"https:\/\/openskypress.com\/de\/product\/das-grose-missverstandnis-ebook\/#primaryimage\"},\"image\":{\"@id\":\"https:\/\/openskypress.com\/de\/product\/das-grose-missverstandnis-ebook\/#primaryimage\"},\"thumbnailUrl\":\"https:\/\/openskypress.com\/wp-content\/uploads\/2019\/05\/ebook-das-grosse-missverstaendnis-lebensfreude.jpg\",\"datePublished\":\"2019-04-03T09:13:27+00:00\",\"dateModified\":\"2026-01-22T09:10:24+00:00\",\"breadcrumb\":{\"@id\":\"https:\/\/openskypress.com\/de\/product\/das-grose-missverstandnis-ebook\/#breadcrumb\"},\"inLanguage\":\"de\",\"potentialAction\":[{\"@type\":\"ReadAction\",\"target\":[\"https:\/\/openskypress.com\/de\/product\/das-grose-missverstandnis-ebook\/\"]}]},{\"@type\":\"ImageObject\",\"inLanguage\":\"de\",\"@id\":\"https:\/\/openskypress.com\/de\/product\/das-grose-missverstandnis-ebook\/#primaryimage\",\"url\":\"https:\/\/openskypress.com\/wp-content\/uploads\/2019\/05\/ebook-das-grosse-missverstaendnis-lebensfreude.jpg\",\"contentUrl\":\"https:\/\/openskypress.com\/wp-content\/uploads\/2019\/05\/ebook-das-grosse-missverstaendnis-lebensfreude.jpg\",\"width\":490,\"height\":740,\"caption\":\"ebook das grosse missverst\u00e4ndnis, john david, community\"},{\"@type\":\"BreadcrumbList\",\"@id\":\"https:\/\/openskypress.com\/de\/product\/das-grose-missverstandnis-ebook\/#breadcrumb\",\"itemListElement\":[{\"@type\":\"ListItem\",\"position\":1,\"name\":\"Home\",\"item\":\"https:\/\/openskypress.com\/es\/\"},{\"@type\":\"ListItem\",\"position\":2,\"name\":\"Shop\",\"item\":\"https:\/\/openskypress.com\/de\/shop\/\"},{\"@type\":\"ListItem\",\"position\":3,\"name\":\"eBook Das gro\u00dfe Missverst\u00e4ndnis\"}]},{\"@type\":\"WebSite\",\"@id\":\"https:\/\/openskypress.com\/#website\",\"url\":\"https:\/\/openskypress.com\/\",\"name\":\"Spiritual Books & Films Online Shop #1 | Open Sky Press\",\"description\":\"Best store of Books &amp; DVDs about Satsang, Indian &amp; Western philosophy &amp; yoga. Spiritual teachers talks about awakening, enlightenment and mindfulness\",\"publisher\":{\"@id\":\"https:\/\/openskypress.com\/#organization\"},\"potentialAction\":[{\"@type\":\"SearchAction\",\"target\":{\"@type\":\"EntryPoint\",\"urlTemplate\":\"https:\/\/openskypress.com\/?s={search_term_string}\"},\"query-input\":{\"@type\":\"PropertyValueSpecification\",\"valueRequired\":true,\"valueName\":\"search_term_string\"}}],\"inLanguage\":\"de\"},{\"@type\":\"Organization\",\"@id\":\"https:\/\/openskypress.com\/#organization\",\"name\":\"Spiritual Books & Films Online Shop #1 | Open Sky Press\",\"url\":\"https:\/\/openskypress.com\/\",\"logo\":{\"@type\":\"ImageObject\",\"inLanguage\":\"de\",\"@id\":\"https:\/\/openskypress.com\/#\/schema\/logo\/image\/\",\"url\":\"https:\/\/openskypress.com\/wp-content\/uploads\/2020\/02\/logo-osp-1.png\",\"contentUrl\":\"https:\/\/openskypress.com\/wp-content\/uploads\/2020\/02\/logo-osp-1.png\",\"width\":222,\"height\":219,\"caption\":\"Spiritual Books & Films Online Shop #1 | Open Sky Press\"},\"image\":{\"@id\":\"https:\/\/openskypress.com\/#\/schema\/logo\/image\/\"}}]}<\/script>\n<!-- \/ Yoast SEO plugin. -->","yoast_head_json":{"title":"eBook Das gro\u00dfe Missverst\u00e4ndnis - Spiritual Books &amp; Films Online Shop #1 | Open Sky Press DE","robots":{"index":"index","follow":"follow","max-snippet":"max-snippet:-1","max-image-preview":"max-image-preview:large","max-video-preview":"max-video-preview:-1"},"canonical":"https:\/\/openskypress.com\/de\/product\/das-grose-missverstandnis-ebook\/","og_locale":"de_DE","og_type":"article","og_title":"eBook Das gro\u00dfe Missverst\u00e4ndnis - Spiritual Books &amp; Films Online Shop #1 | Open Sky Press DE","og_description":"Auch als Buch erh\u00e4ltlich. Hier klicken  &nbsp; Klar und mit viel Humor zeigt Das gro\u00dfe Missverst\u00e4ndnis, wie wir konditioniert wurden an Dualit\u00e4t zu glauben und uns als getrennt von der Welt und vom Leben selbst wahrzunehmen. So missverstehen wir g\u00e4nzlich, wer wir wirklich sind und versuchen st\u00e4ndig, unser Leben besser und gl\u00fccklicher zu machen.","og_url":"https:\/\/openskypress.com\/de\/product\/das-grose-missverstandnis-ebook\/","og_site_name":"Spiritual Books &amp; Films Online Shop #1 | Open Sky Press DE","article_modified_time":"2026-01-22T09:10:24+00:00","og_image":[{"width":490,"height":740,"url":"https:\/\/openskypress.com\/wp-content\/uploads\/2019\/05\/ebook-das-grosse-missverstaendnis-lebensfreude.jpg","type":"image\/jpeg"}],"twitter_card":"summary_large_image","twitter_misc":{"Gesch\u00e4tzte Lesezeit":"1\u00a0Minute"},"schema":{"@context":"https:\/\/schema.org","@graph":[{"@type":"WebPage","@id":"https:\/\/openskypress.com\/de\/product\/das-grose-missverstandnis-ebook\/","url":"https:\/\/openskypress.com\/de\/product\/das-grose-missverstandnis-ebook\/","name":"eBook Das gro\u00dfe Missverst\u00e4ndnis - Spiritual Books &amp; Films Online Shop #1 | Open Sky Press DE","isPartOf":{"@id":"https:\/\/openskypress.com\/#website"},"primaryImageOfPage":{"@id":"https:\/\/openskypress.com\/de\/product\/das-grose-missverstandnis-ebook\/#primaryimage"},"image":{"@id":"https:\/\/openskypress.com\/de\/product\/das-grose-missverstandnis-ebook\/#primaryimage"},"thumbnailUrl":"https:\/\/openskypress.com\/wp-content\/uploads\/2019\/05\/ebook-das-grosse-missverstaendnis-lebensfreude.jpg","datePublished":"2019-04-03T09:13:27+00:00","dateModified":"2026-01-22T09:10:24+00:00","breadcrumb":{"@id":"https:\/\/openskypress.com\/de\/product\/das-grose-missverstandnis-ebook\/#breadcrumb"},"inLanguage":"de","potentialAction":[{"@type":"ReadAction","target":["https:\/\/openskypress.com\/de\/product\/das-grose-missverstandnis-ebook\/"]}]},{"@type":"ImageObject","inLanguage":"de","@id":"https:\/\/openskypress.com\/de\/product\/das-grose-missverstandnis-ebook\/#primaryimage","url":"https:\/\/openskypress.com\/wp-content\/uploads\/2019\/05\/ebook-das-grosse-missverstaendnis-lebensfreude.jpg","contentUrl":"https:\/\/openskypress.com\/wp-content\/uploads\/2019\/05\/ebook-das-grosse-missverstaendnis-lebensfreude.jpg","width":490,"height":740,"caption":"ebook das grosse missverst\u00e4ndnis, john david, community"},{"@type":"BreadcrumbList","@id":"https:\/\/openskypress.com\/de\/product\/das-grose-missverstandnis-ebook\/#breadcrumb","itemListElement":[{"@type":"ListItem","position":1,"name":"Home","item":"https:\/\/openskypress.com\/es\/"},{"@type":"ListItem","position":2,"name":"Shop","item":"https:\/\/openskypress.com\/de\/shop\/"},{"@type":"ListItem","position":3,"name":"eBook Das gro\u00dfe Missverst\u00e4ndnis"}]},{"@type":"WebSite","@id":"https:\/\/openskypress.com\/#website","url":"https:\/\/openskypress.com\/","name":"Spiritual Books & Films Online Shop #1 | Open Sky Press","description":"Best store of Books &amp; DVDs about Satsang, Indian &amp; Western philosophy &amp; yoga. Spiritual teachers talks about awakening, enlightenment and mindfulness","publisher":{"@id":"https:\/\/openskypress.com\/#organization"},"potentialAction":[{"@type":"SearchAction","target":{"@type":"EntryPoint","urlTemplate":"https:\/\/openskypress.com\/?s={search_term_string}"},"query-input":{"@type":"PropertyValueSpecification","valueRequired":true,"valueName":"search_term_string"}}],"inLanguage":"de"},{"@type":"Organization","@id":"https:\/\/openskypress.com\/#organization","name":"Spiritual Books & Films Online Shop #1 | Open Sky Press","url":"https:\/\/openskypress.com\/","logo":{"@type":"ImageObject","inLanguage":"de","@id":"https:\/\/openskypress.com\/#\/schema\/logo\/image\/","url":"https:\/\/openskypress.com\/wp-content\/uploads\/2020\/02\/logo-osp-1.png","contentUrl":"https:\/\/openskypress.com\/wp-content\/uploads\/2020\/02\/logo-osp-1.png","width":222,"height":219,"caption":"Spiritual Books & Films Online Shop #1 | Open Sky Press"},"image":{"@id":"https:\/\/openskypress.com\/#\/schema\/logo\/image\/"}}]}},"_links":{"self":[{"href":"https:\/\/openskypress.com\/de\/wp-json\/wp\/v2\/product\/3986","targetHints":{"allow":["GET"]}}],"collection":[{"href":"https:\/\/openskypress.com\/de\/wp-json\/wp\/v2\/product"}],"about":[{"href":"https:\/\/openskypress.com\/de\/wp-json\/wp\/v2\/types\/product"}],"replies":[{"embeddable":true,"href":"https:\/\/openskypress.com\/de\/wp-json\/wp\/v2\/comments?post=3986"}],"wp:featuredmedia":[{"embeddable":true,"href":"https:\/\/openskypress.com\/de\/wp-json\/wp\/v2\/media\/4176"}],"wp:attachment":[{"href":"https:\/\/openskypress.com\/de\/wp-json\/wp\/v2\/media?parent=3986"}],"wp:term":[{"taxonomy":"product_brand","embeddable":true,"href":"https:\/\/openskypress.com\/de\/wp-json\/wp\/v2\/product_brand?post=3986"},{"taxonomy":"product_cat","embeddable":true,"href":"https:\/\/openskypress.com\/de\/wp-json\/wp\/v2\/product_cat?post=3986"},{"taxonomy":"product_tag","embeddable":true,"href":"https:\/\/openskypress.com\/de\/wp-json\/wp\/v2\/product_tag?post=3986"}],"curies":[{"name":"wp","href":"https:\/\/api.w.org\/{rel}","templated":true}]}}