{"id":3984,"date":"2019-04-04T08:35:58","date_gmt":"2019-04-04T08:35:58","guid":{"rendered":"https:\/\/openskycharity.international\/product\/ebook-blueprints-for-awakening\/"},"modified":"2026-01-22T09:10:23","modified_gmt":"2026-01-22T09:10:23","slug":"ebook-facetten-des-erwachens","status":"publish","type":"product","link":"https:\/\/openskypress.com\/de\/product\/ebook-facetten-des-erwachens\/","title":{"rendered":"eBook Facetten des Erwachens"},"content":{"rendered":"<p><a href=\"https:\/\/openskycharity.international\/de\/product\/facetten-des-erwachens\/\"><i><u><b>Auch als Buch erh\u00e4ltlich. Hier klicken<\/b><\/u><\/i><\/a><\/p>\n<h2><\/h2>\n<h2 class=\"p1\"><span class=\"s1\"><b>Facetten des Erwachens &#8211; Indische Meister<\/b><\/span><\/h2>\n<p align=\"justify\">by John David<\/p>\n<p align=\"justify\"><b>Kostbare Dialoge mit 16 indischen Meistern \u00fcber die Lehre von Sri Ramana Maharshi. <\/b><br \/>\nFacetten des Erwachens ist f\u00fcr alle, die ein inneres Feuer in sich tragen und wissen wollen, wer sie sind und was sie hier als Mensch tun. John David hat sechzehn wichtige indische Meister interviewt. Er hat jedem von ihnen die gleichen Fragen von Ihrem Meister Ramana Maharshi gestellt.<br \/>\nEs ist f\u00fcr alle, die sich die Frage &#8222;Wer bin ich?&#8220; stellen und die Bhagavan Sri Ramana Maharshis Lehre folgen wollen: &#8222;Sei wie du bist!&#8220;<\/p>\n<p>Im Laufe der Zeit werden viele gro\u00dfe Heilige zur Legende, ja zum Mythos. Gew\u00f6hnliche Menschen k\u00f6nnen dann kaum noch nachvollziehen, dass die unendliche Weisheit, die diese Heiligen liebten und lebten, auch ihre eigene Natur ist. Zu solch einer Legende wird langsam aber sicher auch Bhagavan Sri Ramana Maharshi. Swami Suddhananda.<\/p>\n<p>Er gilt in Indien als Heiliger und viele halten ihn f\u00fcr den bedeutendsten Guru der Neuzeit: Sri Ramana Maharshi, von seinen Anh\u00e4ngern meist einfach Bhagavan genannt: Gott. John David gelang das Kunstst\u00fcck, sechzehn ber\u00fchmte indische Meister vor sein Mikrofon zu laden, um ihnen die jeweils gleichen Fragen zur Lehre ihres &#8222;Kollegen&#8220; zu stellen. Das Ergebnis ist ein Kompendium au\u00dfergew\u00f6hnlichen Wissens \u00fcber das gr\u00f6\u00dfte Geheimnis aller Zeiten: die wahre Natur unseres Selbst und wie wir sie realisieren k\u00f6nnen.<\/p>\n\n    <div class=\"xs_social_share_widget xs_share_url after_content \t\tmain_content  wslu-style-1 wslu-share-box-shaped wslu-fill-colored wslu-none wslu-share-horizontal wslu-theme-font-no wslu-main_content\">\n\n\t\t\n        <ul>\n\t\t\t        <\/ul>\n    <\/div> \n","protected":false},"excerpt":{"rendered":"<p><a href=\"https:\/\/openskycharity.international\/de\/product\/facetten-des-erwachens\/\"><i><u><b>Auch als Buch erh\u00e4ltlich. Hier klicken<\/b><\/u><\/i><\/a><\/p>\n<p>&nbsp;<\/p>\n<p class=\"p1\">Facetten des Erwachens ist f\u00fcr alle, die ein inneres Feuer in sich tragen und wissen wollen, wer sie sind und was sie hier als Mensch tun. John David hat sechzehn wichtige indische Meister interviewt. Er hat jedem von ihnen die gleichen Fragen von Ihrem Meister Ramana Maharshi gestellt.<\/p>\n","protected":false},"featured_media":4184,"comment_status":"open","ping_status":"closed","template":"","meta":{"postBodyCss":"","postBodyMargin":[],"postBodyPadding":[],"postBodyBackground":{"backgroundType":"classic","gradient":""}},"product_brand":[],"product_cat":[369,390],"product_tag":[465],"class_list":{"0":"post-3984","1":"product","2":"type-product","3":"status-publish","4":"has-post-thumbnail","6":"product_cat-bucher","7":"product_cat-ebooks-de","8":"product_tag-weisheit","10":"first","11":"instock","12":"taxable","13":"shipping-taxable","14":"purchasable","15":"product-type-variable"},"yoast_head":"<!-- This site is optimized with the Yoast SEO plugin v26.6 - https:\/\/yoast.com\/wordpress\/plugins\/seo\/ -->\n<title>eBook Facetten des Erwachens - Spiritual Books &amp; Films Online Shop #1 | Open Sky Press DE<\/title>\n<meta name=\"robots\" content=\"index, follow, max-snippet:-1, max-image-preview:large, max-video-preview:-1\" \/>\n<link rel=\"canonical\" href=\"https:\/\/openskypress.com\/de\/product\/ebook-facetten-des-erwachens\/\" \/>\n<meta property=\"og:locale\" content=\"de_DE\" \/>\n<meta property=\"og:type\" content=\"article\" \/>\n<meta property=\"og:title\" content=\"eBook Facetten des Erwachens - Spiritual Books &amp; Films Online Shop #1 | Open Sky Press DE\" \/>\n<meta property=\"og:description\" content=\"Auch als Buch erh\u00e4ltlich. Hier klicken  &nbsp; Facetten des Erwachens ist f\u00fcr alle, die ein inneres Feuer in sich tragen und wissen wollen, wer sie sind und was sie hier als Mensch tun. John David hat sechzehn wichtige indische Meister interviewt. Er hat jedem von ihnen die gleichen Fragen von Ihrem Meister Ramana Maharshi gestellt.\" \/>\n<meta property=\"og:url\" content=\"https:\/\/openskypress.com\/de\/product\/ebook-facetten-des-erwachens\/\" \/>\n<meta property=\"og:site_name\" content=\"Spiritual Books &amp; Films Online Shop #1 | Open Sky Press DE\" \/>\n<meta property=\"article:modified_time\" content=\"2026-01-22T09:10:23+00:00\" \/>\n<meta property=\"og:image\" content=\"https:\/\/openskypress.com\/wp-content\/uploads\/2019\/05\/ebook-facetten-des-erwachen.jpg\" \/>\n\t<meta property=\"og:image:width\" content=\"490\" \/>\n\t<meta property=\"og:image:height\" content=\"740\" \/>\n\t<meta property=\"og:image:type\" content=\"image\/jpeg\" \/>\n<meta name=\"twitter:card\" content=\"summary_large_image\" \/>\n<meta name=\"twitter:label1\" content=\"Gesch\u00e4tzte Lesezeit\" \/>\n\t<meta name=\"twitter:data1\" content=\"1\u00a0Minute\" \/>\n<script type=\"application\/ld+json\" class=\"yoast-schema-graph\">{\"@context\":\"https:\/\/schema.org\",\"@graph\":[{\"@type\":\"WebPage\",\"@id\":\"https:\/\/openskypress.com\/de\/product\/ebook-facetten-des-erwachens\/\",\"url\":\"https:\/\/openskypress.com\/de\/product\/ebook-facetten-des-erwachens\/\",\"name\":\"eBook Facetten des Erwachens - Spiritual Books &amp; Films Online Shop #1 | Open Sky Press DE\",\"isPartOf\":{\"@id\":\"https:\/\/openskypress.com\/#website\"},\"primaryImageOfPage\":{\"@id\":\"https:\/\/openskypress.com\/de\/product\/ebook-facetten-des-erwachens\/#primaryimage\"},\"image\":{\"@id\":\"https:\/\/openskypress.com\/de\/product\/ebook-facetten-des-erwachens\/#primaryimage\"},\"thumbnailUrl\":\"https:\/\/openskypress.com\/wp-content\/uploads\/2019\/05\/ebook-facetten-des-erwachen.jpg\",\"datePublished\":\"2019-04-04T08:35:58+00:00\",\"dateModified\":\"2026-01-22T09:10:23+00:00\",\"breadcrumb\":{\"@id\":\"https:\/\/openskypress.com\/de\/product\/ebook-facetten-des-erwachens\/#breadcrumb\"},\"inLanguage\":\"de\",\"potentialAction\":[{\"@type\":\"ReadAction\",\"target\":[\"https:\/\/openskypress.com\/de\/product\/ebook-facetten-des-erwachens\/\"]}]},{\"@type\":\"ImageObject\",\"inLanguage\":\"de\",\"@id\":\"https:\/\/openskypress.com\/de\/product\/ebook-facetten-des-erwachens\/#primaryimage\",\"url\":\"https:\/\/openskypress.com\/wp-content\/uploads\/2019\/05\/ebook-facetten-des-erwachen.jpg\",\"contentUrl\":\"https:\/\/openskypress.com\/wp-content\/uploads\/2019\/05\/ebook-facetten-des-erwachen.jpg\",\"width\":490,\"height\":740,\"caption\":\"ebook facetten des erwachens, indische meister, john david\"},{\"@type\":\"BreadcrumbList\",\"@id\":\"https:\/\/openskypress.com\/de\/product\/ebook-facetten-des-erwachens\/#breadcrumb\",\"itemListElement\":[{\"@type\":\"ListItem\",\"position\":1,\"name\":\"Home\",\"item\":\"https:\/\/openskypress.com\/es\/\"},{\"@type\":\"ListItem\",\"position\":2,\"name\":\"Shop\",\"item\":\"https:\/\/openskypress.com\/de\/shop\/\"},{\"@type\":\"ListItem\",\"position\":3,\"name\":\"eBook Facetten des Erwachens\"}]},{\"@type\":\"WebSite\",\"@id\":\"https:\/\/openskypress.com\/#website\",\"url\":\"https:\/\/openskypress.com\/\",\"name\":\"Spiritual Books & Films Online Shop #1 | Open Sky Press\",\"description\":\"Best store of Books &amp; DVDs about Satsang, Indian &amp; Western philosophy &amp; yoga. Spiritual teachers talks about awakening, enlightenment and mindfulness\",\"publisher\":{\"@id\":\"https:\/\/openskypress.com\/#organization\"},\"potentialAction\":[{\"@type\":\"SearchAction\",\"target\":{\"@type\":\"EntryPoint\",\"urlTemplate\":\"https:\/\/openskypress.com\/?s={search_term_string}\"},\"query-input\":{\"@type\":\"PropertyValueSpecification\",\"valueRequired\":true,\"valueName\":\"search_term_string\"}}],\"inLanguage\":\"de\"},{\"@type\":\"Organization\",\"@id\":\"https:\/\/openskypress.com\/#organization\",\"name\":\"Spiritual Books & Films Online Shop #1 | Open Sky Press\",\"url\":\"https:\/\/openskypress.com\/\",\"logo\":{\"@type\":\"ImageObject\",\"inLanguage\":\"de\",\"@id\":\"https:\/\/openskypress.com\/#\/schema\/logo\/image\/\",\"url\":\"https:\/\/openskypress.com\/wp-content\/uploads\/2020\/02\/logo-osp-1.png\",\"contentUrl\":\"https:\/\/openskypress.com\/wp-content\/uploads\/2020\/02\/logo-osp-1.png\",\"width\":222,\"height\":219,\"caption\":\"Spiritual Books & Films Online Shop #1 | Open Sky Press\"},\"image\":{\"@id\":\"https:\/\/openskypress.com\/#\/schema\/logo\/image\/\"}}]}<\/script>\n<!-- \/ Yoast SEO plugin. -->","yoast_head_json":{"title":"eBook Facetten des Erwachens - Spiritual Books &amp; Films Online Shop #1 | Open Sky Press DE","robots":{"index":"index","follow":"follow","max-snippet":"max-snippet:-1","max-image-preview":"max-image-preview:large","max-video-preview":"max-video-preview:-1"},"canonical":"https:\/\/openskypress.com\/de\/product\/ebook-facetten-des-erwachens\/","og_locale":"de_DE","og_type":"article","og_title":"eBook Facetten des Erwachens - Spiritual Books &amp; Films Online Shop #1 | Open Sky Press DE","og_description":"Auch als Buch erh\u00e4ltlich. Hier klicken  &nbsp; Facetten des Erwachens ist f\u00fcr alle, die ein inneres Feuer in sich tragen und wissen wollen, wer sie sind und was sie hier als Mensch tun. John David hat sechzehn wichtige indische Meister interviewt. Er hat jedem von ihnen die gleichen Fragen von Ihrem Meister Ramana Maharshi gestellt.","og_url":"https:\/\/openskypress.com\/de\/product\/ebook-facetten-des-erwachens\/","og_site_name":"Spiritual Books &amp; Films Online Shop #1 | Open Sky Press DE","article_modified_time":"2026-01-22T09:10:23+00:00","og_image":[{"width":490,"height":740,"url":"https:\/\/openskypress.com\/wp-content\/uploads\/2019\/05\/ebook-facetten-des-erwachen.jpg","type":"image\/jpeg"}],"twitter_card":"summary_large_image","twitter_misc":{"Gesch\u00e4tzte Lesezeit":"1\u00a0Minute"},"schema":{"@context":"https:\/\/schema.org","@graph":[{"@type":"WebPage","@id":"https:\/\/openskypress.com\/de\/product\/ebook-facetten-des-erwachens\/","url":"https:\/\/openskypress.com\/de\/product\/ebook-facetten-des-erwachens\/","name":"eBook Facetten des Erwachens - Spiritual Books &amp; Films Online Shop #1 | Open Sky Press DE","isPartOf":{"@id":"https:\/\/openskypress.com\/#website"},"primaryImageOfPage":{"@id":"https:\/\/openskypress.com\/de\/product\/ebook-facetten-des-erwachens\/#primaryimage"},"image":{"@id":"https:\/\/openskypress.com\/de\/product\/ebook-facetten-des-erwachens\/#primaryimage"},"thumbnailUrl":"https:\/\/openskypress.com\/wp-content\/uploads\/2019\/05\/ebook-facetten-des-erwachen.jpg","datePublished":"2019-04-04T08:35:58+00:00","dateModified":"2026-01-22T09:10:23+00:00","breadcrumb":{"@id":"https:\/\/openskypress.com\/de\/product\/ebook-facetten-des-erwachens\/#breadcrumb"},"inLanguage":"de","potentialAction":[{"@type":"ReadAction","target":["https:\/\/openskypress.com\/de\/product\/ebook-facetten-des-erwachens\/"]}]},{"@type":"ImageObject","inLanguage":"de","@id":"https:\/\/openskypress.com\/de\/product\/ebook-facetten-des-erwachens\/#primaryimage","url":"https:\/\/openskypress.com\/wp-content\/uploads\/2019\/05\/ebook-facetten-des-erwachen.jpg","contentUrl":"https:\/\/openskypress.com\/wp-content\/uploads\/2019\/05\/ebook-facetten-des-erwachen.jpg","width":490,"height":740,"caption":"ebook facetten des erwachens, indische meister, john david"},{"@type":"BreadcrumbList","@id":"https:\/\/openskypress.com\/de\/product\/ebook-facetten-des-erwachens\/#breadcrumb","itemListElement":[{"@type":"ListItem","position":1,"name":"Home","item":"https:\/\/openskypress.com\/es\/"},{"@type":"ListItem","position":2,"name":"Shop","item":"https:\/\/openskypress.com\/de\/shop\/"},{"@type":"ListItem","position":3,"name":"eBook Facetten des Erwachens"}]},{"@type":"WebSite","@id":"https:\/\/openskypress.com\/#website","url":"https:\/\/openskypress.com\/","name":"Spiritual Books & Films Online Shop #1 | Open Sky Press","description":"Best store of Books &amp; DVDs about Satsang, Indian &amp; Western philosophy &amp; yoga. Spiritual teachers talks about awakening, enlightenment and mindfulness","publisher":{"@id":"https:\/\/openskypress.com\/#organization"},"potentialAction":[{"@type":"SearchAction","target":{"@type":"EntryPoint","urlTemplate":"https:\/\/openskypress.com\/?s={search_term_string}"},"query-input":{"@type":"PropertyValueSpecification","valueRequired":true,"valueName":"search_term_string"}}],"inLanguage":"de"},{"@type":"Organization","@id":"https:\/\/openskypress.com\/#organization","name":"Spiritual Books & Films Online Shop #1 | Open Sky Press","url":"https:\/\/openskypress.com\/","logo":{"@type":"ImageObject","inLanguage":"de","@id":"https:\/\/openskypress.com\/#\/schema\/logo\/image\/","url":"https:\/\/openskypress.com\/wp-content\/uploads\/2020\/02\/logo-osp-1.png","contentUrl":"https:\/\/openskypress.com\/wp-content\/uploads\/2020\/02\/logo-osp-1.png","width":222,"height":219,"caption":"Spiritual Books & Films Online Shop #1 | Open Sky Press"},"image":{"@id":"https:\/\/openskypress.com\/#\/schema\/logo\/image\/"}}]}},"_links":{"self":[{"href":"https:\/\/openskypress.com\/de\/wp-json\/wp\/v2\/product\/3984","targetHints":{"allow":["GET"]}}],"collection":[{"href":"https:\/\/openskypress.com\/de\/wp-json\/wp\/v2\/product"}],"about":[{"href":"https:\/\/openskypress.com\/de\/wp-json\/wp\/v2\/types\/product"}],"replies":[{"embeddable":true,"href":"https:\/\/openskypress.com\/de\/wp-json\/wp\/v2\/comments?post=3984"}],"wp:featuredmedia":[{"embeddable":true,"href":"https:\/\/openskypress.com\/de\/wp-json\/wp\/v2\/media\/4184"}],"wp:attachment":[{"href":"https:\/\/openskypress.com\/de\/wp-json\/wp\/v2\/media?parent=3984"}],"wp:term":[{"taxonomy":"product_brand","embeddable":true,"href":"https:\/\/openskypress.com\/de\/wp-json\/wp\/v2\/product_brand?post=3984"},{"taxonomy":"product_cat","embeddable":true,"href":"https:\/\/openskypress.com\/de\/wp-json\/wp\/v2\/product_cat?post=3984"},{"taxonomy":"product_tag","embeddable":true,"href":"https:\/\/openskypress.com\/de\/wp-json\/wp\/v2\/product_tag?post=3984"}],"curies":[{"name":"wp","href":"https:\/\/api.w.org\/{rel}","templated":true}]}}