{"id":3931,"date":"2019-03-25T14:02:35","date_gmt":"2019-03-25T14:02:35","guid":{"rendered":"https:\/\/openskycharity.international\/product\/ebook-nan-yar-who-am-i\/"},"modified":"2026-01-22T09:10:25","modified_gmt":"2026-01-22T09:10:25","slug":"ebook-nan-yar-wer-bin-ich","status":"publish","type":"product","link":"https:\/\/openskypress.com\/de\/product\/ebook-nan-yar-wer-bin-ich\/","title":{"rendered":"eBook Nan Yar &#8211; Wer bin ich?"},"content":{"rendered":"<p align=\"justify\"><span class=\"s2\"><a href=\"https:\/\/openskycharity.international\/de\/produkt\/ebook-nan-yar-wer-bin-ich\/\"><b><i>Auch als Buch erh\u00e4ltlich. Hier klicken<\/i><\/b><\/a><\/span><\/p>\n<p align=\"justify\"><b><br \/>\nNan Yar &#8211; Wer bin ich?<\/b><\/p>\n<p align=\"justify\">by Sri Ramana Maharshi<\/p>\n<p align=\"justify\"><i><\/i>Nan Yar ist ein klassischer spiritueller Text von einem der gr\u00f6\u00dften indischen Lehrer, Sri Ramana Maharshi, und eines der wichtigsten B\u00fccher des 20. Jahrhunderts. Nan Yar ist ein klassischer spiritueller Text von einem der gr\u00f6\u00dften indischen Lehrer, Sri Ramana Maharshi, und eines der wichtigsten B\u00fccher des 20. Jahrhunderts. Eine wundersch\u00f6ne Ausgabe, dem Originaltext wurden ber\u00fchrende Zitate und wundervolle Fotografien von Sri Ramana zugef\u00fcgt.<\/p>\n\n    <div class=\"xs_social_share_widget xs_share_url after_content \t\tmain_content  wslu-style-1 wslu-share-box-shaped wslu-fill-colored wslu-none wslu-share-horizontal wslu-theme-font-no wslu-main_content\">\n\n\t\t\n        <ul>\n\t\t\t        <\/ul>\n    <\/div> \n","protected":false},"excerpt":{"rendered":"<p><span class=\"s2\"><a href=\"https:\/\/openskycharity.international\/de\/produkt\/ebook-nan-yar-wer-bin-ich\/\"><b><i>Auch als Buch erh\u00e4ltlich. Hier klicken<\/i><\/b><\/a><\/span><\/p>\n<p>&nbsp;<\/p>\n<p>Nan Yar ist ein klassischer spiritueller Text von einem der gr\u00f6\u00dften indischen Lehrer, Sri Ramana Maharshi, und eines der wichtigsten B\u00fccher des 20. Jahrhunderts. Nan Yar ist ein klassischer spiritueller Text von einem der gr\u00f6\u00dften indischen Lehrer, Sri Ramana Maharshi, und eines der wichtigsten B\u00fccher des 20. Jahrhunderts. Eine wundersch\u00f6ne Ausgabe, dem Originaltext wurden ber\u00fchrende Zitate und wundervolle Fotografien von Sri Ramana zugef\u00fcgt.<\/p>\n","protected":false},"featured_media":4985,"comment_status":"open","ping_status":"closed","template":"","meta":{"postBodyCss":"","postBodyMargin":[],"postBodyPadding":[],"postBodyBackground":{"backgroundType":"classic","gradient":""}},"product_brand":[],"product_cat":[369,390],"product_tag":[407,438,440,473,474,494,465],"class_list":{"0":"post-3931","1":"product","2":"type-product","3":"status-publish","4":"has-post-thumbnail","6":"product_cat-bucher","7":"product_cat-ebooks-de","8":"product_tag-erleuchtung","9":"product_tag-freiheit","10":"product_tag-gluck","11":"product_tag-indien","12":"product_tag-indische-meister","13":"product_tag-wahrheit","14":"product_tag-weisheit","16":"first","17":"instock","18":"taxable","19":"shipping-taxable","20":"purchasable","21":"product-type-variable"},"yoast_head":"<!-- This site is optimized with the Yoast SEO plugin v26.6 - https:\/\/yoast.com\/wordpress\/plugins\/seo\/ -->\n<title>eBook Nan Yar - Wer bin ich? - Spiritual Books &amp; Films Online Shop #1 | Open Sky Press DE<\/title>\n<meta name=\"robots\" content=\"index, follow, max-snippet:-1, max-image-preview:large, max-video-preview:-1\" \/>\n<link rel=\"canonical\" href=\"https:\/\/openskypress.com\/de\/product\/ebook-nan-yar-wer-bin-ich\/\" \/>\n<meta property=\"og:locale\" content=\"de_DE\" \/>\n<meta property=\"og:type\" content=\"article\" \/>\n<meta property=\"og:title\" content=\"eBook Nan Yar - Wer bin ich? - Spiritual Books &amp; Films Online Shop #1 | Open Sky Press DE\" \/>\n<meta property=\"og:description\" content=\"Auch als Buch erh\u00e4ltlich. Hier klicken  &nbsp;  Nan Yar ist ein klassischer spiritueller Text von einem der gr\u00f6\u00dften indischen Lehrer, Sri Ramana Maharshi, und eines der wichtigsten B\u00fccher des 20. Jahrhunderts. Nan Yar ist ein klassischer spiritueller Text von einem der gr\u00f6\u00dften indischen Lehrer, Sri Ramana Maharshi, und eines der wichtigsten B\u00fccher des 20. Jahrhunderts. Eine wundersch\u00f6ne Ausgabe, dem Originaltext wurden ber\u00fchrende Zitate und wundervolle Fotografien von Sri Ramana zugef\u00fcgt.\" \/>\n<meta property=\"og:url\" content=\"https:\/\/openskypress.com\/de\/product\/ebook-nan-yar-wer-bin-ich\/\" \/>\n<meta property=\"og:site_name\" content=\"Spiritual Books &amp; Films Online Shop #1 | Open Sky Press DE\" \/>\n<meta property=\"article:modified_time\" content=\"2026-01-22T09:10:25+00:00\" \/>\n<meta property=\"og:image\" content=\"https:\/\/openskypress.com\/wp-content\/uploads\/2019\/05\/ebook-nan-yar-wer-bin-ich.png\" \/>\n\t<meta property=\"og:image:width\" content=\"490\" \/>\n\t<meta property=\"og:image:height\" content=\"740\" \/>\n\t<meta property=\"og:image:type\" content=\"image\/png\" \/>\n<meta name=\"twitter:card\" content=\"summary_large_image\" \/>\n<script type=\"application\/ld+json\" class=\"yoast-schema-graph\">{\"@context\":\"https:\/\/schema.org\",\"@graph\":[{\"@type\":\"WebPage\",\"@id\":\"https:\/\/openskypress.com\/de\/product\/ebook-nan-yar-wer-bin-ich\/\",\"url\":\"https:\/\/openskypress.com\/de\/product\/ebook-nan-yar-wer-bin-ich\/\",\"name\":\"eBook Nan Yar - Wer bin ich? - Spiritual Books &amp; Films Online Shop #1 | Open Sky Press DE\",\"isPartOf\":{\"@id\":\"https:\/\/openskypress.com\/#website\"},\"primaryImageOfPage\":{\"@id\":\"https:\/\/openskypress.com\/de\/product\/ebook-nan-yar-wer-bin-ich\/#primaryimage\"},\"image\":{\"@id\":\"https:\/\/openskypress.com\/de\/product\/ebook-nan-yar-wer-bin-ich\/#primaryimage\"},\"thumbnailUrl\":\"https:\/\/openskypress.com\/wp-content\/uploads\/2019\/05\/ebook-nan-yar-wer-bin-ich.png\",\"datePublished\":\"2019-03-25T14:02:35+00:00\",\"dateModified\":\"2026-01-22T09:10:25+00:00\",\"breadcrumb\":{\"@id\":\"https:\/\/openskypress.com\/de\/product\/ebook-nan-yar-wer-bin-ich\/#breadcrumb\"},\"inLanguage\":\"de\",\"potentialAction\":[{\"@type\":\"ReadAction\",\"target\":[\"https:\/\/openskypress.com\/de\/product\/ebook-nan-yar-wer-bin-ich\/\"]}]},{\"@type\":\"ImageObject\",\"inLanguage\":\"de\",\"@id\":\"https:\/\/openskypress.com\/de\/product\/ebook-nan-yar-wer-bin-ich\/#primaryimage\",\"url\":\"https:\/\/openskypress.com\/wp-content\/uploads\/2019\/05\/ebook-nan-yar-wer-bin-ich.png\",\"contentUrl\":\"https:\/\/openskypress.com\/wp-content\/uploads\/2019\/05\/ebook-nan-yar-wer-bin-ich.png\",\"width\":490,\"height\":740,\"caption\":\"nan yar wer bin ich, ramana maharshi\"},{\"@type\":\"BreadcrumbList\",\"@id\":\"https:\/\/openskypress.com\/de\/product\/ebook-nan-yar-wer-bin-ich\/#breadcrumb\",\"itemListElement\":[{\"@type\":\"ListItem\",\"position\":1,\"name\":\"Home\",\"item\":\"https:\/\/openskypress.com\/es\/\"},{\"@type\":\"ListItem\",\"position\":2,\"name\":\"Shop\",\"item\":\"https:\/\/openskypress.com\/de\/shop\/\"},{\"@type\":\"ListItem\",\"position\":3,\"name\":\"eBook Nan Yar &#8211; Wer bin ich?\"}]},{\"@type\":\"WebSite\",\"@id\":\"https:\/\/openskypress.com\/#website\",\"url\":\"https:\/\/openskypress.com\/\",\"name\":\"Spiritual Books & Films Online Shop #1 | Open Sky Press\",\"description\":\"Best store of Books &amp; DVDs about Satsang, Indian &amp; Western philosophy &amp; yoga. Spiritual teachers talks about awakening, enlightenment and mindfulness\",\"publisher\":{\"@id\":\"https:\/\/openskypress.com\/#organization\"},\"potentialAction\":[{\"@type\":\"SearchAction\",\"target\":{\"@type\":\"EntryPoint\",\"urlTemplate\":\"https:\/\/openskypress.com\/?s={search_term_string}\"},\"query-input\":{\"@type\":\"PropertyValueSpecification\",\"valueRequired\":true,\"valueName\":\"search_term_string\"}}],\"inLanguage\":\"de\"},{\"@type\":\"Organization\",\"@id\":\"https:\/\/openskypress.com\/#organization\",\"name\":\"Spiritual Books & Films Online Shop #1 | Open Sky Press\",\"url\":\"https:\/\/openskypress.com\/\",\"logo\":{\"@type\":\"ImageObject\",\"inLanguage\":\"de\",\"@id\":\"https:\/\/openskypress.com\/#\/schema\/logo\/image\/\",\"url\":\"https:\/\/openskypress.com\/wp-content\/uploads\/2020\/02\/logo-osp-1.png\",\"contentUrl\":\"https:\/\/openskypress.com\/wp-content\/uploads\/2020\/02\/logo-osp-1.png\",\"width\":222,\"height\":219,\"caption\":\"Spiritual Books & Films Online Shop #1 | Open Sky Press\"},\"image\":{\"@id\":\"https:\/\/openskypress.com\/#\/schema\/logo\/image\/\"}}]}<\/script>\n<!-- \/ Yoast SEO plugin. -->","yoast_head_json":{"title":"eBook Nan Yar - Wer bin ich? - Spiritual Books &amp; Films Online Shop #1 | Open Sky Press DE","robots":{"index":"index","follow":"follow","max-snippet":"max-snippet:-1","max-image-preview":"max-image-preview:large","max-video-preview":"max-video-preview:-1"},"canonical":"https:\/\/openskypress.com\/de\/product\/ebook-nan-yar-wer-bin-ich\/","og_locale":"de_DE","og_type":"article","og_title":"eBook Nan Yar - Wer bin ich? - Spiritual Books &amp; Films Online Shop #1 | Open Sky Press DE","og_description":"Auch als Buch erh\u00e4ltlich. Hier klicken  &nbsp;  Nan Yar ist ein klassischer spiritueller Text von einem der gr\u00f6\u00dften indischen Lehrer, Sri Ramana Maharshi, und eines der wichtigsten B\u00fccher des 20. Jahrhunderts. Nan Yar ist ein klassischer spiritueller Text von einem der gr\u00f6\u00dften indischen Lehrer, Sri Ramana Maharshi, und eines der wichtigsten B\u00fccher des 20. Jahrhunderts. Eine wundersch\u00f6ne Ausgabe, dem Originaltext wurden ber\u00fchrende Zitate und wundervolle Fotografien von Sri Ramana zugef\u00fcgt.","og_url":"https:\/\/openskypress.com\/de\/product\/ebook-nan-yar-wer-bin-ich\/","og_site_name":"Spiritual Books &amp; Films Online Shop #1 | Open Sky Press DE","article_modified_time":"2026-01-22T09:10:25+00:00","og_image":[{"width":490,"height":740,"url":"https:\/\/openskypress.com\/wp-content\/uploads\/2019\/05\/ebook-nan-yar-wer-bin-ich.png","type":"image\/png"}],"twitter_card":"summary_large_image","schema":{"@context":"https:\/\/schema.org","@graph":[{"@type":"WebPage","@id":"https:\/\/openskypress.com\/de\/product\/ebook-nan-yar-wer-bin-ich\/","url":"https:\/\/openskypress.com\/de\/product\/ebook-nan-yar-wer-bin-ich\/","name":"eBook Nan Yar - Wer bin ich? - Spiritual Books &amp; Films Online Shop #1 | Open Sky Press DE","isPartOf":{"@id":"https:\/\/openskypress.com\/#website"},"primaryImageOfPage":{"@id":"https:\/\/openskypress.com\/de\/product\/ebook-nan-yar-wer-bin-ich\/#primaryimage"},"image":{"@id":"https:\/\/openskypress.com\/de\/product\/ebook-nan-yar-wer-bin-ich\/#primaryimage"},"thumbnailUrl":"https:\/\/openskypress.com\/wp-content\/uploads\/2019\/05\/ebook-nan-yar-wer-bin-ich.png","datePublished":"2019-03-25T14:02:35+00:00","dateModified":"2026-01-22T09:10:25+00:00","breadcrumb":{"@id":"https:\/\/openskypress.com\/de\/product\/ebook-nan-yar-wer-bin-ich\/#breadcrumb"},"inLanguage":"de","potentialAction":[{"@type":"ReadAction","target":["https:\/\/openskypress.com\/de\/product\/ebook-nan-yar-wer-bin-ich\/"]}]},{"@type":"ImageObject","inLanguage":"de","@id":"https:\/\/openskypress.com\/de\/product\/ebook-nan-yar-wer-bin-ich\/#primaryimage","url":"https:\/\/openskypress.com\/wp-content\/uploads\/2019\/05\/ebook-nan-yar-wer-bin-ich.png","contentUrl":"https:\/\/openskypress.com\/wp-content\/uploads\/2019\/05\/ebook-nan-yar-wer-bin-ich.png","width":490,"height":740,"caption":"nan yar wer bin ich, ramana maharshi"},{"@type":"BreadcrumbList","@id":"https:\/\/openskypress.com\/de\/product\/ebook-nan-yar-wer-bin-ich\/#breadcrumb","itemListElement":[{"@type":"ListItem","position":1,"name":"Home","item":"https:\/\/openskypress.com\/es\/"},{"@type":"ListItem","position":2,"name":"Shop","item":"https:\/\/openskypress.com\/de\/shop\/"},{"@type":"ListItem","position":3,"name":"eBook Nan Yar &#8211; Wer bin ich?"}]},{"@type":"WebSite","@id":"https:\/\/openskypress.com\/#website","url":"https:\/\/openskypress.com\/","name":"Spiritual Books & Films Online Shop #1 | Open Sky Press","description":"Best store of Books &amp; DVDs about Satsang, Indian &amp; Western philosophy &amp; yoga. Spiritual teachers talks about awakening, enlightenment and mindfulness","publisher":{"@id":"https:\/\/openskypress.com\/#organization"},"potentialAction":[{"@type":"SearchAction","target":{"@type":"EntryPoint","urlTemplate":"https:\/\/openskypress.com\/?s={search_term_string}"},"query-input":{"@type":"PropertyValueSpecification","valueRequired":true,"valueName":"search_term_string"}}],"inLanguage":"de"},{"@type":"Organization","@id":"https:\/\/openskypress.com\/#organization","name":"Spiritual Books & Films Online Shop #1 | Open Sky Press","url":"https:\/\/openskypress.com\/","logo":{"@type":"ImageObject","inLanguage":"de","@id":"https:\/\/openskypress.com\/#\/schema\/logo\/image\/","url":"https:\/\/openskypress.com\/wp-content\/uploads\/2020\/02\/logo-osp-1.png","contentUrl":"https:\/\/openskypress.com\/wp-content\/uploads\/2020\/02\/logo-osp-1.png","width":222,"height":219,"caption":"Spiritual Books & Films Online Shop #1 | Open Sky Press"},"image":{"@id":"https:\/\/openskypress.com\/#\/schema\/logo\/image\/"}}]}},"_links":{"self":[{"href":"https:\/\/openskypress.com\/de\/wp-json\/wp\/v2\/product\/3931","targetHints":{"allow":["GET"]}}],"collection":[{"href":"https:\/\/openskypress.com\/de\/wp-json\/wp\/v2\/product"}],"about":[{"href":"https:\/\/openskypress.com\/de\/wp-json\/wp\/v2\/types\/product"}],"replies":[{"embeddable":true,"href":"https:\/\/openskypress.com\/de\/wp-json\/wp\/v2\/comments?post=3931"}],"wp:featuredmedia":[{"embeddable":true,"href":"https:\/\/openskypress.com\/de\/wp-json\/wp\/v2\/media\/4985"}],"wp:attachment":[{"href":"https:\/\/openskypress.com\/de\/wp-json\/wp\/v2\/media?parent=3931"}],"wp:term":[{"taxonomy":"product_brand","embeddable":true,"href":"https:\/\/openskypress.com\/de\/wp-json\/wp\/v2\/product_brand?post=3931"},{"taxonomy":"product_cat","embeddable":true,"href":"https:\/\/openskypress.com\/de\/wp-json\/wp\/v2\/product_cat?post=3931"},{"taxonomy":"product_tag","embeddable":true,"href":"https:\/\/openskypress.com\/de\/wp-json\/wp\/v2\/product_tag?post=3931"}],"curies":[{"name":"wp","href":"https:\/\/api.w.org\/{rel}","templated":true}]}}