{"id":3930,"date":"2019-04-03T09:49:36","date_gmt":"2019-04-03T09:49:36","guid":{"rendered":"https:\/\/openskycharity.international\/product\/ebook-pointless-joy-of-freedom\/"},"modified":"2026-01-22T09:10:24","modified_gmt":"2026-01-22T09:10:24","slug":"ebook-grundlos-glucklich","status":"publish","type":"product","link":"https:\/\/openskypress.com\/de\/product\/ebook-grundlos-glucklich\/","title":{"rendered":"eBook Grundlos gl\u00fccklich"},"content":{"rendered":"<h2 align=\"justify\"><b>Grundlos gl\u00fccklich<\/b><\/h2>\n<p align=\"justify\">by John David<\/p>\n<p align=\"justify\"><a style=\"color: #0b5dcc; text-decoration: underline;\" href=\"https:\/\/openskycharity.international\/de\/product\/leseprobe-grundlos-gluecklich\/\"><strong><span style=\"font-size: 22px;\">Hier geht es zur kostenlose Leseprobe!<\/span><\/strong><\/a><\/p>\n<p align=\"justify\">Ein wertvoller Wegbegleiter von gro\u00dfer Tiefe, mit dem uns der englische spirituelle Lehrer John David die Weisheit der Menschheit an die Hand gibt. Die faszinierenden Zitate bedeutender spiritueller Pers\u00f6nlichkeiten aus allen Epochen und Traditionen bereichern John Davids Dialoge mit seinen Sch\u00fclern und inspirieren ihn zu erkenntnisreichen und humorvollen Interpretationen. Die faszinierenden Zitate bedeutender spiritueller Pers\u00f6nlichkeiten aus allen Epochen und Traditionen bereichern John Davids Dialoge mit seinen Sch\u00fclern und inspirieren ihn zu erkenntnisreichen und humorvollen Interpretationen.<\/p>\n<p align=\"justify\"><em>&#8222;John Davids neues Buch ist au\u00dfergew\u00f6hnlich gut, ein Meisterwerk.&#8220;<\/em><br \/>\nPaul Lowe, spiritueller Lehrer<\/p>\n<p align=\"justify\"><em>&#8222;Dieses Buch zeugt von einem tiefen Verst\u00e4ndnis der Natur der Realit\u00e4t. Es ist herzerw\u00e4rmend, herz\u00f6ffnend, verwandelnd und selbst ein Kunstwerk. Einfach gro\u00dfartig!&#8220;<\/em><br \/>\nArun<\/p>\n<p align=\"justify\"><a href=\"https:\/\/openskycharity.international\/de\/product\/ebook-grundlos-glucklich\/\"><i><u><b>Auch als Buch erh\u00e4ltlich. Hier klicken<\/b><\/u><\/i><\/a><\/p>\n\n    <div class=\"xs_social_share_widget xs_share_url after_content \t\tmain_content  wslu-style-1 wslu-share-box-shaped wslu-fill-colored wslu-none wslu-share-horizontal wslu-theme-font-no wslu-main_content\">\n\n\t\t\n        <ul>\n\t\t\t        <\/ul>\n    <\/div> \n","protected":false},"excerpt":{"rendered":"<p><i><u><b><\/b><\/u><\/i><i><u><b><a style=\"color: #0b5dcc; text-decoration: underline;\" href=\"https:\/\/openskycharity.international\/de\/product\/leseprobe-grundlos-gluecklich\/\"><strong><span style=\"font-size: 22px;\">Hier geht es zur kostenlose Leseprobe!<\/span><\/strong><\/a><\/b><\/u><\/i><\/p>\n<p class=\"p1\">Ein wertvoller Wegbegleiter von gro\u00dfer Tiefe, mit dem uns der englische spirituelle Lehrer John David die Weisheit der Menschheit an die Hand gibt. Die faszinierenden Zitate bedeutender spiritueller Pers\u00f6nlichkeiten aus allen Epochen und Traditionen bereichern John Davids Dialoge mit seinen Sch\u00fclern und inspirieren ihn zu erkenntnisreichen und humorvollen Interpretationen. Die faszinierenden Zitate bedeutender spiritueller Pers\u00f6nlichkeiten aus allen Epochen und Traditionen bereichern John Davids Dialoge mit seinen Sch\u00fclern und inspirieren ihn zu erkenntnisreichen und humorvollen Interpretationen.<\/p>\n<p><a href=\"https:\/\/openskycharity.international\/de\/product\/ebook-grundlos-glucklich\/\"><i><u><b>Auch als Buch erh\u00e4ltlich. Hier klicken<\/b><\/u><\/i><\/a><\/p>\n","protected":false},"featured_media":4192,"comment_status":"open","ping_status":"closed","template":"","meta":{"postBodyCss":"","postBodyMargin":[],"postBodyPadding":[],"postBodyBackground":{"backgroundType":"classic","gradient":""}},"product_brand":[],"product_cat":[369,390],"product_tag":[438,451,400,445,449,460],"class_list":{"0":"post-3930","1":"product","2":"type-product","3":"status-publish","4":"has-post-thumbnail","6":"product_cat-bucher","7":"product_cat-ebooks-de","8":"product_tag-freiheit","9":"product_tag-frieden","10":"product_tag-gemeinschaft","11":"product_tag-liebe","12":"product_tag-nondualitat","13":"product_tag-stille","15":"first","16":"instock","17":"taxable","18":"shipping-taxable","19":"purchasable","20":"product-type-variable"},"yoast_head":"<!-- This site is optimized with the Yoast SEO plugin v26.6 - https:\/\/yoast.com\/wordpress\/plugins\/seo\/ -->\n<title>eBook Grundlos gl\u00fccklich - Spiritual Books &amp; Films Online Shop #1 | Open Sky Press DE<\/title>\n<meta name=\"robots\" content=\"index, follow, max-snippet:-1, max-image-preview:large, max-video-preview:-1\" \/>\n<link rel=\"canonical\" href=\"https:\/\/openskypress.com\/de\/product\/ebook-grundlos-glucklich\/\" \/>\n<meta property=\"og:locale\" content=\"de_DE\" \/>\n<meta property=\"og:type\" content=\"article\" \/>\n<meta property=\"og:title\" content=\"eBook Grundlos gl\u00fccklich - Spiritual Books &amp; Films Online Shop #1 | Open Sky Press DE\" \/>\n<meta property=\"og:description\" content=\"Hier geht es zur kostenlose Leseprobe! Ein wertvoller Wegbegleiter von gro\u00dfer Tiefe, mit dem uns der englische spirituelle Lehrer John David die Weisheit der Menschheit an die Hand gibt. Die faszinierenden Zitate bedeutender spiritueller Pers\u00f6nlichkeiten aus allen Epochen und Traditionen bereichern John Davids Dialoge mit seinen Sch\u00fclern und inspirieren ihn zu erkenntnisreichen und humorvollen Interpretationen. Die faszinierenden Zitate bedeutender spiritueller Pers\u00f6nlichkeiten aus allen Epochen und Traditionen bereichern John Davids Dialoge mit seinen Sch\u00fclern und inspirieren ihn zu erkenntnisreichen und humorvollen Interpretationen. Auch als Buch erh\u00e4ltlich. Hier klicken\" \/>\n<meta property=\"og:url\" content=\"https:\/\/openskypress.com\/de\/product\/ebook-grundlos-glucklich\/\" \/>\n<meta property=\"og:site_name\" content=\"Spiritual Books &amp; Films Online Shop #1 | Open Sky Press DE\" \/>\n<meta property=\"article:modified_time\" content=\"2026-01-22T09:10:24+00:00\" \/>\n<meta property=\"og:image\" content=\"https:\/\/openskypress.com\/wp-content\/uploads\/2019\/05\/ebook-grundlos-gluecklich-freiheit.jpg\" \/>\n\t<meta property=\"og:image:width\" content=\"490\" \/>\n\t<meta property=\"og:image:height\" content=\"740\" \/>\n\t<meta property=\"og:image:type\" content=\"image\/jpeg\" \/>\n<meta name=\"twitter:card\" content=\"summary_large_image\" \/>\n<meta name=\"twitter:label1\" content=\"Gesch\u00e4tzte Lesezeit\" \/>\n\t<meta name=\"twitter:data1\" content=\"1\u00a0Minute\" \/>\n<script type=\"application\/ld+json\" class=\"yoast-schema-graph\">{\"@context\":\"https:\/\/schema.org\",\"@graph\":[{\"@type\":\"WebPage\",\"@id\":\"https:\/\/openskypress.com\/de\/product\/ebook-grundlos-glucklich\/\",\"url\":\"https:\/\/openskypress.com\/de\/product\/ebook-grundlos-glucklich\/\",\"name\":\"eBook Grundlos gl\u00fccklich - Spiritual Books &amp; Films Online Shop #1 | Open Sky Press DE\",\"isPartOf\":{\"@id\":\"https:\/\/openskypress.com\/#website\"},\"primaryImageOfPage\":{\"@id\":\"https:\/\/openskypress.com\/de\/product\/ebook-grundlos-glucklich\/#primaryimage\"},\"image\":{\"@id\":\"https:\/\/openskypress.com\/de\/product\/ebook-grundlos-glucklich\/#primaryimage\"},\"thumbnailUrl\":\"https:\/\/openskypress.com\/wp-content\/uploads\/2019\/05\/ebook-grundlos-gluecklich-freiheit.jpg\",\"datePublished\":\"2019-04-03T09:49:36+00:00\",\"dateModified\":\"2026-01-22T09:10:24+00:00\",\"breadcrumb\":{\"@id\":\"https:\/\/openskypress.com\/de\/product\/ebook-grundlos-glucklich\/#breadcrumb\"},\"inLanguage\":\"de\",\"potentialAction\":[{\"@type\":\"ReadAction\",\"target\":[\"https:\/\/openskypress.com\/de\/product\/ebook-grundlos-glucklich\/\"]}]},{\"@type\":\"ImageObject\",\"inLanguage\":\"de\",\"@id\":\"https:\/\/openskypress.com\/de\/product\/ebook-grundlos-glucklich\/#primaryimage\",\"url\":\"https:\/\/openskypress.com\/wp-content\/uploads\/2019\/05\/ebook-grundlos-gluecklich-freiheit.jpg\",\"contentUrl\":\"https:\/\/openskypress.com\/wp-content\/uploads\/2019\/05\/ebook-grundlos-gluecklich-freiheit.jpg\",\"width\":490,\"height\":740,\"caption\":\"grundlos gl\u00fccklich, john david, community, freiheit des seins\"},{\"@type\":\"BreadcrumbList\",\"@id\":\"https:\/\/openskypress.com\/de\/product\/ebook-grundlos-glucklich\/#breadcrumb\",\"itemListElement\":[{\"@type\":\"ListItem\",\"position\":1,\"name\":\"Home\",\"item\":\"https:\/\/openskypress.com\/es\/\"},{\"@type\":\"ListItem\",\"position\":2,\"name\":\"Shop\",\"item\":\"https:\/\/openskypress.com\/de\/shop\/\"},{\"@type\":\"ListItem\",\"position\":3,\"name\":\"eBook Grundlos gl\u00fccklich\"}]},{\"@type\":\"WebSite\",\"@id\":\"https:\/\/openskypress.com\/#website\",\"url\":\"https:\/\/openskypress.com\/\",\"name\":\"Spiritual Books & Films Online Shop #1 | Open Sky Press\",\"description\":\"Best store of Books &amp; DVDs about Satsang, Indian &amp; Western philosophy &amp; yoga. Spiritual teachers talks about awakening, enlightenment and mindfulness\",\"publisher\":{\"@id\":\"https:\/\/openskypress.com\/#organization\"},\"potentialAction\":[{\"@type\":\"SearchAction\",\"target\":{\"@type\":\"EntryPoint\",\"urlTemplate\":\"https:\/\/openskypress.com\/?s={search_term_string}\"},\"query-input\":{\"@type\":\"PropertyValueSpecification\",\"valueRequired\":true,\"valueName\":\"search_term_string\"}}],\"inLanguage\":\"de\"},{\"@type\":\"Organization\",\"@id\":\"https:\/\/openskypress.com\/#organization\",\"name\":\"Spiritual Books & Films Online Shop #1 | Open Sky Press\",\"url\":\"https:\/\/openskypress.com\/\",\"logo\":{\"@type\":\"ImageObject\",\"inLanguage\":\"de\",\"@id\":\"https:\/\/openskypress.com\/#\/schema\/logo\/image\/\",\"url\":\"https:\/\/openskypress.com\/wp-content\/uploads\/2020\/02\/logo-osp-1.png\",\"contentUrl\":\"https:\/\/openskypress.com\/wp-content\/uploads\/2020\/02\/logo-osp-1.png\",\"width\":222,\"height\":219,\"caption\":\"Spiritual Books & Films Online Shop #1 | Open Sky Press\"},\"image\":{\"@id\":\"https:\/\/openskypress.com\/#\/schema\/logo\/image\/\"}}]}<\/script>\n<!-- \/ Yoast SEO plugin. -->","yoast_head_json":{"title":"eBook Grundlos gl\u00fccklich - Spiritual Books &amp; Films Online Shop #1 | Open Sky Press DE","robots":{"index":"index","follow":"follow","max-snippet":"max-snippet:-1","max-image-preview":"max-image-preview:large","max-video-preview":"max-video-preview:-1"},"canonical":"https:\/\/openskypress.com\/de\/product\/ebook-grundlos-glucklich\/","og_locale":"de_DE","og_type":"article","og_title":"eBook Grundlos gl\u00fccklich - Spiritual Books &amp; Films Online Shop #1 | Open Sky Press DE","og_description":"Hier geht es zur kostenlose Leseprobe! Ein wertvoller Wegbegleiter von gro\u00dfer Tiefe, mit dem uns der englische spirituelle Lehrer John David die Weisheit der Menschheit an die Hand gibt. Die faszinierenden Zitate bedeutender spiritueller Pers\u00f6nlichkeiten aus allen Epochen und Traditionen bereichern John Davids Dialoge mit seinen Sch\u00fclern und inspirieren ihn zu erkenntnisreichen und humorvollen Interpretationen. Die faszinierenden Zitate bedeutender spiritueller Pers\u00f6nlichkeiten aus allen Epochen und Traditionen bereichern John Davids Dialoge mit seinen Sch\u00fclern und inspirieren ihn zu erkenntnisreichen und humorvollen Interpretationen. Auch als Buch erh\u00e4ltlich. Hier klicken","og_url":"https:\/\/openskypress.com\/de\/product\/ebook-grundlos-glucklich\/","og_site_name":"Spiritual Books &amp; Films Online Shop #1 | Open Sky Press DE","article_modified_time":"2026-01-22T09:10:24+00:00","og_image":[{"width":490,"height":740,"url":"https:\/\/openskypress.com\/wp-content\/uploads\/2019\/05\/ebook-grundlos-gluecklich-freiheit.jpg","type":"image\/jpeg"}],"twitter_card":"summary_large_image","twitter_misc":{"Gesch\u00e4tzte Lesezeit":"1\u00a0Minute"},"schema":{"@context":"https:\/\/schema.org","@graph":[{"@type":"WebPage","@id":"https:\/\/openskypress.com\/de\/product\/ebook-grundlos-glucklich\/","url":"https:\/\/openskypress.com\/de\/product\/ebook-grundlos-glucklich\/","name":"eBook Grundlos gl\u00fccklich - Spiritual Books &amp; Films Online Shop #1 | Open Sky Press DE","isPartOf":{"@id":"https:\/\/openskypress.com\/#website"},"primaryImageOfPage":{"@id":"https:\/\/openskypress.com\/de\/product\/ebook-grundlos-glucklich\/#primaryimage"},"image":{"@id":"https:\/\/openskypress.com\/de\/product\/ebook-grundlos-glucklich\/#primaryimage"},"thumbnailUrl":"https:\/\/openskypress.com\/wp-content\/uploads\/2019\/05\/ebook-grundlos-gluecklich-freiheit.jpg","datePublished":"2019-04-03T09:49:36+00:00","dateModified":"2026-01-22T09:10:24+00:00","breadcrumb":{"@id":"https:\/\/openskypress.com\/de\/product\/ebook-grundlos-glucklich\/#breadcrumb"},"inLanguage":"de","potentialAction":[{"@type":"ReadAction","target":["https:\/\/openskypress.com\/de\/product\/ebook-grundlos-glucklich\/"]}]},{"@type":"ImageObject","inLanguage":"de","@id":"https:\/\/openskypress.com\/de\/product\/ebook-grundlos-glucklich\/#primaryimage","url":"https:\/\/openskypress.com\/wp-content\/uploads\/2019\/05\/ebook-grundlos-gluecklich-freiheit.jpg","contentUrl":"https:\/\/openskypress.com\/wp-content\/uploads\/2019\/05\/ebook-grundlos-gluecklich-freiheit.jpg","width":490,"height":740,"caption":"grundlos gl\u00fccklich, john david, community, freiheit des seins"},{"@type":"BreadcrumbList","@id":"https:\/\/openskypress.com\/de\/product\/ebook-grundlos-glucklich\/#breadcrumb","itemListElement":[{"@type":"ListItem","position":1,"name":"Home","item":"https:\/\/openskypress.com\/es\/"},{"@type":"ListItem","position":2,"name":"Shop","item":"https:\/\/openskypress.com\/de\/shop\/"},{"@type":"ListItem","position":3,"name":"eBook Grundlos gl\u00fccklich"}]},{"@type":"WebSite","@id":"https:\/\/openskypress.com\/#website","url":"https:\/\/openskypress.com\/","name":"Spiritual Books & Films Online Shop #1 | Open Sky Press","description":"Best store of Books &amp; DVDs about Satsang, Indian &amp; Western philosophy &amp; yoga. Spiritual teachers talks about awakening, enlightenment and mindfulness","publisher":{"@id":"https:\/\/openskypress.com\/#organization"},"potentialAction":[{"@type":"SearchAction","target":{"@type":"EntryPoint","urlTemplate":"https:\/\/openskypress.com\/?s={search_term_string}"},"query-input":{"@type":"PropertyValueSpecification","valueRequired":true,"valueName":"search_term_string"}}],"inLanguage":"de"},{"@type":"Organization","@id":"https:\/\/openskypress.com\/#organization","name":"Spiritual Books & Films Online Shop #1 | Open Sky Press","url":"https:\/\/openskypress.com\/","logo":{"@type":"ImageObject","inLanguage":"de","@id":"https:\/\/openskypress.com\/#\/schema\/logo\/image\/","url":"https:\/\/openskypress.com\/wp-content\/uploads\/2020\/02\/logo-osp-1.png","contentUrl":"https:\/\/openskypress.com\/wp-content\/uploads\/2020\/02\/logo-osp-1.png","width":222,"height":219,"caption":"Spiritual Books & Films Online Shop #1 | Open Sky Press"},"image":{"@id":"https:\/\/openskypress.com\/#\/schema\/logo\/image\/"}}]}},"_links":{"self":[{"href":"https:\/\/openskypress.com\/de\/wp-json\/wp\/v2\/product\/3930","targetHints":{"allow":["GET"]}}],"collection":[{"href":"https:\/\/openskypress.com\/de\/wp-json\/wp\/v2\/product"}],"about":[{"href":"https:\/\/openskypress.com\/de\/wp-json\/wp\/v2\/types\/product"}],"replies":[{"embeddable":true,"href":"https:\/\/openskypress.com\/de\/wp-json\/wp\/v2\/comments?post=3930"}],"wp:featuredmedia":[{"embeddable":true,"href":"https:\/\/openskypress.com\/de\/wp-json\/wp\/v2\/media\/4192"}],"wp:attachment":[{"href":"https:\/\/openskypress.com\/de\/wp-json\/wp\/v2\/media?parent=3930"}],"wp:term":[{"taxonomy":"product_brand","embeddable":true,"href":"https:\/\/openskypress.com\/de\/wp-json\/wp\/v2\/product_brand?post=3930"},{"taxonomy":"product_cat","embeddable":true,"href":"https:\/\/openskypress.com\/de\/wp-json\/wp\/v2\/product_cat?post=3930"},{"taxonomy":"product_tag","embeddable":true,"href":"https:\/\/openskypress.com\/de\/wp-json\/wp\/v2\/product_tag?post=3930"}],"curies":[{"name":"wp","href":"https:\/\/api.w.org\/{rel}","templated":true}]}}