{"id":3816,"date":"2019-04-03T09:49:47","date_gmt":"2019-04-03T09:49:47","guid":{"rendered":"https:\/\/openskycharity.international\/product\/arunachala-talks\/"},"modified":"2026-01-22T09:10:24","modified_gmt":"2026-01-22T09:10:24","slug":"arunachala-satsangs","status":"publish","type":"product","link":"https:\/\/openskypress.com\/de\/product\/arunachala-satsangs\/","title":{"rendered":"Buch Arunachala Satsangs"},"content":{"rendered":"<div align=\"left\"><a href=\"https:\/\/openskycharity.international\/de\/produkt\/ebook-arunachala-satsangs\/\"><i><u><b>Auch als eBook erh\u00e4ltlich. Hier klicken<\/b><\/u><\/i><\/a><\/div>\n<div align=\"justify\"><\/div>\n<h2 align=\"justify\">Arunachala Satsangs<\/h2>\n<p align=\"justify\">by John David<\/p>\n<p align=\"justify\"><i>Du kannst es Stille, Leere, das Selbst oder sogar Gott nennen, und wir k\u00f6nnen dahin gelangen, indem wir einfach still sind. Dort flie\u00dft \u00fcberw\u00e4ltigende Liebe wie eine Gebirgsquelle.<\/i><br \/>\nJohn David<\/p>\n<p>Acht Gespr\u00e4che vom Arunachala, S\u00fcdindien.\u00a0Sie sind Ansto\u00df, das von unserem Verstand errichtete Gef\u00e4ngnis einzurei\u00dfen. Alles wird aus dem Weg ger\u00e4umt, was einen Suchenden, der aus der Illusion aussteigen will, aufhalten k\u00f6nnte. John David zeigt auf humorvolle Weise, dass wir nicht die Erfahrung \u201emein Leben\u201c sind, sondern das Bewusstsein, in dem diese Erfahrung erscheint. Er betont, wie wirkungsvoll Hingabe, Vertrauen und Schicksal sind. Sie haben die Kraft, uns in die Pr\u00e4senz zu f\u00fchren.<\/p>\n<p><i>Ich habe den gro\u00dfen Wert der Selbsterforschung erkannt, so wie sie von Ramana Maharshi gelehrt wurde. \u201eWer bin ich?\u201c und \u201eSei wie du bist!\u201c sind die Hauptaussagen der Botschaft, die ich \u00fcberbringen m\u00f6chte. Sie liegen allen Gespr\u00e4chen in diesem Buch zu Grunde. \u00a0<\/i>John David<\/p>\n<p>John David erz\u00e4hlt von einem Moment mit seinem Meister Papaji: Das Selbst offenbarte sich und es wurde sichtbar, dass dies meine Wahre Natur war, von der ich im Grunde immer schon gewusst hatte. Dieses Treffen brachte einen totalen Wandel in mein Leben. In nur einem Augenblick war die Identifikation mit John David und seiner Geschichte v\u00f6llig durchtrennt worden. Von einer Sekunde zur n\u00e4chsten hatte ein enormer Wandel stattgefunden, der nur als ein Erwachen zum Selbst beschrieben werden kann.<\/p>\n\n    <div class=\"xs_social_share_widget xs_share_url after_content \t\tmain_content  wslu-style-1 wslu-share-box-shaped wslu-fill-colored wslu-none wslu-share-horizontal wslu-theme-font-no wslu-main_content\">\n\n\t\t\n        <ul>\n\t\t\t        <\/ul>\n    <\/div> \n","protected":false},"excerpt":{"rendered":"<p><a href=\"https:\/\/openskycharity.international\/de\/produkt\/ebook-arunachala-satsangs\/\"><i><u><b>Auch als eBook erh\u00e4ltlich. Hier klicken<\/b><\/u><\/i><\/a><\/p>\n<p>&nbsp;<\/p>\n<p>Acht Gespr\u00e4che vom Arunachala, S\u00fcdindien, in denen uns John David liebevoll und humorvoll dahin f\u00fchrt zu sehen, dass wir nicht die Erfahrung \u201emein Leben\u201c sind, sondern vielmehr das Gewahrsein, in dem diese Erfahrung stattfindet.<\/p>\n","protected":false},"featured_media":3369,"comment_status":"open","ping_status":"closed","template":"","meta":{"postBodyCss":"","postBodyMargin":[],"postBodyPadding":[],"postBodyBackground":{"backgroundType":"classic","gradient":""}},"product_brand":[],"product_cat":[369,370,386],"product_tag":[372,373,438,374,400,440,375,436,445,484,581,376,377,378,379,380,460,463,382],"class_list":{"0":"post-3816","1":"product","2":"type-product","3":"status-publish","4":"has-post-thumbnail","6":"product_cat-bucher","7":"product_cat-john-david-de","8":"product_cat-open-sky-press-buecher","9":"product_tag-advaita-de","10":"product_tag-arunachala-de","11":"product_tag-freiheit","12":"product_tag-ganagaji-de","13":"product_tag-gemeinschaft","14":"product_tag-gluck","15":"product_tag-john-david-de","16":"product_tag-leerheit","17":"product_tag-liebe","18":"product_tag-mooji-de","19":"product_tag-open-sky-press-de","20":"product_tag-philosophie-de","21":"product_tag-premananda-de","22":"product_tag-ramana-maharshi-de","23":"product_tag-satsang-de","24":"product_tag-spirituality-de","25":"product_tag-stille","26":"product_tag-vertrauen","27":"product_tag-who-am-i-de","29":"first","30":"instock","31":"taxable","32":"shipping-taxable","33":"purchasable","34":"product-type-simple"},"yoast_head":"<!-- This site is optimized with the Yoast SEO plugin v26.6 - https:\/\/yoast.com\/wordpress\/plugins\/seo\/ -->\n<title>Buch Arunachala Satsangs - Spiritual Books &amp; Films Online Shop #1 | Open Sky Press DE<\/title>\n<meta name=\"robots\" content=\"index, follow, max-snippet:-1, max-image-preview:large, max-video-preview:-1\" \/>\n<link rel=\"canonical\" href=\"https:\/\/openskypress.com\/de\/product\/arunachala-satsangs\/\" \/>\n<meta property=\"og:locale\" content=\"de_DE\" \/>\n<meta property=\"og:type\" content=\"article\" \/>\n<meta property=\"og:title\" content=\"Buch Arunachala Satsangs - Spiritual Books &amp; Films Online Shop #1 | Open Sky Press DE\" \/>\n<meta property=\"og:description\" content=\"Auch als eBook erh\u00e4ltlich. Hier klicken  &nbsp;  Acht Gespr\u00e4che vom Arunachala, S\u00fcdindien, in denen uns John David liebevoll und humorvoll dahin f\u00fchrt zu sehen, dass wir nicht die Erfahrung \u201emein Leben\u201c sind, sondern vielmehr das Gewahrsein, in dem diese Erfahrung stattfindet.\" \/>\n<meta property=\"og:url\" content=\"https:\/\/openskypress.com\/de\/product\/arunachala-satsangs\/\" \/>\n<meta property=\"og:site_name\" content=\"Spiritual Books &amp; Films Online Shop #1 | Open Sky Press DE\" \/>\n<meta property=\"article:modified_time\" content=\"2026-01-22T09:10:24+00:00\" \/>\n<meta property=\"og:image\" content=\"https:\/\/openskypress.com\/wp-content\/uploads\/2019\/04\/arunachala-satsang.jpg\" \/>\n\t<meta property=\"og:image:width\" content=\"490\" \/>\n\t<meta property=\"og:image:height\" content=\"740\" \/>\n\t<meta property=\"og:image:type\" content=\"image\/jpeg\" \/>\n<meta name=\"twitter:card\" content=\"summary_large_image\" \/>\n<meta name=\"twitter:label1\" content=\"Gesch\u00e4tzte Lesezeit\" \/>\n\t<meta name=\"twitter:data1\" content=\"1\u00a0Minute\" \/>\n<script type=\"application\/ld+json\" class=\"yoast-schema-graph\">{\"@context\":\"https:\/\/schema.org\",\"@graph\":[{\"@type\":\"WebPage\",\"@id\":\"https:\/\/openskypress.com\/de\/product\/arunachala-satsangs\/\",\"url\":\"https:\/\/openskypress.com\/de\/product\/arunachala-satsangs\/\",\"name\":\"Buch Arunachala Satsangs - Spiritual Books &amp; Films Online Shop #1 | Open Sky Press DE\",\"isPartOf\":{\"@id\":\"https:\/\/openskypress.com\/#website\"},\"primaryImageOfPage\":{\"@id\":\"https:\/\/openskypress.com\/de\/product\/arunachala-satsangs\/#primaryimage\"},\"image\":{\"@id\":\"https:\/\/openskypress.com\/de\/product\/arunachala-satsangs\/#primaryimage\"},\"thumbnailUrl\":\"https:\/\/openskypress.com\/wp-content\/uploads\/2019\/04\/arunachala-satsang.jpg\",\"datePublished\":\"2019-04-03T09:49:47+00:00\",\"dateModified\":\"2026-01-22T09:10:24+00:00\",\"breadcrumb\":{\"@id\":\"https:\/\/openskypress.com\/de\/product\/arunachala-satsangs\/#breadcrumb\"},\"inLanguage\":\"de\",\"potentialAction\":[{\"@type\":\"ReadAction\",\"target\":[\"https:\/\/openskypress.com\/de\/product\/arunachala-satsangs\/\"]}]},{\"@type\":\"ImageObject\",\"inLanguage\":\"de\",\"@id\":\"https:\/\/openskypress.com\/de\/product\/arunachala-satsangs\/#primaryimage\",\"url\":\"https:\/\/openskypress.com\/wp-content\/uploads\/2019\/04\/arunachala-satsang.jpg\",\"contentUrl\":\"https:\/\/openskypress.com\/wp-content\/uploads\/2019\/04\/arunachala-satsang.jpg\",\"width\":490,\"height\":740,\"caption\":\"arunachala, arunachala satsang, john david satsang\"},{\"@type\":\"BreadcrumbList\",\"@id\":\"https:\/\/openskypress.com\/de\/product\/arunachala-satsangs\/#breadcrumb\",\"itemListElement\":[{\"@type\":\"ListItem\",\"position\":1,\"name\":\"Home\",\"item\":\"https:\/\/openskypress.com\/es\/\"},{\"@type\":\"ListItem\",\"position\":2,\"name\":\"Shop\",\"item\":\"https:\/\/openskypress.com\/de\/shop\/\"},{\"@type\":\"ListItem\",\"position\":3,\"name\":\"Buch Arunachala Satsangs\"}]},{\"@type\":\"WebSite\",\"@id\":\"https:\/\/openskypress.com\/#website\",\"url\":\"https:\/\/openskypress.com\/\",\"name\":\"Spiritual Books & Films Online Shop #1 | Open Sky Press\",\"description\":\"Best store of Books &amp; DVDs about Satsang, Indian &amp; Western philosophy &amp; yoga. Spiritual teachers talks about awakening, enlightenment and mindfulness\",\"publisher\":{\"@id\":\"https:\/\/openskypress.com\/#organization\"},\"potentialAction\":[{\"@type\":\"SearchAction\",\"target\":{\"@type\":\"EntryPoint\",\"urlTemplate\":\"https:\/\/openskypress.com\/?s={search_term_string}\"},\"query-input\":{\"@type\":\"PropertyValueSpecification\",\"valueRequired\":true,\"valueName\":\"search_term_string\"}}],\"inLanguage\":\"de\"},{\"@type\":\"Organization\",\"@id\":\"https:\/\/openskypress.com\/#organization\",\"name\":\"Spiritual Books & Films Online Shop #1 | Open Sky Press\",\"url\":\"https:\/\/openskypress.com\/\",\"logo\":{\"@type\":\"ImageObject\",\"inLanguage\":\"de\",\"@id\":\"https:\/\/openskypress.com\/#\/schema\/logo\/image\/\",\"url\":\"https:\/\/openskypress.com\/wp-content\/uploads\/2020\/02\/logo-osp-1.png\",\"contentUrl\":\"https:\/\/openskypress.com\/wp-content\/uploads\/2020\/02\/logo-osp-1.png\",\"width\":222,\"height\":219,\"caption\":\"Spiritual Books & Films Online Shop #1 | Open Sky Press\"},\"image\":{\"@id\":\"https:\/\/openskypress.com\/#\/schema\/logo\/image\/\"}}]}<\/script>\n<!-- \/ Yoast SEO plugin. -->","yoast_head_json":{"title":"Buch Arunachala Satsangs - Spiritual Books &amp; Films Online Shop #1 | Open Sky Press DE","robots":{"index":"index","follow":"follow","max-snippet":"max-snippet:-1","max-image-preview":"max-image-preview:large","max-video-preview":"max-video-preview:-1"},"canonical":"https:\/\/openskypress.com\/de\/product\/arunachala-satsangs\/","og_locale":"de_DE","og_type":"article","og_title":"Buch Arunachala Satsangs - Spiritual Books &amp; Films Online Shop #1 | Open Sky Press DE","og_description":"Auch als eBook erh\u00e4ltlich. Hier klicken  &nbsp;  Acht Gespr\u00e4che vom Arunachala, S\u00fcdindien, in denen uns John David liebevoll und humorvoll dahin f\u00fchrt zu sehen, dass wir nicht die Erfahrung \u201emein Leben\u201c sind, sondern vielmehr das Gewahrsein, in dem diese Erfahrung stattfindet.","og_url":"https:\/\/openskypress.com\/de\/product\/arunachala-satsangs\/","og_site_name":"Spiritual Books &amp; Films Online Shop #1 | Open Sky Press DE","article_modified_time":"2026-01-22T09:10:24+00:00","og_image":[{"width":490,"height":740,"url":"https:\/\/openskypress.com\/wp-content\/uploads\/2019\/04\/arunachala-satsang.jpg","type":"image\/jpeg"}],"twitter_card":"summary_large_image","twitter_misc":{"Gesch\u00e4tzte Lesezeit":"1\u00a0Minute"},"schema":{"@context":"https:\/\/schema.org","@graph":[{"@type":"WebPage","@id":"https:\/\/openskypress.com\/de\/product\/arunachala-satsangs\/","url":"https:\/\/openskypress.com\/de\/product\/arunachala-satsangs\/","name":"Buch Arunachala Satsangs - Spiritual Books &amp; Films Online Shop #1 | Open Sky Press DE","isPartOf":{"@id":"https:\/\/openskypress.com\/#website"},"primaryImageOfPage":{"@id":"https:\/\/openskypress.com\/de\/product\/arunachala-satsangs\/#primaryimage"},"image":{"@id":"https:\/\/openskypress.com\/de\/product\/arunachala-satsangs\/#primaryimage"},"thumbnailUrl":"https:\/\/openskypress.com\/wp-content\/uploads\/2019\/04\/arunachala-satsang.jpg","datePublished":"2019-04-03T09:49:47+00:00","dateModified":"2026-01-22T09:10:24+00:00","breadcrumb":{"@id":"https:\/\/openskypress.com\/de\/product\/arunachala-satsangs\/#breadcrumb"},"inLanguage":"de","potentialAction":[{"@type":"ReadAction","target":["https:\/\/openskypress.com\/de\/product\/arunachala-satsangs\/"]}]},{"@type":"ImageObject","inLanguage":"de","@id":"https:\/\/openskypress.com\/de\/product\/arunachala-satsangs\/#primaryimage","url":"https:\/\/openskypress.com\/wp-content\/uploads\/2019\/04\/arunachala-satsang.jpg","contentUrl":"https:\/\/openskypress.com\/wp-content\/uploads\/2019\/04\/arunachala-satsang.jpg","width":490,"height":740,"caption":"arunachala, arunachala satsang, john david satsang"},{"@type":"BreadcrumbList","@id":"https:\/\/openskypress.com\/de\/product\/arunachala-satsangs\/#breadcrumb","itemListElement":[{"@type":"ListItem","position":1,"name":"Home","item":"https:\/\/openskypress.com\/es\/"},{"@type":"ListItem","position":2,"name":"Shop","item":"https:\/\/openskypress.com\/de\/shop\/"},{"@type":"ListItem","position":3,"name":"Buch Arunachala Satsangs"}]},{"@type":"WebSite","@id":"https:\/\/openskypress.com\/#website","url":"https:\/\/openskypress.com\/","name":"Spiritual Books & Films Online Shop #1 | Open Sky Press","description":"Best store of Books &amp; DVDs about Satsang, Indian &amp; Western philosophy &amp; yoga. Spiritual teachers talks about awakening, enlightenment and mindfulness","publisher":{"@id":"https:\/\/openskypress.com\/#organization"},"potentialAction":[{"@type":"SearchAction","target":{"@type":"EntryPoint","urlTemplate":"https:\/\/openskypress.com\/?s={search_term_string}"},"query-input":{"@type":"PropertyValueSpecification","valueRequired":true,"valueName":"search_term_string"}}],"inLanguage":"de"},{"@type":"Organization","@id":"https:\/\/openskypress.com\/#organization","name":"Spiritual Books & Films Online Shop #1 | Open Sky Press","url":"https:\/\/openskypress.com\/","logo":{"@type":"ImageObject","inLanguage":"de","@id":"https:\/\/openskypress.com\/#\/schema\/logo\/image\/","url":"https:\/\/openskypress.com\/wp-content\/uploads\/2020\/02\/logo-osp-1.png","contentUrl":"https:\/\/openskypress.com\/wp-content\/uploads\/2020\/02\/logo-osp-1.png","width":222,"height":219,"caption":"Spiritual Books & Films Online Shop #1 | Open Sky Press"},"image":{"@id":"https:\/\/openskypress.com\/#\/schema\/logo\/image\/"}}]}},"_links":{"self":[{"href":"https:\/\/openskypress.com\/de\/wp-json\/wp\/v2\/product\/3816","targetHints":{"allow":["GET"]}}],"collection":[{"href":"https:\/\/openskypress.com\/de\/wp-json\/wp\/v2\/product"}],"about":[{"href":"https:\/\/openskypress.com\/de\/wp-json\/wp\/v2\/types\/product"}],"replies":[{"embeddable":true,"href":"https:\/\/openskypress.com\/de\/wp-json\/wp\/v2\/comments?post=3816"}],"wp:featuredmedia":[{"embeddable":true,"href":"https:\/\/openskypress.com\/de\/wp-json\/wp\/v2\/media\/3369"}],"wp:attachment":[{"href":"https:\/\/openskypress.com\/de\/wp-json\/wp\/v2\/media?parent=3816"}],"wp:term":[{"taxonomy":"product_brand","embeddable":true,"href":"https:\/\/openskypress.com\/de\/wp-json\/wp\/v2\/product_brand?post=3816"},{"taxonomy":"product_cat","embeddable":true,"href":"https:\/\/openskypress.com\/de\/wp-json\/wp\/v2\/product_cat?post=3816"},{"taxonomy":"product_tag","embeddable":true,"href":"https:\/\/openskypress.com\/de\/wp-json\/wp\/v2\/product_tag?post=3816"}],"curies":[{"name":"wp","href":"https:\/\/api.w.org\/{rel}","templated":true}]}}