{"id":3810,"date":"2019-04-04T10:57:29","date_gmt":"2019-04-04T10:57:29","guid":{"rendered":"https:\/\/openskycharity.international\/product\/european-masters\/"},"modified":"2026-02-07T15:59:14","modified_gmt":"2026-02-07T15:59:14","slug":"europaische-meister","status":"publish","type":"product","link":"https:\/\/openskypress.com\/de\/product\/europaische-meister\/","title":{"rendered":"Buch Europ\u00e4ische Meister"},"content":{"rendered":"<div align=\"left\"><i><u><b><\/b><\/u><\/i><i><u><b><a href=\"https:\/\/openskycharity.international\/de\/product\/ebook-europaeische-meister\/\">Auch als eBook erh\u00e4ltlich. Hier klicken<\/a><\/b><\/u><\/i><\/div>\n<p align=\"justify\"><b>Dialoge \u00fcber Sri Ramana Maharshis Lehre \u201eWer bin Ich?\u201c<\/b><\/p>\n<p>CHRISTOPHER TITMUSS, DEVA PREMAL &amp; MITEN, DOLANO, MOOJI, KARL RENZ,<br \/>\nFRANCIS LUCILLE, OM C. PARKIN, JOHN DAVID, RUPERT SPIRA AND TONY PARSONS.<\/p>\n<p>Elf erfahrene spirituelle Lehrer schlagen eine Br\u00fccke von den alten zeitlosen Lehren Indiens zu den psychologischen Erkenntnissen der heutigen Zeit. Die au\u00dfergew\u00f6hnliche Begegnung von den Advaita Lehren Sri Ramana Maharshis und der modernen Psychologie ist ideal f\u00fcr den westlichen Sucher.<\/p>\n<p>Die uralte Weisheit der Menschheit, von Generation zu Generation durch die Linie der Meister weitergegeben, wird hier auf vielschichtige und verst\u00e4ndliche Weise beleuchtet. Bekannte Lehrer, beantworten in faszinierenden Interviews die gro\u00dfen Fragen der Spiritualit\u00e4t. Eine kostbare Schatzkiste mit wundersch\u00f6nen Fotos von allen Lehrern. Ein Buch f\u00fcr alle, die wissen wollen, wer sie wirklich sind.<\/p>\n\n    <div class=\"xs_social_share_widget xs_share_url after_content \t\tmain_content  wslu-style-1 wslu-share-box-shaped wslu-fill-colored wslu-none wslu-share-horizontal wslu-theme-font-no wslu-main_content\">\n\n\t\t\n        <ul>\n\t\t\t        <\/ul>\n    <\/div> \n","protected":false},"excerpt":{"rendered":"<p>Neu gestaltete und \u00fcberarbeitete Version des urspr\u00fcnglichen Bestsellers<\/p>\n<p>Europ\u00e4ische Meister ist f\u00fcr alle, die ein inneres Feuer in sich tragen und wissen wollen, wer sie sind und was sie hier als Mensch tun. Es ist fur alle, die sich die Frage \u201eWer bin ich?\u201c stellen und die Sri Ramana Maharshis Lehre folgen wollen \u201eSei wie du bist!\u201c<\/p>\n<p><a href=\"https:\/\/openskycharity.international\/de\/product\/ebook-europaeische-meister\/\"><i><u><b>Auch als eBook erh\u00e4ltlich. Hier klicken<\/b><\/u><\/i><\/a><\/p>\n<p>&nbsp;<\/p>\n<p class=\"p1\">Kostbare Dialoge mit 11 europ\u00e4ischen Meistern \u00fcber die Lehre von Sri Ramana Maharshi.<\/p>\n","protected":false},"featured_media":13796,"comment_status":"open","ping_status":"closed","template":"","meta":{"postBodyCss":"","postBodyMargin":[],"postBodyPadding":[],"postBodyBackground":{"backgroundType":"classic","gradient":""}},"product_brand":[],"product_cat":[1246,369,370,386,385],"product_tag":[],"class_list":{"0":"post-3810","1":"product","2":"type-product","3":"status-publish","4":"has-post-thumbnail","6":"product_cat-westliche-meister","7":"product_cat-bucher","8":"product_cat-john-david-de","9":"product_cat-open-sky-press-buecher","10":"product_cat-weitere-spirituelle-meister","12":"first","13":"instock","14":"taxable","15":"shipping-taxable","16":"purchasable","17":"product-type-simple"},"yoast_head":"<!-- This site is optimized with the Yoast SEO plugin v26.6 - https:\/\/yoast.com\/wordpress\/plugins\/seo\/ -->\n<title>Buch Europ\u00e4ische Meister - Spiritual Books &amp; Films Online Shop #1 | Open Sky Press DE<\/title>\n<meta name=\"robots\" content=\"index, follow, max-snippet:-1, max-image-preview:large, max-video-preview:-1\" \/>\n<link rel=\"canonical\" href=\"https:\/\/openskypress.com\/de\/product\/europaische-meister\/\" \/>\n<meta property=\"og:locale\" content=\"de_DE\" \/>\n<meta property=\"og:type\" content=\"article\" \/>\n<meta property=\"og:title\" content=\"Buch Europ\u00e4ische Meister - Spiritual Books &amp; Films Online Shop #1 | Open Sky Press DE\" \/>\n<meta property=\"og:description\" content=\"Neu gestaltete und \u00fcberarbeitete Version des urspr\u00fcnglichen Bestsellers  Europ\u00e4ische Meister ist f\u00fcr alle, die ein inneres Feuer in sich tragen und wissen wollen, wer sie sind und was sie hier als Mensch tun. Es ist fur alle, die sich die Frage \u201eWer bin ich?\u201c stellen und die Sri Ramana Maharshis Lehre folgen wollen \u201eSei wie du bist!\u201c  Auch als eBook erh\u00e4ltlich. Hier klicken  &nbsp; Kostbare Dialoge mit 11 europ\u00e4ischen Meistern \u00fcber die Lehre von Sri Ramana Maharshi.\" \/>\n<meta property=\"og:url\" content=\"https:\/\/openskypress.com\/de\/product\/europaische-meister\/\" \/>\n<meta property=\"og:site_name\" content=\"Spiritual Books &amp; Films Online Shop #1 | Open Sky Press DE\" \/>\n<meta property=\"article:modified_time\" content=\"2026-02-07T15:59:14+00:00\" \/>\n<meta property=\"og:image\" content=\"https:\/\/openskypress.com\/wp-content\/uploads\/2019\/04\/EM-2025-Cover.jpg\" \/>\n\t<meta property=\"og:image:width\" content=\"1000\" \/>\n\t<meta property=\"og:image:height\" content=\"1534\" \/>\n\t<meta property=\"og:image:type\" content=\"image\/jpeg\" \/>\n<meta name=\"twitter:card\" content=\"summary_large_image\" \/>\n<meta name=\"twitter:label1\" content=\"Gesch\u00e4tzte Lesezeit\" \/>\n\t<meta name=\"twitter:data1\" content=\"1\u00a0Minute\" \/>\n<script type=\"application\/ld+json\" class=\"yoast-schema-graph\">{\"@context\":\"https:\/\/schema.org\",\"@graph\":[{\"@type\":\"WebPage\",\"@id\":\"https:\/\/openskypress.com\/de\/product\/europaische-meister\/\",\"url\":\"https:\/\/openskypress.com\/de\/product\/europaische-meister\/\",\"name\":\"Buch Europ\u00e4ische Meister - Spiritual Books &amp; Films Online Shop #1 | Open Sky Press DE\",\"isPartOf\":{\"@id\":\"https:\/\/openskypress.com\/#website\"},\"primaryImageOfPage\":{\"@id\":\"https:\/\/openskypress.com\/de\/product\/europaische-meister\/#primaryimage\"},\"image\":{\"@id\":\"https:\/\/openskypress.com\/de\/product\/europaische-meister\/#primaryimage\"},\"thumbnailUrl\":\"https:\/\/openskypress.com\/wp-content\/uploads\/2019\/04\/EM-2025-Cover.jpg\",\"datePublished\":\"2019-04-04T10:57:29+00:00\",\"dateModified\":\"2026-02-07T15:59:14+00:00\",\"breadcrumb\":{\"@id\":\"https:\/\/openskypress.com\/de\/product\/europaische-meister\/#breadcrumb\"},\"inLanguage\":\"de\",\"potentialAction\":[{\"@type\":\"ReadAction\",\"target\":[\"https:\/\/openskypress.com\/de\/product\/europaische-meister\/\"]}]},{\"@type\":\"ImageObject\",\"inLanguage\":\"de\",\"@id\":\"https:\/\/openskypress.com\/de\/product\/europaische-meister\/#primaryimage\",\"url\":\"https:\/\/openskypress.com\/wp-content\/uploads\/2019\/04\/EM-2025-Cover.jpg\",\"contentUrl\":\"https:\/\/openskypress.com\/wp-content\/uploads\/2019\/04\/EM-2025-Cover.jpg\",\"width\":1000,\"height\":1534},{\"@type\":\"BreadcrumbList\",\"@id\":\"https:\/\/openskypress.com\/de\/product\/europaische-meister\/#breadcrumb\",\"itemListElement\":[{\"@type\":\"ListItem\",\"position\":1,\"name\":\"Home\",\"item\":\"https:\/\/openskypress.com\/es\/\"},{\"@type\":\"ListItem\",\"position\":2,\"name\":\"Shop\",\"item\":\"https:\/\/openskypress.com\/de\/shop\/\"},{\"@type\":\"ListItem\",\"position\":3,\"name\":\"Buch Europ\u00e4ische Meister\"}]},{\"@type\":\"WebSite\",\"@id\":\"https:\/\/openskypress.com\/#website\",\"url\":\"https:\/\/openskypress.com\/\",\"name\":\"Spiritual Books & Films Online Shop #1 | Open Sky Press\",\"description\":\"Best store of Books &amp; DVDs about Satsang, Indian &amp; Western philosophy &amp; yoga. Spiritual teachers talks about awakening, enlightenment and mindfulness\",\"publisher\":{\"@id\":\"https:\/\/openskypress.com\/#organization\"},\"potentialAction\":[{\"@type\":\"SearchAction\",\"target\":{\"@type\":\"EntryPoint\",\"urlTemplate\":\"https:\/\/openskypress.com\/?s={search_term_string}\"},\"query-input\":{\"@type\":\"PropertyValueSpecification\",\"valueRequired\":true,\"valueName\":\"search_term_string\"}}],\"inLanguage\":\"de\"},{\"@type\":\"Organization\",\"@id\":\"https:\/\/openskypress.com\/#organization\",\"name\":\"Spiritual Books & Films Online Shop #1 | Open Sky Press\",\"url\":\"https:\/\/openskypress.com\/\",\"logo\":{\"@type\":\"ImageObject\",\"inLanguage\":\"de\",\"@id\":\"https:\/\/openskypress.com\/#\/schema\/logo\/image\/\",\"url\":\"https:\/\/openskypress.com\/wp-content\/uploads\/2020\/02\/logo-osp-1.png\",\"contentUrl\":\"https:\/\/openskypress.com\/wp-content\/uploads\/2020\/02\/logo-osp-1.png\",\"width\":222,\"height\":219,\"caption\":\"Spiritual Books & Films Online Shop #1 | Open Sky Press\"},\"image\":{\"@id\":\"https:\/\/openskypress.com\/#\/schema\/logo\/image\/\"}}]}<\/script>\n<!-- \/ Yoast SEO plugin. -->","yoast_head_json":{"title":"Buch Europ\u00e4ische Meister - Spiritual Books &amp; Films Online Shop #1 | Open Sky Press DE","robots":{"index":"index","follow":"follow","max-snippet":"max-snippet:-1","max-image-preview":"max-image-preview:large","max-video-preview":"max-video-preview:-1"},"canonical":"https:\/\/openskypress.com\/de\/product\/europaische-meister\/","og_locale":"de_DE","og_type":"article","og_title":"Buch Europ\u00e4ische Meister - Spiritual Books &amp; Films Online Shop #1 | Open Sky Press DE","og_description":"Neu gestaltete und \u00fcberarbeitete Version des urspr\u00fcnglichen Bestsellers  Europ\u00e4ische Meister ist f\u00fcr alle, die ein inneres Feuer in sich tragen und wissen wollen, wer sie sind und was sie hier als Mensch tun. Es ist fur alle, die sich die Frage \u201eWer bin ich?\u201c stellen und die Sri Ramana Maharshis Lehre folgen wollen \u201eSei wie du bist!\u201c  Auch als eBook erh\u00e4ltlich. Hier klicken  &nbsp; Kostbare Dialoge mit 11 europ\u00e4ischen Meistern \u00fcber die Lehre von Sri Ramana Maharshi.","og_url":"https:\/\/openskypress.com\/de\/product\/europaische-meister\/","og_site_name":"Spiritual Books &amp; Films Online Shop #1 | Open Sky Press DE","article_modified_time":"2026-02-07T15:59:14+00:00","og_image":[{"width":1000,"height":1534,"url":"https:\/\/openskypress.com\/wp-content\/uploads\/2019\/04\/EM-2025-Cover.jpg","type":"image\/jpeg"}],"twitter_card":"summary_large_image","twitter_misc":{"Gesch\u00e4tzte Lesezeit":"1\u00a0Minute"},"schema":{"@context":"https:\/\/schema.org","@graph":[{"@type":"WebPage","@id":"https:\/\/openskypress.com\/de\/product\/europaische-meister\/","url":"https:\/\/openskypress.com\/de\/product\/europaische-meister\/","name":"Buch Europ\u00e4ische Meister - Spiritual Books &amp; Films Online Shop #1 | Open Sky Press DE","isPartOf":{"@id":"https:\/\/openskypress.com\/#website"},"primaryImageOfPage":{"@id":"https:\/\/openskypress.com\/de\/product\/europaische-meister\/#primaryimage"},"image":{"@id":"https:\/\/openskypress.com\/de\/product\/europaische-meister\/#primaryimage"},"thumbnailUrl":"https:\/\/openskypress.com\/wp-content\/uploads\/2019\/04\/EM-2025-Cover.jpg","datePublished":"2019-04-04T10:57:29+00:00","dateModified":"2026-02-07T15:59:14+00:00","breadcrumb":{"@id":"https:\/\/openskypress.com\/de\/product\/europaische-meister\/#breadcrumb"},"inLanguage":"de","potentialAction":[{"@type":"ReadAction","target":["https:\/\/openskypress.com\/de\/product\/europaische-meister\/"]}]},{"@type":"ImageObject","inLanguage":"de","@id":"https:\/\/openskypress.com\/de\/product\/europaische-meister\/#primaryimage","url":"https:\/\/openskypress.com\/wp-content\/uploads\/2019\/04\/EM-2025-Cover.jpg","contentUrl":"https:\/\/openskypress.com\/wp-content\/uploads\/2019\/04\/EM-2025-Cover.jpg","width":1000,"height":1534},{"@type":"BreadcrumbList","@id":"https:\/\/openskypress.com\/de\/product\/europaische-meister\/#breadcrumb","itemListElement":[{"@type":"ListItem","position":1,"name":"Home","item":"https:\/\/openskypress.com\/es\/"},{"@type":"ListItem","position":2,"name":"Shop","item":"https:\/\/openskypress.com\/de\/shop\/"},{"@type":"ListItem","position":3,"name":"Buch Europ\u00e4ische Meister"}]},{"@type":"WebSite","@id":"https:\/\/openskypress.com\/#website","url":"https:\/\/openskypress.com\/","name":"Spiritual Books & Films Online Shop #1 | Open Sky Press","description":"Best store of Books &amp; DVDs about Satsang, Indian &amp; Western philosophy &amp; yoga. Spiritual teachers talks about awakening, enlightenment and mindfulness","publisher":{"@id":"https:\/\/openskypress.com\/#organization"},"potentialAction":[{"@type":"SearchAction","target":{"@type":"EntryPoint","urlTemplate":"https:\/\/openskypress.com\/?s={search_term_string}"},"query-input":{"@type":"PropertyValueSpecification","valueRequired":true,"valueName":"search_term_string"}}],"inLanguage":"de"},{"@type":"Organization","@id":"https:\/\/openskypress.com\/#organization","name":"Spiritual Books & Films Online Shop #1 | Open Sky Press","url":"https:\/\/openskypress.com\/","logo":{"@type":"ImageObject","inLanguage":"de","@id":"https:\/\/openskypress.com\/#\/schema\/logo\/image\/","url":"https:\/\/openskypress.com\/wp-content\/uploads\/2020\/02\/logo-osp-1.png","contentUrl":"https:\/\/openskypress.com\/wp-content\/uploads\/2020\/02\/logo-osp-1.png","width":222,"height":219,"caption":"Spiritual Books & Films Online Shop #1 | Open Sky Press"},"image":{"@id":"https:\/\/openskypress.com\/#\/schema\/logo\/image\/"}}]}},"_links":{"self":[{"href":"https:\/\/openskypress.com\/de\/wp-json\/wp\/v2\/product\/3810","targetHints":{"allow":["GET"]}}],"collection":[{"href":"https:\/\/openskypress.com\/de\/wp-json\/wp\/v2\/product"}],"about":[{"href":"https:\/\/openskypress.com\/de\/wp-json\/wp\/v2\/types\/product"}],"replies":[{"embeddable":true,"href":"https:\/\/openskypress.com\/de\/wp-json\/wp\/v2\/comments?post=3810"}],"wp:featuredmedia":[{"embeddable":true,"href":"https:\/\/openskypress.com\/de\/wp-json\/wp\/v2\/media\/13796"}],"wp:attachment":[{"href":"https:\/\/openskypress.com\/de\/wp-json\/wp\/v2\/media?parent=3810"}],"wp:term":[{"taxonomy":"product_brand","embeddable":true,"href":"https:\/\/openskypress.com\/de\/wp-json\/wp\/v2\/product_brand?post=3810"},{"taxonomy":"product_cat","embeddable":true,"href":"https:\/\/openskypress.com\/de\/wp-json\/wp\/v2\/product_cat?post=3810"},{"taxonomy":"product_tag","embeddable":true,"href":"https:\/\/openskypress.com\/de\/wp-json\/wp\/v2\/product_tag?post=3810"}],"curies":[{"name":"wp","href":"https:\/\/api.w.org\/{rel}","templated":true}]}}