{"id":3715,"date":"2019-04-28T11:26:12","date_gmt":"2019-04-28T11:26:12","guid":{"rendered":"https:\/\/openskycharity.international\/?post_type=product&#038;p=3715"},"modified":"2026-01-22T09:05:37","modified_gmt":"2026-01-22T09:05:37","slug":"stille-des-herzens-teil-1","status":"publish","type":"product","link":"https:\/\/openskypress.com\/de\/product\/stille-des-herzens-teil-1\/","title":{"rendered":"Stille des Herzens Teil 1"},"content":{"rendered":"<p align=\"justify\">Dialoge mit Robert Adams<\/p>\n<p align=\"justify\">Der Guru als Sandm\u00e4nnchen?<br \/>\nAls Robert Adams ein kleiner Junge war, in New York, erschien ihm der indische Meister Ramana Maharshi abends vorm Einschlafen als kleines M\u00e4nnchen, das zu ihm sprach. Das Sandm\u00e4nnchen? Nein, hier ging es nicht ums Einschlafen, sondern ums Aufwachen, ganz, f\u00fcr immer. Robert war erst vierzehn, als er w\u00e4hrend einer Mathematikarbeit erwachte, die Erleuchtung erlangte. In der Folge wurde er selbst zu einem der beeindruckendsten Meister des Advaita Vedanta. Das Erste, was du dir vergegenw\u00e4rtigen sollst, ist: Du wirst nie verschwinden oder sterben, weil du nie geboren wurdest. Du hast immer als Bewusstsein existiert und wirst immer als Bewusstsein existieren. Du gehst nirgendwohin und kommst von nirgendwo zur\u00fcck. Du bist einfach. Du bist das Selbst, du bist Allgegenw\u00e4rtigkeit.<\/p>\n\n    <div class=\"xs_social_share_widget xs_share_url after_content \t\tmain_content  wslu-style-1 wslu-share-box-shaped wslu-fill-colored wslu-none wslu-share-horizontal wslu-theme-font-no wslu-main_content\">\n\n\t\t\n        <ul>\n\t\t\t        <\/ul>\n    <\/div> \n","protected":false},"excerpt":{"rendered":"<div align=\"justify\">Als Robert Adams ein kleiner Junge war, in New York, erschien ihm der indische Meister Ramana Maharshi abends vorm Einschlafen als kleines M\u00e4nnchen, das zu ihm sprach. Das Sandm\u00e4nnchen? Nein, hier ging es nicht ums Einschlafen, sondern ums Aufwachen, ganz, f\u00fcr immer.<\/div>\n","protected":false},"featured_media":4845,"comment_status":"open","ping_status":"closed","template":"","meta":{"postBodyCss":"","postBodyMargin":[],"postBodyPadding":[],"postBodyBackground":{"backgroundType":"classic","gradient":""}},"product_brand":[],"product_cat":[1246,369,385],"product_tag":[438,442,506,445],"class_list":{"0":"post-3715","1":"product","2":"type-product","3":"status-publish","4":"has-post-thumbnail","6":"product_cat-westliche-meister","7":"product_cat-bucher","8":"product_cat-weitere-spirituelle-meister","9":"product_tag-freiheit","10":"product_tag-innerer-frieden","11":"product_tag-klarheit","12":"product_tag-liebe","14":"first","15":"outofstock","16":"taxable","17":"shipping-taxable","18":"purchasable","19":"product-type-simple"},"yoast_head":"<!-- This site is optimized with the Yoast SEO plugin v26.6 - https:\/\/yoast.com\/wordpress\/plugins\/seo\/ -->\n<title>Stille des Herzens Teil 1 - Spiritual Books &amp; Films Online Shop #1 | Open Sky Press DE<\/title>\n<meta name=\"robots\" content=\"index, follow, max-snippet:-1, max-image-preview:large, max-video-preview:-1\" \/>\n<link rel=\"canonical\" href=\"https:\/\/openskypress.com\/de\/product\/stille-des-herzens-teil-1\/\" \/>\n<meta property=\"og:locale\" content=\"de_DE\" \/>\n<meta property=\"og:type\" content=\"article\" \/>\n<meta property=\"og:title\" content=\"Stille des Herzens Teil 1 - Spiritual Books &amp; Films Online Shop #1 | Open Sky Press DE\" \/>\n<meta property=\"og:description\" content=\"Als Robert Adams ein kleiner Junge war, in New York, erschien ihm der indische Meister Ramana Maharshi abends vorm Einschlafen als kleines M\u00e4nnchen, das zu ihm sprach. Das Sandm\u00e4nnchen? Nein, hier ging es nicht ums Einschlafen, sondern ums Aufwachen, ganz, f\u00fcr immer.\" \/>\n<meta property=\"og:url\" content=\"https:\/\/openskypress.com\/de\/product\/stille-des-herzens-teil-1\/\" \/>\n<meta property=\"og:site_name\" content=\"Spiritual Books &amp; Films Online Shop #1 | Open Sky Press DE\" \/>\n<meta property=\"article:modified_time\" content=\"2026-01-22T09:05:37+00:00\" \/>\n<meta property=\"og:image\" content=\"https:\/\/openskypress.com\/wp-content\/uploads\/2019\/05\/stille-des-herzens-teil1.jpg\" \/>\n\t<meta property=\"og:image:width\" content=\"490\" \/>\n\t<meta property=\"og:image:height\" content=\"740\" \/>\n\t<meta property=\"og:image:type\" content=\"image\/jpeg\" \/>\n<meta name=\"twitter:card\" content=\"summary_large_image\" \/>\n<meta name=\"twitter:label1\" content=\"Gesch\u00e4tzte Lesezeit\" \/>\n\t<meta name=\"twitter:data1\" content=\"1\u00a0Minute\" \/>\n<script type=\"application\/ld+json\" class=\"yoast-schema-graph\">{\"@context\":\"https:\/\/schema.org\",\"@graph\":[{\"@type\":\"WebPage\",\"@id\":\"https:\/\/openskypress.com\/de\/product\/stille-des-herzens-teil-1\/\",\"url\":\"https:\/\/openskypress.com\/de\/product\/stille-des-herzens-teil-1\/\",\"name\":\"Stille des Herzens Teil 1 - Spiritual Books &amp; Films Online Shop #1 | Open Sky Press DE\",\"isPartOf\":{\"@id\":\"https:\/\/openskypress.com\/#website\"},\"primaryImageOfPage\":{\"@id\":\"https:\/\/openskypress.com\/de\/product\/stille-des-herzens-teil-1\/#primaryimage\"},\"image\":{\"@id\":\"https:\/\/openskypress.com\/de\/product\/stille-des-herzens-teil-1\/#primaryimage\"},\"thumbnailUrl\":\"https:\/\/openskypress.com\/wp-content\/uploads\/2019\/05\/stille-des-herzens-teil1.jpg\",\"datePublished\":\"2019-04-28T11:26:12+00:00\",\"dateModified\":\"2026-01-22T09:05:37+00:00\",\"breadcrumb\":{\"@id\":\"https:\/\/openskypress.com\/de\/product\/stille-des-herzens-teil-1\/#breadcrumb\"},\"inLanguage\":\"de\",\"potentialAction\":[{\"@type\":\"ReadAction\",\"target\":[\"https:\/\/openskypress.com\/de\/product\/stille-des-herzens-teil-1\/\"]}]},{\"@type\":\"ImageObject\",\"inLanguage\":\"de\",\"@id\":\"https:\/\/openskypress.com\/de\/product\/stille-des-herzens-teil-1\/#primaryimage\",\"url\":\"https:\/\/openskypress.com\/wp-content\/uploads\/2019\/05\/stille-des-herzens-teil1.jpg\",\"contentUrl\":\"https:\/\/openskypress.com\/wp-content\/uploads\/2019\/05\/stille-des-herzens-teil1.jpg\",\"width\":490,\"height\":740,\"caption\":\"stille des herzens, stille des herzens teil 1, stille des herzens robert adams, robert adams\"},{\"@type\":\"BreadcrumbList\",\"@id\":\"https:\/\/openskypress.com\/de\/product\/stille-des-herzens-teil-1\/#breadcrumb\",\"itemListElement\":[{\"@type\":\"ListItem\",\"position\":1,\"name\":\"Home\",\"item\":\"https:\/\/openskypress.com\/es\/\"},{\"@type\":\"ListItem\",\"position\":2,\"name\":\"Shop\",\"item\":\"https:\/\/openskypress.com\/de\/shop\/\"},{\"@type\":\"ListItem\",\"position\":3,\"name\":\"Stille des Herzens Teil 1\"}]},{\"@type\":\"WebSite\",\"@id\":\"https:\/\/openskypress.com\/#website\",\"url\":\"https:\/\/openskypress.com\/\",\"name\":\"Spiritual Books & Films Online Shop #1 | Open Sky Press\",\"description\":\"Best store of Books &amp; DVDs about Satsang, Indian &amp; Western philosophy &amp; yoga. Spiritual teachers talks about awakening, enlightenment and mindfulness\",\"publisher\":{\"@id\":\"https:\/\/openskypress.com\/#organization\"},\"potentialAction\":[{\"@type\":\"SearchAction\",\"target\":{\"@type\":\"EntryPoint\",\"urlTemplate\":\"https:\/\/openskypress.com\/?s={search_term_string}\"},\"query-input\":{\"@type\":\"PropertyValueSpecification\",\"valueRequired\":true,\"valueName\":\"search_term_string\"}}],\"inLanguage\":\"de\"},{\"@type\":\"Organization\",\"@id\":\"https:\/\/openskypress.com\/#organization\",\"name\":\"Spiritual Books & Films Online Shop #1 | Open Sky Press\",\"url\":\"https:\/\/openskypress.com\/\",\"logo\":{\"@type\":\"ImageObject\",\"inLanguage\":\"de\",\"@id\":\"https:\/\/openskypress.com\/#\/schema\/logo\/image\/\",\"url\":\"https:\/\/openskypress.com\/wp-content\/uploads\/2020\/02\/logo-osp-1.png\",\"contentUrl\":\"https:\/\/openskypress.com\/wp-content\/uploads\/2020\/02\/logo-osp-1.png\",\"width\":222,\"height\":219,\"caption\":\"Spiritual Books & Films Online Shop #1 | Open Sky Press\"},\"image\":{\"@id\":\"https:\/\/openskypress.com\/#\/schema\/logo\/image\/\"}}]}<\/script>\n<!-- \/ Yoast SEO plugin. -->","yoast_head_json":{"title":"Stille des Herzens Teil 1 - Spiritual Books &amp; Films Online Shop #1 | Open Sky Press DE","robots":{"index":"index","follow":"follow","max-snippet":"max-snippet:-1","max-image-preview":"max-image-preview:large","max-video-preview":"max-video-preview:-1"},"canonical":"https:\/\/openskypress.com\/de\/product\/stille-des-herzens-teil-1\/","og_locale":"de_DE","og_type":"article","og_title":"Stille des Herzens Teil 1 - Spiritual Books &amp; Films Online Shop #1 | Open Sky Press DE","og_description":"Als Robert Adams ein kleiner Junge war, in New York, erschien ihm der indische Meister Ramana Maharshi abends vorm Einschlafen als kleines M\u00e4nnchen, das zu ihm sprach. Das Sandm\u00e4nnchen? Nein, hier ging es nicht ums Einschlafen, sondern ums Aufwachen, ganz, f\u00fcr immer.","og_url":"https:\/\/openskypress.com\/de\/product\/stille-des-herzens-teil-1\/","og_site_name":"Spiritual Books &amp; Films Online Shop #1 | Open Sky Press DE","article_modified_time":"2026-01-22T09:05:37+00:00","og_image":[{"width":490,"height":740,"url":"https:\/\/openskypress.com\/wp-content\/uploads\/2019\/05\/stille-des-herzens-teil1.jpg","type":"image\/jpeg"}],"twitter_card":"summary_large_image","twitter_misc":{"Gesch\u00e4tzte Lesezeit":"1\u00a0Minute"},"schema":{"@context":"https:\/\/schema.org","@graph":[{"@type":"WebPage","@id":"https:\/\/openskypress.com\/de\/product\/stille-des-herzens-teil-1\/","url":"https:\/\/openskypress.com\/de\/product\/stille-des-herzens-teil-1\/","name":"Stille des Herzens Teil 1 - Spiritual Books &amp; Films Online Shop #1 | Open Sky Press DE","isPartOf":{"@id":"https:\/\/openskypress.com\/#website"},"primaryImageOfPage":{"@id":"https:\/\/openskypress.com\/de\/product\/stille-des-herzens-teil-1\/#primaryimage"},"image":{"@id":"https:\/\/openskypress.com\/de\/product\/stille-des-herzens-teil-1\/#primaryimage"},"thumbnailUrl":"https:\/\/openskypress.com\/wp-content\/uploads\/2019\/05\/stille-des-herzens-teil1.jpg","datePublished":"2019-04-28T11:26:12+00:00","dateModified":"2026-01-22T09:05:37+00:00","breadcrumb":{"@id":"https:\/\/openskypress.com\/de\/product\/stille-des-herzens-teil-1\/#breadcrumb"},"inLanguage":"de","potentialAction":[{"@type":"ReadAction","target":["https:\/\/openskypress.com\/de\/product\/stille-des-herzens-teil-1\/"]}]},{"@type":"ImageObject","inLanguage":"de","@id":"https:\/\/openskypress.com\/de\/product\/stille-des-herzens-teil-1\/#primaryimage","url":"https:\/\/openskypress.com\/wp-content\/uploads\/2019\/05\/stille-des-herzens-teil1.jpg","contentUrl":"https:\/\/openskypress.com\/wp-content\/uploads\/2019\/05\/stille-des-herzens-teil1.jpg","width":490,"height":740,"caption":"stille des herzens, stille des herzens teil 1, stille des herzens robert adams, robert adams"},{"@type":"BreadcrumbList","@id":"https:\/\/openskypress.com\/de\/product\/stille-des-herzens-teil-1\/#breadcrumb","itemListElement":[{"@type":"ListItem","position":1,"name":"Home","item":"https:\/\/openskypress.com\/es\/"},{"@type":"ListItem","position":2,"name":"Shop","item":"https:\/\/openskypress.com\/de\/shop\/"},{"@type":"ListItem","position":3,"name":"Stille des Herzens Teil 1"}]},{"@type":"WebSite","@id":"https:\/\/openskypress.com\/#website","url":"https:\/\/openskypress.com\/","name":"Spiritual Books & Films Online Shop #1 | Open Sky Press","description":"Best store of Books &amp; DVDs about Satsang, Indian &amp; Western philosophy &amp; yoga. Spiritual teachers talks about awakening, enlightenment and mindfulness","publisher":{"@id":"https:\/\/openskypress.com\/#organization"},"potentialAction":[{"@type":"SearchAction","target":{"@type":"EntryPoint","urlTemplate":"https:\/\/openskypress.com\/?s={search_term_string}"},"query-input":{"@type":"PropertyValueSpecification","valueRequired":true,"valueName":"search_term_string"}}],"inLanguage":"de"},{"@type":"Organization","@id":"https:\/\/openskypress.com\/#organization","name":"Spiritual Books & Films Online Shop #1 | Open Sky Press","url":"https:\/\/openskypress.com\/","logo":{"@type":"ImageObject","inLanguage":"de","@id":"https:\/\/openskypress.com\/#\/schema\/logo\/image\/","url":"https:\/\/openskypress.com\/wp-content\/uploads\/2020\/02\/logo-osp-1.png","contentUrl":"https:\/\/openskypress.com\/wp-content\/uploads\/2020\/02\/logo-osp-1.png","width":222,"height":219,"caption":"Spiritual Books & Films Online Shop #1 | Open Sky Press"},"image":{"@id":"https:\/\/openskypress.com\/#\/schema\/logo\/image\/"}}]}},"_links":{"self":[{"href":"https:\/\/openskypress.com\/de\/wp-json\/wp\/v2\/product\/3715","targetHints":{"allow":["GET"]}}],"collection":[{"href":"https:\/\/openskypress.com\/de\/wp-json\/wp\/v2\/product"}],"about":[{"href":"https:\/\/openskypress.com\/de\/wp-json\/wp\/v2\/types\/product"}],"replies":[{"embeddable":true,"href":"https:\/\/openskypress.com\/de\/wp-json\/wp\/v2\/comments?post=3715"}],"wp:featuredmedia":[{"embeddable":true,"href":"https:\/\/openskypress.com\/de\/wp-json\/wp\/v2\/media\/4845"}],"wp:attachment":[{"href":"https:\/\/openskypress.com\/de\/wp-json\/wp\/v2\/media?parent=3715"}],"wp:term":[{"taxonomy":"product_brand","embeddable":true,"href":"https:\/\/openskypress.com\/de\/wp-json\/wp\/v2\/product_brand?post=3715"},{"taxonomy":"product_cat","embeddable":true,"href":"https:\/\/openskypress.com\/de\/wp-json\/wp\/v2\/product_cat?post=3715"},{"taxonomy":"product_tag","embeddable":true,"href":"https:\/\/openskypress.com\/de\/wp-json\/wp\/v2\/product_tag?post=3715"}],"curies":[{"name":"wp","href":"https:\/\/api.w.org\/{rel}","templated":true}]}}