{"id":3616,"date":"2019-04-26T15:20:08","date_gmt":"2019-04-26T15:20:08","guid":{"rendered":"https:\/\/openskycharity.international\/?post_type=product&#038;p=3616"},"modified":"2026-01-22T09:06:29","modified_gmt":"2026-01-22T09:06:29","slug":"ich-bin-teil-1","status":"publish","type":"product","link":"https:\/\/openskypress.com\/de\/product\/ich-bin-teil-1\/","title":{"rendered":"Ich Bin Teil 1"},"content":{"rendered":"<p align=\"justify\">von Sri Nisargadatta Maharaj<\/p>\n<p align=\"justify\"><b>Die Essenz des Advaita<\/b>\u00a0Immer mehr Menschen wollen wissen, was wirklich wahr ist, ohne esoterisch-weihevolle Verbr\u00e4mung und ohne sich in die Anh\u00e4ngerschaft eines Gurus einreihen zu m\u00fcssen. Es hat sich herumgesprochen: Sri Nisargadatta Maharaj ist hier genau der Richtige. Wie er die Wahrheit auf den Punkt bringt \u2013 klar, einfach und kompromisslos \u2013 das ist einzigartig. Und dazu reinstes \u201eAdvaita\u201c.<\/p>\n<p>Sch\u00e4rfer noch als bei Ramana Maharshi lassen die Gespr\u00e4che jenen eigent\u00fcmlichen, scheinbaren Widerspruch zwischen Einfachheit und Grenzenlosigkeit hervortreten.<br \/>\nEin Zigarettenverk\u00e4ufer behauptet: \u201eIch bin jenseits von Raum und Zeit.\u201c Obendrein sagt er dem Sucher: \u201eDu bist es ebenso. Du musst es nur erkennen, jetzt!\u201c \u201eAber wie?\u201c ruft der Sucher verzweifelt. Die Sprache ist nie gestelzt, die Fragen haben nichts Unterw\u00fcrfiges. Der manchmal fast respektlose Ton mag auch damit zusammenh\u00e4ngen, dass der Guru nicht in einem Ashram, sondern im ber\u00fcchtigten Prostituierten-Viertel von Bombay wohnte.<br \/>\nFRAGE: &#8222;Ist Ihre Welt so voll von Dingen und Menschen wie meine?&#8220;<br \/>\nMAHARAJ: &#8222;Nein, sie ist erf\u00fcllt von mir selbst.&#8220;<br \/>\nFRAGE: &#8222;Aber Sie sehen und h\u00f6ren wie wir?&#8220;<br \/>\nMAHARAJ: &#8222;Ja, es scheint, dass ich sehe und h\u00f6re, spreche und agiere, doch f\u00fcr mich passiert das nur so, wie bei Ihnen Verdauung und Schwitzen passieren. Die K\u00f6rper-Verstand-Einheit k\u00fcmmert sich um sich selbst und l\u00e4sst mich in Ruhe. So wie Sie sich nicht um Ihren Haarwuchs k\u00fcmmern, so brauche ich mich nicht um Worte oder Taten zu k\u00fcmmern. Sie geschehen einfach und lassen mich unber\u00fchrt, denn in meiner Welt l\u00e4uft nie etwas falsch.&#8220;<\/p>\n<p><b>\u00dcber den Autor<\/b><br \/>\nSri Nisargadatta Maharaj (1897 &#8211; 1981) wuchs unter \u00e4rmlichsten Verh\u00e4ltnissen und ohne Schulbildung auf. Als 34-j\u00e4hriger begegnete er seinem Guru, durch sein Vertrauen in ihn und durch unabl\u00e4ssige Konzentration auf das \u201eIch bin (weder dies noch das)\u201c erkannte er drei Jahre sp\u00e4ter seine \u201awahre Natur\u2019. Er versorgte weiterhin seine Frau und vier Kinder durch einen kleinen Zigarrettenladen in Bombay, wurde aber zunehmend auch von spirituellen Suchern aus aller Welt aufgesucht. Zu seinen bekanntesten Sch\u00fclern z\u00e4hlt Ramesh Balsekar.<\/p>\n\n    <div class=\"xs_social_share_widget xs_share_url after_content \t\tmain_content  wslu-style-1 wslu-share-box-shaped wslu-fill-colored wslu-none wslu-share-horizontal wslu-theme-font-no wslu-main_content\">\n\n\t\t\n        <ul>\n\t\t\t        <\/ul>\n    <\/div> \n","protected":false},"excerpt":{"rendered":"<p>Immer mehr Menschen wollen wissen, was wirklich wahr ist, ohne esoterisch-weihevolle Verbr\u00e4mung und ohne sich in die Anh\u00e4ngerschaft eines Gurus einreihen zu m\u00fcssen. Es hat sich herumgesprochen: Sri Nisargadatta Maharaj ist hier genau der Richtige.<\/p>\n","protected":false},"featured_media":4685,"comment_status":"open","ping_status":"closed","template":"","meta":{"postBodyCss":"","postBodyMargin":[],"postBodyPadding":[],"postBodyBackground":{"backgroundType":"classic","gradient":""}},"product_brand":[],"product_cat":[1245,369,385],"product_tag":[407,438,473,474,442,506,485,494,465],"class_list":{"0":"post-3616","1":"product","2":"type-product","3":"status-publish","4":"has-post-thumbnail","6":"product_cat-indische-meister","7":"product_cat-bucher","8":"product_cat-weitere-spirituelle-meister","9":"product_tag-erleuchtung","10":"product_tag-freiheit","11":"product_tag-indien","12":"product_tag-indische-meister","13":"product_tag-innerer-frieden","14":"product_tag-klarheit","15":"product_tag-meister","16":"product_tag-wahrheit","17":"product_tag-weisheit","19":"first","20":"outofstock","21":"taxable","22":"shipping-taxable","23":"purchasable","24":"product-type-simple"},"yoast_head":"<!-- This site is optimized with the Yoast SEO plugin v26.6 - https:\/\/yoast.com\/wordpress\/plugins\/seo\/ -->\n<title>Ich Bin Teil 1 - Spiritual Books &amp; Films Online Shop #1 | Open Sky Press DE<\/title>\n<meta name=\"robots\" content=\"index, follow, max-snippet:-1, max-image-preview:large, max-video-preview:-1\" \/>\n<link rel=\"canonical\" href=\"https:\/\/openskypress.com\/de\/product\/ich-bin-teil-1\/\" \/>\n<meta property=\"og:locale\" content=\"de_DE\" \/>\n<meta property=\"og:type\" content=\"article\" \/>\n<meta property=\"og:title\" content=\"Ich Bin Teil 1 - Spiritual Books &amp; Films Online Shop #1 | Open Sky Press DE\" \/>\n<meta property=\"og:description\" content=\"Immer mehr Menschen wollen wissen, was wirklich wahr ist, ohne esoterisch-weihevolle Verbr\u00e4mung und ohne sich in die Anh\u00e4ngerschaft eines Gurus einreihen zu m\u00fcssen. Es hat sich herumgesprochen: Sri Nisargadatta Maharaj ist hier genau der Richtige.\" \/>\n<meta property=\"og:url\" content=\"https:\/\/openskypress.com\/de\/product\/ich-bin-teil-1\/\" \/>\n<meta property=\"og:site_name\" content=\"Spiritual Books &amp; Films Online Shop #1 | Open Sky Press DE\" \/>\n<meta property=\"article:modified_time\" content=\"2026-01-22T09:06:29+00:00\" \/>\n<meta property=\"og:image\" content=\"https:\/\/openskypress.com\/wp-content\/uploads\/2019\/05\/ich-bin-teil1.jpg\" \/>\n\t<meta property=\"og:image:width\" content=\"490\" \/>\n\t<meta property=\"og:image:height\" content=\"740\" \/>\n\t<meta property=\"og:image:type\" content=\"image\/jpeg\" \/>\n<meta name=\"twitter:card\" content=\"summary_large_image\" \/>\n<meta name=\"twitter:label1\" content=\"Gesch\u00e4tzte Lesezeit\" \/>\n\t<meta name=\"twitter:data1\" content=\"2\u00a0Minuten\" \/>\n<script type=\"application\/ld+json\" class=\"yoast-schema-graph\">{\"@context\":\"https:\/\/schema.org\",\"@graph\":[{\"@type\":\"WebPage\",\"@id\":\"https:\/\/openskypress.com\/de\/product\/ich-bin-teil-1\/\",\"url\":\"https:\/\/openskypress.com\/de\/product\/ich-bin-teil-1\/\",\"name\":\"Ich Bin Teil 1 - Spiritual Books &amp; Films Online Shop #1 | Open Sky Press DE\",\"isPartOf\":{\"@id\":\"https:\/\/openskypress.com\/#website\"},\"primaryImageOfPage\":{\"@id\":\"https:\/\/openskypress.com\/de\/product\/ich-bin-teil-1\/#primaryimage\"},\"image\":{\"@id\":\"https:\/\/openskypress.com\/de\/product\/ich-bin-teil-1\/#primaryimage\"},\"thumbnailUrl\":\"https:\/\/openskypress.com\/wp-content\/uploads\/2019\/05\/ich-bin-teil1.jpg\",\"datePublished\":\"2019-04-26T15:20:08+00:00\",\"dateModified\":\"2026-01-22T09:06:29+00:00\",\"breadcrumb\":{\"@id\":\"https:\/\/openskypress.com\/de\/product\/ich-bin-teil-1\/#breadcrumb\"},\"inLanguage\":\"de\",\"potentialAction\":[{\"@type\":\"ReadAction\",\"target\":[\"https:\/\/openskypress.com\/de\/product\/ich-bin-teil-1\/\"]}]},{\"@type\":\"ImageObject\",\"inLanguage\":\"de\",\"@id\":\"https:\/\/openskypress.com\/de\/product\/ich-bin-teil-1\/#primaryimage\",\"url\":\"https:\/\/openskypress.com\/wp-content\/uploads\/2019\/05\/ich-bin-teil1.jpg\",\"contentUrl\":\"https:\/\/openskypress.com\/wp-content\/uploads\/2019\/05\/ich-bin-teil1.jpg\",\"width\":490,\"height\":740,\"caption\":\"ich bin teil 1, ich bin Sri Nisargadatta Maharaj, ich bin\"},{\"@type\":\"BreadcrumbList\",\"@id\":\"https:\/\/openskypress.com\/de\/product\/ich-bin-teil-1\/#breadcrumb\",\"itemListElement\":[{\"@type\":\"ListItem\",\"position\":1,\"name\":\"Home\",\"item\":\"https:\/\/openskypress.com\/es\/\"},{\"@type\":\"ListItem\",\"position\":2,\"name\":\"Shop\",\"item\":\"https:\/\/openskypress.com\/de\/shop\/\"},{\"@type\":\"ListItem\",\"position\":3,\"name\":\"Ich Bin Teil 1\"}]},{\"@type\":\"WebSite\",\"@id\":\"https:\/\/openskypress.com\/#website\",\"url\":\"https:\/\/openskypress.com\/\",\"name\":\"Spiritual Books & Films Online Shop #1 | Open Sky Press\",\"description\":\"Best store of Books &amp; DVDs about Satsang, Indian &amp; Western philosophy &amp; yoga. Spiritual teachers talks about awakening, enlightenment and mindfulness\",\"publisher\":{\"@id\":\"https:\/\/openskypress.com\/#organization\"},\"potentialAction\":[{\"@type\":\"SearchAction\",\"target\":{\"@type\":\"EntryPoint\",\"urlTemplate\":\"https:\/\/openskypress.com\/?s={search_term_string}\"},\"query-input\":{\"@type\":\"PropertyValueSpecification\",\"valueRequired\":true,\"valueName\":\"search_term_string\"}}],\"inLanguage\":\"de\"},{\"@type\":\"Organization\",\"@id\":\"https:\/\/openskypress.com\/#organization\",\"name\":\"Spiritual Books & Films Online Shop #1 | Open Sky Press\",\"url\":\"https:\/\/openskypress.com\/\",\"logo\":{\"@type\":\"ImageObject\",\"inLanguage\":\"de\",\"@id\":\"https:\/\/openskypress.com\/#\/schema\/logo\/image\/\",\"url\":\"https:\/\/openskypress.com\/wp-content\/uploads\/2020\/02\/logo-osp-1.png\",\"contentUrl\":\"https:\/\/openskypress.com\/wp-content\/uploads\/2020\/02\/logo-osp-1.png\",\"width\":222,\"height\":219,\"caption\":\"Spiritual Books & Films Online Shop #1 | Open Sky Press\"},\"image\":{\"@id\":\"https:\/\/openskypress.com\/#\/schema\/logo\/image\/\"}}]}<\/script>\n<!-- \/ Yoast SEO plugin. -->","yoast_head_json":{"title":"Ich Bin Teil 1 - Spiritual Books &amp; Films Online Shop #1 | Open Sky Press DE","robots":{"index":"index","follow":"follow","max-snippet":"max-snippet:-1","max-image-preview":"max-image-preview:large","max-video-preview":"max-video-preview:-1"},"canonical":"https:\/\/openskypress.com\/de\/product\/ich-bin-teil-1\/","og_locale":"de_DE","og_type":"article","og_title":"Ich Bin Teil 1 - Spiritual Books &amp; Films Online Shop #1 | Open Sky Press DE","og_description":"Immer mehr Menschen wollen wissen, was wirklich wahr ist, ohne esoterisch-weihevolle Verbr\u00e4mung und ohne sich in die Anh\u00e4ngerschaft eines Gurus einreihen zu m\u00fcssen. Es hat sich herumgesprochen: Sri Nisargadatta Maharaj ist hier genau der Richtige.","og_url":"https:\/\/openskypress.com\/de\/product\/ich-bin-teil-1\/","og_site_name":"Spiritual Books &amp; Films Online Shop #1 | Open Sky Press DE","article_modified_time":"2026-01-22T09:06:29+00:00","og_image":[{"width":490,"height":740,"url":"https:\/\/openskypress.com\/wp-content\/uploads\/2019\/05\/ich-bin-teil1.jpg","type":"image\/jpeg"}],"twitter_card":"summary_large_image","twitter_misc":{"Gesch\u00e4tzte Lesezeit":"2\u00a0Minuten"},"schema":{"@context":"https:\/\/schema.org","@graph":[{"@type":"WebPage","@id":"https:\/\/openskypress.com\/de\/product\/ich-bin-teil-1\/","url":"https:\/\/openskypress.com\/de\/product\/ich-bin-teil-1\/","name":"Ich Bin Teil 1 - Spiritual Books &amp; Films Online Shop #1 | Open Sky Press DE","isPartOf":{"@id":"https:\/\/openskypress.com\/#website"},"primaryImageOfPage":{"@id":"https:\/\/openskypress.com\/de\/product\/ich-bin-teil-1\/#primaryimage"},"image":{"@id":"https:\/\/openskypress.com\/de\/product\/ich-bin-teil-1\/#primaryimage"},"thumbnailUrl":"https:\/\/openskypress.com\/wp-content\/uploads\/2019\/05\/ich-bin-teil1.jpg","datePublished":"2019-04-26T15:20:08+00:00","dateModified":"2026-01-22T09:06:29+00:00","breadcrumb":{"@id":"https:\/\/openskypress.com\/de\/product\/ich-bin-teil-1\/#breadcrumb"},"inLanguage":"de","potentialAction":[{"@type":"ReadAction","target":["https:\/\/openskypress.com\/de\/product\/ich-bin-teil-1\/"]}]},{"@type":"ImageObject","inLanguage":"de","@id":"https:\/\/openskypress.com\/de\/product\/ich-bin-teil-1\/#primaryimage","url":"https:\/\/openskypress.com\/wp-content\/uploads\/2019\/05\/ich-bin-teil1.jpg","contentUrl":"https:\/\/openskypress.com\/wp-content\/uploads\/2019\/05\/ich-bin-teil1.jpg","width":490,"height":740,"caption":"ich bin teil 1, ich bin Sri Nisargadatta Maharaj, ich bin"},{"@type":"BreadcrumbList","@id":"https:\/\/openskypress.com\/de\/product\/ich-bin-teil-1\/#breadcrumb","itemListElement":[{"@type":"ListItem","position":1,"name":"Home","item":"https:\/\/openskypress.com\/es\/"},{"@type":"ListItem","position":2,"name":"Shop","item":"https:\/\/openskypress.com\/de\/shop\/"},{"@type":"ListItem","position":3,"name":"Ich Bin Teil 1"}]},{"@type":"WebSite","@id":"https:\/\/openskypress.com\/#website","url":"https:\/\/openskypress.com\/","name":"Spiritual Books & Films Online Shop #1 | Open Sky Press","description":"Best store of Books &amp; DVDs about Satsang, Indian &amp; Western philosophy &amp; yoga. Spiritual teachers talks about awakening, enlightenment and mindfulness","publisher":{"@id":"https:\/\/openskypress.com\/#organization"},"potentialAction":[{"@type":"SearchAction","target":{"@type":"EntryPoint","urlTemplate":"https:\/\/openskypress.com\/?s={search_term_string}"},"query-input":{"@type":"PropertyValueSpecification","valueRequired":true,"valueName":"search_term_string"}}],"inLanguage":"de"},{"@type":"Organization","@id":"https:\/\/openskypress.com\/#organization","name":"Spiritual Books & Films Online Shop #1 | Open Sky Press","url":"https:\/\/openskypress.com\/","logo":{"@type":"ImageObject","inLanguage":"de","@id":"https:\/\/openskypress.com\/#\/schema\/logo\/image\/","url":"https:\/\/openskypress.com\/wp-content\/uploads\/2020\/02\/logo-osp-1.png","contentUrl":"https:\/\/openskypress.com\/wp-content\/uploads\/2020\/02\/logo-osp-1.png","width":222,"height":219,"caption":"Spiritual Books & Films Online Shop #1 | Open Sky Press"},"image":{"@id":"https:\/\/openskypress.com\/#\/schema\/logo\/image\/"}}]}},"_links":{"self":[{"href":"https:\/\/openskypress.com\/de\/wp-json\/wp\/v2\/product\/3616","targetHints":{"allow":["GET"]}}],"collection":[{"href":"https:\/\/openskypress.com\/de\/wp-json\/wp\/v2\/product"}],"about":[{"href":"https:\/\/openskypress.com\/de\/wp-json\/wp\/v2\/types\/product"}],"replies":[{"embeddable":true,"href":"https:\/\/openskypress.com\/de\/wp-json\/wp\/v2\/comments?post=3616"}],"wp:featuredmedia":[{"embeddable":true,"href":"https:\/\/openskypress.com\/de\/wp-json\/wp\/v2\/media\/4685"}],"wp:attachment":[{"href":"https:\/\/openskypress.com\/de\/wp-json\/wp\/v2\/media?parent=3616"}],"wp:term":[{"taxonomy":"product_brand","embeddable":true,"href":"https:\/\/openskypress.com\/de\/wp-json\/wp\/v2\/product_brand?post=3616"},{"taxonomy":"product_cat","embeddable":true,"href":"https:\/\/openskypress.com\/de\/wp-json\/wp\/v2\/product_cat?post=3616"},{"taxonomy":"product_tag","embeddable":true,"href":"https:\/\/openskypress.com\/de\/wp-json\/wp\/v2\/product_tag?post=3616"}],"curies":[{"name":"wp","href":"https:\/\/api.w.org\/{rel}","templated":true}]}}