{"id":3596,"date":"2019-04-12T14:14:34","date_gmt":"2019-04-12T14:14:34","guid":{"rendered":"https:\/\/openskycharity.international\/product\/power-of-now-eckhart-tolle\/"},"modified":"2025-12-16T12:32:57","modified_gmt":"2025-12-16T12:32:57","slug":"macht-jetzt-eckhart-tolle","status":"publish","type":"product","link":"https:\/\/openskypress.com\/de\/product\/macht-jetzt-eckhart-tolle\/","title":{"rendered":"The Power of Now"},"content":{"rendered":"<p class=\"p1\">Nur auf englisch erh\u00e4ltlich!<\/p>\n<p align=\"justify\">In this book Eckhart uses a simple question and answer format to reveal to us our true nature. Es macht das Buch leicht zu lesen und leicht zu verstehen und f\u00fchrt uns Schritt f\u00fcr Schritt in Richtung eines Lebens frei von Leid und Angst. Es erkl\u00e4rt, wie wir unseren eigenen Schmerz erzeugen und st\u00e4ndig den Fehler machen, uns mit unserem Verstand zu identifizieren und zu denken, dass wir das sind. &#8222;Die Macht des Jetzt&#8220; ist ein Begleiter f\u00fcr ein Leben lang.<\/p>\n<p align=\"justify\">Indische Edition<\/p>\n\n    <div class=\"xs_social_share_widget xs_share_url after_content \t\tmain_content  wslu-style-1 wslu-share-box-shaped wslu-fill-colored wslu-none wslu-share-horizontal wslu-theme-font-no wslu-main_content\">\n\n\t\t\n        <ul>\n\t\t\t        <\/ul>\n    <\/div> \n","protected":false},"excerpt":{"rendered":"<div align=\"justify\">Nur auf englisch erh\u00e4ltlich!<\/div>\n<div align=\"justify\"><\/div>\n<div align=\"justify\">In today&#8217;s rush we all think too much, seek too much, want too much and forget about the joy of just being. We worry about what people think of us, we campare ourselves with our friends, family and neighbours, and deep down we worry we&#8217;re not &#8218;good enough&#8216;.<\/div>\n","protected":false},"featured_media":5983,"comment_status":"open","ping_status":"closed","template":"","meta":{"postBodyCss":"","postBodyMargin":[],"postBodyPadding":[],"postBodyBackground":{"backgroundType":"classic","gradient":""}},"product_brand":[],"product_cat":[1246,369,385],"product_tag":[404,407,438,440,445,494,465],"class_list":{"0":"post-3596","1":"product","2":"type-product","3":"status-publish","4":"has-post-thumbnail","6":"product_cat-westliche-meister","7":"product_cat-bucher","8":"product_cat-weitere-spirituelle-meister","9":"product_tag-eckhart-tolle-de","10":"product_tag-erleuchtung","11":"product_tag-freiheit","12":"product_tag-gluck","13":"product_tag-liebe","14":"product_tag-wahrheit","15":"product_tag-weisheit","17":"first","18":"instock","19":"taxable","20":"shipping-taxable","21":"purchasable","22":"product-type-simple"},"yoast_head":"<!-- This site is optimized with the Yoast SEO plugin v26.6 - https:\/\/yoast.com\/wordpress\/plugins\/seo\/ -->\n<title>The Power of Now - Spiritual Books &amp; Films Online Shop #1 | Open Sky Press DE<\/title>\n<meta name=\"robots\" content=\"index, follow, max-snippet:-1, max-image-preview:large, max-video-preview:-1\" \/>\n<link rel=\"canonical\" href=\"https:\/\/openskypress.com\/de\/product\/macht-jetzt-eckhart-tolle\/\" \/>\n<meta property=\"og:locale\" content=\"de_DE\" \/>\n<meta property=\"og:type\" content=\"article\" \/>\n<meta property=\"og:title\" content=\"The Power of Now - Spiritual Books &amp; Films Online Shop #1 | Open Sky Press DE\" \/>\n<meta property=\"og:description\" content=\"Nur auf englisch erh\u00e4ltlich!  In today&#039;s rush we all think too much, seek too much, want too much and forget about the joy of just being. We worry about what people think of us, we campare ourselves with our friends, family and neighbours, and deep down we worry we&#039;re not &#039;good enough&#039;.\" \/>\n<meta property=\"og:url\" content=\"https:\/\/openskypress.com\/de\/product\/macht-jetzt-eckhart-tolle\/\" \/>\n<meta property=\"og:site_name\" content=\"Spiritual Books &amp; Films Online Shop #1 | Open Sky Press DE\" \/>\n<meta property=\"article:modified_time\" content=\"2025-12-16T12:32:57+00:00\" \/>\n<meta property=\"og:image\" content=\"https:\/\/openskypress.com\/wp-content\/uploads\/2019\/06\/power-of-now-min.jpg\" \/>\n\t<meta property=\"og:image:width\" content=\"490\" \/>\n\t<meta property=\"og:image:height\" content=\"740\" \/>\n\t<meta property=\"og:image:type\" content=\"image\/jpeg\" \/>\n<meta name=\"twitter:card\" content=\"summary_large_image\" \/>\n<script type=\"application\/ld+json\" class=\"yoast-schema-graph\">{\"@context\":\"https:\/\/schema.org\",\"@graph\":[{\"@type\":\"WebPage\",\"@id\":\"https:\/\/openskypress.com\/de\/product\/macht-jetzt-eckhart-tolle\/\",\"url\":\"https:\/\/openskypress.com\/de\/product\/macht-jetzt-eckhart-tolle\/\",\"name\":\"The Power of Now - Spiritual Books &amp; Films Online Shop #1 | Open Sky Press DE\",\"isPartOf\":{\"@id\":\"https:\/\/openskypress.com\/#website\"},\"primaryImageOfPage\":{\"@id\":\"https:\/\/openskypress.com\/de\/product\/macht-jetzt-eckhart-tolle\/#primaryimage\"},\"image\":{\"@id\":\"https:\/\/openskypress.com\/de\/product\/macht-jetzt-eckhart-tolle\/#primaryimage\"},\"thumbnailUrl\":\"https:\/\/openskypress.com\/wp-content\/uploads\/2019\/06\/power-of-now-min.jpg\",\"datePublished\":\"2019-04-12T14:14:34+00:00\",\"dateModified\":\"2025-12-16T12:32:57+00:00\",\"breadcrumb\":{\"@id\":\"https:\/\/openskypress.com\/de\/product\/macht-jetzt-eckhart-tolle\/#breadcrumb\"},\"inLanguage\":\"de\",\"potentialAction\":[{\"@type\":\"ReadAction\",\"target\":[\"https:\/\/openskypress.com\/de\/product\/macht-jetzt-eckhart-tolle\/\"]}]},{\"@type\":\"ImageObject\",\"inLanguage\":\"de\",\"@id\":\"https:\/\/openskypress.com\/de\/product\/macht-jetzt-eckhart-tolle\/#primaryimage\",\"url\":\"https:\/\/openskypress.com\/wp-content\/uploads\/2019\/06\/power-of-now-min.jpg\",\"contentUrl\":\"https:\/\/openskypress.com\/wp-content\/uploads\/2019\/06\/power-of-now-min.jpg\",\"width\":490,\"height\":740,\"caption\":\"the power of now eckhart tolle, the power of now, power of now, eckhart tolle, tolle\"},{\"@type\":\"BreadcrumbList\",\"@id\":\"https:\/\/openskypress.com\/de\/product\/macht-jetzt-eckhart-tolle\/#breadcrumb\",\"itemListElement\":[{\"@type\":\"ListItem\",\"position\":1,\"name\":\"Home\",\"item\":\"https:\/\/openskypress.com\/es\/\"},{\"@type\":\"ListItem\",\"position\":2,\"name\":\"Shop\",\"item\":\"https:\/\/openskypress.com\/de\/shop\/\"},{\"@type\":\"ListItem\",\"position\":3,\"name\":\"The Power of Now\"}]},{\"@type\":\"WebSite\",\"@id\":\"https:\/\/openskypress.com\/#website\",\"url\":\"https:\/\/openskypress.com\/\",\"name\":\"Spiritual Books & Films Online Shop #1 | Open Sky Press\",\"description\":\"Best store of Books &amp; DVDs about Satsang, Indian &amp; Western philosophy &amp; yoga. Spiritual teachers talks about awakening, enlightenment and mindfulness\",\"publisher\":{\"@id\":\"https:\/\/openskypress.com\/#organization\"},\"potentialAction\":[{\"@type\":\"SearchAction\",\"target\":{\"@type\":\"EntryPoint\",\"urlTemplate\":\"https:\/\/openskypress.com\/?s={search_term_string}\"},\"query-input\":{\"@type\":\"PropertyValueSpecification\",\"valueRequired\":true,\"valueName\":\"search_term_string\"}}],\"inLanguage\":\"de\"},{\"@type\":\"Organization\",\"@id\":\"https:\/\/openskypress.com\/#organization\",\"name\":\"Spiritual Books & Films Online Shop #1 | Open Sky Press\",\"url\":\"https:\/\/openskypress.com\/\",\"logo\":{\"@type\":\"ImageObject\",\"inLanguage\":\"de\",\"@id\":\"https:\/\/openskypress.com\/#\/schema\/logo\/image\/\",\"url\":\"https:\/\/openskypress.com\/wp-content\/uploads\/2020\/02\/logo-osp-1.png\",\"contentUrl\":\"https:\/\/openskypress.com\/wp-content\/uploads\/2020\/02\/logo-osp-1.png\",\"width\":222,\"height\":219,\"caption\":\"Spiritual Books & Films Online Shop #1 | Open Sky Press\"},\"image\":{\"@id\":\"https:\/\/openskypress.com\/#\/schema\/logo\/image\/\"}}]}<\/script>\n<!-- \/ Yoast SEO plugin. -->","yoast_head_json":{"title":"The Power of Now - Spiritual Books &amp; Films Online Shop #1 | Open Sky Press DE","robots":{"index":"index","follow":"follow","max-snippet":"max-snippet:-1","max-image-preview":"max-image-preview:large","max-video-preview":"max-video-preview:-1"},"canonical":"https:\/\/openskypress.com\/de\/product\/macht-jetzt-eckhart-tolle\/","og_locale":"de_DE","og_type":"article","og_title":"The Power of Now - Spiritual Books &amp; Films Online Shop #1 | Open Sky Press DE","og_description":"Nur auf englisch erh\u00e4ltlich!  In today's rush we all think too much, seek too much, want too much and forget about the joy of just being. We worry about what people think of us, we campare ourselves with our friends, family and neighbours, and deep down we worry we're not 'good enough'.","og_url":"https:\/\/openskypress.com\/de\/product\/macht-jetzt-eckhart-tolle\/","og_site_name":"Spiritual Books &amp; Films Online Shop #1 | Open Sky Press DE","article_modified_time":"2025-12-16T12:32:57+00:00","og_image":[{"width":490,"height":740,"url":"https:\/\/openskypress.com\/wp-content\/uploads\/2019\/06\/power-of-now-min.jpg","type":"image\/jpeg"}],"twitter_card":"summary_large_image","schema":{"@context":"https:\/\/schema.org","@graph":[{"@type":"WebPage","@id":"https:\/\/openskypress.com\/de\/product\/macht-jetzt-eckhart-tolle\/","url":"https:\/\/openskypress.com\/de\/product\/macht-jetzt-eckhart-tolle\/","name":"The Power of Now - Spiritual Books &amp; Films Online Shop #1 | Open Sky Press DE","isPartOf":{"@id":"https:\/\/openskypress.com\/#website"},"primaryImageOfPage":{"@id":"https:\/\/openskypress.com\/de\/product\/macht-jetzt-eckhart-tolle\/#primaryimage"},"image":{"@id":"https:\/\/openskypress.com\/de\/product\/macht-jetzt-eckhart-tolle\/#primaryimage"},"thumbnailUrl":"https:\/\/openskypress.com\/wp-content\/uploads\/2019\/06\/power-of-now-min.jpg","datePublished":"2019-04-12T14:14:34+00:00","dateModified":"2025-12-16T12:32:57+00:00","breadcrumb":{"@id":"https:\/\/openskypress.com\/de\/product\/macht-jetzt-eckhart-tolle\/#breadcrumb"},"inLanguage":"de","potentialAction":[{"@type":"ReadAction","target":["https:\/\/openskypress.com\/de\/product\/macht-jetzt-eckhart-tolle\/"]}]},{"@type":"ImageObject","inLanguage":"de","@id":"https:\/\/openskypress.com\/de\/product\/macht-jetzt-eckhart-tolle\/#primaryimage","url":"https:\/\/openskypress.com\/wp-content\/uploads\/2019\/06\/power-of-now-min.jpg","contentUrl":"https:\/\/openskypress.com\/wp-content\/uploads\/2019\/06\/power-of-now-min.jpg","width":490,"height":740,"caption":"the power of now eckhart tolle, the power of now, power of now, eckhart tolle, tolle"},{"@type":"BreadcrumbList","@id":"https:\/\/openskypress.com\/de\/product\/macht-jetzt-eckhart-tolle\/#breadcrumb","itemListElement":[{"@type":"ListItem","position":1,"name":"Home","item":"https:\/\/openskypress.com\/es\/"},{"@type":"ListItem","position":2,"name":"Shop","item":"https:\/\/openskypress.com\/de\/shop\/"},{"@type":"ListItem","position":3,"name":"The Power of Now"}]},{"@type":"WebSite","@id":"https:\/\/openskypress.com\/#website","url":"https:\/\/openskypress.com\/","name":"Spiritual Books & Films Online Shop #1 | Open Sky Press","description":"Best store of Books &amp; DVDs about Satsang, Indian &amp; Western philosophy &amp; yoga. Spiritual teachers talks about awakening, enlightenment and mindfulness","publisher":{"@id":"https:\/\/openskypress.com\/#organization"},"potentialAction":[{"@type":"SearchAction","target":{"@type":"EntryPoint","urlTemplate":"https:\/\/openskypress.com\/?s={search_term_string}"},"query-input":{"@type":"PropertyValueSpecification","valueRequired":true,"valueName":"search_term_string"}}],"inLanguage":"de"},{"@type":"Organization","@id":"https:\/\/openskypress.com\/#organization","name":"Spiritual Books & Films Online Shop #1 | Open Sky Press","url":"https:\/\/openskypress.com\/","logo":{"@type":"ImageObject","inLanguage":"de","@id":"https:\/\/openskypress.com\/#\/schema\/logo\/image\/","url":"https:\/\/openskypress.com\/wp-content\/uploads\/2020\/02\/logo-osp-1.png","contentUrl":"https:\/\/openskypress.com\/wp-content\/uploads\/2020\/02\/logo-osp-1.png","width":222,"height":219,"caption":"Spiritual Books & Films Online Shop #1 | Open Sky Press"},"image":{"@id":"https:\/\/openskypress.com\/#\/schema\/logo\/image\/"}}]}},"_links":{"self":[{"href":"https:\/\/openskypress.com\/de\/wp-json\/wp\/v2\/product\/3596","targetHints":{"allow":["GET"]}}],"collection":[{"href":"https:\/\/openskypress.com\/de\/wp-json\/wp\/v2\/product"}],"about":[{"href":"https:\/\/openskypress.com\/de\/wp-json\/wp\/v2\/types\/product"}],"replies":[{"embeddable":true,"href":"https:\/\/openskypress.com\/de\/wp-json\/wp\/v2\/comments?post=3596"}],"wp:featuredmedia":[{"embeddable":true,"href":"https:\/\/openskypress.com\/de\/wp-json\/wp\/v2\/media\/5983"}],"wp:attachment":[{"href":"https:\/\/openskypress.com\/de\/wp-json\/wp\/v2\/media?parent=3596"}],"wp:term":[{"taxonomy":"product_brand","embeddable":true,"href":"https:\/\/openskypress.com\/de\/wp-json\/wp\/v2\/product_brand?post=3596"},{"taxonomy":"product_cat","embeddable":true,"href":"https:\/\/openskypress.com\/de\/wp-json\/wp\/v2\/product_cat?post=3596"},{"taxonomy":"product_tag","embeddable":true,"href":"https:\/\/openskypress.com\/de\/wp-json\/wp\/v2\/product_tag?post=3596"}],"curies":[{"name":"wp","href":"https:\/\/api.w.org\/{rel}","templated":true}]}}