{"id":3458,"date":"2019-04-16T08:35:24","date_gmt":"2019-04-16T08:35:24","guid":{"rendered":"https:\/\/openskycharity.international\/product\/nan-yar-who-am-i\/"},"modified":"2026-01-22T09:06:29","modified_gmt":"2026-01-22T09:06:29","slug":"nan-yar-wer-bin-ich","status":"publish","type":"product","link":"https:\/\/openskypress.com\/de\/product\/nan-yar-wer-bin-ich\/","title":{"rendered":"Buch Nan Yar &#8211; Wer bin ich?"},"content":{"rendered":"<p align=\"justify\"><a href=\"https:\/\/openskycharity.international\/de\/produkt\/ebook-nan-yar-wer-bin-ich\/\"><i><u><b>Auch als eBook erh\u00e4ltlich. Hier klicken<\/b><\/u><\/i><\/a><br \/>\n<b><br \/>\nNan Yar &#8211; Wer bin ich?<\/b><\/p>\n<p align=\"justify\">by Sri Ramana Maharshi<\/p>\n<p align=\"justify\"><i><\/i>Nan Yar ist ein klassischer spiritueller Text von einem der gr\u00f6\u00dften indischen Lehrer, Sri Ramana Maharshi, und eines der wichtigsten B\u00fccher des 20. Jahrhunderts. Eine wundersch\u00f6ne Ausgabe, dem Originaltext wurden ber\u00fchrende Zitate und wundervolle Fotografien von Sri Ramana zugef\u00fcgt. Mit einem Vorwort von Ken Wilber.<\/p>\n\n    <div class=\"xs_social_share_widget xs_share_url after_content \t\tmain_content  wslu-style-1 wslu-share-box-shaped wslu-fill-colored wslu-none wslu-share-horizontal wslu-theme-font-no wslu-main_content\">\n\n\t\t\n        <ul>\n\t\t\t        <\/ul>\n    <\/div> \n","protected":false},"excerpt":{"rendered":"<p><a href=\"https:\/\/openskycharity.international\/de\/produkt\/ebook-nan-yar-wer-bin-ich\/\"><i><u><b>Auch als eBook erh\u00e4ltlich. Hier klicken<\/b><\/u><\/i><\/a><\/p>\n<p>Nan Yar ist ein klassischer spiritueller Text von einem der gr\u00f6\u00dften indischen Lehrer, Sri Ramana Maharshi, und eines der wichtigsten B\u00fccher des 20. Jahrhunderts. Eine wundersch\u00f6ne Ausgabe, dem Originaltext wurden ber\u00fchrende Zitate und wundervolle Fotografien von Sri Ramana zugef\u00fcgt.<\/p>\n<p>Bhagavan Sri Ramana Maharshi, der &#8222;Weise vom Arunachala&#8220;, ist eine der ber\u00fchmtesten Pers\u00f6nlichkeiten der j\u00fcngsten Vergangenheit aus Indiens gro\u00dfem Schatz aus Heiligen, Mystikern und spirituellen Lehrern. Nachdem er als junger Mann mit 16 Jahren ein spontanes Erwachen hatte, verlie\u00df er sein Zuhause und machte sich auf den Weg nach Tiruvannamalai, zum heiligen Berg Arunachala. Auf und am Berg, den er niemals mehr verlassen hat, lebte er dann viele Jahre lang allein und in Stille. 1920 wurde ein Ashram errichtet, in dem er bis zu seinem Tod 1950 wohnte und lehrte. Die vom Maha Rishi, dem &#8222;gro\u00dfen Seher&#8220;, empfohlene Methode gaben seine Sch\u00fcler und Anh\u00e4nger, die durch ihn Selbsterkenntnis erlangten, sp\u00e4ter an ihre Sch\u00fcler weiter: die Selbsterforschung mit der Frage &#8222;Wer bin ich?&#8220;<\/p>\n","protected":false},"featured_media":5077,"comment_status":"open","ping_status":"closed","template":"","meta":{"postBodyCss":"","postBodyMargin":[],"postBodyPadding":[],"postBodyBackground":{"backgroundType":"classic","gradient":""}},"product_brand":[],"product_cat":[369,384,386],"product_tag":[407,438,440,494],"class_list":{"0":"post-3458","1":"product","2":"type-product","3":"status-publish","4":"has-post-thumbnail","6":"product_cat-bucher","7":"product_cat-ramana-maharshi-de","8":"product_cat-open-sky-press-buecher","9":"product_tag-erleuchtung","10":"product_tag-freiheit","11":"product_tag-gluck","12":"product_tag-wahrheit","14":"first","15":"instock","16":"taxable","17":"shipping-taxable","18":"purchasable","19":"product-type-simple"},"yoast_head":"<!-- This site is optimized with the Yoast SEO plugin v26.6 - https:\/\/yoast.com\/wordpress\/plugins\/seo\/ -->\n<title>Buch Nan Yar - Wer bin ich? - Spiritual Books &amp; Films Online Shop #1 | Open Sky Press DE<\/title>\n<meta name=\"robots\" content=\"index, follow, max-snippet:-1, max-image-preview:large, max-video-preview:-1\" \/>\n<link rel=\"canonical\" href=\"https:\/\/openskypress.com\/de\/product\/nan-yar-wer-bin-ich\/\" \/>\n<meta property=\"og:locale\" content=\"de_DE\" \/>\n<meta property=\"og:type\" content=\"article\" \/>\n<meta property=\"og:title\" content=\"Buch Nan Yar - Wer bin ich? - Spiritual Books &amp; Films Online Shop #1 | Open Sky Press DE\" \/>\n<meta property=\"og:description\" content=\"Auch als eBook erh\u00e4ltlich. Hier klicken  Nan Yar ist ein klassischer spiritueller Text von einem der gr\u00f6\u00dften indischen Lehrer, Sri Ramana Maharshi, und eines der wichtigsten B\u00fccher des 20. Jahrhunderts. Eine wundersch\u00f6ne Ausgabe, dem Originaltext wurden ber\u00fchrende Zitate und wundervolle Fotografien von Sri Ramana zugef\u00fcgt.  Bhagavan Sri Ramana Maharshi, der &quot;Weise vom Arunachala&quot;, ist eine der ber\u00fchmtesten Pers\u00f6nlichkeiten der j\u00fcngsten Vergangenheit aus Indiens gro\u00dfem Schatz aus Heiligen, Mystikern und spirituellen Lehrern. Nachdem er als junger Mann mit 16 Jahren ein spontanes Erwachen hatte, verlie\u00df er sein Zuhause und machte sich auf den Weg nach Tiruvannamalai, zum heiligen Berg Arunachala. Auf und am Berg, den er niemals mehr verlassen hat, lebte er dann viele Jahre lang allein und in Stille. 1920 wurde ein Ashram errichtet, in dem er bis zu seinem Tod 1950 wohnte und lehrte. Die vom Maha Rishi, dem &quot;gro\u00dfen Seher&quot;, empfohlene Methode gaben seine Sch\u00fcler und Anh\u00e4nger, die durch ihn Selbsterkenntnis erlangten, sp\u00e4ter an ihre Sch\u00fcler weiter: die Selbsterforschung mit der Frage &quot;Wer bin ich?&quot;\" \/>\n<meta property=\"og:url\" content=\"https:\/\/openskypress.com\/de\/product\/nan-yar-wer-bin-ich\/\" \/>\n<meta property=\"og:site_name\" content=\"Spiritual Books &amp; Films Online Shop #1 | Open Sky Press DE\" \/>\n<meta property=\"article:modified_time\" content=\"2026-01-22T09:06:29+00:00\" \/>\n<meta property=\"og:image\" content=\"https:\/\/openskypress.com\/wp-content\/uploads\/2019\/05\/nan-yar-wer-bin-ich.png\" \/>\n\t<meta property=\"og:image:width\" content=\"490\" \/>\n\t<meta property=\"og:image:height\" content=\"740\" \/>\n\t<meta property=\"og:image:type\" content=\"image\/png\" \/>\n<meta name=\"twitter:card\" content=\"summary_large_image\" \/>\n<script type=\"application\/ld+json\" class=\"yoast-schema-graph\">{\"@context\":\"https:\/\/schema.org\",\"@graph\":[{\"@type\":\"WebPage\",\"@id\":\"https:\/\/openskypress.com\/de\/product\/nan-yar-wer-bin-ich\/\",\"url\":\"https:\/\/openskypress.com\/de\/product\/nan-yar-wer-bin-ich\/\",\"name\":\"Buch Nan Yar - Wer bin ich? - Spiritual Books &amp; Films Online Shop #1 | Open Sky Press DE\",\"isPartOf\":{\"@id\":\"https:\/\/openskypress.com\/#website\"},\"primaryImageOfPage\":{\"@id\":\"https:\/\/openskypress.com\/de\/product\/nan-yar-wer-bin-ich\/#primaryimage\"},\"image\":{\"@id\":\"https:\/\/openskypress.com\/de\/product\/nan-yar-wer-bin-ich\/#primaryimage\"},\"thumbnailUrl\":\"https:\/\/openskypress.com\/wp-content\/uploads\/2019\/05\/nan-yar-wer-bin-ich.png\",\"datePublished\":\"2019-04-16T08:35:24+00:00\",\"dateModified\":\"2026-01-22T09:06:29+00:00\",\"breadcrumb\":{\"@id\":\"https:\/\/openskypress.com\/de\/product\/nan-yar-wer-bin-ich\/#breadcrumb\"},\"inLanguage\":\"de\",\"potentialAction\":[{\"@type\":\"ReadAction\",\"target\":[\"https:\/\/openskypress.com\/de\/product\/nan-yar-wer-bin-ich\/\"]}]},{\"@type\":\"ImageObject\",\"inLanguage\":\"de\",\"@id\":\"https:\/\/openskypress.com\/de\/product\/nan-yar-wer-bin-ich\/#primaryimage\",\"url\":\"https:\/\/openskypress.com\/wp-content\/uploads\/2019\/05\/nan-yar-wer-bin-ich.png\",\"contentUrl\":\"https:\/\/openskypress.com\/wp-content\/uploads\/2019\/05\/nan-yar-wer-bin-ich.png\",\"width\":490,\"height\":740,\"caption\":\"Ramana Maharshi, nan yar, wer bin ich\"},{\"@type\":\"BreadcrumbList\",\"@id\":\"https:\/\/openskypress.com\/de\/product\/nan-yar-wer-bin-ich\/#breadcrumb\",\"itemListElement\":[{\"@type\":\"ListItem\",\"position\":1,\"name\":\"Home\",\"item\":\"https:\/\/openskypress.com\/es\/\"},{\"@type\":\"ListItem\",\"position\":2,\"name\":\"Shop\",\"item\":\"https:\/\/openskypress.com\/de\/shop\/\"},{\"@type\":\"ListItem\",\"position\":3,\"name\":\"Buch Nan Yar &#8211; Wer bin ich?\"}]},{\"@type\":\"WebSite\",\"@id\":\"https:\/\/openskypress.com\/#website\",\"url\":\"https:\/\/openskypress.com\/\",\"name\":\"Spiritual Books & Films Online Shop #1 | Open Sky Press\",\"description\":\"Best store of Books &amp; DVDs about Satsang, Indian &amp; Western philosophy &amp; yoga. Spiritual teachers talks about awakening, enlightenment and mindfulness\",\"publisher\":{\"@id\":\"https:\/\/openskypress.com\/#organization\"},\"potentialAction\":[{\"@type\":\"SearchAction\",\"target\":{\"@type\":\"EntryPoint\",\"urlTemplate\":\"https:\/\/openskypress.com\/?s={search_term_string}\"},\"query-input\":{\"@type\":\"PropertyValueSpecification\",\"valueRequired\":true,\"valueName\":\"search_term_string\"}}],\"inLanguage\":\"de\"},{\"@type\":\"Organization\",\"@id\":\"https:\/\/openskypress.com\/#organization\",\"name\":\"Spiritual Books & Films Online Shop #1 | Open Sky Press\",\"url\":\"https:\/\/openskypress.com\/\",\"logo\":{\"@type\":\"ImageObject\",\"inLanguage\":\"de\",\"@id\":\"https:\/\/openskypress.com\/#\/schema\/logo\/image\/\",\"url\":\"https:\/\/openskypress.com\/wp-content\/uploads\/2020\/02\/logo-osp-1.png\",\"contentUrl\":\"https:\/\/openskypress.com\/wp-content\/uploads\/2020\/02\/logo-osp-1.png\",\"width\":222,\"height\":219,\"caption\":\"Spiritual Books & Films Online Shop #1 | Open Sky Press\"},\"image\":{\"@id\":\"https:\/\/openskypress.com\/#\/schema\/logo\/image\/\"}}]}<\/script>\n<!-- \/ Yoast SEO plugin. -->","yoast_head_json":{"title":"Buch Nan Yar - Wer bin ich? - Spiritual Books &amp; Films Online Shop #1 | Open Sky Press DE","robots":{"index":"index","follow":"follow","max-snippet":"max-snippet:-1","max-image-preview":"max-image-preview:large","max-video-preview":"max-video-preview:-1"},"canonical":"https:\/\/openskypress.com\/de\/product\/nan-yar-wer-bin-ich\/","og_locale":"de_DE","og_type":"article","og_title":"Buch Nan Yar - Wer bin ich? - Spiritual Books &amp; Films Online Shop #1 | Open Sky Press DE","og_description":"Auch als eBook erh\u00e4ltlich. Hier klicken  Nan Yar ist ein klassischer spiritueller Text von einem der gr\u00f6\u00dften indischen Lehrer, Sri Ramana Maharshi, und eines der wichtigsten B\u00fccher des 20. Jahrhunderts. Eine wundersch\u00f6ne Ausgabe, dem Originaltext wurden ber\u00fchrende Zitate und wundervolle Fotografien von Sri Ramana zugef\u00fcgt.  Bhagavan Sri Ramana Maharshi, der \"Weise vom Arunachala\", ist eine der ber\u00fchmtesten Pers\u00f6nlichkeiten der j\u00fcngsten Vergangenheit aus Indiens gro\u00dfem Schatz aus Heiligen, Mystikern und spirituellen Lehrern. Nachdem er als junger Mann mit 16 Jahren ein spontanes Erwachen hatte, verlie\u00df er sein Zuhause und machte sich auf den Weg nach Tiruvannamalai, zum heiligen Berg Arunachala. Auf und am Berg, den er niemals mehr verlassen hat, lebte er dann viele Jahre lang allein und in Stille. 1920 wurde ein Ashram errichtet, in dem er bis zu seinem Tod 1950 wohnte und lehrte. Die vom Maha Rishi, dem \"gro\u00dfen Seher\", empfohlene Methode gaben seine Sch\u00fcler und Anh\u00e4nger, die durch ihn Selbsterkenntnis erlangten, sp\u00e4ter an ihre Sch\u00fcler weiter: die Selbsterforschung mit der Frage \"Wer bin ich?\"","og_url":"https:\/\/openskypress.com\/de\/product\/nan-yar-wer-bin-ich\/","og_site_name":"Spiritual Books &amp; Films Online Shop #1 | Open Sky Press DE","article_modified_time":"2026-01-22T09:06:29+00:00","og_image":[{"width":490,"height":740,"url":"https:\/\/openskypress.com\/wp-content\/uploads\/2019\/05\/nan-yar-wer-bin-ich.png","type":"image\/png"}],"twitter_card":"summary_large_image","schema":{"@context":"https:\/\/schema.org","@graph":[{"@type":"WebPage","@id":"https:\/\/openskypress.com\/de\/product\/nan-yar-wer-bin-ich\/","url":"https:\/\/openskypress.com\/de\/product\/nan-yar-wer-bin-ich\/","name":"Buch Nan Yar - Wer bin ich? - Spiritual Books &amp; Films Online Shop #1 | Open Sky Press DE","isPartOf":{"@id":"https:\/\/openskypress.com\/#website"},"primaryImageOfPage":{"@id":"https:\/\/openskypress.com\/de\/product\/nan-yar-wer-bin-ich\/#primaryimage"},"image":{"@id":"https:\/\/openskypress.com\/de\/product\/nan-yar-wer-bin-ich\/#primaryimage"},"thumbnailUrl":"https:\/\/openskypress.com\/wp-content\/uploads\/2019\/05\/nan-yar-wer-bin-ich.png","datePublished":"2019-04-16T08:35:24+00:00","dateModified":"2026-01-22T09:06:29+00:00","breadcrumb":{"@id":"https:\/\/openskypress.com\/de\/product\/nan-yar-wer-bin-ich\/#breadcrumb"},"inLanguage":"de","potentialAction":[{"@type":"ReadAction","target":["https:\/\/openskypress.com\/de\/product\/nan-yar-wer-bin-ich\/"]}]},{"@type":"ImageObject","inLanguage":"de","@id":"https:\/\/openskypress.com\/de\/product\/nan-yar-wer-bin-ich\/#primaryimage","url":"https:\/\/openskypress.com\/wp-content\/uploads\/2019\/05\/nan-yar-wer-bin-ich.png","contentUrl":"https:\/\/openskypress.com\/wp-content\/uploads\/2019\/05\/nan-yar-wer-bin-ich.png","width":490,"height":740,"caption":"Ramana Maharshi, nan yar, wer bin ich"},{"@type":"BreadcrumbList","@id":"https:\/\/openskypress.com\/de\/product\/nan-yar-wer-bin-ich\/#breadcrumb","itemListElement":[{"@type":"ListItem","position":1,"name":"Home","item":"https:\/\/openskypress.com\/es\/"},{"@type":"ListItem","position":2,"name":"Shop","item":"https:\/\/openskypress.com\/de\/shop\/"},{"@type":"ListItem","position":3,"name":"Buch Nan Yar &#8211; Wer bin ich?"}]},{"@type":"WebSite","@id":"https:\/\/openskypress.com\/#website","url":"https:\/\/openskypress.com\/","name":"Spiritual Books & Films Online Shop #1 | Open Sky Press","description":"Best store of Books &amp; DVDs about Satsang, Indian &amp; Western philosophy &amp; yoga. Spiritual teachers talks about awakening, enlightenment and mindfulness","publisher":{"@id":"https:\/\/openskypress.com\/#organization"},"potentialAction":[{"@type":"SearchAction","target":{"@type":"EntryPoint","urlTemplate":"https:\/\/openskypress.com\/?s={search_term_string}"},"query-input":{"@type":"PropertyValueSpecification","valueRequired":true,"valueName":"search_term_string"}}],"inLanguage":"de"},{"@type":"Organization","@id":"https:\/\/openskypress.com\/#organization","name":"Spiritual Books & Films Online Shop #1 | Open Sky Press","url":"https:\/\/openskypress.com\/","logo":{"@type":"ImageObject","inLanguage":"de","@id":"https:\/\/openskypress.com\/#\/schema\/logo\/image\/","url":"https:\/\/openskypress.com\/wp-content\/uploads\/2020\/02\/logo-osp-1.png","contentUrl":"https:\/\/openskypress.com\/wp-content\/uploads\/2020\/02\/logo-osp-1.png","width":222,"height":219,"caption":"Spiritual Books & Films Online Shop #1 | Open Sky Press"},"image":{"@id":"https:\/\/openskypress.com\/#\/schema\/logo\/image\/"}}]}},"_links":{"self":[{"href":"https:\/\/openskypress.com\/de\/wp-json\/wp\/v2\/product\/3458","targetHints":{"allow":["GET"]}}],"collection":[{"href":"https:\/\/openskypress.com\/de\/wp-json\/wp\/v2\/product"}],"about":[{"href":"https:\/\/openskypress.com\/de\/wp-json\/wp\/v2\/types\/product"}],"replies":[{"embeddable":true,"href":"https:\/\/openskypress.com\/de\/wp-json\/wp\/v2\/comments?post=3458"}],"wp:featuredmedia":[{"embeddable":true,"href":"https:\/\/openskypress.com\/de\/wp-json\/wp\/v2\/media\/5077"}],"wp:attachment":[{"href":"https:\/\/openskypress.com\/de\/wp-json\/wp\/v2\/media?parent=3458"}],"wp:term":[{"taxonomy":"product_brand","embeddable":true,"href":"https:\/\/openskypress.com\/de\/wp-json\/wp\/v2\/product_brand?post=3458"},{"taxonomy":"product_cat","embeddable":true,"href":"https:\/\/openskypress.com\/de\/wp-json\/wp\/v2\/product_cat?post=3458"},{"taxonomy":"product_tag","embeddable":true,"href":"https:\/\/openskypress.com\/de\/wp-json\/wp\/v2\/product_tag?post=3458"}],"curies":[{"name":"wp","href":"https:\/\/api.w.org\/{rel}","templated":true}]}}