{"id":3457,"date":"2019-04-16T08:29:25","date_gmt":"2019-04-16T08:29:25","guid":{"rendered":"https:\/\/openskycharity.international\/product\/grundlos-glucklich-freiheit-des-seins\/"},"modified":"2026-01-22T09:06:30","modified_gmt":"2026-01-22T09:06:30","slug":"grundlos-gluecklich","status":"publish","type":"product","link":"https:\/\/openskypress.com\/de\/product\/grundlos-gluecklich\/","title":{"rendered":"Buch Grundlos gl\u00fccklich"},"content":{"rendered":"<div align=\"left\">\n<h3 align=\"justify\">Grundlos gl\u00fccklich &#8211; Die Freiheit des Seins<\/h3>\n<p><a style=\"color: #0b5dcc; text-decoration: underline;\" href=\"https:\/\/openskycharity.international\/de\/product\/leseprobe-grundlos-gluecklich\/\"><strong><span style=\"font-size: 22px;\">Hier geht es zur kostenlose Leseprobe!<\/span><\/strong><\/a><\/p>\n<p align=\"justify\">John David<\/p>\n<p align=\"justify\">Grundlos gl\u00fccklich &#8211; Die Freiheit des Seins ist ein wertvoller Wegbegleiter von gro\u00dfer Tiefe, mit dem uns der englische spirituelle Lehrer John David die Weisheit der Menschheit an die Hand gibt. Die faszinierenden Zitate bedeutender spiritueller Pers\u00f6nlichkeiten aus allen Epochen und Traditionen bereichern John Davids Dialoge mit seinen Sch\u00fclern und inspirieren ihn zu erkenntnisreichen und humorvollen Interpretationen.<\/p>\n<p><em>&#8222;John Davids neues Buch ist au\u00dfergew\u00f6hnlich gut, ein Meisterwerk.&#8220;<\/em><br \/>\nPaul Lowe, spiritueller Lehrer<\/p>\n<\/div>\n<p><a href=\"https:\/\/openskycharity.international\/de\/produkt\/ebook-grundlos-glucklich\/\"><i><u><b>Auch als eBook erh\u00e4ltlich. Hier klicken<\/b><\/u><\/i><\/a><\/p>\n\n    <div class=\"xs_social_share_widget xs_share_url after_content \t\tmain_content  wslu-style-1 wslu-share-box-shaped wslu-fill-colored wslu-none wslu-share-horizontal wslu-theme-font-no wslu-main_content\">\n\n\t\t\n        <ul>\n\t\t\t        <\/ul>\n    <\/div> \n","protected":false},"excerpt":{"rendered":"<div align=\"justify\">\n<div align=\"left\">\n<p><i><u><b><\/b><\/u><\/i><i><u><b><a style=\"color: #0b5dcc; text-decoration: underline;\" href=\"https:\/\/openskycharity.international\/de\/product\/leseprobe-grundlos-gluecklich\/\"><strong><span style=\"font-size: 22px;\">Hier geht es zur kostenlose Leseprobe!<\/span><\/strong><\/a><\/b><\/u><\/i><\/p>\n<p>Grundlos gl\u00fccklich &#8211; Die Freiheit des Seins ist ein wertvoller Wegbegleiter von gro\u00dfer Tiefe, mit dem uns der englische spirituelle Lehrer John David die Weisheit der Menschheit an die Hand gibt. Die faszinierenden Zitate bedeutender spiritueller Pers\u00f6nlichkeiten aus allen Epochen und Traditionen bereichern John Davids Dialoge mit seinen Sch\u00fclern und inspirieren ihn zu erkenntnisreichen und humorvollen Interpretationen.<\/p>\n<p><a href=\"https:\/\/openskycharity.international\/de\/produkt\/ebook-grundlos-glucklich\/\"><i><u><b>Auch als eBook erh\u00e4ltlich. Hier klicken<\/b><\/u><\/i><\/a><\/p>\n<\/div>\n<\/div>\n","protected":false},"featured_media":3391,"comment_status":"open","ping_status":"closed","template":"","meta":{"postBodyCss":"","postBodyMargin":[],"postBodyPadding":[],"postBodyBackground":{"backgroundType":"classic","gradient":""}},"product_brand":[],"product_cat":[369,370,386],"product_tag":[407,438,400,440,442,506,445,494,465],"class_list":{"0":"post-3457","1":"product","2":"type-product","3":"status-publish","4":"has-post-thumbnail","6":"product_cat-bucher","7":"product_cat-john-david-de","8":"product_cat-open-sky-press-buecher","9":"product_tag-erleuchtung","10":"product_tag-freiheit","11":"product_tag-gemeinschaft","12":"product_tag-gluck","13":"product_tag-innerer-frieden","14":"product_tag-klarheit","15":"product_tag-liebe","16":"product_tag-wahrheit","17":"product_tag-weisheit","19":"first","20":"instock","21":"taxable","22":"shipping-taxable","23":"purchasable","24":"product-type-simple"},"yoast_head":"<!-- This site is optimized with the Yoast SEO plugin v26.6 - https:\/\/yoast.com\/wordpress\/plugins\/seo\/ -->\n<title>Buch Grundlos gl\u00fccklich - Spiritual Books &amp; Films Online Shop #1 | Open Sky Press DE<\/title>\n<meta name=\"robots\" content=\"index, follow, max-snippet:-1, max-image-preview:large, max-video-preview:-1\" \/>\n<link rel=\"canonical\" href=\"https:\/\/openskypress.com\/de\/product\/grundlos-gluecklich\/\" \/>\n<meta property=\"og:locale\" content=\"de_DE\" \/>\n<meta property=\"og:type\" content=\"article\" \/>\n<meta property=\"og:title\" content=\"Buch Grundlos gl\u00fccklich - Spiritual Books &amp; Films Online Shop #1 | Open Sky Press DE\" \/>\n<meta property=\"og:description\" content=\"Hier geht es zur kostenlose Leseprobe!  Grundlos gl\u00fccklich - Die Freiheit des Seins ist ein wertvoller Wegbegleiter von gro\u00dfer Tiefe, mit dem uns der englische spirituelle Lehrer John David die Weisheit der Menschheit an die Hand gibt. Die faszinierenden Zitate bedeutender spiritueller Pers\u00f6nlichkeiten aus allen Epochen und Traditionen bereichern John Davids Dialoge mit seinen Sch\u00fclern und inspirieren ihn zu erkenntnisreichen und humorvollen Interpretationen.  Auch als eBook erh\u00e4ltlich. Hier klicken\" \/>\n<meta property=\"og:url\" content=\"https:\/\/openskypress.com\/de\/product\/grundlos-gluecklich\/\" \/>\n<meta property=\"og:site_name\" content=\"Spiritual Books &amp; Films Online Shop #1 | Open Sky Press DE\" \/>\n<meta property=\"article:modified_time\" content=\"2026-01-22T09:06:30+00:00\" \/>\n<meta property=\"og:image\" content=\"https:\/\/openskypress.com\/wp-content\/uploads\/2019\/04\/grundlos-gluecklich.jpg\" \/>\n\t<meta property=\"og:image:width\" content=\"490\" \/>\n\t<meta property=\"og:image:height\" content=\"740\" \/>\n\t<meta property=\"og:image:type\" content=\"image\/jpeg\" \/>\n<meta name=\"twitter:card\" content=\"summary_large_image\" \/>\n<script type=\"application\/ld+json\" class=\"yoast-schema-graph\">{\"@context\":\"https:\/\/schema.org\",\"@graph\":[{\"@type\":\"WebPage\",\"@id\":\"https:\/\/openskypress.com\/de\/product\/grundlos-gluecklich\/\",\"url\":\"https:\/\/openskypress.com\/de\/product\/grundlos-gluecklich\/\",\"name\":\"Buch Grundlos gl\u00fccklich - Spiritual Books &amp; Films Online Shop #1 | Open Sky Press DE\",\"isPartOf\":{\"@id\":\"https:\/\/openskypress.com\/#website\"},\"primaryImageOfPage\":{\"@id\":\"https:\/\/openskypress.com\/de\/product\/grundlos-gluecklich\/#primaryimage\"},\"image\":{\"@id\":\"https:\/\/openskypress.com\/de\/product\/grundlos-gluecklich\/#primaryimage\"},\"thumbnailUrl\":\"https:\/\/openskypress.com\/wp-content\/uploads\/2019\/04\/grundlos-gluecklich.jpg\",\"datePublished\":\"2019-04-16T08:29:25+00:00\",\"dateModified\":\"2026-01-22T09:06:30+00:00\",\"breadcrumb\":{\"@id\":\"https:\/\/openskypress.com\/de\/product\/grundlos-gluecklich\/#breadcrumb\"},\"inLanguage\":\"de\",\"potentialAction\":[{\"@type\":\"ReadAction\",\"target\":[\"https:\/\/openskypress.com\/de\/product\/grundlos-gluecklich\/\"]}]},{\"@type\":\"ImageObject\",\"inLanguage\":\"de\",\"@id\":\"https:\/\/openskypress.com\/de\/product\/grundlos-gluecklich\/#primaryimage\",\"url\":\"https:\/\/openskypress.com\/wp-content\/uploads\/2019\/04\/grundlos-gluecklich.jpg\",\"contentUrl\":\"https:\/\/openskypress.com\/wp-content\/uploads\/2019\/04\/grundlos-gluecklich.jpg\",\"width\":490,\"height\":740,\"caption\":\"grundlos gliecklich, die Freiheit des Seins, John David, Community\"},{\"@type\":\"BreadcrumbList\",\"@id\":\"https:\/\/openskypress.com\/de\/product\/grundlos-gluecklich\/#breadcrumb\",\"itemListElement\":[{\"@type\":\"ListItem\",\"position\":1,\"name\":\"Home\",\"item\":\"https:\/\/openskypress.com\/es\/\"},{\"@type\":\"ListItem\",\"position\":2,\"name\":\"Shop\",\"item\":\"https:\/\/openskypress.com\/de\/shop\/\"},{\"@type\":\"ListItem\",\"position\":3,\"name\":\"Buch Grundlos gl\u00fccklich\"}]},{\"@type\":\"WebSite\",\"@id\":\"https:\/\/openskypress.com\/#website\",\"url\":\"https:\/\/openskypress.com\/\",\"name\":\"Spiritual Books & Films Online Shop #1 | Open Sky Press\",\"description\":\"Best store of Books &amp; DVDs about Satsang, Indian &amp; Western philosophy &amp; yoga. Spiritual teachers talks about awakening, enlightenment and mindfulness\",\"publisher\":{\"@id\":\"https:\/\/openskypress.com\/#organization\"},\"potentialAction\":[{\"@type\":\"SearchAction\",\"target\":{\"@type\":\"EntryPoint\",\"urlTemplate\":\"https:\/\/openskypress.com\/?s={search_term_string}\"},\"query-input\":{\"@type\":\"PropertyValueSpecification\",\"valueRequired\":true,\"valueName\":\"search_term_string\"}}],\"inLanguage\":\"de\"},{\"@type\":\"Organization\",\"@id\":\"https:\/\/openskypress.com\/#organization\",\"name\":\"Spiritual Books & Films Online Shop #1 | Open Sky Press\",\"url\":\"https:\/\/openskypress.com\/\",\"logo\":{\"@type\":\"ImageObject\",\"inLanguage\":\"de\",\"@id\":\"https:\/\/openskypress.com\/#\/schema\/logo\/image\/\",\"url\":\"https:\/\/openskypress.com\/wp-content\/uploads\/2020\/02\/logo-osp-1.png\",\"contentUrl\":\"https:\/\/openskypress.com\/wp-content\/uploads\/2020\/02\/logo-osp-1.png\",\"width\":222,\"height\":219,\"caption\":\"Spiritual Books & Films Online Shop #1 | Open Sky Press\"},\"image\":{\"@id\":\"https:\/\/openskypress.com\/#\/schema\/logo\/image\/\"}}]}<\/script>\n<!-- \/ Yoast SEO plugin. -->","yoast_head_json":{"title":"Buch Grundlos gl\u00fccklich - Spiritual Books &amp; Films Online Shop #1 | Open Sky Press DE","robots":{"index":"index","follow":"follow","max-snippet":"max-snippet:-1","max-image-preview":"max-image-preview:large","max-video-preview":"max-video-preview:-1"},"canonical":"https:\/\/openskypress.com\/de\/product\/grundlos-gluecklich\/","og_locale":"de_DE","og_type":"article","og_title":"Buch Grundlos gl\u00fccklich - Spiritual Books &amp; Films Online Shop #1 | Open Sky Press DE","og_description":"Hier geht es zur kostenlose Leseprobe!  Grundlos gl\u00fccklich - Die Freiheit des Seins ist ein wertvoller Wegbegleiter von gro\u00dfer Tiefe, mit dem uns der englische spirituelle Lehrer John David die Weisheit der Menschheit an die Hand gibt. Die faszinierenden Zitate bedeutender spiritueller Pers\u00f6nlichkeiten aus allen Epochen und Traditionen bereichern John Davids Dialoge mit seinen Sch\u00fclern und inspirieren ihn zu erkenntnisreichen und humorvollen Interpretationen.  Auch als eBook erh\u00e4ltlich. Hier klicken","og_url":"https:\/\/openskypress.com\/de\/product\/grundlos-gluecklich\/","og_site_name":"Spiritual Books &amp; Films Online Shop #1 | Open Sky Press DE","article_modified_time":"2026-01-22T09:06:30+00:00","og_image":[{"width":490,"height":740,"url":"https:\/\/openskypress.com\/wp-content\/uploads\/2019\/04\/grundlos-gluecklich.jpg","type":"image\/jpeg"}],"twitter_card":"summary_large_image","schema":{"@context":"https:\/\/schema.org","@graph":[{"@type":"WebPage","@id":"https:\/\/openskypress.com\/de\/product\/grundlos-gluecklich\/","url":"https:\/\/openskypress.com\/de\/product\/grundlos-gluecklich\/","name":"Buch Grundlos gl\u00fccklich - Spiritual Books &amp; Films Online Shop #1 | Open Sky Press DE","isPartOf":{"@id":"https:\/\/openskypress.com\/#website"},"primaryImageOfPage":{"@id":"https:\/\/openskypress.com\/de\/product\/grundlos-gluecklich\/#primaryimage"},"image":{"@id":"https:\/\/openskypress.com\/de\/product\/grundlos-gluecklich\/#primaryimage"},"thumbnailUrl":"https:\/\/openskypress.com\/wp-content\/uploads\/2019\/04\/grundlos-gluecklich.jpg","datePublished":"2019-04-16T08:29:25+00:00","dateModified":"2026-01-22T09:06:30+00:00","breadcrumb":{"@id":"https:\/\/openskypress.com\/de\/product\/grundlos-gluecklich\/#breadcrumb"},"inLanguage":"de","potentialAction":[{"@type":"ReadAction","target":["https:\/\/openskypress.com\/de\/product\/grundlos-gluecklich\/"]}]},{"@type":"ImageObject","inLanguage":"de","@id":"https:\/\/openskypress.com\/de\/product\/grundlos-gluecklich\/#primaryimage","url":"https:\/\/openskypress.com\/wp-content\/uploads\/2019\/04\/grundlos-gluecklich.jpg","contentUrl":"https:\/\/openskypress.com\/wp-content\/uploads\/2019\/04\/grundlos-gluecklich.jpg","width":490,"height":740,"caption":"grundlos gliecklich, die Freiheit des Seins, John David, Community"},{"@type":"BreadcrumbList","@id":"https:\/\/openskypress.com\/de\/product\/grundlos-gluecklich\/#breadcrumb","itemListElement":[{"@type":"ListItem","position":1,"name":"Home","item":"https:\/\/openskypress.com\/es\/"},{"@type":"ListItem","position":2,"name":"Shop","item":"https:\/\/openskypress.com\/de\/shop\/"},{"@type":"ListItem","position":3,"name":"Buch Grundlos gl\u00fccklich"}]},{"@type":"WebSite","@id":"https:\/\/openskypress.com\/#website","url":"https:\/\/openskypress.com\/","name":"Spiritual Books & Films Online Shop #1 | Open Sky Press","description":"Best store of Books &amp; DVDs about Satsang, Indian &amp; Western philosophy &amp; yoga. Spiritual teachers talks about awakening, enlightenment and mindfulness","publisher":{"@id":"https:\/\/openskypress.com\/#organization"},"potentialAction":[{"@type":"SearchAction","target":{"@type":"EntryPoint","urlTemplate":"https:\/\/openskypress.com\/?s={search_term_string}"},"query-input":{"@type":"PropertyValueSpecification","valueRequired":true,"valueName":"search_term_string"}}],"inLanguage":"de"},{"@type":"Organization","@id":"https:\/\/openskypress.com\/#organization","name":"Spiritual Books & Films Online Shop #1 | Open Sky Press","url":"https:\/\/openskypress.com\/","logo":{"@type":"ImageObject","inLanguage":"de","@id":"https:\/\/openskypress.com\/#\/schema\/logo\/image\/","url":"https:\/\/openskypress.com\/wp-content\/uploads\/2020\/02\/logo-osp-1.png","contentUrl":"https:\/\/openskypress.com\/wp-content\/uploads\/2020\/02\/logo-osp-1.png","width":222,"height":219,"caption":"Spiritual Books & Films Online Shop #1 | Open Sky Press"},"image":{"@id":"https:\/\/openskypress.com\/#\/schema\/logo\/image\/"}}]}},"_links":{"self":[{"href":"https:\/\/openskypress.com\/de\/wp-json\/wp\/v2\/product\/3457","targetHints":{"allow":["GET"]}}],"collection":[{"href":"https:\/\/openskypress.com\/de\/wp-json\/wp\/v2\/product"}],"about":[{"href":"https:\/\/openskypress.com\/de\/wp-json\/wp\/v2\/types\/product"}],"replies":[{"embeddable":true,"href":"https:\/\/openskypress.com\/de\/wp-json\/wp\/v2\/comments?post=3457"}],"wp:featuredmedia":[{"embeddable":true,"href":"https:\/\/openskypress.com\/de\/wp-json\/wp\/v2\/media\/3391"}],"wp:attachment":[{"href":"https:\/\/openskypress.com\/de\/wp-json\/wp\/v2\/media?parent=3457"}],"wp:term":[{"taxonomy":"product_brand","embeddable":true,"href":"https:\/\/openskypress.com\/de\/wp-json\/wp\/v2\/product_brand?post=3457"},{"taxonomy":"product_cat","embeddable":true,"href":"https:\/\/openskypress.com\/de\/wp-json\/wp\/v2\/product_cat?post=3457"},{"taxonomy":"product_tag","embeddable":true,"href":"https:\/\/openskypress.com\/de\/wp-json\/wp\/v2\/product_tag?post=3457"}],"curies":[{"name":"wp","href":"https:\/\/api.w.org\/{rel}","templated":true}]}}