{"id":15561,"date":"2026-02-28T17:31:05","date_gmt":"2026-02-28T17:31:05","guid":{"rendered":"https:\/\/openskypress.com\/?post_type=product&#038;p=15561"},"modified":"2026-02-28T17:36:05","modified_gmt":"2026-02-28T17:36:05","slug":"aham-sphurana-sharanagati-hingabe-loslassen","status":"publish","type":"product","link":"https:\/\/openskypress.com\/de\/product\/aham-sphurana-sharanagati-hingabe-loslassen\/","title":{"rendered":"Sharanagati \u2013 Hingabe, Loslassen"},"content":{"rendered":"<p data-start=\"0\" data-end=\"462\">Nach der warmen Aufnahme der ersten beiden B\u00e4nde <em data-start=\"49\" data-end=\"64\">Aham Sphurana<\/em> und <em data-start=\"69\" data-end=\"78\">Vichara<\/em>, die die Leser in die lebendige Gegenwart von Bhagavan Sri Ramana Maharshi und den kraftvollen Geist des Ashrams f\u00fchrten, wendet sich <em data-start=\"213\" data-end=\"226\">Sharanagati <\/em>mit gleicher Klarheit einer weiteren tragenden S\u00e4ule seiner Lehre zu: der Hingabe. F\u00fcr Bhagavan ist Hingabe kein Gef\u00fchl, sondern ein direkter, kompromissloser Weg, das Ego aufzul\u00f6sen und in der nat\u00fcrlichen Stille des Selbst zu ruhen.<\/p>\n<p data-start=\"464\" data-end=\"1063\">Ausgehend von seltenen Dialogen sowie sorgf\u00e4ltig ausgew\u00e4hlten Lehren und Geschichten erforscht dieser Band die Hingabe sowohl als Praxis als auch als Erf\u00fcllung \u2013 wie partielle Hingabe zu m\u00fchelosem, vollst\u00e4ndigem Loslassen heranreift; wie Vertrauen in das G\u00f6ttliche Angst und das Gef\u00fchl des Handelns verdr\u00e4ngt; und wie Gnade un\u00fcbersehbar wirksam wird, sobald man aufh\u00f6rt zu widerstehen. Konkrete Hinweise erhellen, was es bedeutet, \u201ealles aufzugeben und still zu sein\u201c, und greifen zugleich praktische Fragen zu Arbeit, Familie, Karma sowie das scheinbare Paradox von Anstrengung und Nicht-Tun auf.<\/p>\n<p data-start=\"1065\" data-end=\"1475\" data-is-last-node=\"\" data-is-only-node=\"\">Im Geist von Bhagavans lebendiger Weisheit ist <em data-start=\"1112\" data-end=\"1125\">Sharanagati<\/em> ein unverzichtbarer Begleiter f\u00fcr Suchende, die durch Hingabe erwachen m\u00f6chten \u2013 eine Einladung, den Geist ins Herz sinken zu lassen, als Stille zu verweilen und zu entdecken, dass vollkommener Frieden nicht erlangt, sondern offenbar wird, wenn nichts zur\u00fcckgehalten und alles im Geist von <em data-start=\"1416\" data-end=\"1436\">Ananya Sharanagati<\/em> \u2013 absoluter Hingabe \u2013 aufgegeben wird.<\/p>\n\n    <div class=\"xs_social_share_widget xs_share_url after_content \t\tmain_content  wslu-style-1 wslu-share-box-shaped wslu-fill-colored wslu-none wslu-share-horizontal wslu-theme-font-no wslu-main_content\">\n\n\t\t\n        <ul>\n\t\t\t        <\/ul>\n    <\/div> \n","protected":false},"excerpt":{"rendered":"<p>Dieser Band wendet sich dem Herzen des Weges von Bhagavan Sri Ramana Maharshi zu \u2013 der Hingabe. Durch seine zeitlosen Worte und erhellenden Dialoge zeigt <em data-start=\"154\" data-end=\"167\">Sharanagati<\/em>, wie das Loslassen von Kontrolle, das Vertrauen in das G\u00f6ttliche und das Hineingeben des Geistes ins Herz das Ego aufl\u00f6sen und den nat\u00fcrlichen Frieden des Selbst offenbaren.<\/p>\n<p><strong>Voraussichtlich verf\u00fcgbar ab Juni 2026.\u00a0<\/strong><\/p>\n<p>&nbsp;<\/p>\n","protected":false},"featured_media":15562,"comment_status":"open","ping_status":"closed","template":"","meta":{"postBodyCss":"","postBodyMargin":[],"postBodyPadding":[],"postBodyBackground":{"backgroundType":"classic","gradient":""}},"product_brand":[],"product_cat":[384,386],"product_tag":[],"class_list":{"0":"post-15561","1":"product","2":"type-product","3":"status-publish","4":"has-post-thumbnail","6":"product_cat-ramana-maharshi-de","7":"product_cat-open-sky-press-buecher","9":"first","10":"outofstock","11":"taxable","12":"shipping-taxable","13":"purchasable","14":"product-type-simple"},"yoast_head":"<!-- This site is optimized with the Yoast SEO plugin v26.6 - https:\/\/yoast.com\/wordpress\/plugins\/seo\/ -->\n<title>Sharanagati \u2013 Hingabe, Loslassen - Spiritual Books &amp; Films Online Shop #1 | Open Sky Press DE<\/title>\n<meta name=\"robots\" content=\"index, follow, max-snippet:-1, max-image-preview:large, max-video-preview:-1\" \/>\n<link rel=\"canonical\" href=\"https:\/\/openskypress.com\/de\/product\/aham-sphurana-sharanagati-hingabe-loslassen\/\" \/>\n<meta property=\"og:locale\" content=\"de_DE\" \/>\n<meta property=\"og:type\" content=\"article\" \/>\n<meta property=\"og:title\" content=\"Sharanagati \u2013 Hingabe, Loslassen - Spiritual Books &amp; Films Online Shop #1 | Open Sky Press DE\" \/>\n<meta property=\"og:description\" content=\"Dieser Band wendet sich dem Herzen des Weges von Bhagavan Sri Ramana Maharshi zu \u2013 der Hingabe. Durch seine zeitlosen Worte und erhellenden Dialoge zeigt Sharanagati, wie das Loslassen von Kontrolle, das Vertrauen in das G\u00f6ttliche und das Hineingeben des Geistes ins Herz das Ego aufl\u00f6sen und den nat\u00fcrlichen Frieden des Selbst offenbaren.  Voraussichtlich verf\u00fcgbar ab Juni 2026.\u00a0  &nbsp;\" \/>\n<meta property=\"og:url\" content=\"https:\/\/openskypress.com\/de\/product\/aham-sphurana-sharanagati-hingabe-loslassen\/\" \/>\n<meta property=\"og:site_name\" content=\"Spiritual Books &amp; Films Online Shop #1 | Open Sky Press DE\" \/>\n<meta property=\"article:modified_time\" content=\"2026-02-28T17:36:05+00:00\" \/>\n<meta property=\"og:image\" content=\"https:\/\/openskypress.com\/wp-content\/uploads\/2026\/02\/Sharanagati-Cover-DE.jpg\" \/>\n\t<meta property=\"og:image:width\" content=\"1114\" \/>\n\t<meta property=\"og:image:height\" content=\"1656\" \/>\n\t<meta property=\"og:image:type\" content=\"image\/jpeg\" \/>\n<meta name=\"twitter:card\" content=\"summary_large_image\" \/>\n<meta name=\"twitter:label1\" content=\"Gesch\u00e4tzte Lesezeit\" \/>\n\t<meta name=\"twitter:data1\" content=\"2\u00a0Minuten\" \/>\n<script type=\"application\/ld+json\" class=\"yoast-schema-graph\">{\"@context\":\"https:\/\/schema.org\",\"@graph\":[{\"@type\":\"WebPage\",\"@id\":\"https:\/\/openskypress.com\/de\/product\/aham-sphurana-sharanagati-hingabe-loslassen\/\",\"url\":\"https:\/\/openskypress.com\/de\/product\/aham-sphurana-sharanagati-hingabe-loslassen\/\",\"name\":\"Sharanagati \u2013 Hingabe, Loslassen - Spiritual Books &amp; Films Online Shop #1 | Open Sky Press DE\",\"isPartOf\":{\"@id\":\"https:\/\/openskypress.com\/#website\"},\"primaryImageOfPage\":{\"@id\":\"https:\/\/openskypress.com\/de\/product\/aham-sphurana-sharanagati-hingabe-loslassen\/#primaryimage\"},\"image\":{\"@id\":\"https:\/\/openskypress.com\/de\/product\/aham-sphurana-sharanagati-hingabe-loslassen\/#primaryimage\"},\"thumbnailUrl\":\"https:\/\/openskypress.com\/wp-content\/uploads\/2026\/02\/Sharanagati-Cover-DE.jpg\",\"datePublished\":\"2026-02-28T17:31:05+00:00\",\"dateModified\":\"2026-02-28T17:36:05+00:00\",\"breadcrumb\":{\"@id\":\"https:\/\/openskypress.com\/de\/product\/aham-sphurana-sharanagati-hingabe-loslassen\/#breadcrumb\"},\"inLanguage\":\"de\",\"potentialAction\":[{\"@type\":\"ReadAction\",\"target\":[\"https:\/\/openskypress.com\/de\/product\/aham-sphurana-sharanagati-hingabe-loslassen\/\"]}]},{\"@type\":\"ImageObject\",\"inLanguage\":\"de\",\"@id\":\"https:\/\/openskypress.com\/de\/product\/aham-sphurana-sharanagati-hingabe-loslassen\/#primaryimage\",\"url\":\"https:\/\/openskypress.com\/wp-content\/uploads\/2026\/02\/Sharanagati-Cover-DE.jpg\",\"contentUrl\":\"https:\/\/openskypress.com\/wp-content\/uploads\/2026\/02\/Sharanagati-Cover-DE.jpg\",\"width\":1114,\"height\":1656},{\"@type\":\"BreadcrumbList\",\"@id\":\"https:\/\/openskypress.com\/de\/product\/aham-sphurana-sharanagati-hingabe-loslassen\/#breadcrumb\",\"itemListElement\":[{\"@type\":\"ListItem\",\"position\":1,\"name\":\"Home\",\"item\":\"https:\/\/openskypress.com\/es\/\"},{\"@type\":\"ListItem\",\"position\":2,\"name\":\"Shop\",\"item\":\"https:\/\/openskypress.com\/de\/shop\/\"},{\"@type\":\"ListItem\",\"position\":3,\"name\":\"Sharanagati \u2013 Hingabe, Loslassen\"}]},{\"@type\":\"WebSite\",\"@id\":\"https:\/\/openskypress.com\/#website\",\"url\":\"https:\/\/openskypress.com\/\",\"name\":\"Spiritual Books & Films Online Shop #1 | Open Sky Press\",\"description\":\"Best store of Books &amp; DVDs about Satsang, Indian &amp; Western philosophy &amp; yoga. Spiritual teachers talks about awakening, enlightenment and mindfulness\",\"publisher\":{\"@id\":\"https:\/\/openskypress.com\/#organization\"},\"potentialAction\":[{\"@type\":\"SearchAction\",\"target\":{\"@type\":\"EntryPoint\",\"urlTemplate\":\"https:\/\/openskypress.com\/?s={search_term_string}\"},\"query-input\":{\"@type\":\"PropertyValueSpecification\",\"valueRequired\":true,\"valueName\":\"search_term_string\"}}],\"inLanguage\":\"de\"},{\"@type\":\"Organization\",\"@id\":\"https:\/\/openskypress.com\/#organization\",\"name\":\"Spiritual Books & Films Online Shop #1 | Open Sky Press\",\"url\":\"https:\/\/openskypress.com\/\",\"logo\":{\"@type\":\"ImageObject\",\"inLanguage\":\"de\",\"@id\":\"https:\/\/openskypress.com\/#\/schema\/logo\/image\/\",\"url\":\"https:\/\/openskypress.com\/wp-content\/uploads\/2020\/02\/logo-osp-1.png\",\"contentUrl\":\"https:\/\/openskypress.com\/wp-content\/uploads\/2020\/02\/logo-osp-1.png\",\"width\":222,\"height\":219,\"caption\":\"Spiritual Books & Films Online Shop #1 | Open Sky Press\"},\"image\":{\"@id\":\"https:\/\/openskypress.com\/#\/schema\/logo\/image\/\"}}]}<\/script>\n<!-- \/ Yoast SEO plugin. -->","yoast_head_json":{"title":"Sharanagati \u2013 Hingabe, Loslassen - Spiritual Books &amp; Films Online Shop #1 | Open Sky Press DE","robots":{"index":"index","follow":"follow","max-snippet":"max-snippet:-1","max-image-preview":"max-image-preview:large","max-video-preview":"max-video-preview:-1"},"canonical":"https:\/\/openskypress.com\/de\/product\/aham-sphurana-sharanagati-hingabe-loslassen\/","og_locale":"de_DE","og_type":"article","og_title":"Sharanagati \u2013 Hingabe, Loslassen - Spiritual Books &amp; Films Online Shop #1 | Open Sky Press DE","og_description":"Dieser Band wendet sich dem Herzen des Weges von Bhagavan Sri Ramana Maharshi zu \u2013 der Hingabe. Durch seine zeitlosen Worte und erhellenden Dialoge zeigt Sharanagati, wie das Loslassen von Kontrolle, das Vertrauen in das G\u00f6ttliche und das Hineingeben des Geistes ins Herz das Ego aufl\u00f6sen und den nat\u00fcrlichen Frieden des Selbst offenbaren.  Voraussichtlich verf\u00fcgbar ab Juni 2026.\u00a0  &nbsp;","og_url":"https:\/\/openskypress.com\/de\/product\/aham-sphurana-sharanagati-hingabe-loslassen\/","og_site_name":"Spiritual Books &amp; Films Online Shop #1 | Open Sky Press DE","article_modified_time":"2026-02-28T17:36:05+00:00","og_image":[{"width":1114,"height":1656,"url":"https:\/\/openskypress.com\/wp-content\/uploads\/2026\/02\/Sharanagati-Cover-DE.jpg","type":"image\/jpeg"}],"twitter_card":"summary_large_image","twitter_misc":{"Gesch\u00e4tzte Lesezeit":"2\u00a0Minuten"},"schema":{"@context":"https:\/\/schema.org","@graph":[{"@type":"WebPage","@id":"https:\/\/openskypress.com\/de\/product\/aham-sphurana-sharanagati-hingabe-loslassen\/","url":"https:\/\/openskypress.com\/de\/product\/aham-sphurana-sharanagati-hingabe-loslassen\/","name":"Sharanagati \u2013 Hingabe, Loslassen - Spiritual Books &amp; Films Online Shop #1 | Open Sky Press DE","isPartOf":{"@id":"https:\/\/openskypress.com\/#website"},"primaryImageOfPage":{"@id":"https:\/\/openskypress.com\/de\/product\/aham-sphurana-sharanagati-hingabe-loslassen\/#primaryimage"},"image":{"@id":"https:\/\/openskypress.com\/de\/product\/aham-sphurana-sharanagati-hingabe-loslassen\/#primaryimage"},"thumbnailUrl":"https:\/\/openskypress.com\/wp-content\/uploads\/2026\/02\/Sharanagati-Cover-DE.jpg","datePublished":"2026-02-28T17:31:05+00:00","dateModified":"2026-02-28T17:36:05+00:00","breadcrumb":{"@id":"https:\/\/openskypress.com\/de\/product\/aham-sphurana-sharanagati-hingabe-loslassen\/#breadcrumb"},"inLanguage":"de","potentialAction":[{"@type":"ReadAction","target":["https:\/\/openskypress.com\/de\/product\/aham-sphurana-sharanagati-hingabe-loslassen\/"]}]},{"@type":"ImageObject","inLanguage":"de","@id":"https:\/\/openskypress.com\/de\/product\/aham-sphurana-sharanagati-hingabe-loslassen\/#primaryimage","url":"https:\/\/openskypress.com\/wp-content\/uploads\/2026\/02\/Sharanagati-Cover-DE.jpg","contentUrl":"https:\/\/openskypress.com\/wp-content\/uploads\/2026\/02\/Sharanagati-Cover-DE.jpg","width":1114,"height":1656},{"@type":"BreadcrumbList","@id":"https:\/\/openskypress.com\/de\/product\/aham-sphurana-sharanagati-hingabe-loslassen\/#breadcrumb","itemListElement":[{"@type":"ListItem","position":1,"name":"Home","item":"https:\/\/openskypress.com\/es\/"},{"@type":"ListItem","position":2,"name":"Shop","item":"https:\/\/openskypress.com\/de\/shop\/"},{"@type":"ListItem","position":3,"name":"Sharanagati \u2013 Hingabe, Loslassen"}]},{"@type":"WebSite","@id":"https:\/\/openskypress.com\/#website","url":"https:\/\/openskypress.com\/","name":"Spiritual Books & Films Online Shop #1 | Open Sky Press","description":"Best store of Books &amp; DVDs about Satsang, Indian &amp; Western philosophy &amp; yoga. Spiritual teachers talks about awakening, enlightenment and mindfulness","publisher":{"@id":"https:\/\/openskypress.com\/#organization"},"potentialAction":[{"@type":"SearchAction","target":{"@type":"EntryPoint","urlTemplate":"https:\/\/openskypress.com\/?s={search_term_string}"},"query-input":{"@type":"PropertyValueSpecification","valueRequired":true,"valueName":"search_term_string"}}],"inLanguage":"de"},{"@type":"Organization","@id":"https:\/\/openskypress.com\/#organization","name":"Spiritual Books & Films Online Shop #1 | Open Sky Press","url":"https:\/\/openskypress.com\/","logo":{"@type":"ImageObject","inLanguage":"de","@id":"https:\/\/openskypress.com\/#\/schema\/logo\/image\/","url":"https:\/\/openskypress.com\/wp-content\/uploads\/2020\/02\/logo-osp-1.png","contentUrl":"https:\/\/openskypress.com\/wp-content\/uploads\/2020\/02\/logo-osp-1.png","width":222,"height":219,"caption":"Spiritual Books & Films Online Shop #1 | Open Sky Press"},"image":{"@id":"https:\/\/openskypress.com\/#\/schema\/logo\/image\/"}}]}},"_links":{"self":[{"href":"https:\/\/openskypress.com\/de\/wp-json\/wp\/v2\/product\/15561","targetHints":{"allow":["GET"]}}],"collection":[{"href":"https:\/\/openskypress.com\/de\/wp-json\/wp\/v2\/product"}],"about":[{"href":"https:\/\/openskypress.com\/de\/wp-json\/wp\/v2\/types\/product"}],"replies":[{"embeddable":true,"href":"https:\/\/openskypress.com\/de\/wp-json\/wp\/v2\/comments?post=15561"}],"wp:featuredmedia":[{"embeddable":true,"href":"https:\/\/openskypress.com\/de\/wp-json\/wp\/v2\/media\/15562"}],"wp:attachment":[{"href":"https:\/\/openskypress.com\/de\/wp-json\/wp\/v2\/media?parent=15561"}],"wp:term":[{"taxonomy":"product_brand","embeddable":true,"href":"https:\/\/openskypress.com\/de\/wp-json\/wp\/v2\/product_brand?post=15561"},{"taxonomy":"product_cat","embeddable":true,"href":"https:\/\/openskypress.com\/de\/wp-json\/wp\/v2\/product_cat?post=15561"},{"taxonomy":"product_tag","embeddable":true,"href":"https:\/\/openskypress.com\/de\/wp-json\/wp\/v2\/product_tag?post=15561"}],"curies":[{"name":"wp","href":"https:\/\/api.w.org\/{rel}","templated":true}]}}