{"id":14361,"date":"2025-12-07T15:51:41","date_gmt":"2025-12-07T15:51:41","guid":{"rendered":"https:\/\/openskycharity.international\/?post_type=product&#038;p=14361"},"modified":"2026-01-22T09:02:58","modified_gmt":"2026-01-22T09:02:58","slug":"ebook-vichara-selbsterforschung-wer-bin-ich","status":"publish","type":"product","link":"https:\/\/openskypress.com\/de\/product\/ebook-vichara-selbsterforschung-wer-bin-ich\/","title":{"rendered":"eBook Vichara \u2013 Selbsterforschung, Wer bin Ich?"},"content":{"rendered":"<p>Vichara ist eine lebendige und konzentrierte Begegnung mit der tiefsten Lehre Bhagavan Sri Ramana Maharshis: der Selbsterforschung. Zugleich gew\u00e4hrt das Buch einen unmittelbaren Einblick in das Leben im Ramana Ashram im Jahr 1936 \u2013 jener Zeit, in der Bhagavans Lehre erstmals auch viele Suchende aus dem Westen erreichte.<\/p>\n<p>Nach dem erfolgreichen ersten Band Aham Sphurana \u2013 Ein Einblick in die Selbstverwirklichung taucht dieser zweite Band noch tiefer in die Praxis der Selbsterforschung ein \u2013 die Bhagavan als den schnellsten und direktesten Weg zur Selbstverwirklichung bezeichnete. Durch eine sorgf\u00e4ltige Auswahl seiner Lehren verdeutlicht Vichara, wie die Selbsterforschung das Ego aufl\u00f6st und den Suchenden unmittelbar zur Erfahrung des wahren Selbst f\u00fchrt. Ein zeitloser, unverzichtbarer Leitfaden und ein Schl\u00fcssel zur transformierenden Kraft der Selbsterforschung.<\/p>\n<p>Im Jahr 1936, im Alter von 56 Jahren, war Bhagavan Sri Ramana Maharshi ein lebhafter und engagierter Meister \u2013 die Verk\u00f6rperung reiner Selbsterkenntnis. Geboren 1879, z\u00e4hlt er zu den bekanntesten und j\u00fcngsten gro\u00dfen Weisen, Heiligen und spirituellen Meistern Indiens. Bereits mit sechzehn erlebte er ein spontanes Erwachen, verlie\u00df sein Elternhaus in Madurai und zog zum heiligen Berg Arunachala in Tiruvannamalai, wo er bis zu seinem Tod 1950 Suchende lehrte und begleitete. Seine leuchtende Pr\u00e4senz durchdringt jede Seite dieses Buches und offenbart allen, die sich auf dem Weg des spirituellen Erwachens befinden, die tiefe Quelle transformierender Weisheit.<\/p>\n\n    <div class=\"xs_social_share_widget xs_share_url after_content \t\tmain_content  wslu-style-1 wslu-share-box-shaped wslu-fill-colored wslu-none wslu-share-horizontal wslu-theme-font-no wslu-main_content\">\n\n\t\t\n        <ul>\n\t\t\t        <\/ul>\n    <\/div> \n","protected":false},"excerpt":{"rendered":"<p>Diese neue Auswahl aus dem Aham Sphurana-Manuskript offenbart die tiefere Bedeutung und weitreichende Wirkung der Vichara-Praxis. Bhagavan betont sie immer wieder als den direktesten Weg zur Selbstverwirklichung \u2013 und zeigt, dass sie auch im Berufs- und Familienleben praktiziert werden kann.<br \/>\nDiese Ausgabe bringt wie nie zuvor Klarheit in die Selbsterforschung und beleuchtet all ihre Facetten.<\/p>\n<h3><strong>Jetzt verf\u00fcgbar<\/strong><\/h3>\n<p><a href=\"https:\/\/openskypress.com\/de\/product\/vichara-selbsterforschung-wer-bin-ich\/\">Auch als Buch erh\u00e4ltlich. Hier klicken<\/a><\/p>\n","protected":false},"featured_media":14364,"comment_status":"open","ping_status":"closed","template":"","meta":{"postBodyCss":"","postBodyMargin":[],"postBodyPadding":[],"postBodyBackground":{"backgroundType":"classic","gradient":""}},"product_brand":[],"product_cat":[369,390],"product_tag":[],"class_list":{"0":"post-14361","1":"product","2":"type-product","3":"status-publish","4":"has-post-thumbnail","6":"product_cat-bucher","7":"product_cat-ebooks-de","9":"first","10":"instock","11":"taxable","12":"shipping-taxable","13":"purchasable","14":"product-type-variable","15":"has-default-attributes"},"yoast_head":"<!-- This site is optimized with the Yoast SEO plugin v26.6 - https:\/\/yoast.com\/wordpress\/plugins\/seo\/ -->\n<title>eBook Vichara \u2013 Selbsterforschung, Wer bin Ich? - Spiritual Books &amp; Films Online Shop #1 | Open Sky Press DE<\/title>\n<meta name=\"robots\" content=\"index, follow, max-snippet:-1, max-image-preview:large, max-video-preview:-1\" \/>\n<link rel=\"canonical\" href=\"https:\/\/openskypress.com\/de\/product\/ebook-vichara-selbsterforschung-wer-bin-ich\/\" \/>\n<meta property=\"og:locale\" content=\"de_DE\" \/>\n<meta property=\"og:type\" content=\"article\" \/>\n<meta property=\"og:title\" content=\"eBook Vichara \u2013 Selbsterforschung, Wer bin Ich? - Spiritual Books &amp; Films Online Shop #1 | Open Sky Press DE\" \/>\n<meta property=\"og:description\" content=\"Diese neue Auswahl aus dem Aham Sphurana-Manuskript offenbart die tiefere Bedeutung und weitreichende Wirkung der Vichara-Praxis. Bhagavan betont sie immer wieder als den direktesten Weg zur Selbstverwirklichung \u2013 und zeigt, dass sie auch im Berufs- und Familienleben praktiziert werden kann. Diese Ausgabe bringt wie nie zuvor Klarheit in die Selbsterforschung und beleuchtet all ihre Facetten. Jetzt verf\u00fcgbar Auch als Buch erh\u00e4ltlich. Hier klicken\" \/>\n<meta property=\"og:url\" content=\"https:\/\/openskypress.com\/de\/product\/ebook-vichara-selbsterforschung-wer-bin-ich\/\" \/>\n<meta property=\"og:site_name\" content=\"Spiritual Books &amp; Films Online Shop #1 | Open Sky Press DE\" \/>\n<meta property=\"article:modified_time\" content=\"2026-01-22T09:02:58+00:00\" \/>\n<meta property=\"og:image\" content=\"https:\/\/openskypress.com\/wp-content\/uploads\/2025\/12\/ebook-Vichara-DE-Cover.jpg\" \/>\n\t<meta property=\"og:image:width\" content=\"490\" \/>\n\t<meta property=\"og:image:height\" content=\"740\" \/>\n\t<meta property=\"og:image:type\" content=\"image\/jpeg\" \/>\n<meta name=\"twitter:card\" content=\"summary_large_image\" \/>\n<meta name=\"twitter:label1\" content=\"Gesch\u00e4tzte Lesezeit\" \/>\n\t<meta name=\"twitter:data1\" content=\"1\u00a0Minute\" \/>\n<script type=\"application\/ld+json\" class=\"yoast-schema-graph\">{\"@context\":\"https:\/\/schema.org\",\"@graph\":[{\"@type\":\"WebPage\",\"@id\":\"https:\/\/openskypress.com\/de\/product\/ebook-vichara-selbsterforschung-wer-bin-ich\/\",\"url\":\"https:\/\/openskypress.com\/de\/product\/ebook-vichara-selbsterforschung-wer-bin-ich\/\",\"name\":\"eBook Vichara \u2013 Selbsterforschung, Wer bin Ich? - Spiritual Books &amp; Films Online Shop #1 | Open Sky Press DE\",\"isPartOf\":{\"@id\":\"https:\/\/openskypress.com\/#website\"},\"primaryImageOfPage\":{\"@id\":\"https:\/\/openskypress.com\/de\/product\/ebook-vichara-selbsterforschung-wer-bin-ich\/#primaryimage\"},\"image\":{\"@id\":\"https:\/\/openskypress.com\/de\/product\/ebook-vichara-selbsterforschung-wer-bin-ich\/#primaryimage\"},\"thumbnailUrl\":\"https:\/\/openskypress.com\/wp-content\/uploads\/2025\/12\/ebook-Vichara-DE-Cover.jpg\",\"datePublished\":\"2025-12-07T15:51:41+00:00\",\"dateModified\":\"2026-01-22T09:02:58+00:00\",\"breadcrumb\":{\"@id\":\"https:\/\/openskypress.com\/de\/product\/ebook-vichara-selbsterforschung-wer-bin-ich\/#breadcrumb\"},\"inLanguage\":\"de\",\"potentialAction\":[{\"@type\":\"ReadAction\",\"target\":[\"https:\/\/openskypress.com\/de\/product\/ebook-vichara-selbsterforschung-wer-bin-ich\/\"]}]},{\"@type\":\"ImageObject\",\"inLanguage\":\"de\",\"@id\":\"https:\/\/openskypress.com\/de\/product\/ebook-vichara-selbsterforschung-wer-bin-ich\/#primaryimage\",\"url\":\"https:\/\/openskypress.com\/wp-content\/uploads\/2025\/12\/ebook-Vichara-DE-Cover.jpg\",\"contentUrl\":\"https:\/\/openskypress.com\/wp-content\/uploads\/2025\/12\/ebook-Vichara-DE-Cover.jpg\",\"width\":490,\"height\":740},{\"@type\":\"BreadcrumbList\",\"@id\":\"https:\/\/openskypress.com\/de\/product\/ebook-vichara-selbsterforschung-wer-bin-ich\/#breadcrumb\",\"itemListElement\":[{\"@type\":\"ListItem\",\"position\":1,\"name\":\"Home\",\"item\":\"https:\/\/openskypress.com\/es\/\"},{\"@type\":\"ListItem\",\"position\":2,\"name\":\"Shop\",\"item\":\"https:\/\/openskypress.com\/de\/shop\/\"},{\"@type\":\"ListItem\",\"position\":3,\"name\":\"eBook Vichara \u2013 Selbsterforschung, Wer bin Ich?\"}]},{\"@type\":\"WebSite\",\"@id\":\"https:\/\/openskypress.com\/#website\",\"url\":\"https:\/\/openskypress.com\/\",\"name\":\"Spiritual Books & Films Online Shop #1 | Open Sky Press\",\"description\":\"Best store of Books &amp; DVDs about Satsang, Indian &amp; Western philosophy &amp; yoga. Spiritual teachers talks about awakening, enlightenment and mindfulness\",\"publisher\":{\"@id\":\"https:\/\/openskypress.com\/#organization\"},\"potentialAction\":[{\"@type\":\"SearchAction\",\"target\":{\"@type\":\"EntryPoint\",\"urlTemplate\":\"https:\/\/openskypress.com\/?s={search_term_string}\"},\"query-input\":{\"@type\":\"PropertyValueSpecification\",\"valueRequired\":true,\"valueName\":\"search_term_string\"}}],\"inLanguage\":\"de\"},{\"@type\":\"Organization\",\"@id\":\"https:\/\/openskypress.com\/#organization\",\"name\":\"Spiritual Books & Films Online Shop #1 | Open Sky Press\",\"url\":\"https:\/\/openskypress.com\/\",\"logo\":{\"@type\":\"ImageObject\",\"inLanguage\":\"de\",\"@id\":\"https:\/\/openskypress.com\/#\/schema\/logo\/image\/\",\"url\":\"https:\/\/openskypress.com\/wp-content\/uploads\/2020\/02\/logo-osp-1.png\",\"contentUrl\":\"https:\/\/openskypress.com\/wp-content\/uploads\/2020\/02\/logo-osp-1.png\",\"width\":222,\"height\":219,\"caption\":\"Spiritual Books & Films Online Shop #1 | Open Sky Press\"},\"image\":{\"@id\":\"https:\/\/openskypress.com\/#\/schema\/logo\/image\/\"}}]}<\/script>\n<!-- \/ Yoast SEO plugin. -->","yoast_head_json":{"title":"eBook Vichara \u2013 Selbsterforschung, Wer bin Ich? - Spiritual Books &amp; Films Online Shop #1 | Open Sky Press DE","robots":{"index":"index","follow":"follow","max-snippet":"max-snippet:-1","max-image-preview":"max-image-preview:large","max-video-preview":"max-video-preview:-1"},"canonical":"https:\/\/openskypress.com\/de\/product\/ebook-vichara-selbsterforschung-wer-bin-ich\/","og_locale":"de_DE","og_type":"article","og_title":"eBook Vichara \u2013 Selbsterforschung, Wer bin Ich? - Spiritual Books &amp; Films Online Shop #1 | Open Sky Press DE","og_description":"Diese neue Auswahl aus dem Aham Sphurana-Manuskript offenbart die tiefere Bedeutung und weitreichende Wirkung der Vichara-Praxis. Bhagavan betont sie immer wieder als den direktesten Weg zur Selbstverwirklichung \u2013 und zeigt, dass sie auch im Berufs- und Familienleben praktiziert werden kann. Diese Ausgabe bringt wie nie zuvor Klarheit in die Selbsterforschung und beleuchtet all ihre Facetten. Jetzt verf\u00fcgbar Auch als Buch erh\u00e4ltlich. Hier klicken","og_url":"https:\/\/openskypress.com\/de\/product\/ebook-vichara-selbsterforschung-wer-bin-ich\/","og_site_name":"Spiritual Books &amp; Films Online Shop #1 | Open Sky Press DE","article_modified_time":"2026-01-22T09:02:58+00:00","og_image":[{"width":490,"height":740,"url":"https:\/\/openskypress.com\/wp-content\/uploads\/2025\/12\/ebook-Vichara-DE-Cover.jpg","type":"image\/jpeg"}],"twitter_card":"summary_large_image","twitter_misc":{"Gesch\u00e4tzte Lesezeit":"1\u00a0Minute"},"schema":{"@context":"https:\/\/schema.org","@graph":[{"@type":"WebPage","@id":"https:\/\/openskypress.com\/de\/product\/ebook-vichara-selbsterforschung-wer-bin-ich\/","url":"https:\/\/openskypress.com\/de\/product\/ebook-vichara-selbsterforschung-wer-bin-ich\/","name":"eBook Vichara \u2013 Selbsterforschung, Wer bin Ich? - Spiritual Books &amp; Films Online Shop #1 | Open Sky Press DE","isPartOf":{"@id":"https:\/\/openskypress.com\/#website"},"primaryImageOfPage":{"@id":"https:\/\/openskypress.com\/de\/product\/ebook-vichara-selbsterforschung-wer-bin-ich\/#primaryimage"},"image":{"@id":"https:\/\/openskypress.com\/de\/product\/ebook-vichara-selbsterforschung-wer-bin-ich\/#primaryimage"},"thumbnailUrl":"https:\/\/openskypress.com\/wp-content\/uploads\/2025\/12\/ebook-Vichara-DE-Cover.jpg","datePublished":"2025-12-07T15:51:41+00:00","dateModified":"2026-01-22T09:02:58+00:00","breadcrumb":{"@id":"https:\/\/openskypress.com\/de\/product\/ebook-vichara-selbsterforschung-wer-bin-ich\/#breadcrumb"},"inLanguage":"de","potentialAction":[{"@type":"ReadAction","target":["https:\/\/openskypress.com\/de\/product\/ebook-vichara-selbsterforschung-wer-bin-ich\/"]}]},{"@type":"ImageObject","inLanguage":"de","@id":"https:\/\/openskypress.com\/de\/product\/ebook-vichara-selbsterforschung-wer-bin-ich\/#primaryimage","url":"https:\/\/openskypress.com\/wp-content\/uploads\/2025\/12\/ebook-Vichara-DE-Cover.jpg","contentUrl":"https:\/\/openskypress.com\/wp-content\/uploads\/2025\/12\/ebook-Vichara-DE-Cover.jpg","width":490,"height":740},{"@type":"BreadcrumbList","@id":"https:\/\/openskypress.com\/de\/product\/ebook-vichara-selbsterforschung-wer-bin-ich\/#breadcrumb","itemListElement":[{"@type":"ListItem","position":1,"name":"Home","item":"https:\/\/openskypress.com\/es\/"},{"@type":"ListItem","position":2,"name":"Shop","item":"https:\/\/openskypress.com\/de\/shop\/"},{"@type":"ListItem","position":3,"name":"eBook Vichara \u2013 Selbsterforschung, Wer bin Ich?"}]},{"@type":"WebSite","@id":"https:\/\/openskypress.com\/#website","url":"https:\/\/openskypress.com\/","name":"Spiritual Books & Films Online Shop #1 | Open Sky Press","description":"Best store of Books &amp; DVDs about Satsang, Indian &amp; Western philosophy &amp; yoga. Spiritual teachers talks about awakening, enlightenment and mindfulness","publisher":{"@id":"https:\/\/openskypress.com\/#organization"},"potentialAction":[{"@type":"SearchAction","target":{"@type":"EntryPoint","urlTemplate":"https:\/\/openskypress.com\/?s={search_term_string}"},"query-input":{"@type":"PropertyValueSpecification","valueRequired":true,"valueName":"search_term_string"}}],"inLanguage":"de"},{"@type":"Organization","@id":"https:\/\/openskypress.com\/#organization","name":"Spiritual Books & Films Online Shop #1 | Open Sky Press","url":"https:\/\/openskypress.com\/","logo":{"@type":"ImageObject","inLanguage":"de","@id":"https:\/\/openskypress.com\/#\/schema\/logo\/image\/","url":"https:\/\/openskypress.com\/wp-content\/uploads\/2020\/02\/logo-osp-1.png","contentUrl":"https:\/\/openskypress.com\/wp-content\/uploads\/2020\/02\/logo-osp-1.png","width":222,"height":219,"caption":"Spiritual Books & Films Online Shop #1 | Open Sky Press"},"image":{"@id":"https:\/\/openskypress.com\/#\/schema\/logo\/image\/"}}]}},"_links":{"self":[{"href":"https:\/\/openskypress.com\/de\/wp-json\/wp\/v2\/product\/14361","targetHints":{"allow":["GET"]}}],"collection":[{"href":"https:\/\/openskypress.com\/de\/wp-json\/wp\/v2\/product"}],"about":[{"href":"https:\/\/openskypress.com\/de\/wp-json\/wp\/v2\/types\/product"}],"replies":[{"embeddable":true,"href":"https:\/\/openskypress.com\/de\/wp-json\/wp\/v2\/comments?post=14361"}],"wp:featuredmedia":[{"embeddable":true,"href":"https:\/\/openskypress.com\/de\/wp-json\/wp\/v2\/media\/14364"}],"wp:attachment":[{"href":"https:\/\/openskypress.com\/de\/wp-json\/wp\/v2\/media?parent=14361"}],"wp:term":[{"taxonomy":"product_brand","embeddable":true,"href":"https:\/\/openskypress.com\/de\/wp-json\/wp\/v2\/product_brand?post=14361"},{"taxonomy":"product_cat","embeddable":true,"href":"https:\/\/openskypress.com\/de\/wp-json\/wp\/v2\/product_cat?post=14361"},{"taxonomy":"product_tag","embeddable":true,"href":"https:\/\/openskypress.com\/de\/wp-json\/wp\/v2\/product_tag?post=14361"}],"curies":[{"name":"wp","href":"https:\/\/api.w.org\/{rel}","templated":true}]}}