{"id":13836,"date":"2025-07-25T14:15:47","date_gmt":"2025-07-25T14:15:47","guid":{"rendered":"https:\/\/openskycharity.international\/?post_type=product&#038;p=13836"},"modified":"2026-01-22T09:02:59","modified_gmt":"2026-01-22T09:02:59","slug":"a-photo-album-about-shri-anandamayi-ma","status":"publish","type":"product","link":"https:\/\/openskypress.com\/de\/product\/a-photo-album-about-shri-anandamayi-ma\/","title":{"rendered":"Matri Darshan &#8211; Ein Fotoalbum \u00fcber Shri Anandamayi Ma"},"content":{"rendered":"<p>Seltene, eindrucksvolle Fotografien der Heiligen Anandamayi Ma verbinden sich in diesem Werk auf ber\u00fchrende Weise mit ihren tiefgr\u00fcndigen Worten. Gemeinsam vermitteln sie ein lebendiges Bild einer Frau, die vollkommen im g\u00f6ttlichen Bewusstsein verankert und innerlich frei war. Die Kombination aus Bild und Zitat begleitet den Betrachter durch \u00fcber sechzig Jahre von Ma\u2019s Leben und offenbart dabei verschiedene Facetten ihrer Ausstrahlung: Anmut und Sanftheit, kindliche Verspieltheit, m\u00fctterliche F\u00fcrsorge, strahlende Gl\u00fcckseligkeit und grenzenlose Hingabe \u2013 ein stilles Zeugnis einer seltenen spirituellen Verwirklichung, das Herz und Sinne gleicherma\u00dfen ber\u00fchrt.<\/p>\n<p>Das Buch ist dreisprachig: Englisch, Deutsch und Franz\u00f6sisch<\/p>\n\n    <div class=\"xs_social_share_widget xs_share_url after_content \t\tmain_content  wslu-style-1 wslu-share-box-shaped wslu-fill-colored wslu-none wslu-share-horizontal wslu-theme-font-no wslu-main_content\">\n\n\t\t\n        <ul>\n\t\t\t        <\/ul>\n    <\/div> \n","protected":false},"excerpt":{"rendered":"<p>Leute meditieren vor einem Foto, doch was ist ein blo\u00dfes Foto?<br \/>\nNur Papier. Ist dein Herz beim Meditieren jedoch von reinem Glauben erf\u00fcllt, so scheint der Herr Selbst in eben diesem Foto.<\/p>\n","protected":false},"featured_media":13839,"comment_status":"open","ping_status":"closed","template":"","meta":{"postBodyCss":"","postBodyMargin":[],"postBodyPadding":[],"postBodyBackground":{"backgroundType":"classic","gradient":""}},"product_brand":[],"product_cat":[1245,369,385],"product_tag":[1029],"class_list":{"0":"post-13836","1":"product","2":"type-product","3":"status-publish","4":"has-post-thumbnail","6":"product_cat-indische-meister","7":"product_cat-bucher","8":"product_cat-weitere-spirituelle-meister","9":"product_tag-non-dualitaet","11":"first","12":"outofstock","13":"taxable","14":"shipping-taxable","15":"purchasable","16":"product-type-simple"},"yoast_head":"<!-- This site is optimized with the Yoast SEO plugin v26.6 - https:\/\/yoast.com\/wordpress\/plugins\/seo\/ -->\n<title>Matri Darshan - Ein Fotoalbum \u00fcber Shri Anandamayi Ma - Spiritual Books &amp; Films Online Shop #1 | Open Sky Press DE<\/title>\n<meta name=\"robots\" content=\"index, follow, max-snippet:-1, max-image-preview:large, max-video-preview:-1\" \/>\n<link rel=\"canonical\" href=\"https:\/\/openskypress.com\/de\/product\/a-photo-album-about-shri-anandamayi-ma\/\" \/>\n<meta property=\"og:locale\" content=\"de_DE\" \/>\n<meta property=\"og:type\" content=\"article\" \/>\n<meta property=\"og:title\" content=\"Matri Darshan - Ein Fotoalbum \u00fcber Shri Anandamayi Ma - Spiritual Books &amp; Films Online Shop #1 | Open Sky Press DE\" \/>\n<meta property=\"og:description\" content=\"Leute meditieren vor einem Foto, doch was ist ein blo\u00dfes Foto? Nur Papier. Ist dein Herz beim Meditieren jedoch von reinem Glauben erf\u00fcllt, so scheint der Herr Selbst in eben diesem Foto.\" \/>\n<meta property=\"og:url\" content=\"https:\/\/openskypress.com\/de\/product\/a-photo-album-about-shri-anandamayi-ma\/\" \/>\n<meta property=\"og:site_name\" content=\"Spiritual Books &amp; Films Online Shop #1 | Open Sky Press DE\" \/>\n<meta property=\"article:modified_time\" content=\"2026-01-22T09:02:59+00:00\" \/>\n<meta property=\"og:image\" content=\"https:\/\/openskypress.com\/wp-content\/uploads\/2025\/07\/matri-darshan-gebundene-ausgabe.webp\" \/>\n\t<meta property=\"og:image:width\" content=\"420\" \/>\n\t<meta property=\"og:image:height\" content=\"600\" \/>\n\t<meta property=\"og:image:type\" content=\"image\/webp\" \/>\n<meta name=\"twitter:card\" content=\"summary_large_image\" \/>\n<meta name=\"twitter:label1\" content=\"Gesch\u00e4tzte Lesezeit\" \/>\n\t<meta name=\"twitter:data1\" content=\"1\u00a0Minute\" \/>\n<script type=\"application\/ld+json\" class=\"yoast-schema-graph\">{\"@context\":\"https:\/\/schema.org\",\"@graph\":[{\"@type\":\"WebPage\",\"@id\":\"https:\/\/openskypress.com\/de\/product\/a-photo-album-about-shri-anandamayi-ma\/\",\"url\":\"https:\/\/openskypress.com\/de\/product\/a-photo-album-about-shri-anandamayi-ma\/\",\"name\":\"Matri Darshan - Ein Fotoalbum \u00fcber Shri Anandamayi Ma - Spiritual Books &amp; Films Online Shop #1 | Open Sky Press DE\",\"isPartOf\":{\"@id\":\"https:\/\/openskypress.com\/#website\"},\"primaryImageOfPage\":{\"@id\":\"https:\/\/openskypress.com\/de\/product\/a-photo-album-about-shri-anandamayi-ma\/#primaryimage\"},\"image\":{\"@id\":\"https:\/\/openskypress.com\/de\/product\/a-photo-album-about-shri-anandamayi-ma\/#primaryimage\"},\"thumbnailUrl\":\"https:\/\/openskypress.com\/wp-content\/uploads\/2025\/07\/matri-darshan-gebundene-ausgabe.webp\",\"datePublished\":\"2025-07-25T14:15:47+00:00\",\"dateModified\":\"2026-01-22T09:02:59+00:00\",\"breadcrumb\":{\"@id\":\"https:\/\/openskypress.com\/de\/product\/a-photo-album-about-shri-anandamayi-ma\/#breadcrumb\"},\"inLanguage\":\"de\",\"potentialAction\":[{\"@type\":\"ReadAction\",\"target\":[\"https:\/\/openskypress.com\/de\/product\/a-photo-album-about-shri-anandamayi-ma\/\"]}]},{\"@type\":\"ImageObject\",\"inLanguage\":\"de\",\"@id\":\"https:\/\/openskypress.com\/de\/product\/a-photo-album-about-shri-anandamayi-ma\/#primaryimage\",\"url\":\"https:\/\/openskypress.com\/wp-content\/uploads\/2025\/07\/matri-darshan-gebundene-ausgabe.webp\",\"contentUrl\":\"https:\/\/openskypress.com\/wp-content\/uploads\/2025\/07\/matri-darshan-gebundene-ausgabe.webp\",\"width\":420,\"height\":600},{\"@type\":\"BreadcrumbList\",\"@id\":\"https:\/\/openskypress.com\/de\/product\/a-photo-album-about-shri-anandamayi-ma\/#breadcrumb\",\"itemListElement\":[{\"@type\":\"ListItem\",\"position\":1,\"name\":\"Home\",\"item\":\"https:\/\/openskypress.com\/es\/\"},{\"@type\":\"ListItem\",\"position\":2,\"name\":\"Shop\",\"item\":\"https:\/\/openskypress.com\/de\/shop\/\"},{\"@type\":\"ListItem\",\"position\":3,\"name\":\"Matri Darshan &#8211; Ein Fotoalbum \u00fcber Shri Anandamayi Ma\"}]},{\"@type\":\"WebSite\",\"@id\":\"https:\/\/openskypress.com\/#website\",\"url\":\"https:\/\/openskypress.com\/\",\"name\":\"Spiritual Books & Films Online Shop #1 | Open Sky Press\",\"description\":\"Best store of Books &amp; DVDs about Satsang, Indian &amp; Western philosophy &amp; yoga. Spiritual teachers talks about awakening, enlightenment and mindfulness\",\"publisher\":{\"@id\":\"https:\/\/openskypress.com\/#organization\"},\"potentialAction\":[{\"@type\":\"SearchAction\",\"target\":{\"@type\":\"EntryPoint\",\"urlTemplate\":\"https:\/\/openskypress.com\/?s={search_term_string}\"},\"query-input\":{\"@type\":\"PropertyValueSpecification\",\"valueRequired\":true,\"valueName\":\"search_term_string\"}}],\"inLanguage\":\"de\"},{\"@type\":\"Organization\",\"@id\":\"https:\/\/openskypress.com\/#organization\",\"name\":\"Spiritual Books & Films Online Shop #1 | Open Sky Press\",\"url\":\"https:\/\/openskypress.com\/\",\"logo\":{\"@type\":\"ImageObject\",\"inLanguage\":\"de\",\"@id\":\"https:\/\/openskypress.com\/#\/schema\/logo\/image\/\",\"url\":\"https:\/\/openskypress.com\/wp-content\/uploads\/2020\/02\/logo-osp-1.png\",\"contentUrl\":\"https:\/\/openskypress.com\/wp-content\/uploads\/2020\/02\/logo-osp-1.png\",\"width\":222,\"height\":219,\"caption\":\"Spiritual Books & Films Online Shop #1 | Open Sky Press\"},\"image\":{\"@id\":\"https:\/\/openskypress.com\/#\/schema\/logo\/image\/\"}}]}<\/script>\n<!-- \/ Yoast SEO plugin. -->","yoast_head_json":{"title":"Matri Darshan - Ein Fotoalbum \u00fcber Shri Anandamayi Ma - Spiritual Books &amp; Films Online Shop #1 | Open Sky Press DE","robots":{"index":"index","follow":"follow","max-snippet":"max-snippet:-1","max-image-preview":"max-image-preview:large","max-video-preview":"max-video-preview:-1"},"canonical":"https:\/\/openskypress.com\/de\/product\/a-photo-album-about-shri-anandamayi-ma\/","og_locale":"de_DE","og_type":"article","og_title":"Matri Darshan - Ein Fotoalbum \u00fcber Shri Anandamayi Ma - Spiritual Books &amp; Films Online Shop #1 | Open Sky Press DE","og_description":"Leute meditieren vor einem Foto, doch was ist ein blo\u00dfes Foto? Nur Papier. Ist dein Herz beim Meditieren jedoch von reinem Glauben erf\u00fcllt, so scheint der Herr Selbst in eben diesem Foto.","og_url":"https:\/\/openskypress.com\/de\/product\/a-photo-album-about-shri-anandamayi-ma\/","og_site_name":"Spiritual Books &amp; Films Online Shop #1 | Open Sky Press DE","article_modified_time":"2026-01-22T09:02:59+00:00","og_image":[{"width":420,"height":600,"url":"https:\/\/openskypress.com\/wp-content\/uploads\/2025\/07\/matri-darshan-gebundene-ausgabe.webp","type":"image\/webp"}],"twitter_card":"summary_large_image","twitter_misc":{"Gesch\u00e4tzte Lesezeit":"1\u00a0Minute"},"schema":{"@context":"https:\/\/schema.org","@graph":[{"@type":"WebPage","@id":"https:\/\/openskypress.com\/de\/product\/a-photo-album-about-shri-anandamayi-ma\/","url":"https:\/\/openskypress.com\/de\/product\/a-photo-album-about-shri-anandamayi-ma\/","name":"Matri Darshan - Ein Fotoalbum \u00fcber Shri Anandamayi Ma - Spiritual Books &amp; Films Online Shop #1 | Open Sky Press DE","isPartOf":{"@id":"https:\/\/openskypress.com\/#website"},"primaryImageOfPage":{"@id":"https:\/\/openskypress.com\/de\/product\/a-photo-album-about-shri-anandamayi-ma\/#primaryimage"},"image":{"@id":"https:\/\/openskypress.com\/de\/product\/a-photo-album-about-shri-anandamayi-ma\/#primaryimage"},"thumbnailUrl":"https:\/\/openskypress.com\/wp-content\/uploads\/2025\/07\/matri-darshan-gebundene-ausgabe.webp","datePublished":"2025-07-25T14:15:47+00:00","dateModified":"2026-01-22T09:02:59+00:00","breadcrumb":{"@id":"https:\/\/openskypress.com\/de\/product\/a-photo-album-about-shri-anandamayi-ma\/#breadcrumb"},"inLanguage":"de","potentialAction":[{"@type":"ReadAction","target":["https:\/\/openskypress.com\/de\/product\/a-photo-album-about-shri-anandamayi-ma\/"]}]},{"@type":"ImageObject","inLanguage":"de","@id":"https:\/\/openskypress.com\/de\/product\/a-photo-album-about-shri-anandamayi-ma\/#primaryimage","url":"https:\/\/openskypress.com\/wp-content\/uploads\/2025\/07\/matri-darshan-gebundene-ausgabe.webp","contentUrl":"https:\/\/openskypress.com\/wp-content\/uploads\/2025\/07\/matri-darshan-gebundene-ausgabe.webp","width":420,"height":600},{"@type":"BreadcrumbList","@id":"https:\/\/openskypress.com\/de\/product\/a-photo-album-about-shri-anandamayi-ma\/#breadcrumb","itemListElement":[{"@type":"ListItem","position":1,"name":"Home","item":"https:\/\/openskypress.com\/es\/"},{"@type":"ListItem","position":2,"name":"Shop","item":"https:\/\/openskypress.com\/de\/shop\/"},{"@type":"ListItem","position":3,"name":"Matri Darshan &#8211; Ein Fotoalbum \u00fcber Shri Anandamayi Ma"}]},{"@type":"WebSite","@id":"https:\/\/openskypress.com\/#website","url":"https:\/\/openskypress.com\/","name":"Spiritual Books & Films Online Shop #1 | Open Sky Press","description":"Best store of Books &amp; DVDs about Satsang, Indian &amp; Western philosophy &amp; yoga. Spiritual teachers talks about awakening, enlightenment and mindfulness","publisher":{"@id":"https:\/\/openskypress.com\/#organization"},"potentialAction":[{"@type":"SearchAction","target":{"@type":"EntryPoint","urlTemplate":"https:\/\/openskypress.com\/?s={search_term_string}"},"query-input":{"@type":"PropertyValueSpecification","valueRequired":true,"valueName":"search_term_string"}}],"inLanguage":"de"},{"@type":"Organization","@id":"https:\/\/openskypress.com\/#organization","name":"Spiritual Books & Films Online Shop #1 | Open Sky Press","url":"https:\/\/openskypress.com\/","logo":{"@type":"ImageObject","inLanguage":"de","@id":"https:\/\/openskypress.com\/#\/schema\/logo\/image\/","url":"https:\/\/openskypress.com\/wp-content\/uploads\/2020\/02\/logo-osp-1.png","contentUrl":"https:\/\/openskypress.com\/wp-content\/uploads\/2020\/02\/logo-osp-1.png","width":222,"height":219,"caption":"Spiritual Books & Films Online Shop #1 | Open Sky Press"},"image":{"@id":"https:\/\/openskypress.com\/#\/schema\/logo\/image\/"}}]}},"_links":{"self":[{"href":"https:\/\/openskypress.com\/de\/wp-json\/wp\/v2\/product\/13836","targetHints":{"allow":["GET"]}}],"collection":[{"href":"https:\/\/openskypress.com\/de\/wp-json\/wp\/v2\/product"}],"about":[{"href":"https:\/\/openskypress.com\/de\/wp-json\/wp\/v2\/types\/product"}],"replies":[{"embeddable":true,"href":"https:\/\/openskypress.com\/de\/wp-json\/wp\/v2\/comments?post=13836"}],"wp:featuredmedia":[{"embeddable":true,"href":"https:\/\/openskypress.com\/de\/wp-json\/wp\/v2\/media\/13839"}],"wp:attachment":[{"href":"https:\/\/openskypress.com\/de\/wp-json\/wp\/v2\/media?parent=13836"}],"wp:term":[{"taxonomy":"product_brand","embeddable":true,"href":"https:\/\/openskypress.com\/de\/wp-json\/wp\/v2\/product_brand?post=13836"},{"taxonomy":"product_cat","embeddable":true,"href":"https:\/\/openskypress.com\/de\/wp-json\/wp\/v2\/product_cat?post=13836"},{"taxonomy":"product_tag","embeddable":true,"href":"https:\/\/openskypress.com\/de\/wp-json\/wp\/v2\/product_tag?post=13836"}],"curies":[{"name":"wp","href":"https:\/\/api.w.org\/{rel}","templated":true}]}}