{"id":13831,"date":"2025-07-25T14:02:04","date_gmt":"2025-07-25T14:02:04","guid":{"rendered":"https:\/\/openskycharity.international\/?post_type=product&#038;p=13831"},"modified":"2026-01-22T09:02:59","modified_gmt":"2026-01-22T09:02:59","slug":"leben-und-weisheiten-der-glueckseligen-mutter-anandamayi-ma","status":"publish","type":"product","link":"https:\/\/openskypress.com\/de\/product\/leben-und-weisheiten-der-glueckseligen-mutter-anandamayi-ma\/","title":{"rendered":"Leben und Weisheiten der Gl\u00fcckseligen Mutter Anandamayi Ma"},"content":{"rendered":"<header class=\"dialog-kopfzeile\">\n<header class=\"dialog-kopfzeile\">Wer ist \u00c2nandamay\u00ee M\u00e2? Ihr Name bedeutet \u201edie Mutter, die von Gl\u00fcckselig-keit durchdrungen ist\u201c. \u00c2nandamay\u00ee M\u00e2 lebte von 1896 \u2013 1982 in Indien als eine der wenigen Vollendeten, die bereits von Geburt an das volle Bewusstsein ihres ewigen Selbst <em class=\"element-background-basic-colors marker\" data-color=\"04b\">besa\u00dfen.<\/em> Sie hatte \u2013 wie es auch Yog\u00e2nanda in seiner be-kannten \u201eAutobiographie eines Yogi\u201c erw\u00e4hnt \u2013 Erleuchtung nicht \u201eerlangt\u201c, sondern befand sich immer im nat\u00fcrlichen Zustand g\u00f6ttlichen Einsseins. Ihre blo\u00dfe Gegenwart, Ihre Liebe und Weisheit inspirierten Tausende von Men-schen zur Suche nach der H\u00f6chsten Wirklichkeit. \u00c2nandamay\u00ee M\u00e2 vertrat we-der einen bestimmten Yogaweg, noch beanspruchte sie f\u00fcr sich, ein \u201aGuru\u2018 zu sein. Auf universelle Weise riet sie vielmehr jedem Menschen, seiner Religion oder seinem Meister aufrichtig zu folgen und lebendige spirituelle Erfahrung anzustreben, um h\u00f6chste Verwirklichung zu erreichen. Dieses Buch enth\u00e4lt neben einer ausf\u00fchrlichen Lebensbeschreibung ihre wesentlichsten Ratschl\u00e4ge f\u00fcr ein spirituell ausgerichtetes Leben.\u00a0<\/header>\n<section class=\"zusatztext\">\n<div class=\"element-text-standard\" data-marker-container=\"\">M\u00e2 \u00c2nandamay\u00ee aus Dhaka ist eine Verk\u00f6rperung der Sch\u00f6nheit, Reinheit und Keuschheit. Sie befindet sich st\u00e4ndig im Zustand von Sat-Cit-\u00c2nanda.<br \/>\nShr\u00ee Aurobindo in einem Brief an Dilip Kumar RoySie ist die vollkommenste Blume, die der indische Boden jemals hervorbrachte.<br \/>\n<em>Sw\u00e2mi Shiv\u00e2nanda<\/em>M\u00e2 tut mehr f\u00fcr den Weltfrieden als alle Politiker und Friedensk\u00e4mpfer zusammen.<br \/>\n<em>Pater Enomiya Lassalle<\/em><\/p>\n<p>Unter den bekannten Mystikern der Erde begegnen wir selten jemandem, der vor der Herab-kunft des Lichtes nicht auch Phasen der Dunkelheit und des Leidens erfahren musste. In M\u00e2&#8217;s Leben forschen wir vergeblich nach so einer \u201edunklen Nacht der Seele\u201c, und eine \u201eHerab-kunft\u201c des Lichts erfuhr sie auch nur im Rahmen des \u201eSpiels\u201c (ihrer spirituellen \u00dcbungen). Es hei\u00dft, dass sie sich von Geburt an dessen bewusst war, was sie schon immer gewesen war und k\u00fcnftig immer sein w\u00fcrde, und dass sie nie auch nur f\u00fcr einen Moment aus dieser Bewusst-heit ihrer selbst herausfiel. Ihre Selbsterkenntnis war nicht auf die Wirkung eines Elements au\u00dferhalb ihrer selbst zur\u00fcckzuf\u00fchren. Diese Verwirklichung begleitete sie vielmehr st\u00e4ndig und geh\u00f6rte zu ihrer Natur. Sie war bereits in F\u00fclle vorhanden, und es bedurfte keiner An-strengung von ihrer Seite, noch einer Gnade von oben, um sie zu gr\u00f6\u00dferer Vollendung zu f\u00fchren.<br \/>\n<em>Mah\u00e2mopadhyaya Dr. Gop\u00een\u00e2th Kavir\u00e2j, einer der bedeutendsten Sanskritgelehrten Indiens<\/em><\/p>\n<\/div>\n<\/section>\n<\/header>\n\n    <div class=\"xs_social_share_widget xs_share_url after_content \t\tmain_content  wslu-style-1 wslu-share-box-shaped wslu-fill-colored wslu-none wslu-share-horizontal wslu-theme-font-no wslu-main_content\">\n\n\t\t\n        <ul>\n\t\t\t        <\/ul>\n    <\/div> \n","protected":false},"excerpt":{"rendered":"<p>\u00c2nandamay\u00ee M\u00e2, \u201edie von Gl\u00fcckseligkeit Durchdrungene\u201c, war eine indische Heilige (1896\u20131982), die von Geburt an im Zustand g\u00f6ttlichen Einsseins lebte. Im Gegensatz zu vielen Mystikern musste sie keine dunklen N\u00e4chte der Seele durchlaufen oder Erleuchtung erlangen \u2013 sie war sich stets ihres wahren Selbst bewusst. Ihre Gegenwart, Liebe und Weisheit inspirierten Tausende zur spirituellen Suche.<\/p>\n<p>Sie sah sich selbst nicht als Guru und vertrat keinen bestimmten Weg, sondern ermutigte Menschen, ihrer eigenen Religion und ihrem inneren Ruf treu zu folgen, um lebendige Erfahrung und h\u00f6chste Verwirklichung zu erlangen. Das Buch enth\u00e4lt neben ihrer Lebensgeschichte auch ihre zentralen Ratschl\u00e4ge f\u00fcr ein spirituell ausgerichtetes Leben.<\/p>\n<p>Zeitgenossen wie Sri Aurobindo, Swami Shivananda und Pater Lassalle sahen in ihr eine au\u00dfergew\u00f6hnliche Verk\u00f6rperung von Reinheit, Frieden und spiritueller Vollendung \u2013 eine seltene Blume des indischen Bodens, frei von spiritueller Anstrengung oder Dunkelheit.<\/p>\n","protected":false},"featured_media":13832,"comment_status":"open","ping_status":"closed","template":"","meta":{"postBodyCss":"","postBodyMargin":[],"postBodyPadding":[],"postBodyBackground":{"backgroundType":"classic","gradient":""}},"product_brand":[],"product_cat":[1245,369,385],"product_tag":[1029],"class_list":{"0":"post-13831","1":"product","2":"type-product","3":"status-publish","4":"has-post-thumbnail","6":"product_cat-indische-meister","7":"product_cat-bucher","8":"product_cat-weitere-spirituelle-meister","9":"product_tag-non-dualitaet","11":"first","12":"outofstock","13":"taxable","14":"shipping-taxable","15":"purchasable","16":"product-type-simple"},"yoast_head":"<!-- This site is optimized with the Yoast SEO plugin v26.6 - https:\/\/yoast.com\/wordpress\/plugins\/seo\/ -->\n<title>Leben und Weisheiten der Gl\u00fcckseligen Mutter Anandamayi Ma - Spiritual Books &amp; Films Online Shop #1 | Open Sky Press DE<\/title>\n<meta name=\"robots\" content=\"index, follow, max-snippet:-1, max-image-preview:large, max-video-preview:-1\" \/>\n<link rel=\"canonical\" href=\"https:\/\/openskypress.com\/de\/product\/leben-und-weisheiten-der-glueckseligen-mutter-anandamayi-ma\/\" \/>\n<meta property=\"og:locale\" content=\"de_DE\" \/>\n<meta property=\"og:type\" content=\"article\" \/>\n<meta property=\"og:title\" content=\"Leben und Weisheiten der Gl\u00fcckseligen Mutter Anandamayi Ma - Spiritual Books &amp; Films Online Shop #1 | Open Sky Press DE\" \/>\n<meta property=\"og:description\" content=\"\u00c2nandamay\u00ee M\u00e2, \u201edie von Gl\u00fcckseligkeit Durchdrungene\u201c, war eine indische Heilige (1896\u20131982), die von Geburt an im Zustand g\u00f6ttlichen Einsseins lebte. Im Gegensatz zu vielen Mystikern musste sie keine dunklen N\u00e4chte der Seele durchlaufen oder Erleuchtung erlangen \u2013 sie war sich stets ihres wahren Selbst bewusst. Ihre Gegenwart, Liebe und Weisheit inspirierten Tausende zur spirituellen Suche.  Sie sah sich selbst nicht als Guru und vertrat keinen bestimmten Weg, sondern ermutigte Menschen, ihrer eigenen Religion und ihrem inneren Ruf treu zu folgen, um lebendige Erfahrung und h\u00f6chste Verwirklichung zu erlangen. Das Buch enth\u00e4lt neben ihrer Lebensgeschichte auch ihre zentralen Ratschl\u00e4ge f\u00fcr ein spirituell ausgerichtetes Leben.  Zeitgenossen wie Sri Aurobindo, Swami Shivananda und Pater Lassalle sahen in ihr eine au\u00dfergew\u00f6hnliche Verk\u00f6rperung von Reinheit, Frieden und spiritueller Vollendung \u2013 eine seltene Blume des indischen Bodens, frei von spiritueller Anstrengung oder Dunkelheit.\" \/>\n<meta property=\"og:url\" content=\"https:\/\/openskypress.com\/de\/product\/leben-und-weisheiten-der-glueckseligen-mutter-anandamayi-ma\/\" \/>\n<meta property=\"og:site_name\" content=\"Spiritual Books &amp; Films Online Shop #1 | Open Sky Press DE\" \/>\n<meta property=\"article:modified_time\" content=\"2026-01-22T09:02:59+00:00\" \/>\n<meta property=\"og:image\" content=\"https:\/\/openskypress.com\/wp-content\/uploads\/2025\/07\/leben-und-weisheit-der-glueckseligen-mutter-anandamayi-ma-taschenbuch.png.jpeg\" \/>\n\t<meta property=\"og:image:width\" content=\"412\" \/>\n\t<meta property=\"og:image:height\" content=\"600\" \/>\n\t<meta property=\"og:image:type\" content=\"image\/jpeg\" \/>\n<meta name=\"twitter:card\" content=\"summary_large_image\" \/>\n<meta name=\"twitter:label1\" content=\"Gesch\u00e4tzte Lesezeit\" \/>\n\t<meta name=\"twitter:data1\" content=\"2\u00a0Minuten\" \/>\n<script type=\"application\/ld+json\" class=\"yoast-schema-graph\">{\"@context\":\"https:\/\/schema.org\",\"@graph\":[{\"@type\":\"WebPage\",\"@id\":\"https:\/\/openskypress.com\/de\/product\/leben-und-weisheiten-der-glueckseligen-mutter-anandamayi-ma\/\",\"url\":\"https:\/\/openskypress.com\/de\/product\/leben-und-weisheiten-der-glueckseligen-mutter-anandamayi-ma\/\",\"name\":\"Leben und Weisheiten der Gl\u00fcckseligen Mutter Anandamayi Ma - Spiritual Books &amp; Films Online Shop #1 | Open Sky Press DE\",\"isPartOf\":{\"@id\":\"https:\/\/openskypress.com\/#website\"},\"primaryImageOfPage\":{\"@id\":\"https:\/\/openskypress.com\/de\/product\/leben-und-weisheiten-der-glueckseligen-mutter-anandamayi-ma\/#primaryimage\"},\"image\":{\"@id\":\"https:\/\/openskypress.com\/de\/product\/leben-und-weisheiten-der-glueckseligen-mutter-anandamayi-ma\/#primaryimage\"},\"thumbnailUrl\":\"https:\/\/openskypress.com\/wp-content\/uploads\/2025\/07\/leben-und-weisheit-der-glueckseligen-mutter-anandamayi-ma-taschenbuch.png.jpeg\",\"datePublished\":\"2025-07-25T14:02:04+00:00\",\"dateModified\":\"2026-01-22T09:02:59+00:00\",\"breadcrumb\":{\"@id\":\"https:\/\/openskypress.com\/de\/product\/leben-und-weisheiten-der-glueckseligen-mutter-anandamayi-ma\/#breadcrumb\"},\"inLanguage\":\"de\",\"potentialAction\":[{\"@type\":\"ReadAction\",\"target\":[\"https:\/\/openskypress.com\/de\/product\/leben-und-weisheiten-der-glueckseligen-mutter-anandamayi-ma\/\"]}]},{\"@type\":\"ImageObject\",\"inLanguage\":\"de\",\"@id\":\"https:\/\/openskypress.com\/de\/product\/leben-und-weisheiten-der-glueckseligen-mutter-anandamayi-ma\/#primaryimage\",\"url\":\"https:\/\/openskypress.com\/wp-content\/uploads\/2025\/07\/leben-und-weisheit-der-glueckseligen-mutter-anandamayi-ma-taschenbuch.png.jpeg\",\"contentUrl\":\"https:\/\/openskypress.com\/wp-content\/uploads\/2025\/07\/leben-und-weisheit-der-glueckseligen-mutter-anandamayi-ma-taschenbuch.png.jpeg\",\"width\":412,\"height\":600},{\"@type\":\"BreadcrumbList\",\"@id\":\"https:\/\/openskypress.com\/de\/product\/leben-und-weisheiten-der-glueckseligen-mutter-anandamayi-ma\/#breadcrumb\",\"itemListElement\":[{\"@type\":\"ListItem\",\"position\":1,\"name\":\"Home\",\"item\":\"https:\/\/openskypress.com\/es\/\"},{\"@type\":\"ListItem\",\"position\":2,\"name\":\"Shop\",\"item\":\"https:\/\/openskypress.com\/de\/shop\/\"},{\"@type\":\"ListItem\",\"position\":3,\"name\":\"Leben und Weisheiten der Gl\u00fcckseligen Mutter Anandamayi Ma\"}]},{\"@type\":\"WebSite\",\"@id\":\"https:\/\/openskypress.com\/#website\",\"url\":\"https:\/\/openskypress.com\/\",\"name\":\"Spiritual Books & Films Online Shop #1 | Open Sky Press\",\"description\":\"Best store of Books &amp; DVDs about Satsang, Indian &amp; Western philosophy &amp; yoga. Spiritual teachers talks about awakening, enlightenment and mindfulness\",\"publisher\":{\"@id\":\"https:\/\/openskypress.com\/#organization\"},\"potentialAction\":[{\"@type\":\"SearchAction\",\"target\":{\"@type\":\"EntryPoint\",\"urlTemplate\":\"https:\/\/openskypress.com\/?s={search_term_string}\"},\"query-input\":{\"@type\":\"PropertyValueSpecification\",\"valueRequired\":true,\"valueName\":\"search_term_string\"}}],\"inLanguage\":\"de\"},{\"@type\":\"Organization\",\"@id\":\"https:\/\/openskypress.com\/#organization\",\"name\":\"Spiritual Books & Films Online Shop #1 | Open Sky Press\",\"url\":\"https:\/\/openskypress.com\/\",\"logo\":{\"@type\":\"ImageObject\",\"inLanguage\":\"de\",\"@id\":\"https:\/\/openskypress.com\/#\/schema\/logo\/image\/\",\"url\":\"https:\/\/openskypress.com\/wp-content\/uploads\/2020\/02\/logo-osp-1.png\",\"contentUrl\":\"https:\/\/openskypress.com\/wp-content\/uploads\/2020\/02\/logo-osp-1.png\",\"width\":222,\"height\":219,\"caption\":\"Spiritual Books & Films Online Shop #1 | Open Sky Press\"},\"image\":{\"@id\":\"https:\/\/openskypress.com\/#\/schema\/logo\/image\/\"}}]}<\/script>\n<!-- \/ Yoast SEO plugin. -->","yoast_head_json":{"title":"Leben und Weisheiten der Gl\u00fcckseligen Mutter Anandamayi Ma - Spiritual Books &amp; Films Online Shop #1 | Open Sky Press DE","robots":{"index":"index","follow":"follow","max-snippet":"max-snippet:-1","max-image-preview":"max-image-preview:large","max-video-preview":"max-video-preview:-1"},"canonical":"https:\/\/openskypress.com\/de\/product\/leben-und-weisheiten-der-glueckseligen-mutter-anandamayi-ma\/","og_locale":"de_DE","og_type":"article","og_title":"Leben und Weisheiten der Gl\u00fcckseligen Mutter Anandamayi Ma - Spiritual Books &amp; Films Online Shop #1 | Open Sky Press DE","og_description":"\u00c2nandamay\u00ee M\u00e2, \u201edie von Gl\u00fcckseligkeit Durchdrungene\u201c, war eine indische Heilige (1896\u20131982), die von Geburt an im Zustand g\u00f6ttlichen Einsseins lebte. Im Gegensatz zu vielen Mystikern musste sie keine dunklen N\u00e4chte der Seele durchlaufen oder Erleuchtung erlangen \u2013 sie war sich stets ihres wahren Selbst bewusst. Ihre Gegenwart, Liebe und Weisheit inspirierten Tausende zur spirituellen Suche.  Sie sah sich selbst nicht als Guru und vertrat keinen bestimmten Weg, sondern ermutigte Menschen, ihrer eigenen Religion und ihrem inneren Ruf treu zu folgen, um lebendige Erfahrung und h\u00f6chste Verwirklichung zu erlangen. Das Buch enth\u00e4lt neben ihrer Lebensgeschichte auch ihre zentralen Ratschl\u00e4ge f\u00fcr ein spirituell ausgerichtetes Leben.  Zeitgenossen wie Sri Aurobindo, Swami Shivananda und Pater Lassalle sahen in ihr eine au\u00dfergew\u00f6hnliche Verk\u00f6rperung von Reinheit, Frieden und spiritueller Vollendung \u2013 eine seltene Blume des indischen Bodens, frei von spiritueller Anstrengung oder Dunkelheit.","og_url":"https:\/\/openskypress.com\/de\/product\/leben-und-weisheiten-der-glueckseligen-mutter-anandamayi-ma\/","og_site_name":"Spiritual Books &amp; Films Online Shop #1 | Open Sky Press DE","article_modified_time":"2026-01-22T09:02:59+00:00","og_image":[{"width":412,"height":600,"url":"https:\/\/openskypress.com\/wp-content\/uploads\/2025\/07\/leben-und-weisheit-der-glueckseligen-mutter-anandamayi-ma-taschenbuch.png.jpeg","type":"image\/jpeg"}],"twitter_card":"summary_large_image","twitter_misc":{"Gesch\u00e4tzte Lesezeit":"2\u00a0Minuten"},"schema":{"@context":"https:\/\/schema.org","@graph":[{"@type":"WebPage","@id":"https:\/\/openskypress.com\/de\/product\/leben-und-weisheiten-der-glueckseligen-mutter-anandamayi-ma\/","url":"https:\/\/openskypress.com\/de\/product\/leben-und-weisheiten-der-glueckseligen-mutter-anandamayi-ma\/","name":"Leben und Weisheiten der Gl\u00fcckseligen Mutter Anandamayi Ma - Spiritual Books &amp; Films Online Shop #1 | Open Sky Press DE","isPartOf":{"@id":"https:\/\/openskypress.com\/#website"},"primaryImageOfPage":{"@id":"https:\/\/openskypress.com\/de\/product\/leben-und-weisheiten-der-glueckseligen-mutter-anandamayi-ma\/#primaryimage"},"image":{"@id":"https:\/\/openskypress.com\/de\/product\/leben-und-weisheiten-der-glueckseligen-mutter-anandamayi-ma\/#primaryimage"},"thumbnailUrl":"https:\/\/openskypress.com\/wp-content\/uploads\/2025\/07\/leben-und-weisheit-der-glueckseligen-mutter-anandamayi-ma-taschenbuch.png.jpeg","datePublished":"2025-07-25T14:02:04+00:00","dateModified":"2026-01-22T09:02:59+00:00","breadcrumb":{"@id":"https:\/\/openskypress.com\/de\/product\/leben-und-weisheiten-der-glueckseligen-mutter-anandamayi-ma\/#breadcrumb"},"inLanguage":"de","potentialAction":[{"@type":"ReadAction","target":["https:\/\/openskypress.com\/de\/product\/leben-und-weisheiten-der-glueckseligen-mutter-anandamayi-ma\/"]}]},{"@type":"ImageObject","inLanguage":"de","@id":"https:\/\/openskypress.com\/de\/product\/leben-und-weisheiten-der-glueckseligen-mutter-anandamayi-ma\/#primaryimage","url":"https:\/\/openskypress.com\/wp-content\/uploads\/2025\/07\/leben-und-weisheit-der-glueckseligen-mutter-anandamayi-ma-taschenbuch.png.jpeg","contentUrl":"https:\/\/openskypress.com\/wp-content\/uploads\/2025\/07\/leben-und-weisheit-der-glueckseligen-mutter-anandamayi-ma-taschenbuch.png.jpeg","width":412,"height":600},{"@type":"BreadcrumbList","@id":"https:\/\/openskypress.com\/de\/product\/leben-und-weisheiten-der-glueckseligen-mutter-anandamayi-ma\/#breadcrumb","itemListElement":[{"@type":"ListItem","position":1,"name":"Home","item":"https:\/\/openskypress.com\/es\/"},{"@type":"ListItem","position":2,"name":"Shop","item":"https:\/\/openskypress.com\/de\/shop\/"},{"@type":"ListItem","position":3,"name":"Leben und Weisheiten der Gl\u00fcckseligen Mutter Anandamayi Ma"}]},{"@type":"WebSite","@id":"https:\/\/openskypress.com\/#website","url":"https:\/\/openskypress.com\/","name":"Spiritual Books & Films Online Shop #1 | Open Sky Press","description":"Best store of Books &amp; DVDs about Satsang, Indian &amp; Western philosophy &amp; yoga. Spiritual teachers talks about awakening, enlightenment and mindfulness","publisher":{"@id":"https:\/\/openskypress.com\/#organization"},"potentialAction":[{"@type":"SearchAction","target":{"@type":"EntryPoint","urlTemplate":"https:\/\/openskypress.com\/?s={search_term_string}"},"query-input":{"@type":"PropertyValueSpecification","valueRequired":true,"valueName":"search_term_string"}}],"inLanguage":"de"},{"@type":"Organization","@id":"https:\/\/openskypress.com\/#organization","name":"Spiritual Books & Films Online Shop #1 | Open Sky Press","url":"https:\/\/openskypress.com\/","logo":{"@type":"ImageObject","inLanguage":"de","@id":"https:\/\/openskypress.com\/#\/schema\/logo\/image\/","url":"https:\/\/openskypress.com\/wp-content\/uploads\/2020\/02\/logo-osp-1.png","contentUrl":"https:\/\/openskypress.com\/wp-content\/uploads\/2020\/02\/logo-osp-1.png","width":222,"height":219,"caption":"Spiritual Books & Films Online Shop #1 | Open Sky Press"},"image":{"@id":"https:\/\/openskypress.com\/#\/schema\/logo\/image\/"}}]}},"_links":{"self":[{"href":"https:\/\/openskypress.com\/de\/wp-json\/wp\/v2\/product\/13831","targetHints":{"allow":["GET"]}}],"collection":[{"href":"https:\/\/openskypress.com\/de\/wp-json\/wp\/v2\/product"}],"about":[{"href":"https:\/\/openskypress.com\/de\/wp-json\/wp\/v2\/types\/product"}],"replies":[{"embeddable":true,"href":"https:\/\/openskypress.com\/de\/wp-json\/wp\/v2\/comments?post=13831"}],"wp:featuredmedia":[{"embeddable":true,"href":"https:\/\/openskypress.com\/de\/wp-json\/wp\/v2\/media\/13832"}],"wp:attachment":[{"href":"https:\/\/openskypress.com\/de\/wp-json\/wp\/v2\/media?parent=13831"}],"wp:term":[{"taxonomy":"product_brand","embeddable":true,"href":"https:\/\/openskypress.com\/de\/wp-json\/wp\/v2\/product_brand?post=13831"},{"taxonomy":"product_cat","embeddable":true,"href":"https:\/\/openskypress.com\/de\/wp-json\/wp\/v2\/product_cat?post=13831"},{"taxonomy":"product_tag","embeddable":true,"href":"https:\/\/openskypress.com\/de\/wp-json\/wp\/v2\/product_tag?post=13831"}],"curies":[{"name":"wp","href":"https:\/\/api.w.org\/{rel}","templated":true}]}}