{"id":13822,"date":"2025-07-25T13:43:43","date_gmt":"2025-07-25T13:43:43","guid":{"rendered":"https:\/\/openskycharity.international\/?post_type=product&#038;p=13822"},"modified":"2026-01-22T09:02:59","modified_gmt":"2026-01-22T09:02:59","slug":"mein-leben-mit-anandamayi-ma","status":"publish","type":"product","link":"https:\/\/openskypress.com\/de\/product\/mein-leben-mit-anandamayi-ma\/","title":{"rendered":"Mein Leben mit Anandamayi Ma"},"content":{"rendered":"<header class=\"dialog-kopfzeile\"><strong>Der spirituelle Lebensweg einer westlichen Sch\u00fclerin von Shri Anandamayi Ma\u00a0<\/strong><\/header>\n<section class=\"zusatztext\">\n<div class=\"element-text-standard\" data-marker-container=\"\">Mein Leben mit Anandamayi Ma ist der fesselnde Bericht der \u00d6sterreicherin Blanca (Atmananda) \u00fcber ihre spirituelle Suche in Indien, die sie in den Jahren 1925 bis 1963 in <em class=\"element-background-basic-colors marker\" data-color=\"04b\">Kontakt<\/em> zu einigen der bedeutendsten Heiligen Indiens brachte. Nachdem sie ihre Jugendzeit im Wien der 20er Jahre als aktives Mitglied der Theosophischen Gesellschaft verlebt hat, siedelt sie 1935 nach Benares um, wo sie als Pianistin und Lehrerin arbeitet.1945 begegnet sie dann jener au\u00dfergew\u00f6hnlichen Frau, die schlie\u00dflich ihre geistige Lehrerin wird: Shri Anandamayi Ma.<\/div>\n<div class=\"element-text-standard\" data-marker-container=\"\">Atmananda war ebenfalls eng mit Jiddu Krishnamurti verbunden und vermittelt uns einen einzigartigen Eindruck von ihm und seinen indischen Zeitgenossen. Sie lernt auch Sri Ramana Maharshi und andere herausragende Heilige kennen, bis sie schlie\u00dflich bei Anandamayi Ma bleibt, mit der sie sich auf das gro\u00dfe spirituelle Abenteuer ihres Lebens einl\u00e4sst, das in Sannyasa, der endg\u00fcltigen Entsagung, gipfelt.<\/div>\n<div class=\"element-text-standard\" data-marker-container=\"\">Durch dieses Buch k\u00f6nnen wir die Gegenwart von Anandamayi Ma erfahren (Darshan) und die einzigartige Weise, wie sie Menschen zur Selbsterkenntnis f\u00fchrte. Dar\u00fcber hinaus ist dieser Text ein Zeugnis von Atmanandas intensiver spiritueller Arbeit an sich, ihrem Konflikt zwischen Unabh\u00e4ngigkeit und Tradition, ihrer L\u00f6sung von Krishnamurti und ihrer inneren Transformation durch die Beziehung zu Anandamayi Ma.<\/div>\n<div class=\"element-text-standard\" data-marker-container=\"\">Der Herausgeber Ram Alexander, der ein enger Freund Atmanandas und ebenfalls Sch\u00fcler von Anandamayi Ma war, beschreibt die Meister-Sch\u00fcler-Beziehung einf\u00fchlsam auf der Basis seiner eigenen Erfahrung und deutet auch die Probleme an, die auftauchen, wenn ein westlicher Mensch sich auf diese Beziehung im traditionellen indischen Kontext einl\u00e4sst.<\/div>\n<\/section>\n\n    <div class=\"xs_social_share_widget xs_share_url after_content \t\tmain_content  wslu-style-1 wslu-share-box-shaped wslu-fill-colored wslu-none wslu-share-horizontal wslu-theme-font-no wslu-main_content\">\n\n\t\t\n        <ul>\n\t\t\t        <\/ul>\n    <\/div> \n","protected":false},"excerpt":{"rendered":"<p><em>Mein Leben mit Anandamayi Ma<\/em> ist der bewegende spirituelle Lebensbericht der \u00d6sterreicherin Blanca (Atmananda), die auf ihrer Suche in Indien bedeutenden Heiligen begegnet \u2013 darunter Sri Ramana Maharshi, Jiddu Krishnamurti und schlie\u00dflich ihrer Lehrerin Shri Anandamayi Ma. Das Buch schildert ihren Weg von der theosophischen Jugend in Wien \u00fcber ihre Zeit in Benares bis hin zur tiefen inneren Wandlung durch die Begegnung mit Ma, die im Sannyasa \u2013 der endg\u00fcltigen Entsagung \u2013 m\u00fcndet.<\/p>\n<p>Es bietet nicht nur einen lebendigen Darshan von Anandamayi Ma und ihrer spirituellen F\u00fchrung, sondern auch einen tiefen Einblick in Atmanandas inneren Prozess: den Konflikt zwischen westlicher Unabh\u00e4ngigkeit und indischer Tradition, das Loslassen von Krishnamurti und die Transformation durch Hingabe. Herausgeber Ram Alexander erg\u00e4nzt den Bericht durch eigene Erfahrungen und beleuchtet die Herausforderungen einer traditionellen Guru-Sch\u00fcler-Beziehung f\u00fcr westliche Suchende.<\/p>\n","protected":false},"featured_media":13827,"comment_status":"open","ping_status":"closed","template":"","meta":{"postBodyCss":"","postBodyMargin":[],"postBodyPadding":[],"postBodyBackground":{"backgroundType":"classic","gradient":""}},"product_brand":[],"product_cat":[1245,369,385],"product_tag":[1029],"class_list":{"0":"post-13822","1":"product","2":"type-product","3":"status-publish","4":"has-post-thumbnail","6":"product_cat-indische-meister","7":"product_cat-bucher","8":"product_cat-weitere-spirituelle-meister","9":"product_tag-non-dualitaet","11":"first","12":"instock","13":"taxable","14":"shipping-taxable","15":"purchasable","16":"product-type-simple"},"yoast_head":"<!-- This site is optimized with the Yoast SEO plugin v26.6 - https:\/\/yoast.com\/wordpress\/plugins\/seo\/ -->\n<title>Mein Leben mit Anandamayi Ma - Spiritual Books &amp; Films Online Shop #1 | Open Sky Press DE<\/title>\n<meta name=\"robots\" content=\"index, follow, max-snippet:-1, max-image-preview:large, max-video-preview:-1\" \/>\n<link rel=\"canonical\" href=\"https:\/\/openskypress.com\/de\/product\/mein-leben-mit-anandamayi-ma\/\" \/>\n<meta property=\"og:locale\" content=\"de_DE\" \/>\n<meta property=\"og:type\" content=\"article\" \/>\n<meta property=\"og:title\" content=\"Mein Leben mit Anandamayi Ma - Spiritual Books &amp; Films Online Shop #1 | Open Sky Press DE\" \/>\n<meta property=\"og:description\" content=\"Mein Leben mit Anandamayi Ma ist der bewegende spirituelle Lebensbericht der \u00d6sterreicherin Blanca (Atmananda), die auf ihrer Suche in Indien bedeutenden Heiligen begegnet \u2013 darunter Sri Ramana Maharshi, Jiddu Krishnamurti und schlie\u00dflich ihrer Lehrerin Shri Anandamayi Ma. Das Buch schildert ihren Weg von der theosophischen Jugend in Wien \u00fcber ihre Zeit in Benares bis hin zur tiefen inneren Wandlung durch die Begegnung mit Ma, die im Sannyasa \u2013 der endg\u00fcltigen Entsagung \u2013 m\u00fcndet.  Es bietet nicht nur einen lebendigen Darshan von Anandamayi Ma und ihrer spirituellen F\u00fchrung, sondern auch einen tiefen Einblick in Atmanandas inneren Prozess: den Konflikt zwischen westlicher Unabh\u00e4ngigkeit und indischer Tradition, das Loslassen von Krishnamurti und die Transformation durch Hingabe. Herausgeber Ram Alexander erg\u00e4nzt den Bericht durch eigene Erfahrungen und beleuchtet die Herausforderungen einer traditionellen Guru-Sch\u00fcler-Beziehung f\u00fcr westliche Suchende.\" \/>\n<meta property=\"og:url\" content=\"https:\/\/openskypress.com\/de\/product\/mein-leben-mit-anandamayi-ma\/\" \/>\n<meta property=\"og:site_name\" content=\"Spiritual Books &amp; Films Online Shop #1 | Open Sky Press DE\" \/>\n<meta property=\"article:modified_time\" content=\"2026-01-22T09:02:59+00:00\" \/>\n<meta property=\"og:image\" content=\"https:\/\/openskypress.com\/wp-content\/uploads\/2025\/07\/mein-leben-mit-anandamayi-ma-taschenbuch-1.jpeg\" \/>\n\t<meta property=\"og:image:width\" content=\"417\" \/>\n\t<meta property=\"og:image:height\" content=\"600\" \/>\n\t<meta property=\"og:image:type\" content=\"image\/jpeg\" \/>\n<meta name=\"twitter:card\" content=\"summary_large_image\" \/>\n<meta name=\"twitter:label1\" content=\"Gesch\u00e4tzte Lesezeit\" \/>\n\t<meta name=\"twitter:data1\" content=\"1\u00a0Minute\" \/>\n<script type=\"application\/ld+json\" class=\"yoast-schema-graph\">{\"@context\":\"https:\/\/schema.org\",\"@graph\":[{\"@type\":\"WebPage\",\"@id\":\"https:\/\/openskypress.com\/de\/product\/mein-leben-mit-anandamayi-ma\/\",\"url\":\"https:\/\/openskypress.com\/de\/product\/mein-leben-mit-anandamayi-ma\/\",\"name\":\"Mein Leben mit Anandamayi Ma - Spiritual Books &amp; Films Online Shop #1 | Open Sky Press DE\",\"isPartOf\":{\"@id\":\"https:\/\/openskypress.com\/#website\"},\"primaryImageOfPage\":{\"@id\":\"https:\/\/openskypress.com\/de\/product\/mein-leben-mit-anandamayi-ma\/#primaryimage\"},\"image\":{\"@id\":\"https:\/\/openskypress.com\/de\/product\/mein-leben-mit-anandamayi-ma\/#primaryimage\"},\"thumbnailUrl\":\"https:\/\/openskypress.com\/wp-content\/uploads\/2025\/07\/mein-leben-mit-anandamayi-ma-taschenbuch-1.jpeg\",\"datePublished\":\"2025-07-25T13:43:43+00:00\",\"dateModified\":\"2026-01-22T09:02:59+00:00\",\"breadcrumb\":{\"@id\":\"https:\/\/openskypress.com\/de\/product\/mein-leben-mit-anandamayi-ma\/#breadcrumb\"},\"inLanguage\":\"de\",\"potentialAction\":[{\"@type\":\"ReadAction\",\"target\":[\"https:\/\/openskypress.com\/de\/product\/mein-leben-mit-anandamayi-ma\/\"]}]},{\"@type\":\"ImageObject\",\"inLanguage\":\"de\",\"@id\":\"https:\/\/openskypress.com\/de\/product\/mein-leben-mit-anandamayi-ma\/#primaryimage\",\"url\":\"https:\/\/openskypress.com\/wp-content\/uploads\/2025\/07\/mein-leben-mit-anandamayi-ma-taschenbuch-1.jpeg\",\"contentUrl\":\"https:\/\/openskypress.com\/wp-content\/uploads\/2025\/07\/mein-leben-mit-anandamayi-ma-taschenbuch-1.jpeg\",\"width\":417,\"height\":600},{\"@type\":\"BreadcrumbList\",\"@id\":\"https:\/\/openskypress.com\/de\/product\/mein-leben-mit-anandamayi-ma\/#breadcrumb\",\"itemListElement\":[{\"@type\":\"ListItem\",\"position\":1,\"name\":\"Home\",\"item\":\"https:\/\/openskypress.com\/es\/\"},{\"@type\":\"ListItem\",\"position\":2,\"name\":\"Shop\",\"item\":\"https:\/\/openskypress.com\/de\/shop\/\"},{\"@type\":\"ListItem\",\"position\":3,\"name\":\"Mein Leben mit Anandamayi Ma\"}]},{\"@type\":\"WebSite\",\"@id\":\"https:\/\/openskypress.com\/#website\",\"url\":\"https:\/\/openskypress.com\/\",\"name\":\"Spiritual Books & Films Online Shop #1 | Open Sky Press\",\"description\":\"Best store of Books &amp; DVDs about Satsang, Indian &amp; Western philosophy &amp; yoga. Spiritual teachers talks about awakening, enlightenment and mindfulness\",\"publisher\":{\"@id\":\"https:\/\/openskypress.com\/#organization\"},\"potentialAction\":[{\"@type\":\"SearchAction\",\"target\":{\"@type\":\"EntryPoint\",\"urlTemplate\":\"https:\/\/openskypress.com\/?s={search_term_string}\"},\"query-input\":{\"@type\":\"PropertyValueSpecification\",\"valueRequired\":true,\"valueName\":\"search_term_string\"}}],\"inLanguage\":\"de\"},{\"@type\":\"Organization\",\"@id\":\"https:\/\/openskypress.com\/#organization\",\"name\":\"Spiritual Books & Films Online Shop #1 | Open Sky Press\",\"url\":\"https:\/\/openskypress.com\/\",\"logo\":{\"@type\":\"ImageObject\",\"inLanguage\":\"de\",\"@id\":\"https:\/\/openskypress.com\/#\/schema\/logo\/image\/\",\"url\":\"https:\/\/openskypress.com\/wp-content\/uploads\/2020\/02\/logo-osp-1.png\",\"contentUrl\":\"https:\/\/openskypress.com\/wp-content\/uploads\/2020\/02\/logo-osp-1.png\",\"width\":222,\"height\":219,\"caption\":\"Spiritual Books & Films Online Shop #1 | Open Sky Press\"},\"image\":{\"@id\":\"https:\/\/openskypress.com\/#\/schema\/logo\/image\/\"}}]}<\/script>\n<!-- \/ Yoast SEO plugin. -->","yoast_head_json":{"title":"Mein Leben mit Anandamayi Ma - Spiritual Books &amp; Films Online Shop #1 | Open Sky Press DE","robots":{"index":"index","follow":"follow","max-snippet":"max-snippet:-1","max-image-preview":"max-image-preview:large","max-video-preview":"max-video-preview:-1"},"canonical":"https:\/\/openskypress.com\/de\/product\/mein-leben-mit-anandamayi-ma\/","og_locale":"de_DE","og_type":"article","og_title":"Mein Leben mit Anandamayi Ma - Spiritual Books &amp; Films Online Shop #1 | Open Sky Press DE","og_description":"Mein Leben mit Anandamayi Ma ist der bewegende spirituelle Lebensbericht der \u00d6sterreicherin Blanca (Atmananda), die auf ihrer Suche in Indien bedeutenden Heiligen begegnet \u2013 darunter Sri Ramana Maharshi, Jiddu Krishnamurti und schlie\u00dflich ihrer Lehrerin Shri Anandamayi Ma. Das Buch schildert ihren Weg von der theosophischen Jugend in Wien \u00fcber ihre Zeit in Benares bis hin zur tiefen inneren Wandlung durch die Begegnung mit Ma, die im Sannyasa \u2013 der endg\u00fcltigen Entsagung \u2013 m\u00fcndet.  Es bietet nicht nur einen lebendigen Darshan von Anandamayi Ma und ihrer spirituellen F\u00fchrung, sondern auch einen tiefen Einblick in Atmanandas inneren Prozess: den Konflikt zwischen westlicher Unabh\u00e4ngigkeit und indischer Tradition, das Loslassen von Krishnamurti und die Transformation durch Hingabe. Herausgeber Ram Alexander erg\u00e4nzt den Bericht durch eigene Erfahrungen und beleuchtet die Herausforderungen einer traditionellen Guru-Sch\u00fcler-Beziehung f\u00fcr westliche Suchende.","og_url":"https:\/\/openskypress.com\/de\/product\/mein-leben-mit-anandamayi-ma\/","og_site_name":"Spiritual Books &amp; Films Online Shop #1 | Open Sky Press DE","article_modified_time":"2026-01-22T09:02:59+00:00","og_image":[{"width":417,"height":600,"url":"https:\/\/openskypress.com\/wp-content\/uploads\/2025\/07\/mein-leben-mit-anandamayi-ma-taschenbuch-1.jpeg","type":"image\/jpeg"}],"twitter_card":"summary_large_image","twitter_misc":{"Gesch\u00e4tzte Lesezeit":"1\u00a0Minute"},"schema":{"@context":"https:\/\/schema.org","@graph":[{"@type":"WebPage","@id":"https:\/\/openskypress.com\/de\/product\/mein-leben-mit-anandamayi-ma\/","url":"https:\/\/openskypress.com\/de\/product\/mein-leben-mit-anandamayi-ma\/","name":"Mein Leben mit Anandamayi Ma - Spiritual Books &amp; Films Online Shop #1 | Open Sky Press DE","isPartOf":{"@id":"https:\/\/openskypress.com\/#website"},"primaryImageOfPage":{"@id":"https:\/\/openskypress.com\/de\/product\/mein-leben-mit-anandamayi-ma\/#primaryimage"},"image":{"@id":"https:\/\/openskypress.com\/de\/product\/mein-leben-mit-anandamayi-ma\/#primaryimage"},"thumbnailUrl":"https:\/\/openskypress.com\/wp-content\/uploads\/2025\/07\/mein-leben-mit-anandamayi-ma-taschenbuch-1.jpeg","datePublished":"2025-07-25T13:43:43+00:00","dateModified":"2026-01-22T09:02:59+00:00","breadcrumb":{"@id":"https:\/\/openskypress.com\/de\/product\/mein-leben-mit-anandamayi-ma\/#breadcrumb"},"inLanguage":"de","potentialAction":[{"@type":"ReadAction","target":["https:\/\/openskypress.com\/de\/product\/mein-leben-mit-anandamayi-ma\/"]}]},{"@type":"ImageObject","inLanguage":"de","@id":"https:\/\/openskypress.com\/de\/product\/mein-leben-mit-anandamayi-ma\/#primaryimage","url":"https:\/\/openskypress.com\/wp-content\/uploads\/2025\/07\/mein-leben-mit-anandamayi-ma-taschenbuch-1.jpeg","contentUrl":"https:\/\/openskypress.com\/wp-content\/uploads\/2025\/07\/mein-leben-mit-anandamayi-ma-taschenbuch-1.jpeg","width":417,"height":600},{"@type":"BreadcrumbList","@id":"https:\/\/openskypress.com\/de\/product\/mein-leben-mit-anandamayi-ma\/#breadcrumb","itemListElement":[{"@type":"ListItem","position":1,"name":"Home","item":"https:\/\/openskypress.com\/es\/"},{"@type":"ListItem","position":2,"name":"Shop","item":"https:\/\/openskypress.com\/de\/shop\/"},{"@type":"ListItem","position":3,"name":"Mein Leben mit Anandamayi Ma"}]},{"@type":"WebSite","@id":"https:\/\/openskypress.com\/#website","url":"https:\/\/openskypress.com\/","name":"Spiritual Books & Films Online Shop #1 | Open Sky Press","description":"Best store of Books &amp; DVDs about Satsang, Indian &amp; Western philosophy &amp; yoga. Spiritual teachers talks about awakening, enlightenment and mindfulness","publisher":{"@id":"https:\/\/openskypress.com\/#organization"},"potentialAction":[{"@type":"SearchAction","target":{"@type":"EntryPoint","urlTemplate":"https:\/\/openskypress.com\/?s={search_term_string}"},"query-input":{"@type":"PropertyValueSpecification","valueRequired":true,"valueName":"search_term_string"}}],"inLanguage":"de"},{"@type":"Organization","@id":"https:\/\/openskypress.com\/#organization","name":"Spiritual Books & Films Online Shop #1 | Open Sky Press","url":"https:\/\/openskypress.com\/","logo":{"@type":"ImageObject","inLanguage":"de","@id":"https:\/\/openskypress.com\/#\/schema\/logo\/image\/","url":"https:\/\/openskypress.com\/wp-content\/uploads\/2020\/02\/logo-osp-1.png","contentUrl":"https:\/\/openskypress.com\/wp-content\/uploads\/2020\/02\/logo-osp-1.png","width":222,"height":219,"caption":"Spiritual Books & Films Online Shop #1 | Open Sky Press"},"image":{"@id":"https:\/\/openskypress.com\/#\/schema\/logo\/image\/"}}]}},"_links":{"self":[{"href":"https:\/\/openskypress.com\/de\/wp-json\/wp\/v2\/product\/13822","targetHints":{"allow":["GET"]}}],"collection":[{"href":"https:\/\/openskypress.com\/de\/wp-json\/wp\/v2\/product"}],"about":[{"href":"https:\/\/openskypress.com\/de\/wp-json\/wp\/v2\/types\/product"}],"replies":[{"embeddable":true,"href":"https:\/\/openskypress.com\/de\/wp-json\/wp\/v2\/comments?post=13822"}],"wp:featuredmedia":[{"embeddable":true,"href":"https:\/\/openskypress.com\/de\/wp-json\/wp\/v2\/media\/13827"}],"wp:attachment":[{"href":"https:\/\/openskypress.com\/de\/wp-json\/wp\/v2\/media?parent=13822"}],"wp:term":[{"taxonomy":"product_brand","embeddable":true,"href":"https:\/\/openskypress.com\/de\/wp-json\/wp\/v2\/product_brand?post=13822"},{"taxonomy":"product_cat","embeddable":true,"href":"https:\/\/openskypress.com\/de\/wp-json\/wp\/v2\/product_cat?post=13822"},{"taxonomy":"product_tag","embeddable":true,"href":"https:\/\/openskypress.com\/de\/wp-json\/wp\/v2\/product_tag?post=13822"}],"curies":[{"name":"wp","href":"https:\/\/api.w.org\/{rel}","templated":true}]}}