{"id":12952,"date":"2023-11-07T14:49:22","date_gmt":"2023-11-07T14:49:22","guid":{"rendered":"https:\/\/openskycharity.international\/?post_type=product&#038;p=12952"},"modified":"2026-01-22T09:03:01","modified_gmt":"2026-01-22T09:03:01","slug":"unerfuellte-liebe-der-sog-in-die-scheinwirklichkeit","status":"publish","type":"product","link":"https:\/\/openskypress.com\/de\/product\/unerfuellte-liebe-der-sog-in-die-scheinwirklichkeit\/","title":{"rendered":"Unerf\u00fcllte Liebe &#8211; Der Sog in die Scheinwirklichkeit"},"content":{"rendered":"<p><em>&#8222;Das Verfolgen unerf\u00fcllter W\u00fcnsche tr\u00e4gt dich in die Zukunft. Zukunft ist immer unerf\u00fcllt. Erf\u00fcllung ist JETZT.\u201c<\/em>\u00a0<strong><br \/>\n<\/strong>OM C. Parkin<\/p>\n<p>Der dritte Band der spirituellen Lehren des Enneagramms bildet den Abschluss der Trilogie zur spirituellen Dimension des Enneagramms und widmet sich der dritten der drei emotionalen Grundkr\u00e4fte des Enneagramms der Charakterfixierungen: der unerf\u00fcllten Liebe. Das Buch f\u00fchrt den Leser auf den Weg von den Vorstellungen \u00fcber Liebe zur Erkenntnis der wahren Liebe.<\/p>\n<p>Der Anfang des Buches bietet eine Einf\u00fchrung in die sogenannten Imagefixierungen des Enneagramms und erz\u00e4hlt die Geschichte einer Sch\u00fclerin auf ihrem Erkenntnisweg, die von ihrem leidvollen Leben als jemand berichtet, der in der &#8222;unerf\u00fcllten Liebe&#8220; fixiert ist.<\/p>\n<p>Im zentralen Essay des Buches beleuchtet OM C. Parkin das Thema der unerf\u00fcllten Liebe aus der Perspektive der Weisheitslehre. Er zeigt auf, dass sich hinter diesem Begriff ein umfassendes geistiges System verbirgt, das st\u00e4ndig auf eine tr\u00fcgerische Realit\u00e4t hinarbeitet. Seine Erkl\u00e4rungen durchleuchten dieses geistige System und weisen gleichzeitig den Weg heraus. Der zweite Teil des Buches besteht aus Ausz\u00fcgen aus Gespr\u00e4chen, den sogenannten Darshans, die der spirituelle Lehrer OM C. Parkin zu diesem Thema gef\u00fchrt hat.<\/p>\n<p>OM C. Parkin ist ein spiritueller Meister, der die indische Advaita-Philosophie der Non-Dualit\u00e4t mit der Mystik des Judentums, Christentums und Islam verkn\u00fcpft und die Lehre des Enneagramms in die spirituellen Weisheitslehren integriert und vermittelt.<\/p>\n\n    <div class=\"xs_social_share_widget xs_share_url after_content \t\tmain_content  wslu-style-1 wslu-share-box-shaped wslu-fill-colored wslu-none wslu-share-horizontal wslu-theme-font-no wslu-main_content\">\n\n\t\t\n        <ul>\n\t\t\t        <\/ul>\n    <\/div> \n","protected":false},"excerpt":{"rendered":"<p><em>&#8222;Das Verfolgen unerf\u00fcllter W\u00fcnsche tr\u00e4gt dich in die Zukunft. Zukunft ist immer unerf\u00fcllt. Erf\u00fcllung ist JETZT.\u201c<\/em>\u00a0<strong><br \/>\n<\/strong>OM C. Parkin<\/p>\n<p>Der dritte Band der spirituellen Lehren des Enneagramms bildet den Abschluss der Trilogie zur spirituellen Dimension des Enneagramms und widmet sich der dritten der drei emotionalen Grundkr\u00e4fte des Enneagramms der Charakterfixierungen: der unerf\u00fcllten Liebe. Das Buch f\u00fchrt den Leser auf den Weg von den Vorstellungen \u00fcber Liebe zur Erkenntnis der wahren Liebe.<\/p>\n<p>Der Anfang des Buches bietet eine Einf\u00fchrung in die sogenannten Imagefixierungen des Enneagramms und erz\u00e4hlt die Geschichte einer Sch\u00fclerin auf ihrem Erkenntnisweg, die von ihrem leidvollen Leben als jemand berichtet, der in der &#8222;unerf\u00fcllten Liebe&#8220; fixiert ist.<\/p>\n<p>Im zentralen Essay des Buches beleuchtet OM C. Parkin das Thema der unerf\u00fcllten Liebe aus der Perspektive der Weisheitslehre. Er zeigt auf, dass sich hinter diesem Begriff ein umfassendes geistiges System verbirgt, das st\u00e4ndig auf eine tr\u00fcgerische Realit\u00e4t hinarbeitet. Seine Erkl\u00e4rungen durchleuchten dieses geistige System und weisen gleichzeitig den Weg heraus. Der zweite Teil des Buches besteht aus Ausz\u00fcgen aus Gespr\u00e4chen, den sogenannten Darshans, die der spirituelle Lehrer OM C. Parkin zu diesem Thema gef\u00fchrt hat.<\/p>\n<p>OM C. Parkin ist ein spiritueller Meister, der die indische Advaita-Philosophie der Non-Dualit\u00e4t mit der Mystik des Judentums, Christentums und Islam verkn\u00fcpft und die Lehre des Enneagramms in die spirituellen Weisheitslehren integriert und vermittelt.<\/p>\n","protected":false},"featured_media":12953,"comment_status":"open","ping_status":"closed","template":"","meta":{"postBodyCss":"","postBodyMargin":[],"postBodyPadding":[],"postBodyBackground":{"backgroundType":"classic","gradient":""}},"product_brand":[],"product_cat":[1246,369,385],"product_tag":[],"class_list":{"0":"post-12952","1":"product","2":"type-product","3":"status-publish","4":"has-post-thumbnail","6":"product_cat-westliche-meister","7":"product_cat-bucher","8":"product_cat-weitere-spirituelle-meister","10":"first","11":"instock","12":"taxable","13":"shipping-taxable","14":"purchasable","15":"product-type-simple"},"yoast_head":"<!-- This site is optimized with the Yoast SEO plugin v26.6 - https:\/\/yoast.com\/wordpress\/plugins\/seo\/ -->\n<title>Unerf\u00fcllte Liebe - Der Sog in die Scheinwirklichkeit - Spiritual Books &amp; Films Online Shop #1 | Open Sky Press DE<\/title>\n<meta name=\"robots\" content=\"index, follow, max-snippet:-1, max-image-preview:large, max-video-preview:-1\" \/>\n<link rel=\"canonical\" href=\"https:\/\/openskypress.com\/de\/product\/unerfuellte-liebe-der-sog-in-die-scheinwirklichkeit\/\" \/>\n<meta property=\"og:locale\" content=\"de_DE\" \/>\n<meta property=\"og:type\" content=\"article\" \/>\n<meta property=\"og:title\" content=\"Unerf\u00fcllte Liebe - Der Sog in die Scheinwirklichkeit - Spiritual Books &amp; Films Online Shop #1 | Open Sky Press DE\" \/>\n<meta property=\"og:description\" content=\"&quot;Das Verfolgen unerf\u00fcllter W\u00fcnsche tr\u00e4gt dich in die Zukunft. Zukunft ist immer unerf\u00fcllt. Erf\u00fcllung ist JETZT.\u201c\u00a0 OM C. Parkin  Der dritte Band der spirituellen Lehren des Enneagramms bildet den Abschluss der Trilogie zur spirituellen Dimension des Enneagramms und widmet sich der dritten der drei emotionalen Grundkr\u00e4fte des Enneagramms der Charakterfixierungen: der unerf\u00fcllten Liebe. Das Buch f\u00fchrt den Leser auf den Weg von den Vorstellungen \u00fcber Liebe zur Erkenntnis der wahren Liebe.  Der Anfang des Buches bietet eine Einf\u00fchrung in die sogenannten Imagefixierungen des Enneagramms und erz\u00e4hlt die Geschichte einer Sch\u00fclerin auf ihrem Erkenntnisweg, die von ihrem leidvollen Leben als jemand berichtet, der in der &quot;unerf\u00fcllten Liebe&quot; fixiert ist.  Im zentralen Essay des Buches beleuchtet OM C. Parkin das Thema der unerf\u00fcllten Liebe aus der Perspektive der Weisheitslehre. Er zeigt auf, dass sich hinter diesem Begriff ein umfassendes geistiges System verbirgt, das st\u00e4ndig auf eine tr\u00fcgerische Realit\u00e4t hinarbeitet. Seine Erkl\u00e4rungen durchleuchten dieses geistige System und weisen gleichzeitig den Weg heraus. Der zweite Teil des Buches besteht aus Ausz\u00fcgen aus Gespr\u00e4chen, den sogenannten Darshans, die der spirituelle Lehrer OM C. Parkin zu diesem Thema gef\u00fchrt hat.  OM C. Parkin ist ein spiritueller Meister, der die indische Advaita-Philosophie der Non-Dualit\u00e4t mit der Mystik des Judentums, Christentums und Islam verkn\u00fcpft und die Lehre des Enneagramms in die spirituellen Weisheitslehren integriert und vermittelt.\" \/>\n<meta property=\"og:url\" content=\"https:\/\/openskypress.com\/de\/product\/unerfuellte-liebe-der-sog-in-die-scheinwirklichkeit\/\" \/>\n<meta property=\"og:site_name\" content=\"Spiritual Books &amp; Films Online Shop #1 | Open Sky Press DE\" \/>\n<meta property=\"article:modified_time\" content=\"2026-01-22T09:03:01+00:00\" \/>\n<meta property=\"og:image\" content=\"https:\/\/openskypress.com\/wp-content\/uploads\/2023\/11\/Screenshot-2023-11-07-at-15.45.59.png\" \/>\n\t<meta property=\"og:image:width\" content=\"602\" \/>\n\t<meta property=\"og:image:height\" content=\"962\" \/>\n\t<meta property=\"og:image:type\" content=\"image\/png\" \/>\n<meta name=\"twitter:card\" content=\"summary_large_image\" \/>\n<meta name=\"twitter:label1\" content=\"Gesch\u00e4tzte Lesezeit\" \/>\n\t<meta name=\"twitter:data1\" content=\"1\u00a0Minute\" \/>\n<script type=\"application\/ld+json\" class=\"yoast-schema-graph\">{\"@context\":\"https:\/\/schema.org\",\"@graph\":[{\"@type\":\"WebPage\",\"@id\":\"https:\/\/openskypress.com\/de\/product\/unerfuellte-liebe-der-sog-in-die-scheinwirklichkeit\/\",\"url\":\"https:\/\/openskypress.com\/de\/product\/unerfuellte-liebe-der-sog-in-die-scheinwirklichkeit\/\",\"name\":\"Unerf\u00fcllte Liebe - Der Sog in die Scheinwirklichkeit - Spiritual Books &amp; Films Online Shop #1 | Open Sky Press DE\",\"isPartOf\":{\"@id\":\"https:\/\/openskypress.com\/#website\"},\"primaryImageOfPage\":{\"@id\":\"https:\/\/openskypress.com\/de\/product\/unerfuellte-liebe-der-sog-in-die-scheinwirklichkeit\/#primaryimage\"},\"image\":{\"@id\":\"https:\/\/openskypress.com\/de\/product\/unerfuellte-liebe-der-sog-in-die-scheinwirklichkeit\/#primaryimage\"},\"thumbnailUrl\":\"https:\/\/openskypress.com\/wp-content\/uploads\/2023\/11\/Screenshot-2023-11-07-at-15.45.59.png\",\"datePublished\":\"2023-11-07T14:49:22+00:00\",\"dateModified\":\"2026-01-22T09:03:01+00:00\",\"breadcrumb\":{\"@id\":\"https:\/\/openskypress.com\/de\/product\/unerfuellte-liebe-der-sog-in-die-scheinwirklichkeit\/#breadcrumb\"},\"inLanguage\":\"de\",\"potentialAction\":[{\"@type\":\"ReadAction\",\"target\":[\"https:\/\/openskypress.com\/de\/product\/unerfuellte-liebe-der-sog-in-die-scheinwirklichkeit\/\"]}]},{\"@type\":\"ImageObject\",\"inLanguage\":\"de\",\"@id\":\"https:\/\/openskypress.com\/de\/product\/unerfuellte-liebe-der-sog-in-die-scheinwirklichkeit\/#primaryimage\",\"url\":\"https:\/\/openskypress.com\/wp-content\/uploads\/2023\/11\/Screenshot-2023-11-07-at-15.45.59.png\",\"contentUrl\":\"https:\/\/openskypress.com\/wp-content\/uploads\/2023\/11\/Screenshot-2023-11-07-at-15.45.59.png\",\"width\":602,\"height\":962},{\"@type\":\"BreadcrumbList\",\"@id\":\"https:\/\/openskypress.com\/de\/product\/unerfuellte-liebe-der-sog-in-die-scheinwirklichkeit\/#breadcrumb\",\"itemListElement\":[{\"@type\":\"ListItem\",\"position\":1,\"name\":\"Home\",\"item\":\"https:\/\/openskypress.com\/es\/\"},{\"@type\":\"ListItem\",\"position\":2,\"name\":\"Shop\",\"item\":\"https:\/\/openskypress.com\/de\/shop\/\"},{\"@type\":\"ListItem\",\"position\":3,\"name\":\"Unerf\u00fcllte Liebe &#8211; Der Sog in die Scheinwirklichkeit\"}]},{\"@type\":\"WebSite\",\"@id\":\"https:\/\/openskypress.com\/#website\",\"url\":\"https:\/\/openskypress.com\/\",\"name\":\"Spiritual Books & Films Online Shop #1 | Open Sky Press\",\"description\":\"Best store of Books &amp; DVDs about Satsang, Indian &amp; Western philosophy &amp; yoga. Spiritual teachers talks about awakening, enlightenment and mindfulness\",\"publisher\":{\"@id\":\"https:\/\/openskypress.com\/#organization\"},\"potentialAction\":[{\"@type\":\"SearchAction\",\"target\":{\"@type\":\"EntryPoint\",\"urlTemplate\":\"https:\/\/openskypress.com\/?s={search_term_string}\"},\"query-input\":{\"@type\":\"PropertyValueSpecification\",\"valueRequired\":true,\"valueName\":\"search_term_string\"}}],\"inLanguage\":\"de\"},{\"@type\":\"Organization\",\"@id\":\"https:\/\/openskypress.com\/#organization\",\"name\":\"Spiritual Books & Films Online Shop #1 | Open Sky Press\",\"url\":\"https:\/\/openskypress.com\/\",\"logo\":{\"@type\":\"ImageObject\",\"inLanguage\":\"de\",\"@id\":\"https:\/\/openskypress.com\/#\/schema\/logo\/image\/\",\"url\":\"https:\/\/openskypress.com\/wp-content\/uploads\/2020\/02\/logo-osp-1.png\",\"contentUrl\":\"https:\/\/openskypress.com\/wp-content\/uploads\/2020\/02\/logo-osp-1.png\",\"width\":222,\"height\":219,\"caption\":\"Spiritual Books & Films Online Shop #1 | Open Sky Press\"},\"image\":{\"@id\":\"https:\/\/openskypress.com\/#\/schema\/logo\/image\/\"}}]}<\/script>\n<!-- \/ Yoast SEO plugin. -->","yoast_head_json":{"title":"Unerf\u00fcllte Liebe - Der Sog in die Scheinwirklichkeit - Spiritual Books &amp; Films Online Shop #1 | Open Sky Press DE","robots":{"index":"index","follow":"follow","max-snippet":"max-snippet:-1","max-image-preview":"max-image-preview:large","max-video-preview":"max-video-preview:-1"},"canonical":"https:\/\/openskypress.com\/de\/product\/unerfuellte-liebe-der-sog-in-die-scheinwirklichkeit\/","og_locale":"de_DE","og_type":"article","og_title":"Unerf\u00fcllte Liebe - Der Sog in die Scheinwirklichkeit - Spiritual Books &amp; Films Online Shop #1 | Open Sky Press DE","og_description":"\"Das Verfolgen unerf\u00fcllter W\u00fcnsche tr\u00e4gt dich in die Zukunft. Zukunft ist immer unerf\u00fcllt. Erf\u00fcllung ist JETZT.\u201c\u00a0 OM C. Parkin  Der dritte Band der spirituellen Lehren des Enneagramms bildet den Abschluss der Trilogie zur spirituellen Dimension des Enneagramms und widmet sich der dritten der drei emotionalen Grundkr\u00e4fte des Enneagramms der Charakterfixierungen: der unerf\u00fcllten Liebe. Das Buch f\u00fchrt den Leser auf den Weg von den Vorstellungen \u00fcber Liebe zur Erkenntnis der wahren Liebe.  Der Anfang des Buches bietet eine Einf\u00fchrung in die sogenannten Imagefixierungen des Enneagramms und erz\u00e4hlt die Geschichte einer Sch\u00fclerin auf ihrem Erkenntnisweg, die von ihrem leidvollen Leben als jemand berichtet, der in der \"unerf\u00fcllten Liebe\" fixiert ist.  Im zentralen Essay des Buches beleuchtet OM C. Parkin das Thema der unerf\u00fcllten Liebe aus der Perspektive der Weisheitslehre. Er zeigt auf, dass sich hinter diesem Begriff ein umfassendes geistiges System verbirgt, das st\u00e4ndig auf eine tr\u00fcgerische Realit\u00e4t hinarbeitet. Seine Erkl\u00e4rungen durchleuchten dieses geistige System und weisen gleichzeitig den Weg heraus. Der zweite Teil des Buches besteht aus Ausz\u00fcgen aus Gespr\u00e4chen, den sogenannten Darshans, die der spirituelle Lehrer OM C. Parkin zu diesem Thema gef\u00fchrt hat.  OM C. Parkin ist ein spiritueller Meister, der die indische Advaita-Philosophie der Non-Dualit\u00e4t mit der Mystik des Judentums, Christentums und Islam verkn\u00fcpft und die Lehre des Enneagramms in die spirituellen Weisheitslehren integriert und vermittelt.","og_url":"https:\/\/openskypress.com\/de\/product\/unerfuellte-liebe-der-sog-in-die-scheinwirklichkeit\/","og_site_name":"Spiritual Books &amp; Films Online Shop #1 | Open Sky Press DE","article_modified_time":"2026-01-22T09:03:01+00:00","og_image":[{"width":602,"height":962,"url":"https:\/\/openskypress.com\/wp-content\/uploads\/2023\/11\/Screenshot-2023-11-07-at-15.45.59.png","type":"image\/png"}],"twitter_card":"summary_large_image","twitter_misc":{"Gesch\u00e4tzte Lesezeit":"1\u00a0Minute"},"schema":{"@context":"https:\/\/schema.org","@graph":[{"@type":"WebPage","@id":"https:\/\/openskypress.com\/de\/product\/unerfuellte-liebe-der-sog-in-die-scheinwirklichkeit\/","url":"https:\/\/openskypress.com\/de\/product\/unerfuellte-liebe-der-sog-in-die-scheinwirklichkeit\/","name":"Unerf\u00fcllte Liebe - Der Sog in die Scheinwirklichkeit - Spiritual Books &amp; Films Online Shop #1 | Open Sky Press DE","isPartOf":{"@id":"https:\/\/openskypress.com\/#website"},"primaryImageOfPage":{"@id":"https:\/\/openskypress.com\/de\/product\/unerfuellte-liebe-der-sog-in-die-scheinwirklichkeit\/#primaryimage"},"image":{"@id":"https:\/\/openskypress.com\/de\/product\/unerfuellte-liebe-der-sog-in-die-scheinwirklichkeit\/#primaryimage"},"thumbnailUrl":"https:\/\/openskypress.com\/wp-content\/uploads\/2023\/11\/Screenshot-2023-11-07-at-15.45.59.png","datePublished":"2023-11-07T14:49:22+00:00","dateModified":"2026-01-22T09:03:01+00:00","breadcrumb":{"@id":"https:\/\/openskypress.com\/de\/product\/unerfuellte-liebe-der-sog-in-die-scheinwirklichkeit\/#breadcrumb"},"inLanguage":"de","potentialAction":[{"@type":"ReadAction","target":["https:\/\/openskypress.com\/de\/product\/unerfuellte-liebe-der-sog-in-die-scheinwirklichkeit\/"]}]},{"@type":"ImageObject","inLanguage":"de","@id":"https:\/\/openskypress.com\/de\/product\/unerfuellte-liebe-der-sog-in-die-scheinwirklichkeit\/#primaryimage","url":"https:\/\/openskypress.com\/wp-content\/uploads\/2023\/11\/Screenshot-2023-11-07-at-15.45.59.png","contentUrl":"https:\/\/openskypress.com\/wp-content\/uploads\/2023\/11\/Screenshot-2023-11-07-at-15.45.59.png","width":602,"height":962},{"@type":"BreadcrumbList","@id":"https:\/\/openskypress.com\/de\/product\/unerfuellte-liebe-der-sog-in-die-scheinwirklichkeit\/#breadcrumb","itemListElement":[{"@type":"ListItem","position":1,"name":"Home","item":"https:\/\/openskypress.com\/es\/"},{"@type":"ListItem","position":2,"name":"Shop","item":"https:\/\/openskypress.com\/de\/shop\/"},{"@type":"ListItem","position":3,"name":"Unerf\u00fcllte Liebe &#8211; Der Sog in die Scheinwirklichkeit"}]},{"@type":"WebSite","@id":"https:\/\/openskypress.com\/#website","url":"https:\/\/openskypress.com\/","name":"Spiritual Books & Films Online Shop #1 | Open Sky Press","description":"Best store of Books &amp; DVDs about Satsang, Indian &amp; Western philosophy &amp; yoga. Spiritual teachers talks about awakening, enlightenment and mindfulness","publisher":{"@id":"https:\/\/openskypress.com\/#organization"},"potentialAction":[{"@type":"SearchAction","target":{"@type":"EntryPoint","urlTemplate":"https:\/\/openskypress.com\/?s={search_term_string}"},"query-input":{"@type":"PropertyValueSpecification","valueRequired":true,"valueName":"search_term_string"}}],"inLanguage":"de"},{"@type":"Organization","@id":"https:\/\/openskypress.com\/#organization","name":"Spiritual Books & Films Online Shop #1 | Open Sky Press","url":"https:\/\/openskypress.com\/","logo":{"@type":"ImageObject","inLanguage":"de","@id":"https:\/\/openskypress.com\/#\/schema\/logo\/image\/","url":"https:\/\/openskypress.com\/wp-content\/uploads\/2020\/02\/logo-osp-1.png","contentUrl":"https:\/\/openskypress.com\/wp-content\/uploads\/2020\/02\/logo-osp-1.png","width":222,"height":219,"caption":"Spiritual Books & Films Online Shop #1 | Open Sky Press"},"image":{"@id":"https:\/\/openskypress.com\/#\/schema\/logo\/image\/"}}]}},"_links":{"self":[{"href":"https:\/\/openskypress.com\/de\/wp-json\/wp\/v2\/product\/12952","targetHints":{"allow":["GET"]}}],"collection":[{"href":"https:\/\/openskypress.com\/de\/wp-json\/wp\/v2\/product"}],"about":[{"href":"https:\/\/openskypress.com\/de\/wp-json\/wp\/v2\/types\/product"}],"replies":[{"embeddable":true,"href":"https:\/\/openskypress.com\/de\/wp-json\/wp\/v2\/comments?post=12952"}],"wp:featuredmedia":[{"embeddable":true,"href":"https:\/\/openskypress.com\/de\/wp-json\/wp\/v2\/media\/12953"}],"wp:attachment":[{"href":"https:\/\/openskypress.com\/de\/wp-json\/wp\/v2\/media?parent=12952"}],"wp:term":[{"taxonomy":"product_brand","embeddable":true,"href":"https:\/\/openskypress.com\/de\/wp-json\/wp\/v2\/product_brand?post=12952"},{"taxonomy":"product_cat","embeddable":true,"href":"https:\/\/openskypress.com\/de\/wp-json\/wp\/v2\/product_cat?post=12952"},{"taxonomy":"product_tag","embeddable":true,"href":"https:\/\/openskypress.com\/de\/wp-json\/wp\/v2\/product_tag?post=12952"}],"curies":[{"name":"wp","href":"https:\/\/api.w.org\/{rel}","templated":true}]}}