{"id":12946,"date":"2023-11-07T14:43:25","date_gmt":"2023-11-07T14:43:25","guid":{"rendered":"https:\/\/openskycharity.international\/?post_type=product&#038;p=12946"},"modified":"2026-01-22T09:03:01","modified_gmt":"2026-01-22T09:03:01","slug":"zorn-der-kampf-gegen-die-wirklichkeit","status":"publish","type":"product","link":"https:\/\/openskypress.com\/de\/product\/zorn-der-kampf-gegen-die-wirklichkeit\/","title":{"rendered":"Zorn &#8211; Der Kampf gegen die Wirklichkeit"},"content":{"rendered":"<p><strong>\u201eEin Leben ohne die Fixierung im Zorn flie\u00dft mit der Wirklichkeit.\u201c<\/strong><\/p>\n<p>Im zweiten Band der Trilogie \u00fcber die Lehren des Enneagramms wird die Bedeutung des Zorns behandelt, der, wenn er in der pers\u00f6nlichen Ich-Welt eines Menschen festgehalten wird, den Zugang zur Realit\u00e4t erheblich behindert, wie es der Volksmund sagt: &#8222;Zorn macht blind.&#8220; Das Buch beginnt mit einer kurzen Einf\u00fchrung in die Konzepte der Zornfixierungen im Enneagramm der Charakterfixierungen und erz\u00e4hlt die Geschichte eines Sch\u00fclers auf seinem inneren Weg, der humorvoll und zugleich zornig von seinem allt\u00e4glichen Kampf mit dem Zorn berichtet. Anschlie\u00dfend betrachtet OM C. Parkin den Zorn aus der Perspektive der Weisheitslehre und erl\u00e4utert, dass hinter dem Begriff des Zorns ein umfassendes geistiges System steht, das sich konstant gegen die Realit\u00e4t auflehnt, ein Prozess, den man auch als Ignoranz bezeichnet.<\/p>\n<p>Der zweite Teil des Buches besteht aus Ausz\u00fcgen aus Gespr\u00e4chen, den sogenannten Darshans, die der spirituelle Lehrer OM C. Parkin in den letzten 25 Jahren mit seinen Sch\u00fclern gef\u00fchrt hat. In diesen erhellenden Unterhaltungen geht es um das Erkennen und die Transformation verschiedener leidvoller Aspekte der Zornfixierung in unserer Welt.<\/p>\n\n    <div class=\"xs_social_share_widget xs_share_url after_content \t\tmain_content  wslu-style-1 wslu-share-box-shaped wslu-fill-colored wslu-none wslu-share-horizontal wslu-theme-font-no wslu-main_content\">\n\n\t\t\n        <ul>\n\t\t\t        <\/ul>\n    <\/div> \n","protected":false},"excerpt":{"rendered":"<p><strong>\u201eEin Leben ohne die Fixierung im Zorn flie\u00dft mit der Wirklichkeit.\u201c<\/strong><\/p>\n<p>Im zweiten Band der Trilogie \u00fcber die Lehren des Enneagramms wird die Bedeutung des Zorns behandelt, der, wenn er in der pers\u00f6nlichen Ich-Welt eines Menschen festgehalten wird, den Zugang zur Realit\u00e4t erheblich behindert, wie es der Volksmund sagt: &#8222;Zorn macht blind.&#8220; Das Buch beginnt mit einer kurzen Einf\u00fchrung in die Konzepte der Zornfixierungen im Enneagramm der Charakterfixierungen und erz\u00e4hlt die Geschichte eines Sch\u00fclers auf seinem inneren Weg, der humorvoll und zugleich zornig von seinem allt\u00e4glichen Kampf mit dem Zorn berichtet. Anschlie\u00dfend betrachtet OM C. Parkin den Zorn aus der Perspektive der Weisheitslehre und erl\u00e4utert, dass hinter dem Begriff des Zorns ein umfassendes geistiges System steht, das sich konstant gegen die Realit\u00e4t auflehnt, ein Prozess, den man auch als Ignoranz bezeichnet.<\/p>\n<p>Der zweite Teil des Buches besteht aus Ausz\u00fcgen aus Gespr\u00e4chen, den sogenannten Darshans, die der spirituelle Lehrer OM C. Parkin in den letzten 25 Jahren mit seinen Sch\u00fclern gef\u00fchrt hat. In diesen erhellenden Unterhaltungen geht es um das Erkennen und die Transformation verschiedener leidvoller Aspekte der Zornfixierung in unserer Welt.<\/p>\n","protected":false},"featured_media":12947,"comment_status":"open","ping_status":"closed","template":"","meta":{"postBodyCss":"","postBodyMargin":[],"postBodyPadding":[],"postBodyBackground":{"backgroundType":"classic","gradient":""}},"product_brand":[],"product_cat":[1246,369,385],"product_tag":[],"class_list":{"0":"post-12946","1":"product","2":"type-product","3":"status-publish","4":"has-post-thumbnail","6":"product_cat-westliche-meister","7":"product_cat-bucher","8":"product_cat-weitere-spirituelle-meister","10":"first","11":"instock","12":"taxable","13":"shipping-taxable","14":"purchasable","15":"product-type-simple"},"yoast_head":"<!-- This site is optimized with the Yoast SEO plugin v26.6 - https:\/\/yoast.com\/wordpress\/plugins\/seo\/ -->\n<title>Zorn - Der Kampf gegen die Wirklichkeit - Spiritual Books &amp; Films Online Shop #1 | Open Sky Press DE<\/title>\n<meta name=\"robots\" content=\"index, follow, max-snippet:-1, max-image-preview:large, max-video-preview:-1\" \/>\n<link rel=\"canonical\" href=\"https:\/\/openskypress.com\/de\/product\/zorn-der-kampf-gegen-die-wirklichkeit\/\" \/>\n<meta property=\"og:locale\" content=\"de_DE\" \/>\n<meta property=\"og:type\" content=\"article\" \/>\n<meta property=\"og:title\" content=\"Zorn - Der Kampf gegen die Wirklichkeit - Spiritual Books &amp; Films Online Shop #1 | Open Sky Press DE\" \/>\n<meta property=\"og:description\" content=\"\u201eEin Leben ohne die Fixierung im Zorn flie\u00dft mit der Wirklichkeit.\u201c  Im zweiten Band der Trilogie \u00fcber die Lehren des Enneagramms wird die Bedeutung des Zorns behandelt, der, wenn er in der pers\u00f6nlichen Ich-Welt eines Menschen festgehalten wird, den Zugang zur Realit\u00e4t erheblich behindert, wie es der Volksmund sagt: &quot;Zorn macht blind.&quot; Das Buch beginnt mit einer kurzen Einf\u00fchrung in die Konzepte der Zornfixierungen im Enneagramm der Charakterfixierungen und erz\u00e4hlt die Geschichte eines Sch\u00fclers auf seinem inneren Weg, der humorvoll und zugleich zornig von seinem allt\u00e4glichen Kampf mit dem Zorn berichtet. Anschlie\u00dfend betrachtet OM C. Parkin den Zorn aus der Perspektive der Weisheitslehre und erl\u00e4utert, dass hinter dem Begriff des Zorns ein umfassendes geistiges System steht, das sich konstant gegen die Realit\u00e4t auflehnt, ein Prozess, den man auch als Ignoranz bezeichnet.  Der zweite Teil des Buches besteht aus Ausz\u00fcgen aus Gespr\u00e4chen, den sogenannten Darshans, die der spirituelle Lehrer OM C. Parkin in den letzten 25 Jahren mit seinen Sch\u00fclern gef\u00fchrt hat. In diesen erhellenden Unterhaltungen geht es um das Erkennen und die Transformation verschiedener leidvoller Aspekte der Zornfixierung in unserer Welt.\" \/>\n<meta property=\"og:url\" content=\"https:\/\/openskypress.com\/de\/product\/zorn-der-kampf-gegen-die-wirklichkeit\/\" \/>\n<meta property=\"og:site_name\" content=\"Spiritual Books &amp; Films Online Shop #1 | Open Sky Press DE\" \/>\n<meta property=\"article:modified_time\" content=\"2026-01-22T09:03:01+00:00\" \/>\n<meta property=\"og:image\" content=\"https:\/\/openskypress.com\/wp-content\/uploads\/2023\/11\/Screenshot-2023-11-07-at-15.41.49.png\" \/>\n\t<meta property=\"og:image:width\" content=\"746\" \/>\n\t<meta property=\"og:image:height\" content=\"1160\" \/>\n\t<meta property=\"og:image:type\" content=\"image\/png\" \/>\n<meta name=\"twitter:card\" content=\"summary_large_image\" \/>\n<meta name=\"twitter:label1\" content=\"Gesch\u00e4tzte Lesezeit\" \/>\n\t<meta name=\"twitter:data1\" content=\"1\u00a0Minute\" \/>\n<script type=\"application\/ld+json\" class=\"yoast-schema-graph\">{\"@context\":\"https:\/\/schema.org\",\"@graph\":[{\"@type\":\"WebPage\",\"@id\":\"https:\/\/openskypress.com\/de\/product\/zorn-der-kampf-gegen-die-wirklichkeit\/\",\"url\":\"https:\/\/openskypress.com\/de\/product\/zorn-der-kampf-gegen-die-wirklichkeit\/\",\"name\":\"Zorn - Der Kampf gegen die Wirklichkeit - Spiritual Books &amp; Films Online Shop #1 | Open Sky Press DE\",\"isPartOf\":{\"@id\":\"https:\/\/openskypress.com\/#website\"},\"primaryImageOfPage\":{\"@id\":\"https:\/\/openskypress.com\/de\/product\/zorn-der-kampf-gegen-die-wirklichkeit\/#primaryimage\"},\"image\":{\"@id\":\"https:\/\/openskypress.com\/de\/product\/zorn-der-kampf-gegen-die-wirklichkeit\/#primaryimage\"},\"thumbnailUrl\":\"https:\/\/openskypress.com\/wp-content\/uploads\/2023\/11\/Screenshot-2023-11-07-at-15.41.49.png\",\"datePublished\":\"2023-11-07T14:43:25+00:00\",\"dateModified\":\"2026-01-22T09:03:01+00:00\",\"breadcrumb\":{\"@id\":\"https:\/\/openskypress.com\/de\/product\/zorn-der-kampf-gegen-die-wirklichkeit\/#breadcrumb\"},\"inLanguage\":\"de\",\"potentialAction\":[{\"@type\":\"ReadAction\",\"target\":[\"https:\/\/openskypress.com\/de\/product\/zorn-der-kampf-gegen-die-wirklichkeit\/\"]}]},{\"@type\":\"ImageObject\",\"inLanguage\":\"de\",\"@id\":\"https:\/\/openskypress.com\/de\/product\/zorn-der-kampf-gegen-die-wirklichkeit\/#primaryimage\",\"url\":\"https:\/\/openskypress.com\/wp-content\/uploads\/2023\/11\/Screenshot-2023-11-07-at-15.41.49.png\",\"contentUrl\":\"https:\/\/openskypress.com\/wp-content\/uploads\/2023\/11\/Screenshot-2023-11-07-at-15.41.49.png\",\"width\":746,\"height\":1160},{\"@type\":\"BreadcrumbList\",\"@id\":\"https:\/\/openskypress.com\/de\/product\/zorn-der-kampf-gegen-die-wirklichkeit\/#breadcrumb\",\"itemListElement\":[{\"@type\":\"ListItem\",\"position\":1,\"name\":\"Home\",\"item\":\"https:\/\/openskypress.com\/es\/\"},{\"@type\":\"ListItem\",\"position\":2,\"name\":\"Shop\",\"item\":\"https:\/\/openskypress.com\/de\/shop\/\"},{\"@type\":\"ListItem\",\"position\":3,\"name\":\"Zorn &#8211; Der Kampf gegen die Wirklichkeit\"}]},{\"@type\":\"WebSite\",\"@id\":\"https:\/\/openskypress.com\/#website\",\"url\":\"https:\/\/openskypress.com\/\",\"name\":\"Spiritual Books & Films Online Shop #1 | Open Sky Press\",\"description\":\"Best store of Books &amp; DVDs about Satsang, Indian &amp; Western philosophy &amp; yoga. Spiritual teachers talks about awakening, enlightenment and mindfulness\",\"publisher\":{\"@id\":\"https:\/\/openskypress.com\/#organization\"},\"potentialAction\":[{\"@type\":\"SearchAction\",\"target\":{\"@type\":\"EntryPoint\",\"urlTemplate\":\"https:\/\/openskypress.com\/?s={search_term_string}\"},\"query-input\":{\"@type\":\"PropertyValueSpecification\",\"valueRequired\":true,\"valueName\":\"search_term_string\"}}],\"inLanguage\":\"de\"},{\"@type\":\"Organization\",\"@id\":\"https:\/\/openskypress.com\/#organization\",\"name\":\"Spiritual Books & Films Online Shop #1 | Open Sky Press\",\"url\":\"https:\/\/openskypress.com\/\",\"logo\":{\"@type\":\"ImageObject\",\"inLanguage\":\"de\",\"@id\":\"https:\/\/openskypress.com\/#\/schema\/logo\/image\/\",\"url\":\"https:\/\/openskypress.com\/wp-content\/uploads\/2020\/02\/logo-osp-1.png\",\"contentUrl\":\"https:\/\/openskypress.com\/wp-content\/uploads\/2020\/02\/logo-osp-1.png\",\"width\":222,\"height\":219,\"caption\":\"Spiritual Books & Films Online Shop #1 | Open Sky Press\"},\"image\":{\"@id\":\"https:\/\/openskypress.com\/#\/schema\/logo\/image\/\"}}]}<\/script>\n<!-- \/ Yoast SEO plugin. -->","yoast_head_json":{"title":"Zorn - Der Kampf gegen die Wirklichkeit - Spiritual Books &amp; Films Online Shop #1 | Open Sky Press DE","robots":{"index":"index","follow":"follow","max-snippet":"max-snippet:-1","max-image-preview":"max-image-preview:large","max-video-preview":"max-video-preview:-1"},"canonical":"https:\/\/openskypress.com\/de\/product\/zorn-der-kampf-gegen-die-wirklichkeit\/","og_locale":"de_DE","og_type":"article","og_title":"Zorn - Der Kampf gegen die Wirklichkeit - Spiritual Books &amp; Films Online Shop #1 | Open Sky Press DE","og_description":"\u201eEin Leben ohne die Fixierung im Zorn flie\u00dft mit der Wirklichkeit.\u201c  Im zweiten Band der Trilogie \u00fcber die Lehren des Enneagramms wird die Bedeutung des Zorns behandelt, der, wenn er in der pers\u00f6nlichen Ich-Welt eines Menschen festgehalten wird, den Zugang zur Realit\u00e4t erheblich behindert, wie es der Volksmund sagt: \"Zorn macht blind.\" Das Buch beginnt mit einer kurzen Einf\u00fchrung in die Konzepte der Zornfixierungen im Enneagramm der Charakterfixierungen und erz\u00e4hlt die Geschichte eines Sch\u00fclers auf seinem inneren Weg, der humorvoll und zugleich zornig von seinem allt\u00e4glichen Kampf mit dem Zorn berichtet. Anschlie\u00dfend betrachtet OM C. Parkin den Zorn aus der Perspektive der Weisheitslehre und erl\u00e4utert, dass hinter dem Begriff des Zorns ein umfassendes geistiges System steht, das sich konstant gegen die Realit\u00e4t auflehnt, ein Prozess, den man auch als Ignoranz bezeichnet.  Der zweite Teil des Buches besteht aus Ausz\u00fcgen aus Gespr\u00e4chen, den sogenannten Darshans, die der spirituelle Lehrer OM C. Parkin in den letzten 25 Jahren mit seinen Sch\u00fclern gef\u00fchrt hat. In diesen erhellenden Unterhaltungen geht es um das Erkennen und die Transformation verschiedener leidvoller Aspekte der Zornfixierung in unserer Welt.","og_url":"https:\/\/openskypress.com\/de\/product\/zorn-der-kampf-gegen-die-wirklichkeit\/","og_site_name":"Spiritual Books &amp; Films Online Shop #1 | Open Sky Press DE","article_modified_time":"2026-01-22T09:03:01+00:00","og_image":[{"width":746,"height":1160,"url":"https:\/\/openskypress.com\/wp-content\/uploads\/2023\/11\/Screenshot-2023-11-07-at-15.41.49.png","type":"image\/png"}],"twitter_card":"summary_large_image","twitter_misc":{"Gesch\u00e4tzte Lesezeit":"1\u00a0Minute"},"schema":{"@context":"https:\/\/schema.org","@graph":[{"@type":"WebPage","@id":"https:\/\/openskypress.com\/de\/product\/zorn-der-kampf-gegen-die-wirklichkeit\/","url":"https:\/\/openskypress.com\/de\/product\/zorn-der-kampf-gegen-die-wirklichkeit\/","name":"Zorn - Der Kampf gegen die Wirklichkeit - Spiritual Books &amp; Films Online Shop #1 | Open Sky Press DE","isPartOf":{"@id":"https:\/\/openskypress.com\/#website"},"primaryImageOfPage":{"@id":"https:\/\/openskypress.com\/de\/product\/zorn-der-kampf-gegen-die-wirklichkeit\/#primaryimage"},"image":{"@id":"https:\/\/openskypress.com\/de\/product\/zorn-der-kampf-gegen-die-wirklichkeit\/#primaryimage"},"thumbnailUrl":"https:\/\/openskypress.com\/wp-content\/uploads\/2023\/11\/Screenshot-2023-11-07-at-15.41.49.png","datePublished":"2023-11-07T14:43:25+00:00","dateModified":"2026-01-22T09:03:01+00:00","breadcrumb":{"@id":"https:\/\/openskypress.com\/de\/product\/zorn-der-kampf-gegen-die-wirklichkeit\/#breadcrumb"},"inLanguage":"de","potentialAction":[{"@type":"ReadAction","target":["https:\/\/openskypress.com\/de\/product\/zorn-der-kampf-gegen-die-wirklichkeit\/"]}]},{"@type":"ImageObject","inLanguage":"de","@id":"https:\/\/openskypress.com\/de\/product\/zorn-der-kampf-gegen-die-wirklichkeit\/#primaryimage","url":"https:\/\/openskypress.com\/wp-content\/uploads\/2023\/11\/Screenshot-2023-11-07-at-15.41.49.png","contentUrl":"https:\/\/openskypress.com\/wp-content\/uploads\/2023\/11\/Screenshot-2023-11-07-at-15.41.49.png","width":746,"height":1160},{"@type":"BreadcrumbList","@id":"https:\/\/openskypress.com\/de\/product\/zorn-der-kampf-gegen-die-wirklichkeit\/#breadcrumb","itemListElement":[{"@type":"ListItem","position":1,"name":"Home","item":"https:\/\/openskypress.com\/es\/"},{"@type":"ListItem","position":2,"name":"Shop","item":"https:\/\/openskypress.com\/de\/shop\/"},{"@type":"ListItem","position":3,"name":"Zorn &#8211; Der Kampf gegen die Wirklichkeit"}]},{"@type":"WebSite","@id":"https:\/\/openskypress.com\/#website","url":"https:\/\/openskypress.com\/","name":"Spiritual Books & Films Online Shop #1 | Open Sky Press","description":"Best store of Books &amp; DVDs about Satsang, Indian &amp; Western philosophy &amp; yoga. Spiritual teachers talks about awakening, enlightenment and mindfulness","publisher":{"@id":"https:\/\/openskypress.com\/#organization"},"potentialAction":[{"@type":"SearchAction","target":{"@type":"EntryPoint","urlTemplate":"https:\/\/openskypress.com\/?s={search_term_string}"},"query-input":{"@type":"PropertyValueSpecification","valueRequired":true,"valueName":"search_term_string"}}],"inLanguage":"de"},{"@type":"Organization","@id":"https:\/\/openskypress.com\/#organization","name":"Spiritual Books & Films Online Shop #1 | Open Sky Press","url":"https:\/\/openskypress.com\/","logo":{"@type":"ImageObject","inLanguage":"de","@id":"https:\/\/openskypress.com\/#\/schema\/logo\/image\/","url":"https:\/\/openskypress.com\/wp-content\/uploads\/2020\/02\/logo-osp-1.png","contentUrl":"https:\/\/openskypress.com\/wp-content\/uploads\/2020\/02\/logo-osp-1.png","width":222,"height":219,"caption":"Spiritual Books & Films Online Shop #1 | Open Sky Press"},"image":{"@id":"https:\/\/openskypress.com\/#\/schema\/logo\/image\/"}}]}},"_links":{"self":[{"href":"https:\/\/openskypress.com\/de\/wp-json\/wp\/v2\/product\/12946","targetHints":{"allow":["GET"]}}],"collection":[{"href":"https:\/\/openskypress.com\/de\/wp-json\/wp\/v2\/product"}],"about":[{"href":"https:\/\/openskypress.com\/de\/wp-json\/wp\/v2\/types\/product"}],"replies":[{"embeddable":true,"href":"https:\/\/openskypress.com\/de\/wp-json\/wp\/v2\/comments?post=12946"}],"wp:featuredmedia":[{"embeddable":true,"href":"https:\/\/openskypress.com\/de\/wp-json\/wp\/v2\/media\/12947"}],"wp:attachment":[{"href":"https:\/\/openskypress.com\/de\/wp-json\/wp\/v2\/media?parent=12946"}],"wp:term":[{"taxonomy":"product_brand","embeddable":true,"href":"https:\/\/openskypress.com\/de\/wp-json\/wp\/v2\/product_brand?post=12946"},{"taxonomy":"product_cat","embeddable":true,"href":"https:\/\/openskypress.com\/de\/wp-json\/wp\/v2\/product_cat?post=12946"},{"taxonomy":"product_tag","embeddable":true,"href":"https:\/\/openskypress.com\/de\/wp-json\/wp\/v2\/product_tag?post=12946"}],"curies":[{"name":"wp","href":"https:\/\/api.w.org\/{rel}","templated":true}]}}