{"id":12936,"date":"2023-11-06T18:02:24","date_gmt":"2023-11-06T18:02:24","guid":{"rendered":"https:\/\/openskycharity.international\/?post_type=product&#038;p=12936"},"modified":"2026-01-22T09:03:01","modified_gmt":"2026-01-22T09:03:01","slug":"advaita-bodha-deepika-leuchte-non-dualer-weisheit","status":"publish","type":"product","link":"https:\/\/openskypress.com\/de\/product\/advaita-bodha-deepika-leuchte-non-dualer-weisheit\/","title":{"rendered":"Advaita Bodha Deepika \u2013 Leuchte non-dualer Weisheit"},"content":{"rendered":"<div class=\"group w-full text-token-text-primary border-b border-black\/10 gizmo:border-0 dark:border-gray-900\/50 gizmo:dark:border-0 bg-gray-50 gizmo:bg-transparent dark:bg-[#444654] gizmo:dark:bg-transparent\" data-testid=\"conversation-turn-19\">\n<div class=\"p-4 gizmo:py-2 justify-center text-base md:gap-6 md:py-6 m-auto\">\n<div class=\"flex flex-1 gap-4 text-base mx-auto md:gap-6 gizmo:gap-3 gizmo:md:px-5 gizmo:lg:px-1 gizmo:xl:px-5 md:max-w-2xl lg:max-w-[38rem] gizmo:md:max-w-3xl gizmo:lg:max-w-[40rem] gizmo:xl:max-w-[48rem] xl:max-w-3xl }\">\n<div class=\"relative flex w-[calc(100%-50px)] flex-col gizmo:w-full lg:w-[calc(100%-115px)] agent-turn\">\n<div class=\"flex-col gap-1 md:gap-3\">\n<div class=\"flex flex-grow flex-col max-w-full gap-3 gizmo:gap-0\">\n<div class=\"min-h-[20px] flex flex-col items-start gap-3 whitespace-pre-wrap break-words overflow-x-auto\" data-message-author-role=\"assistant\" data-message-id=\"80a50239-e44d-433b-ace2-e0e935904883\">\n<div class=\"markdown prose w-full break-words dark:prose-invert light\">\n<p>Sri Karapatra Swami<br \/>\nDie Advaita Bodha Deepika, eine schriftliche Zusammenfassung des m\u00fcndlich \u00fcberlieferten hinduistischen Weisheitswissens der Vedanta-Philosophie, bietet wertvolle Unterst\u00fctzung f\u00fcr spirituelle Selbsterforscher und ist in Form eines Dialogs zwischen Sch\u00fcler und Meister verfasst, wobei Sri Ramana Maharshi, ein prominenter Vertreter des Advaita im Westen, dieses Werk aufgrund seiner Klarheit und Einfachheit als empfehlenswert f\u00fcr Suchende mit begrenztem Wissen \u00fcber hinduistische Philosophie lobt.<\/p>\n<p>Dieses Buch erscheint in der Reihe\u00a0<em>Klassische Weisheitstexte<\/em><\/p>\n<\/div>\n<\/div>\n<\/div>\n<\/div>\n<\/div>\n<\/div>\n<\/div>\n<\/div>\n\n    <div class=\"xs_social_share_widget xs_share_url after_content \t\tmain_content  wslu-style-1 wslu-share-box-shaped wslu-fill-colored wslu-none wslu-share-horizontal wslu-theme-font-no wslu-main_content\">\n\n\t\t\n        <ul>\n\t\t\t        <\/ul>\n    <\/div> \n","protected":false},"excerpt":{"rendered":"<p>Sri Karapatra Swami<br \/>\nDie Advaita Bodha Deepika, eine schriftliche Zusammenfassung des m\u00fcndlich \u00fcberlieferten hinduistischen Weisheitswissens der Vedanta-Philosophie, bietet wertvolle Unterst\u00fctzung f\u00fcr spirituelle Selbsterforscher und ist in Form eines Dialogs zwischen Sch\u00fcler und Meister verfasst, wobei Sri Ramana Maharshi, ein prominenter Vertreter des Advaita im Westen, dieses Werk aufgrund seiner Klarheit und Einfachheit als empfehlenswert f\u00fcr Suchende mit begrenztem Wissen \u00fcber hinduistische Philosophie lobt.<\/p>\n<p>Dieses Buch erscheint in der Reihe\u00a0<em>Klassische Weisheitstexte<\/em><\/p>\n","protected":false},"featured_media":12937,"comment_status":"open","ping_status":"closed","template":"","meta":{"postBodyCss":"","postBodyMargin":[],"postBodyPadding":[],"postBodyBackground":{"backgroundType":"classic","gradient":""}},"product_brand":[],"product_cat":[369,385],"product_tag":[],"class_list":{"0":"post-12936","1":"product","2":"type-product","3":"status-publish","4":"has-post-thumbnail","6":"product_cat-bucher","7":"product_cat-weitere-spirituelle-meister","9":"first","10":"outofstock","11":"taxable","12":"shipping-taxable","13":"purchasable","14":"product-type-simple"},"yoast_head":"<!-- This site is optimized with the Yoast SEO plugin v26.6 - https:\/\/yoast.com\/wordpress\/plugins\/seo\/ -->\n<title>Advaita Bodha Deepika \u2013 Leuchte non-dualer Weisheit - Spiritual Books &amp; Films Online Shop #1 | Open Sky Press DE<\/title>\n<meta name=\"robots\" content=\"index, follow, max-snippet:-1, max-image-preview:large, max-video-preview:-1\" \/>\n<link rel=\"canonical\" href=\"https:\/\/openskypress.com\/de\/product\/advaita-bodha-deepika-leuchte-non-dualer-weisheit\/\" \/>\n<meta property=\"og:locale\" content=\"de_DE\" \/>\n<meta property=\"og:type\" content=\"article\" \/>\n<meta property=\"og:title\" content=\"Advaita Bodha Deepika \u2013 Leuchte non-dualer Weisheit - Spiritual Books &amp; Films Online Shop #1 | Open Sky Press DE\" \/>\n<meta property=\"og:description\" content=\"Sri Karapatra Swami Die Advaita Bodha Deepika, eine schriftliche Zusammenfassung des m\u00fcndlich \u00fcberlieferten hinduistischen Weisheitswissens der Vedanta-Philosophie, bietet wertvolle Unterst\u00fctzung f\u00fcr spirituelle Selbsterforscher und ist in Form eines Dialogs zwischen Sch\u00fcler und Meister verfasst, wobei Sri Ramana Maharshi, ein prominenter Vertreter des Advaita im Westen, dieses Werk aufgrund seiner Klarheit und Einfachheit als empfehlenswert f\u00fcr Suchende mit begrenztem Wissen \u00fcber hinduistische Philosophie lobt.  Dieses Buch erscheint in der Reihe\u00a0Klassische Weisheitstexte\" \/>\n<meta property=\"og:url\" content=\"https:\/\/openskypress.com\/de\/product\/advaita-bodha-deepika-leuchte-non-dualer-weisheit\/\" \/>\n<meta property=\"og:site_name\" content=\"Spiritual Books &amp; Films Online Shop #1 | Open Sky Press DE\" \/>\n<meta property=\"article:modified_time\" content=\"2026-01-22T09:03:01+00:00\" \/>\n<meta property=\"og:image\" content=\"https:\/\/openskypress.com\/wp-content\/uploads\/2023\/11\/Screenshot-2023-11-06-at-18.59.30.png\" \/>\n\t<meta property=\"og:image:width\" content=\"582\" \/>\n\t<meta property=\"og:image:height\" content=\"882\" \/>\n\t<meta property=\"og:image:type\" content=\"image\/png\" \/>\n<meta name=\"twitter:card\" content=\"summary_large_image\" \/>\n<script type=\"application\/ld+json\" class=\"yoast-schema-graph\">{\"@context\":\"https:\/\/schema.org\",\"@graph\":[{\"@type\":\"WebPage\",\"@id\":\"https:\/\/openskypress.com\/de\/product\/advaita-bodha-deepika-leuchte-non-dualer-weisheit\/\",\"url\":\"https:\/\/openskypress.com\/de\/product\/advaita-bodha-deepika-leuchte-non-dualer-weisheit\/\",\"name\":\"Advaita Bodha Deepika \u2013 Leuchte non-dualer Weisheit - Spiritual Books &amp; Films Online Shop #1 | Open Sky Press DE\",\"isPartOf\":{\"@id\":\"https:\/\/openskypress.com\/#website\"},\"primaryImageOfPage\":{\"@id\":\"https:\/\/openskypress.com\/de\/product\/advaita-bodha-deepika-leuchte-non-dualer-weisheit\/#primaryimage\"},\"image\":{\"@id\":\"https:\/\/openskypress.com\/de\/product\/advaita-bodha-deepika-leuchte-non-dualer-weisheit\/#primaryimage\"},\"thumbnailUrl\":\"https:\/\/openskypress.com\/wp-content\/uploads\/2023\/11\/Screenshot-2023-11-06-at-18.59.30.png\",\"datePublished\":\"2023-11-06T18:02:24+00:00\",\"dateModified\":\"2026-01-22T09:03:01+00:00\",\"breadcrumb\":{\"@id\":\"https:\/\/openskypress.com\/de\/product\/advaita-bodha-deepika-leuchte-non-dualer-weisheit\/#breadcrumb\"},\"inLanguage\":\"de\",\"potentialAction\":[{\"@type\":\"ReadAction\",\"target\":[\"https:\/\/openskypress.com\/de\/product\/advaita-bodha-deepika-leuchte-non-dualer-weisheit\/\"]}]},{\"@type\":\"ImageObject\",\"inLanguage\":\"de\",\"@id\":\"https:\/\/openskypress.com\/de\/product\/advaita-bodha-deepika-leuchte-non-dualer-weisheit\/#primaryimage\",\"url\":\"https:\/\/openskypress.com\/wp-content\/uploads\/2023\/11\/Screenshot-2023-11-06-at-18.59.30.png\",\"contentUrl\":\"https:\/\/openskypress.com\/wp-content\/uploads\/2023\/11\/Screenshot-2023-11-06-at-18.59.30.png\",\"width\":582,\"height\":882},{\"@type\":\"BreadcrumbList\",\"@id\":\"https:\/\/openskypress.com\/de\/product\/advaita-bodha-deepika-leuchte-non-dualer-weisheit\/#breadcrumb\",\"itemListElement\":[{\"@type\":\"ListItem\",\"position\":1,\"name\":\"Home\",\"item\":\"https:\/\/openskypress.com\/es\/\"},{\"@type\":\"ListItem\",\"position\":2,\"name\":\"Shop\",\"item\":\"https:\/\/openskypress.com\/de\/shop\/\"},{\"@type\":\"ListItem\",\"position\":3,\"name\":\"Advaita Bodha Deepika \u2013 Leuchte non-dualer Weisheit\"}]},{\"@type\":\"WebSite\",\"@id\":\"https:\/\/openskypress.com\/#website\",\"url\":\"https:\/\/openskypress.com\/\",\"name\":\"Spiritual Books & Films Online Shop #1 | Open Sky Press\",\"description\":\"Best store of Books &amp; DVDs about Satsang, Indian &amp; Western philosophy &amp; yoga. Spiritual teachers talks about awakening, enlightenment and mindfulness\",\"publisher\":{\"@id\":\"https:\/\/openskypress.com\/#organization\"},\"potentialAction\":[{\"@type\":\"SearchAction\",\"target\":{\"@type\":\"EntryPoint\",\"urlTemplate\":\"https:\/\/openskypress.com\/?s={search_term_string}\"},\"query-input\":{\"@type\":\"PropertyValueSpecification\",\"valueRequired\":true,\"valueName\":\"search_term_string\"}}],\"inLanguage\":\"de\"},{\"@type\":\"Organization\",\"@id\":\"https:\/\/openskypress.com\/#organization\",\"name\":\"Spiritual Books & Films Online Shop #1 | Open Sky Press\",\"url\":\"https:\/\/openskypress.com\/\",\"logo\":{\"@type\":\"ImageObject\",\"inLanguage\":\"de\",\"@id\":\"https:\/\/openskypress.com\/#\/schema\/logo\/image\/\",\"url\":\"https:\/\/openskypress.com\/wp-content\/uploads\/2020\/02\/logo-osp-1.png\",\"contentUrl\":\"https:\/\/openskypress.com\/wp-content\/uploads\/2020\/02\/logo-osp-1.png\",\"width\":222,\"height\":219,\"caption\":\"Spiritual Books & Films Online Shop #1 | Open Sky Press\"},\"image\":{\"@id\":\"https:\/\/openskypress.com\/#\/schema\/logo\/image\/\"}}]}<\/script>\n<!-- \/ Yoast SEO plugin. -->","yoast_head_json":{"title":"Advaita Bodha Deepika \u2013 Leuchte non-dualer Weisheit - Spiritual Books &amp; Films Online Shop #1 | Open Sky Press DE","robots":{"index":"index","follow":"follow","max-snippet":"max-snippet:-1","max-image-preview":"max-image-preview:large","max-video-preview":"max-video-preview:-1"},"canonical":"https:\/\/openskypress.com\/de\/product\/advaita-bodha-deepika-leuchte-non-dualer-weisheit\/","og_locale":"de_DE","og_type":"article","og_title":"Advaita Bodha Deepika \u2013 Leuchte non-dualer Weisheit - Spiritual Books &amp; Films Online Shop #1 | Open Sky Press DE","og_description":"Sri Karapatra Swami Die Advaita Bodha Deepika, eine schriftliche Zusammenfassung des m\u00fcndlich \u00fcberlieferten hinduistischen Weisheitswissens der Vedanta-Philosophie, bietet wertvolle Unterst\u00fctzung f\u00fcr spirituelle Selbsterforscher und ist in Form eines Dialogs zwischen Sch\u00fcler und Meister verfasst, wobei Sri Ramana Maharshi, ein prominenter Vertreter des Advaita im Westen, dieses Werk aufgrund seiner Klarheit und Einfachheit als empfehlenswert f\u00fcr Suchende mit begrenztem Wissen \u00fcber hinduistische Philosophie lobt.  Dieses Buch erscheint in der Reihe\u00a0Klassische Weisheitstexte","og_url":"https:\/\/openskypress.com\/de\/product\/advaita-bodha-deepika-leuchte-non-dualer-weisheit\/","og_site_name":"Spiritual Books &amp; Films Online Shop #1 | Open Sky Press DE","article_modified_time":"2026-01-22T09:03:01+00:00","og_image":[{"width":582,"height":882,"url":"https:\/\/openskypress.com\/wp-content\/uploads\/2023\/11\/Screenshot-2023-11-06-at-18.59.30.png","type":"image\/png"}],"twitter_card":"summary_large_image","schema":{"@context":"https:\/\/schema.org","@graph":[{"@type":"WebPage","@id":"https:\/\/openskypress.com\/de\/product\/advaita-bodha-deepika-leuchte-non-dualer-weisheit\/","url":"https:\/\/openskypress.com\/de\/product\/advaita-bodha-deepika-leuchte-non-dualer-weisheit\/","name":"Advaita Bodha Deepika \u2013 Leuchte non-dualer Weisheit - Spiritual Books &amp; Films Online Shop #1 | Open Sky Press DE","isPartOf":{"@id":"https:\/\/openskypress.com\/#website"},"primaryImageOfPage":{"@id":"https:\/\/openskypress.com\/de\/product\/advaita-bodha-deepika-leuchte-non-dualer-weisheit\/#primaryimage"},"image":{"@id":"https:\/\/openskypress.com\/de\/product\/advaita-bodha-deepika-leuchte-non-dualer-weisheit\/#primaryimage"},"thumbnailUrl":"https:\/\/openskypress.com\/wp-content\/uploads\/2023\/11\/Screenshot-2023-11-06-at-18.59.30.png","datePublished":"2023-11-06T18:02:24+00:00","dateModified":"2026-01-22T09:03:01+00:00","breadcrumb":{"@id":"https:\/\/openskypress.com\/de\/product\/advaita-bodha-deepika-leuchte-non-dualer-weisheit\/#breadcrumb"},"inLanguage":"de","potentialAction":[{"@type":"ReadAction","target":["https:\/\/openskypress.com\/de\/product\/advaita-bodha-deepika-leuchte-non-dualer-weisheit\/"]}]},{"@type":"ImageObject","inLanguage":"de","@id":"https:\/\/openskypress.com\/de\/product\/advaita-bodha-deepika-leuchte-non-dualer-weisheit\/#primaryimage","url":"https:\/\/openskypress.com\/wp-content\/uploads\/2023\/11\/Screenshot-2023-11-06-at-18.59.30.png","contentUrl":"https:\/\/openskypress.com\/wp-content\/uploads\/2023\/11\/Screenshot-2023-11-06-at-18.59.30.png","width":582,"height":882},{"@type":"BreadcrumbList","@id":"https:\/\/openskypress.com\/de\/product\/advaita-bodha-deepika-leuchte-non-dualer-weisheit\/#breadcrumb","itemListElement":[{"@type":"ListItem","position":1,"name":"Home","item":"https:\/\/openskypress.com\/es\/"},{"@type":"ListItem","position":2,"name":"Shop","item":"https:\/\/openskypress.com\/de\/shop\/"},{"@type":"ListItem","position":3,"name":"Advaita Bodha Deepika \u2013 Leuchte non-dualer Weisheit"}]},{"@type":"WebSite","@id":"https:\/\/openskypress.com\/#website","url":"https:\/\/openskypress.com\/","name":"Spiritual Books & Films Online Shop #1 | Open Sky Press","description":"Best store of Books &amp; DVDs about Satsang, Indian &amp; Western philosophy &amp; yoga. Spiritual teachers talks about awakening, enlightenment and mindfulness","publisher":{"@id":"https:\/\/openskypress.com\/#organization"},"potentialAction":[{"@type":"SearchAction","target":{"@type":"EntryPoint","urlTemplate":"https:\/\/openskypress.com\/?s={search_term_string}"},"query-input":{"@type":"PropertyValueSpecification","valueRequired":true,"valueName":"search_term_string"}}],"inLanguage":"de"},{"@type":"Organization","@id":"https:\/\/openskypress.com\/#organization","name":"Spiritual Books & Films Online Shop #1 | Open Sky Press","url":"https:\/\/openskypress.com\/","logo":{"@type":"ImageObject","inLanguage":"de","@id":"https:\/\/openskypress.com\/#\/schema\/logo\/image\/","url":"https:\/\/openskypress.com\/wp-content\/uploads\/2020\/02\/logo-osp-1.png","contentUrl":"https:\/\/openskypress.com\/wp-content\/uploads\/2020\/02\/logo-osp-1.png","width":222,"height":219,"caption":"Spiritual Books & Films Online Shop #1 | Open Sky Press"},"image":{"@id":"https:\/\/openskypress.com\/#\/schema\/logo\/image\/"}}]}},"_links":{"self":[{"href":"https:\/\/openskypress.com\/de\/wp-json\/wp\/v2\/product\/12936","targetHints":{"allow":["GET"]}}],"collection":[{"href":"https:\/\/openskypress.com\/de\/wp-json\/wp\/v2\/product"}],"about":[{"href":"https:\/\/openskypress.com\/de\/wp-json\/wp\/v2\/types\/product"}],"replies":[{"embeddable":true,"href":"https:\/\/openskypress.com\/de\/wp-json\/wp\/v2\/comments?post=12936"}],"wp:featuredmedia":[{"embeddable":true,"href":"https:\/\/openskypress.com\/de\/wp-json\/wp\/v2\/media\/12937"}],"wp:attachment":[{"href":"https:\/\/openskypress.com\/de\/wp-json\/wp\/v2\/media?parent=12936"}],"wp:term":[{"taxonomy":"product_brand","embeddable":true,"href":"https:\/\/openskypress.com\/de\/wp-json\/wp\/v2\/product_brand?post=12936"},{"taxonomy":"product_cat","embeddable":true,"href":"https:\/\/openskypress.com\/de\/wp-json\/wp\/v2\/product_cat?post=12936"},{"taxonomy":"product_tag","embeddable":true,"href":"https:\/\/openskypress.com\/de\/wp-json\/wp\/v2\/product_tag?post=12936"}],"curies":[{"name":"wp","href":"https:\/\/api.w.org\/{rel}","templated":true}]}}