{"id":12926,"date":"2023-11-06T17:33:06","date_gmt":"2023-11-06T17:33:06","guid":{"rendered":"https:\/\/openskycharity.international\/?post_type=product&#038;p=12926"},"modified":"2026-01-22T09:03:02","modified_gmt":"2026-01-22T09:03:02","slug":"intelligenz-des-erwachens-2","status":"publish","type":"product","link":"https:\/\/openskypress.com\/de\/product\/intelligenz-des-erwachens-2\/","title":{"rendered":"Intelligenz des Erwachens"},"content":{"rendered":"<p>OM C. Parkin<\/p>\n<div class=\"group w-full text-token-text-primary border-b border-black\/10 gizmo:border-0 dark:border-gray-900\/50 gizmo:dark:border-0 bg-gray-50 gizmo:bg-transparent dark:bg-[#444654] gizmo:dark:bg-transparent\" data-testid=\"conversation-turn-15\">\n<div class=\"p-4 gizmo:py-2 justify-center text-base md:gap-6 md:py-6 m-auto\">\n<div class=\"flex flex-1 gap-4 text-base mx-auto md:gap-6 gizmo:gap-3 gizmo:md:px-5 gizmo:lg:px-1 gizmo:xl:px-5 md:max-w-2xl lg:max-w-[38rem] gizmo:md:max-w-3xl gizmo:lg:max-w-[40rem] gizmo:xl:max-w-[48rem] xl:max-w-3xl }\">\n<div class=\"relative flex w-[calc(100%-50px)] flex-col gizmo:w-full lg:w-[calc(100%-115px)] agent-turn\">\n<div class=\"flex-col gap-1 md:gap-3\">\n<div class=\"flex flex-grow flex-col max-w-full gap-3 gizmo:gap-0\">\n<div class=\"min-h-[20px] flex flex-col items-start gap-3 whitespace-pre-wrap break-words overflow-x-auto\" data-message-author-role=\"assistant\" data-message-id=\"9734eab3-d28a-46b2-8436-902fd7193c06\">\n<div class=\"markdown prose w-full break-words dark:prose-invert light\">\n<p>&#8222;Intelligenz des Erwachens \u2013 Die spirituelle Neugeburt des Menschen&#8220; ist ein Lehrbuch, das die Erkenntnis des SELBST und die wahre Natur des Menschen durch das innere Streben und das Studium der ewigen Philosophie vermittelt. Es beleuchtet den Weg zur Befreiung, den Menschen unabh\u00e4ngig von religi\u00f6sen Bindungen gehen k\u00f6nnen, um die Erkenntnis ihrer wahren Natur zu erlangen. In vier Kapiteln werden die Grundpfeiler dieses Pfades &#8211; das Studium des Geistes, das Verst\u00e4ndnis des Leidens, des inneren Weges selbst und des Lehrers des Weges &#8211; ausf\u00fchrlich erkl\u00e4rt. Die &#8222;Intelligenz des Erwachens&#8220; beschreibt die M\u00f6glichkeit der Transformation der menschlichen Existenz, die durch die Identifikation mit einem Ich gepr\u00e4gt ist, das vom begrenzten Verstand geschaffen wurde.<\/p>\n<\/div>\n<\/div>\n<\/div>\n<\/div>\n<\/div>\n<\/div>\n<\/div>\n<\/div>\n\n    <div class=\"xs_social_share_widget xs_share_url after_content \t\tmain_content  wslu-style-1 wslu-share-box-shaped wslu-fill-colored wslu-none wslu-share-horizontal wslu-theme-font-no wslu-main_content\">\n\n\t\t\n        <ul>\n\t\t\t        <\/ul>\n    <\/div> \n","protected":false},"excerpt":{"rendered":"<p>OM C. Parkin<\/p>\n<div class=\"group w-full text-token-text-primary border-b border-black\/10 gizmo:border-0 dark:border-gray-900\/50 gizmo:dark:border-0 bg-gray-50 gizmo:bg-transparent dark:bg-[#444654] gizmo:dark:bg-transparent\" data-testid=\"conversation-turn-15\">\n<div class=\"p-4 gizmo:py-2 justify-center text-base md:gap-6 md:py-6 m-auto\">\n<div class=\"flex flex-1 gap-4 text-base mx-auto md:gap-6 gizmo:gap-3 gizmo:md:px-5 gizmo:lg:px-1 gizmo:xl:px-5 md:max-w-2xl lg:max-w-[38rem] gizmo:md:max-w-3xl gizmo:lg:max-w-[40rem] gizmo:xl:max-w-[48rem] xl:max-w-3xl }\">\n<div class=\"relative flex w-[calc(100%-50px)] flex-col gizmo:w-full lg:w-[calc(100%-115px)] agent-turn\">\n<div class=\"flex-col gap-1 md:gap-3\">\n<div class=\"flex flex-grow flex-col max-w-full gap-3 gizmo:gap-0\">\n<div class=\"min-h-[20px] flex flex-col items-start gap-3 whitespace-pre-wrap break-words overflow-x-auto\" data-message-author-role=\"assistant\" data-message-id=\"9734eab3-d28a-46b2-8436-902fd7193c06\">\n<div class=\"markdown prose w-full break-words dark:prose-invert light\">\n<p>&#8222;Intelligenz des Erwachens \u2013 Die spirituelle Neugeburt des Menschen&#8220; ist ein Lehrbuch, das die Erkenntnis des SELBST und die wahre Natur des Menschen durch das innere Streben und das Studium der ewigen Philosophie vermittelt. Es beleuchtet den Weg zur Befreiung, den Menschen unabh\u00e4ngig von religi\u00f6sen Bindungen gehen k\u00f6nnen, um die Erkenntnis ihrer wahren Natur zu erlangen. In vier Kapiteln werden die Grundpfeiler dieses Pfades &#8211; das Studium des Geistes, das Verst\u00e4ndnis des Leidens, des inneren Weges selbst und des Lehrers des Weges &#8211; ausf\u00fchrlich erkl\u00e4rt. Die &#8222;Intelligenz des Erwachens&#8220; beschreibt die M\u00f6glichkeit der Transformation der menschlichen Existenz, die durch die Identifikation mit einem Ich gepr\u00e4gt ist, das vom begrenzten Verstand geschaffen wurde.<\/p>\n<\/div>\n<\/div>\n<\/div>\n<\/div>\n<\/div>\n<\/div>\n<\/div>\n<\/div>\n","protected":false},"featured_media":12927,"comment_status":"open","ping_status":"closed","template":"","meta":{"postBodyCss":"","postBodyMargin":[],"postBodyPadding":[],"postBodyBackground":{"backgroundType":"classic","gradient":""}},"product_brand":[],"product_cat":[1246,369,385],"product_tag":[],"class_list":{"0":"post-12926","1":"product","2":"type-product","3":"status-publish","4":"has-post-thumbnail","6":"product_cat-westliche-meister","7":"product_cat-bucher","8":"product_cat-weitere-spirituelle-meister","10":"first","11":"outofstock","12":"taxable","13":"shipping-taxable","14":"purchasable","15":"product-type-simple"},"yoast_head":"<!-- This site is optimized with the Yoast SEO plugin v26.6 - https:\/\/yoast.com\/wordpress\/plugins\/seo\/ -->\n<title>Intelligenz des Erwachens - Spiritual Books &amp; Films Online Shop #1 | Open Sky Press DE<\/title>\n<meta name=\"robots\" content=\"index, follow, max-snippet:-1, max-image-preview:large, max-video-preview:-1\" \/>\n<link rel=\"canonical\" href=\"https:\/\/openskypress.com\/de\/product\/intelligenz-des-erwachens-2\/\" \/>\n<meta property=\"og:locale\" content=\"de_DE\" \/>\n<meta property=\"og:type\" content=\"article\" \/>\n<meta property=\"og:title\" content=\"Intelligenz des Erwachens - Spiritual Books &amp; Films Online Shop #1 | Open Sky Press DE\" \/>\n<meta property=\"og:description\" content=\"OM C. Parkin          &quot;Intelligenz des Erwachens \u2013 Die spirituelle Neugeburt des Menschen&quot; ist ein Lehrbuch, das die Erkenntnis des SELBST und die wahre Natur des Menschen durch das innere Streben und das Studium der ewigen Philosophie vermittelt. Es beleuchtet den Weg zur Befreiung, den Menschen unabh\u00e4ngig von religi\u00f6sen Bindungen gehen k\u00f6nnen, um die Erkenntnis ihrer wahren Natur zu erlangen. In vier Kapiteln werden die Grundpfeiler dieses Pfades - das Studium des Geistes, das Verst\u00e4ndnis des Leidens, des inneren Weges selbst und des Lehrers des Weges - ausf\u00fchrlich erkl\u00e4rt. Die &quot;Intelligenz des Erwachens&quot; beschreibt die M\u00f6glichkeit der Transformation der menschlichen Existenz, die durch die Identifikation mit einem Ich gepr\u00e4gt ist, das vom begrenzten Verstand geschaffen wurde.\" \/>\n<meta property=\"og:url\" content=\"https:\/\/openskypress.com\/de\/product\/intelligenz-des-erwachens-2\/\" \/>\n<meta property=\"og:site_name\" content=\"Spiritual Books &amp; Films Online Shop #1 | Open Sky Press DE\" \/>\n<meta property=\"article:modified_time\" content=\"2026-01-22T09:03:02+00:00\" \/>\n<meta property=\"og:image\" content=\"https:\/\/openskypress.com\/wp-content\/uploads\/2023\/11\/Screenshot-2023-11-06-at-18.31.22.png\" \/>\n\t<meta property=\"og:image:width\" content=\"880\" \/>\n\t<meta property=\"og:image:height\" content=\"1382\" \/>\n\t<meta property=\"og:image:type\" content=\"image\/png\" \/>\n<meta name=\"twitter:card\" content=\"summary_large_image\" \/>\n<meta name=\"twitter:label1\" content=\"Gesch\u00e4tzte Lesezeit\" \/>\n\t<meta name=\"twitter:data1\" content=\"1\u00a0Minute\" \/>\n<script type=\"application\/ld+json\" class=\"yoast-schema-graph\">{\"@context\":\"https:\/\/schema.org\",\"@graph\":[{\"@type\":\"WebPage\",\"@id\":\"https:\/\/openskypress.com\/de\/product\/intelligenz-des-erwachens-2\/\",\"url\":\"https:\/\/openskypress.com\/de\/product\/intelligenz-des-erwachens-2\/\",\"name\":\"Intelligenz des Erwachens - Spiritual Books &amp; Films Online Shop #1 | Open Sky Press DE\",\"isPartOf\":{\"@id\":\"https:\/\/openskypress.com\/#website\"},\"primaryImageOfPage\":{\"@id\":\"https:\/\/openskypress.com\/de\/product\/intelligenz-des-erwachens-2\/#primaryimage\"},\"image\":{\"@id\":\"https:\/\/openskypress.com\/de\/product\/intelligenz-des-erwachens-2\/#primaryimage\"},\"thumbnailUrl\":\"https:\/\/openskypress.com\/wp-content\/uploads\/2023\/11\/Screenshot-2023-11-06-at-18.31.22.png\",\"datePublished\":\"2023-11-06T17:33:06+00:00\",\"dateModified\":\"2026-01-22T09:03:02+00:00\",\"breadcrumb\":{\"@id\":\"https:\/\/openskypress.com\/de\/product\/intelligenz-des-erwachens-2\/#breadcrumb\"},\"inLanguage\":\"de\",\"potentialAction\":[{\"@type\":\"ReadAction\",\"target\":[\"https:\/\/openskypress.com\/de\/product\/intelligenz-des-erwachens-2\/\"]}]},{\"@type\":\"ImageObject\",\"inLanguage\":\"de\",\"@id\":\"https:\/\/openskypress.com\/de\/product\/intelligenz-des-erwachens-2\/#primaryimage\",\"url\":\"https:\/\/openskypress.com\/wp-content\/uploads\/2023\/11\/Screenshot-2023-11-06-at-18.31.22.png\",\"contentUrl\":\"https:\/\/openskypress.com\/wp-content\/uploads\/2023\/11\/Screenshot-2023-11-06-at-18.31.22.png\",\"width\":880,\"height\":1382},{\"@type\":\"BreadcrumbList\",\"@id\":\"https:\/\/openskypress.com\/de\/product\/intelligenz-des-erwachens-2\/#breadcrumb\",\"itemListElement\":[{\"@type\":\"ListItem\",\"position\":1,\"name\":\"Home\",\"item\":\"https:\/\/openskypress.com\/es\/\"},{\"@type\":\"ListItem\",\"position\":2,\"name\":\"Shop\",\"item\":\"https:\/\/openskypress.com\/de\/shop\/\"},{\"@type\":\"ListItem\",\"position\":3,\"name\":\"Intelligenz des Erwachens\"}]},{\"@type\":\"WebSite\",\"@id\":\"https:\/\/openskypress.com\/#website\",\"url\":\"https:\/\/openskypress.com\/\",\"name\":\"Spiritual Books & Films Online Shop #1 | Open Sky Press\",\"description\":\"Best store of Books &amp; DVDs about Satsang, Indian &amp; Western philosophy &amp; yoga. Spiritual teachers talks about awakening, enlightenment and mindfulness\",\"publisher\":{\"@id\":\"https:\/\/openskypress.com\/#organization\"},\"potentialAction\":[{\"@type\":\"SearchAction\",\"target\":{\"@type\":\"EntryPoint\",\"urlTemplate\":\"https:\/\/openskypress.com\/?s={search_term_string}\"},\"query-input\":{\"@type\":\"PropertyValueSpecification\",\"valueRequired\":true,\"valueName\":\"search_term_string\"}}],\"inLanguage\":\"de\"},{\"@type\":\"Organization\",\"@id\":\"https:\/\/openskypress.com\/#organization\",\"name\":\"Spiritual Books & Films Online Shop #1 | Open Sky Press\",\"url\":\"https:\/\/openskypress.com\/\",\"logo\":{\"@type\":\"ImageObject\",\"inLanguage\":\"de\",\"@id\":\"https:\/\/openskypress.com\/#\/schema\/logo\/image\/\",\"url\":\"https:\/\/openskypress.com\/wp-content\/uploads\/2020\/02\/logo-osp-1.png\",\"contentUrl\":\"https:\/\/openskypress.com\/wp-content\/uploads\/2020\/02\/logo-osp-1.png\",\"width\":222,\"height\":219,\"caption\":\"Spiritual Books & Films Online Shop #1 | Open Sky Press\"},\"image\":{\"@id\":\"https:\/\/openskypress.com\/#\/schema\/logo\/image\/\"}}]}<\/script>\n<!-- \/ Yoast SEO plugin. -->","yoast_head_json":{"title":"Intelligenz des Erwachens - Spiritual Books &amp; Films Online Shop #1 | Open Sky Press DE","robots":{"index":"index","follow":"follow","max-snippet":"max-snippet:-1","max-image-preview":"max-image-preview:large","max-video-preview":"max-video-preview:-1"},"canonical":"https:\/\/openskypress.com\/de\/product\/intelligenz-des-erwachens-2\/","og_locale":"de_DE","og_type":"article","og_title":"Intelligenz des Erwachens - Spiritual Books &amp; Films Online Shop #1 | Open Sky Press DE","og_description":"OM C. Parkin          \"Intelligenz des Erwachens \u2013 Die spirituelle Neugeburt des Menschen\" ist ein Lehrbuch, das die Erkenntnis des SELBST und die wahre Natur des Menschen durch das innere Streben und das Studium der ewigen Philosophie vermittelt. Es beleuchtet den Weg zur Befreiung, den Menschen unabh\u00e4ngig von religi\u00f6sen Bindungen gehen k\u00f6nnen, um die Erkenntnis ihrer wahren Natur zu erlangen. In vier Kapiteln werden die Grundpfeiler dieses Pfades - das Studium des Geistes, das Verst\u00e4ndnis des Leidens, des inneren Weges selbst und des Lehrers des Weges - ausf\u00fchrlich erkl\u00e4rt. Die \"Intelligenz des Erwachens\" beschreibt die M\u00f6glichkeit der Transformation der menschlichen Existenz, die durch die Identifikation mit einem Ich gepr\u00e4gt ist, das vom begrenzten Verstand geschaffen wurde.","og_url":"https:\/\/openskypress.com\/de\/product\/intelligenz-des-erwachens-2\/","og_site_name":"Spiritual Books &amp; Films Online Shop #1 | Open Sky Press DE","article_modified_time":"2026-01-22T09:03:02+00:00","og_image":[{"width":880,"height":1382,"url":"https:\/\/openskypress.com\/wp-content\/uploads\/2023\/11\/Screenshot-2023-11-06-at-18.31.22.png","type":"image\/png"}],"twitter_card":"summary_large_image","twitter_misc":{"Gesch\u00e4tzte Lesezeit":"1\u00a0Minute"},"schema":{"@context":"https:\/\/schema.org","@graph":[{"@type":"WebPage","@id":"https:\/\/openskypress.com\/de\/product\/intelligenz-des-erwachens-2\/","url":"https:\/\/openskypress.com\/de\/product\/intelligenz-des-erwachens-2\/","name":"Intelligenz des Erwachens - Spiritual Books &amp; Films Online Shop #1 | Open Sky Press DE","isPartOf":{"@id":"https:\/\/openskypress.com\/#website"},"primaryImageOfPage":{"@id":"https:\/\/openskypress.com\/de\/product\/intelligenz-des-erwachens-2\/#primaryimage"},"image":{"@id":"https:\/\/openskypress.com\/de\/product\/intelligenz-des-erwachens-2\/#primaryimage"},"thumbnailUrl":"https:\/\/openskypress.com\/wp-content\/uploads\/2023\/11\/Screenshot-2023-11-06-at-18.31.22.png","datePublished":"2023-11-06T17:33:06+00:00","dateModified":"2026-01-22T09:03:02+00:00","breadcrumb":{"@id":"https:\/\/openskypress.com\/de\/product\/intelligenz-des-erwachens-2\/#breadcrumb"},"inLanguage":"de","potentialAction":[{"@type":"ReadAction","target":["https:\/\/openskypress.com\/de\/product\/intelligenz-des-erwachens-2\/"]}]},{"@type":"ImageObject","inLanguage":"de","@id":"https:\/\/openskypress.com\/de\/product\/intelligenz-des-erwachens-2\/#primaryimage","url":"https:\/\/openskypress.com\/wp-content\/uploads\/2023\/11\/Screenshot-2023-11-06-at-18.31.22.png","contentUrl":"https:\/\/openskypress.com\/wp-content\/uploads\/2023\/11\/Screenshot-2023-11-06-at-18.31.22.png","width":880,"height":1382},{"@type":"BreadcrumbList","@id":"https:\/\/openskypress.com\/de\/product\/intelligenz-des-erwachens-2\/#breadcrumb","itemListElement":[{"@type":"ListItem","position":1,"name":"Home","item":"https:\/\/openskypress.com\/es\/"},{"@type":"ListItem","position":2,"name":"Shop","item":"https:\/\/openskypress.com\/de\/shop\/"},{"@type":"ListItem","position":3,"name":"Intelligenz des Erwachens"}]},{"@type":"WebSite","@id":"https:\/\/openskypress.com\/#website","url":"https:\/\/openskypress.com\/","name":"Spiritual Books & Films Online Shop #1 | Open Sky Press","description":"Best store of Books &amp; DVDs about Satsang, Indian &amp; Western philosophy &amp; yoga. Spiritual teachers talks about awakening, enlightenment and mindfulness","publisher":{"@id":"https:\/\/openskypress.com\/#organization"},"potentialAction":[{"@type":"SearchAction","target":{"@type":"EntryPoint","urlTemplate":"https:\/\/openskypress.com\/?s={search_term_string}"},"query-input":{"@type":"PropertyValueSpecification","valueRequired":true,"valueName":"search_term_string"}}],"inLanguage":"de"},{"@type":"Organization","@id":"https:\/\/openskypress.com\/#organization","name":"Spiritual Books & Films Online Shop #1 | Open Sky Press","url":"https:\/\/openskypress.com\/","logo":{"@type":"ImageObject","inLanguage":"de","@id":"https:\/\/openskypress.com\/#\/schema\/logo\/image\/","url":"https:\/\/openskypress.com\/wp-content\/uploads\/2020\/02\/logo-osp-1.png","contentUrl":"https:\/\/openskypress.com\/wp-content\/uploads\/2020\/02\/logo-osp-1.png","width":222,"height":219,"caption":"Spiritual Books & Films Online Shop #1 | Open Sky Press"},"image":{"@id":"https:\/\/openskypress.com\/#\/schema\/logo\/image\/"}}]}},"_links":{"self":[{"href":"https:\/\/openskypress.com\/de\/wp-json\/wp\/v2\/product\/12926","targetHints":{"allow":["GET"]}}],"collection":[{"href":"https:\/\/openskypress.com\/de\/wp-json\/wp\/v2\/product"}],"about":[{"href":"https:\/\/openskypress.com\/de\/wp-json\/wp\/v2\/types\/product"}],"replies":[{"embeddable":true,"href":"https:\/\/openskypress.com\/de\/wp-json\/wp\/v2\/comments?post=12926"}],"wp:featuredmedia":[{"embeddable":true,"href":"https:\/\/openskypress.com\/de\/wp-json\/wp\/v2\/media\/12927"}],"wp:attachment":[{"href":"https:\/\/openskypress.com\/de\/wp-json\/wp\/v2\/media?parent=12926"}],"wp:term":[{"taxonomy":"product_brand","embeddable":true,"href":"https:\/\/openskypress.com\/de\/wp-json\/wp\/v2\/product_brand?post=12926"},{"taxonomy":"product_cat","embeddable":true,"href":"https:\/\/openskypress.com\/de\/wp-json\/wp\/v2\/product_cat?post=12926"},{"taxonomy":"product_tag","embeddable":true,"href":"https:\/\/openskypress.com\/de\/wp-json\/wp\/v2\/product_tag?post=12926"}],"curies":[{"name":"wp","href":"https:\/\/api.w.org\/{rel}","templated":true}]}}