{"id":12656,"date":"2023-02-07T16:21:03","date_gmt":"2023-02-07T16:21:03","guid":{"rendered":"https:\/\/openskycharity.international\/?post_type=product&#038;p=12656"},"modified":"2026-01-22T09:03:46","modified_gmt":"2026-01-22T09:03:46","slug":"spirituelle-meisterschaft-lehrer-und-schueler-auf-dem-inneren-weg","status":"publish","type":"product","link":"https:\/\/openskypress.com\/de\/product\/spirituelle-meisterschaft-lehrer-und-schueler-auf-dem-inneren-weg\/","title":{"rendered":"Spirituelle Meisterschaft: Lehrer und Sch\u00fcler auf dem inneren Weg"},"content":{"rendered":"<p><span class=\"a-list-item\"><span class=\"a-text-bold\">Publisher \u200f : \u200e <\/span>advaitaMedia (9 May 2019)<\/span><\/p>\n<p><span class=\"a-list-item\"><span class=\"a-text-bold\">Language \u200f : \u200e <\/span>German<\/span><\/p>\n<p><span class=\"a-list-item\"><span class=\"a-text-bold\">Hardcover \u200f : \u200e <\/span>358 pages<\/span><\/p>\n<p><span class=\"a-list-item\"><span class=\"a-text-bold\">ISBN-13 \u200f : \u200e <\/span>978-3936718553<\/span><\/p>\n<p align=\"justify\">Der Autor bietet tiefgr\u00fcndige Anleitung f\u00fcr den ernsthaft interessierten Menschen des spirituellen Weges an. Pr\u00e4zise und mit unbestechlicher Unterscheidungskraft beschreibt er unter anderem die kollektiven \u201aL\u00f6cher\u2018 in der Entwicklung des abendl\u00e4ndischen Bewusstseins und mit welch gravierenden Missverst\u00e4ndnissen ein Suchender deshalb zu rechnen hat. Missverst\u00e4ndnisse und Unwissenheit dar\u00fcber, was ein spiritueller Meister \u00fcberhaupt ist (existiert in unserer Kultur praktisch nicht), dar\u00fcber, wie die Natur des Inneren Weges beschaffen ist und dar\u00fcber, was unter \u201awahrem Menschsein\u2018, \u201aHeilung\u2018 und \u201aWachstum\u2018 eigentlich zu verstehen ist. Gro\u00dfe Unwissenheit zeigt sich im Geist westlicher Suchender h\u00e4ufig auch, wenn es um die Bedeutung verbindlicher Sch\u00fclerschaft auf dem inneren Weg geht.<\/p>\n<p align=\"justify\">Was unterscheidet OM C. Parkins Lehre von vielen anderen spirituellen Ans\u00e4tzen? Weder folgt er den Jahrtausende alten j\u00fcdisch-christlichen reinen Aufstiegslehren, noch der regressiven Spiritualit\u00e4t des New Age, sondern er lehrt konsequent den \u201aParadoxen Weg\u2018, von ihm als Integraler Yoga bezeichnet.<\/p>\n<p align=\"justify\">Der Meister transzendiert alle relativen Wahrheiten und gibt die Sicht auf die Eine, die absolute Wahrheit frei. Eine wahrhaft radikale Wegweisung!<\/p>\n\n    <div class=\"xs_social_share_widget xs_share_url after_content \t\tmain_content  wslu-style-1 wslu-share-box-shaped wslu-fill-colored wslu-none wslu-share-horizontal wslu-theme-font-no wslu-main_content\">\n\n\t\t\n        <ul>\n\t\t\t        <\/ul>\n    <\/div> \n","protected":false},"excerpt":{"rendered":"<p align=\"justify\">Der Autor bietet tiefgr\u00fcndige Anleitung f\u00fcr den ernsthaft interessierten Menschen des spirituellen Weges an. Pr\u00e4zise und mit unbestechlicher Unterscheidungskraft beschreibt er unter anderem die kollektiven \u201aL\u00f6cher\u2018 in der Entwicklung des abendl\u00e4ndischen Bewusstseins und mit welch gravierenden Missverst\u00e4ndnissen ein Suchender deshalb zu rechnen hat.<\/p>\n","protected":false},"featured_media":12657,"comment_status":"open","ping_status":"closed","template":"","meta":{"postBodyCss":"","postBodyMargin":[],"postBodyPadding":[],"postBodyBackground":{"backgroundType":"classic","gradient":""}},"product_brand":[],"product_cat":[369,385,1246],"product_tag":[],"class_list":{"0":"post-12656","1":"product","2":"type-product","3":"status-publish","4":"has-post-thumbnail","6":"product_cat-bucher","7":"product_cat-weitere-spirituelle-meister","8":"product_cat-westliche-meister","10":"first","11":"instock","12":"taxable","13":"shipping-taxable","14":"purchasable","15":"product-type-simple"},"yoast_head":"<!-- This site is optimized with the Yoast SEO plugin v27.6 - https:\/\/yoast.com\/product\/yoast-seo-wordpress\/ -->\n<title>Spirituelle Meisterschaft: Lehrer und Sch\u00fcler auf dem inneren Weg - Spiritual Books &amp; Films Online Shop #1 | Open Sky Press DE<\/title>\n<meta name=\"robots\" content=\"index, follow, max-snippet:-1, max-image-preview:large, max-video-preview:-1\" \/>\n<link rel=\"canonical\" href=\"https:\/\/openskypress.com\/de\/product\/spirituelle-meisterschaft-lehrer-und-schueler-auf-dem-inneren-weg\/\" \/>\n<meta property=\"og:locale\" content=\"de_DE\" \/>\n<meta property=\"og:type\" content=\"article\" \/>\n<meta property=\"og:title\" content=\"Spirituelle Meisterschaft: Lehrer und Sch\u00fcler auf dem inneren Weg - Spiritual Books &amp; Films Online Shop #1 | Open Sky Press DE\" \/>\n<meta property=\"og:description\" content=\"Der Autor bietet tiefgr\u00fcndige Anleitung f\u00fcr den ernsthaft interessierten Menschen des spirituellen Weges an. Pr\u00e4zise und mit unbestechlicher Unterscheidungskraft beschreibt er unter anderem die kollektiven \u201aL\u00f6cher\u2018 in der Entwicklung des abendl\u00e4ndischen Bewusstseins und mit welch gravierenden Missverst\u00e4ndnissen ein Suchender deshalb zu rechnen hat.\" \/>\n<meta property=\"og:url\" content=\"https:\/\/openskypress.com\/de\/product\/spirituelle-meisterschaft-lehrer-und-schueler-auf-dem-inneren-weg\/\" \/>\n<meta property=\"og:site_name\" content=\"Spiritual Books &amp; Films Online Shop #1 | Open Sky Press DE\" \/>\n<meta property=\"article:modified_time\" content=\"2026-01-22T09:03:46+00:00\" \/>\n<meta property=\"og:image\" content=\"https:\/\/openskypress.com\/wp-content\/uploads\/2023\/02\/91JqoXA2kHL.jpg\" \/>\n\t<meta property=\"og:image:width\" content=\"1736\" \/>\n\t<meta property=\"og:image:height\" content=\"2560\" \/>\n\t<meta property=\"og:image:type\" content=\"image\/jpeg\" \/>\n<meta name=\"twitter:card\" content=\"summary_large_image\" \/>\n<meta name=\"twitter:label1\" content=\"Gesch\u00e4tzte Lesezeit\" \/>\n\t<meta name=\"twitter:data1\" content=\"1\u00a0Minute\" \/>\n<script type=\"application\/ld+json\" class=\"yoast-schema-graph\">{\"@context\":\"https:\\\/\\\/schema.org\",\"@graph\":[{\"@type\":\"WebPage\",\"@id\":\"https:\\\/\\\/openskypress.com\\\/de\\\/product\\\/spirituelle-meisterschaft-lehrer-und-schueler-auf-dem-inneren-weg\\\/\",\"url\":\"https:\\\/\\\/openskypress.com\\\/de\\\/product\\\/spirituelle-meisterschaft-lehrer-und-schueler-auf-dem-inneren-weg\\\/\",\"name\":\"Spirituelle Meisterschaft: Lehrer und Sch\u00fcler auf dem inneren Weg - Spiritual Books &amp; Films Online Shop #1 | Open Sky Press DE\",\"isPartOf\":{\"@id\":\"https:\\\/\\\/openskypress.com\\\/#website\"},\"primaryImageOfPage\":{\"@id\":\"https:\\\/\\\/openskypress.com\\\/de\\\/product\\\/spirituelle-meisterschaft-lehrer-und-schueler-auf-dem-inneren-weg\\\/#primaryimage\"},\"image\":{\"@id\":\"https:\\\/\\\/openskypress.com\\\/de\\\/product\\\/spirituelle-meisterschaft-lehrer-und-schueler-auf-dem-inneren-weg\\\/#primaryimage\"},\"thumbnailUrl\":\"https:\\\/\\\/openskypress.com\\\/wp-content\\\/uploads\\\/2023\\\/02\\\/91JqoXA2kHL.jpg\",\"datePublished\":\"2023-02-07T16:21:03+00:00\",\"dateModified\":\"2026-01-22T09:03:46+00:00\",\"breadcrumb\":{\"@id\":\"https:\\\/\\\/openskypress.com\\\/de\\\/product\\\/spirituelle-meisterschaft-lehrer-und-schueler-auf-dem-inneren-weg\\\/#breadcrumb\"},\"inLanguage\":\"de\",\"potentialAction\":[{\"@type\":\"ReadAction\",\"target\":[\"https:\\\/\\\/openskypress.com\\\/de\\\/product\\\/spirituelle-meisterschaft-lehrer-und-schueler-auf-dem-inneren-weg\\\/\"]}]},{\"@type\":\"ImageObject\",\"inLanguage\":\"de\",\"@id\":\"https:\\\/\\\/openskypress.com\\\/de\\\/product\\\/spirituelle-meisterschaft-lehrer-und-schueler-auf-dem-inneren-weg\\\/#primaryimage\",\"url\":\"https:\\\/\\\/openskypress.com\\\/wp-content\\\/uploads\\\/2023\\\/02\\\/91JqoXA2kHL.jpg\",\"contentUrl\":\"https:\\\/\\\/openskypress.com\\\/wp-content\\\/uploads\\\/2023\\\/02\\\/91JqoXA2kHL.jpg\",\"width\":1736,\"height\":2560},{\"@type\":\"BreadcrumbList\",\"@id\":\"https:\\\/\\\/openskypress.com\\\/de\\\/product\\\/spirituelle-meisterschaft-lehrer-und-schueler-auf-dem-inneren-weg\\\/#breadcrumb\",\"itemListElement\":[{\"@type\":\"ListItem\",\"position\":1,\"name\":\"Home\",\"item\":\"https:\\\/\\\/openskypress.com\\\/de\\\/\"},{\"@type\":\"ListItem\",\"position\":2,\"name\":\"Shop\",\"item\":\"https:\\\/\\\/openskypress.com\\\/de\\\/shop\\\/\"},{\"@type\":\"ListItem\",\"position\":3,\"name\":\"Spirituelle Meisterschaft: Lehrer und Sch\u00fcler auf dem inneren Weg\"}]},{\"@type\":\"WebSite\",\"@id\":\"https:\\\/\\\/openskypress.com\\\/#website\",\"url\":\"https:\\\/\\\/openskypress.com\\\/\",\"name\":\"Spiritual Books & Films Online Shop #1 | Open Sky Press\",\"description\":\"Best store of Books &amp; DVDs about Satsang, Indian &amp; Western philosophy &amp; yoga. Spiritual teachers talks about awakening, enlightenment and mindfulness\",\"publisher\":{\"@id\":\"https:\\\/\\\/openskypress.com\\\/#organization\"},\"potentialAction\":[{\"@type\":\"SearchAction\",\"target\":{\"@type\":\"EntryPoint\",\"urlTemplate\":\"https:\\\/\\\/openskypress.com\\\/?s={search_term_string}\"},\"query-input\":{\"@type\":\"PropertyValueSpecification\",\"valueRequired\":true,\"valueName\":\"search_term_string\"}}],\"inLanguage\":\"de\"},{\"@type\":\"Organization\",\"@id\":\"https:\\\/\\\/openskypress.com\\\/#organization\",\"name\":\"Spiritual Books & Films Online Shop #1 | Open Sky Press\",\"url\":\"https:\\\/\\\/openskypress.com\\\/\",\"logo\":{\"@type\":\"ImageObject\",\"inLanguage\":\"de\",\"@id\":\"https:\\\/\\\/openskypress.com\\\/#\\\/schema\\\/logo\\\/image\\\/\",\"url\":\"https:\\\/\\\/openskypress.com\\\/wp-content\\\/uploads\\\/2020\\\/02\\\/logo-osp-1.png\",\"contentUrl\":\"https:\\\/\\\/openskypress.com\\\/wp-content\\\/uploads\\\/2020\\\/02\\\/logo-osp-1.png\",\"width\":222,\"height\":219,\"caption\":\"Spiritual Books & Films Online Shop #1 | Open Sky Press\"},\"image\":{\"@id\":\"https:\\\/\\\/openskypress.com\\\/#\\\/schema\\\/logo\\\/image\\\/\"}}]}<\/script>\n<!-- \/ Yoast SEO plugin. -->","yoast_head_json":{"title":"Spirituelle Meisterschaft: Lehrer und Sch\u00fcler auf dem inneren Weg - Spiritual Books &amp; Films Online Shop #1 | Open Sky Press DE","robots":{"index":"index","follow":"follow","max-snippet":"max-snippet:-1","max-image-preview":"max-image-preview:large","max-video-preview":"max-video-preview:-1"},"canonical":"https:\/\/openskypress.com\/de\/product\/spirituelle-meisterschaft-lehrer-und-schueler-auf-dem-inneren-weg\/","og_locale":"de_DE","og_type":"article","og_title":"Spirituelle Meisterschaft: Lehrer und Sch\u00fcler auf dem inneren Weg - Spiritual Books &amp; Films Online Shop #1 | Open Sky Press DE","og_description":"Der Autor bietet tiefgr\u00fcndige Anleitung f\u00fcr den ernsthaft interessierten Menschen des spirituellen Weges an. Pr\u00e4zise und mit unbestechlicher Unterscheidungskraft beschreibt er unter anderem die kollektiven \u201aL\u00f6cher\u2018 in der Entwicklung des abendl\u00e4ndischen Bewusstseins und mit welch gravierenden Missverst\u00e4ndnissen ein Suchender deshalb zu rechnen hat.","og_url":"https:\/\/openskypress.com\/de\/product\/spirituelle-meisterschaft-lehrer-und-schueler-auf-dem-inneren-weg\/","og_site_name":"Spiritual Books &amp; Films Online Shop #1 | Open Sky Press DE","article_modified_time":"2026-01-22T09:03:46+00:00","og_image":[{"width":1736,"height":2560,"url":"https:\/\/openskypress.com\/wp-content\/uploads\/2023\/02\/91JqoXA2kHL.jpg","type":"image\/jpeg"}],"twitter_card":"summary_large_image","twitter_misc":{"Gesch\u00e4tzte Lesezeit":"1\u00a0Minute"},"schema":{"@context":"https:\/\/schema.org","@graph":[{"@type":"WebPage","@id":"https:\/\/openskypress.com\/de\/product\/spirituelle-meisterschaft-lehrer-und-schueler-auf-dem-inneren-weg\/","url":"https:\/\/openskypress.com\/de\/product\/spirituelle-meisterschaft-lehrer-und-schueler-auf-dem-inneren-weg\/","name":"Spirituelle Meisterschaft: Lehrer und Sch\u00fcler auf dem inneren Weg - Spiritual Books &amp; Films Online Shop #1 | Open Sky Press DE","isPartOf":{"@id":"https:\/\/openskypress.com\/#website"},"primaryImageOfPage":{"@id":"https:\/\/openskypress.com\/de\/product\/spirituelle-meisterschaft-lehrer-und-schueler-auf-dem-inneren-weg\/#primaryimage"},"image":{"@id":"https:\/\/openskypress.com\/de\/product\/spirituelle-meisterschaft-lehrer-und-schueler-auf-dem-inneren-weg\/#primaryimage"},"thumbnailUrl":"https:\/\/openskypress.com\/wp-content\/uploads\/2023\/02\/91JqoXA2kHL.jpg","datePublished":"2023-02-07T16:21:03+00:00","dateModified":"2026-01-22T09:03:46+00:00","breadcrumb":{"@id":"https:\/\/openskypress.com\/de\/product\/spirituelle-meisterschaft-lehrer-und-schueler-auf-dem-inneren-weg\/#breadcrumb"},"inLanguage":"de","potentialAction":[{"@type":"ReadAction","target":["https:\/\/openskypress.com\/de\/product\/spirituelle-meisterschaft-lehrer-und-schueler-auf-dem-inneren-weg\/"]}]},{"@type":"ImageObject","inLanguage":"de","@id":"https:\/\/openskypress.com\/de\/product\/spirituelle-meisterschaft-lehrer-und-schueler-auf-dem-inneren-weg\/#primaryimage","url":"https:\/\/openskypress.com\/wp-content\/uploads\/2023\/02\/91JqoXA2kHL.jpg","contentUrl":"https:\/\/openskypress.com\/wp-content\/uploads\/2023\/02\/91JqoXA2kHL.jpg","width":1736,"height":2560},{"@type":"BreadcrumbList","@id":"https:\/\/openskypress.com\/de\/product\/spirituelle-meisterschaft-lehrer-und-schueler-auf-dem-inneren-weg\/#breadcrumb","itemListElement":[{"@type":"ListItem","position":1,"name":"Home","item":"https:\/\/openskypress.com\/de\/"},{"@type":"ListItem","position":2,"name":"Shop","item":"https:\/\/openskypress.com\/de\/shop\/"},{"@type":"ListItem","position":3,"name":"Spirituelle Meisterschaft: Lehrer und Sch\u00fcler auf dem inneren Weg"}]},{"@type":"WebSite","@id":"https:\/\/openskypress.com\/#website","url":"https:\/\/openskypress.com\/","name":"Spiritual Books & Films Online Shop #1 | Open Sky Press","description":"Best store of Books &amp; DVDs about Satsang, Indian &amp; Western philosophy &amp; yoga. Spiritual teachers talks about awakening, enlightenment and mindfulness","publisher":{"@id":"https:\/\/openskypress.com\/#organization"},"potentialAction":[{"@type":"SearchAction","target":{"@type":"EntryPoint","urlTemplate":"https:\/\/openskypress.com\/?s={search_term_string}"},"query-input":{"@type":"PropertyValueSpecification","valueRequired":true,"valueName":"search_term_string"}}],"inLanguage":"de"},{"@type":"Organization","@id":"https:\/\/openskypress.com\/#organization","name":"Spiritual Books & Films Online Shop #1 | Open Sky Press","url":"https:\/\/openskypress.com\/","logo":{"@type":"ImageObject","inLanguage":"de","@id":"https:\/\/openskypress.com\/#\/schema\/logo\/image\/","url":"https:\/\/openskypress.com\/wp-content\/uploads\/2020\/02\/logo-osp-1.png","contentUrl":"https:\/\/openskypress.com\/wp-content\/uploads\/2020\/02\/logo-osp-1.png","width":222,"height":219,"caption":"Spiritual Books & Films Online Shop #1 | Open Sky Press"},"image":{"@id":"https:\/\/openskypress.com\/#\/schema\/logo\/image\/"}}]}},"_links":{"self":[{"href":"https:\/\/openskypress.com\/de\/wp-json\/wp\/v2\/product\/12656","targetHints":{"allow":["GET"]}}],"collection":[{"href":"https:\/\/openskypress.com\/de\/wp-json\/wp\/v2\/product"}],"about":[{"href":"https:\/\/openskypress.com\/de\/wp-json\/wp\/v2\/types\/product"}],"replies":[{"embeddable":true,"href":"https:\/\/openskypress.com\/de\/wp-json\/wp\/v2\/comments?post=12656"}],"wp:featuredmedia":[{"embeddable":true,"href":"https:\/\/openskypress.com\/de\/wp-json\/wp\/v2\/media\/12657"}],"wp:attachment":[{"href":"https:\/\/openskypress.com\/de\/wp-json\/wp\/v2\/media?parent=12656"}],"wp:term":[{"taxonomy":"product_brand","embeddable":true,"href":"https:\/\/openskypress.com\/de\/wp-json\/wp\/v2\/product_brand?post=12656"},{"taxonomy":"product_cat","embeddable":true,"href":"https:\/\/openskypress.com\/de\/wp-json\/wp\/v2\/product_cat?post=12656"},{"taxonomy":"product_tag","embeddable":true,"href":"https:\/\/openskypress.com\/de\/wp-json\/wp\/v2\/product_tag?post=12656"}],"curies":[{"name":"wp","href":"https:\/\/api.w.org\/{rel}","templated":true}]}}