{"id":12437,"date":"2022-09-29T10:33:58","date_gmt":"2022-09-29T10:33:58","guid":{"rendered":"https:\/\/openskycharity.international\/?post_type=product&#038;p=12437"},"modified":"2026-01-22T09:03:47","modified_gmt":"2026-01-22T09:03:47","slug":"ebook-aham-sphurana-ramana-maharshi","status":"publish","type":"product","link":"https:\/\/openskypress.com\/de\/product\/ebook-aham-sphurana-ramana-maharshi\/","title":{"rendered":"eBook Aham Sphurana \u2013 Ein Einblick in die Selbstverwirklichung"},"content":{"rendered":"<div align=\"left\">\n<p>Die essentiellen Lehren des \u201e<i>Aham Sphurana<\/i>\u201c- Manuskripts bieten einen neuen, vollkommeneren Blick auf Bhagavan Sri Ramana Maharshi als spirituellen Meister im mittleren Alter von sechsundf\u00fcnfzig Jahren. Geschichten aus dem t\u00e4glichen Leben im Ashram enth\u00fcllen sein facettenreiches Wesen und seine tiefe Kraft auf eine Weise, die der \u00d6ffentlichkeit bisher kaum zug\u00e4nglich war.<\/p>\n<p>Bhagavan, geboren 1879, ist einer der ber\u00fchmtesten und j\u00fcngsten unter Indiens zahlreichen Weisen, Heiligen und spirituellen Meistern. Im Alter von sechzehn Jahren hatte er ein spontanes Erwachen. Er verlie\u00df sein Zuhause in Madurai und machte sich auf den Weg nach Tiruvannamalai zum heiligen Berg Arunachala. Hier lebte und lehrte er, bis er 1950 seinen K\u00f6rper verlie\u00df.<\/p>\n<p>Wir m\u00f6chten den Leser ermutigen, offen zu sein f\u00fcr ein Abenteuer in Stille, f\u00fcr eine neue Perspektive auf Bhagavans t\u00e4gliches Leben und f\u00fcr die eigene innere Transformation durch seine klaren und erhellenden Lehren \u00fcber Selbsterforschung, Hingabe und Jnana. Diese Auswahl ist ein wahrer Schatz f\u00fcr Anh\u00e4nger Bhagavans wie f\u00fcr alle spirituell interessierten Menschen.<\/p>\n<\/div>\n\n    <div class=\"xs_social_share_widget xs_share_url after_content \t\tmain_content  wslu-style-1 wslu-share-box-shaped wslu-fill-colored wslu-none wslu-share-horizontal wslu-theme-font-no wslu-main_content\">\n\n\t\t\n        <ul>\n\t\t\t        <\/ul>\n    <\/div> \n","protected":false},"excerpt":{"rendered":"<p>Faszinierende Geschichten um und tiefgr\u00fcndige Dialoge mit Sri Ramana Maharshi, aufgezeichnet von Sri Gajapathi Aiyyer im Sommer 1936 im Ramana Ashram. Dieses Buch enth\u00e4lt eine fundierte Auswahl aus dem umfangreichen Manuskript \u201e<i>Aham Sphurana<\/i>\u201c ein leuchtender Schatz, der f\u00fcr sich selbst spricht. Neben detaillierten Lehren \u00fcber Selbsterforschung, Hingabe und <i>Jnana<\/i> gibt es neue Einblicke in Bhagavans allt\u00e4gliches Leben im Alter von sechsundf\u00fcnfzig Jahren.<\/p>\n<p><a href=\"https:\/\/johndavidsatsang.international\/wp-admin\/post.php?post=57381&amp;action=elementor#\" target=\"_blank\" rel=\"noopener\">LESEPROBE<\/a><\/p>\n<p><em><a href=\"https:\/\/openskycharity.international\/de\/product\/aham-sphurana\/\">Auch als Buch erh\u00e4ltlich. Hier klicken<\/a><\/em><\/p>\n","protected":false},"featured_media":12447,"comment_status":"open","ping_status":"closed","template":"","meta":{"postBodyCss":"","postBodyMargin":[],"postBodyPadding":[],"postBodyBackground":{"backgroundType":"classic","gradient":""}},"product_brand":[],"product_cat":[369,390],"product_tag":[],"class_list":{"0":"post-12437","1":"product","2":"type-product","3":"status-publish","4":"has-post-thumbnail","6":"product_cat-bucher","7":"product_cat-ebooks-de","9":"first","10":"instock","11":"taxable","12":"shipping-taxable","13":"purchasable","14":"product-type-variable","15":"has-default-attributes"},"yoast_head":"<!-- This site is optimized with the Yoast SEO plugin v26.6 - https:\/\/yoast.com\/wordpress\/plugins\/seo\/ -->\n<title>eBook Aham Sphurana \u2013 Ein Einblick in die Selbstverwirklichung - Spiritual Books &amp; Films Online Shop #1 | Open Sky Press DE<\/title>\n<meta name=\"robots\" content=\"index, follow, max-snippet:-1, max-image-preview:large, max-video-preview:-1\" \/>\n<link rel=\"canonical\" href=\"https:\/\/openskypress.com\/de\/product\/ebook-aham-sphurana-ramana-maharshi\/\" \/>\n<meta property=\"og:locale\" content=\"de_DE\" \/>\n<meta property=\"og:type\" content=\"article\" \/>\n<meta property=\"og:title\" content=\"eBook Aham Sphurana \u2013 Ein Einblick in die Selbstverwirklichung - Spiritual Books &amp; Films Online Shop #1 | Open Sky Press DE\" \/>\n<meta property=\"og:description\" content=\"Faszinierende Geschichten um und tiefgr\u00fcndige Dialoge mit Sri Ramana Maharshi, aufgezeichnet von Sri Gajapathi Aiyyer im Sommer 1936 im Ramana Ashram. Dieses Buch enth\u00e4lt eine fundierte Auswahl aus dem umfangreichen Manuskript \u201eAham Sphurana\u201c ein leuchtender Schatz, der f\u00fcr sich selbst spricht. Neben detaillierten Lehren \u00fcber Selbsterforschung, Hingabe und Jnana gibt es neue Einblicke in Bhagavans allt\u00e4gliches Leben im Alter von sechsundf\u00fcnfzig Jahren.  LESEPROBE  Auch als Buch erh\u00e4ltlich. Hier klicken\" \/>\n<meta property=\"og:url\" content=\"https:\/\/openskypress.com\/de\/product\/ebook-aham-sphurana-ramana-maharshi\/\" \/>\n<meta property=\"og:site_name\" content=\"Spiritual Books &amp; Films Online Shop #1 | Open Sky Press DE\" \/>\n<meta property=\"article:modified_time\" content=\"2026-01-22T09:03:47+00:00\" \/>\n<meta property=\"og:image\" content=\"https:\/\/openskypress.com\/wp-content\/uploads\/2022\/09\/Aham-Sphurana_DE-Ebook.jpg\" \/>\n\t<meta property=\"og:image:width\" content=\"490\" \/>\n\t<meta property=\"og:image:height\" content=\"719\" \/>\n\t<meta property=\"og:image:type\" content=\"image\/jpeg\" \/>\n<meta name=\"twitter:card\" content=\"summary_large_image\" \/>\n<meta name=\"twitter:label1\" content=\"Gesch\u00e4tzte Lesezeit\" \/>\n\t<meta name=\"twitter:data1\" content=\"1\u00a0Minute\" \/>\n<script type=\"application\/ld+json\" class=\"yoast-schema-graph\">{\"@context\":\"https:\/\/schema.org\",\"@graph\":[{\"@type\":\"WebPage\",\"@id\":\"https:\/\/openskypress.com\/de\/product\/ebook-aham-sphurana-ramana-maharshi\/\",\"url\":\"https:\/\/openskypress.com\/de\/product\/ebook-aham-sphurana-ramana-maharshi\/\",\"name\":\"eBook Aham Sphurana \u2013 Ein Einblick in die Selbstverwirklichung - Spiritual Books &amp; Films Online Shop #1 | Open Sky Press DE\",\"isPartOf\":{\"@id\":\"https:\/\/openskypress.com\/#website\"},\"primaryImageOfPage\":{\"@id\":\"https:\/\/openskypress.com\/de\/product\/ebook-aham-sphurana-ramana-maharshi\/#primaryimage\"},\"image\":{\"@id\":\"https:\/\/openskypress.com\/de\/product\/ebook-aham-sphurana-ramana-maharshi\/#primaryimage\"},\"thumbnailUrl\":\"https:\/\/openskypress.com\/wp-content\/uploads\/2022\/09\/Aham-Sphurana_DE-Ebook.jpg\",\"datePublished\":\"2022-09-29T10:33:58+00:00\",\"dateModified\":\"2026-01-22T09:03:47+00:00\",\"breadcrumb\":{\"@id\":\"https:\/\/openskypress.com\/de\/product\/ebook-aham-sphurana-ramana-maharshi\/#breadcrumb\"},\"inLanguage\":\"de\",\"potentialAction\":[{\"@type\":\"ReadAction\",\"target\":[\"https:\/\/openskypress.com\/de\/product\/ebook-aham-sphurana-ramana-maharshi\/\"]}]},{\"@type\":\"ImageObject\",\"inLanguage\":\"de\",\"@id\":\"https:\/\/openskypress.com\/de\/product\/ebook-aham-sphurana-ramana-maharshi\/#primaryimage\",\"url\":\"https:\/\/openskypress.com\/wp-content\/uploads\/2022\/09\/Aham-Sphurana_DE-Ebook.jpg\",\"contentUrl\":\"https:\/\/openskypress.com\/wp-content\/uploads\/2022\/09\/Aham-Sphurana_DE-Ebook.jpg\",\"width\":490,\"height\":719},{\"@type\":\"BreadcrumbList\",\"@id\":\"https:\/\/openskypress.com\/de\/product\/ebook-aham-sphurana-ramana-maharshi\/#breadcrumb\",\"itemListElement\":[{\"@type\":\"ListItem\",\"position\":1,\"name\":\"Home\",\"item\":\"https:\/\/openskypress.com\/es\/\"},{\"@type\":\"ListItem\",\"position\":2,\"name\":\"Shop\",\"item\":\"https:\/\/openskypress.com\/de\/shop\/\"},{\"@type\":\"ListItem\",\"position\":3,\"name\":\"eBook Aham Sphurana \u2013 Ein Einblick in die Selbstverwirklichung\"}]},{\"@type\":\"WebSite\",\"@id\":\"https:\/\/openskypress.com\/#website\",\"url\":\"https:\/\/openskypress.com\/\",\"name\":\"Spiritual Books & Films Online Shop #1 | Open Sky Press\",\"description\":\"Best store of Books &amp; DVDs about Satsang, Indian &amp; Western philosophy &amp; yoga. Spiritual teachers talks about awakening, enlightenment and mindfulness\",\"publisher\":{\"@id\":\"https:\/\/openskypress.com\/#organization\"},\"potentialAction\":[{\"@type\":\"SearchAction\",\"target\":{\"@type\":\"EntryPoint\",\"urlTemplate\":\"https:\/\/openskypress.com\/?s={search_term_string}\"},\"query-input\":{\"@type\":\"PropertyValueSpecification\",\"valueRequired\":true,\"valueName\":\"search_term_string\"}}],\"inLanguage\":\"de\"},{\"@type\":\"Organization\",\"@id\":\"https:\/\/openskypress.com\/#organization\",\"name\":\"Spiritual Books & Films Online Shop #1 | Open Sky Press\",\"url\":\"https:\/\/openskypress.com\/\",\"logo\":{\"@type\":\"ImageObject\",\"inLanguage\":\"de\",\"@id\":\"https:\/\/openskypress.com\/#\/schema\/logo\/image\/\",\"url\":\"https:\/\/openskypress.com\/wp-content\/uploads\/2020\/02\/logo-osp-1.png\",\"contentUrl\":\"https:\/\/openskypress.com\/wp-content\/uploads\/2020\/02\/logo-osp-1.png\",\"width\":222,\"height\":219,\"caption\":\"Spiritual Books & Films Online Shop #1 | Open Sky Press\"},\"image\":{\"@id\":\"https:\/\/openskypress.com\/#\/schema\/logo\/image\/\"}}]}<\/script>\n<!-- \/ Yoast SEO plugin. -->","yoast_head_json":{"title":"eBook Aham Sphurana \u2013 Ein Einblick in die Selbstverwirklichung - Spiritual Books &amp; Films Online Shop #1 | Open Sky Press DE","robots":{"index":"index","follow":"follow","max-snippet":"max-snippet:-1","max-image-preview":"max-image-preview:large","max-video-preview":"max-video-preview:-1"},"canonical":"https:\/\/openskypress.com\/de\/product\/ebook-aham-sphurana-ramana-maharshi\/","og_locale":"de_DE","og_type":"article","og_title":"eBook Aham Sphurana \u2013 Ein Einblick in die Selbstverwirklichung - Spiritual Books &amp; Films Online Shop #1 | Open Sky Press DE","og_description":"Faszinierende Geschichten um und tiefgr\u00fcndige Dialoge mit Sri Ramana Maharshi, aufgezeichnet von Sri Gajapathi Aiyyer im Sommer 1936 im Ramana Ashram. Dieses Buch enth\u00e4lt eine fundierte Auswahl aus dem umfangreichen Manuskript \u201eAham Sphurana\u201c ein leuchtender Schatz, der f\u00fcr sich selbst spricht. Neben detaillierten Lehren \u00fcber Selbsterforschung, Hingabe und Jnana gibt es neue Einblicke in Bhagavans allt\u00e4gliches Leben im Alter von sechsundf\u00fcnfzig Jahren.  LESEPROBE  Auch als Buch erh\u00e4ltlich. Hier klicken","og_url":"https:\/\/openskypress.com\/de\/product\/ebook-aham-sphurana-ramana-maharshi\/","og_site_name":"Spiritual Books &amp; Films Online Shop #1 | Open Sky Press DE","article_modified_time":"2026-01-22T09:03:47+00:00","og_image":[{"width":490,"height":719,"url":"https:\/\/openskypress.com\/wp-content\/uploads\/2022\/09\/Aham-Sphurana_DE-Ebook.jpg","type":"image\/jpeg"}],"twitter_card":"summary_large_image","twitter_misc":{"Gesch\u00e4tzte Lesezeit":"1\u00a0Minute"},"schema":{"@context":"https:\/\/schema.org","@graph":[{"@type":"WebPage","@id":"https:\/\/openskypress.com\/de\/product\/ebook-aham-sphurana-ramana-maharshi\/","url":"https:\/\/openskypress.com\/de\/product\/ebook-aham-sphurana-ramana-maharshi\/","name":"eBook Aham Sphurana \u2013 Ein Einblick in die Selbstverwirklichung - Spiritual Books &amp; Films Online Shop #1 | Open Sky Press DE","isPartOf":{"@id":"https:\/\/openskypress.com\/#website"},"primaryImageOfPage":{"@id":"https:\/\/openskypress.com\/de\/product\/ebook-aham-sphurana-ramana-maharshi\/#primaryimage"},"image":{"@id":"https:\/\/openskypress.com\/de\/product\/ebook-aham-sphurana-ramana-maharshi\/#primaryimage"},"thumbnailUrl":"https:\/\/openskypress.com\/wp-content\/uploads\/2022\/09\/Aham-Sphurana_DE-Ebook.jpg","datePublished":"2022-09-29T10:33:58+00:00","dateModified":"2026-01-22T09:03:47+00:00","breadcrumb":{"@id":"https:\/\/openskypress.com\/de\/product\/ebook-aham-sphurana-ramana-maharshi\/#breadcrumb"},"inLanguage":"de","potentialAction":[{"@type":"ReadAction","target":["https:\/\/openskypress.com\/de\/product\/ebook-aham-sphurana-ramana-maharshi\/"]}]},{"@type":"ImageObject","inLanguage":"de","@id":"https:\/\/openskypress.com\/de\/product\/ebook-aham-sphurana-ramana-maharshi\/#primaryimage","url":"https:\/\/openskypress.com\/wp-content\/uploads\/2022\/09\/Aham-Sphurana_DE-Ebook.jpg","contentUrl":"https:\/\/openskypress.com\/wp-content\/uploads\/2022\/09\/Aham-Sphurana_DE-Ebook.jpg","width":490,"height":719},{"@type":"BreadcrumbList","@id":"https:\/\/openskypress.com\/de\/product\/ebook-aham-sphurana-ramana-maharshi\/#breadcrumb","itemListElement":[{"@type":"ListItem","position":1,"name":"Home","item":"https:\/\/openskypress.com\/es\/"},{"@type":"ListItem","position":2,"name":"Shop","item":"https:\/\/openskypress.com\/de\/shop\/"},{"@type":"ListItem","position":3,"name":"eBook Aham Sphurana \u2013 Ein Einblick in die Selbstverwirklichung"}]},{"@type":"WebSite","@id":"https:\/\/openskypress.com\/#website","url":"https:\/\/openskypress.com\/","name":"Spiritual Books & Films Online Shop #1 | Open Sky Press","description":"Best store of Books &amp; DVDs about Satsang, Indian &amp; Western philosophy &amp; yoga. Spiritual teachers talks about awakening, enlightenment and mindfulness","publisher":{"@id":"https:\/\/openskypress.com\/#organization"},"potentialAction":[{"@type":"SearchAction","target":{"@type":"EntryPoint","urlTemplate":"https:\/\/openskypress.com\/?s={search_term_string}"},"query-input":{"@type":"PropertyValueSpecification","valueRequired":true,"valueName":"search_term_string"}}],"inLanguage":"de"},{"@type":"Organization","@id":"https:\/\/openskypress.com\/#organization","name":"Spiritual Books & Films Online Shop #1 | Open Sky Press","url":"https:\/\/openskypress.com\/","logo":{"@type":"ImageObject","inLanguage":"de","@id":"https:\/\/openskypress.com\/#\/schema\/logo\/image\/","url":"https:\/\/openskypress.com\/wp-content\/uploads\/2020\/02\/logo-osp-1.png","contentUrl":"https:\/\/openskypress.com\/wp-content\/uploads\/2020\/02\/logo-osp-1.png","width":222,"height":219,"caption":"Spiritual Books & Films Online Shop #1 | Open Sky Press"},"image":{"@id":"https:\/\/openskypress.com\/#\/schema\/logo\/image\/"}}]}},"_links":{"self":[{"href":"https:\/\/openskypress.com\/de\/wp-json\/wp\/v2\/product\/12437","targetHints":{"allow":["GET"]}}],"collection":[{"href":"https:\/\/openskypress.com\/de\/wp-json\/wp\/v2\/product"}],"about":[{"href":"https:\/\/openskypress.com\/de\/wp-json\/wp\/v2\/types\/product"}],"replies":[{"embeddable":true,"href":"https:\/\/openskypress.com\/de\/wp-json\/wp\/v2\/comments?post=12437"}],"wp:featuredmedia":[{"embeddable":true,"href":"https:\/\/openskypress.com\/de\/wp-json\/wp\/v2\/media\/12447"}],"wp:attachment":[{"href":"https:\/\/openskypress.com\/de\/wp-json\/wp\/v2\/media?parent=12437"}],"wp:term":[{"taxonomy":"product_brand","embeddable":true,"href":"https:\/\/openskypress.com\/de\/wp-json\/wp\/v2\/product_brand?post=12437"},{"taxonomy":"product_cat","embeddable":true,"href":"https:\/\/openskypress.com\/de\/wp-json\/wp\/v2\/product_cat?post=12437"},{"taxonomy":"product_tag","embeddable":true,"href":"https:\/\/openskypress.com\/de\/wp-json\/wp\/v2\/product_tag?post=12437"}],"curies":[{"name":"wp","href":"https:\/\/api.w.org\/{rel}","templated":true}]}}