{"id":11835,"date":"2021-02-09T10:49:39","date_gmt":"2021-02-09T10:49:39","guid":{"rendered":"https:\/\/openskycharity.international\/?post_type=product&#038;p=11835"},"modified":"2026-01-22T09:03:48","modified_gmt":"2026-01-22T09:03:48","slug":"interview-mit-john-david","status":"publish","type":"product","link":"https:\/\/openskypress.com\/de\/product\/interview-mit-john-david\/","title":{"rendered":"Interview mit John David"},"content":{"rendered":"<p><iframe src=\"https:\/\/www.youtube.com\/embed\/pDfeipwsag0\" width=\"560\" height=\"315\" frameborder=\"0\" allowfullscreen=\"allowfullscreen\"><\/iframe><\/p>\n\n    <div class=\"xs_social_share_widget xs_share_url after_content \t\tmain_content  wslu-style-1 wslu-share-box-shaped wslu-fill-colored wslu-none wslu-share-horizontal wslu-theme-font-no wslu-main_content\">\n\n\t\t\n        <ul>\n\t\t\t        <\/ul>\n    <\/div> \n","protected":false},"excerpt":{"rendered":"<p>John David ist spiritueller Lehrer, Autor, Filmemacher und Leiter der Satsang und Kunst Gemeinschaft Open Sky House, einem zukunftsweisenden Ort spiritueller Transformation. Die Energie der Gemeinschaft spiegelt seine ungew\u00f6hnlich facettenreiche Lehre wider.<\/p>\n<p>Seine Lebensreise zeigt, wie er von der g\u00f6ttlichen Navigation (Intelligenz) geleitet wurde. Wenn wir still genug werden, k\u00f6nnen wir alle diese F\u00fchrung h\u00f6ren und der g\u00f6ttlichen Navigation folgen.<\/p>\n","protected":false},"featured_media":11836,"comment_status":"open","ping_status":"closed","template":"","meta":{"postBodyCss":"","postBodyMargin":[],"postBodyPadding":[],"postBodyBackground":{"backgroundType":"classic","gradient":""}},"product_brand":[],"product_cat":[388,777,778,389],"product_tag":[],"class_list":{"0":"post-11835","1":"product","2":"type-product","3":"status-publish","4":"has-post-thumbnail","6":"product_cat-filme","7":"product_cat-john-david-dvds","8":"product_cat-open-sky-press-filme","9":"product_cat-filmdownloads","11":"first","12":"instock","13":"downloadable","14":"virtual","15":"taxable","16":"purchasable","17":"product-type-simple"},"yoast_head":"<!-- This site is optimized with the Yoast SEO plugin v26.6 - https:\/\/yoast.com\/wordpress\/plugins\/seo\/ -->\n<title>Interview mit John David - Spiritual Books &amp; Films Online Shop #1 | Open Sky Press DE<\/title>\n<meta name=\"robots\" content=\"index, follow, max-snippet:-1, max-image-preview:large, max-video-preview:-1\" \/>\n<link rel=\"canonical\" href=\"https:\/\/openskypress.com\/de\/product\/interview-mit-john-david\/\" \/>\n<meta property=\"og:locale\" content=\"de_DE\" \/>\n<meta property=\"og:type\" content=\"article\" \/>\n<meta property=\"og:title\" content=\"Interview mit John David - Spiritual Books &amp; Films Online Shop #1 | Open Sky Press DE\" \/>\n<meta property=\"og:description\" content=\"John David ist spiritueller Lehrer, Autor, Filmemacher und Leiter der Satsang und Kunst Gemeinschaft Open Sky House, einem zukunftsweisenden Ort spiritueller Transformation. Die Energie der Gemeinschaft spiegelt seine ungew\u00f6hnlich facettenreiche Lehre wider.  Seine Lebensreise zeigt, wie er von der g\u00f6ttlichen Navigation (Intelligenz) geleitet wurde. Wenn wir still genug werden, k\u00f6nnen wir alle diese F\u00fchrung h\u00f6ren und der g\u00f6ttlichen Navigation folgen.\" \/>\n<meta property=\"og:url\" content=\"https:\/\/openskypress.com\/de\/product\/interview-mit-john-david\/\" \/>\n<meta property=\"og:site_name\" content=\"Spiritual Books &amp; Films Online Shop #1 | Open Sky Press DE\" \/>\n<meta property=\"article:modified_time\" content=\"2026-01-22T09:03:48+00:00\" \/>\n<meta property=\"og:image\" content=\"https:\/\/openskypress.com\/wp-content\/uploads\/2021\/02\/JD-DE-small.jpg\" \/>\n\t<meta property=\"og:image:width\" content=\"800\" \/>\n\t<meta property=\"og:image:height\" content=\"1176\" \/>\n\t<meta property=\"og:image:type\" content=\"image\/jpeg\" \/>\n<meta name=\"twitter:card\" content=\"summary_large_image\" \/>\n<script type=\"application\/ld+json\" class=\"yoast-schema-graph\">{\"@context\":\"https:\/\/schema.org\",\"@graph\":[{\"@type\":\"WebPage\",\"@id\":\"https:\/\/openskypress.com\/de\/product\/interview-mit-john-david\/\",\"url\":\"https:\/\/openskypress.com\/de\/product\/interview-mit-john-david\/\",\"name\":\"Interview mit John David - Spiritual Books &amp; Films Online Shop #1 | Open Sky Press DE\",\"isPartOf\":{\"@id\":\"https:\/\/openskypress.com\/#website\"},\"primaryImageOfPage\":{\"@id\":\"https:\/\/openskypress.com\/de\/product\/interview-mit-john-david\/#primaryimage\"},\"image\":{\"@id\":\"https:\/\/openskypress.com\/de\/product\/interview-mit-john-david\/#primaryimage\"},\"thumbnailUrl\":\"https:\/\/openskypress.com\/wp-content\/uploads\/2021\/02\/JD-DE-small.jpg\",\"datePublished\":\"2021-02-09T10:49:39+00:00\",\"dateModified\":\"2026-01-22T09:03:48+00:00\",\"breadcrumb\":{\"@id\":\"https:\/\/openskypress.com\/de\/product\/interview-mit-john-david\/#breadcrumb\"},\"inLanguage\":\"de\",\"potentialAction\":[{\"@type\":\"ReadAction\",\"target\":[\"https:\/\/openskypress.com\/de\/product\/interview-mit-john-david\/\"]}]},{\"@type\":\"ImageObject\",\"inLanguage\":\"de\",\"@id\":\"https:\/\/openskypress.com\/de\/product\/interview-mit-john-david\/#primaryimage\",\"url\":\"https:\/\/openskypress.com\/wp-content\/uploads\/2021\/02\/JD-DE-small.jpg\",\"contentUrl\":\"https:\/\/openskypress.com\/wp-content\/uploads\/2021\/02\/JD-DE-small.jpg\",\"width\":800,\"height\":1176},{\"@type\":\"BreadcrumbList\",\"@id\":\"https:\/\/openskypress.com\/de\/product\/interview-mit-john-david\/#breadcrumb\",\"itemListElement\":[{\"@type\":\"ListItem\",\"position\":1,\"name\":\"Home\",\"item\":\"https:\/\/openskypress.com\/es\/\"},{\"@type\":\"ListItem\",\"position\":2,\"name\":\"Shop\",\"item\":\"https:\/\/openskypress.com\/de\/shop\/\"},{\"@type\":\"ListItem\",\"position\":3,\"name\":\"Interview mit John David\"}]},{\"@type\":\"WebSite\",\"@id\":\"https:\/\/openskypress.com\/#website\",\"url\":\"https:\/\/openskypress.com\/\",\"name\":\"Spiritual Books & Films Online Shop #1 | Open Sky Press\",\"description\":\"Best store of Books &amp; DVDs about Satsang, Indian &amp; Western philosophy &amp; yoga. Spiritual teachers talks about awakening, enlightenment and mindfulness\",\"publisher\":{\"@id\":\"https:\/\/openskypress.com\/#organization\"},\"potentialAction\":[{\"@type\":\"SearchAction\",\"target\":{\"@type\":\"EntryPoint\",\"urlTemplate\":\"https:\/\/openskypress.com\/?s={search_term_string}\"},\"query-input\":{\"@type\":\"PropertyValueSpecification\",\"valueRequired\":true,\"valueName\":\"search_term_string\"}}],\"inLanguage\":\"de\"},{\"@type\":\"Organization\",\"@id\":\"https:\/\/openskypress.com\/#organization\",\"name\":\"Spiritual Books & Films Online Shop #1 | Open Sky Press\",\"url\":\"https:\/\/openskypress.com\/\",\"logo\":{\"@type\":\"ImageObject\",\"inLanguage\":\"de\",\"@id\":\"https:\/\/openskypress.com\/#\/schema\/logo\/image\/\",\"url\":\"https:\/\/openskypress.com\/wp-content\/uploads\/2020\/02\/logo-osp-1.png\",\"contentUrl\":\"https:\/\/openskypress.com\/wp-content\/uploads\/2020\/02\/logo-osp-1.png\",\"width\":222,\"height\":219,\"caption\":\"Spiritual Books & Films Online Shop #1 | Open Sky Press\"},\"image\":{\"@id\":\"https:\/\/openskypress.com\/#\/schema\/logo\/image\/\"}}]}<\/script>\n<!-- \/ Yoast SEO plugin. -->","yoast_head_json":{"title":"Interview mit John David - Spiritual Books &amp; Films Online Shop #1 | Open Sky Press DE","robots":{"index":"index","follow":"follow","max-snippet":"max-snippet:-1","max-image-preview":"max-image-preview:large","max-video-preview":"max-video-preview:-1"},"canonical":"https:\/\/openskypress.com\/de\/product\/interview-mit-john-david\/","og_locale":"de_DE","og_type":"article","og_title":"Interview mit John David - Spiritual Books &amp; Films Online Shop #1 | Open Sky Press DE","og_description":"John David ist spiritueller Lehrer, Autor, Filmemacher und Leiter der Satsang und Kunst Gemeinschaft Open Sky House, einem zukunftsweisenden Ort spiritueller Transformation. Die Energie der Gemeinschaft spiegelt seine ungew\u00f6hnlich facettenreiche Lehre wider.  Seine Lebensreise zeigt, wie er von der g\u00f6ttlichen Navigation (Intelligenz) geleitet wurde. Wenn wir still genug werden, k\u00f6nnen wir alle diese F\u00fchrung h\u00f6ren und der g\u00f6ttlichen Navigation folgen.","og_url":"https:\/\/openskypress.com\/de\/product\/interview-mit-john-david\/","og_site_name":"Spiritual Books &amp; Films Online Shop #1 | Open Sky Press DE","article_modified_time":"2026-01-22T09:03:48+00:00","og_image":[{"width":800,"height":1176,"url":"https:\/\/openskypress.com\/wp-content\/uploads\/2021\/02\/JD-DE-small.jpg","type":"image\/jpeg"}],"twitter_card":"summary_large_image","schema":{"@context":"https:\/\/schema.org","@graph":[{"@type":"WebPage","@id":"https:\/\/openskypress.com\/de\/product\/interview-mit-john-david\/","url":"https:\/\/openskypress.com\/de\/product\/interview-mit-john-david\/","name":"Interview mit John David - Spiritual Books &amp; Films Online Shop #1 | Open Sky Press DE","isPartOf":{"@id":"https:\/\/openskypress.com\/#website"},"primaryImageOfPage":{"@id":"https:\/\/openskypress.com\/de\/product\/interview-mit-john-david\/#primaryimage"},"image":{"@id":"https:\/\/openskypress.com\/de\/product\/interview-mit-john-david\/#primaryimage"},"thumbnailUrl":"https:\/\/openskypress.com\/wp-content\/uploads\/2021\/02\/JD-DE-small.jpg","datePublished":"2021-02-09T10:49:39+00:00","dateModified":"2026-01-22T09:03:48+00:00","breadcrumb":{"@id":"https:\/\/openskypress.com\/de\/product\/interview-mit-john-david\/#breadcrumb"},"inLanguage":"de","potentialAction":[{"@type":"ReadAction","target":["https:\/\/openskypress.com\/de\/product\/interview-mit-john-david\/"]}]},{"@type":"ImageObject","inLanguage":"de","@id":"https:\/\/openskypress.com\/de\/product\/interview-mit-john-david\/#primaryimage","url":"https:\/\/openskypress.com\/wp-content\/uploads\/2021\/02\/JD-DE-small.jpg","contentUrl":"https:\/\/openskypress.com\/wp-content\/uploads\/2021\/02\/JD-DE-small.jpg","width":800,"height":1176},{"@type":"BreadcrumbList","@id":"https:\/\/openskypress.com\/de\/product\/interview-mit-john-david\/#breadcrumb","itemListElement":[{"@type":"ListItem","position":1,"name":"Home","item":"https:\/\/openskypress.com\/es\/"},{"@type":"ListItem","position":2,"name":"Shop","item":"https:\/\/openskypress.com\/de\/shop\/"},{"@type":"ListItem","position":3,"name":"Interview mit John David"}]},{"@type":"WebSite","@id":"https:\/\/openskypress.com\/#website","url":"https:\/\/openskypress.com\/","name":"Spiritual Books & Films Online Shop #1 | Open Sky Press","description":"Best store of Books &amp; DVDs about Satsang, Indian &amp; Western philosophy &amp; yoga. Spiritual teachers talks about awakening, enlightenment and mindfulness","publisher":{"@id":"https:\/\/openskypress.com\/#organization"},"potentialAction":[{"@type":"SearchAction","target":{"@type":"EntryPoint","urlTemplate":"https:\/\/openskypress.com\/?s={search_term_string}"},"query-input":{"@type":"PropertyValueSpecification","valueRequired":true,"valueName":"search_term_string"}}],"inLanguage":"de"},{"@type":"Organization","@id":"https:\/\/openskypress.com\/#organization","name":"Spiritual Books & Films Online Shop #1 | Open Sky Press","url":"https:\/\/openskypress.com\/","logo":{"@type":"ImageObject","inLanguage":"de","@id":"https:\/\/openskypress.com\/#\/schema\/logo\/image\/","url":"https:\/\/openskypress.com\/wp-content\/uploads\/2020\/02\/logo-osp-1.png","contentUrl":"https:\/\/openskypress.com\/wp-content\/uploads\/2020\/02\/logo-osp-1.png","width":222,"height":219,"caption":"Spiritual Books & Films Online Shop #1 | Open Sky Press"},"image":{"@id":"https:\/\/openskypress.com\/#\/schema\/logo\/image\/"}}]}},"_links":{"self":[{"href":"https:\/\/openskypress.com\/de\/wp-json\/wp\/v2\/product\/11835","targetHints":{"allow":["GET"]}}],"collection":[{"href":"https:\/\/openskypress.com\/de\/wp-json\/wp\/v2\/product"}],"about":[{"href":"https:\/\/openskypress.com\/de\/wp-json\/wp\/v2\/types\/product"}],"replies":[{"embeddable":true,"href":"https:\/\/openskypress.com\/de\/wp-json\/wp\/v2\/comments?post=11835"}],"wp:featuredmedia":[{"embeddable":true,"href":"https:\/\/openskypress.com\/de\/wp-json\/wp\/v2\/media\/11836"}],"wp:attachment":[{"href":"https:\/\/openskypress.com\/de\/wp-json\/wp\/v2\/media?parent=11835"}],"wp:term":[{"taxonomy":"product_brand","embeddable":true,"href":"https:\/\/openskypress.com\/de\/wp-json\/wp\/v2\/product_brand?post=11835"},{"taxonomy":"product_cat","embeddable":true,"href":"https:\/\/openskypress.com\/de\/wp-json\/wp\/v2\/product_cat?post=11835"},{"taxonomy":"product_tag","embeddable":true,"href":"https:\/\/openskypress.com\/de\/wp-json\/wp\/v2\/product_tag?post=11835"}],"curies":[{"name":"wp","href":"https:\/\/api.w.org\/{rel}","templated":true}]}}