{"id":11772,"date":"2021-01-24T16:52:38","date_gmt":"2021-01-24T16:52:38","guid":{"rendered":"https:\/\/openskycharity.international\/?post_type=product&#038;p=11772"},"modified":"2026-01-22T09:03:48","modified_gmt":"2026-01-22T09:03:48","slug":"leseprobe-john-david","status":"publish","type":"product","link":"https:\/\/openskypress.com\/de\/product\/leseprobe-john-david\/","title":{"rendered":"Leseprobe &#8211; John David"},"content":{"rendered":"<p>Inspirierende Lebensgeschichten von zehn spirituellen Lehrern aus Europa, den USA, Australien und Indien, authentisch und ehrlich von ihnen selbst erz\u00e4hlt. So taucht dieses Buch tief in das Mysterium des Lebens ein und ermutigt uns, stets unserer inneren Navigation und Intuition zu folgen.<\/p>\n<p>Der spontane Fluss der Interviews nimmt uns auf unvorhersehbare, von der Existenz gef\u00fchrte Reisen mit. Wir werden Zeuge faszinierender Abenteuer und Zeiten voller Gl\u00fcckseligkeit, aber auch von Verwirrung und Schmerz.<\/p>\n<p>Ausdauer und die tiefe Sehnsucht nach Wahrheit f\u00fchrte jeden von ihnen zu einemspirituellen Meister \u2013 zu Papaji, Neem Karoli Baba, Osho oder Nannagaru. Die intensive Beziehung zwischen Lehrer und Sch\u00fcler ver\u00e4nderte ihr Leben radikal und lie\u00df aus den einstmals Suchenden eigenst\u00e4ndige Lehrer werden.<\/p>\n<p>Eine facettenreiche Zusammenstellung faszinierender und lebendiger Wegweiser zur Wahrheit, die uns alle ermutigen, vollkommen darauf zu vertrauen, dass jeder Augenblick auf unserem Weg absolut richtig ist.<\/p>\n\n    <div class=\"xs_social_share_widget xs_share_url after_content \t\tmain_content  wslu-style-1 wslu-share-box-shaped wslu-fill-colored wslu-none wslu-share-horizontal wslu-theme-font-no wslu-main_content\">\n\n\t\t\n        <ul>\n\t\t\t        <\/ul>\n    <\/div> \n","protected":false},"excerpt":{"rendered":"<p>Faszinierende Lebenswege von zehn spirituellen Lehrern unserer Zeit, die durch ihre Klarheit und Ausstrahlung viele Sucher inspirieren. Im Dialog mit John David geben sie einen tiefen Einblick in das Mysterium des Lebens und ihre Wege zur Freiheit.<\/p>\n<p>Hier gibt es eine Leseprobe aus dem Interview mit John David<\/p>\n<p style=\"text-align: center;\"><a style=\"color: #1965e4;\" href=\"https:\/\/openskypress.s3.eu-central-1.amazonaws.com\/ebooks\/Previews\/Deutsch\/John+David\/Leseprobe+John+David.pdf\"><i><u><b>Leseprobe PDF<\/b><\/u><\/i><\/a> \u00a0\u00a0 \u00a0\u00a0 \u00a0<a style=\"color: #1965e4;\" href=\"https:\/\/openskypress.s3.eu-central-1.amazonaws.com\/ebooks\/Previews\/Deutsch\/John+David\/Leseprobe+John+David.epub\"><i><u><b>Leseprobe ePub<\/b><\/u><\/i><\/a><\/p>\n<p>&nbsp;<\/p>\n<p>Wenn du das Buch kaufen m\u00f6chtest, bitte <a style=\"color: #0b5dcc; text-decoration: underline; font-weight: bold;\" href=\"https:\/\/openskycharity.international\/de\/product\/buch-begegnungen-mit-eindrucksvollen-menschen\/\"><em>hier klicken<\/em><\/a><\/p>\n","protected":false},"featured_media":11774,"comment_status":"open","ping_status":"closed","template":"","meta":{"postBodyCss":"","postBodyMargin":[],"postBodyPadding":[],"postBodyBackground":{"backgroundType":"classic","gradient":""}},"product_brand":[],"product_cat":[1068,390],"product_tag":[372,1072,373,375,482,484,581,377,379,382],"class_list":{"0":"post-11772","1":"product","2":"type-product","3":"status-publish","4":"has-post-thumbnail","6":"product_cat-leseprobe","7":"product_cat-ebooks-de","8":"product_tag-advaita-de","9":"product_tag-andrew-cohen","10":"product_tag-arunachala-de","11":"product_tag-john-david-de","12":"product_tag-michael-barnett-de","13":"product_tag-mooji-de","14":"product_tag-open-sky-press-de","15":"product_tag-premananda-de","16":"product_tag-satsang-de","17":"product_tag-who-am-i-de","19":"first","20":"instock","21":"downloadable","22":"virtual","23":"purchasable","24":"product-type-simple"},"yoast_head":"<!-- This site is optimized with the Yoast SEO plugin v26.6 - https:\/\/yoast.com\/wordpress\/plugins\/seo\/ -->\n<title>Leseprobe - John David - Spiritual Books &amp; Films Online Shop #1 | Open Sky Press DE<\/title>\n<meta name=\"robots\" content=\"index, follow, max-snippet:-1, max-image-preview:large, max-video-preview:-1\" \/>\n<link rel=\"canonical\" href=\"https:\/\/openskypress.com\/de\/product\/leseprobe-john-david\/\" \/>\n<meta property=\"og:locale\" content=\"de_DE\" \/>\n<meta property=\"og:type\" content=\"article\" \/>\n<meta property=\"og:title\" content=\"Leseprobe - John David - Spiritual Books &amp; Films Online Shop #1 | Open Sky Press DE\" \/>\n<meta property=\"og:description\" content=\"Faszinierende Lebenswege von zehn spirituellen Lehrern unserer Zeit, die durch ihre Klarheit und Ausstrahlung viele Sucher inspirieren. Im Dialog mit John David geben sie einen tiefen Einblick in das Mysterium des Lebens und ihre Wege zur Freiheit.  Hier gibt es eine Leseprobe aus dem Interview mit John David Leseprobe PDF \u00a0\u00a0 \u00a0\u00a0 \u00a0Leseprobe ePub &nbsp;  Wenn du das Buch kaufen m\u00f6chtest, bitte hier klicken\" \/>\n<meta property=\"og:url\" content=\"https:\/\/openskypress.com\/de\/product\/leseprobe-john-david\/\" \/>\n<meta property=\"og:site_name\" content=\"Spiritual Books &amp; Films Online Shop #1 | Open Sky Press DE\" \/>\n<meta property=\"article:modified_time\" content=\"2026-01-22T09:03:48+00:00\" \/>\n<meta property=\"og:image\" content=\"https:\/\/openskypress.com\/wp-content\/uploads\/2021\/01\/Leseprobe-JD-Cover.jpg\" \/>\n\t<meta property=\"og:image:width\" content=\"490\" \/>\n\t<meta property=\"og:image:height\" content=\"740\" \/>\n\t<meta property=\"og:image:type\" content=\"image\/jpeg\" \/>\n<meta name=\"twitter:card\" content=\"summary_large_image\" \/>\n<meta name=\"twitter:label1\" content=\"Gesch\u00e4tzte Lesezeit\" \/>\n\t<meta name=\"twitter:data1\" content=\"1\u00a0Minute\" \/>\n<script type=\"application\/ld+json\" class=\"yoast-schema-graph\">{\"@context\":\"https:\/\/schema.org\",\"@graph\":[{\"@type\":\"WebPage\",\"@id\":\"https:\/\/openskypress.com\/de\/product\/leseprobe-john-david\/\",\"url\":\"https:\/\/openskypress.com\/de\/product\/leseprobe-john-david\/\",\"name\":\"Leseprobe - John David - Spiritual Books &amp; Films Online Shop #1 | Open Sky Press DE\",\"isPartOf\":{\"@id\":\"https:\/\/openskypress.com\/#website\"},\"primaryImageOfPage\":{\"@id\":\"https:\/\/openskypress.com\/de\/product\/leseprobe-john-david\/#primaryimage\"},\"image\":{\"@id\":\"https:\/\/openskypress.com\/de\/product\/leseprobe-john-david\/#primaryimage\"},\"thumbnailUrl\":\"https:\/\/openskypress.com\/wp-content\/uploads\/2021\/01\/Leseprobe-JD-Cover.jpg\",\"datePublished\":\"2021-01-24T16:52:38+00:00\",\"dateModified\":\"2026-01-22T09:03:48+00:00\",\"breadcrumb\":{\"@id\":\"https:\/\/openskypress.com\/de\/product\/leseprobe-john-david\/#breadcrumb\"},\"inLanguage\":\"de\",\"potentialAction\":[{\"@type\":\"ReadAction\",\"target\":[\"https:\/\/openskypress.com\/de\/product\/leseprobe-john-david\/\"]}]},{\"@type\":\"ImageObject\",\"inLanguage\":\"de\",\"@id\":\"https:\/\/openskypress.com\/de\/product\/leseprobe-john-david\/#primaryimage\",\"url\":\"https:\/\/openskypress.com\/wp-content\/uploads\/2021\/01\/Leseprobe-JD-Cover.jpg\",\"contentUrl\":\"https:\/\/openskypress.com\/wp-content\/uploads\/2021\/01\/Leseprobe-JD-Cover.jpg\",\"width\":490,\"height\":740,\"caption\":\"Leseprobe Cover John David\"},{\"@type\":\"BreadcrumbList\",\"@id\":\"https:\/\/openskypress.com\/de\/product\/leseprobe-john-david\/#breadcrumb\",\"itemListElement\":[{\"@type\":\"ListItem\",\"position\":1,\"name\":\"Home\",\"item\":\"https:\/\/openskypress.com\/es\/\"},{\"@type\":\"ListItem\",\"position\":2,\"name\":\"Shop\",\"item\":\"https:\/\/openskypress.com\/de\/shop\/\"},{\"@type\":\"ListItem\",\"position\":3,\"name\":\"Leseprobe &#8211; John David\"}]},{\"@type\":\"WebSite\",\"@id\":\"https:\/\/openskypress.com\/#website\",\"url\":\"https:\/\/openskypress.com\/\",\"name\":\"Spiritual Books & Films Online Shop #1 | Open Sky Press\",\"description\":\"Best store of Books &amp; DVDs about Satsang, Indian &amp; Western philosophy &amp; yoga. Spiritual teachers talks about awakening, enlightenment and mindfulness\",\"publisher\":{\"@id\":\"https:\/\/openskypress.com\/#organization\"},\"potentialAction\":[{\"@type\":\"SearchAction\",\"target\":{\"@type\":\"EntryPoint\",\"urlTemplate\":\"https:\/\/openskypress.com\/?s={search_term_string}\"},\"query-input\":{\"@type\":\"PropertyValueSpecification\",\"valueRequired\":true,\"valueName\":\"search_term_string\"}}],\"inLanguage\":\"de\"},{\"@type\":\"Organization\",\"@id\":\"https:\/\/openskypress.com\/#organization\",\"name\":\"Spiritual Books & Films Online Shop #1 | Open Sky Press\",\"url\":\"https:\/\/openskypress.com\/\",\"logo\":{\"@type\":\"ImageObject\",\"inLanguage\":\"de\",\"@id\":\"https:\/\/openskypress.com\/#\/schema\/logo\/image\/\",\"url\":\"https:\/\/openskypress.com\/wp-content\/uploads\/2020\/02\/logo-osp-1.png\",\"contentUrl\":\"https:\/\/openskypress.com\/wp-content\/uploads\/2020\/02\/logo-osp-1.png\",\"width\":222,\"height\":219,\"caption\":\"Spiritual Books & Films Online Shop #1 | Open Sky Press\"},\"image\":{\"@id\":\"https:\/\/openskypress.com\/#\/schema\/logo\/image\/\"}}]}<\/script>\n<!-- \/ Yoast SEO plugin. -->","yoast_head_json":{"title":"Leseprobe - John David - Spiritual Books &amp; Films Online Shop #1 | Open Sky Press DE","robots":{"index":"index","follow":"follow","max-snippet":"max-snippet:-1","max-image-preview":"max-image-preview:large","max-video-preview":"max-video-preview:-1"},"canonical":"https:\/\/openskypress.com\/de\/product\/leseprobe-john-david\/","og_locale":"de_DE","og_type":"article","og_title":"Leseprobe - John David - Spiritual Books &amp; Films Online Shop #1 | Open Sky Press DE","og_description":"Faszinierende Lebenswege von zehn spirituellen Lehrern unserer Zeit, die durch ihre Klarheit und Ausstrahlung viele Sucher inspirieren. Im Dialog mit John David geben sie einen tiefen Einblick in das Mysterium des Lebens und ihre Wege zur Freiheit.  Hier gibt es eine Leseprobe aus dem Interview mit John David Leseprobe PDF \u00a0\u00a0 \u00a0\u00a0 \u00a0Leseprobe ePub &nbsp;  Wenn du das Buch kaufen m\u00f6chtest, bitte hier klicken","og_url":"https:\/\/openskypress.com\/de\/product\/leseprobe-john-david\/","og_site_name":"Spiritual Books &amp; Films Online Shop #1 | Open Sky Press DE","article_modified_time":"2026-01-22T09:03:48+00:00","og_image":[{"width":490,"height":740,"url":"https:\/\/openskypress.com\/wp-content\/uploads\/2021\/01\/Leseprobe-JD-Cover.jpg","type":"image\/jpeg"}],"twitter_card":"summary_large_image","twitter_misc":{"Gesch\u00e4tzte Lesezeit":"1\u00a0Minute"},"schema":{"@context":"https:\/\/schema.org","@graph":[{"@type":"WebPage","@id":"https:\/\/openskypress.com\/de\/product\/leseprobe-john-david\/","url":"https:\/\/openskypress.com\/de\/product\/leseprobe-john-david\/","name":"Leseprobe - John David - Spiritual Books &amp; Films Online Shop #1 | Open Sky Press DE","isPartOf":{"@id":"https:\/\/openskypress.com\/#website"},"primaryImageOfPage":{"@id":"https:\/\/openskypress.com\/de\/product\/leseprobe-john-david\/#primaryimage"},"image":{"@id":"https:\/\/openskypress.com\/de\/product\/leseprobe-john-david\/#primaryimage"},"thumbnailUrl":"https:\/\/openskypress.com\/wp-content\/uploads\/2021\/01\/Leseprobe-JD-Cover.jpg","datePublished":"2021-01-24T16:52:38+00:00","dateModified":"2026-01-22T09:03:48+00:00","breadcrumb":{"@id":"https:\/\/openskypress.com\/de\/product\/leseprobe-john-david\/#breadcrumb"},"inLanguage":"de","potentialAction":[{"@type":"ReadAction","target":["https:\/\/openskypress.com\/de\/product\/leseprobe-john-david\/"]}]},{"@type":"ImageObject","inLanguage":"de","@id":"https:\/\/openskypress.com\/de\/product\/leseprobe-john-david\/#primaryimage","url":"https:\/\/openskypress.com\/wp-content\/uploads\/2021\/01\/Leseprobe-JD-Cover.jpg","contentUrl":"https:\/\/openskypress.com\/wp-content\/uploads\/2021\/01\/Leseprobe-JD-Cover.jpg","width":490,"height":740,"caption":"Leseprobe Cover John David"},{"@type":"BreadcrumbList","@id":"https:\/\/openskypress.com\/de\/product\/leseprobe-john-david\/#breadcrumb","itemListElement":[{"@type":"ListItem","position":1,"name":"Home","item":"https:\/\/openskypress.com\/es\/"},{"@type":"ListItem","position":2,"name":"Shop","item":"https:\/\/openskypress.com\/de\/shop\/"},{"@type":"ListItem","position":3,"name":"Leseprobe &#8211; John David"}]},{"@type":"WebSite","@id":"https:\/\/openskypress.com\/#website","url":"https:\/\/openskypress.com\/","name":"Spiritual Books & Films Online Shop #1 | Open Sky Press","description":"Best store of Books &amp; DVDs about Satsang, Indian &amp; Western philosophy &amp; yoga. Spiritual teachers talks about awakening, enlightenment and mindfulness","publisher":{"@id":"https:\/\/openskypress.com\/#organization"},"potentialAction":[{"@type":"SearchAction","target":{"@type":"EntryPoint","urlTemplate":"https:\/\/openskypress.com\/?s={search_term_string}"},"query-input":{"@type":"PropertyValueSpecification","valueRequired":true,"valueName":"search_term_string"}}],"inLanguage":"de"},{"@type":"Organization","@id":"https:\/\/openskypress.com\/#organization","name":"Spiritual Books & Films Online Shop #1 | Open Sky Press","url":"https:\/\/openskypress.com\/","logo":{"@type":"ImageObject","inLanguage":"de","@id":"https:\/\/openskypress.com\/#\/schema\/logo\/image\/","url":"https:\/\/openskypress.com\/wp-content\/uploads\/2020\/02\/logo-osp-1.png","contentUrl":"https:\/\/openskypress.com\/wp-content\/uploads\/2020\/02\/logo-osp-1.png","width":222,"height":219,"caption":"Spiritual Books & Films Online Shop #1 | Open Sky Press"},"image":{"@id":"https:\/\/openskypress.com\/#\/schema\/logo\/image\/"}}]}},"_links":{"self":[{"href":"https:\/\/openskypress.com\/de\/wp-json\/wp\/v2\/product\/11772","targetHints":{"allow":["GET"]}}],"collection":[{"href":"https:\/\/openskypress.com\/de\/wp-json\/wp\/v2\/product"}],"about":[{"href":"https:\/\/openskypress.com\/de\/wp-json\/wp\/v2\/types\/product"}],"replies":[{"embeddable":true,"href":"https:\/\/openskypress.com\/de\/wp-json\/wp\/v2\/comments?post=11772"}],"wp:featuredmedia":[{"embeddable":true,"href":"https:\/\/openskypress.com\/de\/wp-json\/wp\/v2\/media\/11774"}],"wp:attachment":[{"href":"https:\/\/openskypress.com\/de\/wp-json\/wp\/v2\/media?parent=11772"}],"wp:term":[{"taxonomy":"product_brand","embeddable":true,"href":"https:\/\/openskypress.com\/de\/wp-json\/wp\/v2\/product_brand?post=11772"},{"taxonomy":"product_cat","embeddable":true,"href":"https:\/\/openskypress.com\/de\/wp-json\/wp\/v2\/product_cat?post=11772"},{"taxonomy":"product_tag","embeddable":true,"href":"https:\/\/openskypress.com\/de\/wp-json\/wp\/v2\/product_tag?post=11772"}],"curies":[{"name":"wp","href":"https:\/\/api.w.org\/{rel}","templated":true}]}}