{"id":10790,"date":"2020-04-06T20:55:36","date_gmt":"2020-04-06T20:55:36","guid":{"rendered":"https:\/\/openskycharity.international\/?post_type=product&#038;p=10790"},"modified":"2026-01-22T09:04:44","modified_gmt":"2026-01-22T09:04:44","slug":"download-michael-barnett-begegnungen-mit-eindrucksvollen-menschen","status":"publish","type":"product","link":"https:\/\/openskypress.com\/de\/product\/download-michael-barnett-begegnungen-mit-eindrucksvollen-menschen\/","title":{"rendered":"Interview mit Michael Barnett"},"content":{"rendered":"<p><iframe src=\"https:\/\/player.vimeo.com\/video\/416684802\" width=\"820\" height=\"615\" frameborder=\"0\" allowfullscreen=\"allowfullscreen\"><\/iframe><\/p>\n\n    <div class=\"xs_social_share_widget xs_share_url after_content \t\tmain_content  wslu-style-1 wslu-share-box-shaped wslu-fill-colored wslu-none wslu-share-horizontal wslu-theme-font-no wslu-main_content\">\n\n\t\t\n        <ul>\n\t\t\t        <\/ul>\n    <\/div> \n","protected":false},"excerpt":{"rendered":"<p align=\"justify\">Begegnungen mit eindrucksvollen Menschen<\/p>\n<p align=\"justify\">Michael Barnett ist weltbekannt f\u00fcr seine intensive Energiearbeit. Schon in den 70iger Jahren war er ein Pionier der Energiearbeit und unter den wichtigsten Therapeuten w\u00e4hrend seiner Zeit mit Osho in Poona. In diesem faszinierenden Interview, welches ein paar Monate vor seinem Tod statt fand, erz\u00e4hlt er von seinem au\u00dfergew\u00f6hnlichem Leben. In einer brillanten und humorvollen Weise erkl\u00e4rt er das Mysterium der Resonanz und unserer Verbindung zur universellen Energie.<\/p>\n<p align=\"justify\"><em><i>Englisch mit deutschen Untertiteln<\/i><\/em><\/p>\n","protected":false},"featured_media":11469,"comment_status":"open","ping_status":"closed","template":"","meta":{"postBodyCss":"","postBodyMargin":[],"postBodyPadding":[],"postBodyBackground":{"backgroundType":"classic","gradient":""}},"product_brand":[],"product_cat":[388,777,778,389],"product_tag":[407,438,451,442,799,445,485,446,801,449,460,494],"class_list":{"0":"post-10790","1":"product","2":"type-product","3":"status-publish","4":"has-post-thumbnail","6":"product_cat-filme","7":"product_cat-john-david-dvds","8":"product_cat-open-sky-press-filme","9":"product_cat-filmdownloads","10":"product_tag-erleuchtung","11":"product_tag-freiheit","12":"product_tag-frieden","13":"product_tag-innerer-frieden","14":"product_tag-krishna-das","15":"product_tag-liebe","16":"product_tag-meister","17":"product_tag-mystik","18":"product_tag-neem-karoli-baba","19":"product_tag-nondualitat","20":"product_tag-stille","21":"product_tag-wahrheit","23":"first","24":"instock","25":"downloadable","26":"virtual","27":"taxable","28":"purchasable","29":"product-type-simple"},"yoast_head":"<!-- This site is optimized with the Yoast SEO plugin v26.6 - https:\/\/yoast.com\/wordpress\/plugins\/seo\/ -->\n<title>Interview mit Michael Barnett - Spiritual Books &amp; Films Online Shop #1 | Open Sky Press DE<\/title>\n<meta name=\"robots\" content=\"index, follow, max-snippet:-1, max-image-preview:large, max-video-preview:-1\" \/>\n<link rel=\"canonical\" href=\"https:\/\/openskypress.com\/de\/product\/download-michael-barnett-begegnungen-mit-eindrucksvollen-menschen\/\" \/>\n<meta property=\"og:locale\" content=\"de_DE\" \/>\n<meta property=\"og:type\" content=\"article\" \/>\n<meta property=\"og:title\" content=\"Interview mit Michael Barnett - Spiritual Books &amp; Films Online Shop #1 | Open Sky Press DE\" \/>\n<meta property=\"og:description\" content=\"Begegnungen mit eindrucksvollen Menschen Michael Barnett ist weltbekannt f\u00fcr seine intensive Energiearbeit. Schon in den 70iger Jahren war er ein Pionier der Energiearbeit und unter den wichtigsten Therapeuten w\u00e4hrend seiner Zeit mit Osho in Poona. In diesem faszinierenden Interview, welches ein paar Monate vor seinem Tod statt fand, erz\u00e4hlt er von seinem au\u00dfergew\u00f6hnlichem Leben. In einer brillanten und humorvollen Weise erkl\u00e4rt er das Mysterium der Resonanz und unserer Verbindung zur universellen Energie. Englisch mit deutschen Untertiteln\" \/>\n<meta property=\"og:url\" content=\"https:\/\/openskypress.com\/de\/product\/download-michael-barnett-begegnungen-mit-eindrucksvollen-menschen\/\" \/>\n<meta property=\"og:site_name\" content=\"Spiritual Books &amp; Films Online Shop #1 | Open Sky Press DE\" \/>\n<meta property=\"article:modified_time\" content=\"2026-01-22T09:04:44+00:00\" \/>\n<meta property=\"og:image\" content=\"https:\/\/openskypress.com\/wp-content\/uploads\/2020\/04\/Barnett-Small.png\" \/>\n\t<meta property=\"og:image:width\" content=\"868\" \/>\n\t<meta property=\"og:image:height\" content=\"1274\" \/>\n\t<meta property=\"og:image:type\" content=\"image\/png\" \/>\n<meta name=\"twitter:card\" content=\"summary_large_image\" \/>\n<script type=\"application\/ld+json\" class=\"yoast-schema-graph\">{\"@context\":\"https:\/\/schema.org\",\"@graph\":[{\"@type\":\"WebPage\",\"@id\":\"https:\/\/openskypress.com\/de\/product\/download-michael-barnett-begegnungen-mit-eindrucksvollen-menschen\/\",\"url\":\"https:\/\/openskypress.com\/de\/product\/download-michael-barnett-begegnungen-mit-eindrucksvollen-menschen\/\",\"name\":\"Interview mit Michael Barnett - Spiritual Books &amp; Films Online Shop #1 | Open Sky Press DE\",\"isPartOf\":{\"@id\":\"https:\/\/openskypress.com\/#website\"},\"primaryImageOfPage\":{\"@id\":\"https:\/\/openskypress.com\/de\/product\/download-michael-barnett-begegnungen-mit-eindrucksvollen-menschen\/#primaryimage\"},\"image\":{\"@id\":\"https:\/\/openskypress.com\/de\/product\/download-michael-barnett-begegnungen-mit-eindrucksvollen-menschen\/#primaryimage\"},\"thumbnailUrl\":\"https:\/\/openskypress.com\/wp-content\/uploads\/2020\/04\/Barnett-Small.png\",\"datePublished\":\"2020-04-06T20:55:36+00:00\",\"dateModified\":\"2026-01-22T09:04:44+00:00\",\"breadcrumb\":{\"@id\":\"https:\/\/openskypress.com\/de\/product\/download-michael-barnett-begegnungen-mit-eindrucksvollen-menschen\/#breadcrumb\"},\"inLanguage\":\"de\",\"potentialAction\":[{\"@type\":\"ReadAction\",\"target\":[\"https:\/\/openskypress.com\/de\/product\/download-michael-barnett-begegnungen-mit-eindrucksvollen-menschen\/\"]}]},{\"@type\":\"ImageObject\",\"inLanguage\":\"de\",\"@id\":\"https:\/\/openskypress.com\/de\/product\/download-michael-barnett-begegnungen-mit-eindrucksvollen-menschen\/#primaryimage\",\"url\":\"https:\/\/openskypress.com\/wp-content\/uploads\/2020\/04\/Barnett-Small.png\",\"contentUrl\":\"https:\/\/openskypress.com\/wp-content\/uploads\/2020\/04\/Barnett-Small.png\",\"width\":868,\"height\":1274},{\"@type\":\"BreadcrumbList\",\"@id\":\"https:\/\/openskypress.com\/de\/product\/download-michael-barnett-begegnungen-mit-eindrucksvollen-menschen\/#breadcrumb\",\"itemListElement\":[{\"@type\":\"ListItem\",\"position\":1,\"name\":\"Home\",\"item\":\"https:\/\/openskypress.com\/es\/\"},{\"@type\":\"ListItem\",\"position\":2,\"name\":\"Shop\",\"item\":\"https:\/\/openskypress.com\/de\/shop\/\"},{\"@type\":\"ListItem\",\"position\":3,\"name\":\"Interview mit Michael Barnett\"}]},{\"@type\":\"WebSite\",\"@id\":\"https:\/\/openskypress.com\/#website\",\"url\":\"https:\/\/openskypress.com\/\",\"name\":\"Spiritual Books & Films Online Shop #1 | Open Sky Press\",\"description\":\"Best store of Books &amp; DVDs about Satsang, Indian &amp; Western philosophy &amp; yoga. Spiritual teachers talks about awakening, enlightenment and mindfulness\",\"publisher\":{\"@id\":\"https:\/\/openskypress.com\/#organization\"},\"potentialAction\":[{\"@type\":\"SearchAction\",\"target\":{\"@type\":\"EntryPoint\",\"urlTemplate\":\"https:\/\/openskypress.com\/?s={search_term_string}\"},\"query-input\":{\"@type\":\"PropertyValueSpecification\",\"valueRequired\":true,\"valueName\":\"search_term_string\"}}],\"inLanguage\":\"de\"},{\"@type\":\"Organization\",\"@id\":\"https:\/\/openskypress.com\/#organization\",\"name\":\"Spiritual Books & Films Online Shop #1 | Open Sky Press\",\"url\":\"https:\/\/openskypress.com\/\",\"logo\":{\"@type\":\"ImageObject\",\"inLanguage\":\"de\",\"@id\":\"https:\/\/openskypress.com\/#\/schema\/logo\/image\/\",\"url\":\"https:\/\/openskypress.com\/wp-content\/uploads\/2020\/02\/logo-osp-1.png\",\"contentUrl\":\"https:\/\/openskypress.com\/wp-content\/uploads\/2020\/02\/logo-osp-1.png\",\"width\":222,\"height\":219,\"caption\":\"Spiritual Books & Films Online Shop #1 | Open Sky Press\"},\"image\":{\"@id\":\"https:\/\/openskypress.com\/#\/schema\/logo\/image\/\"}}]}<\/script>\n<!-- \/ Yoast SEO plugin. -->","yoast_head_json":{"title":"Interview mit Michael Barnett - Spiritual Books &amp; Films Online Shop #1 | Open Sky Press DE","robots":{"index":"index","follow":"follow","max-snippet":"max-snippet:-1","max-image-preview":"max-image-preview:large","max-video-preview":"max-video-preview:-1"},"canonical":"https:\/\/openskypress.com\/de\/product\/download-michael-barnett-begegnungen-mit-eindrucksvollen-menschen\/","og_locale":"de_DE","og_type":"article","og_title":"Interview mit Michael Barnett - Spiritual Books &amp; Films Online Shop #1 | Open Sky Press DE","og_description":"Begegnungen mit eindrucksvollen Menschen Michael Barnett ist weltbekannt f\u00fcr seine intensive Energiearbeit. Schon in den 70iger Jahren war er ein Pionier der Energiearbeit und unter den wichtigsten Therapeuten w\u00e4hrend seiner Zeit mit Osho in Poona. In diesem faszinierenden Interview, welches ein paar Monate vor seinem Tod statt fand, erz\u00e4hlt er von seinem au\u00dfergew\u00f6hnlichem Leben. In einer brillanten und humorvollen Weise erkl\u00e4rt er das Mysterium der Resonanz und unserer Verbindung zur universellen Energie. Englisch mit deutschen Untertiteln","og_url":"https:\/\/openskypress.com\/de\/product\/download-michael-barnett-begegnungen-mit-eindrucksvollen-menschen\/","og_site_name":"Spiritual Books &amp; Films Online Shop #1 | Open Sky Press DE","article_modified_time":"2026-01-22T09:04:44+00:00","og_image":[{"width":868,"height":1274,"url":"https:\/\/openskypress.com\/wp-content\/uploads\/2020\/04\/Barnett-Small.png","type":"image\/png"}],"twitter_card":"summary_large_image","schema":{"@context":"https:\/\/schema.org","@graph":[{"@type":"WebPage","@id":"https:\/\/openskypress.com\/de\/product\/download-michael-barnett-begegnungen-mit-eindrucksvollen-menschen\/","url":"https:\/\/openskypress.com\/de\/product\/download-michael-barnett-begegnungen-mit-eindrucksvollen-menschen\/","name":"Interview mit Michael Barnett - Spiritual Books &amp; Films Online Shop #1 | Open Sky Press DE","isPartOf":{"@id":"https:\/\/openskypress.com\/#website"},"primaryImageOfPage":{"@id":"https:\/\/openskypress.com\/de\/product\/download-michael-barnett-begegnungen-mit-eindrucksvollen-menschen\/#primaryimage"},"image":{"@id":"https:\/\/openskypress.com\/de\/product\/download-michael-barnett-begegnungen-mit-eindrucksvollen-menschen\/#primaryimage"},"thumbnailUrl":"https:\/\/openskypress.com\/wp-content\/uploads\/2020\/04\/Barnett-Small.png","datePublished":"2020-04-06T20:55:36+00:00","dateModified":"2026-01-22T09:04:44+00:00","breadcrumb":{"@id":"https:\/\/openskypress.com\/de\/product\/download-michael-barnett-begegnungen-mit-eindrucksvollen-menschen\/#breadcrumb"},"inLanguage":"de","potentialAction":[{"@type":"ReadAction","target":["https:\/\/openskypress.com\/de\/product\/download-michael-barnett-begegnungen-mit-eindrucksvollen-menschen\/"]}]},{"@type":"ImageObject","inLanguage":"de","@id":"https:\/\/openskypress.com\/de\/product\/download-michael-barnett-begegnungen-mit-eindrucksvollen-menschen\/#primaryimage","url":"https:\/\/openskypress.com\/wp-content\/uploads\/2020\/04\/Barnett-Small.png","contentUrl":"https:\/\/openskypress.com\/wp-content\/uploads\/2020\/04\/Barnett-Small.png","width":868,"height":1274},{"@type":"BreadcrumbList","@id":"https:\/\/openskypress.com\/de\/product\/download-michael-barnett-begegnungen-mit-eindrucksvollen-menschen\/#breadcrumb","itemListElement":[{"@type":"ListItem","position":1,"name":"Home","item":"https:\/\/openskypress.com\/es\/"},{"@type":"ListItem","position":2,"name":"Shop","item":"https:\/\/openskypress.com\/de\/shop\/"},{"@type":"ListItem","position":3,"name":"Interview mit Michael Barnett"}]},{"@type":"WebSite","@id":"https:\/\/openskypress.com\/#website","url":"https:\/\/openskypress.com\/","name":"Spiritual Books & Films Online Shop #1 | Open Sky Press","description":"Best store of Books &amp; DVDs about Satsang, Indian &amp; Western philosophy &amp; yoga. Spiritual teachers talks about awakening, enlightenment and mindfulness","publisher":{"@id":"https:\/\/openskypress.com\/#organization"},"potentialAction":[{"@type":"SearchAction","target":{"@type":"EntryPoint","urlTemplate":"https:\/\/openskypress.com\/?s={search_term_string}"},"query-input":{"@type":"PropertyValueSpecification","valueRequired":true,"valueName":"search_term_string"}}],"inLanguage":"de"},{"@type":"Organization","@id":"https:\/\/openskypress.com\/#organization","name":"Spiritual Books & Films Online Shop #1 | Open Sky Press","url":"https:\/\/openskypress.com\/","logo":{"@type":"ImageObject","inLanguage":"de","@id":"https:\/\/openskypress.com\/#\/schema\/logo\/image\/","url":"https:\/\/openskypress.com\/wp-content\/uploads\/2020\/02\/logo-osp-1.png","contentUrl":"https:\/\/openskypress.com\/wp-content\/uploads\/2020\/02\/logo-osp-1.png","width":222,"height":219,"caption":"Spiritual Books & Films Online Shop #1 | Open Sky Press"},"image":{"@id":"https:\/\/openskypress.com\/#\/schema\/logo\/image\/"}}]}},"_links":{"self":[{"href":"https:\/\/openskypress.com\/de\/wp-json\/wp\/v2\/product\/10790","targetHints":{"allow":["GET"]}}],"collection":[{"href":"https:\/\/openskypress.com\/de\/wp-json\/wp\/v2\/product"}],"about":[{"href":"https:\/\/openskypress.com\/de\/wp-json\/wp\/v2\/types\/product"}],"replies":[{"embeddable":true,"href":"https:\/\/openskypress.com\/de\/wp-json\/wp\/v2\/comments?post=10790"}],"wp:featuredmedia":[{"embeddable":true,"href":"https:\/\/openskypress.com\/de\/wp-json\/wp\/v2\/media\/11469"}],"wp:attachment":[{"href":"https:\/\/openskypress.com\/de\/wp-json\/wp\/v2\/media?parent=10790"}],"wp:term":[{"taxonomy":"product_brand","embeddable":true,"href":"https:\/\/openskypress.com\/de\/wp-json\/wp\/v2\/product_brand?post=10790"},{"taxonomy":"product_cat","embeddable":true,"href":"https:\/\/openskypress.com\/de\/wp-json\/wp\/v2\/product_cat?post=10790"},{"taxonomy":"product_tag","embeddable":true,"href":"https:\/\/openskypress.com\/de\/wp-json\/wp\/v2\/product_tag?post=10790"}],"curies":[{"name":"wp","href":"https:\/\/api.w.org\/{rel}","templated":true}]}}