{"id":10637,"date":"2020-03-15T19:00:00","date_gmt":"2020-03-15T19:00:00","guid":{"rendered":"https:\/\/openskycharity.international\/?post_type=product&#038;p=10637"},"modified":"2026-01-22T09:04:45","modified_gmt":"2026-01-22T09:04:45","slug":"ramana-maharshi-und-der-weg-der-selbsterkenntnis","status":"publish","type":"product","link":"https:\/\/openskypress.com\/de\/product\/ramana-maharshi-und-der-weg-der-selbsterkenntnis\/","title":{"rendered":"Ramana Maharshi und der Weg der Selbsterkenntnis"},"content":{"rendered":"<p>Ramana Maharshi wurde 1879 in einem kleinen Dorf in S\u00fcdindien geboren. Mit siebzehn Jahren verwirklichte er das Selbst, ausgel\u00f6st von einer ungew\u00f6hnlichen Todeserfahrung. Daraufhin ging er von Zuhause fort und lie\u00df sich auf bzw. am Berg Arunachala in Tiruvannamalai nieder, zu dem er sich unwiderstehlich hingezogen f\u00fchlte und wo er bis zu seinem Tod 1950 blieb. Er lehrte die reinste Form von Advaita (Non-Dualit\u00e4t) durch die einfache Methode der Selbsterforschung. Er f\u00fchrte seine Sch\u00fcler sehr pers\u00f6nlich, obwohl er sich selbst nie einem Guru nannte und von ihnen nie als seinen Sch\u00fclern sprach.<br \/>\nDer Engl\u00e4nder Arthur Osborne kam 1945 nach Tiruvannamalai und lebte bis Ende 1948 mit seiner Familie in unmittelbarer N\u00e4he von Ramana Maharshi. Als er anschlie\u00dfend in Madras eine Anstellung erhielt, besuchte er seinen Meister so oft er es erm\u00f6glichen konnte. Ramana Maharshi starb 1950 an einem Krebsgeschw\u00fcr. Vier Jahre sp\u00e4ter ver\u00f6ffentlichte Arthur Osborne die erste vollst\u00e4ndige Biografie &#8218;Ramana Maharshi and the Path of Self-Knowledge&#8216;, in der er nicht nur das biografische Material, das er vorfand, verarbeitete, sondern auch seine eigene Erfahrung mit seinem Meister schilderte.<\/p>\n\n    <div class=\"xs_social_share_widget xs_share_url after_content \t\tmain_content  wslu-style-1 wslu-share-box-shaped wslu-fill-colored wslu-none wslu-share-horizontal wslu-theme-font-no wslu-main_content\">\n\n\t\t\n        <ul>\n\t\t\t        <\/ul>\n    <\/div> \n","protected":false},"excerpt":{"rendered":"<p>Ramana Maharshi und der Weg der Selbsterkenntnis geh\u00f6rt zu den unsterblichen Klassikern der Literatur \u00fcber Ramana Maharshi.<\/p>\n<p>Arthur Osborne verarbeitete in dieser Biografie nicht nur das biografische Material, das er vorfand, sondern schilderte auch seine eigene Erfahrung mit seinem Meister.<\/p>\n","protected":false},"featured_media":10587,"comment_status":"open","ping_status":"closed","template":"","meta":{"postBodyCss":"","postBodyMargin":[],"postBodyPadding":[],"postBodyBackground":{"backgroundType":"classic","gradient":""}},"product_brand":[],"product_cat":[369,384],"product_tag":[1031,1029,425,1032,494],"class_list":{"0":"post-10637","1":"product","2":"type-product","3":"status-publish","4":"has-post-thumbnail","6":"product_cat-bucher","7":"product_cat-ramana-maharshi-de","8":"product_tag-arthur-osborne","9":"product_tag-non-dualitaet","10":"product_tag-selbst-realisation","11":"product_tag-selbsterkenntnis","12":"product_tag-wahrheit","14":"first","15":"outofstock","16":"taxable","17":"shipping-taxable","18":"purchasable","19":"product-type-simple"},"yoast_head":"<!-- This site is optimized with the Yoast SEO plugin v26.6 - https:\/\/yoast.com\/wordpress\/plugins\/seo\/ -->\n<title>Ramana Maharshi und der Weg der Selbsterkenntnis - Spiritual Books &amp; Films Online Shop #1 | Open Sky Press DE<\/title>\n<meta name=\"robots\" content=\"index, follow, max-snippet:-1, max-image-preview:large, max-video-preview:-1\" \/>\n<link rel=\"canonical\" href=\"https:\/\/openskypress.com\/de\/product\/ramana-maharshi-und-der-weg-der-selbsterkenntnis\/\" \/>\n<meta property=\"og:locale\" content=\"de_DE\" \/>\n<meta property=\"og:type\" content=\"article\" \/>\n<meta property=\"og:title\" content=\"Ramana Maharshi und der Weg der Selbsterkenntnis - Spiritual Books &amp; Films Online Shop #1 | Open Sky Press DE\" \/>\n<meta property=\"og:description\" content=\"Ramana Maharshi und der Weg der Selbsterkenntnis geh\u00f6rt zu den unsterblichen Klassikern der Literatur \u00fcber Ramana Maharshi.  Arthur Osborne verarbeitete in dieser Biografie nicht nur das biografische Material, das er vorfand, sondern schilderte auch seine eigene Erfahrung mit seinem Meister.\" \/>\n<meta property=\"og:url\" content=\"https:\/\/openskypress.com\/de\/product\/ramana-maharshi-und-der-weg-der-selbsterkenntnis\/\" \/>\n<meta property=\"og:site_name\" content=\"Spiritual Books &amp; Films Online Shop #1 | Open Sky Press DE\" \/>\n<meta property=\"article:modified_time\" content=\"2026-01-22T09:04:45+00:00\" \/>\n<meta property=\"og:image\" content=\"https:\/\/openskypress.com\/wp-content\/uploads\/2020\/03\/ramana-maharshi-selbsterkenntnis.jpg\" \/>\n\t<meta property=\"og:image:width\" content=\"490\" \/>\n\t<meta property=\"og:image:height\" content=\"720\" \/>\n\t<meta property=\"og:image:type\" content=\"image\/jpeg\" \/>\n<meta name=\"twitter:card\" content=\"summary_large_image\" \/>\n<meta name=\"twitter:label1\" content=\"Gesch\u00e4tzte Lesezeit\" \/>\n\t<meta name=\"twitter:data1\" content=\"1\u00a0Minute\" \/>\n<script type=\"application\/ld+json\" class=\"yoast-schema-graph\">{\"@context\":\"https:\/\/schema.org\",\"@graph\":[{\"@type\":\"WebPage\",\"@id\":\"https:\/\/openskypress.com\/de\/product\/ramana-maharshi-und-der-weg-der-selbsterkenntnis\/\",\"url\":\"https:\/\/openskypress.com\/de\/product\/ramana-maharshi-und-der-weg-der-selbsterkenntnis\/\",\"name\":\"Ramana Maharshi und der Weg der Selbsterkenntnis - Spiritual Books &amp; Films Online Shop #1 | Open Sky Press DE\",\"isPartOf\":{\"@id\":\"https:\/\/openskypress.com\/#website\"},\"primaryImageOfPage\":{\"@id\":\"https:\/\/openskypress.com\/de\/product\/ramana-maharshi-und-der-weg-der-selbsterkenntnis\/#primaryimage\"},\"image\":{\"@id\":\"https:\/\/openskypress.com\/de\/product\/ramana-maharshi-und-der-weg-der-selbsterkenntnis\/#primaryimage\"},\"thumbnailUrl\":\"https:\/\/openskypress.com\/wp-content\/uploads\/2020\/03\/ramana-maharshi-selbsterkenntnis.jpg\",\"datePublished\":\"2020-03-15T19:00:00+00:00\",\"dateModified\":\"2026-01-22T09:04:45+00:00\",\"breadcrumb\":{\"@id\":\"https:\/\/openskypress.com\/de\/product\/ramana-maharshi-und-der-weg-der-selbsterkenntnis\/#breadcrumb\"},\"inLanguage\":\"de\",\"potentialAction\":[{\"@type\":\"ReadAction\",\"target\":[\"https:\/\/openskypress.com\/de\/product\/ramana-maharshi-und-der-weg-der-selbsterkenntnis\/\"]}]},{\"@type\":\"ImageObject\",\"inLanguage\":\"de\",\"@id\":\"https:\/\/openskypress.com\/de\/product\/ramana-maharshi-und-der-weg-der-selbsterkenntnis\/#primaryimage\",\"url\":\"https:\/\/openskypress.com\/wp-content\/uploads\/2020\/03\/ramana-maharshi-selbsterkenntnis.jpg\",\"contentUrl\":\"https:\/\/openskypress.com\/wp-content\/uploads\/2020\/03\/ramana-maharshi-selbsterkenntnis.jpg\",\"width\":490,\"height\":720,\"caption\":\"Buch Ramana Maharshi und der Weg der Selbsterkenntnis\"},{\"@type\":\"BreadcrumbList\",\"@id\":\"https:\/\/openskypress.com\/de\/product\/ramana-maharshi-und-der-weg-der-selbsterkenntnis\/#breadcrumb\",\"itemListElement\":[{\"@type\":\"ListItem\",\"position\":1,\"name\":\"Home\",\"item\":\"https:\/\/openskypress.com\/es\/\"},{\"@type\":\"ListItem\",\"position\":2,\"name\":\"Shop\",\"item\":\"https:\/\/openskypress.com\/de\/shop\/\"},{\"@type\":\"ListItem\",\"position\":3,\"name\":\"Ramana Maharshi und der Weg der Selbsterkenntnis\"}]},{\"@type\":\"WebSite\",\"@id\":\"https:\/\/openskypress.com\/#website\",\"url\":\"https:\/\/openskypress.com\/\",\"name\":\"Spiritual Books & Films Online Shop #1 | Open Sky Press\",\"description\":\"Best store of Books &amp; DVDs about Satsang, Indian &amp; Western philosophy &amp; yoga. Spiritual teachers talks about awakening, enlightenment and mindfulness\",\"publisher\":{\"@id\":\"https:\/\/openskypress.com\/#organization\"},\"potentialAction\":[{\"@type\":\"SearchAction\",\"target\":{\"@type\":\"EntryPoint\",\"urlTemplate\":\"https:\/\/openskypress.com\/?s={search_term_string}\"},\"query-input\":{\"@type\":\"PropertyValueSpecification\",\"valueRequired\":true,\"valueName\":\"search_term_string\"}}],\"inLanguage\":\"de\"},{\"@type\":\"Organization\",\"@id\":\"https:\/\/openskypress.com\/#organization\",\"name\":\"Spiritual Books & Films Online Shop #1 | Open Sky Press\",\"url\":\"https:\/\/openskypress.com\/\",\"logo\":{\"@type\":\"ImageObject\",\"inLanguage\":\"de\",\"@id\":\"https:\/\/openskypress.com\/#\/schema\/logo\/image\/\",\"url\":\"https:\/\/openskypress.com\/wp-content\/uploads\/2020\/02\/logo-osp-1.png\",\"contentUrl\":\"https:\/\/openskypress.com\/wp-content\/uploads\/2020\/02\/logo-osp-1.png\",\"width\":222,\"height\":219,\"caption\":\"Spiritual Books & Films Online Shop #1 | Open Sky Press\"},\"image\":{\"@id\":\"https:\/\/openskypress.com\/#\/schema\/logo\/image\/\"}}]}<\/script>\n<!-- \/ Yoast SEO plugin. -->","yoast_head_json":{"title":"Ramana Maharshi und der Weg der Selbsterkenntnis - Spiritual Books &amp; Films Online Shop #1 | Open Sky Press DE","robots":{"index":"index","follow":"follow","max-snippet":"max-snippet:-1","max-image-preview":"max-image-preview:large","max-video-preview":"max-video-preview:-1"},"canonical":"https:\/\/openskypress.com\/de\/product\/ramana-maharshi-und-der-weg-der-selbsterkenntnis\/","og_locale":"de_DE","og_type":"article","og_title":"Ramana Maharshi und der Weg der Selbsterkenntnis - Spiritual Books &amp; Films Online Shop #1 | Open Sky Press DE","og_description":"Ramana Maharshi und der Weg der Selbsterkenntnis geh\u00f6rt zu den unsterblichen Klassikern der Literatur \u00fcber Ramana Maharshi.  Arthur Osborne verarbeitete in dieser Biografie nicht nur das biografische Material, das er vorfand, sondern schilderte auch seine eigene Erfahrung mit seinem Meister.","og_url":"https:\/\/openskypress.com\/de\/product\/ramana-maharshi-und-der-weg-der-selbsterkenntnis\/","og_site_name":"Spiritual Books &amp; Films Online Shop #1 | Open Sky Press DE","article_modified_time":"2026-01-22T09:04:45+00:00","og_image":[{"width":490,"height":720,"url":"https:\/\/openskypress.com\/wp-content\/uploads\/2020\/03\/ramana-maharshi-selbsterkenntnis.jpg","type":"image\/jpeg"}],"twitter_card":"summary_large_image","twitter_misc":{"Gesch\u00e4tzte Lesezeit":"1\u00a0Minute"},"schema":{"@context":"https:\/\/schema.org","@graph":[{"@type":"WebPage","@id":"https:\/\/openskypress.com\/de\/product\/ramana-maharshi-und-der-weg-der-selbsterkenntnis\/","url":"https:\/\/openskypress.com\/de\/product\/ramana-maharshi-und-der-weg-der-selbsterkenntnis\/","name":"Ramana Maharshi und der Weg der Selbsterkenntnis - Spiritual Books &amp; Films Online Shop #1 | Open Sky Press DE","isPartOf":{"@id":"https:\/\/openskypress.com\/#website"},"primaryImageOfPage":{"@id":"https:\/\/openskypress.com\/de\/product\/ramana-maharshi-und-der-weg-der-selbsterkenntnis\/#primaryimage"},"image":{"@id":"https:\/\/openskypress.com\/de\/product\/ramana-maharshi-und-der-weg-der-selbsterkenntnis\/#primaryimage"},"thumbnailUrl":"https:\/\/openskypress.com\/wp-content\/uploads\/2020\/03\/ramana-maharshi-selbsterkenntnis.jpg","datePublished":"2020-03-15T19:00:00+00:00","dateModified":"2026-01-22T09:04:45+00:00","breadcrumb":{"@id":"https:\/\/openskypress.com\/de\/product\/ramana-maharshi-und-der-weg-der-selbsterkenntnis\/#breadcrumb"},"inLanguage":"de","potentialAction":[{"@type":"ReadAction","target":["https:\/\/openskypress.com\/de\/product\/ramana-maharshi-und-der-weg-der-selbsterkenntnis\/"]}]},{"@type":"ImageObject","inLanguage":"de","@id":"https:\/\/openskypress.com\/de\/product\/ramana-maharshi-und-der-weg-der-selbsterkenntnis\/#primaryimage","url":"https:\/\/openskypress.com\/wp-content\/uploads\/2020\/03\/ramana-maharshi-selbsterkenntnis.jpg","contentUrl":"https:\/\/openskypress.com\/wp-content\/uploads\/2020\/03\/ramana-maharshi-selbsterkenntnis.jpg","width":490,"height":720,"caption":"Buch Ramana Maharshi und der Weg der Selbsterkenntnis"},{"@type":"BreadcrumbList","@id":"https:\/\/openskypress.com\/de\/product\/ramana-maharshi-und-der-weg-der-selbsterkenntnis\/#breadcrumb","itemListElement":[{"@type":"ListItem","position":1,"name":"Home","item":"https:\/\/openskypress.com\/es\/"},{"@type":"ListItem","position":2,"name":"Shop","item":"https:\/\/openskypress.com\/de\/shop\/"},{"@type":"ListItem","position":3,"name":"Ramana Maharshi und der Weg der Selbsterkenntnis"}]},{"@type":"WebSite","@id":"https:\/\/openskypress.com\/#website","url":"https:\/\/openskypress.com\/","name":"Spiritual Books & Films Online Shop #1 | Open Sky Press","description":"Best store of Books &amp; DVDs about Satsang, Indian &amp; Western philosophy &amp; yoga. Spiritual teachers talks about awakening, enlightenment and mindfulness","publisher":{"@id":"https:\/\/openskypress.com\/#organization"},"potentialAction":[{"@type":"SearchAction","target":{"@type":"EntryPoint","urlTemplate":"https:\/\/openskypress.com\/?s={search_term_string}"},"query-input":{"@type":"PropertyValueSpecification","valueRequired":true,"valueName":"search_term_string"}}],"inLanguage":"de"},{"@type":"Organization","@id":"https:\/\/openskypress.com\/#organization","name":"Spiritual Books & Films Online Shop #1 | Open Sky Press","url":"https:\/\/openskypress.com\/","logo":{"@type":"ImageObject","inLanguage":"de","@id":"https:\/\/openskypress.com\/#\/schema\/logo\/image\/","url":"https:\/\/openskypress.com\/wp-content\/uploads\/2020\/02\/logo-osp-1.png","contentUrl":"https:\/\/openskypress.com\/wp-content\/uploads\/2020\/02\/logo-osp-1.png","width":222,"height":219,"caption":"Spiritual Books & Films Online Shop #1 | Open Sky Press"},"image":{"@id":"https:\/\/openskypress.com\/#\/schema\/logo\/image\/"}}]}},"_links":{"self":[{"href":"https:\/\/openskypress.com\/de\/wp-json\/wp\/v2\/product\/10637","targetHints":{"allow":["GET"]}}],"collection":[{"href":"https:\/\/openskypress.com\/de\/wp-json\/wp\/v2\/product"}],"about":[{"href":"https:\/\/openskypress.com\/de\/wp-json\/wp\/v2\/types\/product"}],"replies":[{"embeddable":true,"href":"https:\/\/openskypress.com\/de\/wp-json\/wp\/v2\/comments?post=10637"}],"wp:featuredmedia":[{"embeddable":true,"href":"https:\/\/openskypress.com\/de\/wp-json\/wp\/v2\/media\/10587"}],"wp:attachment":[{"href":"https:\/\/openskypress.com\/de\/wp-json\/wp\/v2\/media?parent=10637"}],"wp:term":[{"taxonomy":"product_brand","embeddable":true,"href":"https:\/\/openskypress.com\/de\/wp-json\/wp\/v2\/product_brand?post=10637"},{"taxonomy":"product_cat","embeddable":true,"href":"https:\/\/openskypress.com\/de\/wp-json\/wp\/v2\/product_cat?post=10637"},{"taxonomy":"product_tag","embeddable":true,"href":"https:\/\/openskypress.com\/de\/wp-json\/wp\/v2\/product_tag?post=10637"}],"curies":[{"name":"wp","href":"https:\/\/api.w.org\/{rel}","templated":true}]}}